{"id":611,"date":"2025-02-06T20:10:30","date_gmt":"2025-02-06T20:10:30","guid":{"rendered":"https:\/\/exoticchemicals.com\/about-us-2\/"},"modified":"2026-04-17T15:52:10","modified_gmt":"2026-04-17T15:52:10","slug":"trusted-mdphp-hydrochloride-supplier-about-us-2","status":"publish","type":"page","link":"https:\/\/exoticchemicals.com\/cs\/trusted-mdphp-hydrochloride-supplier-about-us-2\/","title":{"rendered":"O n\u00e1s"},"content":{"rendered":"<div class=\"wp-block-uagb-container uagb-block-520e2490 alignfull uagb-is-root-container\"><div class=\"uagb-container-inner-blocks-wrap\">\n<div class=\"wp-block-uagb-advanced-heading uagb-block-2017abad\"><h1 class=\"uagb-heading-text\">O n\u00e1s<\/h1><\/div>\n<\/div><\/div>\n\n\n\n<div class=\"wp-block-uagb-container uagb-block-8f655b5d alignfull uagb-is-root-container\"><div class=\"uagb-container-inner-blocks-wrap\">\n<div class=\"wp-block-uagb-container uagb-block-ef5c793b\">\n<div class=\"wp-block-uagb-advanced-heading uagb-block-968e99ff\"><h3 class=\"uagb-heading-text\">Exotick\u00e9 chemik\u00e1lie | Rychl\u00e1, diskr\u00e9tn\u00ed a bezpe\u010dn\u00e1 doprava po cel\u00e9m sv\u011bt\u011b  <\/h3><\/div>\n<\/div>\n\n\n\n<div class=\"wp-block-uagb-container uagb-block-5e4cc404\">\n<div class=\"wp-block-uagb-advanced-heading uagb-block-fed986a5\"><p class=\"uagb-heading-text\">Your premier and Trusted MDPHP Hydrochloride supplier and other high-quality research chemicals. We specialize in providing pure, lab-tested MDPHP Hydrochloride for sale , Ketamine , LSD , XANAX , Sleeping pills and many other rare pills and medicine without prior prescription needed at the most affordable prices, ensuring that our customers receive top-grade products with guaranteed purity and potency, ensuring and <a href=\"https:\/\/exoticchemicals.com\/cs\/high-quality-research-chemicals\/\" type=\"link\" id=\"https:\/\/exoticchemicals.com\/high-quality-research-chemicals\/\">supporting legal scientific applications<\/a>.<\/p><\/div>\n\n\n\n<p>At Exotic Chemicals, we pride ourselves on offering a safe, discreet, and reliable online platform where customers can buy MDPHP Hydrochloride with express shipping worldwide from a Trusted MDPHP Hydrochloride supplier. <a href=\"https:\/\/exoticchemicals.com\/cs\/high-quality-research-chemicals\/\" type=\"link\" id=\"https:\/\/exoticchemicals.com\/high-quality-research-chemicals\/\">We are your trusted supplier for research chemicals<\/a>. We ensure secure and stealth packaging, making every order private and untraceable for your peace of mind. Check out our shop to know all he different types of rare chemicals for sale , pills , powders, shrooms and many others.<\/p>\n\n\n\n<div class=\"wp-block-uagb-buttons uagb-buttons__outer-wrap uagb-btn__default-btn uagb-btn-tablet__default-btn uagb-btn-mobile__default-btn uagb-block-0a8bda72\"><div class=\"uagb-buttons__wrap uagb-buttons-layout-wrap\">\n<div class=\"wp-block-uagb-buttons-child uagb-buttons__outer-wrap uagb-block-3ee676bd wp-block-button\"><div class=\"uagb-button__wrapper\"><a class=\"uagb-buttons-repeater wp-block-button__link\" aria-label=\"\" href=\"https:\/\/exoticchemicals.com\/cs\/obchod\/\" rel=\"follow noopener\" target=\"_self\" role=\"button\"><div class=\"uagb-button__link\">P\u0159e\u010dt\u011bte si v\u00edce<\/div><\/a><\/div><\/div>\n<\/div><\/div>\n<\/div>\n<\/div><\/div>\n\n\n\n<div class=\"wp-block-uagb-container uagb-block-4cb98ea9 alignfull uagb-is-root-container\"><div class=\"uagb-container-inner-blocks-wrap\">\n<div class=\"wp-block-uagb-advanced-heading uagb-block-6e62113e\"><h2 class=\"uagb-heading-text\">Pro\u010d si vybrat n\u00e1s pro n\u00e1kup MDPHP<\/h2><p class=\"uagb-desc-text\">A\u0165 u\u017e si chcete koupit MDPHP hydrochlorid online pro v\u00fdzkum nebo pr\u016fmyslov\u00e9 pou\u017eit\u00ed, Exotic Chemicals zaru\u010duje bezpe\u010dn\u00e9 dod\u00e1n\u00ed, vysoce kvalitn\u00ed produkty a v\u00fdjime\u010dn\u00e9 kvality. <a href=\"https:\/\/www.nottingham.ac.uk\/chemistry-bpu\/services-for-business\/4.nottingham-research-chemicals.aspx\">slu\u017eby z\u00e1kazn\u00edk\u016fm<\/a>. Order now and experience the best online source for MDPHP Hydrochloride, <a href=\"https:\/\/exoticchemicals.com\/cs\/high-quality-research-chemicals\/\" type=\"link\" id=\"https:\/\/exoticchemicals.com\/high-quality-research-chemicals\/\">our commitment to responsible research use<\/a> with fast, discreet, and secure worldwide shipping. Trusted MDPHP Hydrochloride supplier.<\/p><\/div>\n\n\n\n<div class=\"wp-block-uagb-image aligncenter uagb-block-23e113bb wp-block-uagb-image--layout-default wp-block-uagb-image--effect-static wp-block-uagb-image--align-center\"><figure class=\"wp-block-uagb-image__figure\"><img loading=\"lazy\" decoding=\"async\" srcset=\"https:\/\/exoticchemicals.com\/wp-content\/uploads\/2025\/02\/pexels-photo-7230894-7230894-1024x683.jpg ,https:\/\/exoticchemicals.com\/wp-content\/uploads\/2025\/02\/pexels-photo-7230894-7230894-scaled.jpg 780w, https:\/\/exoticchemicals.com\/wp-content\/uploads\/2025\/02\/pexels-photo-7230894-7230894-scaled.jpg 360w\" sizes=\"auto, (max-width: 480px) 150px\" src=\"https:\/\/exoticchemicals.com\/wp-content\/uploads\/2025\/02\/pexels-photo-7230894-7230894-1024x683.jpg\" alt=\"D\u016fv\u011bryhodn\u00fd dodavatel MDPHP hydrochloridu\" class=\"uag-image-4523\" width=\"1024\" height=\"683\" title=\"D\u016fv\u011bryhodn\u00fd dodavatel MDPHP hydrochloridu\" role=\"img\"\/><\/figure><\/div>\n\n\n\n<div class=\"wp-block-uagb-container uagb-block-5a13d703\">\n<p class=\"has-text-align-center\">\u2714 <strong>Vysoce kvalitn\u00ed MDPHP hydrochlorid na prodej<\/strong> : Laboratorn\u011b testov\u00e1no a ov\u011b\u0159eno na vysokou \u010distotu.              \u2714 <strong>Velkoobchodn\u00ed a hromadn\u00e9 dod\u00e1vky<\/strong> : Z\u00edskat <strong>MDPHP hydrochlorid ve velk\u00e9m<\/strong> na adrese <strong>konkuren\u010dn\u00ed ceny<\/strong><\/p>\n\n\n\n<p class=\"has-text-align-center\">\u2714 <strong>Dostupn\u00e9 ceny<\/strong> : Konkuren\u010dn\u00ed ceny pro hromadn\u00e9 a mal\u00e9 objedn\u00e1vky.<br>\u2714 <strong>Rychl\u00e1 a diskr\u00e9tn\u00ed p\u0159eprava<\/strong> : Expresn\u00ed doru\u010den\u00ed po cel\u00e9m sv\u011bt\u011b se skryt\u00fdm balen\u00edm.<\/p>\n\n\n\n<p class=\"has-text-align-center\">\u2714 <strong>Spolehliv\u00e9 a bezpe\u010dn\u00e9 transakce<\/strong> :  V\u00edce mo\u017enost\u00ed platby pro bezprobl\u00e9mov\u00e9 objedn\u00e1n\u00ed.<br>\u2714 <strong>Glob\u00e1ln\u00ed z\u00e1sobov\u00e1n\u00ed<\/strong>: Dod\u00e1v\u00e1me do <strong>USA, Velk\u00e1 Brit\u00e1nie, Kanada, Evropa a dal\u0161\u00ed zem\u011b<\/strong>.<\/p>\n<\/div>\n<\/div><\/div>\n\n\n\n<div class=\"wp-block-uagb-container uagb-block-2f328874 alignfull uagb-is-root-container\"><div class=\"uagb-container-inner-blocks-wrap\">\n<div class=\"wp-block-uagb-advanced-heading uagb-block-ff6d4cbd\"><h2 class=\"uagb-heading-text\">Koupit nyn\u00ed!<\/h2><p class=\"uagb-desc-text\"><strong>Koupit \u010distou MDMA online diskr\u00e9tn\u011b - vysoce kvalitn\u00ed MDMA na prodej<\/strong> \ud83d\udc8a\ud83d\udd12 | Objedn\u00e1vka <a href=\"https:\/\/www.nottingham.ac.uk\/chemistry-bpu\/services-for-business\/4.nottingham-research-chemicals.aspx\"><strong>\u010dist\u00e9 krystaly MDMA<\/strong> od a <strong>d\u016fv\u011bryhodn\u00fd dodavatel<\/strong><\/a> s <strong>bezpe\u010dn\u00e1 a diskr\u00e9tn\u00ed doprava po cel\u00e9m sv\u011bt\u011b<\/strong>. Z\u00edskat <strong>laboratorn\u011b testovan\u00fd, vysoce \u010dist\u00fd MDMA<\/strong> na <strong>nejlep\u0161\u00ed ceny<\/strong>. <strong>Rychl\u00e9 dod\u00e1n\u00ed a bezpe\u010dn\u00e9 mo\u017enosti platby<\/strong> k dispozici! \ud83d\ude80 #BuyMDMAOnline #MDMAForSale #PureMDMA<\/p><\/div>\n<\/div><\/div>","protected":false},"excerpt":{"rendered":"<p>About Us Exotic Chemicals | Fast, Discreet, and Secure Worldwide Shipping Your premier and Trusted MDPHP Hydrochloride supplier and other high-quality research chemicals. We specialize in providing pure, lab-tested MDPHP Hydrochloride for sale , Ketamine , LSD , XANAX , Sleeping pills and many other rare pills and medicine without prior prescription needed at the [&hellip;]<\/p>\n","protected":false},"author":1,"featured_media":0,"parent":0,"menu_order":0,"comment_status":"closed","ping_status":"closed","template":"","meta":{"_uag_custom_page_level_css":"","site-sidebar-layout":"default","site-content-layout":"plain-container","ast-site-content-layout":"normal-width-container","site-content-style":"unboxed","site-sidebar-style":"unboxed","ast-global-header-display":"","ast-banner-title-visibility":"","ast-main-header-display":"","ast-hfb-above-header-display":"","ast-hfb-below-header-display":"","ast-hfb-mobile-header-display":"","site-post-title":"disabled","ast-breadcrumbs-content":"","ast-featured-img":"","footer-sml-layout":"","theme-transparent-header-meta":"","adv-header-id-meta":"","stick-header-meta":"","header-above-stick-meta":"","header-main-stick-meta":"","header-below-stick-meta":"","astra-migrate-meta-layouts":"set","ast-page-background-enabled":"default","ast-page-background-meta":{"desktop":{"background-color":"","background-image":"","background-repeat":"repeat","background-position":"center center","background-size":"auto","background-attachment":"scroll","background-type":"","background-media":"","overlay-type":"","overlay-color":"","overlay-opacity":"","overlay-gradient":""},"tablet":{"background-color":"","background-image":"","background-repeat":"repeat","background-position":"center center","background-size":"auto","background-attachment":"scroll","background-type":"","background-media":"","overlay-type":"","overlay-color":"","overlay-opacity":"","overlay-gradient":""},"mobile":{"background-color":"","background-image":"","background-repeat":"repeat","background-position":"center center","background-size":"auto","background-attachment":"scroll","background-type":"","background-media":"","overlay-type":"","overlay-color":"","overlay-opacity":"","overlay-gradient":""}},"ast-content-background-meta":{"desktop":{"background-color":"var(--ast-global-color-5)","background-image":"","background-repeat":"repeat","background-position":"center center","background-size":"auto","background-attachment":"scroll","background-type":"","background-media":"","overlay-type":"","overlay-color":"","overlay-opacity":"","overlay-gradient":""},"tablet":{"background-color":"var(--ast-global-color-5)","background-image":"","background-repeat":"repeat","background-position":"center center","background-size":"auto","background-attachment":"scroll","background-type":"","background-media":"","overlay-type":"","overlay-color":"","overlay-opacity":"","overlay-gradient":""},"mobile":{"background-color":"var(--ast-global-color-5)","background-image":"","background-repeat":"repeat","background-position":"center center","background-size":"auto","background-attachment":"scroll","background-type":"","background-media":"","overlay-type":"","overlay-color":"","overlay-opacity":"","overlay-gradient":""}},"footnotes":""},"class_list":["post-611","page","type-page","status-publish","hentry"],"yoast_head":"<!-- This site is optimized with the Yoast SEO plugin v27.4 - https:\/\/yoast.com\/product\/yoast-seo-wordpress\/ -->\n<title>Trusted MDPHP Hydrochloride supplier About Us -<\/title>\n<meta name=\"description\" content=\"Trusted MDPHP Hydrochloride supplier. Exotic Chemicals offering high-quality research chemicals with discreet, fast worldwide shipping Reliable, secure, and customer-focused service.\" \/>\n<meta name=\"robots\" content=\"index, follow, max-snippet:-1, max-image-preview:large, max-video-preview:-1\" \/>\n<link rel=\"canonical\" href=\"https:\/\/exoticchemicals.com\/cs\/trusted-mdphp-hydrochloride-supplier-about-us-2\/\" \/>\n<meta property=\"og:locale\" content=\"cs_CZ\" \/>\n<meta property=\"og:type\" content=\"article\" \/>\n<meta property=\"og:title\" content=\"Trusted MDPHP Hydrochloride supplier About Us -\" \/>\n<meta property=\"og:description\" content=\"Trusted MDPHP Hydrochloride supplier. Exotic Chemicals offering high-quality research chemicals with discreet, fast worldwide shipping Reliable, secure, and customer-focused service.\" \/>\n<meta property=\"og:url\" content=\"https:\/\/exoticchemicals.com\/cs\/trusted-mdphp-hydrochloride-supplier-about-us-2\/\" \/>\n<meta property=\"article:modified_time\" content=\"2026-04-17T15:52:10+00:00\" \/>\n<meta property=\"og:image\" content=\"https:\/\/exoticchemicals.com\/wp-content\/uploads\/2025\/02\/pexels-photo-7230894-7230894-1024x683.jpg\" \/>\n<meta name=\"twitter:card\" content=\"summary_large_image\" \/>\n<meta name=\"twitter:label1\" content=\"Odhadovan\u00e1 doba \u010dten\u00ed\" \/>\n\t<meta name=\"twitter:data1\" content=\"2 minuty\" \/>\n<script type=\"application\/ld+json\" class=\"yoast-schema-graph\">{\"@context\":\"https:\\\/\\\/schema.org\",\"@graph\":[{\"@type\":\"WebPage\",\"@id\":\"https:\\\/\\\/exoticchemicals.com\\\/trusted-mdphp-hydrochloride-supplier-about-us-2\\\/\",\"url\":\"https:\\\/\\\/exoticchemicals.com\\\/trusted-mdphp-hydrochloride-supplier-about-us-2\\\/\",\"name\":\"Trusted MDPHP Hydrochloride supplier About Us -\",\"isPartOf\":{\"@id\":\"https:\\\/\\\/exoticchemicals.com\\\/#website\"},\"primaryImageOfPage\":{\"@id\":\"https:\\\/\\\/exoticchemicals.com\\\/trusted-mdphp-hydrochloride-supplier-about-us-2\\\/#primaryimage\"},\"image\":{\"@id\":\"https:\\\/\\\/exoticchemicals.com\\\/trusted-mdphp-hydrochloride-supplier-about-us-2\\\/#primaryimage\"},\"thumbnailUrl\":\"https:\\\/\\\/exoticchemicals.com\\\/wp-content\\\/uploads\\\/2025\\\/02\\\/pexels-photo-7230894-7230894-1024x683.jpg\",\"datePublished\":\"2025-02-06T20:10:30+00:00\",\"dateModified\":\"2026-04-17T15:52:10+00:00\",\"description\":\"Trusted MDPHP Hydrochloride supplier. Exotic Chemicals offering high-quality research chemicals with discreet, fast worldwide shipping Reliable, secure, and customer-focused service.\",\"breadcrumb\":{\"@id\":\"https:\\\/\\\/exoticchemicals.com\\\/trusted-mdphp-hydrochloride-supplier-about-us-2\\\/#breadcrumb\"},\"inLanguage\":\"cs\",\"potentialAction\":[{\"@type\":\"ReadAction\",\"target\":[\"https:\\\/\\\/exoticchemicals.com\\\/trusted-mdphp-hydrochloride-supplier-about-us-2\\\/\"]}]},{\"@type\":\"ImageObject\",\"inLanguage\":\"cs\",\"@id\":\"https:\\\/\\\/exoticchemicals.com\\\/trusted-mdphp-hydrochloride-supplier-about-us-2\\\/#primaryimage\",\"url\":\"https:\\\/\\\/exoticchemicals.com\\\/wp-content\\\/uploads\\\/2025\\\/02\\\/pexels-photo-7230894-7230894-1024x683.jpg\",\"contentUrl\":\"https:\\\/\\\/exoticchemicals.com\\\/wp-content\\\/uploads\\\/2025\\\/02\\\/pexels-photo-7230894-7230894-1024x683.jpg\"},{\"@type\":\"BreadcrumbList\",\"@id\":\"https:\\\/\\\/exoticchemicals.com\\\/trusted-mdphp-hydrochloride-supplier-about-us-2\\\/#breadcrumb\",\"itemListElement\":[{\"@type\":\"ListItem\",\"position\":1,\"name\":\"Home\",\"item\":\"https:\\\/\\\/exoticchemicals.com\\\/\"},{\"@type\":\"ListItem\",\"position\":2,\"name\":\"About Us\"}]},{\"@type\":\"WebSite\",\"@id\":\"https:\\\/\\\/exoticchemicals.com\\\/#website\",\"url\":\"https:\\\/\\\/exoticchemicals.com\\\/\",\"name\":\"exotic chemicals\",\"description\":\"Buy MDPHP Hydrochloride\",\"publisher\":{\"@id\":\"https:\\\/\\\/exoticchemicals.com\\\/#\\\/schema\\\/person\\\/07ad08472b6f5b213792451a32dbe8c7\"},\"potentialAction\":[{\"@type\":\"SearchAction\",\"target\":{\"@type\":\"EntryPoint\",\"urlTemplate\":\"https:\\\/\\\/exoticchemicals.com\\\/?s={search_term_string}\"},\"query-input\":{\"@type\":\"PropertyValueSpecification\",\"valueRequired\":true,\"valueName\":\"search_term_string\"}}],\"inLanguage\":\"cs\"},{\"@type\":[\"Person\",\"Organization\"],\"@id\":\"https:\\\/\\\/exoticchemicals.com\\\/#\\\/schema\\\/person\\\/07ad08472b6f5b213792451a32dbe8c7\",\"name\":\"wwalkershop@gmail.com\",\"image\":{\"@type\":\"ImageObject\",\"inLanguage\":\"cs\",\"@id\":\"https:\\\/\\\/exoticchemicals.com\\\/wp-content\\\/uploads\\\/2025\\\/02\\\/pure-3-1-1.png\",\"url\":\"https:\\\/\\\/exoticchemicals.com\\\/wp-content\\\/uploads\\\/2025\\\/02\\\/pure-3-1-1.png\",\"contentUrl\":\"https:\\\/\\\/exoticchemicals.com\\\/wp-content\\\/uploads\\\/2025\\\/02\\\/pure-3-1-1.png\",\"width\":500,\"height\":500,\"caption\":\"wwalkershop@gmail.com\"},\"logo\":{\"@id\":\"https:\\\/\\\/exoticchemicals.com\\\/wp-content\\\/uploads\\\/2025\\\/02\\\/pure-3-1-1.png\"},\"sameAs\":[\"http:\\\/\\\/exoticchemicals.com\"]}]}<\/script>\n<!-- \/ Yoast SEO plugin. -->","yoast_head_json":{"title":"D\u016fv\u011bryhodn\u00fd dodavatel MDPHP hydrochloridu O n\u00e1s -","description":"D\u016fv\u011bryhodn\u00fd dodavatel hydrochloridu MDPHP. Exotick\u00e9 chemik\u00e1lie nab\u00edzej\u00edc\u00ed vysoce kvalitn\u00ed v\u00fdzkumn\u00e9 chemik\u00e1lie s diskr\u00e9tn\u00ed a rychlou celosv\u011btovou p\u0159epravou Spolehliv\u00e9, bezpe\u010dn\u00e9 a na z\u00e1kazn\u00edka zam\u011b\u0159en\u00e9 slu\u017eby.","robots":{"index":"index","follow":"follow","max-snippet":"max-snippet:-1","max-image-preview":"max-image-preview:large","max-video-preview":"max-video-preview:-1"},"canonical":"https:\/\/exoticchemicals.com\/cs\/trusted-mdphp-hydrochloride-supplier-about-us-2\/","og_locale":"cs_CZ","og_type":"article","og_title":"Trusted MDPHP Hydrochloride supplier About Us -","og_description":"Trusted MDPHP Hydrochloride supplier. Exotic Chemicals offering high-quality research chemicals with discreet, fast worldwide shipping Reliable, secure, and customer-focused service.","og_url":"https:\/\/exoticchemicals.com\/cs\/trusted-mdphp-hydrochloride-supplier-about-us-2\/","article_modified_time":"2026-04-17T15:52:10+00:00","og_image":[{"url":"https:\/\/exoticchemicals.com\/wp-content\/uploads\/2025\/02\/pexels-photo-7230894-7230894-1024x683.jpg","type":"","width":"","height":""}],"twitter_card":"summary_large_image","twitter_misc":{"Odhadovan\u00e1 doba \u010dten\u00ed":"2 minuty"},"schema":{"@context":"https:\/\/schema.org","@graph":[{"@type":"WebPage","@id":"https:\/\/exoticchemicals.com\/trusted-mdphp-hydrochloride-supplier-about-us-2\/","url":"https:\/\/exoticchemicals.com\/trusted-mdphp-hydrochloride-supplier-about-us-2\/","name":"D\u016fv\u011bryhodn\u00fd dodavatel MDPHP hydrochloridu O n\u00e1s -","isPartOf":{"@id":"https:\/\/exoticchemicals.com\/#website"},"primaryImageOfPage":{"@id":"https:\/\/exoticchemicals.com\/trusted-mdphp-hydrochloride-supplier-about-us-2\/#primaryimage"},"image":{"@id":"https:\/\/exoticchemicals.com\/trusted-mdphp-hydrochloride-supplier-about-us-2\/#primaryimage"},"thumbnailUrl":"https:\/\/exoticchemicals.com\/wp-content\/uploads\/2025\/02\/pexels-photo-7230894-7230894-1024x683.jpg","datePublished":"2025-02-06T20:10:30+00:00","dateModified":"2026-04-17T15:52:10+00:00","description":"D\u016fv\u011bryhodn\u00fd dodavatel hydrochloridu MDPHP. Exotick\u00e9 chemik\u00e1lie nab\u00edzej\u00edc\u00ed vysoce kvalitn\u00ed v\u00fdzkumn\u00e9 chemik\u00e1lie s diskr\u00e9tn\u00ed a rychlou celosv\u011btovou p\u0159epravou Spolehliv\u00e9, bezpe\u010dn\u00e9 a na z\u00e1kazn\u00edka zam\u011b\u0159en\u00e9 slu\u017eby.","breadcrumb":{"@id":"https:\/\/exoticchemicals.com\/trusted-mdphp-hydrochloride-supplier-about-us-2\/#breadcrumb"},"inLanguage":"cs","potentialAction":[{"@type":"ReadAction","target":["https:\/\/exoticchemicals.com\/trusted-mdphp-hydrochloride-supplier-about-us-2\/"]}]},{"@type":"ImageObject","inLanguage":"cs","@id":"https:\/\/exoticchemicals.com\/trusted-mdphp-hydrochloride-supplier-about-us-2\/#primaryimage","url":"https:\/\/exoticchemicals.com\/wp-content\/uploads\/2025\/02\/pexels-photo-7230894-7230894-1024x683.jpg","contentUrl":"https:\/\/exoticchemicals.com\/wp-content\/uploads\/2025\/02\/pexels-photo-7230894-7230894-1024x683.jpg"},{"@type":"BreadcrumbList","@id":"https:\/\/exoticchemicals.com\/trusted-mdphp-hydrochloride-supplier-about-us-2\/#breadcrumb","itemListElement":[{"@type":"ListItem","position":1,"name":"Home","item":"https:\/\/exoticchemicals.com\/"},{"@type":"ListItem","position":2,"name":"About Us"}]},{"@type":"WebSite","@id":"https:\/\/exoticchemicals.com\/#website","url":"https:\/\/exoticchemicals.com\/","name":"exotick\u00e9 chemik\u00e1lie","description":"Koupit MDPHP hydrochlorid","publisher":{"@id":"https:\/\/exoticchemicals.com\/#\/schema\/person\/07ad08472b6f5b213792451a32dbe8c7"},"potentialAction":[{"@type":"SearchAction","target":{"@type":"EntryPoint","urlTemplate":"https:\/\/exoticchemicals.com\/?s={search_term_string}"},"query-input":{"@type":"PropertyValueSpecification","valueRequired":true,"valueName":"search_term_string"}}],"inLanguage":"cs"},{"@type":["Person","Organization"],"@id":"https:\/\/exoticchemicals.com\/#\/schema\/person\/07ad08472b6f5b213792451a32dbe8c7","name":"wwalkershop@gmail.com","image":{"@type":"ImageObject","inLanguage":"cs","@id":"https:\/\/exoticchemicals.com\/wp-content\/uploads\/2025\/02\/pure-3-1-1.png","url":"https:\/\/exoticchemicals.com\/wp-content\/uploads\/2025\/02\/pure-3-1-1.png","contentUrl":"https:\/\/exoticchemicals.com\/wp-content\/uploads\/2025\/02\/pure-3-1-1.png","width":500,"height":500,"caption":"wwalkershop@gmail.com"},"logo":{"@id":"https:\/\/exoticchemicals.com\/wp-content\/uploads\/2025\/02\/pure-3-1-1.png"},"sameAs":["http:\/\/exoticchemicals.com"]}]}},"uagb_featured_image_src":{"full":false,"thumbnail":false,"medium":false,"medium_large":false,"large":false,"1536x1536":false,"2048x2048":false,"trp-custom-language-flag":false,"woocommerce_thumbnail":false,"woocommerce_single":false,"woocommerce_gallery_thumbnail":false},"uagb_author_info":{"display_name":"wwalkershop@gmail.com","author_link":"https:\/\/exoticchemicals.com\/cs\/author\/wwalkershopgmail-com\/"},"uagb_comment_info":0,"uagb_excerpt":"About Us Exotic Chemicals | Fast, Discreet, and Secure Worldwide Shipping Your premier and Trusted MDPHP Hydrochloride supplier and other high-quality research chemicals. We specialize in providing pure, lab-tested MDPHP Hydrochloride for sale , Ketamine , LSD , XANAX , Sleeping pills and many other rare pills and medicine without prior prescription needed at the&hellip;","_links":{"self":[{"href":"https:\/\/exoticchemicals.com\/cs\/wp-json\/wp\/v2\/pages\/611","targetHints":{"allow":["GET"]}}],"collection":[{"href":"https:\/\/exoticchemicals.com\/cs\/wp-json\/wp\/v2\/pages"}],"about":[{"href":"https:\/\/exoticchemicals.com\/cs\/wp-json\/wp\/v2\/types\/page"}],"author":[{"embeddable":true,"href":"https:\/\/exoticchemicals.com\/cs\/wp-json\/wp\/v2\/users\/1"}],"replies":[{"embeddable":true,"href":"https:\/\/exoticchemicals.com\/cs\/wp-json\/wp\/v2\/comments?post=611"}],"version-history":[{"count":7,"href":"https:\/\/exoticchemicals.com\/cs\/wp-json\/wp\/v2\/pages\/611\/revisions"}],"predecessor-version":[{"id":5771,"href":"https:\/\/exoticchemicals.com\/cs\/wp-json\/wp\/v2\/pages\/611\/revisions\/5771"}],"wp:attachment":[{"href":"https:\/\/exoticchemicals.com\/cs\/wp-json\/wp\/v2\/media?parent=611"}],"curies":[{"name":"wp","href":"https:\/\/api.w.org\/{rel}","templated":true}]}}