{"id":2394,"date":"2025-02-06T20:57:44","date_gmt":"2025-02-06T20:57:44","guid":{"rendered":"https:\/\/exoticchemicals.com\/?post_type=product&#038;p=2394"},"modified":"2026-04-13T06:51:40","modified_gmt":"2026-04-13T06:51:40","slug":"2-fma","status":"publish","type":"product","link":"https:\/\/exoticchemicals.com\/cs\/product\/2-fma\/","title":{"rendered":"2-FMA"},"content":{"rendered":"<h1><b>What is 2-FMA?<\/b><\/h1>\n<p>Buy 2-FMA Online is short for 2-Fluoromethamphetamine. 2-FMA is a <a href=\"https:\/\/ketamsclinic.com\/\">v\u00fdzkumn\u00e9 chemik\u00e1lie<\/a>\u00a0that falls in the amphetamine class. 2-FMA is very similar to other stimulants such as 2-FA, 3-FA, and 4-FMA. It is commonly referred to as a substitute amphetamine. 2-FMA is believed to produce its research findings by acting on the dopamine and norepinephrine receptors in the brain.<\/p>\n<p>It is becoming a favorite for laboratory researchers who prefer to experiment with stimulants. Experimental findings for 2-FMA frequently include stimulation, physical euphoria, tactile enhancement, drifting, increased libido, focus enhancement, disinhibition, thought acceleration, time distortion, increased music appreciation, and stamina enhancement.<\/p>\n<h2>Buy 2-FMA online<\/h2>\n<p>Buy\u00a0<a href=\"https:\/\/ketamsclinic.com\/product\/2-fma\/\">2-fma<\/a>\u00a0online. 2-<a href=\"https:\/\/en.wikipedia.org\/wiki\/2-Fluoromethamphetamine\">Fluoromethamphetamine<\/a>\u00a0is a stimulant drug of the methamphetamine family which has been used as a designer drug. Also, It is purported to possess little recreational value because less euphoria is produced than other amphetamines. Also, It is said to be a functional stimulant with properties similar to Adderall.<\/p>\n<p>More so, It lasts about 8 hours orally, considerably more than its analog 2-FA.<\/p>\n<h2>Product Description Buy 2-FMA online<\/h2>\n<p>2-Fluoromethamphetamine (2-FMA) is a stimulant drug related to methamphetamine and 2-fluoroamphetamine. Little is known about the pharmacological properties of fluoro methoxy-substituted amphetamines. Also,\u00a0 2-FMA has been identified as a component of designer drugs sold as \u0093legal high\u0094 replacements for restricted substances. Finally, The hydrochloride formulation of this compound is intended for use as a standard for the forensic analysis of samples that may contain 2-FMA.<\/p>\n<p>Legal status<br \/> China<br \/> As of October 2015, 2-FMA is a controlled substance in China.<\/p>\n<h2>Technical Information<\/h2>\n<p>Formal Name: 2-fluoro-N-?-dimethyl-benzeneethanamine, monohydrochloride<img decoding=\"async\" class=\"alignright\" src=\"https:\/\/upload.wikimedia.org\/wikipedia\/commons\/5\/54\/2-Fluoromethamphetamine.png\" alt=\"2-Fluoromethamphetamine - Wikipedia\" \/><br \/> CAS Number: 1780004-19-4<br \/> Molecular Formula: C10H14FN \u0095 HCl<br \/> Formula Weight: 203.7<br \/> Purity: 98%<\/p>\n<h3><strong>WHERE TO BUY 2-FMA<\/strong><\/h3>\n<p>2-FMA can be purchased here on the\u00a0<a href=\"https:\/\/ketamsclinic.com\/\">Ketam Clinic<\/a>\u00a0website. We sell premium quality 2-FMA, typically in powder. However, we often have other substance forms available, so feel free to contact us to see if we have your preferred substance form in stock. You must be at least 18 years old to buy 2-FMA from us.<\/p>\n<p>Shipping 2-FMA* to Canada, Italy, Brazil, Switzerland, Australia, New zealand, France, Germany, Japan, Russia, Mexico, Egypt, Turkey, Spain, Argentina, Poland, Morocco, Saudi Arabia, Romania, Kazakhstan, Netherlands, Belgium, Greece, Tunisia, Czech Republic, Dominican Republic, Portugal, Hungary, Israel, Bulgaria, Finland, Denmark, Slovakia, Norway, Ireland, Croatia, Armenia, Lithuania, Slovenia, Latvia, Estonia and many other countries.<\/p>\n<h2 class=\"substance__SectionHeader-sc-1qwbq7-3 Rbohd\">Effects of 2-FMA<\/h2>\n<ul>\n<li class=\"substance__Effect-sc-1qwbq7-8 jMHOdo\">euphoria<\/li>\n<li class=\"substance__Effect-sc-1qwbq7-8 jMHOdo\">increased energy\/alertness<\/li>\n<li class=\"substance__Effect-sc-1qwbq7-8 jMHOdo\">decreased need for sleep<\/li>\n<li class=\"substance__Effect-sc-1qwbq7-8 jMHOdo\">increased sociability<\/li>\n<li class=\"substance__Effect-sc-1qwbq7-8 jMHOdo\">mood lift<\/li>\n<li class=\"substance__Effect-sc-1qwbq7-8 jMHOdo\">increased sexuality<\/li>\n<li class=\"substance__Effect-sc-1qwbq7-8 jMHOdo\">excessive talking<\/li>\n<li class=\"substance__Effect-sc-1qwbq7-8 jMHOdo\">decreased appetite<\/li>\n<li class=\"substance__Effect-sc-1qwbq7-8 jMHOdo\">weight loss<\/li>\n<li class=\"substance__Effect-sc-1qwbq7-8 jMHOdo\">sweating<\/li>\n<li class=\"substance__Effect-sc-1qwbq7-8 jMHOdo\">disturbed sleep patterns<\/li>\n<li class=\"substance__Effect-sc-1qwbq7-8 jMHOdo\">bruxism<\/li>\n<li class=\"substance__Effect-sc-1qwbq7-8 jMHOdo\">visual and auditory hallucinations<\/li>\n<li class=\"substance__Effect-sc-1qwbq7-8 jMHOdo\">itchiness<\/li>\n<li class=\"substance__Effect-sc-1qwbq7-8 jMHOdo\">aggressiveness<\/li>\n<li class=\"substance__Effect-sc-1qwbq7-8 jMHOdo\">moodiness<\/li>\n<\/ul>\n<div class=\"source-handle__Container-sc-1lggmkg-0 hVACOf\"><\/div>","protected":false},"excerpt":{"rendered":"<h2><strong>HOW TO USE 2-FMA POWDER?<\/strong><\/h2>\n<p>Buy 2-FMA online in the highest quality powder form. Buy 2-FDCK in the quantities 1gr, 5gr, 10gr, 25gr, and 50gr.\u00a0 Ensure to store the 2-FDCK powder in a dry and cool place for maximum shelf-life. Store in a dry and cool place for maximum shelf-life. When handling research chemicals ensure to always take the proper precautions in the laboratory like wiping down surfaces and wearing gloves, a mask &amp; protective clothing.<\/p>","protected":false},"featured_media":2400,"comment_status":"open","ping_status":"closed","template":"","meta":{"_uag_custom_page_level_css":"","site-sidebar-layout":"default","site-content-layout":"","ast-site-content-layout":"","site-content-style":"default","site-sidebar-style":"default","ast-global-header-display":"","ast-banner-title-visibility":"","ast-main-header-display":"","ast-hfb-above-header-display":"","ast-hfb-below-header-display":"","ast-hfb-mobile-header-display":"","site-post-title":"","ast-breadcrumbs-content":"","ast-featured-img":"","footer-sml-layout":"","theme-transparent-header-meta":"","adv-header-id-meta":"","stick-header-meta":"","header-above-stick-meta":"","header-main-stick-meta":"","header-below-stick-meta":"","astra-migrate-meta-layouts":"default","ast-page-background-enabled":"default","ast-page-background-meta":{"desktop":{"background-color":"","background-image":"","background-repeat":"repeat","background-position":"center center","background-size":"auto","background-attachment":"scroll","background-type":"","background-media":"","overlay-type":"","overlay-color":"","overlay-opacity":"","overlay-gradient":""},"tablet":{"background-color":"","background-image":"","background-repeat":"repeat","background-position":"center center","background-size":"auto","background-attachment":"scroll","background-type":"","background-media":"","overlay-type":"","overlay-color":"","overlay-opacity":"","overlay-gradient":""},"mobile":{"background-color":"","background-image":"","background-repeat":"repeat","background-position":"center center","background-size":"auto","background-attachment":"scroll","background-type":"","background-media":"","overlay-type":"","overlay-color":"","overlay-opacity":"","overlay-gradient":""}},"ast-content-background-meta":{"desktop":{"background-color":"var(--ast-global-color-5)","background-image":"","background-repeat":"repeat","background-position":"center center","background-size":"auto","background-attachment":"scroll","background-type":"","background-media":"","overlay-type":"","overlay-color":"","overlay-opacity":"","overlay-gradient":""},"tablet":{"background-color":"var(--ast-global-color-5)","background-image":"","background-repeat":"repeat","background-position":"center center","background-size":"auto","background-attachment":"scroll","background-type":"","background-media":"","overlay-type":"","overlay-color":"","overlay-opacity":"","overlay-gradient":""},"mobile":{"background-color":"var(--ast-global-color-5)","background-image":"","background-repeat":"repeat","background-position":"center center","background-size":"auto","background-attachment":"scroll","background-type":"","background-media":"","overlay-type":"","overlay-color":"","overlay-opacity":"","overlay-gradient":""}}},"product_brand":[],"product_cat":[330],"product_tag":[526,527,528,529,530,531,532,533,534,535],"class_list":{"0":"post-2394","1":"product","2":"type-product","3":"status-publish","4":"has-post-thumbnail","6":"product_cat-mdphp-hydrochloride-for-sale-research-chemicals","7":"product_tag-2-fma-buy-uk","8":"product_tag-2-fma-online","9":"product_tag-2-fma-online-for-sale","10":"product_tag-2-fma-pellets","11":"product_tag-2-fma-uk","12":"product_tag-buy-2-fma-online","13":"product_tag-buy-2-fma-pellets-online","14":"product_tag-buy-2-fma-reddit","15":"product_tag-order-2-fma-online","16":"product_tag-where-can-i-buy-2-fma","17":"desktop-align-left","18":"tablet-align-left","19":"mobile-align-left","21":"first","22":"instock","23":"shipping-taxable","24":"purchasable","25":"product-type-variable"},"yoast_head":"<!-- This site is optimized with the Yoast SEO plugin v27.4 - https:\/\/yoast.com\/product\/yoast-seo-wordpress\/ -->\n<title>2-FMA -<\/title>\n<meta name=\"robots\" content=\"index, follow, max-snippet:-1, max-image-preview:large, max-video-preview:-1\" \/>\n<link rel=\"canonical\" href=\"https:\/\/exoticchemicals.com\/cs\/product\/2-fma\/\" \/>\n<meta property=\"og:locale\" content=\"cs_CZ\" \/>\n<meta property=\"og:type\" content=\"article\" \/>\n<meta property=\"og:title\" content=\"2-FMA -\" \/>\n<meta property=\"og:description\" content=\"HOW TO USE 2-FMA POWDER? Buy 2-FMA online in the highest quality powder form. Buy 2-FDCK in the quantities 1gr, 5gr, 10gr, 25gr, and 50gr.\u00a0 Ensure to store the 2-FDCK powder in a dry and cool place for maximum shelf-life. Store in a dry and cool place for maximum shelf-life. When handling research chemicals ensure to always take the proper precautions in the laboratory like wiping down surfaces and wearing gloves, a mask &amp; protective clothing.\" \/>\n<meta property=\"og:url\" content=\"https:\/\/exoticchemicals.com\/cs\/product\/2-fma\/\" \/>\n<meta property=\"article:modified_time\" content=\"2026-04-13T06:51:40+00:00\" \/>\n<meta property=\"og:image\" content=\"https:\/\/exoticchemicals.com\/wp-content\/uploads\/2025\/02\/2-fma.jpeg\" \/>\n\t<meta property=\"og:image:width\" content=\"300\" \/>\n\t<meta property=\"og:image:height\" content=\"375\" \/>\n\t<meta property=\"og:image:type\" content=\"image\/jpeg\" \/>\n<meta name=\"twitter:card\" content=\"summary_large_image\" \/>\n<meta name=\"twitter:label1\" content=\"Odhadovan\u00e1 doba \u010dten\u00ed\" \/>\n\t<meta name=\"twitter:data1\" content=\"2 minuty\" \/>\n<script type=\"application\/ld+json\" class=\"yoast-schema-graph\">{\"@context\":\"https:\\\/\\\/schema.org\",\"@graph\":[{\"@type\":\"WebPage\",\"@id\":\"https:\\\/\\\/exoticchemicals.com\\\/product\\\/2-fma\\\/\",\"url\":\"https:\\\/\\\/exoticchemicals.com\\\/product\\\/2-fma\\\/\",\"name\":\"2-FMA -\",\"isPartOf\":{\"@id\":\"https:\\\/\\\/exoticchemicals.com\\\/#website\"},\"primaryImageOfPage\":{\"@id\":\"https:\\\/\\\/exoticchemicals.com\\\/product\\\/2-fma\\\/#primaryimage\"},\"image\":{\"@id\":\"https:\\\/\\\/exoticchemicals.com\\\/product\\\/2-fma\\\/#primaryimage\"},\"thumbnailUrl\":\"https:\\\/\\\/exoticchemicals.com\\\/wp-content\\\/uploads\\\/2025\\\/02\\\/2-fma.jpeg\",\"datePublished\":\"2025-02-06T20:57:44+00:00\",\"dateModified\":\"2026-04-13T06:51:40+00:00\",\"breadcrumb\":{\"@id\":\"https:\\\/\\\/exoticchemicals.com\\\/product\\\/2-fma\\\/#breadcrumb\"},\"inLanguage\":\"cs\",\"potentialAction\":[{\"@type\":\"ReadAction\",\"target\":[\"https:\\\/\\\/exoticchemicals.com\\\/product\\\/2-fma\\\/\"]}]},{\"@type\":\"ImageObject\",\"inLanguage\":\"cs\",\"@id\":\"https:\\\/\\\/exoticchemicals.com\\\/product\\\/2-fma\\\/#primaryimage\",\"url\":\"https:\\\/\\\/exoticchemicals.com\\\/wp-content\\\/uploads\\\/2025\\\/02\\\/2-fma.jpeg\",\"contentUrl\":\"https:\\\/\\\/exoticchemicals.com\\\/wp-content\\\/uploads\\\/2025\\\/02\\\/2-fma.jpeg\",\"width\":300,\"height\":375},{\"@type\":\"BreadcrumbList\",\"@id\":\"https:\\\/\\\/exoticchemicals.com\\\/product\\\/2-fma\\\/#breadcrumb\",\"itemListElement\":[{\"@type\":\"ListItem\",\"position\":1,\"name\":\"Home\",\"item\":\"https:\\\/\\\/exoticchemicals.com\\\/\"},{\"@type\":\"ListItem\",\"position\":2,\"name\":\"Shop\",\"item\":\"https:\\\/\\\/exoticchemicals.com\\\/shop\\\/\"},{\"@type\":\"ListItem\",\"position\":3,\"name\":\"2-FMA\"}]},{\"@type\":\"WebSite\",\"@id\":\"https:\\\/\\\/exoticchemicals.com\\\/#website\",\"url\":\"https:\\\/\\\/exoticchemicals.com\\\/\",\"name\":\"exotic chemicals\",\"description\":\"Buy MDPHP Hydrochloride\",\"publisher\":{\"@id\":\"https:\\\/\\\/exoticchemicals.com\\\/#\\\/schema\\\/person\\\/07ad08472b6f5b213792451a32dbe8c7\"},\"potentialAction\":[{\"@type\":\"SearchAction\",\"target\":{\"@type\":\"EntryPoint\",\"urlTemplate\":\"https:\\\/\\\/exoticchemicals.com\\\/?s={search_term_string}\"},\"query-input\":{\"@type\":\"PropertyValueSpecification\",\"valueRequired\":true,\"valueName\":\"search_term_string\"}}],\"inLanguage\":\"cs\"},{\"@type\":[\"Person\",\"Organization\"],\"@id\":\"https:\\\/\\\/exoticchemicals.com\\\/#\\\/schema\\\/person\\\/07ad08472b6f5b213792451a32dbe8c7\",\"name\":\"wwalkershop@gmail.com\",\"image\":{\"@type\":\"ImageObject\",\"inLanguage\":\"cs\",\"@id\":\"https:\\\/\\\/exoticchemicals.com\\\/wp-content\\\/uploads\\\/2025\\\/02\\\/pure-3-1-1.png\",\"url\":\"https:\\\/\\\/exoticchemicals.com\\\/wp-content\\\/uploads\\\/2025\\\/02\\\/pure-3-1-1.png\",\"contentUrl\":\"https:\\\/\\\/exoticchemicals.com\\\/wp-content\\\/uploads\\\/2025\\\/02\\\/pure-3-1-1.png\",\"width\":500,\"height\":500,\"caption\":\"wwalkershop@gmail.com\"},\"logo\":{\"@id\":\"https:\\\/\\\/exoticchemicals.com\\\/wp-content\\\/uploads\\\/2025\\\/02\\\/pure-3-1-1.png\"},\"sameAs\":[\"http:\\\/\\\/exoticchemicals.com\"]}]}<\/script>\n<!-- \/ Yoast SEO plugin. -->","yoast_head_json":{"title":"2-FMA -","robots":{"index":"index","follow":"follow","max-snippet":"max-snippet:-1","max-image-preview":"max-image-preview:large","max-video-preview":"max-video-preview:-1"},"canonical":"https:\/\/exoticchemicals.com\/cs\/product\/2-fma\/","og_locale":"cs_CZ","og_type":"article","og_title":"2-FMA -","og_description":"HOW TO USE 2-FMA POWDER? Buy 2-FMA online in the highest quality powder form. Buy 2-FDCK in the quantities 1gr, 5gr, 10gr, 25gr, and 50gr.\u00a0 Ensure to store the 2-FDCK powder in a dry and cool place for maximum shelf-life. Store in a dry and cool place for maximum shelf-life. When handling research chemicals ensure to always take the proper precautions in the laboratory like wiping down surfaces and wearing gloves, a mask &amp; protective clothing.","og_url":"https:\/\/exoticchemicals.com\/cs\/product\/2-fma\/","article_modified_time":"2026-04-13T06:51:40+00:00","og_image":[{"width":300,"height":375,"url":"https:\/\/exoticchemicals.com\/wp-content\/uploads\/2025\/02\/2-fma.jpeg","type":"image\/jpeg"}],"twitter_card":"summary_large_image","twitter_misc":{"Odhadovan\u00e1 doba \u010dten\u00ed":"2 minuty"},"schema":{"@context":"https:\/\/schema.org","@graph":[{"@type":"WebPage","@id":"https:\/\/exoticchemicals.com\/product\/2-fma\/","url":"https:\/\/exoticchemicals.com\/product\/2-fma\/","name":"2-FMA -","isPartOf":{"@id":"https:\/\/exoticchemicals.com\/#website"},"primaryImageOfPage":{"@id":"https:\/\/exoticchemicals.com\/product\/2-fma\/#primaryimage"},"image":{"@id":"https:\/\/exoticchemicals.com\/product\/2-fma\/#primaryimage"},"thumbnailUrl":"https:\/\/exoticchemicals.com\/wp-content\/uploads\/2025\/02\/2-fma.jpeg","datePublished":"2025-02-06T20:57:44+00:00","dateModified":"2026-04-13T06:51:40+00:00","breadcrumb":{"@id":"https:\/\/exoticchemicals.com\/product\/2-fma\/#breadcrumb"},"inLanguage":"cs","potentialAction":[{"@type":"ReadAction","target":["https:\/\/exoticchemicals.com\/product\/2-fma\/"]}]},{"@type":"ImageObject","inLanguage":"cs","@id":"https:\/\/exoticchemicals.com\/product\/2-fma\/#primaryimage","url":"https:\/\/exoticchemicals.com\/wp-content\/uploads\/2025\/02\/2-fma.jpeg","contentUrl":"https:\/\/exoticchemicals.com\/wp-content\/uploads\/2025\/02\/2-fma.jpeg","width":300,"height":375},{"@type":"BreadcrumbList","@id":"https:\/\/exoticchemicals.com\/product\/2-fma\/#breadcrumb","itemListElement":[{"@type":"ListItem","position":1,"name":"Home","item":"https:\/\/exoticchemicals.com\/"},{"@type":"ListItem","position":2,"name":"Shop","item":"https:\/\/exoticchemicals.com\/shop\/"},{"@type":"ListItem","position":3,"name":"2-FMA"}]},{"@type":"WebSite","@id":"https:\/\/exoticchemicals.com\/#website","url":"https:\/\/exoticchemicals.com\/","name":"exotick\u00e9 chemik\u00e1lie","description":"Koupit MDPHP hydrochlorid","publisher":{"@id":"https:\/\/exoticchemicals.com\/#\/schema\/person\/07ad08472b6f5b213792451a32dbe8c7"},"potentialAction":[{"@type":"SearchAction","target":{"@type":"EntryPoint","urlTemplate":"https:\/\/exoticchemicals.com\/?s={search_term_string}"},"query-input":{"@type":"PropertyValueSpecification","valueRequired":true,"valueName":"search_term_string"}}],"inLanguage":"cs"},{"@type":["Person","Organization"],"@id":"https:\/\/exoticchemicals.com\/#\/schema\/person\/07ad08472b6f5b213792451a32dbe8c7","name":"wwalkershop@gmail.com","image":{"@type":"ImageObject","inLanguage":"cs","@id":"https:\/\/exoticchemicals.com\/wp-content\/uploads\/2025\/02\/pure-3-1-1.png","url":"https:\/\/exoticchemicals.com\/wp-content\/uploads\/2025\/02\/pure-3-1-1.png","contentUrl":"https:\/\/exoticchemicals.com\/wp-content\/uploads\/2025\/02\/pure-3-1-1.png","width":500,"height":500,"caption":"wwalkershop@gmail.com"},"logo":{"@id":"https:\/\/exoticchemicals.com\/wp-content\/uploads\/2025\/02\/pure-3-1-1.png"},"sameAs":["http:\/\/exoticchemicals.com"]}]}},"uagb_featured_image_src":{"full":["https:\/\/exoticchemicals.com\/wp-content\/uploads\/2025\/02\/2-fma.jpeg",300,375,false],"thumbnail":["https:\/\/exoticchemicals.com\/wp-content\/uploads\/2025\/02\/2-fma-150x150.jpeg",150,150,true],"medium":["https:\/\/exoticchemicals.com\/wp-content\/uploads\/2025\/02\/2-fma-240x300.jpeg",240,300,true],"medium_large":["https:\/\/exoticchemicals.com\/wp-content\/uploads\/2025\/02\/2-fma.jpeg",300,375,false],"large":["https:\/\/exoticchemicals.com\/wp-content\/uploads\/2025\/02\/2-fma.jpeg",300,375,false],"1536x1536":["https:\/\/exoticchemicals.com\/wp-content\/uploads\/2025\/02\/2-fma.jpeg",300,375,false],"2048x2048":["https:\/\/exoticchemicals.com\/wp-content\/uploads\/2025\/02\/2-fma.jpeg",300,375,false],"trp-custom-language-flag":["https:\/\/exoticchemicals.com\/wp-content\/uploads\/2025\/02\/2-fma.jpeg",10,12,false],"woocommerce_thumbnail":["https:\/\/exoticchemicals.com\/wp-content\/uploads\/2025\/02\/2-fma-300x300.jpeg",300,300,true],"woocommerce_single":["https:\/\/exoticchemicals.com\/wp-content\/uploads\/2025\/02\/2-fma.jpeg",300,375,false],"woocommerce_gallery_thumbnail":["https:\/\/exoticchemicals.com\/wp-content\/uploads\/2025\/02\/2-fma-100x100.jpeg",100,100,true]},"uagb_author_info":{"display_name":"bossman","author_link":"https:\/\/exoticchemicals.com\/cs\/author\/"},"uagb_comment_info":7,"uagb_excerpt":"HOW TO USE 2-FMA POWDER? Buy 2-FMA online in the highest quality powder form. Buy 2-FDCK in the quantities 1gr, 5gr, 10gr, 25gr, and 50gr.\u00a0 Ensure to store the 2-FDCK powder in a dry and cool place for maximum shelf-life. Store in a dry and cool place for maximum shelf-life. When handling research chemicals ensure&hellip;","_links":{"self":[{"href":"https:\/\/exoticchemicals.com\/cs\/wp-json\/wp\/v2\/product\/2394","targetHints":{"allow":["GET"]}}],"collection":[{"href":"https:\/\/exoticchemicals.com\/cs\/wp-json\/wp\/v2\/product"}],"about":[{"href":"https:\/\/exoticchemicals.com\/cs\/wp-json\/wp\/v2\/types\/product"}],"replies":[{"embeddable":true,"href":"https:\/\/exoticchemicals.com\/cs\/wp-json\/wp\/v2\/comments?post=2394"}],"wp:featuredmedia":[{"embeddable":true,"href":"https:\/\/exoticchemicals.com\/cs\/wp-json\/wp\/v2\/media\/2400"}],"wp:attachment":[{"href":"https:\/\/exoticchemicals.com\/cs\/wp-json\/wp\/v2\/media?parent=2394"}],"wp:term":[{"taxonomy":"product_brand","embeddable":true,"href":"https:\/\/exoticchemicals.com\/cs\/wp-json\/wp\/v2\/product_brand?post=2394"},{"taxonomy":"product_cat","embeddable":true,"href":"https:\/\/exoticchemicals.com\/cs\/wp-json\/wp\/v2\/product_cat?post=2394"},{"taxonomy":"product_tag","embeddable":true,"href":"https:\/\/exoticchemicals.com\/cs\/wp-json\/wp\/v2\/product_tag?post=2394"}],"curies":[{"name":"wp","href":"https:\/\/api.w.org\/{rel}","templated":true}]}}