{"id":2410,"date":"2025-02-06T20:57:48","date_gmt":"2025-02-06T20:57:48","guid":{"rendered":"https:\/\/exoticchemicals.com\/?post_type=product&#038;p=2410"},"modified":"2026-04-07T02:41:38","modified_gmt":"2026-04-07T02:41:38","slug":"2-fa","status":"publish","type":"product","link":"https:\/\/exoticchemicals.com\/cs\/product\/2-fa\/","title":{"rendered":"2-FA"},"content":{"rendered":"<h1>2-Fluoroamphetamine HCL | 2-FA<\/h1>\n<p>Buy\u00a0<a href=\"https:\/\/ketamsclinic.com\/product\/2-fa\/\">2 FA<\/a>\u00a0online. 2-FA otherwise known as\u00a0<a href=\"https:\/\/en.wikipedia.org\/wiki\/2-Fluoroamphetamine\">2-Fluoroamphetamine<\/a>, is a stimulant of the Amphetamine family, first appearing around 2010. This chemical being a structural analog of amphetamine will act in a similar way during the research of the chemical. Expect to find results such as Stimulation, physical euphoria, analysis enhancement, and increased libido. The research chemical 2-FA has many properties similar to its partner compounds 2-FMA, 3-FA, and 3-FMA.<\/p>\n<h2>Buy 2-FA online<\/h2>\n<p><img decoding=\"async\" class=\"alignright\" src=\"https:\/\/upload.wikimedia.org\/wikipedia\/commons\/0\/04\/2-Fluoroamphetamine.png\" alt=\"2-Fluoroamphetamine - Wikipedia\" \/>While you may be happier while on the drug, it\u2019s not very euphoric. And even though it can offer an increase in motivation, becoming incredibly happy regardless of what you\u2019re working on isn\u2019t as common.<\/p>\n<p>Some people have compared it to\u00a0lisdexamfetamine. Both are fairly long-lasting and good for productivity at common doses. However, 2-FMA tends to have a lower recreational potential than lisdexamfetamine or amphetamine.<\/p>\n<h3><\/h3>\n<h3>Buy 2-FA (2-Fluoroamphetamine) For Sale Online<\/h3>\n<p>There have been cases of people using it daily or nearly daily, occasionally as an alternative to prescription amphetamines. Since less is known about 2-FMA, this isn\u2019t recommended. Contact us for Wholesale<\/p>\n<p>The drug is typically more enjoyable and noticeable than modafinil, but they\u2019re both more productive than recreational.<\/p>\n<h2>Availability of 2-FA Hydrochloride.<\/h2>\n<p>You can select between 1g, 2g, 5g, and 10g to buy 2-FA Hydrochloride here.<\/p>\n<h2>Storage conditions of 2-FA Hydrochloride.<\/h2>\n<p>Once you\u2019ve received your 2-FA Hydrochloride item, don\u2019t forget to store it far from sunlight, in dry places, and at room temperature of 20-25\u00baC at maximum. If you want to highly preserve the quality of 2-FA Hydrochloride, RareChems suggests you get a vacuum sealing machine. Don\u2019t forget to ask us if you have any doubts or questions about that.<\/p>\n<h2>Handling your 2-FA Hydrochloride.<\/h2>\n<p>We strongly recommend you take special safety measures when handling your 2-FA Hydrochloride like wearing an FFP-2 mask or gloves.<\/p>\n<h2>Where to buy 2-FA Hydrochloride?<\/h2>\n<p>You can buy research chemicals including 2-FA Hydrochloride on our <a href=\"https:\/\/ketamsclinic.com\/\">website<\/a>, Ketam Clinic. All our research chemicals are tested and analyzed before setting them for sale. It\u2019s the only way to confirm our top-quality 2-FA Hydrochloride. If you need the results or need further assistance, don\u2019t hesitate to contact us. 2-FA Hydrochloride is only available in powder form, but we have some other research chemicals in blotter and pellets form.<\/p>","protected":false},"excerpt":{"rendered":"<p><strong>Always store in a cool, dry place for maximum shelf-life. This product is intended for forensic and research applications only. It is therefore NOT intended for human consumption or in-vivo testing of any kind on animals or any living organism.<\/strong><\/p>","protected":false},"featured_media":2432,"comment_status":"open","ping_status":"closed","template":"","meta":{"_uag_custom_page_level_css":"","site-sidebar-layout":"default","site-content-layout":"","ast-site-content-layout":"","site-content-style":"default","site-sidebar-style":"default","ast-global-header-display":"","ast-banner-title-visibility":"","ast-main-header-display":"","ast-hfb-above-header-display":"","ast-hfb-below-header-display":"","ast-hfb-mobile-header-display":"","site-post-title":"","ast-breadcrumbs-content":"","ast-featured-img":"","footer-sml-layout":"","theme-transparent-header-meta":"","adv-header-id-meta":"","stick-header-meta":"","header-above-stick-meta":"","header-main-stick-meta":"","header-below-stick-meta":"","astra-migrate-meta-layouts":"default","ast-page-background-enabled":"default","ast-page-background-meta":{"desktop":{"background-color":"","background-image":"","background-repeat":"repeat","background-position":"center center","background-size":"auto","background-attachment":"scroll","background-type":"","background-media":"","overlay-type":"","overlay-color":"","overlay-opacity":"","overlay-gradient":""},"tablet":{"background-color":"","background-image":"","background-repeat":"repeat","background-position":"center center","background-size":"auto","background-attachment":"scroll","background-type":"","background-media":"","overlay-type":"","overlay-color":"","overlay-opacity":"","overlay-gradient":""},"mobile":{"background-color":"","background-image":"","background-repeat":"repeat","background-position":"center center","background-size":"auto","background-attachment":"scroll","background-type":"","background-media":"","overlay-type":"","overlay-color":"","overlay-opacity":"","overlay-gradient":""}},"ast-content-background-meta":{"desktop":{"background-color":"var(--ast-global-color-5)","background-image":"","background-repeat":"repeat","background-position":"center center","background-size":"auto","background-attachment":"scroll","background-type":"","background-media":"","overlay-type":"","overlay-color":"","overlay-opacity":"","overlay-gradient":""},"tablet":{"background-color":"var(--ast-global-color-5)","background-image":"","background-repeat":"repeat","background-position":"center center","background-size":"auto","background-attachment":"scroll","background-type":"","background-media":"","overlay-type":"","overlay-color":"","overlay-opacity":"","overlay-gradient":""},"mobile":{"background-color":"var(--ast-global-color-5)","background-image":"","background-repeat":"repeat","background-position":"center center","background-size":"auto","background-attachment":"scroll","background-type":"","background-media":"","overlay-type":"","overlay-color":"","overlay-opacity":"","overlay-gradient":""}}},"product_brand":[],"product_cat":[330],"product_tag":[536,537,538,539,540,541,542],"class_list":{"0":"post-2410","1":"product","2":"type-product","3":"status-publish","4":"has-post-thumbnail","6":"product_cat-mdphp-hydrochloride-for-sale-research-chemicals","7":"product_tag-2-fa-buy-online","8":"product_tag-2-fa-online-rc","9":"product_tag-2-fluoroamphetamine-for-sale","10":"product_tag-buy-2-fa-online","11":"product_tag-buy-2-fluoroamphetamine2-fa-online","12":"product_tag-buy-4-fma-4-fa-2-fma-online","13":"product_tag-where-to-buy-2-fa-online","14":"desktop-align-left","15":"tablet-align-left","16":"mobile-align-left","18":"first","19":"instock","20":"shipping-taxable","21":"purchasable","22":"product-type-variable"},"yoast_head":"<!-- This site is optimized with the Yoast SEO plugin v27.4 - https:\/\/yoast.com\/product\/yoast-seo-wordpress\/ -->\n<title>2-FA -<\/title>\n<meta name=\"robots\" content=\"index, follow, max-snippet:-1, max-image-preview:large, max-video-preview:-1\" \/>\n<link rel=\"canonical\" href=\"https:\/\/exoticchemicals.com\/cs\/product\/2-fa\/\" \/>\n<meta property=\"og:locale\" content=\"cs_CZ\" \/>\n<meta property=\"og:type\" content=\"article\" \/>\n<meta property=\"og:title\" content=\"2-FA -\" \/>\n<meta property=\"og:description\" content=\"Always store in a cool, dry place for maximum shelf-life. This product is intended for forensic and research applications only. It is therefore NOT intended for human consumption or in-vivo testing of any kind on animals or any living organism.\" \/>\n<meta property=\"og:url\" content=\"https:\/\/exoticchemicals.com\/cs\/product\/2-fa\/\" \/>\n<meta property=\"article:modified_time\" content=\"2026-04-07T02:41:38+00:00\" \/>\n<meta property=\"og:image\" content=\"https:\/\/exoticchemicals.com\/wp-content\/uploads\/2025\/02\/2-fa.jpeg\" \/>\n\t<meta property=\"og:image:width\" content=\"400\" \/>\n\t<meta property=\"og:image:height\" content=\"300\" \/>\n\t<meta property=\"og:image:type\" content=\"image\/jpeg\" \/>\n<meta name=\"twitter:card\" content=\"summary_large_image\" \/>\n<meta name=\"twitter:label1\" content=\"Odhadovan\u00e1 doba \u010dten\u00ed\" \/>\n\t<meta name=\"twitter:data1\" content=\"2 minuty\" \/>\n<script type=\"application\/ld+json\" class=\"yoast-schema-graph\">{\"@context\":\"https:\\\/\\\/schema.org\",\"@graph\":[{\"@type\":\"WebPage\",\"@id\":\"https:\\\/\\\/exoticchemicals.com\\\/product\\\/2-fa\\\/\",\"url\":\"https:\\\/\\\/exoticchemicals.com\\\/product\\\/2-fa\\\/\",\"name\":\"2-FA -\",\"isPartOf\":{\"@id\":\"https:\\\/\\\/exoticchemicals.com\\\/#website\"},\"primaryImageOfPage\":{\"@id\":\"https:\\\/\\\/exoticchemicals.com\\\/product\\\/2-fa\\\/#primaryimage\"},\"image\":{\"@id\":\"https:\\\/\\\/exoticchemicals.com\\\/product\\\/2-fa\\\/#primaryimage\"},\"thumbnailUrl\":\"https:\\\/\\\/exoticchemicals.com\\\/wp-content\\\/uploads\\\/2025\\\/02\\\/2-fa.jpeg\",\"datePublished\":\"2025-02-06T20:57:48+00:00\",\"dateModified\":\"2026-04-07T02:41:38+00:00\",\"breadcrumb\":{\"@id\":\"https:\\\/\\\/exoticchemicals.com\\\/product\\\/2-fa\\\/#breadcrumb\"},\"inLanguage\":\"cs\",\"potentialAction\":[{\"@type\":\"ReadAction\",\"target\":[\"https:\\\/\\\/exoticchemicals.com\\\/product\\\/2-fa\\\/\"]}]},{\"@type\":\"ImageObject\",\"inLanguage\":\"cs\",\"@id\":\"https:\\\/\\\/exoticchemicals.com\\\/product\\\/2-fa\\\/#primaryimage\",\"url\":\"https:\\\/\\\/exoticchemicals.com\\\/wp-content\\\/uploads\\\/2025\\\/02\\\/2-fa.jpeg\",\"contentUrl\":\"https:\\\/\\\/exoticchemicals.com\\\/wp-content\\\/uploads\\\/2025\\\/02\\\/2-fa.jpeg\",\"width\":400,\"height\":300},{\"@type\":\"BreadcrumbList\",\"@id\":\"https:\\\/\\\/exoticchemicals.com\\\/product\\\/2-fa\\\/#breadcrumb\",\"itemListElement\":[{\"@type\":\"ListItem\",\"position\":1,\"name\":\"Home\",\"item\":\"https:\\\/\\\/exoticchemicals.com\\\/\"},{\"@type\":\"ListItem\",\"position\":2,\"name\":\"Shop\",\"item\":\"https:\\\/\\\/exoticchemicals.com\\\/shop\\\/\"},{\"@type\":\"ListItem\",\"position\":3,\"name\":\"2-FA\"}]},{\"@type\":\"WebSite\",\"@id\":\"https:\\\/\\\/exoticchemicals.com\\\/#website\",\"url\":\"https:\\\/\\\/exoticchemicals.com\\\/\",\"name\":\"exotic chemicals\",\"description\":\"Buy MDPHP Hydrochloride\",\"publisher\":{\"@id\":\"https:\\\/\\\/exoticchemicals.com\\\/#\\\/schema\\\/person\\\/07ad08472b6f5b213792451a32dbe8c7\"},\"potentialAction\":[{\"@type\":\"SearchAction\",\"target\":{\"@type\":\"EntryPoint\",\"urlTemplate\":\"https:\\\/\\\/exoticchemicals.com\\\/?s={search_term_string}\"},\"query-input\":{\"@type\":\"PropertyValueSpecification\",\"valueRequired\":true,\"valueName\":\"search_term_string\"}}],\"inLanguage\":\"cs\"},{\"@type\":[\"Person\",\"Organization\"],\"@id\":\"https:\\\/\\\/exoticchemicals.com\\\/#\\\/schema\\\/person\\\/07ad08472b6f5b213792451a32dbe8c7\",\"name\":\"wwalkershop@gmail.com\",\"image\":{\"@type\":\"ImageObject\",\"inLanguage\":\"cs\",\"@id\":\"https:\\\/\\\/exoticchemicals.com\\\/wp-content\\\/uploads\\\/2025\\\/02\\\/pure-3-1-1.png\",\"url\":\"https:\\\/\\\/exoticchemicals.com\\\/wp-content\\\/uploads\\\/2025\\\/02\\\/pure-3-1-1.png\",\"contentUrl\":\"https:\\\/\\\/exoticchemicals.com\\\/wp-content\\\/uploads\\\/2025\\\/02\\\/pure-3-1-1.png\",\"width\":500,\"height\":500,\"caption\":\"wwalkershop@gmail.com\"},\"logo\":{\"@id\":\"https:\\\/\\\/exoticchemicals.com\\\/wp-content\\\/uploads\\\/2025\\\/02\\\/pure-3-1-1.png\"},\"sameAs\":[\"http:\\\/\\\/exoticchemicals.com\"]}]}<\/script>\n<!-- \/ Yoast SEO plugin. -->","yoast_head_json":{"title":"2-FA -","robots":{"index":"index","follow":"follow","max-snippet":"max-snippet:-1","max-image-preview":"max-image-preview:large","max-video-preview":"max-video-preview:-1"},"canonical":"https:\/\/exoticchemicals.com\/cs\/product\/2-fa\/","og_locale":"cs_CZ","og_type":"article","og_title":"2-FA -","og_description":"Always store in a cool, dry place for maximum shelf-life. This product is intended for forensic and research applications only. It is therefore NOT intended for human consumption or in-vivo testing of any kind on animals or any living organism.","og_url":"https:\/\/exoticchemicals.com\/cs\/product\/2-fa\/","article_modified_time":"2026-04-07T02:41:38+00:00","og_image":[{"width":400,"height":300,"url":"https:\/\/exoticchemicals.com\/wp-content\/uploads\/2025\/02\/2-fa.jpeg","type":"image\/jpeg"}],"twitter_card":"summary_large_image","twitter_misc":{"Odhadovan\u00e1 doba \u010dten\u00ed":"2 minuty"},"schema":{"@context":"https:\/\/schema.org","@graph":[{"@type":"WebPage","@id":"https:\/\/exoticchemicals.com\/product\/2-fa\/","url":"https:\/\/exoticchemicals.com\/product\/2-fa\/","name":"2-FA -","isPartOf":{"@id":"https:\/\/exoticchemicals.com\/#website"},"primaryImageOfPage":{"@id":"https:\/\/exoticchemicals.com\/product\/2-fa\/#primaryimage"},"image":{"@id":"https:\/\/exoticchemicals.com\/product\/2-fa\/#primaryimage"},"thumbnailUrl":"https:\/\/exoticchemicals.com\/wp-content\/uploads\/2025\/02\/2-fa.jpeg","datePublished":"2025-02-06T20:57:48+00:00","dateModified":"2026-04-07T02:41:38+00:00","breadcrumb":{"@id":"https:\/\/exoticchemicals.com\/product\/2-fa\/#breadcrumb"},"inLanguage":"cs","potentialAction":[{"@type":"ReadAction","target":["https:\/\/exoticchemicals.com\/product\/2-fa\/"]}]},{"@type":"ImageObject","inLanguage":"cs","@id":"https:\/\/exoticchemicals.com\/product\/2-fa\/#primaryimage","url":"https:\/\/exoticchemicals.com\/wp-content\/uploads\/2025\/02\/2-fa.jpeg","contentUrl":"https:\/\/exoticchemicals.com\/wp-content\/uploads\/2025\/02\/2-fa.jpeg","width":400,"height":300},{"@type":"BreadcrumbList","@id":"https:\/\/exoticchemicals.com\/product\/2-fa\/#breadcrumb","itemListElement":[{"@type":"ListItem","position":1,"name":"Home","item":"https:\/\/exoticchemicals.com\/"},{"@type":"ListItem","position":2,"name":"Shop","item":"https:\/\/exoticchemicals.com\/shop\/"},{"@type":"ListItem","position":3,"name":"2-FA"}]},{"@type":"WebSite","@id":"https:\/\/exoticchemicals.com\/#website","url":"https:\/\/exoticchemicals.com\/","name":"exotick\u00e9 chemik\u00e1lie","description":"Koupit MDPHP hydrochlorid","publisher":{"@id":"https:\/\/exoticchemicals.com\/#\/schema\/person\/07ad08472b6f5b213792451a32dbe8c7"},"potentialAction":[{"@type":"SearchAction","target":{"@type":"EntryPoint","urlTemplate":"https:\/\/exoticchemicals.com\/?s={search_term_string}"},"query-input":{"@type":"PropertyValueSpecification","valueRequired":true,"valueName":"search_term_string"}}],"inLanguage":"cs"},{"@type":["Person","Organization"],"@id":"https:\/\/exoticchemicals.com\/#\/schema\/person\/07ad08472b6f5b213792451a32dbe8c7","name":"wwalkershop@gmail.com","image":{"@type":"ImageObject","inLanguage":"cs","@id":"https:\/\/exoticchemicals.com\/wp-content\/uploads\/2025\/02\/pure-3-1-1.png","url":"https:\/\/exoticchemicals.com\/wp-content\/uploads\/2025\/02\/pure-3-1-1.png","contentUrl":"https:\/\/exoticchemicals.com\/wp-content\/uploads\/2025\/02\/pure-3-1-1.png","width":500,"height":500,"caption":"wwalkershop@gmail.com"},"logo":{"@id":"https:\/\/exoticchemicals.com\/wp-content\/uploads\/2025\/02\/pure-3-1-1.png"},"sameAs":["http:\/\/exoticchemicals.com"]}]}},"uagb_featured_image_src":{"full":["https:\/\/exoticchemicals.com\/wp-content\/uploads\/2025\/02\/2-fa.jpeg",400,300,false],"thumbnail":["https:\/\/exoticchemicals.com\/wp-content\/uploads\/2025\/02\/2-fa-150x150.jpeg",150,150,true],"medium":["https:\/\/exoticchemicals.com\/wp-content\/uploads\/2025\/02\/2-fa-300x225.jpeg",300,225,true],"medium_large":["https:\/\/exoticchemicals.com\/wp-content\/uploads\/2025\/02\/2-fa.jpeg",400,300,false],"large":["https:\/\/exoticchemicals.com\/wp-content\/uploads\/2025\/02\/2-fa.jpeg",400,300,false],"1536x1536":["https:\/\/exoticchemicals.com\/wp-content\/uploads\/2025\/02\/2-fa.jpeg",400,300,false],"2048x2048":["https:\/\/exoticchemicals.com\/wp-content\/uploads\/2025\/02\/2-fa.jpeg",400,300,false],"trp-custom-language-flag":["https:\/\/exoticchemicals.com\/wp-content\/uploads\/2025\/02\/2-fa.jpeg",16,12,false],"woocommerce_thumbnail":["https:\/\/exoticchemicals.com\/wp-content\/uploads\/2025\/02\/2-fa-300x300.jpeg",300,300,true],"woocommerce_single":["https:\/\/exoticchemicals.com\/wp-content\/uploads\/2025\/02\/2-fa.jpeg",400,300,false],"woocommerce_gallery_thumbnail":["https:\/\/exoticchemicals.com\/wp-content\/uploads\/2025\/02\/2-fa-100x100.jpeg",100,100,true]},"uagb_author_info":{"display_name":"bossman","author_link":"https:\/\/exoticchemicals.com\/cs\/author\/"},"uagb_comment_info":7,"uagb_excerpt":"Always store in a cool, dry place for maximum shelf-life. This product is intended for forensic and research applications only. It is therefore NOT intended for human consumption or in-vivo testing of any kind on animals or any living organism.","_links":{"self":[{"href":"https:\/\/exoticchemicals.com\/cs\/wp-json\/wp\/v2\/product\/2410","targetHints":{"allow":["GET"]}}],"collection":[{"href":"https:\/\/exoticchemicals.com\/cs\/wp-json\/wp\/v2\/product"}],"about":[{"href":"https:\/\/exoticchemicals.com\/cs\/wp-json\/wp\/v2\/types\/product"}],"replies":[{"embeddable":true,"href":"https:\/\/exoticchemicals.com\/cs\/wp-json\/wp\/v2\/comments?post=2410"}],"wp:featuredmedia":[{"embeddable":true,"href":"https:\/\/exoticchemicals.com\/cs\/wp-json\/wp\/v2\/media\/2432"}],"wp:attachment":[{"href":"https:\/\/exoticchemicals.com\/cs\/wp-json\/wp\/v2\/media?parent=2410"}],"wp:term":[{"taxonomy":"product_brand","embeddable":true,"href":"https:\/\/exoticchemicals.com\/cs\/wp-json\/wp\/v2\/product_brand?post=2410"},{"taxonomy":"product_cat","embeddable":true,"href":"https:\/\/exoticchemicals.com\/cs\/wp-json\/wp\/v2\/product_cat?post=2410"},{"taxonomy":"product_tag","embeddable":true,"href":"https:\/\/exoticchemicals.com\/cs\/wp-json\/wp\/v2\/product_tag?post=2410"}],"curies":[{"name":"wp","href":"https:\/\/api.w.org\/{rel}","templated":true}]}}