{"id":2531,"date":"2025-02-06T21:15:15","date_gmt":"2025-02-06T21:15:15","guid":{"rendered":"https:\/\/exoticchemicals.com\/?post_type=product&#038;p=2531"},"modified":"2026-04-11T08:51:33","modified_gmt":"2026-04-11T08:51:33","slug":"muhamed-carts-available-in-bulk","status":"publish","type":"product","link":"https:\/\/exoticchemicals.com\/cs\/product\/muhamed-carts-available-in-bulk\/","title":{"rendered":"Muhamed carts available in bulk"},"content":{"rendered":"<h1><strong>Buy Muhamed Cart Bulk: Muhamed carts are available in bulk (we will mix match flavors)<\/strong><\/h1>\n<p>Buy Muhamed Cart Bulk: Muha Meds Carts Extraordinary tasting hits with a higher evaluation of lucidity &amp; <a href=\"https:\/\/australiapsilocybins.com\/product-category\/anxiety\/\"><em><strong>well-hitting vaporizer<\/strong><\/em><\/a> conveys a solid draw joined by an incredible taste. Never weakened or blended with any contaminants, propylene glycol, particulates or unsafe smoke poisons. Stealthy, inconspicuous and splendidly estimated for your pocket. This pen has a delicate vapor aroma that does not smell like cannabis and can without much of a stretch be put away.<\/p>\n<p>Strong and well-hitting, this vaporizer conveys a solid draw joined by an incredible taste. And awesome wind current that does not thicken or clump.<\/p>\n<h2><strong>Muha Meds Cartridge Buy Muhamed Cart Bulk<\/strong><\/h2>\n<p>As muha meds cartridge cannabis uses keeps on climbing in the US and around the globe, the strategies for use are advancing and ending up more proficient.<\/p>\n<p>consuming cannabis without smoking dry bloom is with a battery-worked vaporizer. Which can be used to smoke THC cartridges that contain concentrated cannabis oil.<\/p>\n<p>Muha Meds Carts Flavors<br \/> Cherry Pie<br \/> Sunset Sherbet<br \/> Gods Gift<br \/> Green Crack<\/p>\n<h3><strong>Impacts of MuhaMeds Carts.<\/strong><\/h3>\n<p>More prominent so it has debilitated or mixed with any toxins because propylene glycol, particulates, or dangerous smoke harms. Thus Stealthy, subtle and superbly assessed in your pocket. Muha meds pen has a sensitive fume fragrance that doesn\u2019t possess an aroma like pot and can without huge loads of a stretch be put away.<\/p>\n<p>Durable and pleasantly hitting, this vaporizer conveys a steady draw got together with the guide of a huge flavor and top-notch breeze state of the art that doesn\u2019t thicken or clump. Muha Meds carts<\/p>\n<p>Use Of Muha Med Carts<br \/> As weed utilizes forges ahead with mountaineering inside the US and all over the planet, the procedures to be utilized are progressing and wrapping up extra skilled. Consequently, ingesting marijuana without smoking dry sprout is with a battery-worked vaporizer however that is to make reference to it can be utilized to smoke THC cartridges that incorporate centered pot oil. Muha Meds truck.<\/p>","protected":false},"excerpt":{"rendered":"<p>Buy Muhamed Cart Bulk: Muhamed carts are available in bulk (we will mix match flavors) Buy Muhamed Cart Bulk: Muha Meds Carts Extraordinary tasting hits with a higher evaluation of lucidity &amp; well-hitting vaporizer conveys a solid draw joined by an incredible taste. Never weakened or blended with any contaminants, propylene glycol, particulates or unsafe [&hellip;]<\/p>\n","protected":false},"featured_media":2561,"comment_status":"open","ping_status":"closed","template":"","meta":{"_uag_custom_page_level_css":"","site-sidebar-layout":"default","site-content-layout":"","ast-site-content-layout":"default","site-content-style":"default","site-sidebar-style":"default","ast-global-header-display":"","ast-banner-title-visibility":"","ast-main-header-display":"","ast-hfb-above-header-display":"","ast-hfb-below-header-display":"","ast-hfb-mobile-header-display":"","site-post-title":"","ast-breadcrumbs-content":"","ast-featured-img":"","footer-sml-layout":"","ast-disable-related-posts":"","theme-transparent-header-meta":"","adv-header-id-meta":"","stick-header-meta":"","header-above-stick-meta":"","header-main-stick-meta":"","header-below-stick-meta":"","astra-migrate-meta-layouts":"default","ast-page-background-enabled":"default","ast-page-background-meta":{"desktop":{"background-color":"","background-image":"","background-repeat":"repeat","background-position":"center center","background-size":"auto","background-attachment":"scroll","background-type":"","background-media":"","overlay-type":"","overlay-color":"","overlay-opacity":"","overlay-gradient":""},"tablet":{"background-color":"","background-image":"","background-repeat":"repeat","background-position":"center center","background-size":"auto","background-attachment":"scroll","background-type":"","background-media":"","overlay-type":"","overlay-color":"","overlay-opacity":"","overlay-gradient":""},"mobile":{"background-color":"","background-image":"","background-repeat":"repeat","background-position":"center center","background-size":"auto","background-attachment":"scroll","background-type":"","background-media":"","overlay-type":"","overlay-color":"","overlay-opacity":"","overlay-gradient":""}},"ast-content-background-meta":{"desktop":{"background-color":"var(--ast-global-color-5)","background-image":"","background-repeat":"repeat","background-position":"center center","background-size":"auto","background-attachment":"scroll","background-type":"","background-media":"","overlay-type":"","overlay-color":"","overlay-opacity":"","overlay-gradient":""},"tablet":{"background-color":"var(--ast-global-color-5)","background-image":"","background-repeat":"repeat","background-position":"center center","background-size":"auto","background-attachment":"scroll","background-type":"","background-media":"","overlay-type":"","overlay-color":"","overlay-opacity":"","overlay-gradient":""},"mobile":{"background-color":"var(--ast-global-color-5)","background-image":"","background-repeat":"repeat","background-position":"center center","background-size":"auto","background-attachment":"scroll","background-type":"","background-media":"","overlay-type":"","overlay-color":"","overlay-opacity":"","overlay-gradient":""}}},"product_brand":[],"product_cat":[1013],"product_tag":[1014],"class_list":{"0":"post-2531","1":"product","2":"type-product","3":"status-publish","4":"has-post-thumbnail","6":"product_cat-cake","7":"product_tag-buy-muhamed-cart-bulk","8":"desktop-align-left","9":"tablet-align-left","10":"mobile-align-left","12":"first","13":"instock","14":"shipping-taxable","15":"purchasable","16":"product-type-simple"},"yoast_head":"<!-- This site is optimized with the Yoast SEO plugin v27.4 - https:\/\/yoast.com\/product\/yoast-seo-wordpress\/ -->\n<title>Muhamed carts available in bulk -<\/title>\n<meta name=\"robots\" content=\"index, follow, max-snippet:-1, max-image-preview:large, max-video-preview:-1\" \/>\n<link rel=\"canonical\" href=\"https:\/\/exoticchemicals.com\/cs\/product\/muhamed-carts-available-in-bulk\/\" \/>\n<meta property=\"og:locale\" content=\"cs_CZ\" \/>\n<meta property=\"og:type\" content=\"article\" \/>\n<meta property=\"og:title\" content=\"Muhamed carts available in bulk -\" \/>\n<meta property=\"og:description\" content=\"Buy Muhamed Cart Bulk: Muhamed carts are available in bulk (we will mix match flavors) Buy Muhamed Cart Bulk: Muha Meds Carts Extraordinary tasting hits with a higher evaluation of lucidity &amp; well-hitting vaporizer conveys a solid draw joined by an incredible taste. Never weakened or blended with any contaminants, propylene glycol, particulates or unsafe [&hellip;]\" \/>\n<meta property=\"og:url\" content=\"https:\/\/exoticchemicals.com\/cs\/product\/muhamed-carts-available-in-bulk\/\" \/>\n<meta property=\"article:modified_time\" content=\"2026-04-11T08:51:33+00:00\" \/>\n<meta property=\"og:image\" content=\"https:\/\/exoticchemicals.com\/wp-content\/uploads\/2025\/02\/98f37366-f989-4f8d-9e73-8c4a14542d0f-1.jpg\" \/>\n\t<meta property=\"og:image:width\" content=\"960\" \/>\n\t<meta property=\"og:image:height\" content=\"1280\" \/>\n\t<meta property=\"og:image:type\" content=\"image\/jpeg\" \/>\n<meta name=\"twitter:card\" content=\"summary_large_image\" \/>\n<meta name=\"twitter:label1\" content=\"Odhadovan\u00e1 doba \u010dten\u00ed\" \/>\n\t<meta name=\"twitter:data1\" content=\"2 minuty\" \/>\n<script type=\"application\/ld+json\" class=\"yoast-schema-graph\">{\"@context\":\"https:\\\/\\\/schema.org\",\"@graph\":[{\"@type\":\"WebPage\",\"@id\":\"https:\\\/\\\/exoticchemicals.com\\\/product\\\/muhamed-carts-available-in-bulk\\\/\",\"url\":\"https:\\\/\\\/exoticchemicals.com\\\/product\\\/muhamed-carts-available-in-bulk\\\/\",\"name\":\"Muhamed carts available in bulk -\",\"isPartOf\":{\"@id\":\"https:\\\/\\\/exoticchemicals.com\\\/#website\"},\"primaryImageOfPage\":{\"@id\":\"https:\\\/\\\/exoticchemicals.com\\\/product\\\/muhamed-carts-available-in-bulk\\\/#primaryimage\"},\"image\":{\"@id\":\"https:\\\/\\\/exoticchemicals.com\\\/product\\\/muhamed-carts-available-in-bulk\\\/#primaryimage\"},\"thumbnailUrl\":\"https:\\\/\\\/exoticchemicals.com\\\/wp-content\\\/uploads\\\/2025\\\/02\\\/98f37366-f989-4f8d-9e73-8c4a14542d0f-1.jpg\",\"datePublished\":\"2025-02-06T21:15:15+00:00\",\"dateModified\":\"2026-04-11T08:51:33+00:00\",\"breadcrumb\":{\"@id\":\"https:\\\/\\\/exoticchemicals.com\\\/product\\\/muhamed-carts-available-in-bulk\\\/#breadcrumb\"},\"inLanguage\":\"cs\",\"potentialAction\":[{\"@type\":\"ReadAction\",\"target\":[\"https:\\\/\\\/exoticchemicals.com\\\/product\\\/muhamed-carts-available-in-bulk\\\/\"]}]},{\"@type\":\"ImageObject\",\"inLanguage\":\"cs\",\"@id\":\"https:\\\/\\\/exoticchemicals.com\\\/product\\\/muhamed-carts-available-in-bulk\\\/#primaryimage\",\"url\":\"https:\\\/\\\/exoticchemicals.com\\\/wp-content\\\/uploads\\\/2025\\\/02\\\/98f37366-f989-4f8d-9e73-8c4a14542d0f-1.jpg\",\"contentUrl\":\"https:\\\/\\\/exoticchemicals.com\\\/wp-content\\\/uploads\\\/2025\\\/02\\\/98f37366-f989-4f8d-9e73-8c4a14542d0f-1.jpg\",\"width\":960,\"height\":1280},{\"@type\":\"BreadcrumbList\",\"@id\":\"https:\\\/\\\/exoticchemicals.com\\\/product\\\/muhamed-carts-available-in-bulk\\\/#breadcrumb\",\"itemListElement\":[{\"@type\":\"ListItem\",\"position\":1,\"name\":\"Home\",\"item\":\"https:\\\/\\\/exoticchemicals.com\\\/\"},{\"@type\":\"ListItem\",\"position\":2,\"name\":\"Shop\",\"item\":\"https:\\\/\\\/exoticchemicals.com\\\/shop\\\/\"},{\"@type\":\"ListItem\",\"position\":3,\"name\":\"Muhamed carts available in bulk\"}]},{\"@type\":\"WebSite\",\"@id\":\"https:\\\/\\\/exoticchemicals.com\\\/#website\",\"url\":\"https:\\\/\\\/exoticchemicals.com\\\/\",\"name\":\"exotic chemicals\",\"description\":\"Buy MDPHP Hydrochloride\",\"publisher\":{\"@id\":\"https:\\\/\\\/exoticchemicals.com\\\/#\\\/schema\\\/person\\\/07ad08472b6f5b213792451a32dbe8c7\"},\"potentialAction\":[{\"@type\":\"SearchAction\",\"target\":{\"@type\":\"EntryPoint\",\"urlTemplate\":\"https:\\\/\\\/exoticchemicals.com\\\/?s={search_term_string}\"},\"query-input\":{\"@type\":\"PropertyValueSpecification\",\"valueRequired\":true,\"valueName\":\"search_term_string\"}}],\"inLanguage\":\"cs\"},{\"@type\":[\"Person\",\"Organization\"],\"@id\":\"https:\\\/\\\/exoticchemicals.com\\\/#\\\/schema\\\/person\\\/07ad08472b6f5b213792451a32dbe8c7\",\"name\":\"wwalkershop@gmail.com\",\"image\":{\"@type\":\"ImageObject\",\"inLanguage\":\"cs\",\"@id\":\"https:\\\/\\\/exoticchemicals.com\\\/wp-content\\\/uploads\\\/2025\\\/02\\\/pure-3-1-1.png\",\"url\":\"https:\\\/\\\/exoticchemicals.com\\\/wp-content\\\/uploads\\\/2025\\\/02\\\/pure-3-1-1.png\",\"contentUrl\":\"https:\\\/\\\/exoticchemicals.com\\\/wp-content\\\/uploads\\\/2025\\\/02\\\/pure-3-1-1.png\",\"width\":500,\"height\":500,\"caption\":\"wwalkershop@gmail.com\"},\"logo\":{\"@id\":\"https:\\\/\\\/exoticchemicals.com\\\/wp-content\\\/uploads\\\/2025\\\/02\\\/pure-3-1-1.png\"},\"sameAs\":[\"http:\\\/\\\/exoticchemicals.com\"]}]}<\/script>\n<!-- \/ Yoast SEO plugin. -->","yoast_head_json":{"title":"Muhamed carts available in bulk -","robots":{"index":"index","follow":"follow","max-snippet":"max-snippet:-1","max-image-preview":"max-image-preview:large","max-video-preview":"max-video-preview:-1"},"canonical":"https:\/\/exoticchemicals.com\/cs\/product\/muhamed-carts-available-in-bulk\/","og_locale":"cs_CZ","og_type":"article","og_title":"Muhamed carts available in bulk -","og_description":"Buy Muhamed Cart Bulk: Muhamed carts are available in bulk (we will mix match flavors) Buy Muhamed Cart Bulk: Muha Meds Carts Extraordinary tasting hits with a higher evaluation of lucidity &amp; well-hitting vaporizer conveys a solid draw joined by an incredible taste. Never weakened or blended with any contaminants, propylene glycol, particulates or unsafe [&hellip;]","og_url":"https:\/\/exoticchemicals.com\/cs\/product\/muhamed-carts-available-in-bulk\/","article_modified_time":"2026-04-11T08:51:33+00:00","og_image":[{"width":960,"height":1280,"url":"https:\/\/exoticchemicals.com\/wp-content\/uploads\/2025\/02\/98f37366-f989-4f8d-9e73-8c4a14542d0f-1.jpg","type":"image\/jpeg"}],"twitter_card":"summary_large_image","twitter_misc":{"Odhadovan\u00e1 doba \u010dten\u00ed":"2 minuty"},"schema":{"@context":"https:\/\/schema.org","@graph":[{"@type":"WebPage","@id":"https:\/\/exoticchemicals.com\/product\/muhamed-carts-available-in-bulk\/","url":"https:\/\/exoticchemicals.com\/product\/muhamed-carts-available-in-bulk\/","name":"Muhamed carts available in bulk -","isPartOf":{"@id":"https:\/\/exoticchemicals.com\/#website"},"primaryImageOfPage":{"@id":"https:\/\/exoticchemicals.com\/product\/muhamed-carts-available-in-bulk\/#primaryimage"},"image":{"@id":"https:\/\/exoticchemicals.com\/product\/muhamed-carts-available-in-bulk\/#primaryimage"},"thumbnailUrl":"https:\/\/exoticchemicals.com\/wp-content\/uploads\/2025\/02\/98f37366-f989-4f8d-9e73-8c4a14542d0f-1.jpg","datePublished":"2025-02-06T21:15:15+00:00","dateModified":"2026-04-11T08:51:33+00:00","breadcrumb":{"@id":"https:\/\/exoticchemicals.com\/product\/muhamed-carts-available-in-bulk\/#breadcrumb"},"inLanguage":"cs","potentialAction":[{"@type":"ReadAction","target":["https:\/\/exoticchemicals.com\/product\/muhamed-carts-available-in-bulk\/"]}]},{"@type":"ImageObject","inLanguage":"cs","@id":"https:\/\/exoticchemicals.com\/product\/muhamed-carts-available-in-bulk\/#primaryimage","url":"https:\/\/exoticchemicals.com\/wp-content\/uploads\/2025\/02\/98f37366-f989-4f8d-9e73-8c4a14542d0f-1.jpg","contentUrl":"https:\/\/exoticchemicals.com\/wp-content\/uploads\/2025\/02\/98f37366-f989-4f8d-9e73-8c4a14542d0f-1.jpg","width":960,"height":1280},{"@type":"BreadcrumbList","@id":"https:\/\/exoticchemicals.com\/product\/muhamed-carts-available-in-bulk\/#breadcrumb","itemListElement":[{"@type":"ListItem","position":1,"name":"Home","item":"https:\/\/exoticchemicals.com\/"},{"@type":"ListItem","position":2,"name":"Shop","item":"https:\/\/exoticchemicals.com\/shop\/"},{"@type":"ListItem","position":3,"name":"Muhamed carts available in bulk"}]},{"@type":"WebSite","@id":"https:\/\/exoticchemicals.com\/#website","url":"https:\/\/exoticchemicals.com\/","name":"exotick\u00e9 chemik\u00e1lie","description":"Koupit MDPHP hydrochlorid","publisher":{"@id":"https:\/\/exoticchemicals.com\/#\/schema\/person\/07ad08472b6f5b213792451a32dbe8c7"},"potentialAction":[{"@type":"SearchAction","target":{"@type":"EntryPoint","urlTemplate":"https:\/\/exoticchemicals.com\/?s={search_term_string}"},"query-input":{"@type":"PropertyValueSpecification","valueRequired":true,"valueName":"search_term_string"}}],"inLanguage":"cs"},{"@type":["Person","Organization"],"@id":"https:\/\/exoticchemicals.com\/#\/schema\/person\/07ad08472b6f5b213792451a32dbe8c7","name":"wwalkershop@gmail.com","image":{"@type":"ImageObject","inLanguage":"cs","@id":"https:\/\/exoticchemicals.com\/wp-content\/uploads\/2025\/02\/pure-3-1-1.png","url":"https:\/\/exoticchemicals.com\/wp-content\/uploads\/2025\/02\/pure-3-1-1.png","contentUrl":"https:\/\/exoticchemicals.com\/wp-content\/uploads\/2025\/02\/pure-3-1-1.png","width":500,"height":500,"caption":"wwalkershop@gmail.com"},"logo":{"@id":"https:\/\/exoticchemicals.com\/wp-content\/uploads\/2025\/02\/pure-3-1-1.png"},"sameAs":["http:\/\/exoticchemicals.com"]}]}},"uagb_featured_image_src":{"full":["https:\/\/exoticchemicals.com\/wp-content\/uploads\/2025\/02\/98f37366-f989-4f8d-9e73-8c4a14542d0f-1.jpg",960,1280,false],"thumbnail":["https:\/\/exoticchemicals.com\/wp-content\/uploads\/2025\/02\/98f37366-f989-4f8d-9e73-8c4a14542d0f-1-150x150.jpg",150,150,true],"medium":["https:\/\/exoticchemicals.com\/wp-content\/uploads\/2025\/02\/98f37366-f989-4f8d-9e73-8c4a14542d0f-1-225x300.jpg",225,300,true],"medium_large":["https:\/\/exoticchemicals.com\/wp-content\/uploads\/2025\/02\/98f37366-f989-4f8d-9e73-8c4a14542d0f-1-768x1024.jpg",768,1024,true],"large":["https:\/\/exoticchemicals.com\/wp-content\/uploads\/2025\/02\/98f37366-f989-4f8d-9e73-8c4a14542d0f-1-768x1024.jpg",768,1024,true],"1536x1536":["https:\/\/exoticchemicals.com\/wp-content\/uploads\/2025\/02\/98f37366-f989-4f8d-9e73-8c4a14542d0f-1.jpg",960,1280,false],"2048x2048":["https:\/\/exoticchemicals.com\/wp-content\/uploads\/2025\/02\/98f37366-f989-4f8d-9e73-8c4a14542d0f-1.jpg",960,1280,false],"trp-custom-language-flag":["https:\/\/exoticchemicals.com\/wp-content\/uploads\/2025\/02\/98f37366-f989-4f8d-9e73-8c4a14542d0f-1.jpg",9,12,false],"woocommerce_thumbnail":["https:\/\/exoticchemicals.com\/wp-content\/uploads\/2025\/02\/98f37366-f989-4f8d-9e73-8c4a14542d0f-1-300x300.jpg",300,300,true],"woocommerce_single":["https:\/\/exoticchemicals.com\/wp-content\/uploads\/2025\/02\/98f37366-f989-4f8d-9e73-8c4a14542d0f-1-600x800.jpg",600,800,true],"woocommerce_gallery_thumbnail":["https:\/\/exoticchemicals.com\/wp-content\/uploads\/2025\/02\/98f37366-f989-4f8d-9e73-8c4a14542d0f-1-100x100.jpg",100,100,true]},"uagb_author_info":{"display_name":"bossman","author_link":"https:\/\/exoticchemicals.com\/cs\/author\/"},"uagb_comment_info":8,"uagb_excerpt":"Buy Muhamed Cart Bulk: Muhamed carts are available in bulk (we will mix match flavors) Buy Muhamed Cart Bulk: Muha Meds Carts Extraordinary tasting hits with a higher evaluation of lucidity &amp; well-hitting vaporizer conveys a solid draw joined by an incredible taste. Never weakened or blended with any contaminants, propylene glycol, particulates or unsafe&hellip;","_links":{"self":[{"href":"https:\/\/exoticchemicals.com\/cs\/wp-json\/wp\/v2\/product\/2531","targetHints":{"allow":["GET"]}}],"collection":[{"href":"https:\/\/exoticchemicals.com\/cs\/wp-json\/wp\/v2\/product"}],"about":[{"href":"https:\/\/exoticchemicals.com\/cs\/wp-json\/wp\/v2\/types\/product"}],"replies":[{"embeddable":true,"href":"https:\/\/exoticchemicals.com\/cs\/wp-json\/wp\/v2\/comments?post=2531"}],"wp:featuredmedia":[{"embeddable":true,"href":"https:\/\/exoticchemicals.com\/cs\/wp-json\/wp\/v2\/media\/2561"}],"wp:attachment":[{"href":"https:\/\/exoticchemicals.com\/cs\/wp-json\/wp\/v2\/media?parent=2531"}],"wp:term":[{"taxonomy":"product_brand","embeddable":true,"href":"https:\/\/exoticchemicals.com\/cs\/wp-json\/wp\/v2\/product_brand?post=2531"},{"taxonomy":"product_cat","embeddable":true,"href":"https:\/\/exoticchemicals.com\/cs\/wp-json\/wp\/v2\/product_cat?post=2531"},{"taxonomy":"product_tag","embeddable":true,"href":"https:\/\/exoticchemicals.com\/cs\/wp-json\/wp\/v2\/product_tag?post=2531"}],"curies":[{"name":"wp","href":"https:\/\/api.w.org\/{rel}","templated":true}]}}