{"id":2664,"date":"2025-02-06T21:16:51","date_gmt":"2025-02-06T21:16:51","guid":{"rendered":"https:\/\/exoticchemicals.com\/?post_type=product&#038;p=2664"},"modified":"2026-04-15T21:01:41","modified_gmt":"2026-04-15T21:01:41","slug":"cubensis-b-microdose-250mg-od-mushmellows","status":"publish","type":"product","link":"https:\/\/exoticchemicals.com\/cs\/product\/cubensis-b-microdose-250mg-by-mushmellows\/","title":{"rendered":"Cubensis B+ Microdose (250 mg) od Mushmellows"},"content":{"rendered":"<p>\u010casto kladenou ot\u00e1zkou ohledn\u011b mikrod\u00e1vkov\u00e1n\u00ed je: \u201cM\u00e1m pou\u017e\u00edt lan\u00fd\u017ee nebo houby?\u201d. Na tuto ot\u00e1zku existuje odpov\u011b\u010f, kter\u00e1 se skl\u00e1d\u00e1 ze dvou \u010d\u00e1st\u00ed. Nejprve k \u00fa\u010dink\u016fm. A za druh\u00e9, skladov\u00e1n\u00ed. \u00da\u010dinky jsou dost podobn\u00e9 a d\u00e1vkov\u00e1n\u00ed je tak\u00e9 podobn\u00e9, pokud jsou houby dob\u0159e usu\u0161en\u00e9. Ale pokud jde o skladov\u00e1n\u00ed, houby se ukazuj\u00ed jako v\u00edt\u011bz.<\/p>\n<p>Po otev\u0159en\u00ed balen\u00ed lan\u00fd\u017e\u016f jsou lan\u00fd\u017ee pou\u017eiteln\u00e9 pouze n\u011bkolik dn\u00ed. Pro n\u011bkoho je mo\u017en\u00e9 lan\u00fd\u017ee rozdrtit a zmrazit, ale p\u0159i pou\u017eit\u00ed t\u00e9to metody nen\u00ed zaru\u010dena jejich \u00fa\u010dinnost. druhou mo\u017enost\u00ed je po\u0159\u00eddit si speci\u00e1ln\u011b p\u0159ipraven\u00e9 balen\u00ed lan\u00fd\u017e\u016f v mikrod\u00e1vk\u00e1ch, kter\u00e9 obsahuj\u00ed 6 gram\u016f rozd\u011blen\u00fdch po 1 gramu. Vezm\u011bte si plnou nebo polovi\u010dn\u00ed d\u00e1vku a m\u00e1te hotovo - kupte si Cubensis B+ mikrod\u00e1vku online.<\/p>\n<p>Houby se naopak daj\u00ed pom\u011brn\u011b snadno usu\u0161it, rozdrtit a uskladnit. Su\u0161en\u00e9 houby mohou z\u016fstat \u00fa\u010dinn\u00e9 po n\u011bkolik m\u011bs\u00edc\u016f, pokud jsou skladov\u00e1ny na chladn\u00e9m a such\u00e9m m\u00edst\u011b. Upozorn\u011bn\u00ed; neskladujte je v lednici, proto\u017ee v lednici je sice chladno, ale vlhkost vzduchu by byla p\u0159\u00edli\u0161 vysok\u00e1. Nap\u0159\u00edklad uzav\u0159en\u00e1 sk\u0159\u00ed\u0148, na kterou nesv\u00edt\u00ed p\u0159\u00edm\u00e9 slune\u010dn\u00ed sv\u011btlo; ide\u00e1ln\u00ed!<\/p>","protected":false},"excerpt":{"rendered":"<p>Buy Cubensis B+ Microdose online, a frequently asked question about microdosing is, \u201cshould I use truffles or mushrooms?\u201d Well, this question has a 2-part answer. First, the effects. And second, the storage. The effects are pretty similar and the dosages are also alike, as long as the mushrooms are well\u00a0dried. But when it comes to [&hellip;]<\/p>\n","protected":false},"featured_media":2690,"comment_status":"open","ping_status":"closed","template":"","meta":{"_uag_custom_page_level_css":"","site-sidebar-layout":"default","site-content-layout":"","ast-site-content-layout":"default","site-content-style":"default","site-sidebar-style":"default","ast-global-header-display":"","ast-banner-title-visibility":"","ast-main-header-display":"","ast-hfb-above-header-display":"","ast-hfb-below-header-display":"","ast-hfb-mobile-header-display":"","site-post-title":"","ast-breadcrumbs-content":"","ast-featured-img":"","footer-sml-layout":"","ast-disable-related-posts":"","theme-transparent-header-meta":"","adv-header-id-meta":"","stick-header-meta":"","header-above-stick-meta":"","header-main-stick-meta":"","header-below-stick-meta":"","astra-migrate-meta-layouts":"default","ast-page-background-enabled":"default","ast-page-background-meta":{"desktop":{"background-color":"","background-image":"","background-repeat":"repeat","background-position":"center center","background-size":"auto","background-attachment":"scroll","background-type":"","background-media":"","overlay-type":"","overlay-color":"","overlay-opacity":"","overlay-gradient":""},"tablet":{"background-color":"","background-image":"","background-repeat":"repeat","background-position":"center center","background-size":"auto","background-attachment":"scroll","background-type":"","background-media":"","overlay-type":"","overlay-color":"","overlay-opacity":"","overlay-gradient":""},"mobile":{"background-color":"","background-image":"","background-repeat":"repeat","background-position":"center center","background-size":"auto","background-attachment":"scroll","background-type":"","background-media":"","overlay-type":"","overlay-color":"","overlay-opacity":"","overlay-gradient":""}},"ast-content-background-meta":{"desktop":{"background-color":"var(--ast-global-color-5)","background-image":"","background-repeat":"repeat","background-position":"center center","background-size":"auto","background-attachment":"scroll","background-type":"","background-media":"","overlay-type":"","overlay-color":"","overlay-opacity":"","overlay-gradient":""},"tablet":{"background-color":"var(--ast-global-color-5)","background-image":"","background-repeat":"repeat","background-position":"center center","background-size":"auto","background-attachment":"scroll","background-type":"","background-media":"","overlay-type":"","overlay-color":"","overlay-opacity":"","overlay-gradient":""},"mobile":{"background-color":"var(--ast-global-color-5)","background-image":"","background-repeat":"repeat","background-position":"center center","background-size":"auto","background-attachment":"scroll","background-type":"","background-media":"","overlay-type":"","overlay-color":"","overlay-opacity":"","overlay-gradient":""}}},"product_brand":[],"product_cat":[1122],"product_tag":[],"class_list":{"0":"post-2664","1":"product","2":"type-product","3":"status-publish","4":"has-post-thumbnail","6":"product_cat-buy-capsules-online-capsules","7":"desktop-align-left","8":"tablet-align-left","9":"mobile-align-left","11":"first","12":"instock","13":"shipping-taxable","14":"purchasable","15":"product-type-simple"},"yoast_head":"<!-- This site is optimized with the Yoast SEO plugin v27.4 - https:\/\/yoast.com\/product\/yoast-seo-wordpress\/ -->\n<title>Cubensis B+ Microdose (250mg) by Mushmellows -<\/title>\n<meta name=\"robots\" content=\"index, follow, max-snippet:-1, max-image-preview:large, max-video-preview:-1\" \/>\n<link rel=\"canonical\" href=\"https:\/\/exoticchemicals.com\/cs\/product\/cubensis-b-microdose-250mg-od-mushmellows\/\" \/>\n<meta property=\"og:locale\" content=\"cs_CZ\" \/>\n<meta property=\"og:type\" content=\"article\" \/>\n<meta property=\"og:title\" content=\"Cubensis B+ Microdose (250mg) by Mushmellows -\" \/>\n<meta property=\"og:description\" content=\"Buy Cubensis B+ Microdose online, a frequently asked question about microdosing is, \u201cshould I use truffles or mushrooms?\u201d Well, this question has a 2-part answer. First, the effects. And second, the storage. The effects are pretty similar and the dosages are also alike, as long as the mushrooms are well\u00a0dried. But when it comes to [&hellip;]\" \/>\n<meta property=\"og:url\" content=\"https:\/\/exoticchemicals.com\/cs\/product\/cubensis-b-microdose-250mg-od-mushmellows\/\" \/>\n<meta property=\"article:modified_time\" content=\"2026-04-15T21:01:41+00:00\" \/>\n<meta property=\"og:image\" content=\"https:\/\/exoticchemicals.com\/wp-content\/uploads\/2025\/02\/L577-shrooms-golden-teacher-1-jpg.webp\" \/>\n\t<meta property=\"og:image:width\" content=\"1024\" \/>\n\t<meta property=\"og:image:height\" content=\"1024\" \/>\n\t<meta property=\"og:image:type\" content=\"image\/webp\" \/>\n<meta name=\"twitter:card\" content=\"summary_large_image\" \/>\n<meta name=\"twitter:label1\" content=\"Odhadovan\u00e1 doba \u010dten\u00ed\" \/>\n\t<meta name=\"twitter:data1\" content=\"1 minuta\" \/>\n<script type=\"application\/ld+json\" class=\"yoast-schema-graph\">{\"@context\":\"https:\\\/\\\/schema.org\",\"@graph\":[{\"@type\":\"WebPage\",\"@id\":\"https:\\\/\\\/exoticchemicals.com\\\/product\\\/cubensis-b-microdose-250mg-by-mushmellows\\\/\",\"url\":\"https:\\\/\\\/exoticchemicals.com\\\/product\\\/cubensis-b-microdose-250mg-by-mushmellows\\\/\",\"name\":\"Cubensis B+ Microdose (250mg) by Mushmellows -\",\"isPartOf\":{\"@id\":\"https:\\\/\\\/exoticchemicals.com\\\/#website\"},\"primaryImageOfPage\":{\"@id\":\"https:\\\/\\\/exoticchemicals.com\\\/product\\\/cubensis-b-microdose-250mg-by-mushmellows\\\/#primaryimage\"},\"image\":{\"@id\":\"https:\\\/\\\/exoticchemicals.com\\\/product\\\/cubensis-b-microdose-250mg-by-mushmellows\\\/#primaryimage\"},\"thumbnailUrl\":\"https:\\\/\\\/exoticchemicals.com\\\/wp-content\\\/uploads\\\/2025\\\/02\\\/L577-shrooms-golden-teacher-1-jpg.webp\",\"datePublished\":\"2025-02-06T21:16:51+00:00\",\"dateModified\":\"2026-04-15T21:01:41+00:00\",\"breadcrumb\":{\"@id\":\"https:\\\/\\\/exoticchemicals.com\\\/product\\\/cubensis-b-microdose-250mg-by-mushmellows\\\/#breadcrumb\"},\"inLanguage\":\"cs\",\"potentialAction\":[{\"@type\":\"ReadAction\",\"target\":[\"https:\\\/\\\/exoticchemicals.com\\\/product\\\/cubensis-b-microdose-250mg-by-mushmellows\\\/\"]}]},{\"@type\":\"ImageObject\",\"inLanguage\":\"cs\",\"@id\":\"https:\\\/\\\/exoticchemicals.com\\\/product\\\/cubensis-b-microdose-250mg-by-mushmellows\\\/#primaryimage\",\"url\":\"https:\\\/\\\/exoticchemicals.com\\\/wp-content\\\/uploads\\\/2025\\\/02\\\/L577-shrooms-golden-teacher-1-jpg.webp\",\"contentUrl\":\"https:\\\/\\\/exoticchemicals.com\\\/wp-content\\\/uploads\\\/2025\\\/02\\\/L577-shrooms-golden-teacher-1-jpg.webp\",\"width\":1024,\"height\":1024},{\"@type\":\"BreadcrumbList\",\"@id\":\"https:\\\/\\\/exoticchemicals.com\\\/product\\\/cubensis-b-microdose-250mg-by-mushmellows\\\/#breadcrumb\",\"itemListElement\":[{\"@type\":\"ListItem\",\"position\":1,\"name\":\"Home\",\"item\":\"https:\\\/\\\/exoticchemicals.com\\\/\"},{\"@type\":\"ListItem\",\"position\":2,\"name\":\"Shop\",\"item\":\"https:\\\/\\\/exoticchemicals.com\\\/shop\\\/\"},{\"@type\":\"ListItem\",\"position\":3,\"name\":\"Cubensis B+ Microdose (250mg) by Mushmellows\"}]},{\"@type\":\"WebSite\",\"@id\":\"https:\\\/\\\/exoticchemicals.com\\\/#website\",\"url\":\"https:\\\/\\\/exoticchemicals.com\\\/\",\"name\":\"exotic chemicals\",\"description\":\"Buy MDPHP Hydrochloride\",\"publisher\":{\"@id\":\"https:\\\/\\\/exoticchemicals.com\\\/#\\\/schema\\\/person\\\/07ad08472b6f5b213792451a32dbe8c7\"},\"potentialAction\":[{\"@type\":\"SearchAction\",\"target\":{\"@type\":\"EntryPoint\",\"urlTemplate\":\"https:\\\/\\\/exoticchemicals.com\\\/?s={search_term_string}\"},\"query-input\":{\"@type\":\"PropertyValueSpecification\",\"valueRequired\":true,\"valueName\":\"search_term_string\"}}],\"inLanguage\":\"cs\"},{\"@type\":[\"Person\",\"Organization\"],\"@id\":\"https:\\\/\\\/exoticchemicals.com\\\/#\\\/schema\\\/person\\\/07ad08472b6f5b213792451a32dbe8c7\",\"name\":\"wwalkershop@gmail.com\",\"image\":{\"@type\":\"ImageObject\",\"inLanguage\":\"cs\",\"@id\":\"https:\\\/\\\/exoticchemicals.com\\\/wp-content\\\/uploads\\\/2025\\\/02\\\/pure-3-1-1.png\",\"url\":\"https:\\\/\\\/exoticchemicals.com\\\/wp-content\\\/uploads\\\/2025\\\/02\\\/pure-3-1-1.png\",\"contentUrl\":\"https:\\\/\\\/exoticchemicals.com\\\/wp-content\\\/uploads\\\/2025\\\/02\\\/pure-3-1-1.png\",\"width\":500,\"height\":500,\"caption\":\"wwalkershop@gmail.com\"},\"logo\":{\"@id\":\"https:\\\/\\\/exoticchemicals.com\\\/wp-content\\\/uploads\\\/2025\\\/02\\\/pure-3-1-1.png\"},\"sameAs\":[\"http:\\\/\\\/exoticchemicals.com\"]}]}<\/script>\n<!-- \/ Yoast SEO plugin. -->","yoast_head_json":{"title":"Cubensis B+ Microdose (250 mg) od Mushmellows -","robots":{"index":"index","follow":"follow","max-snippet":"max-snippet:-1","max-image-preview":"max-image-preview:large","max-video-preview":"max-video-preview:-1"},"canonical":"https:\/\/exoticchemicals.com\/cs\/product\/cubensis-b-microdose-250mg-od-mushmellows\/","og_locale":"cs_CZ","og_type":"article","og_title":"Cubensis B+ Microdose (250mg) by Mushmellows -","og_description":"Buy Cubensis B+ Microdose online, a frequently asked question about microdosing is, \u201cshould I use truffles or mushrooms?\u201d Well, this question has a 2-part answer. First, the effects. And second, the storage. The effects are pretty similar and the dosages are also alike, as long as the mushrooms are well\u00a0dried. But when it comes to [&hellip;]","og_url":"https:\/\/exoticchemicals.com\/cs\/product\/cubensis-b-microdose-250mg-od-mushmellows\/","article_modified_time":"2026-04-15T21:01:41+00:00","og_image":[{"width":1024,"height":1024,"url":"https:\/\/exoticchemicals.com\/wp-content\/uploads\/2025\/02\/L577-shrooms-golden-teacher-1-jpg.webp","type":"image\/webp"}],"twitter_card":"summary_large_image","twitter_misc":{"Odhadovan\u00e1 doba \u010dten\u00ed":"1 minuta"},"schema":{"@context":"https:\/\/schema.org","@graph":[{"@type":"WebPage","@id":"https:\/\/exoticchemicals.com\/product\/cubensis-b-microdose-250mg-by-mushmellows\/","url":"https:\/\/exoticchemicals.com\/product\/cubensis-b-microdose-250mg-by-mushmellows\/","name":"Cubensis B+ Microdose (250 mg) od Mushmellows -","isPartOf":{"@id":"https:\/\/exoticchemicals.com\/#website"},"primaryImageOfPage":{"@id":"https:\/\/exoticchemicals.com\/product\/cubensis-b-microdose-250mg-by-mushmellows\/#primaryimage"},"image":{"@id":"https:\/\/exoticchemicals.com\/product\/cubensis-b-microdose-250mg-by-mushmellows\/#primaryimage"},"thumbnailUrl":"https:\/\/exoticchemicals.com\/wp-content\/uploads\/2025\/02\/L577-shrooms-golden-teacher-1-jpg.webp","datePublished":"2025-02-06T21:16:51+00:00","dateModified":"2026-04-15T21:01:41+00:00","breadcrumb":{"@id":"https:\/\/exoticchemicals.com\/product\/cubensis-b-microdose-250mg-by-mushmellows\/#breadcrumb"},"inLanguage":"cs","potentialAction":[{"@type":"ReadAction","target":["https:\/\/exoticchemicals.com\/product\/cubensis-b-microdose-250mg-by-mushmellows\/"]}]},{"@type":"ImageObject","inLanguage":"cs","@id":"https:\/\/exoticchemicals.com\/product\/cubensis-b-microdose-250mg-by-mushmellows\/#primaryimage","url":"https:\/\/exoticchemicals.com\/wp-content\/uploads\/2025\/02\/L577-shrooms-golden-teacher-1-jpg.webp","contentUrl":"https:\/\/exoticchemicals.com\/wp-content\/uploads\/2025\/02\/L577-shrooms-golden-teacher-1-jpg.webp","width":1024,"height":1024},{"@type":"BreadcrumbList","@id":"https:\/\/exoticchemicals.com\/product\/cubensis-b-microdose-250mg-by-mushmellows\/#breadcrumb","itemListElement":[{"@type":"ListItem","position":1,"name":"Home","item":"https:\/\/exoticchemicals.com\/"},{"@type":"ListItem","position":2,"name":"Shop","item":"https:\/\/exoticchemicals.com\/shop\/"},{"@type":"ListItem","position":3,"name":"Cubensis B+ Microdose (250mg) by Mushmellows"}]},{"@type":"WebSite","@id":"https:\/\/exoticchemicals.com\/#website","url":"https:\/\/exoticchemicals.com\/","name":"exotick\u00e9 chemik\u00e1lie","description":"Koupit MDPHP hydrochlorid","publisher":{"@id":"https:\/\/exoticchemicals.com\/#\/schema\/person\/07ad08472b6f5b213792451a32dbe8c7"},"potentialAction":[{"@type":"SearchAction","target":{"@type":"EntryPoint","urlTemplate":"https:\/\/exoticchemicals.com\/?s={search_term_string}"},"query-input":{"@type":"PropertyValueSpecification","valueRequired":true,"valueName":"search_term_string"}}],"inLanguage":"cs"},{"@type":["Person","Organization"],"@id":"https:\/\/exoticchemicals.com\/#\/schema\/person\/07ad08472b6f5b213792451a32dbe8c7","name":"wwalkershop@gmail.com","image":{"@type":"ImageObject","inLanguage":"cs","@id":"https:\/\/exoticchemicals.com\/wp-content\/uploads\/2025\/02\/pure-3-1-1.png","url":"https:\/\/exoticchemicals.com\/wp-content\/uploads\/2025\/02\/pure-3-1-1.png","contentUrl":"https:\/\/exoticchemicals.com\/wp-content\/uploads\/2025\/02\/pure-3-1-1.png","width":500,"height":500,"caption":"wwalkershop@gmail.com"},"logo":{"@id":"https:\/\/exoticchemicals.com\/wp-content\/uploads\/2025\/02\/pure-3-1-1.png"},"sameAs":["http:\/\/exoticchemicals.com"]}]}},"uagb_featured_image_src":{"full":["https:\/\/exoticchemicals.com\/wp-content\/uploads\/2025\/02\/L577-shrooms-golden-teacher-1-jpg.webp",1024,1024,false],"thumbnail":["https:\/\/exoticchemicals.com\/wp-content\/uploads\/2025\/02\/L577-shrooms-golden-teacher-1-jpg-150x150.webp",150,150,true],"medium":["https:\/\/exoticchemicals.com\/wp-content\/uploads\/2025\/02\/L577-shrooms-golden-teacher-1-jpg-300x300.webp",300,300,true],"medium_large":["https:\/\/exoticchemicals.com\/wp-content\/uploads\/2025\/02\/L577-shrooms-golden-teacher-1-jpg-768x768.webp",768,768,true],"large":["https:\/\/exoticchemicals.com\/wp-content\/uploads\/2025\/02\/L577-shrooms-golden-teacher-1-jpg.webp",1024,1024,false],"1536x1536":["https:\/\/exoticchemicals.com\/wp-content\/uploads\/2025\/02\/L577-shrooms-golden-teacher-1-jpg.webp",1024,1024,false],"2048x2048":["https:\/\/exoticchemicals.com\/wp-content\/uploads\/2025\/02\/L577-shrooms-golden-teacher-1-jpg.webp",1024,1024,false],"trp-custom-language-flag":["https:\/\/exoticchemicals.com\/wp-content\/uploads\/2025\/02\/L577-shrooms-golden-teacher-1-jpg.webp",12,12,false],"woocommerce_thumbnail":["https:\/\/exoticchemicals.com\/wp-content\/uploads\/2025\/02\/L577-shrooms-golden-teacher-1-jpg-300x300.webp",300,300,true],"woocommerce_single":["https:\/\/exoticchemicals.com\/wp-content\/uploads\/2025\/02\/L577-shrooms-golden-teacher-1-jpg-600x600.webp",600,600,true],"woocommerce_gallery_thumbnail":["https:\/\/exoticchemicals.com\/wp-content\/uploads\/2025\/02\/L577-shrooms-golden-teacher-1-jpg-100x100.webp",100,100,true]},"uagb_author_info":{"display_name":"bossman","author_link":"https:\/\/exoticchemicals.com\/cs\/author\/"},"uagb_comment_info":12,"uagb_excerpt":"Buy Cubensis B+ Microdose online, a frequently asked question about microdosing is, \u201cshould I use truffles or mushrooms?\u201d Well, this question has a 2-part answer. First, the effects. And second, the storage. The effects are pretty similar and the dosages are also alike, as long as the mushrooms are well\u00a0dried. But when it comes to&hellip;","_links":{"self":[{"href":"https:\/\/exoticchemicals.com\/cs\/wp-json\/wp\/v2\/product\/2664","targetHints":{"allow":["GET"]}}],"collection":[{"href":"https:\/\/exoticchemicals.com\/cs\/wp-json\/wp\/v2\/product"}],"about":[{"href":"https:\/\/exoticchemicals.com\/cs\/wp-json\/wp\/v2\/types\/product"}],"replies":[{"embeddable":true,"href":"https:\/\/exoticchemicals.com\/cs\/wp-json\/wp\/v2\/comments?post=2664"}],"wp:featuredmedia":[{"embeddable":true,"href":"https:\/\/exoticchemicals.com\/cs\/wp-json\/wp\/v2\/media\/2690"}],"wp:attachment":[{"href":"https:\/\/exoticchemicals.com\/cs\/wp-json\/wp\/v2\/media?parent=2664"}],"wp:term":[{"taxonomy":"product_brand","embeddable":true,"href":"https:\/\/exoticchemicals.com\/cs\/wp-json\/wp\/v2\/product_brand?post=2664"},{"taxonomy":"product_cat","embeddable":true,"href":"https:\/\/exoticchemicals.com\/cs\/wp-json\/wp\/v2\/product_cat?post=2664"},{"taxonomy":"product_tag","embeddable":true,"href":"https:\/\/exoticchemicals.com\/cs\/wp-json\/wp\/v2\/product_tag?post=2664"}],"curies":[{"name":"wp","href":"https:\/\/api.w.org\/{rel}","templated":true}]}}