{"id":2822,"date":"2025-02-06T21:18:52","date_gmt":"2025-02-06T21:18:52","guid":{"rendered":"https:\/\/exoticchemicals.com\/?post_type=product&#038;p=2822"},"modified":"2026-04-10T23:21:41","modified_gmt":"2026-04-10T23:21:41","slug":"buy-lemon-drizzle-cake-carts-online","status":"publish","type":"product","link":"https:\/\/exoticchemicals.com\/cs\/product\/buy-lemon-drizzle-cake-carts-online\/","title":{"rendered":"Buy lemon drizzle cake carts online"},"content":{"rendered":"<h1><strong>Buy lemon drizzle cake carts online: stack of 10 \/ small box of 10 \/ we will mix flavors<\/strong><\/h1>\n<p>Buy lemon drizzle cake carts online: <a href=\"https:\/\/australiapsilocybins.com\/product-category\/adhd\/\"><strong><em>Cake Carts Lemon Drizzle <\/em><\/strong><\/a>destroys the end with all their high-quality flavors to pick out from. The logo of cake playing cards levels from the classics to all the new sorts on the market.<\/p>\n<p>Their incredible products and prices set them aside from anyone else in the marketplace. All of their Delta 8 Cake carts are lab tested for the very best fine in each uncooked and very last product.a complicated records inside the CBD and hemp enterprise has allowed them to innovate while specializing in fine, purity and safety as pinnacle priorities.<\/p>\n<h2><strong>Available flavors<\/strong><\/h2>\n<p>Birthday cake<br \/> Banana cookies<br \/> Lemon Kush<br \/> Blue dream<br \/> Gorilla glue<br \/> Strawberry cough<br \/> purple Punch<br \/> OG Kush<br \/> Pineapple the wrong way up cake<br \/> Skywalker OG<br \/> wedding cake<\/p>\n<p>940mg of Delta eight THC degree feels like a larger dose than it&#8217;s far, cake carts aren&#8217;t too strong and are best for morning or sunlight hours photographs. The effects are exact and normally felt in the head, in a immediately circulation that is guffawing and uplifting but with extraordinarily slight psychic hobby.<\/p>\n<p>frame mellow is a relaxing rest that allows you live calm and settled. those cake carts are exceptional for coping with signs and symptoms of despair, pressure and tension. mild and perfect body cart makes use of sure oils without additional solvents. The high-quality hemp oil is usually used in carts with out mixing with others, making it very natural.<\/p>","protected":false},"excerpt":{"rendered":"<p>Buy lemon drizzle cake carts online: stack of 10 \/ small box of 10 \/ we will mix flavors Buy lemon drizzle cake carts online: Cake Carts Lemon Drizzle destroys the end with all their high-quality flavors to pick out from. The logo of cake playing cards levels from the classics to all the new [&hellip;]<\/p>\n","protected":false},"featured_media":2868,"comment_status":"open","ping_status":"closed","template":"","meta":{"_uag_custom_page_level_css":"","site-sidebar-layout":"default","site-content-layout":"","ast-site-content-layout":"","site-content-style":"default","site-sidebar-style":"default","ast-global-header-display":"","ast-banner-title-visibility":"","ast-main-header-display":"","ast-hfb-above-header-display":"","ast-hfb-below-header-display":"","ast-hfb-mobile-header-display":"","site-post-title":"","ast-breadcrumbs-content":"","ast-featured-img":"","footer-sml-layout":"","theme-transparent-header-meta":"","adv-header-id-meta":"","stick-header-meta":"","header-above-stick-meta":"","header-main-stick-meta":"","header-below-stick-meta":"","astra-migrate-meta-layouts":"default","ast-page-background-enabled":"default","ast-page-background-meta":{"desktop":{"background-color":"","background-image":"","background-repeat":"repeat","background-position":"center center","background-size":"auto","background-attachment":"scroll","background-type":"","background-media":"","overlay-type":"","overlay-color":"","overlay-opacity":"","overlay-gradient":""},"tablet":{"background-color":"","background-image":"","background-repeat":"repeat","background-position":"center center","background-size":"auto","background-attachment":"scroll","background-type":"","background-media":"","overlay-type":"","overlay-color":"","overlay-opacity":"","overlay-gradient":""},"mobile":{"background-color":"","background-image":"","background-repeat":"repeat","background-position":"center center","background-size":"auto","background-attachment":"scroll","background-type":"","background-media":"","overlay-type":"","overlay-color":"","overlay-opacity":"","overlay-gradient":""}},"ast-content-background-meta":{"desktop":{"background-color":"var(--ast-global-color-5)","background-image":"","background-repeat":"repeat","background-position":"center center","background-size":"auto","background-attachment":"scroll","background-type":"","background-media":"","overlay-type":"","overlay-color":"","overlay-opacity":"","overlay-gradient":""},"tablet":{"background-color":"var(--ast-global-color-5)","background-image":"","background-repeat":"repeat","background-position":"center center","background-size":"auto","background-attachment":"scroll","background-type":"","background-media":"","overlay-type":"","overlay-color":"","overlay-opacity":"","overlay-gradient":""},"mobile":{"background-color":"var(--ast-global-color-5)","background-image":"","background-repeat":"repeat","background-position":"center center","background-size":"auto","background-attachment":"scroll","background-type":"","background-media":"","overlay-type":"","overlay-color":"","overlay-opacity":"","overlay-gradient":""}}},"product_brand":[],"product_cat":[1375],"product_tag":[1380],"class_list":{"0":"post-2822","1":"product","2":"type-product","3":"status-publish","4":"has-post-thumbnail","6":"product_cat-cake-carts","7":"product_tag-buy-lemon-drizzle-cake-carts-online","8":"desktop-align-left","9":"tablet-align-left","10":"mobile-align-left","12":"first","13":"instock","14":"shipping-taxable","15":"purchasable","16":"product-type-simple"},"yoast_head":"<!-- This site is optimized with the Yoast SEO plugin v27.4 - https:\/\/yoast.com\/product\/yoast-seo-wordpress\/ -->\n<title>Buy lemon drizzle cake carts online -<\/title>\n<meta name=\"robots\" content=\"index, follow, max-snippet:-1, max-image-preview:large, max-video-preview:-1\" \/>\n<link rel=\"canonical\" href=\"https:\/\/exoticchemicals.com\/cs\/product\/buy-lemon-drizzle-cake-carts-online\/\" \/>\n<meta property=\"og:locale\" content=\"cs_CZ\" \/>\n<meta property=\"og:type\" content=\"article\" \/>\n<meta property=\"og:title\" content=\"Buy lemon drizzle cake carts online -\" \/>\n<meta property=\"og:description\" content=\"Buy lemon drizzle cake carts online: stack of 10 \/ small box of 10 \/ we will mix flavors Buy lemon drizzle cake carts online: Cake Carts Lemon Drizzle destroys the end with all their high-quality flavors to pick out from. The logo of cake playing cards levels from the classics to all the new [&hellip;]\" \/>\n<meta property=\"og:url\" content=\"https:\/\/exoticchemicals.com\/cs\/product\/buy-lemon-drizzle-cake-carts-online\/\" \/>\n<meta property=\"article:modified_time\" content=\"2026-04-10T23:21:41+00:00\" \/>\n<meta property=\"og:image\" content=\"https:\/\/exoticchemicals.com\/wp-content\/uploads\/2025\/02\/6964a962-ad21-42ef-853a-64333b5caac7-1-jpg.webp\" \/>\n\t<meta property=\"og:image:width\" content=\"960\" \/>\n\t<meta property=\"og:image:height\" content=\"1280\" \/>\n\t<meta property=\"og:image:type\" content=\"image\/webp\" \/>\n<meta name=\"twitter:card\" content=\"summary_large_image\" \/>\n<meta name=\"twitter:label1\" content=\"Odhadovan\u00e1 doba \u010dten\u00ed\" \/>\n\t<meta name=\"twitter:data1\" content=\"1 minuta\" \/>\n<script type=\"application\/ld+json\" class=\"yoast-schema-graph\">{\"@context\":\"https:\\\/\\\/schema.org\",\"@graph\":[{\"@type\":\"WebPage\",\"@id\":\"https:\\\/\\\/exoticchemicals.com\\\/product\\\/buy-lemon-drizzle-cake-carts-online\\\/\",\"url\":\"https:\\\/\\\/exoticchemicals.com\\\/product\\\/buy-lemon-drizzle-cake-carts-online\\\/\",\"name\":\"Buy lemon drizzle cake carts online -\",\"isPartOf\":{\"@id\":\"https:\\\/\\\/exoticchemicals.com\\\/#website\"},\"primaryImageOfPage\":{\"@id\":\"https:\\\/\\\/exoticchemicals.com\\\/product\\\/buy-lemon-drizzle-cake-carts-online\\\/#primaryimage\"},\"image\":{\"@id\":\"https:\\\/\\\/exoticchemicals.com\\\/product\\\/buy-lemon-drizzle-cake-carts-online\\\/#primaryimage\"},\"thumbnailUrl\":\"https:\\\/\\\/exoticchemicals.com\\\/wp-content\\\/uploads\\\/2025\\\/02\\\/6964a962-ad21-42ef-853a-64333b5caac7-1-jpg.webp\",\"datePublished\":\"2025-02-06T21:18:52+00:00\",\"dateModified\":\"2026-04-10T23:21:41+00:00\",\"breadcrumb\":{\"@id\":\"https:\\\/\\\/exoticchemicals.com\\\/product\\\/buy-lemon-drizzle-cake-carts-online\\\/#breadcrumb\"},\"inLanguage\":\"cs\",\"potentialAction\":[{\"@type\":\"ReadAction\",\"target\":[\"https:\\\/\\\/exoticchemicals.com\\\/product\\\/buy-lemon-drizzle-cake-carts-online\\\/\"]}]},{\"@type\":\"ImageObject\",\"inLanguage\":\"cs\",\"@id\":\"https:\\\/\\\/exoticchemicals.com\\\/product\\\/buy-lemon-drizzle-cake-carts-online\\\/#primaryimage\",\"url\":\"https:\\\/\\\/exoticchemicals.com\\\/wp-content\\\/uploads\\\/2025\\\/02\\\/6964a962-ad21-42ef-853a-64333b5caac7-1-jpg.webp\",\"contentUrl\":\"https:\\\/\\\/exoticchemicals.com\\\/wp-content\\\/uploads\\\/2025\\\/02\\\/6964a962-ad21-42ef-853a-64333b5caac7-1-jpg.webp\",\"width\":960,\"height\":1280},{\"@type\":\"BreadcrumbList\",\"@id\":\"https:\\\/\\\/exoticchemicals.com\\\/product\\\/buy-lemon-drizzle-cake-carts-online\\\/#breadcrumb\",\"itemListElement\":[{\"@type\":\"ListItem\",\"position\":1,\"name\":\"Home\",\"item\":\"https:\\\/\\\/exoticchemicals.com\\\/\"},{\"@type\":\"ListItem\",\"position\":2,\"name\":\"Shop\",\"item\":\"https:\\\/\\\/exoticchemicals.com\\\/shop\\\/\"},{\"@type\":\"ListItem\",\"position\":3,\"name\":\"Buy lemon drizzle cake carts online\"}]},{\"@type\":\"WebSite\",\"@id\":\"https:\\\/\\\/exoticchemicals.com\\\/#website\",\"url\":\"https:\\\/\\\/exoticchemicals.com\\\/\",\"name\":\"exotic chemicals\",\"description\":\"Buy MDPHP Hydrochloride\",\"publisher\":{\"@id\":\"https:\\\/\\\/exoticchemicals.com\\\/#\\\/schema\\\/person\\\/07ad08472b6f5b213792451a32dbe8c7\"},\"potentialAction\":[{\"@type\":\"SearchAction\",\"target\":{\"@type\":\"EntryPoint\",\"urlTemplate\":\"https:\\\/\\\/exoticchemicals.com\\\/?s={search_term_string}\"},\"query-input\":{\"@type\":\"PropertyValueSpecification\",\"valueRequired\":true,\"valueName\":\"search_term_string\"}}],\"inLanguage\":\"cs\"},{\"@type\":[\"Person\",\"Organization\"],\"@id\":\"https:\\\/\\\/exoticchemicals.com\\\/#\\\/schema\\\/person\\\/07ad08472b6f5b213792451a32dbe8c7\",\"name\":\"wwalkershop@gmail.com\",\"image\":{\"@type\":\"ImageObject\",\"inLanguage\":\"cs\",\"@id\":\"https:\\\/\\\/exoticchemicals.com\\\/wp-content\\\/uploads\\\/2025\\\/02\\\/pure-3-1-1.png\",\"url\":\"https:\\\/\\\/exoticchemicals.com\\\/wp-content\\\/uploads\\\/2025\\\/02\\\/pure-3-1-1.png\",\"contentUrl\":\"https:\\\/\\\/exoticchemicals.com\\\/wp-content\\\/uploads\\\/2025\\\/02\\\/pure-3-1-1.png\",\"width\":500,\"height\":500,\"caption\":\"wwalkershop@gmail.com\"},\"logo\":{\"@id\":\"https:\\\/\\\/exoticchemicals.com\\\/wp-content\\\/uploads\\\/2025\\\/02\\\/pure-3-1-1.png\"},\"sameAs\":[\"http:\\\/\\\/exoticchemicals.com\"]}]}<\/script>\n<!-- \/ Yoast SEO plugin. -->","yoast_head_json":{"title":"Buy lemon drizzle cake carts online -","robots":{"index":"index","follow":"follow","max-snippet":"max-snippet:-1","max-image-preview":"max-image-preview:large","max-video-preview":"max-video-preview:-1"},"canonical":"https:\/\/exoticchemicals.com\/cs\/product\/buy-lemon-drizzle-cake-carts-online\/","og_locale":"cs_CZ","og_type":"article","og_title":"Buy lemon drizzle cake carts online -","og_description":"Buy lemon drizzle cake carts online: stack of 10 \/ small box of 10 \/ we will mix flavors Buy lemon drizzle cake carts online: Cake Carts Lemon Drizzle destroys the end with all their high-quality flavors to pick out from. The logo of cake playing cards levels from the classics to all the new [&hellip;]","og_url":"https:\/\/exoticchemicals.com\/cs\/product\/buy-lemon-drizzle-cake-carts-online\/","article_modified_time":"2026-04-10T23:21:41+00:00","og_image":[{"width":960,"height":1280,"url":"https:\/\/exoticchemicals.com\/wp-content\/uploads\/2025\/02\/6964a962-ad21-42ef-853a-64333b5caac7-1-jpg.webp","type":"image\/webp"}],"twitter_card":"summary_large_image","twitter_misc":{"Odhadovan\u00e1 doba \u010dten\u00ed":"1 minuta"},"schema":{"@context":"https:\/\/schema.org","@graph":[{"@type":"WebPage","@id":"https:\/\/exoticchemicals.com\/product\/buy-lemon-drizzle-cake-carts-online\/","url":"https:\/\/exoticchemicals.com\/product\/buy-lemon-drizzle-cake-carts-online\/","name":"Buy lemon drizzle cake carts online -","isPartOf":{"@id":"https:\/\/exoticchemicals.com\/#website"},"primaryImageOfPage":{"@id":"https:\/\/exoticchemicals.com\/product\/buy-lemon-drizzle-cake-carts-online\/#primaryimage"},"image":{"@id":"https:\/\/exoticchemicals.com\/product\/buy-lemon-drizzle-cake-carts-online\/#primaryimage"},"thumbnailUrl":"https:\/\/exoticchemicals.com\/wp-content\/uploads\/2025\/02\/6964a962-ad21-42ef-853a-64333b5caac7-1-jpg.webp","datePublished":"2025-02-06T21:18:52+00:00","dateModified":"2026-04-10T23:21:41+00:00","breadcrumb":{"@id":"https:\/\/exoticchemicals.com\/product\/buy-lemon-drizzle-cake-carts-online\/#breadcrumb"},"inLanguage":"cs","potentialAction":[{"@type":"ReadAction","target":["https:\/\/exoticchemicals.com\/product\/buy-lemon-drizzle-cake-carts-online\/"]}]},{"@type":"ImageObject","inLanguage":"cs","@id":"https:\/\/exoticchemicals.com\/product\/buy-lemon-drizzle-cake-carts-online\/#primaryimage","url":"https:\/\/exoticchemicals.com\/wp-content\/uploads\/2025\/02\/6964a962-ad21-42ef-853a-64333b5caac7-1-jpg.webp","contentUrl":"https:\/\/exoticchemicals.com\/wp-content\/uploads\/2025\/02\/6964a962-ad21-42ef-853a-64333b5caac7-1-jpg.webp","width":960,"height":1280},{"@type":"BreadcrumbList","@id":"https:\/\/exoticchemicals.com\/product\/buy-lemon-drizzle-cake-carts-online\/#breadcrumb","itemListElement":[{"@type":"ListItem","position":1,"name":"Home","item":"https:\/\/exoticchemicals.com\/"},{"@type":"ListItem","position":2,"name":"Shop","item":"https:\/\/exoticchemicals.com\/shop\/"},{"@type":"ListItem","position":3,"name":"Buy lemon drizzle cake carts online"}]},{"@type":"WebSite","@id":"https:\/\/exoticchemicals.com\/#website","url":"https:\/\/exoticchemicals.com\/","name":"exotick\u00e9 chemik\u00e1lie","description":"Koupit MDPHP hydrochlorid","publisher":{"@id":"https:\/\/exoticchemicals.com\/#\/schema\/person\/07ad08472b6f5b213792451a32dbe8c7"},"potentialAction":[{"@type":"SearchAction","target":{"@type":"EntryPoint","urlTemplate":"https:\/\/exoticchemicals.com\/?s={search_term_string}"},"query-input":{"@type":"PropertyValueSpecification","valueRequired":true,"valueName":"search_term_string"}}],"inLanguage":"cs"},{"@type":["Person","Organization"],"@id":"https:\/\/exoticchemicals.com\/#\/schema\/person\/07ad08472b6f5b213792451a32dbe8c7","name":"wwalkershop@gmail.com","image":{"@type":"ImageObject","inLanguage":"cs","@id":"https:\/\/exoticchemicals.com\/wp-content\/uploads\/2025\/02\/pure-3-1-1.png","url":"https:\/\/exoticchemicals.com\/wp-content\/uploads\/2025\/02\/pure-3-1-1.png","contentUrl":"https:\/\/exoticchemicals.com\/wp-content\/uploads\/2025\/02\/pure-3-1-1.png","width":500,"height":500,"caption":"wwalkershop@gmail.com"},"logo":{"@id":"https:\/\/exoticchemicals.com\/wp-content\/uploads\/2025\/02\/pure-3-1-1.png"},"sameAs":["http:\/\/exoticchemicals.com"]}]}},"uagb_featured_image_src":{"full":["https:\/\/exoticchemicals.com\/wp-content\/uploads\/2025\/02\/6964a962-ad21-42ef-853a-64333b5caac7-1-jpg.webp",960,1280,false],"thumbnail":["https:\/\/exoticchemicals.com\/wp-content\/uploads\/2025\/02\/6964a962-ad21-42ef-853a-64333b5caac7-1-jpg-150x150.webp",150,150,true],"medium":["https:\/\/exoticchemicals.com\/wp-content\/uploads\/2025\/02\/6964a962-ad21-42ef-853a-64333b5caac7-1-jpg-225x300.webp",225,300,true],"medium_large":["https:\/\/exoticchemicals.com\/wp-content\/uploads\/2025\/02\/6964a962-ad21-42ef-853a-64333b5caac7-1-jpg-768x1024.webp",768,1024,true],"large":["https:\/\/exoticchemicals.com\/wp-content\/uploads\/2025\/02\/6964a962-ad21-42ef-853a-64333b5caac7-1-jpg-768x1024.webp",768,1024,true],"1536x1536":["https:\/\/exoticchemicals.com\/wp-content\/uploads\/2025\/02\/6964a962-ad21-42ef-853a-64333b5caac7-1-jpg.webp",960,1280,false],"2048x2048":["https:\/\/exoticchemicals.com\/wp-content\/uploads\/2025\/02\/6964a962-ad21-42ef-853a-64333b5caac7-1-jpg.webp",960,1280,false],"trp-custom-language-flag":["https:\/\/exoticchemicals.com\/wp-content\/uploads\/2025\/02\/6964a962-ad21-42ef-853a-64333b5caac7-1-jpg.webp",9,12,false],"woocommerce_thumbnail":["https:\/\/exoticchemicals.com\/wp-content\/uploads\/2025\/02\/6964a962-ad21-42ef-853a-64333b5caac7-1-jpg-300x300.webp",300,300,true],"woocommerce_single":["https:\/\/exoticchemicals.com\/wp-content\/uploads\/2025\/02\/6964a962-ad21-42ef-853a-64333b5caac7-1-jpg-600x800.webp",600,800,true],"woocommerce_gallery_thumbnail":["https:\/\/exoticchemicals.com\/wp-content\/uploads\/2025\/02\/6964a962-ad21-42ef-853a-64333b5caac7-1-jpg-100x100.webp",100,100,true]},"uagb_author_info":{"display_name":"bossman","author_link":"https:\/\/exoticchemicals.com\/cs\/author\/"},"uagb_comment_info":7,"uagb_excerpt":"Buy lemon drizzle cake carts online: stack of 10 \/ small box of 10 \/ we will mix flavors Buy lemon drizzle cake carts online: Cake Carts Lemon Drizzle destroys the end with all their high-quality flavors to pick out from. The logo of cake playing cards levels from the classics to all the new&hellip;","_links":{"self":[{"href":"https:\/\/exoticchemicals.com\/cs\/wp-json\/wp\/v2\/product\/2822","targetHints":{"allow":["GET"]}}],"collection":[{"href":"https:\/\/exoticchemicals.com\/cs\/wp-json\/wp\/v2\/product"}],"about":[{"href":"https:\/\/exoticchemicals.com\/cs\/wp-json\/wp\/v2\/types\/product"}],"replies":[{"embeddable":true,"href":"https:\/\/exoticchemicals.com\/cs\/wp-json\/wp\/v2\/comments?post=2822"}],"wp:featuredmedia":[{"embeddable":true,"href":"https:\/\/exoticchemicals.com\/cs\/wp-json\/wp\/v2\/media\/2868"}],"wp:attachment":[{"href":"https:\/\/exoticchemicals.com\/cs\/wp-json\/wp\/v2\/media?parent=2822"}],"wp:term":[{"taxonomy":"product_brand","embeddable":true,"href":"https:\/\/exoticchemicals.com\/cs\/wp-json\/wp\/v2\/product_brand?post=2822"},{"taxonomy":"product_cat","embeddable":true,"href":"https:\/\/exoticchemicals.com\/cs\/wp-json\/wp\/v2\/product_cat?post=2822"},{"taxonomy":"product_tag","embeddable":true,"href":"https:\/\/exoticchemicals.com\/cs\/wp-json\/wp\/v2\/product_tag?post=2822"}],"curies":[{"name":"wp","href":"https:\/\/api.w.org\/{rel}","templated":true}]}}