{"id":3083,"date":"2025-02-06T21:21:25","date_gmt":"2025-02-06T21:21:25","guid":{"rendered":"https:\/\/exoticchemicals.com\/?post_type=product&#038;p=3083"},"modified":"2026-04-06T14:33:09","modified_gmt":"2026-04-06T14:33:09","slug":"shrooms-mexi","status":"publish","type":"product","link":"https:\/\/exoticchemicals.com\/cs\/product\/shrooms-mexi\/","title":{"rendered":"Shrooms \u2013 Mexi"},"content":{"rendered":"<h2>**DOSAGE GUIDE \u2013 Buy Shrooms Mexi Online*<\/h2>\n<p>Buy Shrooms Mexi Online- Trip Level 0: Microdosing<br \/> Doporu\u010den\u00e9 d\u00e1vkov\u00e1n\u00ed: Su\u0161en\u00e9 houby - Mikrod\u00e1vka je men\u0161\u00ed ne\u017e obvykl\u00e9 mno\u017estv\u00ed hub. U\u017e\u00edvejte ji ka\u017ed\u00e9 2 - 3 dny, abyste zv\u00fd\u0161ili kreativitu nebo se c\u00edtili m\u00e9n\u011b \u00fazkostn\u00ed. Mikrod\u00e1vkov\u00e1n\u00ed trip level kapsle. P\u0159id\u00e1v\u00e1 se jako \u00farove\u0148 0, je ur\u010dena k u\u017e\u00edv\u00e1n\u00ed spolu s ka\u017edodenn\u00ed rutinou.<\/p>\n<p>\u00darove\u0148 v\u00fdletu 1: Happy go lucky<br \/> Doporu\u010den\u00e9 d\u00e1vkov\u00e1n\u00ed: 0,8 - 1 g su\u0161en\u00fdch hub - \u00da\u010dinky jsou m\u00edrn\u00e9 a podobn\u00e9 jako u tr\u00e1vy. Hudba se za\u010d\u00edn\u00e1 c\u00edtit l\u00e9pe, ciz\u00ed lid\u00e9 se zdaj\u00ed b\u00fdt p\u0159\u00e1tel\u0161t\u011bj\u0161\u00ed a mysl je schopna ztratit ur\u010ditou kontrolu. Mohlo by doj\u00edt k m\u00edrn\u00e9mu zlep\u0161en\u00ed zraku nebo k ur\u010dit\u00e9mu zkreslen\u00ed zvuku, ale ty budou nepatrn\u00e9.<\/p>\n<p>\u00darove\u0148 v\u00fdletu 2: r\u00e1j pro za\u010d\u00e1te\u010dn\u00edky<br \/> Recommended dosage: 1 \u2013 1.5 g. dried mushrooms \u2013 Consistent sensorial accentuation, colors becoming brighter and a light body high. Level 2 can be a more intense form of Trip Level 1, but with the right dosage it can be something more. Be prepared for the beginnings of visual and auditory hallucinations: objects moving and coming to life along with geometrical forms when you close your eyes. It will be harder to concentrate and communicate and you will notice an increase in creativity along with an enhanced sensation, lightness and euphoria- Buy Shrooms Mexi Online.<\/p>\n<p>\u00darove\u0148 tripu 3: Klasick\u00fd psychedelick\u00fd trip<br \/> Doporu\u010den\u00e9 d\u00e1vkov\u00e1n\u00ed: Trip Level 3 je skv\u011bl\u00fd pro za\u010d\u00e1te\u010dn\u00edky, kte\u0159\u00ed cht\u011bj\u00ed nasko\u010dit do \u201copravdov\u00e9ho\u201d psychedelick\u00e9ho z\u00e1\u017eitku, ani\u017e by to p\u0159ehnali s d\u00e1vkov\u00e1n\u00edm. Na t\u00e9to \u00farovni se projev\u00ed vizu\u00e1ln\u00ed halucinace spolu s v\u00fdskytem obrazc\u016f a frakt\u00e1l\u016f. U\u017e \u017e\u00e1dn\u00e9 n\u00e1znaky nebo jemn\u00e9 z\u00e1blesky vizu\u00e1ln\u00edch vjem\u016f, d\u011bje se to doopravdy. Povrch pozorovan\u00e9ho objektu se bude lesknout a pohybovat, proto\u017ee se zm\u011bn\u00ed va\u0161e hloubkov\u00e9 pole. Naru\u0161en\u00ed schopnosti m\u011b\u0159it plynut\u00ed \u010dasu m\u016f\u017ee zp\u016fsobit, \u017ee v\u00e1m jedna hodina bude p\u0159ipadat jako v\u011b\u010dnost.<\/p>\n<p>\u00darove\u0148 4: Let s hv\u011bzdami<br \/> Recommended dosage: 3 \u2013 4 g. dried mushrooms\u00a0\u2013 Strong hallucinations take over: a psychedelic flood of shapes, contours and colors will blend together and hit the shores of your consciousness. There\u2019s no stopping the waves in Level 4. There will be some moments when you will lose touch reality. Random, non-existent objects will appear and the concept of time will fade away to the background. Intriguing to some, scary to others, this is the level where psychedelics can really be powerful, life-altering and mind expanding. Keep in mind that this dosage is only recommend for experience users.<\/p>\n<p>Level 5: Total loss<br \/> Dosage: Anywhere from 4 \u2013 5 g. dried mushrooms\u00a0\u2013 Total loss of contact with reality. Intense hallucinations. Great distortion of the perception of the space and time. Disappearance of the logical and known perception of the reality. Great introspection and loss of identity. Sensitive, emotional and personal experiences impossible to describe, once the psychedelic experience ends. Level 5!<\/p>\n<hr \/>\n<p><strong>THE HISTORY OF THE MEXICAN MAGIC MUSHROOM<\/strong><br \/> There\u2019re more similarities than differences between these 2 types of mushrooms.<\/p>\n<p>The main similarity is that they both come from Mexico and they\u2019re both used by the Mazatec indigenous people, a tribe that comes from the mountains of Oaxaca, Mexico, the region that introduced magic mushrooms to the whole world.<\/p>\n<p>The Mazatec people have a long tradition of using magic mushrooms for spiritual &amp; ritualistic use. They eat these magic mushrooms only at night because they believe that if they eat them in daylight they will go mad.<\/p>\n<p>Everything changed for the western world when in the 1950\u2019s two Americans were allowed to participate in the Mazatec rituals, it effectively introduced psilocybin and salvia to the rest of the world. This influenced many important players in the psychedelic revolution and changed modern man\u2019s relationship to psychedelics forever.<\/p>\n<p>Effects<br \/> If you are into the spiritual side of magic mushrooms, you will definitely enjoy these two types of cubensis as they offer a very powerful spiritual journey. We\u2019ve heard a lot of great feedback from people overtime on this one having very beautiful visions after embracing its gift.<\/p>\n<p>In regards to the Mexicana Cubensis, many consumers prefer it for their first\u00a0experiences\u00a0because they give a complete psychoactive experience with a gentle impact on the body. You will feel joy, fun &amp; euphoria, experience visual hallucinations just with about 5 grams of fresh mushrooms, and 15 minutes after consuming it.<\/p>\n<p>The effects will enlarge your creativity &amp; original thoughts, your social behavior, and your good feelings. You\u2019ll get visuals hallucinations with shapes color variations, as well as fractals and forms.<\/p>","protected":false},"excerpt":{"rendered":"<p>**DOSAGE GUIDE \u2013 Buy Shrooms Mexi Online* Buy Shrooms Mexi Online- Trip Level 0: Microdosing Recommended dosage: 0.2 \u2013 0.5 g. dried mushrooms\u00a0\u2013 A micro-dose is a sub-perceptual amount of mushrooms. Take this every 2-3 days to boost creativity or feel less anxious. Microdosing trip levels capsules. Added as level 0, it\u2019s meant to be [&hellip;]<\/p>\n","protected":false},"featured_media":3120,"comment_status":"open","ping_status":"closed","template":"","meta":{"_uag_custom_page_level_css":"","site-sidebar-layout":"default","site-content-layout":"","ast-site-content-layout":"default","site-content-style":"default","site-sidebar-style":"default","ast-global-header-display":"","ast-banner-title-visibility":"","ast-main-header-display":"","ast-hfb-above-header-display":"","ast-hfb-below-header-display":"","ast-hfb-mobile-header-display":"","site-post-title":"","ast-breadcrumbs-content":"","ast-featured-img":"","footer-sml-layout":"","ast-disable-related-posts":"","theme-transparent-header-meta":"","adv-header-id-meta":"","stick-header-meta":"","header-above-stick-meta":"","header-main-stick-meta":"","header-below-stick-meta":"","astra-migrate-meta-layouts":"default","ast-page-background-enabled":"default","ast-page-background-meta":{"desktop":{"background-color":"","background-image":"","background-repeat":"repeat","background-position":"center center","background-size":"auto","background-attachment":"scroll","background-type":"","background-media":"","overlay-type":"","overlay-color":"","overlay-opacity":"","overlay-gradient":""},"tablet":{"background-color":"","background-image":"","background-repeat":"repeat","background-position":"center center","background-size":"auto","background-attachment":"scroll","background-type":"","background-media":"","overlay-type":"","overlay-color":"","overlay-opacity":"","overlay-gradient":""},"mobile":{"background-color":"","background-image":"","background-repeat":"repeat","background-position":"center center","background-size":"auto","background-attachment":"scroll","background-type":"","background-media":"","overlay-type":"","overlay-color":"","overlay-opacity":"","overlay-gradient":""}},"ast-content-background-meta":{"desktop":{"background-color":"var(--ast-global-color-5)","background-image":"","background-repeat":"repeat","background-position":"center center","background-size":"auto","background-attachment":"scroll","background-type":"","background-media":"","overlay-type":"","overlay-color":"","overlay-opacity":"","overlay-gradient":""},"tablet":{"background-color":"var(--ast-global-color-5)","background-image":"","background-repeat":"repeat","background-position":"center center","background-size":"auto","background-attachment":"scroll","background-type":"","background-media":"","overlay-type":"","overlay-color":"","overlay-opacity":"","overlay-gradient":""},"mobile":{"background-color":"var(--ast-global-color-5)","background-image":"","background-repeat":"repeat","background-position":"center center","background-size":"auto","background-attachment":"scroll","background-type":"","background-media":"","overlay-type":"","overlay-color":"","overlay-opacity":"","overlay-gradient":""}}},"product_brand":[],"product_cat":[1388],"product_tag":[],"class_list":{"0":"post-3083","1":"product","2":"type-product","3":"status-publish","4":"has-post-thumbnail","6":"product_cat-mushrooms","7":"desktop-align-left","8":"tablet-align-left","9":"mobile-align-left","11":"first","12":"instock","13":"shipping-taxable","14":"purchasable","15":"product-type-variable"},"yoast_head":"<!-- This site is optimized with the Yoast SEO plugin v27.5 - https:\/\/yoast.com\/product\/yoast-seo-wordpress\/ -->\n<title>Shrooms \u2013 Mexi -<\/title>\n<meta name=\"robots\" content=\"index, follow, max-snippet:-1, max-image-preview:large, max-video-preview:-1\" \/>\n<link rel=\"canonical\" href=\"https:\/\/exoticchemicals.com\/cs\/product\/shrooms-mexi\/\" \/>\n<meta property=\"og:locale\" content=\"cs_CZ\" \/>\n<meta property=\"og:type\" content=\"article\" \/>\n<meta property=\"og:title\" content=\"Shrooms \u2013 Mexi -\" \/>\n<meta property=\"og:description\" content=\"**DOSAGE GUIDE \u2013 Buy Shrooms Mexi Online* Buy Shrooms Mexi Online- Trip Level 0: Microdosing Recommended dosage: 0.2 \u2013 0.5 g. dried mushrooms\u00a0\u2013 A micro-dose is a sub-perceptual amount of mushrooms. Take this every 2-3 days to boost creativity or feel less anxious. Microdosing trip levels capsules. Added as level 0, it\u2019s meant to be [&hellip;]\" \/>\n<meta property=\"og:url\" content=\"https:\/\/exoticchemicals.com\/cs\/product\/shrooms-mexi\/\" \/>\n<meta property=\"article:modified_time\" content=\"2026-04-06T14:33:09+00:00\" \/>\n<meta property=\"og:image\" content=\"https:\/\/exoticchemicals.com\/wp-content\/uploads\/2025\/02\/Mexi-Shrooms3-MMJ-1.jpg\" \/>\n\t<meta property=\"og:image:width\" content=\"1024\" \/>\n\t<meta property=\"og:image:height\" content=\"1024\" \/>\n\t<meta property=\"og:image:type\" content=\"image\/jpeg\" \/>\n<meta name=\"twitter:card\" content=\"summary_large_image\" \/>\n<meta name=\"twitter:label1\" content=\"Odhadovan\u00e1 doba \u010dten\u00ed\" \/>\n\t<meta name=\"twitter:data1\" content=\"4 minuty\" \/>\n<script type=\"application\/ld+json\" class=\"yoast-schema-graph\">{\"@context\":\"https:\\\/\\\/schema.org\",\"@graph\":[{\"@type\":\"WebPage\",\"@id\":\"https:\\\/\\\/exoticchemicals.com\\\/product\\\/shrooms-mexi\\\/\",\"url\":\"https:\\\/\\\/exoticchemicals.com\\\/product\\\/shrooms-mexi\\\/\",\"name\":\"Shrooms \u2013 Mexi -\",\"isPartOf\":{\"@id\":\"https:\\\/\\\/exoticchemicals.com\\\/#website\"},\"primaryImageOfPage\":{\"@id\":\"https:\\\/\\\/exoticchemicals.com\\\/product\\\/shrooms-mexi\\\/#primaryimage\"},\"image\":{\"@id\":\"https:\\\/\\\/exoticchemicals.com\\\/product\\\/shrooms-mexi\\\/#primaryimage\"},\"thumbnailUrl\":\"https:\\\/\\\/exoticchemicals.com\\\/wp-content\\\/uploads\\\/2025\\\/02\\\/Mexi-Shrooms3-MMJ-1.jpg\",\"datePublished\":\"2025-02-06T21:21:25+00:00\",\"dateModified\":\"2026-04-06T14:33:09+00:00\",\"breadcrumb\":{\"@id\":\"https:\\\/\\\/exoticchemicals.com\\\/product\\\/shrooms-mexi\\\/#breadcrumb\"},\"inLanguage\":\"cs\",\"potentialAction\":[{\"@type\":\"ReadAction\",\"target\":[\"https:\\\/\\\/exoticchemicals.com\\\/product\\\/shrooms-mexi\\\/\"]}]},{\"@type\":\"ImageObject\",\"inLanguage\":\"cs\",\"@id\":\"https:\\\/\\\/exoticchemicals.com\\\/product\\\/shrooms-mexi\\\/#primaryimage\",\"url\":\"https:\\\/\\\/exoticchemicals.com\\\/wp-content\\\/uploads\\\/2025\\\/02\\\/Mexi-Shrooms3-MMJ-1.jpg\",\"contentUrl\":\"https:\\\/\\\/exoticchemicals.com\\\/wp-content\\\/uploads\\\/2025\\\/02\\\/Mexi-Shrooms3-MMJ-1.jpg\",\"width\":1024,\"height\":1024},{\"@type\":\"BreadcrumbList\",\"@id\":\"https:\\\/\\\/exoticchemicals.com\\\/product\\\/shrooms-mexi\\\/#breadcrumb\",\"itemListElement\":[{\"@type\":\"ListItem\",\"position\":1,\"name\":\"Home\",\"item\":\"https:\\\/\\\/exoticchemicals.com\\\/\"},{\"@type\":\"ListItem\",\"position\":2,\"name\":\"Shop\",\"item\":\"https:\\\/\\\/exoticchemicals.com\\\/shop\\\/\"},{\"@type\":\"ListItem\",\"position\":3,\"name\":\"Shrooms \u2013 Mexi\"}]},{\"@type\":\"WebSite\",\"@id\":\"https:\\\/\\\/exoticchemicals.com\\\/#website\",\"url\":\"https:\\\/\\\/exoticchemicals.com\\\/\",\"name\":\"exotic chemicals\",\"description\":\"Buy MDPHP Hydrochloride\",\"publisher\":{\"@id\":\"https:\\\/\\\/exoticchemicals.com\\\/#\\\/schema\\\/person\\\/07ad08472b6f5b213792451a32dbe8c7\"},\"potentialAction\":[{\"@type\":\"SearchAction\",\"target\":{\"@type\":\"EntryPoint\",\"urlTemplate\":\"https:\\\/\\\/exoticchemicals.com\\\/?s={search_term_string}\"},\"query-input\":{\"@type\":\"PropertyValueSpecification\",\"valueRequired\":true,\"valueName\":\"search_term_string\"}}],\"inLanguage\":\"cs\"},{\"@type\":[\"Person\",\"Organization\"],\"@id\":\"https:\\\/\\\/exoticchemicals.com\\\/#\\\/schema\\\/person\\\/07ad08472b6f5b213792451a32dbe8c7\",\"name\":\"wwalkershop@gmail.com\",\"image\":{\"@type\":\"ImageObject\",\"inLanguage\":\"cs\",\"@id\":\"https:\\\/\\\/exoticchemicals.com\\\/wp-content\\\/uploads\\\/2025\\\/02\\\/pure-3-1-1.png\",\"url\":\"https:\\\/\\\/exoticchemicals.com\\\/wp-content\\\/uploads\\\/2025\\\/02\\\/pure-3-1-1.png\",\"contentUrl\":\"https:\\\/\\\/exoticchemicals.com\\\/wp-content\\\/uploads\\\/2025\\\/02\\\/pure-3-1-1.png\",\"width\":500,\"height\":500,\"caption\":\"wwalkershop@gmail.com\"},\"logo\":{\"@id\":\"https:\\\/\\\/exoticchemicals.com\\\/wp-content\\\/uploads\\\/2025\\\/02\\\/pure-3-1-1.png\"},\"sameAs\":[\"http:\\\/\\\/exoticchemicals.com\"]}]}<\/script>\n<!-- \/ Yoast SEO plugin. -->","yoast_head_json":{"title":"Shrooms \u2013 Mexi -","robots":{"index":"index","follow":"follow","max-snippet":"max-snippet:-1","max-image-preview":"max-image-preview:large","max-video-preview":"max-video-preview:-1"},"canonical":"https:\/\/exoticchemicals.com\/cs\/product\/shrooms-mexi\/","og_locale":"cs_CZ","og_type":"article","og_title":"Shrooms \u2013 Mexi -","og_description":"**DOSAGE GUIDE \u2013 Buy Shrooms Mexi Online* Buy Shrooms Mexi Online- Trip Level 0: Microdosing Recommended dosage: 0.2 \u2013 0.5 g. dried mushrooms\u00a0\u2013 A micro-dose is a sub-perceptual amount of mushrooms. Take this every 2-3 days to boost creativity or feel less anxious. Microdosing trip levels capsules. Added as level 0, it\u2019s meant to be [&hellip;]","og_url":"https:\/\/exoticchemicals.com\/cs\/product\/shrooms-mexi\/","article_modified_time":"2026-04-06T14:33:09+00:00","og_image":[{"width":1024,"height":1024,"url":"https:\/\/exoticchemicals.com\/wp-content\/uploads\/2025\/02\/Mexi-Shrooms3-MMJ-1.jpg","type":"image\/jpeg"}],"twitter_card":"summary_large_image","twitter_misc":{"Odhadovan\u00e1 doba \u010dten\u00ed":"4 minuty"},"schema":{"@context":"https:\/\/schema.org","@graph":[{"@type":"WebPage","@id":"https:\/\/exoticchemicals.com\/product\/shrooms-mexi\/","url":"https:\/\/exoticchemicals.com\/product\/shrooms-mexi\/","name":"Shrooms \u2013 Mexi -","isPartOf":{"@id":"https:\/\/exoticchemicals.com\/#website"},"primaryImageOfPage":{"@id":"https:\/\/exoticchemicals.com\/product\/shrooms-mexi\/#primaryimage"},"image":{"@id":"https:\/\/exoticchemicals.com\/product\/shrooms-mexi\/#primaryimage"},"thumbnailUrl":"https:\/\/exoticchemicals.com\/wp-content\/uploads\/2025\/02\/Mexi-Shrooms3-MMJ-1.jpg","datePublished":"2025-02-06T21:21:25+00:00","dateModified":"2026-04-06T14:33:09+00:00","breadcrumb":{"@id":"https:\/\/exoticchemicals.com\/product\/shrooms-mexi\/#breadcrumb"},"inLanguage":"cs","potentialAction":[{"@type":"ReadAction","target":["https:\/\/exoticchemicals.com\/product\/shrooms-mexi\/"]}]},{"@type":"ImageObject","inLanguage":"cs","@id":"https:\/\/exoticchemicals.com\/product\/shrooms-mexi\/#primaryimage","url":"https:\/\/exoticchemicals.com\/wp-content\/uploads\/2025\/02\/Mexi-Shrooms3-MMJ-1.jpg","contentUrl":"https:\/\/exoticchemicals.com\/wp-content\/uploads\/2025\/02\/Mexi-Shrooms3-MMJ-1.jpg","width":1024,"height":1024},{"@type":"BreadcrumbList","@id":"https:\/\/exoticchemicals.com\/product\/shrooms-mexi\/#breadcrumb","itemListElement":[{"@type":"ListItem","position":1,"name":"Home","item":"https:\/\/exoticchemicals.com\/"},{"@type":"ListItem","position":2,"name":"Shop","item":"https:\/\/exoticchemicals.com\/shop\/"},{"@type":"ListItem","position":3,"name":"Shrooms \u2013 Mexi"}]},{"@type":"WebSite","@id":"https:\/\/exoticchemicals.com\/#website","url":"https:\/\/exoticchemicals.com\/","name":"exotick\u00e9 chemik\u00e1lie","description":"Koupit MDPHP hydrochlorid","publisher":{"@id":"https:\/\/exoticchemicals.com\/#\/schema\/person\/07ad08472b6f5b213792451a32dbe8c7"},"potentialAction":[{"@type":"SearchAction","target":{"@type":"EntryPoint","urlTemplate":"https:\/\/exoticchemicals.com\/?s={search_term_string}"},"query-input":{"@type":"PropertyValueSpecification","valueRequired":true,"valueName":"search_term_string"}}],"inLanguage":"cs"},{"@type":["Person","Organization"],"@id":"https:\/\/exoticchemicals.com\/#\/schema\/person\/07ad08472b6f5b213792451a32dbe8c7","name":"wwalkershop@gmail.com","image":{"@type":"ImageObject","inLanguage":"cs","@id":"https:\/\/exoticchemicals.com\/wp-content\/uploads\/2025\/02\/pure-3-1-1.png","url":"https:\/\/exoticchemicals.com\/wp-content\/uploads\/2025\/02\/pure-3-1-1.png","contentUrl":"https:\/\/exoticchemicals.com\/wp-content\/uploads\/2025\/02\/pure-3-1-1.png","width":500,"height":500,"caption":"wwalkershop@gmail.com"},"logo":{"@id":"https:\/\/exoticchemicals.com\/wp-content\/uploads\/2025\/02\/pure-3-1-1.png"},"sameAs":["http:\/\/exoticchemicals.com"]}]}},"uagb_featured_image_src":{"full":["https:\/\/exoticchemicals.com\/wp-content\/uploads\/2025\/02\/Mexi-Shrooms3-MMJ-1.jpg",1024,1024,false],"thumbnail":["https:\/\/exoticchemicals.com\/wp-content\/uploads\/2025\/02\/Mexi-Shrooms3-MMJ-1-150x150.jpg",150,150,true],"medium":["https:\/\/exoticchemicals.com\/wp-content\/uploads\/2025\/02\/Mexi-Shrooms3-MMJ-1-300x300.jpg",300,300,true],"medium_large":["https:\/\/exoticchemicals.com\/wp-content\/uploads\/2025\/02\/Mexi-Shrooms3-MMJ-1-768x768.jpg",768,768,true],"large":["https:\/\/exoticchemicals.com\/wp-content\/uploads\/2025\/02\/Mexi-Shrooms3-MMJ-1.jpg",1024,1024,false],"1536x1536":["https:\/\/exoticchemicals.com\/wp-content\/uploads\/2025\/02\/Mexi-Shrooms3-MMJ-1.jpg",1024,1024,false],"2048x2048":["https:\/\/exoticchemicals.com\/wp-content\/uploads\/2025\/02\/Mexi-Shrooms3-MMJ-1.jpg",1024,1024,false],"trp-custom-language-flag":["https:\/\/exoticchemicals.com\/wp-content\/uploads\/2025\/02\/Mexi-Shrooms3-MMJ-1.jpg",12,12,false],"woocommerce_thumbnail":["https:\/\/exoticchemicals.com\/wp-content\/uploads\/2025\/02\/Mexi-Shrooms3-MMJ-1-300x300.jpg",300,300,true],"woocommerce_single":["https:\/\/exoticchemicals.com\/wp-content\/uploads\/2025\/02\/Mexi-Shrooms3-MMJ-1-600x600.jpg",600,600,true],"woocommerce_gallery_thumbnail":["https:\/\/exoticchemicals.com\/wp-content\/uploads\/2025\/02\/Mexi-Shrooms3-MMJ-1-100x100.jpg",100,100,true]},"uagb_author_info":{"display_name":"bossman","author_link":"https:\/\/exoticchemicals.com\/cs\/author\/"},"uagb_comment_info":3,"uagb_excerpt":"**DOSAGE GUIDE \u2013 Buy Shrooms Mexi Online* Buy Shrooms Mexi Online- Trip Level 0: Microdosing Recommended dosage: 0.2 \u2013 0.5 g. dried mushrooms\u00a0\u2013 A micro-dose is a sub-perceptual amount of mushrooms. Take this every 2-3 days to boost creativity or feel less anxious. Microdosing trip levels capsules. Added as level 0, it\u2019s meant to be&hellip;","_links":{"self":[{"href":"https:\/\/exoticchemicals.com\/cs\/wp-json\/wp\/v2\/product\/3083","targetHints":{"allow":["GET"]}}],"collection":[{"href":"https:\/\/exoticchemicals.com\/cs\/wp-json\/wp\/v2\/product"}],"about":[{"href":"https:\/\/exoticchemicals.com\/cs\/wp-json\/wp\/v2\/types\/product"}],"replies":[{"embeddable":true,"href":"https:\/\/exoticchemicals.com\/cs\/wp-json\/wp\/v2\/comments?post=3083"}],"wp:featuredmedia":[{"embeddable":true,"href":"https:\/\/exoticchemicals.com\/cs\/wp-json\/wp\/v2\/media\/3120"}],"wp:attachment":[{"href":"https:\/\/exoticchemicals.com\/cs\/wp-json\/wp\/v2\/media?parent=3083"}],"wp:term":[{"taxonomy":"product_brand","embeddable":true,"href":"https:\/\/exoticchemicals.com\/cs\/wp-json\/wp\/v2\/product_brand?post=3083"},{"taxonomy":"product_cat","embeddable":true,"href":"https:\/\/exoticchemicals.com\/cs\/wp-json\/wp\/v2\/product_cat?post=3083"},{"taxonomy":"product_tag","embeddable":true,"href":"https:\/\/exoticchemicals.com\/cs\/wp-json\/wp\/v2\/product_tag?post=3083"}],"curies":[{"name":"wp","href":"https:\/\/api.w.org\/{rel}","templated":true}]}}