{"id":3219,"date":"2025-02-06T21:22:39","date_gmt":"2025-02-06T21:22:39","guid":{"rendered":"https:\/\/exoticchemicals.com\/?post_type=product&#038;p=3219"},"modified":"2026-04-16T00:41:36","modified_gmt":"2026-04-16T00:41:36","slug":"buy-furanylfentanyl-fu-f-powder","status":"publish","type":"product","link":"https:\/\/exoticchemicals.com\/cs\/product\/buy-furanylfentanyl-fu-f-powder\/","title":{"rendered":"BUY Furanylfentanyl Fu-F POWDER"},"content":{"rendered":"<p>BUY Furanylfentanyl Fu-F POWDER<br \/> Buy Furanylfentanyl Fu-F Powder, it is an opioid analgesic that is an analog of fentanyl and has been sold as a designer drug. It demonstrates an ED50 value of 0.02 mg\/kg in a mouse hot plate analgesia test.<\/p>\n<p>This product is intended for forensic and research applications.<\/p>\n<p>Side effects<br \/> Side effects of fentanyl analogs are similar to those of fentanyl itself, which include itching, nausea and potentially serious respiratory depression, which can be life-threatening.<\/p>\n<p>Life-threatening adverse reactions caused by furanylfentanyl use have been observed in Sweden and Canada. At least seven deaths in Cook County, Illinois, have been linked to furanylfentanyl in 2016, with additional deaths in suburban Chicago in 2017.<\/p>\n<p>Detection in biological fluids<br \/> Furanylfentanyl may be measured in blood or urine to monitor for abuse, confirm a diagnosis of poisoning, or assist in a medicolegal death investigation. Commercially available immunoassays are often used as initial screening tests, but chromatographic techniques are generally used for confirmation and quantitation. Blood furanylfentanyl concentrations are expected to be in a range of 1-45 ?g\/L in victims of fatal overdosage.<\/p>\n<p>Synonyms<br \/> Fu-F<br \/> 2-Furanyl fentanyl<br \/> Technical Information<br \/> Formal Name: N-phenyl-N-[1-(2-phenylethyl)-4-piperidinyl]-2-furancarboxamide, monohydrochloride<br \/> CAS Number: 101365-56-4<br \/> Molecular Formula: C24H26N2O2 \u0095 HCl<br \/> Formula Weight: 410.9<br \/> Purity: ?98%<br \/> Formulation: A neat solid<br \/> SMILES: O=C(C1=CC=CO1)N(C2CCN(CCC3=CC=CC=C3)CC2)C4=CC=CC=C4.Cl<br \/> InChi CodeInChI=1S\/C24H26N2O2.ClH\/c27-24(23-12-7-19-28-23)26(21-10-5-2-6-11-21)22-14-17-25(18-15-22)16-13-20-8-3-1-4-9-20;\/h1-12,19,22H,13-18H2;1H<br \/> InChi Key: MKKAYRKIIKMNAP-UHFFFAOYSA-N<br \/> DEA Schedule: I<br \/> Shipping &amp; Storage Information<br \/> Storage: -20\u00b0C<br \/> Shipping: Room Temperature in\u00a0continental\u00a0US; may vary elsewhere<br \/> Stability: See Certificate of Analysis<br \/> See also<br \/> 3-Methylbutyrfentanyl<br \/> 3-Methylfentanyl<br \/> 4-Fluorofentanyl<br \/> ?-Methylfentanyl<br \/> Acetylfentanyl<br \/> Acrylfentanyl<br \/> Benzoylfentanyl<br \/> Butyrfentanyl<br \/> List of fentanyl analogues<br \/> Mirfentanil<\/p>\n","protected":false},"excerpt":{"rendered":"<p>BUY Furanylfentanyl Fu-F POWDER Buy Furanylfentanyl Fu-F Powder, it is an opioid analgesic that is an analog of fentanyl and has been sold as a designer drug. It demonstrates an ED50 value of 0.02 mg\/kg in a mouse hot plate analgesia test. This product is intended for forensic and research applications. Side effects Side effects [&hellip;]<\/p>\n","protected":false},"featured_media":3237,"comment_status":"open","ping_status":"closed","template":"","meta":{"_uag_custom_page_level_css":"","site-sidebar-layout":"default","site-content-layout":"","ast-site-content-layout":"default","site-content-style":"default","site-sidebar-style":"default","ast-global-header-display":"","ast-banner-title-visibility":"","ast-main-header-display":"","ast-hfb-above-header-display":"","ast-hfb-below-header-display":"","ast-hfb-mobile-header-display":"","site-post-title":"","ast-breadcrumbs-content":"","ast-featured-img":"","footer-sml-layout":"","ast-disable-related-posts":"","theme-transparent-header-meta":"","adv-header-id-meta":"","stick-header-meta":"","header-above-stick-meta":"","header-main-stick-meta":"","header-below-stick-meta":"","astra-migrate-meta-layouts":"default","ast-page-background-enabled":"default","ast-page-background-meta":{"desktop":{"background-color":"","background-image":"","background-repeat":"repeat","background-position":"center center","background-size":"auto","background-attachment":"scroll","background-type":"","background-media":"","overlay-type":"","overlay-color":"","overlay-opacity":"","overlay-gradient":""},"tablet":{"background-color":"","background-image":"","background-repeat":"repeat","background-position":"center center","background-size":"auto","background-attachment":"scroll","background-type":"","background-media":"","overlay-type":"","overlay-color":"","overlay-opacity":"","overlay-gradient":""},"mobile":{"background-color":"","background-image":"","background-repeat":"repeat","background-position":"center center","background-size":"auto","background-attachment":"scroll","background-type":"","background-media":"","overlay-type":"","overlay-color":"","overlay-opacity":"","overlay-gradient":""}},"ast-content-background-meta":{"desktop":{"background-color":"var(--ast-global-color-5)","background-image":"","background-repeat":"repeat","background-position":"center center","background-size":"auto","background-attachment":"scroll","background-type":"","background-media":"","overlay-type":"","overlay-color":"","overlay-opacity":"","overlay-gradient":""},"tablet":{"background-color":"var(--ast-global-color-5)","background-image":"","background-repeat":"repeat","background-position":"center center","background-size":"auto","background-attachment":"scroll","background-type":"","background-media":"","overlay-type":"","overlay-color":"","overlay-opacity":"","overlay-gradient":""},"mobile":{"background-color":"var(--ast-global-color-5)","background-image":"","background-repeat":"repeat","background-position":"center center","background-size":"auto","background-attachment":"scroll","background-type":"","background-media":"","overlay-type":"","overlay-color":"","overlay-opacity":"","overlay-gradient":""}}},"product_brand":[],"product_cat":[1391],"product_tag":[],"class_list":{"0":"post-3219","1":"product","2":"type-product","3":"status-publish","4":"has-post-thumbnail","6":"product_cat-buy-roxycodone-online-without-prescription-stimulant","7":"desktop-align-left","8":"tablet-align-left","9":"mobile-align-left","11":"first","12":"instock","13":"shipping-taxable","14":"purchasable","15":"product-type-variable"},"yoast_head":"<!-- This site is optimized with the Yoast SEO plugin v27.5 - https:\/\/yoast.com\/product\/yoast-seo-wordpress\/ -->\n<title>BUY Furanylfentanyl Fu-F POWDER -<\/title>\n<meta name=\"robots\" content=\"index, follow, max-snippet:-1, max-image-preview:large, max-video-preview:-1\" \/>\n<link rel=\"canonical\" href=\"https:\/\/exoticchemicals.com\/cs\/product\/buy-furanylfentanyl-fu-f-powder\/\" \/>\n<meta property=\"og:locale\" content=\"cs_CZ\" \/>\n<meta property=\"og:type\" content=\"article\" \/>\n<meta property=\"og:title\" content=\"BUY Furanylfentanyl Fu-F POWDER -\" \/>\n<meta property=\"og:description\" content=\"BUY Furanylfentanyl Fu-F POWDER Buy Furanylfentanyl Fu-F Powder, it is an opioid analgesic that is an analog of fentanyl and has been sold as a designer drug. It demonstrates an ED50 value of 0.02 mg\/kg in a mouse hot plate analgesia test. This product is intended for forensic and research applications. Side effects Side effects [&hellip;]\" \/>\n<meta property=\"og:url\" content=\"https:\/\/exoticchemicals.com\/cs\/product\/buy-furanylfentanyl-fu-f-powder\/\" \/>\n<meta property=\"article:modified_time\" content=\"2026-04-16T00:41:36+00:00\" \/>\n<meta property=\"og:image\" content=\"https:\/\/exoticchemicals.com\/wp-content\/uploads\/2025\/02\/BUY-5F-AKB48-POWDER-1-jpg.webp\" \/>\n\t<meta property=\"og:image:width\" content=\"515\" \/>\n\t<meta property=\"og:image:height\" content=\"332\" \/>\n\t<meta property=\"og:image:type\" content=\"image\/webp\" \/>\n<meta name=\"twitter:card\" content=\"summary_large_image\" \/>\n<meta name=\"twitter:label1\" content=\"Odhadovan\u00e1 doba \u010dten\u00ed\" \/>\n\t<meta name=\"twitter:data1\" content=\"2 minuty\" \/>\n<script type=\"application\/ld+json\" class=\"yoast-schema-graph\">{\"@context\":\"https:\\\/\\\/schema.org\",\"@graph\":[{\"@type\":\"WebPage\",\"@id\":\"https:\\\/\\\/exoticchemicals.com\\\/product\\\/buy-furanylfentanyl-fu-f-powder\\\/\",\"url\":\"https:\\\/\\\/exoticchemicals.com\\\/product\\\/buy-furanylfentanyl-fu-f-powder\\\/\",\"name\":\"BUY Furanylfentanyl Fu-F POWDER -\",\"isPartOf\":{\"@id\":\"https:\\\/\\\/exoticchemicals.com\\\/#website\"},\"primaryImageOfPage\":{\"@id\":\"https:\\\/\\\/exoticchemicals.com\\\/product\\\/buy-furanylfentanyl-fu-f-powder\\\/#primaryimage\"},\"image\":{\"@id\":\"https:\\\/\\\/exoticchemicals.com\\\/product\\\/buy-furanylfentanyl-fu-f-powder\\\/#primaryimage\"},\"thumbnailUrl\":\"https:\\\/\\\/exoticchemicals.com\\\/wp-content\\\/uploads\\\/2025\\\/02\\\/BUY-5F-AKB48-POWDER-1-jpg.webp\",\"datePublished\":\"2025-02-06T21:22:39+00:00\",\"dateModified\":\"2026-04-16T00:41:36+00:00\",\"breadcrumb\":{\"@id\":\"https:\\\/\\\/exoticchemicals.com\\\/product\\\/buy-furanylfentanyl-fu-f-powder\\\/#breadcrumb\"},\"inLanguage\":\"cs\",\"potentialAction\":[{\"@type\":\"ReadAction\",\"target\":[\"https:\\\/\\\/exoticchemicals.com\\\/product\\\/buy-furanylfentanyl-fu-f-powder\\\/\"]}]},{\"@type\":\"ImageObject\",\"inLanguage\":\"cs\",\"@id\":\"https:\\\/\\\/exoticchemicals.com\\\/product\\\/buy-furanylfentanyl-fu-f-powder\\\/#primaryimage\",\"url\":\"https:\\\/\\\/exoticchemicals.com\\\/wp-content\\\/uploads\\\/2025\\\/02\\\/BUY-5F-AKB48-POWDER-1-jpg.webp\",\"contentUrl\":\"https:\\\/\\\/exoticchemicals.com\\\/wp-content\\\/uploads\\\/2025\\\/02\\\/BUY-5F-AKB48-POWDER-1-jpg.webp\",\"width\":515,\"height\":332},{\"@type\":\"BreadcrumbList\",\"@id\":\"https:\\\/\\\/exoticchemicals.com\\\/product\\\/buy-furanylfentanyl-fu-f-powder\\\/#breadcrumb\",\"itemListElement\":[{\"@type\":\"ListItem\",\"position\":1,\"name\":\"Home\",\"item\":\"https:\\\/\\\/exoticchemicals.com\\\/\"},{\"@type\":\"ListItem\",\"position\":2,\"name\":\"Shop\",\"item\":\"https:\\\/\\\/exoticchemicals.com\\\/shop\\\/\"},{\"@type\":\"ListItem\",\"position\":3,\"name\":\"BUY Furanylfentanyl Fu-F POWDER\"}]},{\"@type\":\"WebSite\",\"@id\":\"https:\\\/\\\/exoticchemicals.com\\\/#website\",\"url\":\"https:\\\/\\\/exoticchemicals.com\\\/\",\"name\":\"exotic chemicals\",\"description\":\"Buy MDPHP Hydrochloride\",\"publisher\":{\"@id\":\"https:\\\/\\\/exoticchemicals.com\\\/#\\\/schema\\\/person\\\/07ad08472b6f5b213792451a32dbe8c7\"},\"potentialAction\":[{\"@type\":\"SearchAction\",\"target\":{\"@type\":\"EntryPoint\",\"urlTemplate\":\"https:\\\/\\\/exoticchemicals.com\\\/?s={search_term_string}\"},\"query-input\":{\"@type\":\"PropertyValueSpecification\",\"valueRequired\":true,\"valueName\":\"search_term_string\"}}],\"inLanguage\":\"cs\"},{\"@type\":[\"Person\",\"Organization\"],\"@id\":\"https:\\\/\\\/exoticchemicals.com\\\/#\\\/schema\\\/person\\\/07ad08472b6f5b213792451a32dbe8c7\",\"name\":\"wwalkershop@gmail.com\",\"image\":{\"@type\":\"ImageObject\",\"inLanguage\":\"cs\",\"@id\":\"https:\\\/\\\/exoticchemicals.com\\\/wp-content\\\/uploads\\\/2025\\\/02\\\/pure-3-1-1.png\",\"url\":\"https:\\\/\\\/exoticchemicals.com\\\/wp-content\\\/uploads\\\/2025\\\/02\\\/pure-3-1-1.png\",\"contentUrl\":\"https:\\\/\\\/exoticchemicals.com\\\/wp-content\\\/uploads\\\/2025\\\/02\\\/pure-3-1-1.png\",\"width\":500,\"height\":500,\"caption\":\"wwalkershop@gmail.com\"},\"logo\":{\"@id\":\"https:\\\/\\\/exoticchemicals.com\\\/wp-content\\\/uploads\\\/2025\\\/02\\\/pure-3-1-1.png\"},\"sameAs\":[\"http:\\\/\\\/exoticchemicals.com\"]}]}<\/script>\n<!-- \/ Yoast SEO plugin. -->","yoast_head_json":{"title":"BUY Furanylfentanyl Fu-F POWDER -","robots":{"index":"index","follow":"follow","max-snippet":"max-snippet:-1","max-image-preview":"max-image-preview:large","max-video-preview":"max-video-preview:-1"},"canonical":"https:\/\/exoticchemicals.com\/cs\/product\/buy-furanylfentanyl-fu-f-powder\/","og_locale":"cs_CZ","og_type":"article","og_title":"BUY Furanylfentanyl Fu-F POWDER -","og_description":"BUY Furanylfentanyl Fu-F POWDER Buy Furanylfentanyl Fu-F Powder, it is an opioid analgesic that is an analog of fentanyl and has been sold as a designer drug. It demonstrates an ED50 value of 0.02 mg\/kg in a mouse hot plate analgesia test. This product is intended for forensic and research applications. Side effects Side effects [&hellip;]","og_url":"https:\/\/exoticchemicals.com\/cs\/product\/buy-furanylfentanyl-fu-f-powder\/","article_modified_time":"2026-04-16T00:41:36+00:00","og_image":[{"width":515,"height":332,"url":"https:\/\/exoticchemicals.com\/wp-content\/uploads\/2025\/02\/BUY-5F-AKB48-POWDER-1-jpg.webp","type":"image\/webp"}],"twitter_card":"summary_large_image","twitter_misc":{"Odhadovan\u00e1 doba \u010dten\u00ed":"2 minuty"},"schema":{"@context":"https:\/\/schema.org","@graph":[{"@type":"WebPage","@id":"https:\/\/exoticchemicals.com\/product\/buy-furanylfentanyl-fu-f-powder\/","url":"https:\/\/exoticchemicals.com\/product\/buy-furanylfentanyl-fu-f-powder\/","name":"BUY Furanylfentanyl Fu-F POWDER -","isPartOf":{"@id":"https:\/\/exoticchemicals.com\/#website"},"primaryImageOfPage":{"@id":"https:\/\/exoticchemicals.com\/product\/buy-furanylfentanyl-fu-f-powder\/#primaryimage"},"image":{"@id":"https:\/\/exoticchemicals.com\/product\/buy-furanylfentanyl-fu-f-powder\/#primaryimage"},"thumbnailUrl":"https:\/\/exoticchemicals.com\/wp-content\/uploads\/2025\/02\/BUY-5F-AKB48-POWDER-1-jpg.webp","datePublished":"2025-02-06T21:22:39+00:00","dateModified":"2026-04-16T00:41:36+00:00","breadcrumb":{"@id":"https:\/\/exoticchemicals.com\/product\/buy-furanylfentanyl-fu-f-powder\/#breadcrumb"},"inLanguage":"cs","potentialAction":[{"@type":"ReadAction","target":["https:\/\/exoticchemicals.com\/product\/buy-furanylfentanyl-fu-f-powder\/"]}]},{"@type":"ImageObject","inLanguage":"cs","@id":"https:\/\/exoticchemicals.com\/product\/buy-furanylfentanyl-fu-f-powder\/#primaryimage","url":"https:\/\/exoticchemicals.com\/wp-content\/uploads\/2025\/02\/BUY-5F-AKB48-POWDER-1-jpg.webp","contentUrl":"https:\/\/exoticchemicals.com\/wp-content\/uploads\/2025\/02\/BUY-5F-AKB48-POWDER-1-jpg.webp","width":515,"height":332},{"@type":"BreadcrumbList","@id":"https:\/\/exoticchemicals.com\/product\/buy-furanylfentanyl-fu-f-powder\/#breadcrumb","itemListElement":[{"@type":"ListItem","position":1,"name":"Home","item":"https:\/\/exoticchemicals.com\/"},{"@type":"ListItem","position":2,"name":"Shop","item":"https:\/\/exoticchemicals.com\/shop\/"},{"@type":"ListItem","position":3,"name":"BUY Furanylfentanyl Fu-F POWDER"}]},{"@type":"WebSite","@id":"https:\/\/exoticchemicals.com\/#website","url":"https:\/\/exoticchemicals.com\/","name":"exotick\u00e9 chemik\u00e1lie","description":"Koupit MDPHP hydrochlorid","publisher":{"@id":"https:\/\/exoticchemicals.com\/#\/schema\/person\/07ad08472b6f5b213792451a32dbe8c7"},"potentialAction":[{"@type":"SearchAction","target":{"@type":"EntryPoint","urlTemplate":"https:\/\/exoticchemicals.com\/?s={search_term_string}"},"query-input":{"@type":"PropertyValueSpecification","valueRequired":true,"valueName":"search_term_string"}}],"inLanguage":"cs"},{"@type":["Person","Organization"],"@id":"https:\/\/exoticchemicals.com\/#\/schema\/person\/07ad08472b6f5b213792451a32dbe8c7","name":"wwalkershop@gmail.com","image":{"@type":"ImageObject","inLanguage":"cs","@id":"https:\/\/exoticchemicals.com\/wp-content\/uploads\/2025\/02\/pure-3-1-1.png","url":"https:\/\/exoticchemicals.com\/wp-content\/uploads\/2025\/02\/pure-3-1-1.png","contentUrl":"https:\/\/exoticchemicals.com\/wp-content\/uploads\/2025\/02\/pure-3-1-1.png","width":500,"height":500,"caption":"wwalkershop@gmail.com"},"logo":{"@id":"https:\/\/exoticchemicals.com\/wp-content\/uploads\/2025\/02\/pure-3-1-1.png"},"sameAs":["http:\/\/exoticchemicals.com"]}]}},"uagb_featured_image_src":{"full":["https:\/\/exoticchemicals.com\/wp-content\/uploads\/2025\/02\/BUY-5F-AKB48-POWDER-1-jpg.webp",515,332,false],"thumbnail":["https:\/\/exoticchemicals.com\/wp-content\/uploads\/2025\/02\/BUY-5F-AKB48-POWDER-1-jpg-150x150.webp",150,150,true],"medium":["https:\/\/exoticchemicals.com\/wp-content\/uploads\/2025\/02\/BUY-5F-AKB48-POWDER-1-jpg-300x193.webp",300,193,true],"medium_large":["https:\/\/exoticchemicals.com\/wp-content\/uploads\/2025\/02\/BUY-5F-AKB48-POWDER-1-jpg.webp",515,332,false],"large":["https:\/\/exoticchemicals.com\/wp-content\/uploads\/2025\/02\/BUY-5F-AKB48-POWDER-1-jpg.webp",515,332,false],"1536x1536":["https:\/\/exoticchemicals.com\/wp-content\/uploads\/2025\/02\/BUY-5F-AKB48-POWDER-1-jpg.webp",515,332,false],"2048x2048":["https:\/\/exoticchemicals.com\/wp-content\/uploads\/2025\/02\/BUY-5F-AKB48-POWDER-1-jpg.webp",515,332,false],"trp-custom-language-flag":["https:\/\/exoticchemicals.com\/wp-content\/uploads\/2025\/02\/BUY-5F-AKB48-POWDER-1-jpg.webp",18,12,false],"woocommerce_thumbnail":["https:\/\/exoticchemicals.com\/wp-content\/uploads\/2025\/02\/BUY-5F-AKB48-POWDER-1-jpg-300x300.webp",300,300,true],"woocommerce_single":["https:\/\/exoticchemicals.com\/wp-content\/uploads\/2025\/02\/BUY-5F-AKB48-POWDER-1-jpg.webp",515,332,false],"woocommerce_gallery_thumbnail":["https:\/\/exoticchemicals.com\/wp-content\/uploads\/2025\/02\/BUY-5F-AKB48-POWDER-1-jpg-100x100.webp",100,100,true]},"uagb_author_info":{"display_name":"bossman","author_link":"https:\/\/exoticchemicals.com\/cs\/author\/"},"uagb_comment_info":7,"uagb_excerpt":"BUY Furanylfentanyl Fu-F POWDER Buy Furanylfentanyl Fu-F Powder, it is an opioid analgesic that is an analog of fentanyl and has been sold as a designer drug. It demonstrates an ED50 value of 0.02 mg\/kg in a mouse hot plate analgesia test. This product is intended for forensic and research applications. Side effects Side effects&hellip;","_links":{"self":[{"href":"https:\/\/exoticchemicals.com\/cs\/wp-json\/wp\/v2\/product\/3219","targetHints":{"allow":["GET"]}}],"collection":[{"href":"https:\/\/exoticchemicals.com\/cs\/wp-json\/wp\/v2\/product"}],"about":[{"href":"https:\/\/exoticchemicals.com\/cs\/wp-json\/wp\/v2\/types\/product"}],"replies":[{"embeddable":true,"href":"https:\/\/exoticchemicals.com\/cs\/wp-json\/wp\/v2\/comments?post=3219"}],"wp:featuredmedia":[{"embeddable":true,"href":"https:\/\/exoticchemicals.com\/cs\/wp-json\/wp\/v2\/media\/3237"}],"wp:attachment":[{"href":"https:\/\/exoticchemicals.com\/cs\/wp-json\/wp\/v2\/media?parent=3219"}],"wp:term":[{"taxonomy":"product_brand","embeddable":true,"href":"https:\/\/exoticchemicals.com\/cs\/wp-json\/wp\/v2\/product_brand?post=3219"},{"taxonomy":"product_cat","embeddable":true,"href":"https:\/\/exoticchemicals.com\/cs\/wp-json\/wp\/v2\/product_cat?post=3219"},{"taxonomy":"product_tag","embeddable":true,"href":"https:\/\/exoticchemicals.com\/cs\/wp-json\/wp\/v2\/product_tag?post=3219"}],"curies":[{"name":"wp","href":"https:\/\/api.w.org\/{rel}","templated":true}]}}