{"id":3360,"date":"2025-02-06T21:23:22","date_gmt":"2025-02-06T21:23:22","guid":{"rendered":"https:\/\/exoticchemicals.com\/?post_type=product&#038;p=3360"},"modified":"2026-04-12T07:31:32","modified_gmt":"2026-04-12T07:31:32","slug":"dmt-vape-and-battery-1ml","status":"publish","type":"product","link":"https:\/\/exoticchemicals.com\/cs\/product\/dmt-vape-and-battery-1ml\/","title":{"rendered":"DMT (Vape and Battery) 1mL"},"content":{"rendered":"<h1><strong>DMT Cartridge and Battery 1ml<\/strong><\/h1>\n<p>Buy DMT Cartridge and Battery 1ml. DMT is a powerful psychedelic drug that produces intense hallucinations and an altered state of consciousness. It is typically consumed in the form of ayahuasca, a traditional Amazonian plant medicine. However, it can also be vaporized and <a href=\"https:\/\/weedanddrugs.com\/product\/dmt-vape-and-battery-5ml-online\/\"><strong>inhaled<\/strong><\/a>, which is how most people in the West use it.<\/p>\n<p>DMT is not typically considered to be addictive, but it can be psychologically damaging if used recklessly. It is important to research the drug and be aware of the potential risks before taking it.<\/p>\n<p>If you are interested in trying DMT, we recommend that you purchase it from a reputable source like Weed and Drugs. We offer high-quality DMT at a fair price, and we also provide a battery and vaporizer so that you can use it immediately.<\/p>\n<p>DMT, or N,N-Dimethyltryptamine, is a naturally occurring psychoactive substance found in many plants and animals. It is also known as the &#8220;spirit molecule&#8221; due to the intense psychoactive experience it produces.<\/p>\n<p>DMT is typically consumed by smoking, snorting, or injecting it. It can also be taken orally, but this is less common. The psychoactive effects of DMT last for a short period of time, typically around 5-20 minutes.<\/p>\n<p>If you are interested in trying DMT, there are a few things you should know. First, it is important to find a reputable source. There are many scams out there, so it is important to do your research. Second, DMT is a powerful substance and should be treated with respect. It is important to start with a low dose and work.<\/p>","protected":false},"excerpt":{"rendered":"<p>DMT Cartridge and Battery 1ml Buy DMT Cartridge and Battery 1ml. DMT is a powerful psychedelic drug that produces intense hallucinations and an altered state of consciousness. It is typically consumed in the form of ayahuasca, a traditional Amazonian plant medicine. However, it can also be vaporized and inhaled, which is how most people in [&hellip;]<\/p>\n","protected":false},"featured_media":3381,"comment_status":"open","ping_status":"closed","template":"","meta":{"_uag_custom_page_level_css":"","site-sidebar-layout":"default","site-content-layout":"","ast-site-content-layout":"default","site-content-style":"default","site-sidebar-style":"default","ast-global-header-display":"","ast-banner-title-visibility":"","ast-main-header-display":"","ast-hfb-above-header-display":"","ast-hfb-below-header-display":"","ast-hfb-mobile-header-display":"","site-post-title":"","ast-breadcrumbs-content":"","ast-featured-img":"","footer-sml-layout":"","ast-disable-related-posts":"","theme-transparent-header-meta":"","adv-header-id-meta":"","stick-header-meta":"","header-above-stick-meta":"","header-main-stick-meta":"","header-below-stick-meta":"","astra-migrate-meta-layouts":"default","ast-page-background-enabled":"default","ast-page-background-meta":{"desktop":{"background-color":"","background-image":"","background-repeat":"repeat","background-position":"center center","background-size":"auto","background-attachment":"scroll","background-type":"","background-media":"","overlay-type":"","overlay-color":"","overlay-opacity":"","overlay-gradient":""},"tablet":{"background-color":"","background-image":"","background-repeat":"repeat","background-position":"center center","background-size":"auto","background-attachment":"scroll","background-type":"","background-media":"","overlay-type":"","overlay-color":"","overlay-opacity":"","overlay-gradient":""},"mobile":{"background-color":"","background-image":"","background-repeat":"repeat","background-position":"center center","background-size":"auto","background-attachment":"scroll","background-type":"","background-media":"","overlay-type":"","overlay-color":"","overlay-opacity":"","overlay-gradient":""}},"ast-content-background-meta":{"desktop":{"background-color":"var(--ast-global-color-5)","background-image":"","background-repeat":"repeat","background-position":"center center","background-size":"auto","background-attachment":"scroll","background-type":"","background-media":"","overlay-type":"","overlay-color":"","overlay-opacity":"","overlay-gradient":""},"tablet":{"background-color":"var(--ast-global-color-5)","background-image":"","background-repeat":"repeat","background-position":"center center","background-size":"auto","background-attachment":"scroll","background-type":"","background-media":"","overlay-type":"","overlay-color":"","overlay-opacity":"","overlay-gradient":""},"mobile":{"background-color":"var(--ast-global-color-5)","background-image":"","background-repeat":"repeat","background-position":"center center","background-size":"auto","background-attachment":"scroll","background-type":"","background-media":"","overlay-type":"","overlay-color":"","overlay-opacity":"","overlay-gradient":""}}},"product_brand":[],"product_cat":[505],"product_tag":[],"class_list":{"0":"post-3360","1":"product","2":"type-product","3":"status-publish","4":"has-post-thumbnail","6":"product_cat-buy-dmt-online-discreetly","7":"desktop-align-left","8":"tablet-align-left","9":"mobile-align-left","11":"first","12":"instock","13":"shipping-taxable","14":"purchasable","15":"product-type-simple"},"yoast_head":"<!-- This site is optimized with the Yoast SEO plugin v27.4 - https:\/\/yoast.com\/product\/yoast-seo-wordpress\/ -->\n<title>DMT (Vape and Battery) 1mL -<\/title>\n<meta name=\"robots\" content=\"index, follow, max-snippet:-1, max-image-preview:large, max-video-preview:-1\" \/>\n<link rel=\"canonical\" href=\"https:\/\/exoticchemicals.com\/cs\/product\/dmt-vape-and-battery-1ml\/\" \/>\n<meta property=\"og:locale\" content=\"cs_CZ\" \/>\n<meta property=\"og:type\" content=\"article\" \/>\n<meta property=\"og:title\" content=\"DMT (Vape and Battery) 1mL -\" \/>\n<meta property=\"og:description\" content=\"DMT Cartridge and Battery 1ml Buy DMT Cartridge and Battery 1ml. DMT is a powerful psychedelic drug that produces intense hallucinations and an altered state of consciousness. It is typically consumed in the form of ayahuasca, a traditional Amazonian plant medicine. However, it can also be vaporized and inhaled, which is how most people in [&hellip;]\" \/>\n<meta property=\"og:url\" content=\"https:\/\/exoticchemicals.com\/cs\/product\/dmt-vape-and-battery-1ml\/\" \/>\n<meta property=\"article:modified_time\" content=\"2026-04-12T07:31:32+00:00\" \/>\n<meta property=\"og:image\" content=\"https:\/\/exoticchemicals.com\/wp-content\/uploads\/2025\/02\/DMT-Vape-and-Battery-.5mL-1-1-jpg.webp\" \/>\n\t<meta property=\"og:image:width\" content=\"600\" \/>\n\t<meta property=\"og:image:height\" content=\"600\" \/>\n\t<meta property=\"og:image:type\" content=\"image\/webp\" \/>\n<meta name=\"twitter:card\" content=\"summary_large_image\" \/>\n<meta name=\"twitter:label1\" content=\"Odhadovan\u00e1 doba \u010dten\u00ed\" \/>\n\t<meta name=\"twitter:data1\" content=\"1 minuta\" \/>\n<script type=\"application\/ld+json\" class=\"yoast-schema-graph\">{\"@context\":\"https:\\\/\\\/schema.org\",\"@graph\":[{\"@type\":\"WebPage\",\"@id\":\"https:\\\/\\\/exoticchemicals.com\\\/product\\\/dmt-vape-and-battery-1ml\\\/\",\"url\":\"https:\\\/\\\/exoticchemicals.com\\\/product\\\/dmt-vape-and-battery-1ml\\\/\",\"name\":\"DMT (Vape and Battery) 1mL -\",\"isPartOf\":{\"@id\":\"https:\\\/\\\/exoticchemicals.com\\\/#website\"},\"primaryImageOfPage\":{\"@id\":\"https:\\\/\\\/exoticchemicals.com\\\/product\\\/dmt-vape-and-battery-1ml\\\/#primaryimage\"},\"image\":{\"@id\":\"https:\\\/\\\/exoticchemicals.com\\\/product\\\/dmt-vape-and-battery-1ml\\\/#primaryimage\"},\"thumbnailUrl\":\"https:\\\/\\\/exoticchemicals.com\\\/wp-content\\\/uploads\\\/2025\\\/02\\\/DMT-Vape-and-Battery-.5mL-1-1-jpg.webp\",\"datePublished\":\"2025-02-06T21:23:22+00:00\",\"dateModified\":\"2026-04-12T07:31:32+00:00\",\"breadcrumb\":{\"@id\":\"https:\\\/\\\/exoticchemicals.com\\\/product\\\/dmt-vape-and-battery-1ml\\\/#breadcrumb\"},\"inLanguage\":\"cs\",\"potentialAction\":[{\"@type\":\"ReadAction\",\"target\":[\"https:\\\/\\\/exoticchemicals.com\\\/product\\\/dmt-vape-and-battery-1ml\\\/\"]}]},{\"@type\":\"ImageObject\",\"inLanguage\":\"cs\",\"@id\":\"https:\\\/\\\/exoticchemicals.com\\\/product\\\/dmt-vape-and-battery-1ml\\\/#primaryimage\",\"url\":\"https:\\\/\\\/exoticchemicals.com\\\/wp-content\\\/uploads\\\/2025\\\/02\\\/DMT-Vape-and-Battery-.5mL-1-1-jpg.webp\",\"contentUrl\":\"https:\\\/\\\/exoticchemicals.com\\\/wp-content\\\/uploads\\\/2025\\\/02\\\/DMT-Vape-and-Battery-.5mL-1-1-jpg.webp\",\"width\":600,\"height\":600},{\"@type\":\"BreadcrumbList\",\"@id\":\"https:\\\/\\\/exoticchemicals.com\\\/product\\\/dmt-vape-and-battery-1ml\\\/#breadcrumb\",\"itemListElement\":[{\"@type\":\"ListItem\",\"position\":1,\"name\":\"Home\",\"item\":\"https:\\\/\\\/exoticchemicals.com\\\/\"},{\"@type\":\"ListItem\",\"position\":2,\"name\":\"Shop\",\"item\":\"https:\\\/\\\/exoticchemicals.com\\\/shop\\\/\"},{\"@type\":\"ListItem\",\"position\":3,\"name\":\"DMT (Vape and Battery) 1mL\"}]},{\"@type\":\"WebSite\",\"@id\":\"https:\\\/\\\/exoticchemicals.com\\\/#website\",\"url\":\"https:\\\/\\\/exoticchemicals.com\\\/\",\"name\":\"exotic chemicals\",\"description\":\"Buy MDPHP Hydrochloride\",\"publisher\":{\"@id\":\"https:\\\/\\\/exoticchemicals.com\\\/#\\\/schema\\\/person\\\/07ad08472b6f5b213792451a32dbe8c7\"},\"potentialAction\":[{\"@type\":\"SearchAction\",\"target\":{\"@type\":\"EntryPoint\",\"urlTemplate\":\"https:\\\/\\\/exoticchemicals.com\\\/?s={search_term_string}\"},\"query-input\":{\"@type\":\"PropertyValueSpecification\",\"valueRequired\":true,\"valueName\":\"search_term_string\"}}],\"inLanguage\":\"cs\"},{\"@type\":[\"Person\",\"Organization\"],\"@id\":\"https:\\\/\\\/exoticchemicals.com\\\/#\\\/schema\\\/person\\\/07ad08472b6f5b213792451a32dbe8c7\",\"name\":\"wwalkershop@gmail.com\",\"image\":{\"@type\":\"ImageObject\",\"inLanguage\":\"cs\",\"@id\":\"https:\\\/\\\/exoticchemicals.com\\\/wp-content\\\/uploads\\\/2025\\\/02\\\/pure-3-1-1.png\",\"url\":\"https:\\\/\\\/exoticchemicals.com\\\/wp-content\\\/uploads\\\/2025\\\/02\\\/pure-3-1-1.png\",\"contentUrl\":\"https:\\\/\\\/exoticchemicals.com\\\/wp-content\\\/uploads\\\/2025\\\/02\\\/pure-3-1-1.png\",\"width\":500,\"height\":500,\"caption\":\"wwalkershop@gmail.com\"},\"logo\":{\"@id\":\"https:\\\/\\\/exoticchemicals.com\\\/wp-content\\\/uploads\\\/2025\\\/02\\\/pure-3-1-1.png\"},\"sameAs\":[\"http:\\\/\\\/exoticchemicals.com\"]}]}<\/script>\n<!-- \/ Yoast SEO plugin. -->","yoast_head_json":{"title":"DMT (Vape and Battery) 1mL -","robots":{"index":"index","follow":"follow","max-snippet":"max-snippet:-1","max-image-preview":"max-image-preview:large","max-video-preview":"max-video-preview:-1"},"canonical":"https:\/\/exoticchemicals.com\/cs\/product\/dmt-vape-and-battery-1ml\/","og_locale":"cs_CZ","og_type":"article","og_title":"DMT (Vape and Battery) 1mL -","og_description":"DMT Cartridge and Battery 1ml Buy DMT Cartridge and Battery 1ml. DMT is a powerful psychedelic drug that produces intense hallucinations and an altered state of consciousness. It is typically consumed in the form of ayahuasca, a traditional Amazonian plant medicine. However, it can also be vaporized and inhaled, which is how most people in [&hellip;]","og_url":"https:\/\/exoticchemicals.com\/cs\/product\/dmt-vape-and-battery-1ml\/","article_modified_time":"2026-04-12T07:31:32+00:00","og_image":[{"width":600,"height":600,"url":"https:\/\/exoticchemicals.com\/wp-content\/uploads\/2025\/02\/DMT-Vape-and-Battery-.5mL-1-1-jpg.webp","type":"image\/webp"}],"twitter_card":"summary_large_image","twitter_misc":{"Odhadovan\u00e1 doba \u010dten\u00ed":"1 minuta"},"schema":{"@context":"https:\/\/schema.org","@graph":[{"@type":"WebPage","@id":"https:\/\/exoticchemicals.com\/product\/dmt-vape-and-battery-1ml\/","url":"https:\/\/exoticchemicals.com\/product\/dmt-vape-and-battery-1ml\/","name":"DMT (Vape and Battery) 1mL -","isPartOf":{"@id":"https:\/\/exoticchemicals.com\/#website"},"primaryImageOfPage":{"@id":"https:\/\/exoticchemicals.com\/product\/dmt-vape-and-battery-1ml\/#primaryimage"},"image":{"@id":"https:\/\/exoticchemicals.com\/product\/dmt-vape-and-battery-1ml\/#primaryimage"},"thumbnailUrl":"https:\/\/exoticchemicals.com\/wp-content\/uploads\/2025\/02\/DMT-Vape-and-Battery-.5mL-1-1-jpg.webp","datePublished":"2025-02-06T21:23:22+00:00","dateModified":"2026-04-12T07:31:32+00:00","breadcrumb":{"@id":"https:\/\/exoticchemicals.com\/product\/dmt-vape-and-battery-1ml\/#breadcrumb"},"inLanguage":"cs","potentialAction":[{"@type":"ReadAction","target":["https:\/\/exoticchemicals.com\/product\/dmt-vape-and-battery-1ml\/"]}]},{"@type":"ImageObject","inLanguage":"cs","@id":"https:\/\/exoticchemicals.com\/product\/dmt-vape-and-battery-1ml\/#primaryimage","url":"https:\/\/exoticchemicals.com\/wp-content\/uploads\/2025\/02\/DMT-Vape-and-Battery-.5mL-1-1-jpg.webp","contentUrl":"https:\/\/exoticchemicals.com\/wp-content\/uploads\/2025\/02\/DMT-Vape-and-Battery-.5mL-1-1-jpg.webp","width":600,"height":600},{"@type":"BreadcrumbList","@id":"https:\/\/exoticchemicals.com\/product\/dmt-vape-and-battery-1ml\/#breadcrumb","itemListElement":[{"@type":"ListItem","position":1,"name":"Home","item":"https:\/\/exoticchemicals.com\/"},{"@type":"ListItem","position":2,"name":"Shop","item":"https:\/\/exoticchemicals.com\/shop\/"},{"@type":"ListItem","position":3,"name":"DMT (Vape and Battery) 1mL"}]},{"@type":"WebSite","@id":"https:\/\/exoticchemicals.com\/#website","url":"https:\/\/exoticchemicals.com\/","name":"exotick\u00e9 chemik\u00e1lie","description":"Koupit MDPHP hydrochlorid","publisher":{"@id":"https:\/\/exoticchemicals.com\/#\/schema\/person\/07ad08472b6f5b213792451a32dbe8c7"},"potentialAction":[{"@type":"SearchAction","target":{"@type":"EntryPoint","urlTemplate":"https:\/\/exoticchemicals.com\/?s={search_term_string}"},"query-input":{"@type":"PropertyValueSpecification","valueRequired":true,"valueName":"search_term_string"}}],"inLanguage":"cs"},{"@type":["Person","Organization"],"@id":"https:\/\/exoticchemicals.com\/#\/schema\/person\/07ad08472b6f5b213792451a32dbe8c7","name":"wwalkershop@gmail.com","image":{"@type":"ImageObject","inLanguage":"cs","@id":"https:\/\/exoticchemicals.com\/wp-content\/uploads\/2025\/02\/pure-3-1-1.png","url":"https:\/\/exoticchemicals.com\/wp-content\/uploads\/2025\/02\/pure-3-1-1.png","contentUrl":"https:\/\/exoticchemicals.com\/wp-content\/uploads\/2025\/02\/pure-3-1-1.png","width":500,"height":500,"caption":"wwalkershop@gmail.com"},"logo":{"@id":"https:\/\/exoticchemicals.com\/wp-content\/uploads\/2025\/02\/pure-3-1-1.png"},"sameAs":["http:\/\/exoticchemicals.com"]}]}},"uagb_featured_image_src":{"full":["https:\/\/exoticchemicals.com\/wp-content\/uploads\/2025\/02\/DMT-Vape-and-Battery-.5mL-1-1-jpg.webp",600,600,false],"thumbnail":["https:\/\/exoticchemicals.com\/wp-content\/uploads\/2025\/02\/DMT-Vape-and-Battery-.5mL-1-1-jpg-150x150.webp",150,150,true],"medium":["https:\/\/exoticchemicals.com\/wp-content\/uploads\/2025\/02\/DMT-Vape-and-Battery-.5mL-1-1-jpg-300x300.webp",300,300,true],"medium_large":["https:\/\/exoticchemicals.com\/wp-content\/uploads\/2025\/02\/DMT-Vape-and-Battery-.5mL-1-1-jpg.webp",600,600,false],"large":["https:\/\/exoticchemicals.com\/wp-content\/uploads\/2025\/02\/DMT-Vape-and-Battery-.5mL-1-1-jpg.webp",600,600,false],"1536x1536":["https:\/\/exoticchemicals.com\/wp-content\/uploads\/2025\/02\/DMT-Vape-and-Battery-.5mL-1-1-jpg.webp",600,600,false],"2048x2048":["https:\/\/exoticchemicals.com\/wp-content\/uploads\/2025\/02\/DMT-Vape-and-Battery-.5mL-1-1-jpg.webp",600,600,false],"trp-custom-language-flag":["https:\/\/exoticchemicals.com\/wp-content\/uploads\/2025\/02\/DMT-Vape-and-Battery-.5mL-1-1-jpg.webp",12,12,false],"woocommerce_thumbnail":["https:\/\/exoticchemicals.com\/wp-content\/uploads\/2025\/02\/DMT-Vape-and-Battery-.5mL-1-1-jpg-300x300.webp",300,300,true],"woocommerce_single":["https:\/\/exoticchemicals.com\/wp-content\/uploads\/2025\/02\/DMT-Vape-and-Battery-.5mL-1-1-jpg.webp",600,600,false],"woocommerce_gallery_thumbnail":["https:\/\/exoticchemicals.com\/wp-content\/uploads\/2025\/02\/DMT-Vape-and-Battery-.5mL-1-1-jpg-100x100.webp",100,100,true]},"uagb_author_info":{"display_name":"bossman","author_link":"https:\/\/exoticchemicals.com\/cs\/author\/"},"uagb_comment_info":11,"uagb_excerpt":"DMT Cartridge and Battery 1ml Buy DMT Cartridge and Battery 1ml. DMT is a powerful psychedelic drug that produces intense hallucinations and an altered state of consciousness. It is typically consumed in the form of ayahuasca, a traditional Amazonian plant medicine. However, it can also be vaporized and inhaled, which is how most people in&hellip;","_links":{"self":[{"href":"https:\/\/exoticchemicals.com\/cs\/wp-json\/wp\/v2\/product\/3360","targetHints":{"allow":["GET"]}}],"collection":[{"href":"https:\/\/exoticchemicals.com\/cs\/wp-json\/wp\/v2\/product"}],"about":[{"href":"https:\/\/exoticchemicals.com\/cs\/wp-json\/wp\/v2\/types\/product"}],"replies":[{"embeddable":true,"href":"https:\/\/exoticchemicals.com\/cs\/wp-json\/wp\/v2\/comments?post=3360"}],"wp:featuredmedia":[{"embeddable":true,"href":"https:\/\/exoticchemicals.com\/cs\/wp-json\/wp\/v2\/media\/3381"}],"wp:attachment":[{"href":"https:\/\/exoticchemicals.com\/cs\/wp-json\/wp\/v2\/media?parent=3360"}],"wp:term":[{"taxonomy":"product_brand","embeddable":true,"href":"https:\/\/exoticchemicals.com\/cs\/wp-json\/wp\/v2\/product_brand?post=3360"},{"taxonomy":"product_cat","embeddable":true,"href":"https:\/\/exoticchemicals.com\/cs\/wp-json\/wp\/v2\/product_cat?post=3360"},{"taxonomy":"product_tag","embeddable":true,"href":"https:\/\/exoticchemicals.com\/cs\/wp-json\/wp\/v2\/product_tag?post=3360"}],"curies":[{"name":"wp","href":"https:\/\/api.w.org\/{rel}","templated":true}]}}