{"id":3478,"date":"2025-02-06T21:24:00","date_gmt":"2025-02-06T21:24:00","guid":{"rendered":"https:\/\/exoticchemicals.com\/?post_type=product&#038;p=3478"},"modified":"2026-04-15T20:32:13","modified_gmt":"2026-04-15T20:32:13","slug":"lsd-blotters","status":"publish","type":"product","link":"https:\/\/exoticchemicals.com\/cs\/product\/lsd-blotters\/","title":{"rendered":"LSD BLOTTERS"},"content":{"rendered":"<h1>LSD BLOTTERS FOR SALE<\/h1>\n<p>LSD Blotters are the most common\u00a0Hallucinogen\u00a0and are one of the most potent mood-changing chemicals. It is manufactured from lysergic acid, which is found in ergot, a fungus that grows on rye and other grains. We offer the best quality LSD Blotters for sale online.<\/p>\n<h2>wc ,wc\u00a0 wc Lwc Swc Dwc\u00a0 wc Bwc lotter , Buy LSD Blotters online , Buy LSD , LSD Blotters For Sale Online , LSD For Sale<\/h2>\n<p class=\"font_7\">LSD-25, more commonly known as simply LSD, is a powerful psychedelic drug first synthesized by Albert Hofmann in 1938. While LSD is primarily used recreationally, people use LSD for several reasons: augmenting creativity, treating anxiety and clinical depression, and assisting psychotherapy. LSD Blotters are most\u00a0common hallucinogen\u00a0and is one of the most potent mood-changing chemicals. It is manufactured from lysergic acid, which is found in ergot, a fungus that grows on rye and other grains. LSD is usually found on \u201cblotter\u201d paper (paper that is perforated into small squares). The squares or \u201ctabs\u201d may be colored or have images printed on them. Liquid LSD is a clear liquid, usually in a small container, tube or flask. LSD can also be found in thin squares of gelatin.1p LSD.<\/p>\n<h2 class=\"font_7\">Where to buy LSD online\u00a0, Buy LSD tablets online , Buy lsd-100mcg-blotters online , Order LSD Pills Online. ip lsd<\/h2>\n<div id=\"mntl-sc-block_1-0-14\" class=\"comp mntl-sc-block mntl-sc-block-html\">\n<p>Scientists believe that LSD works by influencing the receptors involved in the regulation of serotonin, a\u00a0neurotransmitter in the brain.\u00a0Serotonin\u00a0is involved in the control of behavioral, perceptual, and regulatory systems including mood, motor control, sensory perception, hunger, body temperature, and sexual behavior.<\/p>\n<\/p><\/div>\n<h2 id=\"mntl-sc-block_1-0-15\" class=\"comp mntl-sc-block mntl-sc-block-adslot mntl-block\">Buy LSD Blotters In USA<\/h2>\n<div id=\"mntl-sc-block_1-0-16\" class=\"comp mntl-sc-block mntl-sc-block-html\">\n<p>When the system is disrupted by taking LSD, it can cause profound distortions in the user\u2019s perception of reality, or in other words,\u00a0hallucinations.<span class=\"mntl-inline-citation mntl-dynamic-tooltip--trigger\" data-id=\"#citation-1\" data-tooltip-position-x=\"center\" data-tooltip-position-y=\"top\">1<\/span>\u00a0LSD users see images, hear sounds, and feel sensations that seem real even though they are not.<\/p>\n<\/p><\/div>\n<div id=\"mntl-sc-block_1-0-17\" class=\"comp mntl-sc-block mntl-sc-block-adslot mntl-block\">\n<div id=\"native-slot_1-0\" class=\"comp native-slot mntl-block\">\n<h2 id=\"native_1-0\" class=\"comp scads-to-load native mntl-gpt-dynamic-adunit mntl-gpt-adunit gpt dynamic scads-ad-placed\">Buy LSD In Bulk UK<\/h2>\n<\/p><\/div>\n<\/p><\/div>\n<div id=\"mntl-sc-block_1-0-18\" class=\"comp mntl-sc-block mntl-sc-block-html\">\n<p>These sensory hallucinations are often in the middle of speedy ANd intense emotional swings. Consequently, an LSD \u201ctrip\u201d will go from being a nice expertise to a awfully unpleasant one very quickly, making the effect of the drug very unpredictable.<\/p>\n<p><strong>What are the risks of LSD use?<\/strong><br \/> The consequences of LSD are unpredictable and occur supported factors similar to on the number taken, a person\u2019s personality, mood, expectations and also the surroundings within which the drug is used. the flexibility to form sound judgments and see common dangers is impaired, resulting in a risk of injury.<\/p>\n<p>In some people, LSD will cause flashbacks, repeat of sure drug experiences though the user willn\u2019t take the drug again. In thusme people, flashbacks can persist and have an effect on daily functioning, a condition notable as hallucinogen persisting sensory activity disorder (HPPD).<\/p>\n<p>LSD does turn out tolerance, so some those that take the drug repeatedly should take higher doses to realize constant effect. this is often a very dangerous practice, given the unpredictability of the drug. In addition, LSD produces tolerance to different hallucinogens, together with psilocybin.<\/p>\n<\/p><\/div>\n<p><strong>What are some signs of LSD use?<\/strong><\/p>\n<ul>\n<li>Dilated pupils<\/li>\n<li>Higher body temperature<\/li>\n<li>Increased heart rate and blood pressure<\/li>\n<li>Excessive Sweating<\/li>\n<li>Loss of appetite<\/li>\n<li>Nausea<\/li>\n<li>Sleep problems<\/li>\n<li>Dry mouth<\/li>\n<li>Tremors<\/li>\n<li>Uncoordinated movements<\/li>\n<li>Panic<\/li>\n<li>Paranoia<\/li>\n<li>Psychosis<\/li>\n<\/ul>","protected":false},"excerpt":{"rendered":"<p>LSD BLOTTERS FOR SALE LSD Blotters are the most common\u00a0Hallucinogen\u00a0and are one of the most potent mood-changing chemicals. It is manufactured from lysergic acid, which is found in ergot, a fungus that grows on rye and other grains. We offer the best quality LSD Blotters for sale online. wc ,wc\u00a0 wc Lwc Swc Dwc\u00a0 wc [&hellip;]<\/p>\n","protected":false},"featured_media":3498,"comment_status":"open","ping_status":"closed","template":"","meta":{"_uag_custom_page_level_css":"","site-sidebar-layout":"default","site-content-layout":"","ast-site-content-layout":"","site-content-style":"default","site-sidebar-style":"default","ast-global-header-display":"","ast-banner-title-visibility":"","ast-main-header-display":"","ast-hfb-above-header-display":"","ast-hfb-below-header-display":"","ast-hfb-mobile-header-display":"","site-post-title":"","ast-breadcrumbs-content":"","ast-featured-img":"","footer-sml-layout":"","theme-transparent-header-meta":"","adv-header-id-meta":"","stick-header-meta":"","header-above-stick-meta":"","header-main-stick-meta":"","header-below-stick-meta":"","astra-migrate-meta-layouts":"default","ast-page-background-enabled":"default","ast-page-background-meta":{"desktop":{"background-color":"","background-image":"","background-repeat":"repeat","background-position":"center center","background-size":"auto","background-attachment":"scroll","background-type":"","background-media":"","overlay-type":"","overlay-color":"","overlay-opacity":"","overlay-gradient":""},"tablet":{"background-color":"","background-image":"","background-repeat":"repeat","background-position":"center center","background-size":"auto","background-attachment":"scroll","background-type":"","background-media":"","overlay-type":"","overlay-color":"","overlay-opacity":"","overlay-gradient":""},"mobile":{"background-color":"","background-image":"","background-repeat":"repeat","background-position":"center center","background-size":"auto","background-attachment":"scroll","background-type":"","background-media":"","overlay-type":"","overlay-color":"","overlay-opacity":"","overlay-gradient":""}},"ast-content-background-meta":{"desktop":{"background-color":"var(--ast-global-color-5)","background-image":"","background-repeat":"repeat","background-position":"center center","background-size":"auto","background-attachment":"scroll","background-type":"","background-media":"","overlay-type":"","overlay-color":"","overlay-opacity":"","overlay-gradient":""},"tablet":{"background-color":"var(--ast-global-color-5)","background-image":"","background-repeat":"repeat","background-position":"center center","background-size":"auto","background-attachment":"scroll","background-type":"","background-media":"","overlay-type":"","overlay-color":"","overlay-opacity":"","overlay-gradient":""},"mobile":{"background-color":"var(--ast-global-color-5)","background-image":"","background-repeat":"repeat","background-position":"center center","background-size":"auto","background-attachment":"scroll","background-type":"","background-media":"","overlay-type":"","overlay-color":"","overlay-opacity":"","overlay-gradient":""}}},"product_brand":[],"product_cat":[1123],"product_tag":[],"class_list":{"0":"post-3478","1":"product","2":"type-product","3":"status-publish","4":"has-post-thumbnail","6":"product_cat-lsd-online-kaufen","7":"desktop-align-left","8":"tablet-align-left","9":"mobile-align-left","11":"first","12":"instock","13":"shipping-taxable","14":"purchasable","15":"product-type-variable"},"yoast_head":"<!-- This site is optimized with the Yoast SEO plugin v27.4 - https:\/\/yoast.com\/product\/yoast-seo-wordpress\/ -->\n<title>LSD BLOTTERS -<\/title>\n<meta name=\"robots\" content=\"index, follow, max-snippet:-1, max-image-preview:large, max-video-preview:-1\" \/>\n<link rel=\"canonical\" href=\"https:\/\/exoticchemicals.com\/cs\/product\/lsd-blotters\/\" \/>\n<meta property=\"og:locale\" content=\"cs_CZ\" \/>\n<meta property=\"og:type\" content=\"article\" \/>\n<meta property=\"og:title\" content=\"LSD BLOTTERS -\" \/>\n<meta property=\"og:description\" content=\"LSD BLOTTERS FOR SALE LSD Blotters are the most common\u00a0Hallucinogen\u00a0and are one of the most potent mood-changing chemicals. It is manufactured from lysergic acid, which is found in ergot, a fungus that grows on rye and other grains. We offer the best quality LSD Blotters for sale online. wc ,wc\u00a0 wc Lwc Swc Dwc\u00a0 wc [&hellip;]\" \/>\n<meta property=\"og:url\" content=\"https:\/\/exoticchemicals.com\/cs\/product\/lsd-blotters\/\" \/>\n<meta property=\"article:modified_time\" content=\"2026-04-15T20:32:13+00:00\" \/>\n<meta property=\"og:image\" content=\"https:\/\/exoticchemicals.com\/wp-content\/uploads\/2025\/02\/LSD-Blotters-For-Sale.jpg\" \/>\n\t<meta property=\"og:image:width\" content=\"340\" \/>\n\t<meta property=\"og:image:height\" content=\"270\" \/>\n\t<meta property=\"og:image:type\" content=\"image\/jpeg\" \/>\n<meta name=\"twitter:card\" content=\"summary_large_image\" \/>\n<meta name=\"twitter:label1\" content=\"Odhadovan\u00e1 doba \u010dten\u00ed\" \/>\n\t<meta name=\"twitter:data1\" content=\"3 minuty\" \/>\n<script type=\"application\/ld+json\" class=\"yoast-schema-graph\">{\"@context\":\"https:\\\/\\\/schema.org\",\"@graph\":[{\"@type\":\"WebPage\",\"@id\":\"https:\\\/\\\/exoticchemicals.com\\\/product\\\/lsd-blotters\\\/\",\"url\":\"https:\\\/\\\/exoticchemicals.com\\\/product\\\/lsd-blotters\\\/\",\"name\":\"LSD BLOTTERS -\",\"isPartOf\":{\"@id\":\"https:\\\/\\\/exoticchemicals.com\\\/#website\"},\"primaryImageOfPage\":{\"@id\":\"https:\\\/\\\/exoticchemicals.com\\\/product\\\/lsd-blotters\\\/#primaryimage\"},\"image\":{\"@id\":\"https:\\\/\\\/exoticchemicals.com\\\/product\\\/lsd-blotters\\\/#primaryimage\"},\"thumbnailUrl\":\"https:\\\/\\\/exoticchemicals.com\\\/wp-content\\\/uploads\\\/2025\\\/02\\\/LSD-Blotters-For-Sale.jpg\",\"datePublished\":\"2025-02-06T21:24:00+00:00\",\"dateModified\":\"2026-04-15T20:32:13+00:00\",\"breadcrumb\":{\"@id\":\"https:\\\/\\\/exoticchemicals.com\\\/product\\\/lsd-blotters\\\/#breadcrumb\"},\"inLanguage\":\"cs\",\"potentialAction\":[{\"@type\":\"ReadAction\",\"target\":[\"https:\\\/\\\/exoticchemicals.com\\\/product\\\/lsd-blotters\\\/\"]}]},{\"@type\":\"ImageObject\",\"inLanguage\":\"cs\",\"@id\":\"https:\\\/\\\/exoticchemicals.com\\\/product\\\/lsd-blotters\\\/#primaryimage\",\"url\":\"https:\\\/\\\/exoticchemicals.com\\\/wp-content\\\/uploads\\\/2025\\\/02\\\/LSD-Blotters-For-Sale.jpg\",\"contentUrl\":\"https:\\\/\\\/exoticchemicals.com\\\/wp-content\\\/uploads\\\/2025\\\/02\\\/LSD-Blotters-For-Sale.jpg\",\"width\":340,\"height\":270},{\"@type\":\"BreadcrumbList\",\"@id\":\"https:\\\/\\\/exoticchemicals.com\\\/product\\\/lsd-blotters\\\/#breadcrumb\",\"itemListElement\":[{\"@type\":\"ListItem\",\"position\":1,\"name\":\"Home\",\"item\":\"https:\\\/\\\/exoticchemicals.com\\\/\"},{\"@type\":\"ListItem\",\"position\":2,\"name\":\"Shop\",\"item\":\"https:\\\/\\\/exoticchemicals.com\\\/shop\\\/\"},{\"@type\":\"ListItem\",\"position\":3,\"name\":\"LSD BLOTTERS\"}]},{\"@type\":\"WebSite\",\"@id\":\"https:\\\/\\\/exoticchemicals.com\\\/#website\",\"url\":\"https:\\\/\\\/exoticchemicals.com\\\/\",\"name\":\"exotic chemicals\",\"description\":\"Buy MDPHP Hydrochloride\",\"publisher\":{\"@id\":\"https:\\\/\\\/exoticchemicals.com\\\/#\\\/schema\\\/person\\\/07ad08472b6f5b213792451a32dbe8c7\"},\"potentialAction\":[{\"@type\":\"SearchAction\",\"target\":{\"@type\":\"EntryPoint\",\"urlTemplate\":\"https:\\\/\\\/exoticchemicals.com\\\/?s={search_term_string}\"},\"query-input\":{\"@type\":\"PropertyValueSpecification\",\"valueRequired\":true,\"valueName\":\"search_term_string\"}}],\"inLanguage\":\"cs\"},{\"@type\":[\"Person\",\"Organization\"],\"@id\":\"https:\\\/\\\/exoticchemicals.com\\\/#\\\/schema\\\/person\\\/07ad08472b6f5b213792451a32dbe8c7\",\"name\":\"wwalkershop@gmail.com\",\"image\":{\"@type\":\"ImageObject\",\"inLanguage\":\"cs\",\"@id\":\"https:\\\/\\\/exoticchemicals.com\\\/wp-content\\\/uploads\\\/2025\\\/02\\\/pure-3-1-1.png\",\"url\":\"https:\\\/\\\/exoticchemicals.com\\\/wp-content\\\/uploads\\\/2025\\\/02\\\/pure-3-1-1.png\",\"contentUrl\":\"https:\\\/\\\/exoticchemicals.com\\\/wp-content\\\/uploads\\\/2025\\\/02\\\/pure-3-1-1.png\",\"width\":500,\"height\":500,\"caption\":\"wwalkershop@gmail.com\"},\"logo\":{\"@id\":\"https:\\\/\\\/exoticchemicals.com\\\/wp-content\\\/uploads\\\/2025\\\/02\\\/pure-3-1-1.png\"},\"sameAs\":[\"http:\\\/\\\/exoticchemicals.com\"]}]}<\/script>\n<!-- \/ Yoast SEO plugin. -->","yoast_head_json":{"title":"LSD BLOTTERS -","robots":{"index":"index","follow":"follow","max-snippet":"max-snippet:-1","max-image-preview":"max-image-preview:large","max-video-preview":"max-video-preview:-1"},"canonical":"https:\/\/exoticchemicals.com\/cs\/product\/lsd-blotters\/","og_locale":"cs_CZ","og_type":"article","og_title":"LSD BLOTTERS -","og_description":"LSD BLOTTERS FOR SALE LSD Blotters are the most common\u00a0Hallucinogen\u00a0and are one of the most potent mood-changing chemicals. It is manufactured from lysergic acid, which is found in ergot, a fungus that grows on rye and other grains. We offer the best quality LSD Blotters for sale online. wc ,wc\u00a0 wc Lwc Swc Dwc\u00a0 wc [&hellip;]","og_url":"https:\/\/exoticchemicals.com\/cs\/product\/lsd-blotters\/","article_modified_time":"2026-04-15T20:32:13+00:00","og_image":[{"width":340,"height":270,"url":"https:\/\/exoticchemicals.com\/wp-content\/uploads\/2025\/02\/LSD-Blotters-For-Sale.jpg","type":"image\/jpeg"}],"twitter_card":"summary_large_image","twitter_misc":{"Odhadovan\u00e1 doba \u010dten\u00ed":"3 minuty"},"schema":{"@context":"https:\/\/schema.org","@graph":[{"@type":"WebPage","@id":"https:\/\/exoticchemicals.com\/product\/lsd-blotters\/","url":"https:\/\/exoticchemicals.com\/product\/lsd-blotters\/","name":"LSD BLOTTERS -","isPartOf":{"@id":"https:\/\/exoticchemicals.com\/#website"},"primaryImageOfPage":{"@id":"https:\/\/exoticchemicals.com\/product\/lsd-blotters\/#primaryimage"},"image":{"@id":"https:\/\/exoticchemicals.com\/product\/lsd-blotters\/#primaryimage"},"thumbnailUrl":"https:\/\/exoticchemicals.com\/wp-content\/uploads\/2025\/02\/LSD-Blotters-For-Sale.jpg","datePublished":"2025-02-06T21:24:00+00:00","dateModified":"2026-04-15T20:32:13+00:00","breadcrumb":{"@id":"https:\/\/exoticchemicals.com\/product\/lsd-blotters\/#breadcrumb"},"inLanguage":"cs","potentialAction":[{"@type":"ReadAction","target":["https:\/\/exoticchemicals.com\/product\/lsd-blotters\/"]}]},{"@type":"ImageObject","inLanguage":"cs","@id":"https:\/\/exoticchemicals.com\/product\/lsd-blotters\/#primaryimage","url":"https:\/\/exoticchemicals.com\/wp-content\/uploads\/2025\/02\/LSD-Blotters-For-Sale.jpg","contentUrl":"https:\/\/exoticchemicals.com\/wp-content\/uploads\/2025\/02\/LSD-Blotters-For-Sale.jpg","width":340,"height":270},{"@type":"BreadcrumbList","@id":"https:\/\/exoticchemicals.com\/product\/lsd-blotters\/#breadcrumb","itemListElement":[{"@type":"ListItem","position":1,"name":"Home","item":"https:\/\/exoticchemicals.com\/"},{"@type":"ListItem","position":2,"name":"Shop","item":"https:\/\/exoticchemicals.com\/shop\/"},{"@type":"ListItem","position":3,"name":"LSD BLOTTERS"}]},{"@type":"WebSite","@id":"https:\/\/exoticchemicals.com\/#website","url":"https:\/\/exoticchemicals.com\/","name":"exotick\u00e9 chemik\u00e1lie","description":"Koupit MDPHP hydrochlorid","publisher":{"@id":"https:\/\/exoticchemicals.com\/#\/schema\/person\/07ad08472b6f5b213792451a32dbe8c7"},"potentialAction":[{"@type":"SearchAction","target":{"@type":"EntryPoint","urlTemplate":"https:\/\/exoticchemicals.com\/?s={search_term_string}"},"query-input":{"@type":"PropertyValueSpecification","valueRequired":true,"valueName":"search_term_string"}}],"inLanguage":"cs"},{"@type":["Person","Organization"],"@id":"https:\/\/exoticchemicals.com\/#\/schema\/person\/07ad08472b6f5b213792451a32dbe8c7","name":"wwalkershop@gmail.com","image":{"@type":"ImageObject","inLanguage":"cs","@id":"https:\/\/exoticchemicals.com\/wp-content\/uploads\/2025\/02\/pure-3-1-1.png","url":"https:\/\/exoticchemicals.com\/wp-content\/uploads\/2025\/02\/pure-3-1-1.png","contentUrl":"https:\/\/exoticchemicals.com\/wp-content\/uploads\/2025\/02\/pure-3-1-1.png","width":500,"height":500,"caption":"wwalkershop@gmail.com"},"logo":{"@id":"https:\/\/exoticchemicals.com\/wp-content\/uploads\/2025\/02\/pure-3-1-1.png"},"sameAs":["http:\/\/exoticchemicals.com"]}]}},"uagb_featured_image_src":{"full":["https:\/\/exoticchemicals.com\/wp-content\/uploads\/2025\/02\/LSD-Blotters-For-Sale.jpg",340,270,false],"thumbnail":["https:\/\/exoticchemicals.com\/wp-content\/uploads\/2025\/02\/LSD-Blotters-For-Sale-150x150.jpg",150,150,true],"medium":["https:\/\/exoticchemicals.com\/wp-content\/uploads\/2025\/02\/LSD-Blotters-For-Sale-300x238.jpg",300,238,true],"medium_large":["https:\/\/exoticchemicals.com\/wp-content\/uploads\/2025\/02\/LSD-Blotters-For-Sale.jpg",340,270,false],"large":["https:\/\/exoticchemicals.com\/wp-content\/uploads\/2025\/02\/LSD-Blotters-For-Sale.jpg",340,270,false],"1536x1536":["https:\/\/exoticchemicals.com\/wp-content\/uploads\/2025\/02\/LSD-Blotters-For-Sale.jpg",340,270,false],"2048x2048":["https:\/\/exoticchemicals.com\/wp-content\/uploads\/2025\/02\/LSD-Blotters-For-Sale.jpg",340,270,false],"trp-custom-language-flag":["https:\/\/exoticchemicals.com\/wp-content\/uploads\/2025\/02\/LSD-Blotters-For-Sale.jpg",15,12,false],"woocommerce_thumbnail":["https:\/\/exoticchemicals.com\/wp-content\/uploads\/2025\/02\/LSD-Blotters-For-Sale-300x270.jpg",300,270,true],"woocommerce_single":["https:\/\/exoticchemicals.com\/wp-content\/uploads\/2025\/02\/LSD-Blotters-For-Sale.jpg",340,270,false],"woocommerce_gallery_thumbnail":["https:\/\/exoticchemicals.com\/wp-content\/uploads\/2025\/02\/LSD-Blotters-For-Sale-100x100.jpg",100,100,true]},"uagb_author_info":{"display_name":"bossman","author_link":"https:\/\/exoticchemicals.com\/cs\/author\/"},"uagb_comment_info":9,"uagb_excerpt":"LSD BLOTTERS FOR SALE LSD Blotters are the most common\u00a0Hallucinogen\u00a0and are one of the most potent mood-changing chemicals. It is manufactured from lysergic acid, which is found in ergot, a fungus that grows on rye and other grains. We offer the best quality LSD Blotters for sale online. wc ,wc\u00a0 wc Lwc Swc Dwc\u00a0 wc&hellip;","_links":{"self":[{"href":"https:\/\/exoticchemicals.com\/cs\/wp-json\/wp\/v2\/product\/3478","targetHints":{"allow":["GET"]}}],"collection":[{"href":"https:\/\/exoticchemicals.com\/cs\/wp-json\/wp\/v2\/product"}],"about":[{"href":"https:\/\/exoticchemicals.com\/cs\/wp-json\/wp\/v2\/types\/product"}],"replies":[{"embeddable":true,"href":"https:\/\/exoticchemicals.com\/cs\/wp-json\/wp\/v2\/comments?post=3478"}],"wp:featuredmedia":[{"embeddable":true,"href":"https:\/\/exoticchemicals.com\/cs\/wp-json\/wp\/v2\/media\/3498"}],"wp:attachment":[{"href":"https:\/\/exoticchemicals.com\/cs\/wp-json\/wp\/v2\/media?parent=3478"}],"wp:term":[{"taxonomy":"product_brand","embeddable":true,"href":"https:\/\/exoticchemicals.com\/cs\/wp-json\/wp\/v2\/product_brand?post=3478"},{"taxonomy":"product_cat","embeddable":true,"href":"https:\/\/exoticchemicals.com\/cs\/wp-json\/wp\/v2\/product_cat?post=3478"},{"taxonomy":"product_tag","embeddable":true,"href":"https:\/\/exoticchemicals.com\/cs\/wp-json\/wp\/v2\/product_tag?post=3478"}],"curies":[{"name":"wp","href":"https:\/\/api.w.org\/{rel}","templated":true}]}}