{"id":3490,"date":"2025-02-06T21:24:00","date_gmt":"2025-02-06T21:24:00","guid":{"rendered":"https:\/\/exoticchemicals.com\/?post_type=product&#038;p=3490"},"modified":"2026-04-15T07:31:33","modified_gmt":"2026-04-15T07:31:33","slug":"liquid-lsd","status":"publish","type":"product","link":"https:\/\/exoticchemicals.com\/cs\/product\/liquid-lsd\/","title":{"rendered":"LIQUID LSD"},"content":{"rendered":"<h1>BUY LIQUID LSD ONLINE<\/h1>\n<div>LSD Liquid Drops for sale. psychedelic drug (Lysergic Acid Diethylamide) abbreviated LSD or LSD-25, additionally referred to as lysergide and informally as acid, may be a\u00a0semisynthetic psychedelic drug\u00a0of the ergoline family, renowned for its psychological. obtain Liquid LSD on-line from our online store<\/div>\n<div><\/div>\n<div><strong>Obtain Liquid LSD quick Delivery<\/strong><\/div>\n<div><\/div>\n<div>Liquid LSD , LSD (lysergic acid diethylamide), initial synthesized in 1938, is a particularly potent hallucinogen. it\u2019s synthetically made of lysergic acid, that is found in ergot, a plant that grows on rye and alternative grains. it\u2019s so potent its doses tend to be within the metric weight unit range. It effects, often referred to as a \u201ctrip\u201d will be stimulating, pleasurable, and psychotropic or it will result in unpleasantness, typically alarming expertise called a \u201cbad trip.\u201d, so liquid psychedelic drug is required by individuals visiting Omega Chem Solutions<\/div>\n<div><\/div>\n<div><strong>\u00a0LSD LIQUID<\/strong><\/div>\n<div><\/div>\n<div>LSD is made in crystalline\u00a0type and so mixed with alternative inactive ingredients, or diluted as a liquid for production in ingestible forms. it\u2019s odorless, colorless and includes a slightly bitter taste.<\/div>\n<div><\/div>\n<div>LSD is sometimes found on the streets in numerous forms, for example:<\/div>\n<div><\/div>\n<div>blotter paper (LSD soaked onto sheets of absorbent paper with colourful designs; withdraw tiny, individual indefinite quantity units) \u2013 the foremost common type.<\/div>\n<div>skinny squares of gelatin (commonly mentioned as window panes)<\/div>\n<div>pill form (usually small tablets referred to as Microdots) or capsules<\/div>\n<div>liquid on sugar cubes<\/div>\n<div>the pure liquid form (may be extraordinarily potent)<\/div>\n<div>Liquid psychedelic drug purchasable United Kingdom<\/div>\n<div><\/div>\n<div>LSD may be a psychotropic drug. it\u2019s thought LSD causes its characteristic psychotropic effects via interaction with the monoamine {neurotransmitter} receptors within the brain. 5-hydroxytryptamine is a neurotransmitter that helps management your behavior and mood, governs your senses, and moderates your thoughts. acid drug<\/div>\n<div><\/div>\n<div>The physical effects of psychedelic drug are unpredictable from person-to-person, and nobody is aware of if they\u2019re going to have an honest or dangerous \u201ctrip.\u201d Usually, the primary effects of the drug once taken orally are felt thirty to forty five minutes when taking it, peak at a pair of to four hours, and should last twelve hours or longer. Use by the endovenous (IV) route will manufacture a way faster action, typically among ten minutes.<\/div>\n<div><\/div>\n<div><strong>Effects of LSD Usage<\/strong><\/div>\n<div>-hallucinations<\/div>\n<div>-distorted perception of shapes, colours<\/div>\n<div>-altered sounds<\/div>\n<div>-anxiety and depression<\/div>\n<div>-flashbacks (a come back of the \u201ctrip\u201d experience) days or months later<\/div>\n<div>-fast heart rate, redoubled body temperature, associated high pressure level<\/div>\n<div>-expanded pupils<\/div>\n<div>-Treatment for psychedelic drug Abuse<\/div>\n<div><\/div>\n<div>Once a call is created to get treatment, there are many steps to take.<\/div>\n<div><\/div>\n<div>Speak to a aid supplier to assist direct you to reliable sources of help and monitor your progress.<\/div>\n<div>speak medical care (behavioral counselling) and\/or cluster counseling is also an choice to assist you perceive your behaviors and why you still use LSD Acid drug<\/div>\n<div>Keep your appointments and follow your provider\u2019s treatment plan.<\/div>\n<div>contemplate as well as trustworthy\u00a0 family or friends in your treatment plan.<\/div>\n<div>watch out of yourself: exercise, eat healthfully and management your stress level. Surround yourself with confirmative people.<\/div>\n<div>additional medical medical care is also required to treat symptoms thanks to drug use, comparable to anxiety, depression, or schizophrenia.<\/div>\n<div>Work to search out new hobbies and interests that may take your mind off of LSD. contemplate a volunteer opportunity.<\/div>\n<div>every day makes a trial to remain aloof from folks that abuse drugs, notwithstanding they\u2019re former friends. Liquid psychedelic drug .<\/div>\n<div><\/div>\n<div><strong>Health Hazards associated Flashbacks with psychedelic drug<\/strong><\/div>\n<div><\/div>\n<div>beneath the influence of LSD, the power to form smart judgments and see common dangers is impaired, creating the user prone to personal injury or death.<\/div>\n<div><\/div>\n<div>when an LSD trip, the user may suffer acute anxiety or depression, and should additionally expertise flashbacks (also referred to as hallucinogen uninterrupted perception disorder), that are recurrences of the results of LSD days or perhaps months after taking the last dose.<\/div>\n<div><\/div>\n<div>A flashback happens suddenly, typically while not warning, typically in folks that use hallucinogens inveterately or have associate underlying temperament problem.<\/div>\n<div>Healthy folks that solely use psychedelic drug sometimes may additionally\u00a0 have flashbacks.<\/div>\n<div>dangerous visits and flashbacks are only a part of the risks of LSD use. LSD users may also manifest comparatively long-lived psychoses, such as schizophrenia or severe depression.<\/div>\n<div><\/div>\n<div>LSD produces tolerance, that means the user wants bigger doses of LSD to induce identical high. Some users who take the drug repeatedly should take increasingly higher doses to attain the state of intoxication that they\u2019d antecedently achieved. this can be a particularly dangerous practice, given the unpredictability of the drug.4<\/div>","protected":false},"excerpt":{"rendered":"<p>BUY LIQUID LSD ONLINE LSD Liquid Drops for sale. psychedelic drug (Lysergic Acid Diethylamide) abbreviated LSD or LSD-25, additionally referred to as lysergide and informally as acid, may be a\u00a0semisynthetic psychedelic drug\u00a0of the ergoline family, renowned for its psychological. obtain Liquid LSD on-line from our online store Obtain Liquid LSD quick Delivery Liquid LSD , [&hellip;]<\/p>\n","protected":false},"featured_media":3502,"comment_status":"open","ping_status":"closed","template":"","meta":{"_uag_custom_page_level_css":"","site-sidebar-layout":"default","site-content-layout":"","ast-site-content-layout":"","site-content-style":"default","site-sidebar-style":"default","ast-global-header-display":"","ast-banner-title-visibility":"","ast-main-header-display":"","ast-hfb-above-header-display":"","ast-hfb-below-header-display":"","ast-hfb-mobile-header-display":"","site-post-title":"","ast-breadcrumbs-content":"","ast-featured-img":"","footer-sml-layout":"","theme-transparent-header-meta":"","adv-header-id-meta":"","stick-header-meta":"","header-above-stick-meta":"","header-main-stick-meta":"","header-below-stick-meta":"","astra-migrate-meta-layouts":"default","ast-page-background-enabled":"default","ast-page-background-meta":{"desktop":{"background-color":"","background-image":"","background-repeat":"repeat","background-position":"center center","background-size":"auto","background-attachment":"scroll","background-type":"","background-media":"","overlay-type":"","overlay-color":"","overlay-opacity":"","overlay-gradient":""},"tablet":{"background-color":"","background-image":"","background-repeat":"repeat","background-position":"center center","background-size":"auto","background-attachment":"scroll","background-type":"","background-media":"","overlay-type":"","overlay-color":"","overlay-opacity":"","overlay-gradient":""},"mobile":{"background-color":"","background-image":"","background-repeat":"repeat","background-position":"center center","background-size":"auto","background-attachment":"scroll","background-type":"","background-media":"","overlay-type":"","overlay-color":"","overlay-opacity":"","overlay-gradient":""}},"ast-content-background-meta":{"desktop":{"background-color":"var(--ast-global-color-5)","background-image":"","background-repeat":"repeat","background-position":"center center","background-size":"auto","background-attachment":"scroll","background-type":"","background-media":"","overlay-type":"","overlay-color":"","overlay-opacity":"","overlay-gradient":""},"tablet":{"background-color":"var(--ast-global-color-5)","background-image":"","background-repeat":"repeat","background-position":"center center","background-size":"auto","background-attachment":"scroll","background-type":"","background-media":"","overlay-type":"","overlay-color":"","overlay-opacity":"","overlay-gradient":""},"mobile":{"background-color":"var(--ast-global-color-5)","background-image":"","background-repeat":"repeat","background-position":"center center","background-size":"auto","background-attachment":"scroll","background-type":"","background-media":"","overlay-type":"","overlay-color":"","overlay-opacity":"","overlay-gradient":""}}},"product_brand":[],"product_cat":[1123],"product_tag":[],"class_list":{"0":"post-3490","1":"product","2":"type-product","3":"status-publish","4":"has-post-thumbnail","6":"product_cat-lsd-online-kaufen","7":"desktop-align-left","8":"tablet-align-left","9":"mobile-align-left","11":"first","12":"instock","13":"shipping-taxable","14":"purchasable","15":"product-type-variable"},"yoast_head":"<!-- This site is optimized with the Yoast SEO plugin v27.4 - https:\/\/yoast.com\/product\/yoast-seo-wordpress\/ -->\n<title>LIQUID LSD -<\/title>\n<meta name=\"robots\" content=\"index, follow, max-snippet:-1, max-image-preview:large, max-video-preview:-1\" \/>\n<link rel=\"canonical\" href=\"https:\/\/exoticchemicals.com\/cs\/product\/liquid-lsd\/\" \/>\n<meta property=\"og:locale\" content=\"cs_CZ\" \/>\n<meta property=\"og:type\" content=\"article\" \/>\n<meta property=\"og:title\" content=\"LIQUID LSD -\" \/>\n<meta property=\"og:description\" content=\"BUY LIQUID LSD ONLINE LSD Liquid Drops for sale. psychedelic drug (Lysergic Acid Diethylamide) abbreviated LSD or LSD-25, additionally referred to as lysergide and informally as acid, may be a\u00a0semisynthetic psychedelic drug\u00a0of the ergoline family, renowned for its psychological. obtain Liquid LSD on-line from our online store Obtain Liquid LSD quick Delivery Liquid LSD , [&hellip;]\" \/>\n<meta property=\"og:url\" content=\"https:\/\/exoticchemicals.com\/cs\/product\/liquid-lsd\/\" \/>\n<meta property=\"article:modified_time\" content=\"2026-04-15T07:31:33+00:00\" \/>\n<meta property=\"og:image\" content=\"https:\/\/exoticchemicals.com\/wp-content\/uploads\/2025\/02\/Buy-LIquid-LSD-Online-jpeg.webp\" \/>\n\t<meta property=\"og:image:width\" content=\"200\" \/>\n\t<meta property=\"og:image:height\" content=\"291\" \/>\n\t<meta property=\"og:image:type\" content=\"image\/webp\" \/>\n<meta name=\"twitter:card\" content=\"summary_large_image\" \/>\n<meta name=\"twitter:label1\" content=\"Odhadovan\u00e1 doba \u010dten\u00ed\" \/>\n\t<meta name=\"twitter:data1\" content=\"4 minuty\" \/>\n<script type=\"application\/ld+json\" class=\"yoast-schema-graph\">{\"@context\":\"https:\\\/\\\/schema.org\",\"@graph\":[{\"@type\":\"WebPage\",\"@id\":\"https:\\\/\\\/exoticchemicals.com\\\/product\\\/liquid-lsd\\\/\",\"url\":\"https:\\\/\\\/exoticchemicals.com\\\/product\\\/liquid-lsd\\\/\",\"name\":\"LIQUID LSD -\",\"isPartOf\":{\"@id\":\"https:\\\/\\\/exoticchemicals.com\\\/#website\"},\"primaryImageOfPage\":{\"@id\":\"https:\\\/\\\/exoticchemicals.com\\\/product\\\/liquid-lsd\\\/#primaryimage\"},\"image\":{\"@id\":\"https:\\\/\\\/exoticchemicals.com\\\/product\\\/liquid-lsd\\\/#primaryimage\"},\"thumbnailUrl\":\"https:\\\/\\\/exoticchemicals.com\\\/wp-content\\\/uploads\\\/2025\\\/02\\\/Buy-LIquid-LSD-Online-jpeg.webp\",\"datePublished\":\"2025-02-06T21:24:00+00:00\",\"dateModified\":\"2026-04-15T07:31:33+00:00\",\"breadcrumb\":{\"@id\":\"https:\\\/\\\/exoticchemicals.com\\\/product\\\/liquid-lsd\\\/#breadcrumb\"},\"inLanguage\":\"cs\",\"potentialAction\":[{\"@type\":\"ReadAction\",\"target\":[\"https:\\\/\\\/exoticchemicals.com\\\/product\\\/liquid-lsd\\\/\"]}]},{\"@type\":\"ImageObject\",\"inLanguage\":\"cs\",\"@id\":\"https:\\\/\\\/exoticchemicals.com\\\/product\\\/liquid-lsd\\\/#primaryimage\",\"url\":\"https:\\\/\\\/exoticchemicals.com\\\/wp-content\\\/uploads\\\/2025\\\/02\\\/Buy-LIquid-LSD-Online-jpeg.webp\",\"contentUrl\":\"https:\\\/\\\/exoticchemicals.com\\\/wp-content\\\/uploads\\\/2025\\\/02\\\/Buy-LIquid-LSD-Online-jpeg.webp\",\"width\":200,\"height\":291},{\"@type\":\"BreadcrumbList\",\"@id\":\"https:\\\/\\\/exoticchemicals.com\\\/product\\\/liquid-lsd\\\/#breadcrumb\",\"itemListElement\":[{\"@type\":\"ListItem\",\"position\":1,\"name\":\"Home\",\"item\":\"https:\\\/\\\/exoticchemicals.com\\\/\"},{\"@type\":\"ListItem\",\"position\":2,\"name\":\"Shop\",\"item\":\"https:\\\/\\\/exoticchemicals.com\\\/shop\\\/\"},{\"@type\":\"ListItem\",\"position\":3,\"name\":\"LIQUID LSD\"}]},{\"@type\":\"WebSite\",\"@id\":\"https:\\\/\\\/exoticchemicals.com\\\/#website\",\"url\":\"https:\\\/\\\/exoticchemicals.com\\\/\",\"name\":\"exotic chemicals\",\"description\":\"Buy MDPHP Hydrochloride\",\"publisher\":{\"@id\":\"https:\\\/\\\/exoticchemicals.com\\\/#\\\/schema\\\/person\\\/07ad08472b6f5b213792451a32dbe8c7\"},\"potentialAction\":[{\"@type\":\"SearchAction\",\"target\":{\"@type\":\"EntryPoint\",\"urlTemplate\":\"https:\\\/\\\/exoticchemicals.com\\\/?s={search_term_string}\"},\"query-input\":{\"@type\":\"PropertyValueSpecification\",\"valueRequired\":true,\"valueName\":\"search_term_string\"}}],\"inLanguage\":\"cs\"},{\"@type\":[\"Person\",\"Organization\"],\"@id\":\"https:\\\/\\\/exoticchemicals.com\\\/#\\\/schema\\\/person\\\/07ad08472b6f5b213792451a32dbe8c7\",\"name\":\"wwalkershop@gmail.com\",\"image\":{\"@type\":\"ImageObject\",\"inLanguage\":\"cs\",\"@id\":\"https:\\\/\\\/exoticchemicals.com\\\/wp-content\\\/uploads\\\/2025\\\/02\\\/pure-3-1-1.png\",\"url\":\"https:\\\/\\\/exoticchemicals.com\\\/wp-content\\\/uploads\\\/2025\\\/02\\\/pure-3-1-1.png\",\"contentUrl\":\"https:\\\/\\\/exoticchemicals.com\\\/wp-content\\\/uploads\\\/2025\\\/02\\\/pure-3-1-1.png\",\"width\":500,\"height\":500,\"caption\":\"wwalkershop@gmail.com\"},\"logo\":{\"@id\":\"https:\\\/\\\/exoticchemicals.com\\\/wp-content\\\/uploads\\\/2025\\\/02\\\/pure-3-1-1.png\"},\"sameAs\":[\"http:\\\/\\\/exoticchemicals.com\"]}]}<\/script>\n<!-- \/ Yoast SEO plugin. -->","yoast_head_json":{"title":"LIQUID LSD -","robots":{"index":"index","follow":"follow","max-snippet":"max-snippet:-1","max-image-preview":"max-image-preview:large","max-video-preview":"max-video-preview:-1"},"canonical":"https:\/\/exoticchemicals.com\/cs\/product\/liquid-lsd\/","og_locale":"cs_CZ","og_type":"article","og_title":"LIQUID LSD -","og_description":"BUY LIQUID LSD ONLINE LSD Liquid Drops for sale. psychedelic drug (Lysergic Acid Diethylamide) abbreviated LSD or LSD-25, additionally referred to as lysergide and informally as acid, may be a\u00a0semisynthetic psychedelic drug\u00a0of the ergoline family, renowned for its psychological. obtain Liquid LSD on-line from our online store Obtain Liquid LSD quick Delivery Liquid LSD , [&hellip;]","og_url":"https:\/\/exoticchemicals.com\/cs\/product\/liquid-lsd\/","article_modified_time":"2026-04-15T07:31:33+00:00","og_image":[{"width":200,"height":291,"url":"https:\/\/exoticchemicals.com\/wp-content\/uploads\/2025\/02\/Buy-LIquid-LSD-Online-jpeg.webp","type":"image\/webp"}],"twitter_card":"summary_large_image","twitter_misc":{"Odhadovan\u00e1 doba \u010dten\u00ed":"4 minuty"},"schema":{"@context":"https:\/\/schema.org","@graph":[{"@type":"WebPage","@id":"https:\/\/exoticchemicals.com\/product\/liquid-lsd\/","url":"https:\/\/exoticchemicals.com\/product\/liquid-lsd\/","name":"LIQUID LSD -","isPartOf":{"@id":"https:\/\/exoticchemicals.com\/#website"},"primaryImageOfPage":{"@id":"https:\/\/exoticchemicals.com\/product\/liquid-lsd\/#primaryimage"},"image":{"@id":"https:\/\/exoticchemicals.com\/product\/liquid-lsd\/#primaryimage"},"thumbnailUrl":"https:\/\/exoticchemicals.com\/wp-content\/uploads\/2025\/02\/Buy-LIquid-LSD-Online-jpeg.webp","datePublished":"2025-02-06T21:24:00+00:00","dateModified":"2026-04-15T07:31:33+00:00","breadcrumb":{"@id":"https:\/\/exoticchemicals.com\/product\/liquid-lsd\/#breadcrumb"},"inLanguage":"cs","potentialAction":[{"@type":"ReadAction","target":["https:\/\/exoticchemicals.com\/product\/liquid-lsd\/"]}]},{"@type":"ImageObject","inLanguage":"cs","@id":"https:\/\/exoticchemicals.com\/product\/liquid-lsd\/#primaryimage","url":"https:\/\/exoticchemicals.com\/wp-content\/uploads\/2025\/02\/Buy-LIquid-LSD-Online-jpeg.webp","contentUrl":"https:\/\/exoticchemicals.com\/wp-content\/uploads\/2025\/02\/Buy-LIquid-LSD-Online-jpeg.webp","width":200,"height":291},{"@type":"BreadcrumbList","@id":"https:\/\/exoticchemicals.com\/product\/liquid-lsd\/#breadcrumb","itemListElement":[{"@type":"ListItem","position":1,"name":"Home","item":"https:\/\/exoticchemicals.com\/"},{"@type":"ListItem","position":2,"name":"Shop","item":"https:\/\/exoticchemicals.com\/shop\/"},{"@type":"ListItem","position":3,"name":"LIQUID LSD"}]},{"@type":"WebSite","@id":"https:\/\/exoticchemicals.com\/#website","url":"https:\/\/exoticchemicals.com\/","name":"exotick\u00e9 chemik\u00e1lie","description":"Koupit MDPHP hydrochlorid","publisher":{"@id":"https:\/\/exoticchemicals.com\/#\/schema\/person\/07ad08472b6f5b213792451a32dbe8c7"},"potentialAction":[{"@type":"SearchAction","target":{"@type":"EntryPoint","urlTemplate":"https:\/\/exoticchemicals.com\/?s={search_term_string}"},"query-input":{"@type":"PropertyValueSpecification","valueRequired":true,"valueName":"search_term_string"}}],"inLanguage":"cs"},{"@type":["Person","Organization"],"@id":"https:\/\/exoticchemicals.com\/#\/schema\/person\/07ad08472b6f5b213792451a32dbe8c7","name":"wwalkershop@gmail.com","image":{"@type":"ImageObject","inLanguage":"cs","@id":"https:\/\/exoticchemicals.com\/wp-content\/uploads\/2025\/02\/pure-3-1-1.png","url":"https:\/\/exoticchemicals.com\/wp-content\/uploads\/2025\/02\/pure-3-1-1.png","contentUrl":"https:\/\/exoticchemicals.com\/wp-content\/uploads\/2025\/02\/pure-3-1-1.png","width":500,"height":500,"caption":"wwalkershop@gmail.com"},"logo":{"@id":"https:\/\/exoticchemicals.com\/wp-content\/uploads\/2025\/02\/pure-3-1-1.png"},"sameAs":["http:\/\/exoticchemicals.com"]}]}},"uagb_featured_image_src":{"full":["https:\/\/exoticchemicals.com\/wp-content\/uploads\/2025\/02\/Buy-LIquid-LSD-Online-jpeg.webp",200,291,false],"thumbnail":["https:\/\/exoticchemicals.com\/wp-content\/uploads\/2025\/02\/Buy-LIquid-LSD-Online-jpeg-150x150.webp",150,150,true],"medium":["https:\/\/exoticchemicals.com\/wp-content\/uploads\/2025\/02\/Buy-LIquid-LSD-Online-jpeg.webp",200,291,false],"medium_large":["https:\/\/exoticchemicals.com\/wp-content\/uploads\/2025\/02\/Buy-LIquid-LSD-Online-jpeg.webp",200,291,false],"large":["https:\/\/exoticchemicals.com\/wp-content\/uploads\/2025\/02\/Buy-LIquid-LSD-Online-jpeg.webp",200,291,false],"1536x1536":["https:\/\/exoticchemicals.com\/wp-content\/uploads\/2025\/02\/Buy-LIquid-LSD-Online-jpeg.webp",200,291,false],"2048x2048":["https:\/\/exoticchemicals.com\/wp-content\/uploads\/2025\/02\/Buy-LIquid-LSD-Online-jpeg.webp",200,291,false],"trp-custom-language-flag":["https:\/\/exoticchemicals.com\/wp-content\/uploads\/2025\/02\/Buy-LIquid-LSD-Online-jpeg.webp",8,12,false],"woocommerce_thumbnail":["https:\/\/exoticchemicals.com\/wp-content\/uploads\/2025\/02\/Buy-LIquid-LSD-Online-jpeg.webp",200,291,false],"woocommerce_single":["https:\/\/exoticchemicals.com\/wp-content\/uploads\/2025\/02\/Buy-LIquid-LSD-Online-jpeg.webp",200,291,false],"woocommerce_gallery_thumbnail":["https:\/\/exoticchemicals.com\/wp-content\/uploads\/2025\/02\/Buy-LIquid-LSD-Online-jpeg-100x100.webp",100,100,true]},"uagb_author_info":{"display_name":"bossman","author_link":"https:\/\/exoticchemicals.com\/cs\/author\/"},"uagb_comment_info":8,"uagb_excerpt":"BUY LIQUID LSD ONLINE LSD Liquid Drops for sale. psychedelic drug (Lysergic Acid Diethylamide) abbreviated LSD or LSD-25, additionally referred to as lysergide and informally as acid, may be a\u00a0semisynthetic psychedelic drug\u00a0of the ergoline family, renowned for its psychological. obtain Liquid LSD on-line from our online store Obtain Liquid LSD quick Delivery Liquid LSD ,&hellip;","_links":{"self":[{"href":"https:\/\/exoticchemicals.com\/cs\/wp-json\/wp\/v2\/product\/3490","targetHints":{"allow":["GET"]}}],"collection":[{"href":"https:\/\/exoticchemicals.com\/cs\/wp-json\/wp\/v2\/product"}],"about":[{"href":"https:\/\/exoticchemicals.com\/cs\/wp-json\/wp\/v2\/types\/product"}],"replies":[{"embeddable":true,"href":"https:\/\/exoticchemicals.com\/cs\/wp-json\/wp\/v2\/comments?post=3490"}],"wp:featuredmedia":[{"embeddable":true,"href":"https:\/\/exoticchemicals.com\/cs\/wp-json\/wp\/v2\/media\/3502"}],"wp:attachment":[{"href":"https:\/\/exoticchemicals.com\/cs\/wp-json\/wp\/v2\/media?parent=3490"}],"wp:term":[{"taxonomy":"product_brand","embeddable":true,"href":"https:\/\/exoticchemicals.com\/cs\/wp-json\/wp\/v2\/product_brand?post=3490"},{"taxonomy":"product_cat","embeddable":true,"href":"https:\/\/exoticchemicals.com\/cs\/wp-json\/wp\/v2\/product_cat?post=3490"},{"taxonomy":"product_tag","embeddable":true,"href":"https:\/\/exoticchemicals.com\/cs\/wp-json\/wp\/v2\/product_tag?post=3490"}],"curies":[{"name":"wp","href":"https:\/\/api.w.org\/{rel}","templated":true}]}}