{"id":3679,"date":"2025-02-06T21:25:39","date_gmt":"2025-02-06T21:25:39","guid":{"rendered":"https:\/\/exoticchemicals.com\/?post_type=product&#038;p=3679"},"modified":"2026-04-12T02:31:32","modified_gmt":"2026-04-12T02:31:32","slug":"buy-hydrocodone-500mg-10mg","status":"publish","type":"product","link":"https:\/\/exoticchemicals.com\/cs\/product\/buy-hydrocodone-500mg-10mg\/","title":{"rendered":"Buy Hydrocodone 500mg \/ 10mg"},"content":{"rendered":"<p>Buy Hydrocodone 500mg \/ 10mgThis combination medication is used to relieve moderate to severe pain. It contains an opioid (narcotic) pain reliever (hydrocodone) and a non-opioid pain reliever (acetaminophen) what hydrocodone apap 5mg 500mg is. where to buy HYDROCODONE 500 pills, Hydrocodone works in the brain to change how your body feels and responds to pain. Acetaminophen can also reduce a fever Watson 540. Top Discount Hydrocodone, This product not recommended for use in children younger than six years due to an increased risk of severe side effects (such as slow\/shallow breathing) | Purchase Hydrocodone 500mg \/ 10mg | Hydrocodone 650 mg \/ 10mg | Hydrocodone 325 mg \/ 7.5 mg | Buy Hydrocodone online over the counter is possible with Agora. Buy Hydrocodone Online without insuranceCaution before taking Buy Hydrocodone 500mg \/ 10mgBuy Hydrocodone Without prescription in UK USA or Canada, but know you should not use this medicine if you are allergic to acetaminophen (Tylenol) or hydrocodone, what are watson 540 pills, pill identifier editorial policy. where to buy HYDROCODONE 500mg pillsTo make sure this medicine is safe for you, Buy Hydrocodone Without prescription in UK and tell your doctor if you have ever had hydrocodone bitartrate and acetaminophen oral solution 7.5 mg 500mg, Buy Hydrocodone Without prescription in UK as Hydrocodone 500mg purposes only as pharmaceutical companies data sources include micromedex:liver disease, cirrhosis, or if you drink more than 3 alcoholic beverages per day; including Percocet Dosagea drug or alcohol addiction hydrocodone, cerner multum; Top Discount Hydrocodonediarrhea, inflammatory bowel disease, bowel obstruction, severe constipation;kidney disease identify pills check interactions\u00a0hydrocodone acetaminophen 5 500mg;a head injury watson 540 pill , brain tumor, or stroke, watson 540 white;asthma or other breathing disorder receive emails; or\u00a0drug informationlow blood pressure, or if you are dehydrated, medical advice diagnosis or treatment.hydrocodone acetaminophen 500mg | pill watson 540Some medicines can interact with acetaminophen and hydrocodone and cause a serious condition called serotonin syndrome. where to buy HYDROCODONE 500mg pills Be sure your doctor knows if you also take stimulant drug five 500mg hydrocodone, herbal products, or medication for depression, mental illness, Parkinson\u2019s disease, migraine headaches, Watson 540 blue pill, severe infections, or prevention of nausea and vomiting. Top Discount Hydrocodone and Buy Hydrocodone-acetaminophen at the best price Ask your doctor before making any changes in how or when you take your medications Hydrocodone 500mg.<\/p>","protected":false},"excerpt":{"rendered":"<p>medication is used to relieve moderate to severe pain.Generic Name: Acetaminophen and Hydrocodone Bitartrate<br \/>  Brand : WATSON 540<br \/>  Strength: 500 mg \/ 10 mg<br \/>  Identifier Exists : NO<br \/>  Hodnocen\u00ed : V\u00fdborn\u011b<br \/>  Supplier: Watson Pharmaceuticals<\/p>","protected":false},"featured_media":3695,"comment_status":"open","ping_status":"closed","template":"","meta":{"_uag_custom_page_level_css":"","site-sidebar-layout":"default","site-content-layout":"","ast-site-content-layout":"default","site-content-style":"default","site-sidebar-style":"default","ast-global-header-display":"","ast-banner-title-visibility":"","ast-main-header-display":"","ast-hfb-above-header-display":"","ast-hfb-below-header-display":"","ast-hfb-mobile-header-display":"","site-post-title":"","ast-breadcrumbs-content":"","ast-featured-img":"","footer-sml-layout":"","ast-disable-related-posts":"","theme-transparent-header-meta":"","adv-header-id-meta":"","stick-header-meta":"","header-above-stick-meta":"","header-main-stick-meta":"","header-below-stick-meta":"","astra-migrate-meta-layouts":"default","ast-page-background-enabled":"default","ast-page-background-meta":{"desktop":{"background-color":"","background-image":"","background-repeat":"repeat","background-position":"center center","background-size":"auto","background-attachment":"scroll","background-type":"","background-media":"","overlay-type":"","overlay-color":"","overlay-opacity":"","overlay-gradient":""},"tablet":{"background-color":"","background-image":"","background-repeat":"repeat","background-position":"center center","background-size":"auto","background-attachment":"scroll","background-type":"","background-media":"","overlay-type":"","overlay-color":"","overlay-opacity":"","overlay-gradient":""},"mobile":{"background-color":"","background-image":"","background-repeat":"repeat","background-position":"center center","background-size":"auto","background-attachment":"scroll","background-type":"","background-media":"","overlay-type":"","overlay-color":"","overlay-opacity":"","overlay-gradient":""}},"ast-content-background-meta":{"desktop":{"background-color":"var(--ast-global-color-5)","background-image":"","background-repeat":"repeat","background-position":"center center","background-size":"auto","background-attachment":"scroll","background-type":"","background-media":"","overlay-type":"","overlay-color":"","overlay-opacity":"","overlay-gradient":""},"tablet":{"background-color":"var(--ast-global-color-5)","background-image":"","background-repeat":"repeat","background-position":"center center","background-size":"auto","background-attachment":"scroll","background-type":"","background-media":"","overlay-type":"","overlay-color":"","overlay-opacity":"","overlay-gradient":""},"mobile":{"background-color":"var(--ast-global-color-5)","background-image":"","background-repeat":"repeat","background-position":"center center","background-size":"auto","background-attachment":"scroll","background-type":"","background-media":"","overlay-type":"","overlay-color":"","overlay-opacity":"","overlay-gradient":""}}},"product_brand":[],"product_cat":[1394],"product_tag":[],"class_list":{"0":"post-3679","1":"product","2":"type-product","3":"status-publish","4":"has-post-thumbnail","6":"product_cat-best-place-to-buy-mdphp-hydrochloride-online-research-chemicals-pills","7":"desktop-align-left","8":"tablet-align-left","9":"mobile-align-left","11":"first","12":"instock","13":"sale","14":"shipping-taxable","15":"purchasable","16":"product-type-simple"},"yoast_head":"<!-- This site is optimized with the Yoast SEO plugin v27.5 - https:\/\/yoast.com\/product\/yoast-seo-wordpress\/ -->\n<title>Buy Hydrocodone 500mg \/ 10mg -<\/title>\n<meta name=\"robots\" content=\"index, follow, max-snippet:-1, max-image-preview:large, max-video-preview:-1\" \/>\n<link rel=\"canonical\" href=\"https:\/\/exoticchemicals.com\/cs\/product\/buy-hydrocodone-500mg-10mg\/\" \/>\n<meta property=\"og:locale\" content=\"cs_CZ\" \/>\n<meta property=\"og:type\" content=\"article\" \/>\n<meta property=\"og:title\" content=\"Buy Hydrocodone 500mg \/ 10mg -\" \/>\n<meta property=\"og:description\" content=\"medication is used to relieve moderate to severe pain.Generic Name: Acetaminophen and Hydrocodone Bitartrate Brand : WATSON 540 Strength: 500 mg \/ 10 mg Identifier Exists : NO Appraise : Excellent Supplier: Watson Pharmaceuticals\" \/>\n<meta property=\"og:url\" content=\"https:\/\/exoticchemicals.com\/cs\/product\/buy-hydrocodone-500mg-10mg\/\" \/>\n<meta property=\"article:modified_time\" content=\"2026-04-12T02:31:32+00:00\" \/>\n<meta property=\"og:image\" content=\"https:\/\/exoticchemicals.com\/wp-content\/uploads\/2025\/02\/Buy-Hydrocodone-Online-jpeg.webp\" \/>\n\t<meta property=\"og:image:width\" content=\"550\" \/>\n\t<meta property=\"og:image:height\" content=\"550\" \/>\n\t<meta property=\"og:image:type\" content=\"image\/webp\" \/>\n<meta name=\"twitter:card\" content=\"summary_large_image\" \/>\n<meta name=\"twitter:label1\" content=\"Odhadovan\u00e1 doba \u010dten\u00ed\" \/>\n\t<meta name=\"twitter:data1\" content=\"2 minuty\" \/>\n<script type=\"application\/ld+json\" class=\"yoast-schema-graph\">{\"@context\":\"https:\\\/\\\/schema.org\",\"@graph\":[{\"@type\":\"WebPage\",\"@id\":\"https:\\\/\\\/exoticchemicals.com\\\/product\\\/buy-hydrocodone-500mg-10mg\\\/\",\"url\":\"https:\\\/\\\/exoticchemicals.com\\\/product\\\/buy-hydrocodone-500mg-10mg\\\/\",\"name\":\"Buy Hydrocodone 500mg \\\/ 10mg -\",\"isPartOf\":{\"@id\":\"https:\\\/\\\/exoticchemicals.com\\\/#website\"},\"primaryImageOfPage\":{\"@id\":\"https:\\\/\\\/exoticchemicals.com\\\/product\\\/buy-hydrocodone-500mg-10mg\\\/#primaryimage\"},\"image\":{\"@id\":\"https:\\\/\\\/exoticchemicals.com\\\/product\\\/buy-hydrocodone-500mg-10mg\\\/#primaryimage\"},\"thumbnailUrl\":\"https:\\\/\\\/exoticchemicals.com\\\/wp-content\\\/uploads\\\/2025\\\/02\\\/Buy-Hydrocodone-Online-jpeg.webp\",\"datePublished\":\"2025-02-06T21:25:39+00:00\",\"dateModified\":\"2026-04-12T02:31:32+00:00\",\"breadcrumb\":{\"@id\":\"https:\\\/\\\/exoticchemicals.com\\\/product\\\/buy-hydrocodone-500mg-10mg\\\/#breadcrumb\"},\"inLanguage\":\"cs\",\"potentialAction\":[{\"@type\":\"ReadAction\",\"target\":[\"https:\\\/\\\/exoticchemicals.com\\\/product\\\/buy-hydrocodone-500mg-10mg\\\/\"]}]},{\"@type\":\"ImageObject\",\"inLanguage\":\"cs\",\"@id\":\"https:\\\/\\\/exoticchemicals.com\\\/product\\\/buy-hydrocodone-500mg-10mg\\\/#primaryimage\",\"url\":\"https:\\\/\\\/exoticchemicals.com\\\/wp-content\\\/uploads\\\/2025\\\/02\\\/Buy-Hydrocodone-Online-jpeg.webp\",\"contentUrl\":\"https:\\\/\\\/exoticchemicals.com\\\/wp-content\\\/uploads\\\/2025\\\/02\\\/Buy-Hydrocodone-Online-jpeg.webp\",\"width\":550,\"height\":550},{\"@type\":\"BreadcrumbList\",\"@id\":\"https:\\\/\\\/exoticchemicals.com\\\/product\\\/buy-hydrocodone-500mg-10mg\\\/#breadcrumb\",\"itemListElement\":[{\"@type\":\"ListItem\",\"position\":1,\"name\":\"Home\",\"item\":\"https:\\\/\\\/exoticchemicals.com\\\/\"},{\"@type\":\"ListItem\",\"position\":2,\"name\":\"Shop\",\"item\":\"https:\\\/\\\/exoticchemicals.com\\\/shop\\\/\"},{\"@type\":\"ListItem\",\"position\":3,\"name\":\"Buy Hydrocodone 500mg \\\/ 10mg\"}]},{\"@type\":\"WebSite\",\"@id\":\"https:\\\/\\\/exoticchemicals.com\\\/#website\",\"url\":\"https:\\\/\\\/exoticchemicals.com\\\/\",\"name\":\"exotic chemicals\",\"description\":\"Buy MDPHP Hydrochloride\",\"publisher\":{\"@id\":\"https:\\\/\\\/exoticchemicals.com\\\/#\\\/schema\\\/person\\\/07ad08472b6f5b213792451a32dbe8c7\"},\"potentialAction\":[{\"@type\":\"SearchAction\",\"target\":{\"@type\":\"EntryPoint\",\"urlTemplate\":\"https:\\\/\\\/exoticchemicals.com\\\/?s={search_term_string}\"},\"query-input\":{\"@type\":\"PropertyValueSpecification\",\"valueRequired\":true,\"valueName\":\"search_term_string\"}}],\"inLanguage\":\"cs\"},{\"@type\":[\"Person\",\"Organization\"],\"@id\":\"https:\\\/\\\/exoticchemicals.com\\\/#\\\/schema\\\/person\\\/07ad08472b6f5b213792451a32dbe8c7\",\"name\":\"wwalkershop@gmail.com\",\"image\":{\"@type\":\"ImageObject\",\"inLanguage\":\"cs\",\"@id\":\"https:\\\/\\\/exoticchemicals.com\\\/wp-content\\\/uploads\\\/2025\\\/02\\\/pure-3-1-1.png\",\"url\":\"https:\\\/\\\/exoticchemicals.com\\\/wp-content\\\/uploads\\\/2025\\\/02\\\/pure-3-1-1.png\",\"contentUrl\":\"https:\\\/\\\/exoticchemicals.com\\\/wp-content\\\/uploads\\\/2025\\\/02\\\/pure-3-1-1.png\",\"width\":500,\"height\":500,\"caption\":\"wwalkershop@gmail.com\"},\"logo\":{\"@id\":\"https:\\\/\\\/exoticchemicals.com\\\/wp-content\\\/uploads\\\/2025\\\/02\\\/pure-3-1-1.png\"},\"sameAs\":[\"http:\\\/\\\/exoticchemicals.com\"]}]}<\/script>\n<!-- \/ Yoast SEO plugin. -->","yoast_head_json":{"title":"Buy Hydrocodone 500mg \/ 10mg -","robots":{"index":"index","follow":"follow","max-snippet":"max-snippet:-1","max-image-preview":"max-image-preview:large","max-video-preview":"max-video-preview:-1"},"canonical":"https:\/\/exoticchemicals.com\/cs\/product\/buy-hydrocodone-500mg-10mg\/","og_locale":"cs_CZ","og_type":"article","og_title":"Buy Hydrocodone 500mg \/ 10mg -","og_description":"medication is used to relieve moderate to severe pain.Generic Name: Acetaminophen and Hydrocodone Bitartrate Brand : WATSON 540 Strength: 500 mg \/ 10 mg Identifier Exists : NO Appraise : Excellent Supplier: Watson Pharmaceuticals","og_url":"https:\/\/exoticchemicals.com\/cs\/product\/buy-hydrocodone-500mg-10mg\/","article_modified_time":"2026-04-12T02:31:32+00:00","og_image":[{"width":550,"height":550,"url":"https:\/\/exoticchemicals.com\/wp-content\/uploads\/2025\/02\/Buy-Hydrocodone-Online-jpeg.webp","type":"image\/webp"}],"twitter_card":"summary_large_image","twitter_misc":{"Odhadovan\u00e1 doba \u010dten\u00ed":"2 minuty"},"schema":{"@context":"https:\/\/schema.org","@graph":[{"@type":"WebPage","@id":"https:\/\/exoticchemicals.com\/product\/buy-hydrocodone-500mg-10mg\/","url":"https:\/\/exoticchemicals.com\/product\/buy-hydrocodone-500mg-10mg\/","name":"Buy Hydrocodone 500mg \/ 10mg -","isPartOf":{"@id":"https:\/\/exoticchemicals.com\/#website"},"primaryImageOfPage":{"@id":"https:\/\/exoticchemicals.com\/product\/buy-hydrocodone-500mg-10mg\/#primaryimage"},"image":{"@id":"https:\/\/exoticchemicals.com\/product\/buy-hydrocodone-500mg-10mg\/#primaryimage"},"thumbnailUrl":"https:\/\/exoticchemicals.com\/wp-content\/uploads\/2025\/02\/Buy-Hydrocodone-Online-jpeg.webp","datePublished":"2025-02-06T21:25:39+00:00","dateModified":"2026-04-12T02:31:32+00:00","breadcrumb":{"@id":"https:\/\/exoticchemicals.com\/product\/buy-hydrocodone-500mg-10mg\/#breadcrumb"},"inLanguage":"cs","potentialAction":[{"@type":"ReadAction","target":["https:\/\/exoticchemicals.com\/product\/buy-hydrocodone-500mg-10mg\/"]}]},{"@type":"ImageObject","inLanguage":"cs","@id":"https:\/\/exoticchemicals.com\/product\/buy-hydrocodone-500mg-10mg\/#primaryimage","url":"https:\/\/exoticchemicals.com\/wp-content\/uploads\/2025\/02\/Buy-Hydrocodone-Online-jpeg.webp","contentUrl":"https:\/\/exoticchemicals.com\/wp-content\/uploads\/2025\/02\/Buy-Hydrocodone-Online-jpeg.webp","width":550,"height":550},{"@type":"BreadcrumbList","@id":"https:\/\/exoticchemicals.com\/product\/buy-hydrocodone-500mg-10mg\/#breadcrumb","itemListElement":[{"@type":"ListItem","position":1,"name":"Home","item":"https:\/\/exoticchemicals.com\/"},{"@type":"ListItem","position":2,"name":"Shop","item":"https:\/\/exoticchemicals.com\/shop\/"},{"@type":"ListItem","position":3,"name":"Buy Hydrocodone 500mg \/ 10mg"}]},{"@type":"WebSite","@id":"https:\/\/exoticchemicals.com\/#website","url":"https:\/\/exoticchemicals.com\/","name":"exotick\u00e9 chemik\u00e1lie","description":"Koupit MDPHP hydrochlorid","publisher":{"@id":"https:\/\/exoticchemicals.com\/#\/schema\/person\/07ad08472b6f5b213792451a32dbe8c7"},"potentialAction":[{"@type":"SearchAction","target":{"@type":"EntryPoint","urlTemplate":"https:\/\/exoticchemicals.com\/?s={search_term_string}"},"query-input":{"@type":"PropertyValueSpecification","valueRequired":true,"valueName":"search_term_string"}}],"inLanguage":"cs"},{"@type":["Person","Organization"],"@id":"https:\/\/exoticchemicals.com\/#\/schema\/person\/07ad08472b6f5b213792451a32dbe8c7","name":"wwalkershop@gmail.com","image":{"@type":"ImageObject","inLanguage":"cs","@id":"https:\/\/exoticchemicals.com\/wp-content\/uploads\/2025\/02\/pure-3-1-1.png","url":"https:\/\/exoticchemicals.com\/wp-content\/uploads\/2025\/02\/pure-3-1-1.png","contentUrl":"https:\/\/exoticchemicals.com\/wp-content\/uploads\/2025\/02\/pure-3-1-1.png","width":500,"height":500,"caption":"wwalkershop@gmail.com"},"logo":{"@id":"https:\/\/exoticchemicals.com\/wp-content\/uploads\/2025\/02\/pure-3-1-1.png"},"sameAs":["http:\/\/exoticchemicals.com"]}]}},"uagb_featured_image_src":{"full":["https:\/\/exoticchemicals.com\/wp-content\/uploads\/2025\/02\/Buy-Hydrocodone-Online-jpeg.webp",550,550,false],"thumbnail":["https:\/\/exoticchemicals.com\/wp-content\/uploads\/2025\/02\/Buy-Hydrocodone-Online-jpeg-150x150.webp",150,150,true],"medium":["https:\/\/exoticchemicals.com\/wp-content\/uploads\/2025\/02\/Buy-Hydrocodone-Online-jpeg-300x300.webp",300,300,true],"medium_large":["https:\/\/exoticchemicals.com\/wp-content\/uploads\/2025\/02\/Buy-Hydrocodone-Online-jpeg.webp",550,550,false],"large":["https:\/\/exoticchemicals.com\/wp-content\/uploads\/2025\/02\/Buy-Hydrocodone-Online-jpeg.webp",550,550,false],"1536x1536":["https:\/\/exoticchemicals.com\/wp-content\/uploads\/2025\/02\/Buy-Hydrocodone-Online-jpeg.webp",550,550,false],"2048x2048":["https:\/\/exoticchemicals.com\/wp-content\/uploads\/2025\/02\/Buy-Hydrocodone-Online-jpeg.webp",550,550,false],"trp-custom-language-flag":["https:\/\/exoticchemicals.com\/wp-content\/uploads\/2025\/02\/Buy-Hydrocodone-Online-jpeg.webp",12,12,false],"woocommerce_thumbnail":["https:\/\/exoticchemicals.com\/wp-content\/uploads\/2025\/02\/Buy-Hydrocodone-Online-jpeg-300x300.webp",300,300,true],"woocommerce_single":["https:\/\/exoticchemicals.com\/wp-content\/uploads\/2025\/02\/Buy-Hydrocodone-Online-jpeg.webp",550,550,false],"woocommerce_gallery_thumbnail":["https:\/\/exoticchemicals.com\/wp-content\/uploads\/2025\/02\/Buy-Hydrocodone-Online-jpeg-100x100.webp",100,100,true]},"uagb_author_info":{"display_name":"bossman","author_link":"https:\/\/exoticchemicals.com\/cs\/author\/"},"uagb_comment_info":10,"uagb_excerpt":"medication is used to relieve moderate to severe pain.Generic Name: Acetaminophen and Hydrocodone Bitartrate Brand : WATSON 540 Strength: 500 mg \/ 10 mg Identifier Exists : NO Appraise : Excellent Supplier: Watson Pharmaceuticals","_links":{"self":[{"href":"https:\/\/exoticchemicals.com\/cs\/wp-json\/wp\/v2\/product\/3679","targetHints":{"allow":["GET"]}}],"collection":[{"href":"https:\/\/exoticchemicals.com\/cs\/wp-json\/wp\/v2\/product"}],"about":[{"href":"https:\/\/exoticchemicals.com\/cs\/wp-json\/wp\/v2\/types\/product"}],"replies":[{"embeddable":true,"href":"https:\/\/exoticchemicals.com\/cs\/wp-json\/wp\/v2\/comments?post=3679"}],"wp:featuredmedia":[{"embeddable":true,"href":"https:\/\/exoticchemicals.com\/cs\/wp-json\/wp\/v2\/media\/3695"}],"wp:attachment":[{"href":"https:\/\/exoticchemicals.com\/cs\/wp-json\/wp\/v2\/media?parent=3679"}],"wp:term":[{"taxonomy":"product_brand","embeddable":true,"href":"https:\/\/exoticchemicals.com\/cs\/wp-json\/wp\/v2\/product_brand?post=3679"},{"taxonomy":"product_cat","embeddable":true,"href":"https:\/\/exoticchemicals.com\/cs\/wp-json\/wp\/v2\/product_cat?post=3679"},{"taxonomy":"product_tag","embeddable":true,"href":"https:\/\/exoticchemicals.com\/cs\/wp-json\/wp\/v2\/product_tag?post=3679"}],"curies":[{"name":"wp","href":"https:\/\/api.w.org\/{rel}","templated":true}]}}