{"id":3682,"date":"2025-02-06T21:25:39","date_gmt":"2025-02-06T21:25:39","guid":{"rendered":"https:\/\/exoticchemicals.com\/?post_type=product&#038;p=3682"},"modified":"2026-02-11T12:32:17","modified_gmt":"2026-02-11T12:32:17","slug":"koupit-klonopin-online","status":"publish","type":"product","link":"https:\/\/exoticchemicals.com\/cs\/product\/buy-klonopin-online\/","title":{"rendered":"Koupit Klonopin online"},"content":{"rendered":"<p>Koupit Klonopin onlineKoupit Klonopin online z AgoraDrugstore seri\u00f3zn\u00ed a d\u016fv\u011bryhodn\u00fd zdroj. Jeho kapky a tablety se pou\u017e\u00edvaj\u00ed k l\u00e9\u010db\u011b epilepsie u novorozenc\u016f, d\u011bt\u00ed i dosp\u011bl\u00fdch. Clonazepam zn\u00e1m\u00fd tak\u00e9 jako Klonopin se pou\u017e\u00edv\u00e1 k l\u00e9\u010db\u011b status epilepticus (protahovan\u00e9 nebo opakovan\u00e9 z\u00e1chvaty nebo k\u0159e\u010de bez zotaven\u00ed mezi z\u00e1chvaty). Hled\u00e1te klonopin na prodej? n\u00e1kup klonopin online snadn\u00fd. Koupit klonazepamRIVOTRILm\u016f\u017ee p\u0159ej\u00edt do prsn\u00edho dr\u00e9nu a zp\u016fsobit \u00fanavu nebo potenci\u00e1ln\u011b v\u00fd\u017eivov\u00e9 probl\u00e9my u kojence. Nepou\u017e\u00edvejte p\u0159\u00edpravek RIVOTRIL p\u0159i kojen\u00ed. kapky RIVOTRIL by se nem\u011bly ovl\u00e1dat p\u0159\u00edmo do \u00fast. tekutinu pijte l\u017ei\u010dkou. Je dobr\u00e9 jej zap\u00edt vodou, \u010dajem nebo \u0161\u0165\u00e1vou z organick\u00fdch produkt\u016f. pou\u017eit\u00edM\u00e1te skv\u011blou mo\u017enost koupit Klonopin za p\u0159ijatelnou cenu z nejspolehliv\u011bj\u0161\u00edch online l\u00e9k\u00e1ren, kter\u00e9 vid\u00edte na na\u0161em seznamu. M\u016f\u017eete si vybrat jakoukoli online l\u00e9k\u00e1rnu, kter\u00e1 je podle v\u00e1s pro n\u00e1kup Klonopinu nejlep\u0161\u00ed. N\u00e1kup Klonopinu online m\u00e1 mnoho v\u00fdhod. P\u0159i n\u00e1kupu Klonopinu online z\u00edsk\u00e1te levn\u011bj\u0161\u00ed ceny, pohodlnou dopravu, slevy, z\u00e1kaznick\u00fd servis a tak d\u00e1le. je neurologick\u00fd l\u00e9k, kter\u00fd v z\u00e1kladu obsahuje l\u00e9k zvan\u00fd klonazepam. Klonazepam je l\u00e9k, kter\u00fd m\u00e1 m\u00edsto u benzodiazepinov\u00e9ho shroma\u017e\u010fov\u00e1n\u00ed l\u00e9k\u016f. Benzodiazepiny l\u00e9ky, kter\u00e9 maj\u00ed na starosti zklidn\u011bn\u00ed mysli n\u011bkde kolem \u00fapravy rovnov\u00e1hy sm\u011bsi v mozku. Dlouhou dobu je vyu\u017e\u00edvaj\u00ed jednotlivci jako horn\u00ed a nep\u0159\u00e1telsk\u00fd l\u00e9k na tla\u010den\u00ed. Dominantn\u00ed \u010d\u00e1st jedinc\u016f jej p\u0159ij\u00edm\u00e1 jako pr\u016fvodce sp\u00e1nkem, zat\u00edmco se soust\u0159ed\u00ed. koupit KlonopinV p\u0159\u00edpad\u011b, \u017ee za\u010d\u00edn\u00e1te tento p\u0159edpis, ne\u017e byste m\u011bli za\u010d\u00edt od nejmen\u0161\u00edch mysliteln\u00fdch porc\u00ed, kter\u00e9 jsou 0,5 mg tablety a u\u017e\u00edvat tyto tablety t\u0159ikr\u00e1t denn\u011b jako Yellow Xanax 2mg podobnou d\u00e1vku. T\u00edm se po\u010d\u00e1te\u010dn\u00ed p\u0159\u00edjem rivotrilu pro dosp\u011bl\u00e9 dostane na 1,5 mg ka\u017ed\u00fd den. Tak\u017ee v p\u0159\u00edpad\u011b, \u017ee si koup\u00edte rivotril online, jednodu\u0161e se ujist\u011bte, \u017ee za\u010d\u00edn\u00e1te s mal\u00fdmi porcemi a z\u016fst\u00e1v\u00e1te v bezpe\u010dn\u00fdch denn\u00edch d\u00e1vkov\u00fdch limitech. bezpe\u010dnostn\u00ed opat\u0159en\u00edOsoby, kter\u00e9 jsou nep\u0159\u00edzniv\u011b ovlivn\u011bny benzodiazepiny (tak\u00e9 Koupit Xanax TE\u010e)by se m\u011bly pokusit dr\u017eet se od n\u011bj d\u00e1l a p\u0159em\u00fd\u0161let o n\u011bkter\u00fdch jin\u00fdch p\u0159edpisech. glaukom trp\u011blivost neu\u017e\u00edvejte rivotril bez l\u00e9ka\u0159sk\u00e9ho athourisation. Pacienti se srde\u010dn\u00edmi a jatern\u00edmi probl\u00e9my by nem\u011bli p\u0159in\u00e1\u0161et rivotril z toho d\u016fvodu, \u017ee zp\u011btn\u011b sni\u017euje puls, co\u017e by mohlo p\u0159edstavovat nebezpe\u010d\u00ed pro n\u011b\u010d\u00ed pohodu. D\u00e1my, kter\u00e9 jsou t\u011bhotn\u00e9 nebo jsou prsn\u00ed bolstering by nikdy nem\u011bly u\u017e\u00edvat l\u00e9ky, jako je Rivotril z d\u016fvodu, \u017ee by to mohlo b\u00fdt nebezpe\u010dn\u00e9 pro jejich ml\u00e1d\u011b. Tak\u017ee na off \u0161ance, \u017ee si koup\u00edte Rivotril online bez l\u00e9ku pokusit se vyhnout potenci\u00e1ln\u00edmu riziku, jak by bylo rozumn\u00e9. P\u0159i n\u00e1kupu Clonazepam online Legit. Klonopin na prodejKlonopin (Clonazepam) je benzodiazepinov\u00fd deriv\u00e1t, kter\u00fd m\u00e1 antikonvulzivn\u00ed, anxiolytick\u00fd, svaly uvol\u0148uj\u00edc\u00ed, amnestick\u00fd, sedativn\u00ed a hypnotick\u00fd \u00fa\u010dinek. Nejprve sni\u017euje excitabilitu podkorov\u00fdch oblast\u00ed mozku (limbick\u00fd syst\u00e9m, thalamus a hypotalamus) a naru\u0161uje jejich interakci s mozkovou k\u016frou. Tak\u00e9 potla\u010duje polysynaptick\u00e9 m\u00ed\u0161n\u00ed reflexy. Rychle a \u00fapln\u011b se vst\u0159eb\u00e1v\u00e1 v tr\u00e1vic\u00edm traktu. Jedna tableta obsahuje 0,5 nebo 2 mg klonazepamu; jeden blistr obsahuje 30 ks, jedno balen\u00ed obsahuje 1 blistr. Prodej p\u0159\u00edpravku KlonopinIndikace k pou\u017eit\u00edSyndromy paroxysm\u00e1ln\u00edho strachu, fobie (u pacient\u016f star\u0161\u00edch 18 let);Epilepsie u d\u011bt\u00ed a dosp\u011bl\u00fdch (myoklonick\u00e1 a akinetick\u00e1 epilepsie, generalizovan\u00e9 submaxim\u00e1ln\u00ed, tempor\u00e1ln\u00ed a fok\u00e1ln\u00ed z\u00e1chvaty);Manick\u00e1 f\u00e1ze cyklotymie, psychomotorick\u00e1 agitovanost u reaktivn\u00edch psych\u00f3z.Ne\u017e\u00e1douc\u00ed \u00fa\u010dinkyAtaxie, diskoordinace, \u00fanava, ospalost, slabost, z\u00e1vrat\u011b, poruchy pam\u011bti a \u0159e\u010di, poruchy vid\u011bn\u00ed, nervozita, oslaben\u00ed schopnosti u\u010dit se, emo\u010dn\u00ed labilita, sn\u00ed\u017een\u00ed libida, zmatenost, deprese, p\u0159\u00edznaky katar\u00e1ln\u00edho z\u00e1n\u011btu horn\u00edch cest d\u00fdchac\u00edch, hypersalivace, z\u00e1cpa, bolesti b\u0159icha, ztr\u00e1ta chuti k j\u00eddlu, bolesti sval\u016f, poruchy menstruace, \u010dast\u00e9 mo\u010den\u00ed, eryt\u00e9m, leukopenie a trombocytopenie, zv\u00fd\u0161en\u00e9 koncentrace transamin\u00e1z a alkalick\u00e9 fosfat\u00e1zy v krvi, paradoxn\u00ed reakce - vzru\u0161en\u00ed, ko\u017en\u00ed alergick\u00e9 projevy, nespavost (vy\u017eaduje vysazen\u00ed l\u00e9ku).D\u00e1vkov\u00e1n\u00ed a zp\u016fsob pod\u00e1v\u00e1n\u00edP\u0159\u00edpravek Klonopin (Clonazepam) se u\u017e\u00edv\u00e1 peror\u00e1ln\u011b. maxim\u00e1ln\u00ed d\u00e1vka je 20 mg\/den; pro d\u011bti - po\u010d\u00e1te\u010dn\u00ed d\u00e1vka - 1 mg\/den ve 2 rozd\u011blen\u00fdch d\u00e1vk\u00e1ch, pot\u00e9 n\u00e1sleduje zv\u00fd\u0161en\u00ed o 0,5 mg ka\u017ed\u00e9 3 dny, udr\u017eovac\u00ed 5 let je 1-3 mg, udr\u017eovac\u00ed d\u011bti do 5 do 12 let 3-6 mg\/den, maxim\u00e1ln\u00ed d\u00e1vka je 0,2 mg\/kg\/den. Syndrom z\u00e1chvatovit\u00e9ho strachu u dosp\u011bl\u00fdch: Udr\u017eovac\u00ed d\u00e1vka: 1 mg\/den (maxim\u00e1ln\u011b 4 mg\/den).Opat\u0159en\u00edP\u0159i poru\u0161e funkce ledvin a jater, chronick\u00fdch onemocn\u011bn\u00edch d\u00fdchac\u00edho syst\u00e9mu, ve vy\u0161\u0161\u00edm v\u011bku (nad 65 let) u\u017e\u00edvejte KLONOPIN s POZORNOST\u00cd. Dlouhodob\u00e9 u\u017e\u00edv\u00e1n\u00ed vede k oslaben\u00ed \u00fa\u010dinku. Prodej p\u0159\u00edpravku Klonopin || B\u011bhem l\u00e9\u010dby nepijte alkohol. V p\u0159\u00edpad\u011b ukon\u010den\u00ed l\u00e9\u010dby vysazujte d\u00e1vku postupn\u011b, proto\u017ee jednostup\u0148ov\u00e9 vysazen\u00ed l\u00e9ku (zejm\u00e9na po dlouh\u00e9m u\u017e\u00edv\u00e1n\u00ed) m\u016f\u017ee v\u00e9st k rozvoji psychofyzick\u00e9 z\u00e1vislosti a vzniku abstinen\u010dn\u00edho syndromu. Koupit Clonazepam - Po dobu l\u00e9\u010dby nesm\u00edte \u0159\u00eddit dopravn\u00ed prost\u0159edky a obsluhovat pohybliv\u00e1 mechanick\u00e1 za\u0159\u00edzen\u00ed.<\/p>","protected":false},"excerpt":{"rendered":"<p>Generick\u00fd n\u00e1zev: Clonazepam<br \/>  Zna\u010dka : Klonopin<br \/>  S\u00edla: 2 mg<br \/>  GTIN : 70426349329226<br \/>  Hodnocen\u00ed : V\u00fdborn\u011b<br \/>  Dodavatel: Actavis<\/p>","protected":false},"featured_media":3722,"comment_status":"open","ping_status":"closed","template":"","meta":{"_uag_custom_page_level_css":"","site-sidebar-layout":"default","site-content-layout":"","ast-site-content-layout":"","site-content-style":"default","site-sidebar-style":"default","ast-global-header-display":"","ast-banner-title-visibility":"","ast-main-header-display":"","ast-hfb-above-header-display":"","ast-hfb-below-header-display":"","ast-hfb-mobile-header-display":"","site-post-title":"","ast-breadcrumbs-content":"","ast-featured-img":"","footer-sml-layout":"","theme-transparent-header-meta":"","adv-header-id-meta":"","stick-header-meta":"","header-above-stick-meta":"","header-main-stick-meta":"","header-below-stick-meta":"","astra-migrate-meta-layouts":"default","ast-page-background-enabled":"default","ast-page-background-meta":{"desktop":{"background-color":"","background-image":"","background-repeat":"repeat","background-position":"center center","background-size":"auto","background-attachment":"scroll","background-type":"","background-media":"","overlay-type":"","overlay-color":"","overlay-opacity":"","overlay-gradient":""},"tablet":{"background-color":"","background-image":"","background-repeat":"repeat","background-position":"center center","background-size":"auto","background-attachment":"scroll","background-type":"","background-media":"","overlay-type":"","overlay-color":"","overlay-opacity":"","overlay-gradient":""},"mobile":{"background-color":"","background-image":"","background-repeat":"repeat","background-position":"center center","background-size":"auto","background-attachment":"scroll","background-type":"","background-media":"","overlay-type":"","overlay-color":"","overlay-opacity":"","overlay-gradient":""}},"ast-content-background-meta":{"desktop":{"background-color":"var(--ast-global-color-5)","background-image":"","background-repeat":"repeat","background-position":"center center","background-size":"auto","background-attachment":"scroll","background-type":"","background-media":"","overlay-type":"","overlay-color":"","overlay-opacity":"","overlay-gradient":""},"tablet":{"background-color":"var(--ast-global-color-5)","background-image":"","background-repeat":"repeat","background-position":"center center","background-size":"auto","background-attachment":"scroll","background-type":"","background-media":"","overlay-type":"","overlay-color":"","overlay-opacity":"","overlay-gradient":""},"mobile":{"background-color":"var(--ast-global-color-5)","background-image":"","background-repeat":"repeat","background-position":"center center","background-size":"auto","background-attachment":"scroll","background-type":"","background-media":"","overlay-type":"","overlay-color":"","overlay-opacity":"","overlay-gradient":""}}},"product_brand":[],"product_cat":[1394],"product_tag":[],"class_list":{"0":"post-3682","1":"product","2":"type-product","3":"status-publish","4":"has-post-thumbnail","6":"product_cat-best-place-to-buy-mdphp-hydrochloride-online-research-chemicals-pills","7":"desktop-align-left","8":"tablet-align-left","9":"mobile-align-left","11":"first","12":"instock","13":"sale","14":"shipping-taxable","15":"purchasable","16":"product-type-simple"},"yoast_head":"<!-- This site is optimized with the Yoast SEO plugin v27.3 - https:\/\/yoast.com\/product\/yoast-seo-wordpress\/ -->\n<title>Buy Klonopin Online -<\/title>\n<meta name=\"robots\" content=\"index, follow, max-snippet:-1, max-image-preview:large, max-video-preview:-1\" \/>\n<link rel=\"canonical\" href=\"https:\/\/exoticchemicals.com\/cs\/product\/koupit-klonopin-online\/\" \/>\n<meta property=\"og:locale\" content=\"cs_CZ\" \/>\n<meta property=\"og:type\" content=\"article\" \/>\n<meta property=\"og:title\" content=\"Buy Klonopin Online -\" \/>\n<meta property=\"og:description\" content=\"Generic Name: Clonazepam Brand : Klonopin Strength: 2 mg GTIN : 70426349329226 Appraise : Excellent Supplier: Actavis\" \/>\n<meta property=\"og:url\" content=\"https:\/\/exoticchemicals.com\/cs\/product\/koupit-klonopin-online\/\" \/>\n<meta property=\"article:modified_time\" content=\"2026-02-11T12:32:17+00:00\" \/>\n<meta property=\"og:image\" content=\"https:\/\/exoticchemicals.com\/wp-content\/uploads\/2025\/02\/Buy-Klonopin-Online-now-jpg.webp\" \/>\n\t<meta property=\"og:image:width\" content=\"500\" \/>\n\t<meta property=\"og:image:height\" content=\"500\" \/>\n\t<meta property=\"og:image:type\" content=\"image\/webp\" \/>\n<meta name=\"twitter:card\" content=\"summary_large_image\" \/>\n<meta name=\"twitter:label1\" content=\"Odhadovan\u00e1 doba \u010dten\u00ed\" \/>\n\t<meta name=\"twitter:data1\" content=\"4 minuty\" \/>\n<script type=\"application\/ld+json\" class=\"yoast-schema-graph\">{\"@context\":\"https:\\\/\\\/schema.org\",\"@graph\":[{\"@type\":\"WebPage\",\"@id\":\"https:\\\/\\\/exoticchemicals.com\\\/product\\\/buy-klonopin-online\\\/\",\"url\":\"https:\\\/\\\/exoticchemicals.com\\\/product\\\/buy-klonopin-online\\\/\",\"name\":\"Buy Klonopin Online -\",\"isPartOf\":{\"@id\":\"https:\\\/\\\/exoticchemicals.com\\\/#website\"},\"primaryImageOfPage\":{\"@id\":\"https:\\\/\\\/exoticchemicals.com\\\/product\\\/buy-klonopin-online\\\/#primaryimage\"},\"image\":{\"@id\":\"https:\\\/\\\/exoticchemicals.com\\\/product\\\/buy-klonopin-online\\\/#primaryimage\"},\"thumbnailUrl\":\"https:\\\/\\\/exoticchemicals.com\\\/wp-content\\\/uploads\\\/2025\\\/02\\\/Buy-Klonopin-Online-now-jpg.webp\",\"datePublished\":\"2025-02-06T21:25:39+00:00\",\"dateModified\":\"2026-02-11T12:32:17+00:00\",\"breadcrumb\":{\"@id\":\"https:\\\/\\\/exoticchemicals.com\\\/product\\\/buy-klonopin-online\\\/#breadcrumb\"},\"inLanguage\":\"cs\",\"potentialAction\":[{\"@type\":\"ReadAction\",\"target\":[\"https:\\\/\\\/exoticchemicals.com\\\/product\\\/buy-klonopin-online\\\/\"]}]},{\"@type\":\"ImageObject\",\"inLanguage\":\"cs\",\"@id\":\"https:\\\/\\\/exoticchemicals.com\\\/product\\\/buy-klonopin-online\\\/#primaryimage\",\"url\":\"https:\\\/\\\/exoticchemicals.com\\\/wp-content\\\/uploads\\\/2025\\\/02\\\/Buy-Klonopin-Online-now-jpg.webp\",\"contentUrl\":\"https:\\\/\\\/exoticchemicals.com\\\/wp-content\\\/uploads\\\/2025\\\/02\\\/Buy-Klonopin-Online-now-jpg.webp\",\"width\":500,\"height\":500},{\"@type\":\"BreadcrumbList\",\"@id\":\"https:\\\/\\\/exoticchemicals.com\\\/product\\\/buy-klonopin-online\\\/#breadcrumb\",\"itemListElement\":[{\"@type\":\"ListItem\",\"position\":1,\"name\":\"Home\",\"item\":\"https:\\\/\\\/exoticchemicals.com\\\/\"},{\"@type\":\"ListItem\",\"position\":2,\"name\":\"Shop\",\"item\":\"https:\\\/\\\/exoticchemicals.com\\\/shop\\\/\"},{\"@type\":\"ListItem\",\"position\":3,\"name\":\"Buy Klonopin Online\"}]},{\"@type\":\"WebSite\",\"@id\":\"https:\\\/\\\/exoticchemicals.com\\\/#website\",\"url\":\"https:\\\/\\\/exoticchemicals.com\\\/\",\"name\":\"exotic chemicals\",\"description\":\"Buy MDPHP Hydrochloride\",\"publisher\":{\"@id\":\"https:\\\/\\\/exoticchemicals.com\\\/#\\\/schema\\\/person\\\/07ad08472b6f5b213792451a32dbe8c7\"},\"potentialAction\":[{\"@type\":\"SearchAction\",\"target\":{\"@type\":\"EntryPoint\",\"urlTemplate\":\"https:\\\/\\\/exoticchemicals.com\\\/?s={search_term_string}\"},\"query-input\":{\"@type\":\"PropertyValueSpecification\",\"valueRequired\":true,\"valueName\":\"search_term_string\"}}],\"inLanguage\":\"cs\"},{\"@type\":[\"Person\",\"Organization\"],\"@id\":\"https:\\\/\\\/exoticchemicals.com\\\/#\\\/schema\\\/person\\\/07ad08472b6f5b213792451a32dbe8c7\",\"name\":\"wwalkershop@gmail.com\",\"image\":{\"@type\":\"ImageObject\",\"inLanguage\":\"cs\",\"@id\":\"https:\\\/\\\/exoticchemicals.com\\\/wp-content\\\/uploads\\\/2025\\\/02\\\/pure-3-1-1.png\",\"url\":\"https:\\\/\\\/exoticchemicals.com\\\/wp-content\\\/uploads\\\/2025\\\/02\\\/pure-3-1-1.png\",\"contentUrl\":\"https:\\\/\\\/exoticchemicals.com\\\/wp-content\\\/uploads\\\/2025\\\/02\\\/pure-3-1-1.png\",\"width\":500,\"height\":500,\"caption\":\"wwalkershop@gmail.com\"},\"logo\":{\"@id\":\"https:\\\/\\\/exoticchemicals.com\\\/wp-content\\\/uploads\\\/2025\\\/02\\\/pure-3-1-1.png\"},\"sameAs\":[\"http:\\\/\\\/exoticchemicals.com\"]}]}<\/script>\n<!-- \/ Yoast SEO plugin. -->","yoast_head_json":{"title":"Koupit Klonopin online -","robots":{"index":"index","follow":"follow","max-snippet":"max-snippet:-1","max-image-preview":"max-image-preview:large","max-video-preview":"max-video-preview:-1"},"canonical":"https:\/\/exoticchemicals.com\/cs\/product\/koupit-klonopin-online\/","og_locale":"cs_CZ","og_type":"article","og_title":"Buy Klonopin Online -","og_description":"Generic Name: Clonazepam Brand : Klonopin Strength: 2 mg GTIN : 70426349329226 Appraise : Excellent Supplier: Actavis","og_url":"https:\/\/exoticchemicals.com\/cs\/product\/koupit-klonopin-online\/","article_modified_time":"2026-02-11T12:32:17+00:00","og_image":[{"width":500,"height":500,"url":"https:\/\/exoticchemicals.com\/wp-content\/uploads\/2025\/02\/Buy-Klonopin-Online-now-jpg.webp","type":"image\/webp"}],"twitter_card":"summary_large_image","twitter_misc":{"Odhadovan\u00e1 doba \u010dten\u00ed":"4 minuty"},"schema":{"@context":"https:\/\/schema.org","@graph":[{"@type":"WebPage","@id":"https:\/\/exoticchemicals.com\/product\/buy-klonopin-online\/","url":"https:\/\/exoticchemicals.com\/product\/buy-klonopin-online\/","name":"Koupit Klonopin online -","isPartOf":{"@id":"https:\/\/exoticchemicals.com\/#website"},"primaryImageOfPage":{"@id":"https:\/\/exoticchemicals.com\/product\/buy-klonopin-online\/#primaryimage"},"image":{"@id":"https:\/\/exoticchemicals.com\/product\/buy-klonopin-online\/#primaryimage"},"thumbnailUrl":"https:\/\/exoticchemicals.com\/wp-content\/uploads\/2025\/02\/Buy-Klonopin-Online-now-jpg.webp","datePublished":"2025-02-06T21:25:39+00:00","dateModified":"2026-02-11T12:32:17+00:00","breadcrumb":{"@id":"https:\/\/exoticchemicals.com\/product\/buy-klonopin-online\/#breadcrumb"},"inLanguage":"cs","potentialAction":[{"@type":"ReadAction","target":["https:\/\/exoticchemicals.com\/product\/buy-klonopin-online\/"]}]},{"@type":"ImageObject","inLanguage":"cs","@id":"https:\/\/exoticchemicals.com\/product\/buy-klonopin-online\/#primaryimage","url":"https:\/\/exoticchemicals.com\/wp-content\/uploads\/2025\/02\/Buy-Klonopin-Online-now-jpg.webp","contentUrl":"https:\/\/exoticchemicals.com\/wp-content\/uploads\/2025\/02\/Buy-Klonopin-Online-now-jpg.webp","width":500,"height":500},{"@type":"BreadcrumbList","@id":"https:\/\/exoticchemicals.com\/product\/buy-klonopin-online\/#breadcrumb","itemListElement":[{"@type":"ListItem","position":1,"name":"Home","item":"https:\/\/exoticchemicals.com\/"},{"@type":"ListItem","position":2,"name":"Shop","item":"https:\/\/exoticchemicals.com\/shop\/"},{"@type":"ListItem","position":3,"name":"Buy Klonopin Online"}]},{"@type":"WebSite","@id":"https:\/\/exoticchemicals.com\/#website","url":"https:\/\/exoticchemicals.com\/","name":"exotick\u00e9 chemik\u00e1lie","description":"Koupit MDPHP hydrochlorid","publisher":{"@id":"https:\/\/exoticchemicals.com\/#\/schema\/person\/07ad08472b6f5b213792451a32dbe8c7"},"potentialAction":[{"@type":"SearchAction","target":{"@type":"EntryPoint","urlTemplate":"https:\/\/exoticchemicals.com\/?s={search_term_string}"},"query-input":{"@type":"PropertyValueSpecification","valueRequired":true,"valueName":"search_term_string"}}],"inLanguage":"cs"},{"@type":["Person","Organization"],"@id":"https:\/\/exoticchemicals.com\/#\/schema\/person\/07ad08472b6f5b213792451a32dbe8c7","name":"wwalkershop@gmail.com","image":{"@type":"ImageObject","inLanguage":"cs","@id":"https:\/\/exoticchemicals.com\/wp-content\/uploads\/2025\/02\/pure-3-1-1.png","url":"https:\/\/exoticchemicals.com\/wp-content\/uploads\/2025\/02\/pure-3-1-1.png","contentUrl":"https:\/\/exoticchemicals.com\/wp-content\/uploads\/2025\/02\/pure-3-1-1.png","width":500,"height":500,"caption":"wwalkershop@gmail.com"},"logo":{"@id":"https:\/\/exoticchemicals.com\/wp-content\/uploads\/2025\/02\/pure-3-1-1.png"},"sameAs":["http:\/\/exoticchemicals.com"]}]}},"uagb_featured_image_src":{"full":["https:\/\/exoticchemicals.com\/wp-content\/uploads\/2025\/02\/Buy-Klonopin-Online-now-jpg.webp",500,500,false],"thumbnail":["https:\/\/exoticchemicals.com\/wp-content\/uploads\/2025\/02\/Buy-Klonopin-Online-now-jpg-150x150.webp",150,150,true],"medium":["https:\/\/exoticchemicals.com\/wp-content\/uploads\/2025\/02\/Buy-Klonopin-Online-now-jpg-300x300.webp",300,300,true],"medium_large":["https:\/\/exoticchemicals.com\/wp-content\/uploads\/2025\/02\/Buy-Klonopin-Online-now-jpg.webp",500,500,false],"large":["https:\/\/exoticchemicals.com\/wp-content\/uploads\/2025\/02\/Buy-Klonopin-Online-now-jpg.webp",500,500,false],"1536x1536":["https:\/\/exoticchemicals.com\/wp-content\/uploads\/2025\/02\/Buy-Klonopin-Online-now-jpg.webp",500,500,false],"2048x2048":["https:\/\/exoticchemicals.com\/wp-content\/uploads\/2025\/02\/Buy-Klonopin-Online-now-jpg.webp",500,500,false],"trp-custom-language-flag":["https:\/\/exoticchemicals.com\/wp-content\/uploads\/2025\/02\/Buy-Klonopin-Online-now-jpg.webp",12,12,false],"woocommerce_thumbnail":["https:\/\/exoticchemicals.com\/wp-content\/uploads\/2025\/02\/Buy-Klonopin-Online-now-jpg-300x300.webp",300,300,true],"woocommerce_single":["https:\/\/exoticchemicals.com\/wp-content\/uploads\/2025\/02\/Buy-Klonopin-Online-now-jpg.webp",500,500,false],"woocommerce_gallery_thumbnail":["https:\/\/exoticchemicals.com\/wp-content\/uploads\/2025\/02\/Buy-Klonopin-Online-now-jpg-100x100.webp",100,100,true]},"uagb_author_info":{"display_name":"bossman","author_link":"https:\/\/exoticchemicals.com\/cs\/author\/"},"uagb_comment_info":7,"uagb_excerpt":"Generic Name: Clonazepam Brand : Klonopin Strength: 2 mg GTIN : 70426349329226 Appraise : Excellent Supplier: Actavis","_links":{"self":[{"href":"https:\/\/exoticchemicals.com\/cs\/wp-json\/wp\/v2\/product\/3682","targetHints":{"allow":["GET"]}}],"collection":[{"href":"https:\/\/exoticchemicals.com\/cs\/wp-json\/wp\/v2\/product"}],"about":[{"href":"https:\/\/exoticchemicals.com\/cs\/wp-json\/wp\/v2\/types\/product"}],"replies":[{"embeddable":true,"href":"https:\/\/exoticchemicals.com\/cs\/wp-json\/wp\/v2\/comments?post=3682"}],"wp:featuredmedia":[{"embeddable":true,"href":"https:\/\/exoticchemicals.com\/cs\/wp-json\/wp\/v2\/media\/3722"}],"wp:attachment":[{"href":"https:\/\/exoticchemicals.com\/cs\/wp-json\/wp\/v2\/media?parent=3682"}],"wp:term":[{"taxonomy":"product_brand","embeddable":true,"href":"https:\/\/exoticchemicals.com\/cs\/wp-json\/wp\/v2\/product_brand?post=3682"},{"taxonomy":"product_cat","embeddable":true,"href":"https:\/\/exoticchemicals.com\/cs\/wp-json\/wp\/v2\/product_cat?post=3682"},{"taxonomy":"product_tag","embeddable":true,"href":"https:\/\/exoticchemicals.com\/cs\/wp-json\/wp\/v2\/product_tag?post=3682"}],"curies":[{"name":"wp","href":"https:\/\/api.w.org\/{rel}","templated":true}]}}