{"id":3783,"date":"2025-02-06T21:27:22","date_gmt":"2025-02-06T21:27:22","guid":{"rendered":"https:\/\/exoticchemicals.com\/?post_type=product&#038;p=3783"},"modified":"2026-04-14T21:51:41","modified_gmt":"2026-04-14T21:51:41","slug":"wonder-psilocybin-chocolate-bar-variety-pack","status":"publish","type":"product","link":"https:\/\/exoticchemicals.com\/cs\/product\/wonder-psilocybin-chocolate-bar-variety-pack\/","title":{"rendered":"Buy Psilocybin Chocolate Bar"},"content":{"rendered":"<p><strong>Wonder Magic Mushroom Infused Chocolate Bar<\/strong>\u00a0are for you if you dislike the taste of consuming dried magic mushrooms.<\/p>\n<p>These flavorful psilocybin-infused Chocolate Bars come in a variety of flavors while still providing a\u00a0<strong>potent kick<\/strong>. A great choice for those who are\u00a0<strong>new to Magic Mushrooms or<\/strong>\u00a0<strong>experienced with psychedelics<\/strong>\u00a0as each bar contains 1000mg of magic mushrooms. This variety pack is a great way to try all the flavours.<\/p>\n<p><strong>Flavours<\/strong>: Milk Chocolate, Hazelnut, Cookies &amp; Cream, Blood Orange, S\u2019Mores, Dark Chocolate<\/p>\n<p><strong>Magic Mushroom Content<\/strong>: Each pack contains\u00a0<strong>4 pieces (250mg\/piece) for a total 6,000mg of mushrooms<\/strong><\/p>\n<p><strong>Magic Mushroom Strain<\/strong>: Psilocybe Cubensis.<\/p>\n<p><strong>Dosage Instructions:<\/strong>\u00a0For a\u00a0<strong>Museum Dose<\/strong>, consume\u00a0<strong>2 pieces of chocolate very 90 minutes<\/strong>\u00a0until desire effects are achieved. For a\u00a0<strong>Moderate Dose<\/strong>, consume\u00a0<strong>4 pieces of chocolate and add 2 pieces every 90 minutes<\/strong>\u00a0until desired effects are achieved.<\/p>\n<p><strong>Some of the benefits of consuming Chocolate rather than traditional magic mushrooms:<\/strong><\/p>\n<ul>\n<li>Much easier to digest, no more \u2018gut rot\u2019<\/li>\n<li>No more muscle aches and cramps<\/li>\n<li>Tastes much better than eating raw mushrooms<\/li>\n<li>Fast acting \u2013 hits you within 30-45 minutes<\/li>\n<li>Much nicer comedown, no sick feeling, no hangover<\/li>\n<li>Only lasts half as long as regular shrooms \u2013 making it much easier to control the length of your high<\/li>\n<\/ul>","protected":false},"excerpt":{"rendered":"<p>Are you ready to integrate psilocybin into your holistic wellness routine? Maybe you\u2019re looking to microdose on a regular basis to enjoy the benefits of increased creativity, decreased anxiety and improved mood. Perhaps you\u2019re looking to take your next philosophical discussion with friends to a whole new level with a museum dose. Or you might be looking to reset your ego and perspective of the world by taking a trip to wonderland with a mega dose. Whatever your motive, Wonder has you covered.<\/p>","protected":false},"featured_media":3798,"comment_status":"open","ping_status":"closed","template":"","meta":{"_uag_custom_page_level_css":"","site-sidebar-layout":"default","site-content-layout":"","ast-site-content-layout":"default","site-content-style":"default","site-sidebar-style":"default","ast-global-header-display":"","ast-banner-title-visibility":"","ast-main-header-display":"","ast-hfb-above-header-display":"","ast-hfb-below-header-display":"","ast-hfb-mobile-header-display":"","site-post-title":"","ast-breadcrumbs-content":"","ast-featured-img":"","footer-sml-layout":"","theme-transparent-header-meta":"default","adv-header-id-meta":"","stick-header-meta":"","header-above-stick-meta":"","header-main-stick-meta":"","header-below-stick-meta":"","astra-migrate-meta-layouts":"set","ast-page-background-enabled":"default","ast-page-background-meta":{"desktop":{"background-color":"","background-image":"","background-repeat":"repeat","background-position":"center center","background-size":"auto","background-attachment":"scroll","background-type":"","background-media":"","overlay-type":"","overlay-color":"","overlay-opacity":"","overlay-gradient":""},"tablet":{"background-color":"","background-image":"","background-repeat":"repeat","background-position":"center center","background-size":"auto","background-attachment":"scroll","background-type":"","background-media":"","overlay-type":"","overlay-color":"","overlay-opacity":"","overlay-gradient":""},"mobile":{"background-color":"","background-image":"","background-repeat":"repeat","background-position":"center center","background-size":"auto","background-attachment":"scroll","background-type":"","background-media":"","overlay-type":"","overlay-color":"","overlay-opacity":"","overlay-gradient":""}},"ast-content-background-meta":{"desktop":{"background-color":"var(--ast-global-color-5)","background-image":"","background-repeat":"repeat","background-position":"center center","background-size":"auto","background-attachment":"scroll","background-type":"","background-media":"","overlay-type":"","overlay-color":"","overlay-opacity":"","overlay-gradient":""},"tablet":{"background-color":"var(--ast-global-color-5)","background-image":"","background-repeat":"repeat","background-position":"center center","background-size":"auto","background-attachment":"scroll","background-type":"","background-media":"","overlay-type":"","overlay-color":"","overlay-opacity":"","overlay-gradient":""},"mobile":{"background-color":"var(--ast-global-color-5)","background-image":"","background-repeat":"repeat","background-position":"center center","background-size":"auto","background-attachment":"scroll","background-type":"","background-media":"","overlay-type":"","overlay-color":"","overlay-opacity":"","overlay-gradient":""}}},"product_brand":[],"product_cat":[2197],"product_tag":[],"class_list":{"0":"post-3783","1":"product","2":"type-product","3":"status-publish","4":"has-post-thumbnail","6":"product_cat-buy-magic-mushroom-edibles","7":"desktop-align-left","8":"tablet-align-left","9":"mobile-align-left","11":"first","12":"instock","13":"shipping-taxable","14":"purchasable","15":"product-type-simple"},"yoast_head":"<!-- This site is optimized with the Yoast SEO plugin v27.4 - https:\/\/yoast.com\/product\/yoast-seo-wordpress\/ -->\n<title>Buy Psilocybin Chocolate Bar -<\/title>\n<meta name=\"robots\" content=\"index, follow, max-snippet:-1, max-image-preview:large, max-video-preview:-1\" \/>\n<link rel=\"canonical\" href=\"https:\/\/exoticchemicals.com\/cs\/product\/wonder-psilocybin-chocolate-bar-variety-pack\/\" \/>\n<meta property=\"og:locale\" content=\"cs_CZ\" \/>\n<meta property=\"og:type\" content=\"article\" \/>\n<meta property=\"og:title\" content=\"Buy Psilocybin Chocolate Bar -\" \/>\n<meta property=\"og:description\" content=\"Are you ready to integrate psilocybin into your holistic wellness routine? Maybe you\u2019re looking to microdose on a regular basis to enjoy the benefits of increased creativity, decreased anxiety and improved mood. Perhaps you\u2019re looking to take your next philosophical discussion with friends to a whole new level with a museum dose. Or you might be looking to reset your ego and perspective of the world by taking a trip to wonderland with a mega dose. Whatever your motive, Wonder has you covered.\" \/>\n<meta property=\"og:url\" content=\"https:\/\/exoticchemicals.com\/cs\/product\/wonder-psilocybin-chocolate-bar-variety-pack\/\" \/>\n<meta property=\"article:modified_time\" content=\"2026-04-14T21:51:41+00:00\" \/>\n<meta property=\"og:image\" content=\"https:\/\/exoticchemicals.com\/wp-content\/uploads\/2025\/02\/Wonder-Variety-1-465x465-1-jpg.webp\" \/>\n\t<meta property=\"og:image:width\" content=\"465\" \/>\n\t<meta property=\"og:image:height\" content=\"465\" \/>\n\t<meta property=\"og:image:type\" content=\"image\/webp\" \/>\n<meta name=\"twitter:card\" content=\"summary_large_image\" \/>\n<meta name=\"twitter:label1\" content=\"Odhadovan\u00e1 doba \u010dten\u00ed\" \/>\n\t<meta name=\"twitter:data1\" content=\"1 minuta\" \/>\n<script type=\"application\/ld+json\" class=\"yoast-schema-graph\">{\"@context\":\"https:\\\/\\\/schema.org\",\"@graph\":[{\"@type\":\"WebPage\",\"@id\":\"https:\\\/\\\/exoticchemicals.com\\\/product\\\/wonder-psilocybin-chocolate-bar-variety-pack\\\/\",\"url\":\"https:\\\/\\\/exoticchemicals.com\\\/product\\\/wonder-psilocybin-chocolate-bar-variety-pack\\\/\",\"name\":\"Buy Psilocybin Chocolate Bar -\",\"isPartOf\":{\"@id\":\"https:\\\/\\\/exoticchemicals.com\\\/#website\"},\"primaryImageOfPage\":{\"@id\":\"https:\\\/\\\/exoticchemicals.com\\\/product\\\/wonder-psilocybin-chocolate-bar-variety-pack\\\/#primaryimage\"},\"image\":{\"@id\":\"https:\\\/\\\/exoticchemicals.com\\\/product\\\/wonder-psilocybin-chocolate-bar-variety-pack\\\/#primaryimage\"},\"thumbnailUrl\":\"https:\\\/\\\/exoticchemicals.com\\\/wp-content\\\/uploads\\\/2025\\\/02\\\/Wonder-Variety-1-465x465-1-jpg.webp\",\"datePublished\":\"2025-02-06T21:27:22+00:00\",\"dateModified\":\"2026-04-14T21:51:41+00:00\",\"breadcrumb\":{\"@id\":\"https:\\\/\\\/exoticchemicals.com\\\/product\\\/wonder-psilocybin-chocolate-bar-variety-pack\\\/#breadcrumb\"},\"inLanguage\":\"cs\",\"potentialAction\":[{\"@type\":\"ReadAction\",\"target\":[\"https:\\\/\\\/exoticchemicals.com\\\/product\\\/wonder-psilocybin-chocolate-bar-variety-pack\\\/\"]}]},{\"@type\":\"ImageObject\",\"inLanguage\":\"cs\",\"@id\":\"https:\\\/\\\/exoticchemicals.com\\\/product\\\/wonder-psilocybin-chocolate-bar-variety-pack\\\/#primaryimage\",\"url\":\"https:\\\/\\\/exoticchemicals.com\\\/wp-content\\\/uploads\\\/2025\\\/02\\\/Wonder-Variety-1-465x465-1-jpg.webp\",\"contentUrl\":\"https:\\\/\\\/exoticchemicals.com\\\/wp-content\\\/uploads\\\/2025\\\/02\\\/Wonder-Variety-1-465x465-1-jpg.webp\",\"width\":465,\"height\":465},{\"@type\":\"BreadcrumbList\",\"@id\":\"https:\\\/\\\/exoticchemicals.com\\\/product\\\/wonder-psilocybin-chocolate-bar-variety-pack\\\/#breadcrumb\",\"itemListElement\":[{\"@type\":\"ListItem\",\"position\":1,\"name\":\"Home\",\"item\":\"https:\\\/\\\/exoticchemicals.com\\\/\"},{\"@type\":\"ListItem\",\"position\":2,\"name\":\"Shop\",\"item\":\"https:\\\/\\\/exoticchemicals.com\\\/shop\\\/\"},{\"@type\":\"ListItem\",\"position\":3,\"name\":\"Buy Psilocybin Chocolate Bar\"}]},{\"@type\":\"WebSite\",\"@id\":\"https:\\\/\\\/exoticchemicals.com\\\/#website\",\"url\":\"https:\\\/\\\/exoticchemicals.com\\\/\",\"name\":\"exotic chemicals\",\"description\":\"Buy MDPHP Hydrochloride\",\"publisher\":{\"@id\":\"https:\\\/\\\/exoticchemicals.com\\\/#\\\/schema\\\/person\\\/07ad08472b6f5b213792451a32dbe8c7\"},\"potentialAction\":[{\"@type\":\"SearchAction\",\"target\":{\"@type\":\"EntryPoint\",\"urlTemplate\":\"https:\\\/\\\/exoticchemicals.com\\\/?s={search_term_string}\"},\"query-input\":{\"@type\":\"PropertyValueSpecification\",\"valueRequired\":true,\"valueName\":\"search_term_string\"}}],\"inLanguage\":\"cs\"},{\"@type\":[\"Person\",\"Organization\"],\"@id\":\"https:\\\/\\\/exoticchemicals.com\\\/#\\\/schema\\\/person\\\/07ad08472b6f5b213792451a32dbe8c7\",\"name\":\"wwalkershop@gmail.com\",\"image\":{\"@type\":\"ImageObject\",\"inLanguage\":\"cs\",\"@id\":\"https:\\\/\\\/exoticchemicals.com\\\/wp-content\\\/uploads\\\/2025\\\/02\\\/pure-3-1-1.png\",\"url\":\"https:\\\/\\\/exoticchemicals.com\\\/wp-content\\\/uploads\\\/2025\\\/02\\\/pure-3-1-1.png\",\"contentUrl\":\"https:\\\/\\\/exoticchemicals.com\\\/wp-content\\\/uploads\\\/2025\\\/02\\\/pure-3-1-1.png\",\"width\":500,\"height\":500,\"caption\":\"wwalkershop@gmail.com\"},\"logo\":{\"@id\":\"https:\\\/\\\/exoticchemicals.com\\\/wp-content\\\/uploads\\\/2025\\\/02\\\/pure-3-1-1.png\"},\"sameAs\":[\"http:\\\/\\\/exoticchemicals.com\"]}]}<\/script>\n<!-- \/ Yoast SEO plugin. -->","yoast_head_json":{"title":"Buy Psilocybin Chocolate Bar -","robots":{"index":"index","follow":"follow","max-snippet":"max-snippet:-1","max-image-preview":"max-image-preview:large","max-video-preview":"max-video-preview:-1"},"canonical":"https:\/\/exoticchemicals.com\/cs\/product\/wonder-psilocybin-chocolate-bar-variety-pack\/","og_locale":"cs_CZ","og_type":"article","og_title":"Buy Psilocybin Chocolate Bar -","og_description":"Are you ready to integrate psilocybin into your holistic wellness routine? Maybe you\u2019re looking to microdose on a regular basis to enjoy the benefits of increased creativity, decreased anxiety and improved mood. Perhaps you\u2019re looking to take your next philosophical discussion with friends to a whole new level with a museum dose. Or you might be looking to reset your ego and perspective of the world by taking a trip to wonderland with a mega dose. Whatever your motive, Wonder has you covered.","og_url":"https:\/\/exoticchemicals.com\/cs\/product\/wonder-psilocybin-chocolate-bar-variety-pack\/","article_modified_time":"2026-04-14T21:51:41+00:00","og_image":[{"width":465,"height":465,"url":"https:\/\/exoticchemicals.com\/wp-content\/uploads\/2025\/02\/Wonder-Variety-1-465x465-1-jpg.webp","type":"image\/webp"}],"twitter_card":"summary_large_image","twitter_misc":{"Odhadovan\u00e1 doba \u010dten\u00ed":"1 minuta"},"schema":{"@context":"https:\/\/schema.org","@graph":[{"@type":"WebPage","@id":"https:\/\/exoticchemicals.com\/product\/wonder-psilocybin-chocolate-bar-variety-pack\/","url":"https:\/\/exoticchemicals.com\/product\/wonder-psilocybin-chocolate-bar-variety-pack\/","name":"Buy Psilocybin Chocolate Bar -","isPartOf":{"@id":"https:\/\/exoticchemicals.com\/#website"},"primaryImageOfPage":{"@id":"https:\/\/exoticchemicals.com\/product\/wonder-psilocybin-chocolate-bar-variety-pack\/#primaryimage"},"image":{"@id":"https:\/\/exoticchemicals.com\/product\/wonder-psilocybin-chocolate-bar-variety-pack\/#primaryimage"},"thumbnailUrl":"https:\/\/exoticchemicals.com\/wp-content\/uploads\/2025\/02\/Wonder-Variety-1-465x465-1-jpg.webp","datePublished":"2025-02-06T21:27:22+00:00","dateModified":"2026-04-14T21:51:41+00:00","breadcrumb":{"@id":"https:\/\/exoticchemicals.com\/product\/wonder-psilocybin-chocolate-bar-variety-pack\/#breadcrumb"},"inLanguage":"cs","potentialAction":[{"@type":"ReadAction","target":["https:\/\/exoticchemicals.com\/product\/wonder-psilocybin-chocolate-bar-variety-pack\/"]}]},{"@type":"ImageObject","inLanguage":"cs","@id":"https:\/\/exoticchemicals.com\/product\/wonder-psilocybin-chocolate-bar-variety-pack\/#primaryimage","url":"https:\/\/exoticchemicals.com\/wp-content\/uploads\/2025\/02\/Wonder-Variety-1-465x465-1-jpg.webp","contentUrl":"https:\/\/exoticchemicals.com\/wp-content\/uploads\/2025\/02\/Wonder-Variety-1-465x465-1-jpg.webp","width":465,"height":465},{"@type":"BreadcrumbList","@id":"https:\/\/exoticchemicals.com\/product\/wonder-psilocybin-chocolate-bar-variety-pack\/#breadcrumb","itemListElement":[{"@type":"ListItem","position":1,"name":"Home","item":"https:\/\/exoticchemicals.com\/"},{"@type":"ListItem","position":2,"name":"Shop","item":"https:\/\/exoticchemicals.com\/shop\/"},{"@type":"ListItem","position":3,"name":"Buy Psilocybin Chocolate Bar"}]},{"@type":"WebSite","@id":"https:\/\/exoticchemicals.com\/#website","url":"https:\/\/exoticchemicals.com\/","name":"exotick\u00e9 chemik\u00e1lie","description":"Koupit MDPHP hydrochlorid","publisher":{"@id":"https:\/\/exoticchemicals.com\/#\/schema\/person\/07ad08472b6f5b213792451a32dbe8c7"},"potentialAction":[{"@type":"SearchAction","target":{"@type":"EntryPoint","urlTemplate":"https:\/\/exoticchemicals.com\/?s={search_term_string}"},"query-input":{"@type":"PropertyValueSpecification","valueRequired":true,"valueName":"search_term_string"}}],"inLanguage":"cs"},{"@type":["Person","Organization"],"@id":"https:\/\/exoticchemicals.com\/#\/schema\/person\/07ad08472b6f5b213792451a32dbe8c7","name":"wwalkershop@gmail.com","image":{"@type":"ImageObject","inLanguage":"cs","@id":"https:\/\/exoticchemicals.com\/wp-content\/uploads\/2025\/02\/pure-3-1-1.png","url":"https:\/\/exoticchemicals.com\/wp-content\/uploads\/2025\/02\/pure-3-1-1.png","contentUrl":"https:\/\/exoticchemicals.com\/wp-content\/uploads\/2025\/02\/pure-3-1-1.png","width":500,"height":500,"caption":"wwalkershop@gmail.com"},"logo":{"@id":"https:\/\/exoticchemicals.com\/wp-content\/uploads\/2025\/02\/pure-3-1-1.png"},"sameAs":["http:\/\/exoticchemicals.com"]}]}},"uagb_featured_image_src":{"full":["https:\/\/exoticchemicals.com\/wp-content\/uploads\/2025\/02\/Wonder-Variety-1-465x465-1-jpg.webp",465,465,false],"thumbnail":["https:\/\/exoticchemicals.com\/wp-content\/uploads\/2025\/02\/Wonder-Variety-1-465x465-1-jpg-150x150.webp",150,150,true],"medium":["https:\/\/exoticchemicals.com\/wp-content\/uploads\/2025\/02\/Wonder-Variety-1-465x465-1-jpg-300x300.webp",300,300,true],"medium_large":["https:\/\/exoticchemicals.com\/wp-content\/uploads\/2025\/02\/Wonder-Variety-1-465x465-1-jpg.webp",465,465,false],"large":["https:\/\/exoticchemicals.com\/wp-content\/uploads\/2025\/02\/Wonder-Variety-1-465x465-1-jpg.webp",465,465,false],"1536x1536":["https:\/\/exoticchemicals.com\/wp-content\/uploads\/2025\/02\/Wonder-Variety-1-465x465-1-jpg.webp",465,465,false],"2048x2048":["https:\/\/exoticchemicals.com\/wp-content\/uploads\/2025\/02\/Wonder-Variety-1-465x465-1-jpg.webp",465,465,false],"trp-custom-language-flag":["https:\/\/exoticchemicals.com\/wp-content\/uploads\/2025\/02\/Wonder-Variety-1-465x465-1-jpg.webp",12,12,false],"woocommerce_thumbnail":["https:\/\/exoticchemicals.com\/wp-content\/uploads\/2025\/02\/Wonder-Variety-1-465x465-1-jpg-300x300.webp",300,300,true],"woocommerce_single":["https:\/\/exoticchemicals.com\/wp-content\/uploads\/2025\/02\/Wonder-Variety-1-465x465-1-jpg.webp",465,465,false],"woocommerce_gallery_thumbnail":["https:\/\/exoticchemicals.com\/wp-content\/uploads\/2025\/02\/Wonder-Variety-1-465x465-1-jpg-100x100.webp",100,100,true]},"uagb_author_info":{"display_name":"bossman","author_link":"https:\/\/exoticchemicals.com\/cs\/author\/"},"uagb_comment_info":7,"uagb_excerpt":"Are you ready to integrate psilocybin into your holistic wellness routine? Maybe you\u2019re looking to microdose on a regular basis to enjoy the benefits of increased creativity, decreased anxiety and improved mood. Perhaps you\u2019re looking to take your next philosophical discussion with friends to a whole new level with a museum dose. Or you might&hellip;","_links":{"self":[{"href":"https:\/\/exoticchemicals.com\/cs\/wp-json\/wp\/v2\/product\/3783","targetHints":{"allow":["GET"]}}],"collection":[{"href":"https:\/\/exoticchemicals.com\/cs\/wp-json\/wp\/v2\/product"}],"about":[{"href":"https:\/\/exoticchemicals.com\/cs\/wp-json\/wp\/v2\/types\/product"}],"replies":[{"embeddable":true,"href":"https:\/\/exoticchemicals.com\/cs\/wp-json\/wp\/v2\/comments?post=3783"}],"wp:featuredmedia":[{"embeddable":true,"href":"https:\/\/exoticchemicals.com\/cs\/wp-json\/wp\/v2\/media\/3798"}],"wp:attachment":[{"href":"https:\/\/exoticchemicals.com\/cs\/wp-json\/wp\/v2\/media?parent=3783"}],"wp:term":[{"taxonomy":"product_brand","embeddable":true,"href":"https:\/\/exoticchemicals.com\/cs\/wp-json\/wp\/v2\/product_brand?post=3783"},{"taxonomy":"product_cat","embeddable":true,"href":"https:\/\/exoticchemicals.com\/cs\/wp-json\/wp\/v2\/product_cat?post=3783"},{"taxonomy":"product_tag","embeddable":true,"href":"https:\/\/exoticchemicals.com\/cs\/wp-json\/wp\/v2\/product_tag?post=3783"}],"curies":[{"name":"wp","href":"https:\/\/api.w.org\/{rel}","templated":true}]}}