{"id":3828,"date":"2025-02-06T21:27:37","date_gmt":"2025-02-06T21:27:37","guid":{"rendered":"https:\/\/exoticchemicals.com\/?post_type=product&#038;p=3828"},"modified":"2026-04-07T08:02:39","modified_gmt":"2026-04-07T08:02:39","slug":"psilocybe-buy-daddy-long-legs","status":"publish","type":"product","link":"https:\/\/exoticchemicals.com\/cs\/product\/psilocybe-buy-daddy-long-legs\/","title":{"rendered":"Psilocybe: Buy Daddy Long Legs"},"content":{"rendered":"<h1>Buy Daddy Long Legs Magic Mushrooms Alabama<\/h1>\n<p><strong>buy psychedelics mushrooms Alabama<\/strong><\/p>\n<p>The<a href=\"https:\/\/isochemi.com\/product\/psilocybe-buy-daddy-long-legs\/\"> Daddy Long Legs magic mushroom<\/a> is indigenous to the Fraser Valley region of Vancouver, BC. This is a mushroom that has been around for thousands of years but has only been cultivated in the early 1990s. This strain of mushroom got its name from its thin and long stalk which resembles that of the Daddy Long Legs spider. <strong><a href=\"https:\/\/isochemi.com\/product\/psilocybe-buy-daddy-long-legs\/\">buy psychedelics mushrooms Alabama<\/a>\u00a0<\/strong> Known for its potency, the Daddy Long Legs promotes a strong visual stimulation, deep body buzz and heighten socialization and feels of love. This strain is surging in popularity due to its psychotropic effects.<\/p>\n<p>The Daddy Long Legs is known for its potency and strong visual effects. At higher doses, users have reported intense colours, pattern immersion and waviness. Not only do you experience visual effects, this mushroom promotes strong euphoric notes comparable to those of the\u00a0<a href=\"https:\/\/isochemi.com\/product\/psilocybe-buy-blue-meanies\/\">Blue Meanie<\/a>. This is a great magic mushroom to use if you are searching for inner peace and harmony.<\/p>\n<h2><strong>buy psychedelics mushrooms Alabama<\/strong><\/h2>\n<p>Dosage recommendations:<\/p>\n<p>Creative dose: 0.5 Grams to 1.25 Gram<\/p>\n<p>Medium Recreational dose: 1.5 Grams to 2 Grams<\/p>\n<p>Full Recreational dose: 2 Grams to 3.5 Grams<\/p>\n<p>!!Caution!! Do not mix magic mushroom products with alcohol or other anti-depression medication (SSRI) as it dulls the experience or blocks it completely.<\/p>\n<p>Keep product stored at room temperature in a dry environment away from direct sunlight. Also keep out of the reach of children and pets.<\/p>","protected":false},"excerpt":{"rendered":"<h2>Buy Daddy Long Legs<\/h2>\n<p>The Daddy Long Legs magic mushroom is indigenous to the Fraser Valley region of Vancouver, BC. This is a mushroom that has been around for thousands of years but has only been cultivated in the early 1990s. This strain of mushroom got its name from its thin and long stalk which resembles that of the Daddy Long Legs spider. Known for its potency, the Daddy Long Legs promotes a strong visual stimulation, deep body buzz and heighten socialization and feels of love. This strain is surging in popularity due to its psychotropic effects.<\/p>\n<p>The Daddy Long Legs is known for its potency and strong visual effects. At higher doses, users have reported intense colours, pattern immersion and waviness. Not only do you experience visual effects, this mushroom promotes strong euphoric notes comparable to those of the\u00a0<a href=\"https:\/\/www.organicshroomcanada.cc\/product\/psilocybe-buy-blue-meanies\/\">Blue Meanie<\/a>. This is a great magic mushroom to use if you are searching for inner peace and harmony. Try this wonderful strain of shroom out today!<\/p>\n<p>&nbsp;<\/p>\n<h2>14 GRAM\u016e<\/h2>","protected":false},"featured_media":3858,"comment_status":"open","ping_status":"closed","template":"","meta":{"_uag_custom_page_level_css":"","site-sidebar-layout":"default","site-content-layout":"","ast-site-content-layout":"default","site-content-style":"default","site-sidebar-style":"default","ast-global-header-display":"","ast-banner-title-visibility":"","ast-main-header-display":"","ast-hfb-above-header-display":"","ast-hfb-below-header-display":"","ast-hfb-mobile-header-display":"","site-post-title":"","ast-breadcrumbs-content":"","ast-featured-img":"","footer-sml-layout":"","ast-disable-related-posts":"","theme-transparent-header-meta":"","adv-header-id-meta":"","stick-header-meta":"","header-above-stick-meta":"","header-main-stick-meta":"","header-below-stick-meta":"","astra-migrate-meta-layouts":"default","ast-page-background-enabled":"default","ast-page-background-meta":{"desktop":{"background-color":"","background-image":"","background-repeat":"repeat","background-position":"center center","background-size":"auto","background-attachment":"scroll","background-type":"","background-media":"","overlay-type":"","overlay-color":"","overlay-opacity":"","overlay-gradient":""},"tablet":{"background-color":"","background-image":"","background-repeat":"repeat","background-position":"center center","background-size":"auto","background-attachment":"scroll","background-type":"","background-media":"","overlay-type":"","overlay-color":"","overlay-opacity":"","overlay-gradient":""},"mobile":{"background-color":"","background-image":"","background-repeat":"repeat","background-position":"center center","background-size":"auto","background-attachment":"scroll","background-type":"","background-media":"","overlay-type":"","overlay-color":"","overlay-opacity":"","overlay-gradient":""}},"ast-content-background-meta":{"desktop":{"background-color":"var(--ast-global-color-5)","background-image":"","background-repeat":"repeat","background-position":"center center","background-size":"auto","background-attachment":"scroll","background-type":"","background-media":"","overlay-type":"","overlay-color":"","overlay-opacity":"","overlay-gradient":""},"tablet":{"background-color":"var(--ast-global-color-5)","background-image":"","background-repeat":"repeat","background-position":"center center","background-size":"auto","background-attachment":"scroll","background-type":"","background-media":"","overlay-type":"","overlay-color":"","overlay-opacity":"","overlay-gradient":""},"mobile":{"background-color":"var(--ast-global-color-5)","background-image":"","background-repeat":"repeat","background-position":"center center","background-size":"auto","background-attachment":"scroll","background-type":"","background-media":"","overlay-type":"","overlay-color":"","overlay-opacity":"","overlay-gradient":""}}},"product_brand":[],"product_cat":[2198],"product_tag":[2242,2243,2244],"class_list":{"0":"post-3828","1":"product","2":"type-product","3":"status-publish","4":"has-post-thumbnail","6":"product_cat-secure-mdphp-hydrochloride-purchase-shrooms","7":"product_tag-buy-psychedelics-mushrooms-alabama","8":"product_tag-order-psychedelics-mushrooms-alabama","9":"product_tag-purchasepsychedelics-mushrooms-alabama","10":"desktop-align-left","11":"tablet-align-left","12":"mobile-align-left","14":"first","15":"instock","16":"shipping-taxable","17":"purchasable","18":"product-type-simple"},"yoast_head":"<!-- This site is optimized with the Yoast SEO plugin v27.5 - https:\/\/yoast.com\/product\/yoast-seo-wordpress\/ -->\n<title>Psilocybe: Buy Daddy Long Legs -<\/title>\n<meta name=\"robots\" content=\"index, follow, max-snippet:-1, max-image-preview:large, max-video-preview:-1\" \/>\n<link rel=\"canonical\" href=\"https:\/\/exoticchemicals.com\/cs\/product\/psilocybe-buy-daddy-long-legs\/\" \/>\n<meta property=\"og:locale\" content=\"cs_CZ\" \/>\n<meta property=\"og:type\" content=\"article\" \/>\n<meta property=\"og:title\" content=\"Psilocybe: Buy Daddy Long Legs -\" \/>\n<meta property=\"og:description\" content=\"Buy Daddy Long Legs The Daddy Long Legs magic mushroom is indigenous to the Fraser Valley region of Vancouver, BC. This is a mushroom that has been around for thousands of years but has only been cultivated in the early 1990s. This strain of mushroom got its name from its thin and long stalk which resembles that of the Daddy Long Legs spider. Known for its potency, the Daddy Long Legs promotes a strong visual stimulation, deep body buzz and heighten socialization and feels of love. This strain is surging in popularity due to its psychotropic effects. The Daddy Long Legs is known for its potency and strong visual effects. At higher doses, users have reported intense colours, pattern immersion and waviness. Not only do you experience visual effects, this mushroom promotes strong euphoric notes comparable to those of the\u00a0Blue Meanie. This is a great magic mushroom to use if you are searching for inner peace and harmony. Try this wonderful strain of shroom out today! &nbsp; 14 GRAMS\" \/>\n<meta property=\"og:url\" content=\"https:\/\/exoticchemicals.com\/cs\/product\/psilocybe-buy-daddy-long-legs\/\" \/>\n<meta property=\"article:modified_time\" content=\"2026-04-07T08:02:39+00:00\" \/>\n<meta property=\"og:image\" content=\"https:\/\/exoticchemicals.com\/wp-content\/uploads\/2025\/02\/Daddy-Long-Legs-scaled-465x465-2.jpg\" \/>\n\t<meta property=\"og:image:width\" content=\"465\" \/>\n\t<meta property=\"og:image:height\" content=\"465\" \/>\n\t<meta property=\"og:image:type\" content=\"image\/jpeg\" \/>\n<meta name=\"twitter:card\" content=\"summary_large_image\" \/>\n<meta name=\"twitter:label1\" content=\"Odhadovan\u00e1 doba \u010dten\u00ed\" \/>\n\t<meta name=\"twitter:data1\" content=\"1 minuta\" \/>\n<script type=\"application\/ld+json\" class=\"yoast-schema-graph\">{\"@context\":\"https:\\\/\\\/schema.org\",\"@graph\":[{\"@type\":\"WebPage\",\"@id\":\"https:\\\/\\\/exoticchemicals.com\\\/product\\\/psilocybe-buy-daddy-long-legs\\\/\",\"url\":\"https:\\\/\\\/exoticchemicals.com\\\/product\\\/psilocybe-buy-daddy-long-legs\\\/\",\"name\":\"Psilocybe: Buy Daddy Long Legs -\",\"isPartOf\":{\"@id\":\"https:\\\/\\\/exoticchemicals.com\\\/#website\"},\"primaryImageOfPage\":{\"@id\":\"https:\\\/\\\/exoticchemicals.com\\\/product\\\/psilocybe-buy-daddy-long-legs\\\/#primaryimage\"},\"image\":{\"@id\":\"https:\\\/\\\/exoticchemicals.com\\\/product\\\/psilocybe-buy-daddy-long-legs\\\/#primaryimage\"},\"thumbnailUrl\":\"https:\\\/\\\/exoticchemicals.com\\\/wp-content\\\/uploads\\\/2025\\\/02\\\/Daddy-Long-Legs-scaled-465x465-2.jpg\",\"datePublished\":\"2025-02-06T21:27:37+00:00\",\"dateModified\":\"2026-04-07T08:02:39+00:00\",\"breadcrumb\":{\"@id\":\"https:\\\/\\\/exoticchemicals.com\\\/product\\\/psilocybe-buy-daddy-long-legs\\\/#breadcrumb\"},\"inLanguage\":\"cs\",\"potentialAction\":[{\"@type\":\"ReadAction\",\"target\":[\"https:\\\/\\\/exoticchemicals.com\\\/product\\\/psilocybe-buy-daddy-long-legs\\\/\"]}]},{\"@type\":\"ImageObject\",\"inLanguage\":\"cs\",\"@id\":\"https:\\\/\\\/exoticchemicals.com\\\/product\\\/psilocybe-buy-daddy-long-legs\\\/#primaryimage\",\"url\":\"https:\\\/\\\/exoticchemicals.com\\\/wp-content\\\/uploads\\\/2025\\\/02\\\/Daddy-Long-Legs-scaled-465x465-2.jpg\",\"contentUrl\":\"https:\\\/\\\/exoticchemicals.com\\\/wp-content\\\/uploads\\\/2025\\\/02\\\/Daddy-Long-Legs-scaled-465x465-2.jpg\",\"width\":465,\"height\":465},{\"@type\":\"BreadcrumbList\",\"@id\":\"https:\\\/\\\/exoticchemicals.com\\\/product\\\/psilocybe-buy-daddy-long-legs\\\/#breadcrumb\",\"itemListElement\":[{\"@type\":\"ListItem\",\"position\":1,\"name\":\"Home\",\"item\":\"https:\\\/\\\/exoticchemicals.com\\\/\"},{\"@type\":\"ListItem\",\"position\":2,\"name\":\"Shop\",\"item\":\"https:\\\/\\\/exoticchemicals.com\\\/shop\\\/\"},{\"@type\":\"ListItem\",\"position\":3,\"name\":\"Psilocybe: Buy Daddy Long Legs\"}]},{\"@type\":\"WebSite\",\"@id\":\"https:\\\/\\\/exoticchemicals.com\\\/#website\",\"url\":\"https:\\\/\\\/exoticchemicals.com\\\/\",\"name\":\"exotic chemicals\",\"description\":\"Buy MDPHP Hydrochloride\",\"publisher\":{\"@id\":\"https:\\\/\\\/exoticchemicals.com\\\/#\\\/schema\\\/person\\\/07ad08472b6f5b213792451a32dbe8c7\"},\"potentialAction\":[{\"@type\":\"SearchAction\",\"target\":{\"@type\":\"EntryPoint\",\"urlTemplate\":\"https:\\\/\\\/exoticchemicals.com\\\/?s={search_term_string}\"},\"query-input\":{\"@type\":\"PropertyValueSpecification\",\"valueRequired\":true,\"valueName\":\"search_term_string\"}}],\"inLanguage\":\"cs\"},{\"@type\":[\"Person\",\"Organization\"],\"@id\":\"https:\\\/\\\/exoticchemicals.com\\\/#\\\/schema\\\/person\\\/07ad08472b6f5b213792451a32dbe8c7\",\"name\":\"wwalkershop@gmail.com\",\"image\":{\"@type\":\"ImageObject\",\"inLanguage\":\"cs\",\"@id\":\"https:\\\/\\\/exoticchemicals.com\\\/wp-content\\\/uploads\\\/2025\\\/02\\\/pure-3-1-1.png\",\"url\":\"https:\\\/\\\/exoticchemicals.com\\\/wp-content\\\/uploads\\\/2025\\\/02\\\/pure-3-1-1.png\",\"contentUrl\":\"https:\\\/\\\/exoticchemicals.com\\\/wp-content\\\/uploads\\\/2025\\\/02\\\/pure-3-1-1.png\",\"width\":500,\"height\":500,\"caption\":\"wwalkershop@gmail.com\"},\"logo\":{\"@id\":\"https:\\\/\\\/exoticchemicals.com\\\/wp-content\\\/uploads\\\/2025\\\/02\\\/pure-3-1-1.png\"},\"sameAs\":[\"http:\\\/\\\/exoticchemicals.com\"]}]}<\/script>\n<!-- \/ Yoast SEO plugin. -->","yoast_head_json":{"title":"Psilocybe: Buy Daddy Long Legs -","robots":{"index":"index","follow":"follow","max-snippet":"max-snippet:-1","max-image-preview":"max-image-preview:large","max-video-preview":"max-video-preview:-1"},"canonical":"https:\/\/exoticchemicals.com\/cs\/product\/psilocybe-buy-daddy-long-legs\/","og_locale":"cs_CZ","og_type":"article","og_title":"Psilocybe: Buy Daddy Long Legs -","og_description":"Buy Daddy Long Legs The Daddy Long Legs magic mushroom is indigenous to the Fraser Valley region of Vancouver, BC. This is a mushroom that has been around for thousands of years but has only been cultivated in the early 1990s. This strain of mushroom got its name from its thin and long stalk which resembles that of the Daddy Long Legs spider. Known for its potency, the Daddy Long Legs promotes a strong visual stimulation, deep body buzz and heighten socialization and feels of love. This strain is surging in popularity due to its psychotropic effects. The Daddy Long Legs is known for its potency and strong visual effects. At higher doses, users have reported intense colours, pattern immersion and waviness. Not only do you experience visual effects, this mushroom promotes strong euphoric notes comparable to those of the\u00a0Blue Meanie. This is a great magic mushroom to use if you are searching for inner peace and harmony. Try this wonderful strain of shroom out today! &nbsp; 14 GRAMS","og_url":"https:\/\/exoticchemicals.com\/cs\/product\/psilocybe-buy-daddy-long-legs\/","article_modified_time":"2026-04-07T08:02:39+00:00","og_image":[{"width":465,"height":465,"url":"https:\/\/exoticchemicals.com\/wp-content\/uploads\/2025\/02\/Daddy-Long-Legs-scaled-465x465-2.jpg","type":"image\/jpeg"}],"twitter_card":"summary_large_image","twitter_misc":{"Odhadovan\u00e1 doba \u010dten\u00ed":"1 minuta"},"schema":{"@context":"https:\/\/schema.org","@graph":[{"@type":"WebPage","@id":"https:\/\/exoticchemicals.com\/product\/psilocybe-buy-daddy-long-legs\/","url":"https:\/\/exoticchemicals.com\/product\/psilocybe-buy-daddy-long-legs\/","name":"Psilocybe: Buy Daddy Long Legs -","isPartOf":{"@id":"https:\/\/exoticchemicals.com\/#website"},"primaryImageOfPage":{"@id":"https:\/\/exoticchemicals.com\/product\/psilocybe-buy-daddy-long-legs\/#primaryimage"},"image":{"@id":"https:\/\/exoticchemicals.com\/product\/psilocybe-buy-daddy-long-legs\/#primaryimage"},"thumbnailUrl":"https:\/\/exoticchemicals.com\/wp-content\/uploads\/2025\/02\/Daddy-Long-Legs-scaled-465x465-2.jpg","datePublished":"2025-02-06T21:27:37+00:00","dateModified":"2026-04-07T08:02:39+00:00","breadcrumb":{"@id":"https:\/\/exoticchemicals.com\/product\/psilocybe-buy-daddy-long-legs\/#breadcrumb"},"inLanguage":"cs","potentialAction":[{"@type":"ReadAction","target":["https:\/\/exoticchemicals.com\/product\/psilocybe-buy-daddy-long-legs\/"]}]},{"@type":"ImageObject","inLanguage":"cs","@id":"https:\/\/exoticchemicals.com\/product\/psilocybe-buy-daddy-long-legs\/#primaryimage","url":"https:\/\/exoticchemicals.com\/wp-content\/uploads\/2025\/02\/Daddy-Long-Legs-scaled-465x465-2.jpg","contentUrl":"https:\/\/exoticchemicals.com\/wp-content\/uploads\/2025\/02\/Daddy-Long-Legs-scaled-465x465-2.jpg","width":465,"height":465},{"@type":"BreadcrumbList","@id":"https:\/\/exoticchemicals.com\/product\/psilocybe-buy-daddy-long-legs\/#breadcrumb","itemListElement":[{"@type":"ListItem","position":1,"name":"Home","item":"https:\/\/exoticchemicals.com\/"},{"@type":"ListItem","position":2,"name":"Shop","item":"https:\/\/exoticchemicals.com\/shop\/"},{"@type":"ListItem","position":3,"name":"Psilocybe: Buy Daddy Long Legs"}]},{"@type":"WebSite","@id":"https:\/\/exoticchemicals.com\/#website","url":"https:\/\/exoticchemicals.com\/","name":"exotick\u00e9 chemik\u00e1lie","description":"Koupit MDPHP hydrochlorid","publisher":{"@id":"https:\/\/exoticchemicals.com\/#\/schema\/person\/07ad08472b6f5b213792451a32dbe8c7"},"potentialAction":[{"@type":"SearchAction","target":{"@type":"EntryPoint","urlTemplate":"https:\/\/exoticchemicals.com\/?s={search_term_string}"},"query-input":{"@type":"PropertyValueSpecification","valueRequired":true,"valueName":"search_term_string"}}],"inLanguage":"cs"},{"@type":["Person","Organization"],"@id":"https:\/\/exoticchemicals.com\/#\/schema\/person\/07ad08472b6f5b213792451a32dbe8c7","name":"wwalkershop@gmail.com","image":{"@type":"ImageObject","inLanguage":"cs","@id":"https:\/\/exoticchemicals.com\/wp-content\/uploads\/2025\/02\/pure-3-1-1.png","url":"https:\/\/exoticchemicals.com\/wp-content\/uploads\/2025\/02\/pure-3-1-1.png","contentUrl":"https:\/\/exoticchemicals.com\/wp-content\/uploads\/2025\/02\/pure-3-1-1.png","width":500,"height":500,"caption":"wwalkershop@gmail.com"},"logo":{"@id":"https:\/\/exoticchemicals.com\/wp-content\/uploads\/2025\/02\/pure-3-1-1.png"},"sameAs":["http:\/\/exoticchemicals.com"]}]}},"uagb_featured_image_src":{"full":["https:\/\/exoticchemicals.com\/wp-content\/uploads\/2025\/02\/Daddy-Long-Legs-scaled-465x465-2.jpg",465,465,false],"thumbnail":["https:\/\/exoticchemicals.com\/wp-content\/uploads\/2025\/02\/Daddy-Long-Legs-scaled-465x465-2-150x150.jpg",150,150,true],"medium":["https:\/\/exoticchemicals.com\/wp-content\/uploads\/2025\/02\/Daddy-Long-Legs-scaled-465x465-2-300x300.jpg",300,300,true],"medium_large":["https:\/\/exoticchemicals.com\/wp-content\/uploads\/2025\/02\/Daddy-Long-Legs-scaled-465x465-2.jpg",465,465,false],"large":["https:\/\/exoticchemicals.com\/wp-content\/uploads\/2025\/02\/Daddy-Long-Legs-scaled-465x465-2.jpg",465,465,false],"1536x1536":["https:\/\/exoticchemicals.com\/wp-content\/uploads\/2025\/02\/Daddy-Long-Legs-scaled-465x465-2.jpg",465,465,false],"2048x2048":["https:\/\/exoticchemicals.com\/wp-content\/uploads\/2025\/02\/Daddy-Long-Legs-scaled-465x465-2.jpg",465,465,false],"trp-custom-language-flag":["https:\/\/exoticchemicals.com\/wp-content\/uploads\/2025\/02\/Daddy-Long-Legs-scaled-465x465-2.jpg",12,12,false],"woocommerce_thumbnail":["https:\/\/exoticchemicals.com\/wp-content\/uploads\/2025\/02\/Daddy-Long-Legs-scaled-465x465-2-300x300.jpg",300,300,true],"woocommerce_single":["https:\/\/exoticchemicals.com\/wp-content\/uploads\/2025\/02\/Daddy-Long-Legs-scaled-465x465-2.jpg",465,465,false],"woocommerce_gallery_thumbnail":["https:\/\/exoticchemicals.com\/wp-content\/uploads\/2025\/02\/Daddy-Long-Legs-scaled-465x465-2-100x100.jpg",100,100,true]},"uagb_author_info":{"display_name":"bossman","author_link":"https:\/\/exoticchemicals.com\/cs\/author\/"},"uagb_comment_info":5,"uagb_excerpt":"Buy Daddy Long Legs The Daddy Long Legs magic mushroom is indigenous to the Fraser Valley region of Vancouver, BC. This is a mushroom that has been around for thousands of years but has only been cultivated in the early 1990s. This strain of mushroom got its name from its thin and long stalk which&hellip;","_links":{"self":[{"href":"https:\/\/exoticchemicals.com\/cs\/wp-json\/wp\/v2\/product\/3828","targetHints":{"allow":["GET"]}}],"collection":[{"href":"https:\/\/exoticchemicals.com\/cs\/wp-json\/wp\/v2\/product"}],"about":[{"href":"https:\/\/exoticchemicals.com\/cs\/wp-json\/wp\/v2\/types\/product"}],"replies":[{"embeddable":true,"href":"https:\/\/exoticchemicals.com\/cs\/wp-json\/wp\/v2\/comments?post=3828"}],"wp:featuredmedia":[{"embeddable":true,"href":"https:\/\/exoticchemicals.com\/cs\/wp-json\/wp\/v2\/media\/3858"}],"wp:attachment":[{"href":"https:\/\/exoticchemicals.com\/cs\/wp-json\/wp\/v2\/media?parent=3828"}],"wp:term":[{"taxonomy":"product_brand","embeddable":true,"href":"https:\/\/exoticchemicals.com\/cs\/wp-json\/wp\/v2\/product_brand?post=3828"},{"taxonomy":"product_cat","embeddable":true,"href":"https:\/\/exoticchemicals.com\/cs\/wp-json\/wp\/v2\/product_cat?post=3828"},{"taxonomy":"product_tag","embeddable":true,"href":"https:\/\/exoticchemicals.com\/cs\/wp-json\/wp\/v2\/product_tag?post=3828"}],"curies":[{"name":"wp","href":"https:\/\/api.w.org\/{rel}","templated":true}]}}