{"id":4739,"date":"2026-01-29T21:20:13","date_gmt":"2026-01-29T21:20:13","guid":{"rendered":"https:\/\/exoticchemicals.com\/?post_type=product&#038;p=4739"},"modified":"2026-04-10T06:51:36","modified_gmt":"2026-04-10T06:51:36","slug":"order-camfetamine-for-sale","status":"publish","type":"product","link":"https:\/\/exoticchemicals.com\/cs\/product\/order-camfetamine-for-sale\/","title":{"rendered":"Order Camfetamine For Sale"},"content":{"rendered":"<h1>Camfetamine Powder for Sale Online \u2013 <a href=\"https:\/\/chemcrystals.com\/product\/order-camfetamine-for-sale\/\">Camfetamine Powder<\/a> for Sale<\/h1>\n<p>\u00a0<\/p>\n<p>Camfetamine is a synthetic cathinone derivative drug that was first synthesized in the early 1980\u2019s. It is a potent central nervous system (CNS) stimulant that produces euphoric effects similar to those produced by amphetamine. Its chemical name is N-(1-phenethylpiperidinyl)-N\u2019-(3-fluorophenyl)propanamide.<br \/> Camfetamine is classified as a Schedule I controlled substance under the Controlled Substances Act (CSA). The Drug Enforcement Administration (DEA) maintains that camfetamine is chemically related to methamphetamine and MDMA (\u201cEcstasy\u201d). However, unlike these two drugs, camfetamine does not have any reported abuse potential. Buy Camfetamine Online<\/p>\n<h2>Buy CAS Number: 39628\u201311\u20130 \u2013 Camfetamine Powder for Sale Online<\/h2>\n<p>Camfetamine may cause physical dependence and addiction if abused. Physical dependence occurs after repeated administration of camfetamine and results in withdrawal symptoms if the drug is discontinued abruptly. Addiction is characterized by continued use of the drug despite adverse consequences.<br \/> Camfetamine has been sold online as a designer drug. In addition to its recreational uses, camfetamine is sometimes added to bath salts, a mixture of chemicals that produce hallucinations and other psychoactive effects. Camfetamine was originally marketed as a prescription medicine called Desoxyn. It was approved by the FDA in 1987 for the treatment of narcolepsy.<br \/> In 2006, the U.S.<\/p>\n<h3>Where To Buy Camfetamine Powder for sale online?<\/h3>\n<p>We have now where to buy Camfetamine Powder for SALE online at our website! We offer cheap prices on Camfetamine Powder for both beginners and experienced users. If you want to order Camfetamine Powder for Cheap Price, Please check price before buying<a href=\"https:\/\/ketamineanalogues.com\/product-category\/buy-camfetamine-powder\/\">.<\/a><\/p>\n<p>If you know someone who wants to get high quality Camfetamine Powder for cheap price, please recommend us to them.<br \/> Please visit our site again to learn about how to use Camfetamine Powder for Cheaper Price<a href=\"http:\/\/cocainestimulants.co\">.<\/a><\/p>\n<div><\/div>\n<div><\/div>\n<table class=\"table table-bordered\">\n<tbody>\n<tr>\n<td class=\"\">\n<h5><span style=\"font-size: 14.4px\">CAS RN<\/span><\/h5>\n<\/td>\n<td><span style=\"color: #333333\"><span style=\"font-size: 14.4px\">39628-11-0 | Buy CAS#: 39628-11-0<\/span><\/span><\/td>\n<\/tr>\n<tr>\n<td class=\"\">\n<h5><span style=\"font-size: 14.4px\">Product Name<\/span><\/h5>\n<\/td>\n<td><span style=\"color: #333333\"><span style=\"font-size: 14.4px\">Camfetamine Hydrochloride<\/span><\/span><\/td>\n<\/tr>\n<tr>\n<td class=\"\">\n<h5><span style=\"font-size: 14.4px\">Molecular Formula<\/span><\/h5>\n<\/td>\n<td><span style=\"color: #333333\"><span style=\"font-size: 14.4px\">C14H20ClN<\/span><\/span><\/td>\n<\/tr>\n<tr>\n<td class=\"\">\n<h5><span style=\"font-size: 14.4px\">Molecular Weight<\/span><\/h5>\n<\/td>\n<td><span style=\"color: #333333\"><span style=\"font-size: 14.4px\">237.771<\/span><\/span><\/td>\n<\/tr>\n<tr>\n<td class=\"\">\n<h5><span style=\"font-size: 14.4px\">IUPAC Name<\/span><\/h5>\n<\/td>\n<td><span style=\"color: #333333\"><span style=\"font-size: 14.4px\">N-methyl-3-phenylbicyclo[2.2.1]heptan-2-amine;hydrochloride<\/span><\/span><\/td>\n<\/tr>\n<tr>\n<td class=\"\">\n<h5><span style=\"font-size: 14.4px\">InChI<\/span><\/h5>\n<\/td>\n<td><span style=\"color: #333333\"><span style=\"font-size: 14.4px\">InChI=1S\/C14H19N.ClH\/c1-15-14-12-8-7-11(9-12)13(14)10-5-3-2-4-6-10;\/h2-6,11-15H,7-9H2,1H3;1H<\/span><\/span><\/td>\n<\/tr>\n<tr>\n<td class=\"\">\n<h5><span style=\"font-size: 14.4px\">InChI Key<\/span><\/h5>\n<\/td>\n<td><span style=\"color: #333333\"><span style=\"font-size: 14.4px\">SNBVPXDDYLRLIK-UHFFFAOYSA-N<\/span><\/span><\/td>\n<\/tr>\n<tr>\n<td class=\"\">\n<h5><span style=\"font-size: 14.4px\">SMILES<\/span><\/h5>\n<\/td>\n<td><span style=\"color: #333333\"><span style=\"font-size: 14.4px\">CNC1C2CCC(C2)C1C3=CC=CC=C3.Cl<\/span><\/span><\/td>\n<\/tr>\n<tr>\n<td class=\"\">\n<h5><span style=\"font-size: 14.4px\">Synonyms<\/span><\/h5>\n<\/td>\n<td><span style=\"color: #333333\"><span style=\"font-size: 14.4px\">N-Methyl-3-phenyl-2-norbornanamine Hydrochloride;\u00a0_x000B_N-Methyl-3-phenyl-Bicyclo[2.2.1]heptan-2-amine Hydrochloride;\u00a0_x000B_N-Methyl-3-phenyl-2-norbornylamine Hydrochloride; Buy Camfetamine Online<\/span><\/span><\/td>\n<\/tr>\n<\/tbody>\n<\/table>\n","protected":false},"excerpt":{"rendered":"<p class=\"ng-binding ng-scope\" style=\"color: #354254;font-family: Roboto, sans-serif;font-size: 15px;font-style: normal;font-weight: 400;letter-spacing: normal;text-align: start;text-indent: 0px;text-transform: none;white-space: normal;margin: 15px 0px\"><em>Order CAS Number: <strong>39628\u201311\u20130<\/strong> \u2013 <strong>Camfetamine<\/strong> from USA \u2013 How to order CAS number: 39628-11 0 \u2013 Camfetamine from UK<\/em><\/p>","protected":false},"featured_media":4749,"comment_status":"closed","ping_status":"closed","template":"","meta":{"_uag_custom_page_level_css":"","site-sidebar-layout":"default","site-content-layout":"","ast-site-content-layout":"","site-content-style":"default","site-sidebar-style":"default","ast-global-header-display":"","ast-banner-title-visibility":"","ast-main-header-display":"","ast-hfb-above-header-display":"","ast-hfb-below-header-display":"","ast-hfb-mobile-header-display":"","site-post-title":"","ast-breadcrumbs-content":"","ast-featured-img":"","footer-sml-layout":"","theme-transparent-header-meta":"","adv-header-id-meta":"","stick-header-meta":"","header-above-stick-meta":"","header-main-stick-meta":"","header-below-stick-meta":"","astra-migrate-meta-layouts":"default","ast-page-background-enabled":"default","ast-page-background-meta":{"desktop":{"background-color":"","background-image":"","background-repeat":"repeat","background-position":"center center","background-size":"auto","background-attachment":"scroll","background-type":"","background-media":"","overlay-type":"","overlay-color":"","overlay-opacity":"","overlay-gradient":""},"tablet":{"background-color":"","background-image":"","background-repeat":"repeat","background-position":"center center","background-size":"auto","background-attachment":"scroll","background-type":"","background-media":"","overlay-type":"","overlay-color":"","overlay-opacity":"","overlay-gradient":""},"mobile":{"background-color":"","background-image":"","background-repeat":"repeat","background-position":"center center","background-size":"auto","background-attachment":"scroll","background-type":"","background-media":"","overlay-type":"","overlay-color":"","overlay-opacity":"","overlay-gradient":""}},"ast-content-background-meta":{"desktop":{"background-color":"var(--ast-global-color-5)","background-image":"","background-repeat":"repeat","background-position":"center center","background-size":"auto","background-attachment":"scroll","background-type":"","background-media":"","overlay-type":"","overlay-color":"","overlay-opacity":"","overlay-gradient":""},"tablet":{"background-color":"var(--ast-global-color-5)","background-image":"","background-repeat":"repeat","background-position":"center center","background-size":"auto","background-attachment":"scroll","background-type":"","background-media":"","overlay-type":"","overlay-color":"","overlay-opacity":"","overlay-gradient":""},"mobile":{"background-color":"var(--ast-global-color-5)","background-image":"","background-repeat":"repeat","background-position":"center center","background-size":"auto","background-attachment":"scroll","background-type":"","background-media":"","overlay-type":"","overlay-color":"","overlay-opacity":"","overlay-gradient":""}}},"product_brand":[],"product_cat":[11818],"product_tag":[12119,12120,12121,12122,12123,12124,12125,12126,12127,12128,12129,12130,12131],"class_list":{"0":"post-4739","1":"product","2":"type-product","3":"status-publish","4":"has-post-thumbnail","6":"product_cat-research-chemicals","7":"product_tag-buy-camfetamine","8":"product_tag-buy-camfetamine-crystals","9":"product_tag-buy-cas-number-39628-11-0","10":"product_tag-camfetamine","11":"product_tag-camfetamine-crystals","12":"product_tag-camfetamine-crystals-for-sale","13":"product_tag-camfetamine-for-sale","14":"product_tag-camfetamine-for-sale-online","15":"product_tag-camfetamine-research-chemical","16":"product_tag-camfetamine-uk","17":"product_tag-camfetamine-usa","18":"product_tag-order-camfetamine-australia","19":"product_tag-where-to-buy-camfetamine-powder-for-sale-online","20":"desktop-align-left","21":"tablet-align-left","22":"mobile-align-left","24":"first","25":"instock","26":"shipping-taxable","27":"purchasable","28":"product-type-variable"},"yoast_head":"<!-- This site is optimized with the Yoast SEO plugin v27.4 - https:\/\/yoast.com\/product\/yoast-seo-wordpress\/ -->\n<title>Order Camfetamine For Sale -<\/title>\n<meta name=\"robots\" content=\"index, follow, max-snippet:-1, max-image-preview:large, max-video-preview:-1\" \/>\n<link rel=\"canonical\" href=\"https:\/\/exoticchemicals.com\/cs\/product\/order-camfetamine-for-sale\/\" \/>\n<meta property=\"og:locale\" content=\"cs_CZ\" \/>\n<meta property=\"og:type\" content=\"article\" \/>\n<meta property=\"og:title\" content=\"Order Camfetamine For Sale -\" \/>\n<meta property=\"og:description\" content=\"Order CAS Number: 39628\u201311\u20130 \u2013 Camfetamine from USA \u2013 How to order CAS number: 39628-11 0 \u2013 Camfetamine from UK\" \/>\n<meta property=\"og:url\" content=\"https:\/\/exoticchemicals.com\/cs\/product\/order-camfetamine-for-sale\/\" \/>\n<meta property=\"article:modified_time\" content=\"2026-04-10T06:51:36+00:00\" \/>\n<meta name=\"twitter:card\" content=\"summary_large_image\" \/>\n<meta name=\"twitter:label1\" content=\"Odhadovan\u00e1 doba \u010dten\u00ed\" \/>\n\t<meta name=\"twitter:data1\" content=\"2 minuty\" \/>\n<script type=\"application\/ld+json\" class=\"yoast-schema-graph\">{\"@context\":\"https:\\\/\\\/schema.org\",\"@graph\":[{\"@type\":\"WebPage\",\"@id\":\"https:\\\/\\\/exoticchemicals.com\\\/product\\\/order-camfetamine-for-sale\\\/\",\"url\":\"https:\\\/\\\/exoticchemicals.com\\\/product\\\/order-camfetamine-for-sale\\\/\",\"name\":\"Order Camfetamine For Sale -\",\"isPartOf\":{\"@id\":\"https:\\\/\\\/exoticchemicals.com\\\/#website\"},\"primaryImageOfPage\":{\"@id\":\"https:\\\/\\\/exoticchemicals.com\\\/product\\\/order-camfetamine-for-sale\\\/#primaryimage\"},\"image\":{\"@id\":\"https:\\\/\\\/exoticchemicals.com\\\/product\\\/order-camfetamine-for-sale\\\/#primaryimage\"},\"thumbnailUrl\":\"https:\\\/\\\/exoticchemicals.com\\\/wp-content\\\/uploads\\\/2026\\\/01\\\/crystalline-crystals.webp\",\"datePublished\":\"2026-01-29T21:20:13+00:00\",\"dateModified\":\"2026-04-10T06:51:36+00:00\",\"breadcrumb\":{\"@id\":\"https:\\\/\\\/exoticchemicals.com\\\/product\\\/order-camfetamine-for-sale\\\/#breadcrumb\"},\"inLanguage\":\"cs\",\"potentialAction\":[{\"@type\":\"ReadAction\",\"target\":[\"https:\\\/\\\/exoticchemicals.com\\\/product\\\/order-camfetamine-for-sale\\\/\"]}]},{\"@type\":\"ImageObject\",\"inLanguage\":\"cs\",\"@id\":\"https:\\\/\\\/exoticchemicals.com\\\/product\\\/order-camfetamine-for-sale\\\/#primaryimage\",\"url\":\"https:\\\/\\\/exoticchemicals.com\\\/wp-content\\\/uploads\\\/2026\\\/01\\\/crystalline-crystals.webp\",\"contentUrl\":\"https:\\\/\\\/exoticchemicals.com\\\/wp-content\\\/uploads\\\/2026\\\/01\\\/crystalline-crystals.webp\",\"width\":640,\"height\":640},{\"@type\":\"BreadcrumbList\",\"@id\":\"https:\\\/\\\/exoticchemicals.com\\\/product\\\/order-camfetamine-for-sale\\\/#breadcrumb\",\"itemListElement\":[{\"@type\":\"ListItem\",\"position\":1,\"name\":\"Home\",\"item\":\"https:\\\/\\\/exoticchemicals.com\\\/\"},{\"@type\":\"ListItem\",\"position\":2,\"name\":\"Shop\",\"item\":\"https:\\\/\\\/exoticchemicals.com\\\/shop\\\/\"},{\"@type\":\"ListItem\",\"position\":3,\"name\":\"Order Camfetamine For Sale\"}]},{\"@type\":\"WebSite\",\"@id\":\"https:\\\/\\\/exoticchemicals.com\\\/#website\",\"url\":\"https:\\\/\\\/exoticchemicals.com\\\/\",\"name\":\"exotic chemicals\",\"description\":\"Buy MDPHP Hydrochloride\",\"publisher\":{\"@id\":\"https:\\\/\\\/exoticchemicals.com\\\/#\\\/schema\\\/person\\\/07ad08472b6f5b213792451a32dbe8c7\"},\"potentialAction\":[{\"@type\":\"SearchAction\",\"target\":{\"@type\":\"EntryPoint\",\"urlTemplate\":\"https:\\\/\\\/exoticchemicals.com\\\/?s={search_term_string}\"},\"query-input\":{\"@type\":\"PropertyValueSpecification\",\"valueRequired\":true,\"valueName\":\"search_term_string\"}}],\"inLanguage\":\"cs\"},{\"@type\":[\"Person\",\"Organization\"],\"@id\":\"https:\\\/\\\/exoticchemicals.com\\\/#\\\/schema\\\/person\\\/07ad08472b6f5b213792451a32dbe8c7\",\"name\":\"wwalkershop@gmail.com\",\"image\":{\"@type\":\"ImageObject\",\"inLanguage\":\"cs\",\"@id\":\"https:\\\/\\\/exoticchemicals.com\\\/wp-content\\\/uploads\\\/2025\\\/02\\\/pure-3-1-1.png\",\"url\":\"https:\\\/\\\/exoticchemicals.com\\\/wp-content\\\/uploads\\\/2025\\\/02\\\/pure-3-1-1.png\",\"contentUrl\":\"https:\\\/\\\/exoticchemicals.com\\\/wp-content\\\/uploads\\\/2025\\\/02\\\/pure-3-1-1.png\",\"width\":500,\"height\":500,\"caption\":\"wwalkershop@gmail.com\"},\"logo\":{\"@id\":\"https:\\\/\\\/exoticchemicals.com\\\/wp-content\\\/uploads\\\/2025\\\/02\\\/pure-3-1-1.png\"},\"sameAs\":[\"http:\\\/\\\/exoticchemicals.com\"]}]}<\/script>\n<!-- \/ Yoast SEO plugin. -->","yoast_head_json":{"title":"Order Camfetamine For Sale -","robots":{"index":"index","follow":"follow","max-snippet":"max-snippet:-1","max-image-preview":"max-image-preview:large","max-video-preview":"max-video-preview:-1"},"canonical":"https:\/\/exoticchemicals.com\/cs\/product\/order-camfetamine-for-sale\/","og_locale":"cs_CZ","og_type":"article","og_title":"Order Camfetamine For Sale -","og_description":"Order CAS Number: 39628\u201311\u20130 \u2013 Camfetamine from USA \u2013 How to order CAS number: 39628-11 0 \u2013 Camfetamine from UK","og_url":"https:\/\/exoticchemicals.com\/cs\/product\/order-camfetamine-for-sale\/","article_modified_time":"2026-04-10T06:51:36+00:00","twitter_card":"summary_large_image","twitter_misc":{"Odhadovan\u00e1 doba \u010dten\u00ed":"2 minuty"},"schema":{"@context":"https:\/\/schema.org","@graph":[{"@type":"WebPage","@id":"https:\/\/exoticchemicals.com\/product\/order-camfetamine-for-sale\/","url":"https:\/\/exoticchemicals.com\/product\/order-camfetamine-for-sale\/","name":"Order Camfetamine For Sale -","isPartOf":{"@id":"https:\/\/exoticchemicals.com\/#website"},"primaryImageOfPage":{"@id":"https:\/\/exoticchemicals.com\/product\/order-camfetamine-for-sale\/#primaryimage"},"image":{"@id":"https:\/\/exoticchemicals.com\/product\/order-camfetamine-for-sale\/#primaryimage"},"thumbnailUrl":"https:\/\/exoticchemicals.com\/wp-content\/uploads\/2026\/01\/crystalline-crystals.webp","datePublished":"2026-01-29T21:20:13+00:00","dateModified":"2026-04-10T06:51:36+00:00","breadcrumb":{"@id":"https:\/\/exoticchemicals.com\/product\/order-camfetamine-for-sale\/#breadcrumb"},"inLanguage":"cs","potentialAction":[{"@type":"ReadAction","target":["https:\/\/exoticchemicals.com\/product\/order-camfetamine-for-sale\/"]}]},{"@type":"ImageObject","inLanguage":"cs","@id":"https:\/\/exoticchemicals.com\/product\/order-camfetamine-for-sale\/#primaryimage","url":"https:\/\/exoticchemicals.com\/wp-content\/uploads\/2026\/01\/crystalline-crystals.webp","contentUrl":"https:\/\/exoticchemicals.com\/wp-content\/uploads\/2026\/01\/crystalline-crystals.webp","width":640,"height":640},{"@type":"BreadcrumbList","@id":"https:\/\/exoticchemicals.com\/product\/order-camfetamine-for-sale\/#breadcrumb","itemListElement":[{"@type":"ListItem","position":1,"name":"Home","item":"https:\/\/exoticchemicals.com\/"},{"@type":"ListItem","position":2,"name":"Shop","item":"https:\/\/exoticchemicals.com\/shop\/"},{"@type":"ListItem","position":3,"name":"Order Camfetamine For Sale"}]},{"@type":"WebSite","@id":"https:\/\/exoticchemicals.com\/#website","url":"https:\/\/exoticchemicals.com\/","name":"exotick\u00e9 chemik\u00e1lie","description":"Koupit MDPHP hydrochlorid","publisher":{"@id":"https:\/\/exoticchemicals.com\/#\/schema\/person\/07ad08472b6f5b213792451a32dbe8c7"},"potentialAction":[{"@type":"SearchAction","target":{"@type":"EntryPoint","urlTemplate":"https:\/\/exoticchemicals.com\/?s={search_term_string}"},"query-input":{"@type":"PropertyValueSpecification","valueRequired":true,"valueName":"search_term_string"}}],"inLanguage":"cs"},{"@type":["Person","Organization"],"@id":"https:\/\/exoticchemicals.com\/#\/schema\/person\/07ad08472b6f5b213792451a32dbe8c7","name":"wwalkershop@gmail.com","image":{"@type":"ImageObject","inLanguage":"cs","@id":"https:\/\/exoticchemicals.com\/wp-content\/uploads\/2025\/02\/pure-3-1-1.png","url":"https:\/\/exoticchemicals.com\/wp-content\/uploads\/2025\/02\/pure-3-1-1.png","contentUrl":"https:\/\/exoticchemicals.com\/wp-content\/uploads\/2025\/02\/pure-3-1-1.png","width":500,"height":500,"caption":"wwalkershop@gmail.com"},"logo":{"@id":"https:\/\/exoticchemicals.com\/wp-content\/uploads\/2025\/02\/pure-3-1-1.png"},"sameAs":["http:\/\/exoticchemicals.com"]}]}},"uagb_featured_image_src":{"full":["https:\/\/exoticchemicals.com\/wp-content\/uploads\/2026\/01\/crystalline-crystals.webp",640,640,false],"thumbnail":["https:\/\/exoticchemicals.com\/wp-content\/uploads\/2026\/01\/crystalline-crystals-150x150.webp",150,150,true],"medium":["https:\/\/exoticchemicals.com\/wp-content\/uploads\/2026\/01\/crystalline-crystals-300x300.webp",300,300,true],"medium_large":["https:\/\/exoticchemicals.com\/wp-content\/uploads\/2026\/01\/crystalline-crystals.webp",640,640,false],"large":["https:\/\/exoticchemicals.com\/wp-content\/uploads\/2026\/01\/crystalline-crystals.webp",640,640,false],"1536x1536":["https:\/\/exoticchemicals.com\/wp-content\/uploads\/2026\/01\/crystalline-crystals.webp",640,640,false],"2048x2048":["https:\/\/exoticchemicals.com\/wp-content\/uploads\/2026\/01\/crystalline-crystals.webp",640,640,false],"trp-custom-language-flag":["https:\/\/exoticchemicals.com\/wp-content\/uploads\/2026\/01\/crystalline-crystals-12x12.webp",12,12,true],"woocommerce_thumbnail":["https:\/\/exoticchemicals.com\/wp-content\/uploads\/2026\/01\/crystalline-crystals-300x300.webp",300,300,true],"woocommerce_single":["https:\/\/exoticchemicals.com\/wp-content\/uploads\/2026\/01\/crystalline-crystals-600x600.webp",600,600,true],"woocommerce_gallery_thumbnail":["https:\/\/exoticchemicals.com\/wp-content\/uploads\/2026\/01\/crystalline-crystals-100x100.webp",100,100,true]},"uagb_author_info":{"display_name":"wwalkershop@gmail.com","author_link":"https:\/\/exoticchemicals.com\/cs\/author\/"},"uagb_comment_info":11,"uagb_excerpt":"Order CAS Number: 39628\u201311\u20130 \u2013 Camfetamine from USA \u2013 How to order CAS number: 39628-11 0 \u2013 Camfetamine from UK","_links":{"self":[{"href":"https:\/\/exoticchemicals.com\/cs\/wp-json\/wp\/v2\/product\/4739","targetHints":{"allow":["GET"]}}],"collection":[{"href":"https:\/\/exoticchemicals.com\/cs\/wp-json\/wp\/v2\/product"}],"about":[{"href":"https:\/\/exoticchemicals.com\/cs\/wp-json\/wp\/v2\/types\/product"}],"replies":[{"embeddable":true,"href":"https:\/\/exoticchemicals.com\/cs\/wp-json\/wp\/v2\/comments?post=4739"}],"wp:featuredmedia":[{"embeddable":true,"href":"https:\/\/exoticchemicals.com\/cs\/wp-json\/wp\/v2\/media\/4749"}],"wp:attachment":[{"href":"https:\/\/exoticchemicals.com\/cs\/wp-json\/wp\/v2\/media?parent=4739"}],"wp:term":[{"taxonomy":"product_brand","embeddable":true,"href":"https:\/\/exoticchemicals.com\/cs\/wp-json\/wp\/v2\/product_brand?post=4739"},{"taxonomy":"product_cat","embeddable":true,"href":"https:\/\/exoticchemicals.com\/cs\/wp-json\/wp\/v2\/product_cat?post=4739"},{"taxonomy":"product_tag","embeddable":true,"href":"https:\/\/exoticchemicals.com\/cs\/wp-json\/wp\/v2\/product_tag?post=4739"}],"curies":[{"name":"wp","href":"https:\/\/api.w.org\/{rel}","templated":true}]}}