{"id":4884,"date":"2026-01-29T21:21:09","date_gmt":"2026-01-29T21:21:09","guid":{"rendered":"https:\/\/exoticchemicals.com\/?post_type=product&#038;p=4884"},"modified":"2026-04-05T20:51:54","modified_gmt":"2026-04-05T20:51:54","slug":"buy-5f-mdmb-2201-online","status":"publish","type":"product","link":"https:\/\/exoticchemicals.com\/cs\/product\/buy-5f-mdmb-2201-online\/","title":{"rendered":"Buy 5F-MDMB-2201 online"},"content":{"rendered":"<h1 style=\"text-align: center\">Buy 5F-MDMB-2201 online | Order 5F-MDMB-2201 for sale online<\/h1>\n<p>\u00a0<\/p>\n<p>5F-MDMB-2201 also called 5 fluoro MDMB-PICA and carbonyl of n [[1 (5-fluoropentyl) \u2013 1H-indol-3-yl]] \u2013 3-methyl-L -valine, methyl ester, 5F-MDMB-2201 is specifically a chemical substance of Idazole-3-Carboaminide, and as such has chemical properties similar to certain chemical substances used as \u2018designer drugs\u2019, for example ADB-FUBINACA and 5F- ADB. It is a complex biochemical, and has diverse applications in in vitro experimentation<a href=\"https:\/\/clinicalresearchchemicals.com\/\">.<\/a> And as a calibration or reference sample in many forensic laboratories and mass spectrometry.\u00a0 Buy 5F-MDMB-2201 online<\/p>\n<h2 style=\"text-align: center\">Where to Buy <a href=\"https:\/\/chemcrystals.com\/product\/buy-5f-mdmb-2201-online\/\">5F-MDMB-2201<\/a> online safely and discreet<\/h2>\n<p>Like other synthetic indazole cannabinoids, this chemical binds to the human receptors CB1 and CB2, creating a range of sensory and physiological effects. For this reason, 5F-MDMB and many similarcomounds have seen use as recreational chemicals or alleged designer drugs. We sell 5F-MDMB-2201 only as a laboratory and \/ or research chemical. Any other use is contrary to our conditions. None of our research chemicals, reagents or other sources are intended for human use. They are not labeled for or approved as supplements, medicines or class treatments. 5F-MDMB-2201 should be the managed personnel who have had safety training of the materials<a href=\"https:\/\/alphachemicalslab.com\/\">.<\/a> 5F-MDMB-2201 for sale <a href=\"https:\/\/e-vendors.com\/\">online<\/a><\/p>\n<p>\u00a0<\/p>\n<p>\u00a0<\/p>\n<p>\u00a0<\/p>\n<p>\u00a0<\/p>\n","protected":false},"excerpt":{"rendered":"<p>Buy 5F-MDMB-2201 online | Order 5F-MDMB-2201 for sale online \u00a0 5F-MDMB-2201 also called 5 fluoro MDMB-PICA and carbonyl of n [[1 (5-fluoropentyl) \u2013 1H-indol-3-yl]] \u2013 3-methyl-L -valine, methyl ester, 5F-MDMB-2201 is specifically a chemical substance of Idazole-3-Carboaminide, and as such has chemical properties similar to certain chemical substances used as \u2018designer drugs\u2019, for example ADB-FUBINACA [&hellip;]<\/p>\n","protected":false},"featured_media":4890,"comment_status":"closed","ping_status":"closed","template":"","meta":{"_uag_custom_page_level_css":"","site-sidebar-layout":"default","site-content-layout":"","ast-site-content-layout":"default","site-content-style":"default","site-sidebar-style":"default","ast-global-header-display":"","ast-banner-title-visibility":"","ast-main-header-display":"","ast-hfb-above-header-display":"","ast-hfb-below-header-display":"","ast-hfb-mobile-header-display":"","site-post-title":"","ast-breadcrumbs-content":"","ast-featured-img":"","footer-sml-layout":"","ast-disable-related-posts":"","theme-transparent-header-meta":"","adv-header-id-meta":"","stick-header-meta":"","header-above-stick-meta":"","header-main-stick-meta":"","header-below-stick-meta":"","astra-migrate-meta-layouts":"default","ast-page-background-enabled":"default","ast-page-background-meta":{"desktop":{"background-color":"","background-image":"","background-repeat":"repeat","background-position":"center center","background-size":"auto","background-attachment":"scroll","background-type":"","background-media":"","overlay-type":"","overlay-color":"","overlay-opacity":"","overlay-gradient":""},"tablet":{"background-color":"","background-image":"","background-repeat":"repeat","background-position":"center center","background-size":"auto","background-attachment":"scroll","background-type":"","background-media":"","overlay-type":"","overlay-color":"","overlay-opacity":"","overlay-gradient":""},"mobile":{"background-color":"","background-image":"","background-repeat":"repeat","background-position":"center center","background-size":"auto","background-attachment":"scroll","background-type":"","background-media":"","overlay-type":"","overlay-color":"","overlay-opacity":"","overlay-gradient":""}},"ast-content-background-meta":{"desktop":{"background-color":"var(--ast-global-color-5)","background-image":"","background-repeat":"repeat","background-position":"center center","background-size":"auto","background-attachment":"scroll","background-type":"","background-media":"","overlay-type":"","overlay-color":"","overlay-opacity":"","overlay-gradient":""},"tablet":{"background-color":"var(--ast-global-color-5)","background-image":"","background-repeat":"repeat","background-position":"center center","background-size":"auto","background-attachment":"scroll","background-type":"","background-media":"","overlay-type":"","overlay-color":"","overlay-opacity":"","overlay-gradient":""},"mobile":{"background-color":"var(--ast-global-color-5)","background-image":"","background-repeat":"repeat","background-position":"center center","background-size":"auto","background-attachment":"scroll","background-type":"","background-media":"","overlay-type":"","overlay-color":"","overlay-opacity":"","overlay-gradient":""}}},"product_brand":[],"product_cat":[11818],"product_tag":[12435,12436],"class_list":{"0":"post-4884","1":"product","2":"type-product","3":"status-publish","4":"has-post-thumbnail","6":"product_cat-research-chemicals","7":"product_tag-buy-5f-mdmb-2201-online","8":"product_tag-order-5f-mdmb-2201-for-sale-online","9":"desktop-align-left","10":"tablet-align-left","11":"mobile-align-left","13":"first","14":"instock","15":"shipping-taxable","16":"purchasable","17":"product-type-variable"},"yoast_head":"<!-- This site is optimized with the Yoast SEO plugin v27.5 - https:\/\/yoast.com\/product\/yoast-seo-wordpress\/ -->\n<title>Buy 5F-MDMB-2201 online -<\/title>\n<meta name=\"robots\" content=\"index, follow, max-snippet:-1, max-image-preview:large, max-video-preview:-1\" \/>\n<link rel=\"canonical\" href=\"https:\/\/exoticchemicals.com\/cs\/product\/buy-5f-mdmb-2201-online\/\" \/>\n<meta property=\"og:locale\" content=\"cs_CZ\" \/>\n<meta property=\"og:type\" content=\"article\" \/>\n<meta property=\"og:title\" content=\"Buy 5F-MDMB-2201 online -\" \/>\n<meta property=\"og:description\" content=\"Buy 5F-MDMB-2201 online | Order 5F-MDMB-2201 for sale online \u00a0 5F-MDMB-2201 also called 5 fluoro MDMB-PICA and carbonyl of n [[1 (5-fluoropentyl) \u2013 1H-indol-3-yl]] \u2013 3-methyl-L -valine, methyl ester, 5F-MDMB-2201 is specifically a chemical substance of Idazole-3-Carboaminide, and as such has chemical properties similar to certain chemical substances used as \u2018designer drugs\u2019, for example ADB-FUBINACA [&hellip;]\" \/>\n<meta property=\"og:url\" content=\"https:\/\/exoticchemicals.com\/cs\/product\/buy-5f-mdmb-2201-online\/\" \/>\n<meta property=\"article:modified_time\" content=\"2026-04-05T20:51:54+00:00\" \/>\n<meta name=\"twitter:card\" content=\"summary_large_image\" \/>\n<meta name=\"twitter:label1\" content=\"Odhadovan\u00e1 doba \u010dten\u00ed\" \/>\n\t<meta name=\"twitter:data1\" content=\"1 minuta\" \/>\n<script type=\"application\/ld+json\" class=\"yoast-schema-graph\">{\"@context\":\"https:\\\/\\\/schema.org\",\"@graph\":[{\"@type\":\"WebPage\",\"@id\":\"https:\\\/\\\/exoticchemicals.com\\\/product\\\/buy-5f-mdmb-2201-online\\\/\",\"url\":\"https:\\\/\\\/exoticchemicals.com\\\/product\\\/buy-5f-mdmb-2201-online\\\/\",\"name\":\"Buy 5F-MDMB-2201 online -\",\"isPartOf\":{\"@id\":\"https:\\\/\\\/exoticchemicals.com\\\/#website\"},\"primaryImageOfPage\":{\"@id\":\"https:\\\/\\\/exoticchemicals.com\\\/product\\\/buy-5f-mdmb-2201-online\\\/#primaryimage\"},\"image\":{\"@id\":\"https:\\\/\\\/exoticchemicals.com\\\/product\\\/buy-5f-mdmb-2201-online\\\/#primaryimage\"},\"thumbnailUrl\":\"https:\\\/\\\/exoticchemicals.com\\\/wp-content\\\/uploads\\\/2026\\\/01\\\/isotonitazene-scaled-1.webp\",\"datePublished\":\"2026-01-29T21:21:09+00:00\",\"dateModified\":\"2026-04-05T20:51:54+00:00\",\"breadcrumb\":{\"@id\":\"https:\\\/\\\/exoticchemicals.com\\\/product\\\/buy-5f-mdmb-2201-online\\\/#breadcrumb\"},\"inLanguage\":\"cs\",\"potentialAction\":[{\"@type\":\"ReadAction\",\"target\":[\"https:\\\/\\\/exoticchemicals.com\\\/product\\\/buy-5f-mdmb-2201-online\\\/\"]}]},{\"@type\":\"ImageObject\",\"inLanguage\":\"cs\",\"@id\":\"https:\\\/\\\/exoticchemicals.com\\\/product\\\/buy-5f-mdmb-2201-online\\\/#primaryimage\",\"url\":\"https:\\\/\\\/exoticchemicals.com\\\/wp-content\\\/uploads\\\/2026\\\/01\\\/isotonitazene-scaled-1.webp\",\"contentUrl\":\"https:\\\/\\\/exoticchemicals.com\\\/wp-content\\\/uploads\\\/2026\\\/01\\\/isotonitazene-scaled-1.webp\",\"width\":2560,\"height\":1440},{\"@type\":\"BreadcrumbList\",\"@id\":\"https:\\\/\\\/exoticchemicals.com\\\/product\\\/buy-5f-mdmb-2201-online\\\/#breadcrumb\",\"itemListElement\":[{\"@type\":\"ListItem\",\"position\":1,\"name\":\"Home\",\"item\":\"https:\\\/\\\/exoticchemicals.com\\\/\"},{\"@type\":\"ListItem\",\"position\":2,\"name\":\"Shop\",\"item\":\"https:\\\/\\\/exoticchemicals.com\\\/shop\\\/\"},{\"@type\":\"ListItem\",\"position\":3,\"name\":\"Buy 5F-MDMB-2201 online\"}]},{\"@type\":\"WebSite\",\"@id\":\"https:\\\/\\\/exoticchemicals.com\\\/#website\",\"url\":\"https:\\\/\\\/exoticchemicals.com\\\/\",\"name\":\"exotic chemicals\",\"description\":\"Buy MDPHP Hydrochloride\",\"publisher\":{\"@id\":\"https:\\\/\\\/exoticchemicals.com\\\/#\\\/schema\\\/person\\\/07ad08472b6f5b213792451a32dbe8c7\"},\"potentialAction\":[{\"@type\":\"SearchAction\",\"target\":{\"@type\":\"EntryPoint\",\"urlTemplate\":\"https:\\\/\\\/exoticchemicals.com\\\/?s={search_term_string}\"},\"query-input\":{\"@type\":\"PropertyValueSpecification\",\"valueRequired\":true,\"valueName\":\"search_term_string\"}}],\"inLanguage\":\"cs\"},{\"@type\":[\"Person\",\"Organization\"],\"@id\":\"https:\\\/\\\/exoticchemicals.com\\\/#\\\/schema\\\/person\\\/07ad08472b6f5b213792451a32dbe8c7\",\"name\":\"wwalkershop@gmail.com\",\"image\":{\"@type\":\"ImageObject\",\"inLanguage\":\"cs\",\"@id\":\"https:\\\/\\\/exoticchemicals.com\\\/wp-content\\\/uploads\\\/2025\\\/02\\\/pure-3-1-1.png\",\"url\":\"https:\\\/\\\/exoticchemicals.com\\\/wp-content\\\/uploads\\\/2025\\\/02\\\/pure-3-1-1.png\",\"contentUrl\":\"https:\\\/\\\/exoticchemicals.com\\\/wp-content\\\/uploads\\\/2025\\\/02\\\/pure-3-1-1.png\",\"width\":500,\"height\":500,\"caption\":\"wwalkershop@gmail.com\"},\"logo\":{\"@id\":\"https:\\\/\\\/exoticchemicals.com\\\/wp-content\\\/uploads\\\/2025\\\/02\\\/pure-3-1-1.png\"},\"sameAs\":[\"http:\\\/\\\/exoticchemicals.com\"]}]}<\/script>\n<!-- \/ Yoast SEO plugin. -->","yoast_head_json":{"title":"Buy 5F-MDMB-2201 online -","robots":{"index":"index","follow":"follow","max-snippet":"max-snippet:-1","max-image-preview":"max-image-preview:large","max-video-preview":"max-video-preview:-1"},"canonical":"https:\/\/exoticchemicals.com\/cs\/product\/buy-5f-mdmb-2201-online\/","og_locale":"cs_CZ","og_type":"article","og_title":"Buy 5F-MDMB-2201 online -","og_description":"Buy 5F-MDMB-2201 online | Order 5F-MDMB-2201 for sale online \u00a0 5F-MDMB-2201 also called 5 fluoro MDMB-PICA and carbonyl of n [[1 (5-fluoropentyl) \u2013 1H-indol-3-yl]] \u2013 3-methyl-L -valine, methyl ester, 5F-MDMB-2201 is specifically a chemical substance of Idazole-3-Carboaminide, and as such has chemical properties similar to certain chemical substances used as \u2018designer drugs\u2019, for example ADB-FUBINACA [&hellip;]","og_url":"https:\/\/exoticchemicals.com\/cs\/product\/buy-5f-mdmb-2201-online\/","article_modified_time":"2026-04-05T20:51:54+00:00","twitter_card":"summary_large_image","twitter_misc":{"Odhadovan\u00e1 doba \u010dten\u00ed":"1 minuta"},"schema":{"@context":"https:\/\/schema.org","@graph":[{"@type":"WebPage","@id":"https:\/\/exoticchemicals.com\/product\/buy-5f-mdmb-2201-online\/","url":"https:\/\/exoticchemicals.com\/product\/buy-5f-mdmb-2201-online\/","name":"Buy 5F-MDMB-2201 online -","isPartOf":{"@id":"https:\/\/exoticchemicals.com\/#website"},"primaryImageOfPage":{"@id":"https:\/\/exoticchemicals.com\/product\/buy-5f-mdmb-2201-online\/#primaryimage"},"image":{"@id":"https:\/\/exoticchemicals.com\/product\/buy-5f-mdmb-2201-online\/#primaryimage"},"thumbnailUrl":"https:\/\/exoticchemicals.com\/wp-content\/uploads\/2026\/01\/isotonitazene-scaled-1.webp","datePublished":"2026-01-29T21:21:09+00:00","dateModified":"2026-04-05T20:51:54+00:00","breadcrumb":{"@id":"https:\/\/exoticchemicals.com\/product\/buy-5f-mdmb-2201-online\/#breadcrumb"},"inLanguage":"cs","potentialAction":[{"@type":"ReadAction","target":["https:\/\/exoticchemicals.com\/product\/buy-5f-mdmb-2201-online\/"]}]},{"@type":"ImageObject","inLanguage":"cs","@id":"https:\/\/exoticchemicals.com\/product\/buy-5f-mdmb-2201-online\/#primaryimage","url":"https:\/\/exoticchemicals.com\/wp-content\/uploads\/2026\/01\/isotonitazene-scaled-1.webp","contentUrl":"https:\/\/exoticchemicals.com\/wp-content\/uploads\/2026\/01\/isotonitazene-scaled-1.webp","width":2560,"height":1440},{"@type":"BreadcrumbList","@id":"https:\/\/exoticchemicals.com\/product\/buy-5f-mdmb-2201-online\/#breadcrumb","itemListElement":[{"@type":"ListItem","position":1,"name":"Home","item":"https:\/\/exoticchemicals.com\/"},{"@type":"ListItem","position":2,"name":"Shop","item":"https:\/\/exoticchemicals.com\/shop\/"},{"@type":"ListItem","position":3,"name":"Buy 5F-MDMB-2201 online"}]},{"@type":"WebSite","@id":"https:\/\/exoticchemicals.com\/#website","url":"https:\/\/exoticchemicals.com\/","name":"exotick\u00e9 chemik\u00e1lie","description":"Koupit MDPHP hydrochlorid","publisher":{"@id":"https:\/\/exoticchemicals.com\/#\/schema\/person\/07ad08472b6f5b213792451a32dbe8c7"},"potentialAction":[{"@type":"SearchAction","target":{"@type":"EntryPoint","urlTemplate":"https:\/\/exoticchemicals.com\/?s={search_term_string}"},"query-input":{"@type":"PropertyValueSpecification","valueRequired":true,"valueName":"search_term_string"}}],"inLanguage":"cs"},{"@type":["Person","Organization"],"@id":"https:\/\/exoticchemicals.com\/#\/schema\/person\/07ad08472b6f5b213792451a32dbe8c7","name":"wwalkershop@gmail.com","image":{"@type":"ImageObject","inLanguage":"cs","@id":"https:\/\/exoticchemicals.com\/wp-content\/uploads\/2025\/02\/pure-3-1-1.png","url":"https:\/\/exoticchemicals.com\/wp-content\/uploads\/2025\/02\/pure-3-1-1.png","contentUrl":"https:\/\/exoticchemicals.com\/wp-content\/uploads\/2025\/02\/pure-3-1-1.png","width":500,"height":500,"caption":"wwalkershop@gmail.com"},"logo":{"@id":"https:\/\/exoticchemicals.com\/wp-content\/uploads\/2025\/02\/pure-3-1-1.png"},"sameAs":["http:\/\/exoticchemicals.com"]}]}},"uagb_featured_image_src":{"full":["https:\/\/exoticchemicals.com\/wp-content\/uploads\/2026\/01\/isotonitazene-scaled-1.webp",2560,1440,false],"thumbnail":["https:\/\/exoticchemicals.com\/wp-content\/uploads\/2026\/01\/isotonitazene-scaled-1-150x150.webp",150,150,true],"medium":["https:\/\/exoticchemicals.com\/wp-content\/uploads\/2026\/01\/isotonitazene-scaled-1-300x169.webp",300,169,true],"medium_large":["https:\/\/exoticchemicals.com\/wp-content\/uploads\/2026\/01\/isotonitazene-scaled-1-768x432.webp",768,432,true],"large":["https:\/\/exoticchemicals.com\/wp-content\/uploads\/2026\/01\/isotonitazene-scaled-1-1024x576.webp",1024,576,true],"1536x1536":["https:\/\/exoticchemicals.com\/wp-content\/uploads\/2026\/01\/isotonitazene-scaled-1-1536x864.webp",1536,864,true],"2048x2048":["https:\/\/exoticchemicals.com\/wp-content\/uploads\/2026\/01\/isotonitazene-scaled-1-2048x1152.webp",2048,1152,true],"trp-custom-language-flag":["https:\/\/exoticchemicals.com\/wp-content\/uploads\/2026\/01\/isotonitazene-scaled-1-18x10.webp",18,10,true],"woocommerce_thumbnail":["https:\/\/exoticchemicals.com\/wp-content\/uploads\/2026\/01\/isotonitazene-scaled-1-300x300.webp",300,300,true],"woocommerce_single":["https:\/\/exoticchemicals.com\/wp-content\/uploads\/2026\/01\/isotonitazene-scaled-1-600x338.webp",600,338,true],"woocommerce_gallery_thumbnail":["https:\/\/exoticchemicals.com\/wp-content\/uploads\/2026\/01\/isotonitazene-scaled-1-100x100.webp",100,100,true]},"uagb_author_info":{"display_name":"wwalkershop@gmail.com","author_link":"https:\/\/exoticchemicals.com\/cs\/author\/"},"uagb_comment_info":3,"uagb_excerpt":"Buy 5F-MDMB-2201 online | Order 5F-MDMB-2201 for sale online \u00a0 5F-MDMB-2201 also called 5 fluoro MDMB-PICA and carbonyl of n [[1 (5-fluoropentyl) \u2013 1H-indol-3-yl]] \u2013 3-methyl-L -valine, methyl ester, 5F-MDMB-2201 is specifically a chemical substance of Idazole-3-Carboaminide, and as such has chemical properties similar to certain chemical substances used as \u2018designer drugs\u2019, for example ADB-FUBINACA&hellip;","_links":{"self":[{"href":"https:\/\/exoticchemicals.com\/cs\/wp-json\/wp\/v2\/product\/4884","targetHints":{"allow":["GET"]}}],"collection":[{"href":"https:\/\/exoticchemicals.com\/cs\/wp-json\/wp\/v2\/product"}],"about":[{"href":"https:\/\/exoticchemicals.com\/cs\/wp-json\/wp\/v2\/types\/product"}],"replies":[{"embeddable":true,"href":"https:\/\/exoticchemicals.com\/cs\/wp-json\/wp\/v2\/comments?post=4884"}],"wp:featuredmedia":[{"embeddable":true,"href":"https:\/\/exoticchemicals.com\/cs\/wp-json\/wp\/v2\/media\/4890"}],"wp:attachment":[{"href":"https:\/\/exoticchemicals.com\/cs\/wp-json\/wp\/v2\/media?parent=4884"}],"wp:term":[{"taxonomy":"product_brand","embeddable":true,"href":"https:\/\/exoticchemicals.com\/cs\/wp-json\/wp\/v2\/product_brand?post=4884"},{"taxonomy":"product_cat","embeddable":true,"href":"https:\/\/exoticchemicals.com\/cs\/wp-json\/wp\/v2\/product_cat?post=4884"},{"taxonomy":"product_tag","embeddable":true,"href":"https:\/\/exoticchemicals.com\/cs\/wp-json\/wp\/v2\/product_tag?post=4884"}],"curies":[{"name":"wp","href":"https:\/\/api.w.org\/{rel}","templated":true}]}}