{"id":5288,"date":"2026-01-29T21:33:35","date_gmt":"2026-01-29T21:33:35","guid":{"rendered":"https:\/\/exoticchemicals.com\/?post_type=product&#038;p=5288"},"modified":"2026-04-10T09:31:42","modified_gmt":"2026-04-10T09:31:42","slug":"23b-pvp","status":"publish","type":"product","link":"https:\/\/exoticchemicals.com\/cs\/product\/23b-pvp\/","title":{"rendered":"23b-Pvp"},"content":{"rendered":"<div class=\"woocommerce-product-details__short-description\">\n<div class=\"woocommerce-product-details__short-description\">\n<div class=\"woocommerce-product-details__short-description\">\n<h3 style=\"text-align: center\"><strong>23b-Pvp<\/strong><\/h3>\n<p>23b-Pvp is a relatively new substance, is a synthetic psychostimulant of the cathinone. By its action 23B-PVP is similar to a-PVP. 23 PVP, like other psychostimulants, can cause hyperstimulation, paranoia, and hallucinations. At the moment very little <a href=\"https:\/\/researchchemicalshop.com\/shop\/\">data<\/a> exists about the pharmacological properties, metabolism, and toxicity of 23 PVP. 23 PVP is a new research chemical act as a psychostimulant. It is similar with a-PVP. Its purity is over 99.8%. regarding the pharmacology of 23-PVP within the scientific literature.<\/p>\n<p>The research chemical market is rich on different synthetic stimulants for sale. 23 PVP is included into the class of cathinones as well as a-PVP. If you want to buy flakka analogue, this designer drug could be a great alternative. It could guarantee you cathinones-like stimulation and euphoric effects from 23 PVP usage. relatively new substance, is a synthetic psychostimulant of the cathinone. By its action 23 PVP is similar to a-PVP. like other psychostimulants, can cause hyperstimulation, paranoia, and hallucinations<a href=\"https:\/\/motorboatsmarine.com\/shop\/\">.<\/a><\/p>\n<\/p><\/div>\n<\/p><\/div>\n<\/p><\/div>","protected":false},"excerpt":{"rendered":"<p>23b-Pvp 23b-Pvp is a relatively new substance, is a synthetic psychostimulant of the cathinone. By its action 23B-PVP is similar to a-PVP. 23 PVP, like other psychostimulants, can cause hyperstimulation, paranoia, and hallucinations. At the moment very little data exists about the pharmacological properties, metabolism, and toxicity of 23 PVP. 23 PVP is a new [&hellip;]<\/p>\n","protected":false},"featured_media":5294,"comment_status":"closed","ping_status":"closed","template":"","meta":{"_uag_custom_page_level_css":"","site-sidebar-layout":"default","site-content-layout":"","ast-site-content-layout":"","site-content-style":"default","site-sidebar-style":"default","ast-global-header-display":"","ast-banner-title-visibility":"","ast-main-header-display":"","ast-hfb-above-header-display":"","ast-hfb-below-header-display":"","ast-hfb-mobile-header-display":"","site-post-title":"","ast-breadcrumbs-content":"","ast-featured-img":"","footer-sml-layout":"","theme-transparent-header-meta":"","adv-header-id-meta":"","stick-header-meta":"","header-above-stick-meta":"","header-main-stick-meta":"","header-below-stick-meta":"","astra-migrate-meta-layouts":"default","ast-page-background-enabled":"default","ast-page-background-meta":{"desktop":{"background-color":"","background-image":"","background-repeat":"repeat","background-position":"center center","background-size":"auto","background-attachment":"scroll","background-type":"","background-media":"","overlay-type":"","overlay-color":"","overlay-opacity":"","overlay-gradient":""},"tablet":{"background-color":"","background-image":"","background-repeat":"repeat","background-position":"center center","background-size":"auto","background-attachment":"scroll","background-type":"","background-media":"","overlay-type":"","overlay-color":"","overlay-opacity":"","overlay-gradient":""},"mobile":{"background-color":"","background-image":"","background-repeat":"repeat","background-position":"center center","background-size":"auto","background-attachment":"scroll","background-type":"","background-media":"","overlay-type":"","overlay-color":"","overlay-opacity":"","overlay-gradient":""}},"ast-content-background-meta":{"desktop":{"background-color":"var(--ast-global-color-5)","background-image":"","background-repeat":"repeat","background-position":"center center","background-size":"auto","background-attachment":"scroll","background-type":"","background-media":"","overlay-type":"","overlay-color":"","overlay-opacity":"","overlay-gradient":""},"tablet":{"background-color":"var(--ast-global-color-5)","background-image":"","background-repeat":"repeat","background-position":"center center","background-size":"auto","background-attachment":"scroll","background-type":"","background-media":"","overlay-type":"","overlay-color":"","overlay-opacity":"","overlay-gradient":""},"mobile":{"background-color":"var(--ast-global-color-5)","background-image":"","background-repeat":"repeat","background-position":"center center","background-size":"auto","background-attachment":"scroll","background-type":"","background-media":"","overlay-type":"","overlay-color":"","overlay-opacity":"","overlay-gradient":""}}},"product_brand":[],"product_cat":[22],"product_tag":[13181,12926,12928,5649,1852,12929,12930,12931,12932,5717,5729,5731,5735,5736,12946,12947,12948,12949,12950,12951,12952,12953,12954,12955,12956,12957,1502,5685,5741,5743,5744,12958,12959,12960,12961,12963,12964,12965,5749,5753,5763],"class_list":{"0":"post-5288","1":"product","2":"type-product","3":"status-publish","4":"has-post-thumbnail","6":"product_cat-buy-high-quality-mdpv-hydrochloride","7":"product_tag-23b-pvp","8":"product_tag-2c-research-chemical","9":"product_tag-buy-research-chemical","10":"product_tag-buy-research-chemicals","11":"product_tag-buy-research-chemicals-online","12":"product_tag-cabergoline-research-chemical","13":"product_tag-canadian-research-chemicals","14":"product_tag-domestic-research-chemicals","15":"product_tag-enclomiphene-research-chemical","16":"product_tag-legal-research-chemicals","17":"product_tag-opioid-research-chemicals","18":"product_tag-order-research-chemicals","19":"product_tag-quality-research-chemicals","20":"product_tag-reddit-research-chemicals","21":"product_tag-research-chemical","22":"product_tag-research-chemical-drugs","23":"product_tag-research-chemical-forum","24":"product_tag-research-chemical-opiates","25":"product_tag-research-chemical-reddit","26":"product_tag-research-chemical-shop","27":"product_tag-research-chemical-sources","28":"product_tag-research-chemical-store","29":"product_tag-research-chemical-supply","30":"product_tag-research-chemical-vendor-usa","31":"product_tag-research-chemical-vendors","32":"product_tag-research-chemical-vendors-reddit","33":"product_tag-research-chemicals","34":"product_tag-research-chemicals-for-sale","35":"product_tag-research-chemicals-kopen","36":"product_tag-research-chemicals-online","37":"product_tag-research-chemicals-reddit","38":"product_tag-research-chemicals-sale","39":"product_tag-research-chemicals-store","40":"product_tag-semaglutide-research-chemical","41":"product_tag-sunnyside-research-chemicals","42":"product_tag-tadalafil-research-chemical","43":"product_tag-tirzepatide-research-chemical","44":"product_tag-tirzepatide-research-chemical-for-sale","45":"product_tag-toronto-research-chemicals","46":"product_tag-what-are-research-chemicals","47":"product_tag-where-to-buy-research-chemicals","48":"desktop-align-left","49":"tablet-align-left","50":"mobile-align-left","52":"first","53":"instock","54":"shipping-taxable","55":"purchasable","56":"product-type-variable"},"yoast_head":"<!-- This site is optimized with the Yoast SEO plugin v27.4 - https:\/\/yoast.com\/product\/yoast-seo-wordpress\/ -->\n<title>23b-Pvp -<\/title>\n<meta name=\"robots\" content=\"index, follow, max-snippet:-1, max-image-preview:large, max-video-preview:-1\" \/>\n<link rel=\"canonical\" href=\"https:\/\/exoticchemicals.com\/cs\/product\/23b-pvp\/\" \/>\n<meta property=\"og:locale\" content=\"cs_CZ\" \/>\n<meta property=\"og:type\" content=\"article\" \/>\n<meta property=\"og:title\" content=\"23b-Pvp -\" \/>\n<meta property=\"og:description\" content=\"23b-Pvp 23b-Pvp is a relatively new substance, is a synthetic psychostimulant of the cathinone. By its action 23B-PVP is similar to a-PVP. 23 PVP, like other psychostimulants, can cause hyperstimulation, paranoia, and hallucinations. At the moment very little data exists about the pharmacological properties, metabolism, and toxicity of 23 PVP. 23 PVP is a new [&hellip;]\" \/>\n<meta property=\"og:url\" content=\"https:\/\/exoticchemicals.com\/cs\/product\/23b-pvp\/\" \/>\n<meta property=\"article:modified_time\" content=\"2026-04-10T09:31:42+00:00\" \/>\n<meta name=\"twitter:card\" content=\"summary_large_image\" \/>\n<meta name=\"twitter:label1\" content=\"Odhadovan\u00e1 doba \u010dten\u00ed\" \/>\n\t<meta name=\"twitter:data1\" content=\"1 minuta\" \/>\n<script type=\"application\/ld+json\" class=\"yoast-schema-graph\">{\"@context\":\"https:\\\/\\\/schema.org\",\"@graph\":[{\"@type\":\"WebPage\",\"@id\":\"https:\\\/\\\/exoticchemicals.com\\\/product\\\/23b-pvp\\\/\",\"url\":\"https:\\\/\\\/exoticchemicals.com\\\/product\\\/23b-pvp\\\/\",\"name\":\"23b-Pvp -\",\"isPartOf\":{\"@id\":\"https:\\\/\\\/exoticchemicals.com\\\/#website\"},\"primaryImageOfPage\":{\"@id\":\"https:\\\/\\\/exoticchemicals.com\\\/product\\\/23b-pvp\\\/#primaryimage\"},\"image\":{\"@id\":\"https:\\\/\\\/exoticchemicals.com\\\/product\\\/23b-pvp\\\/#primaryimage\"},\"thumbnailUrl\":\"https:\\\/\\\/exoticchemicals.com\\\/wp-content\\\/uploads\\\/2026\\\/01\\\/23B-PVP.jpg\",\"datePublished\":\"2026-01-29T21:33:35+00:00\",\"dateModified\":\"2026-04-10T09:31:42+00:00\",\"breadcrumb\":{\"@id\":\"https:\\\/\\\/exoticchemicals.com\\\/product\\\/23b-pvp\\\/#breadcrumb\"},\"inLanguage\":\"cs\",\"potentialAction\":[{\"@type\":\"ReadAction\",\"target\":[\"https:\\\/\\\/exoticchemicals.com\\\/product\\\/23b-pvp\\\/\"]}]},{\"@type\":\"ImageObject\",\"inLanguage\":\"cs\",\"@id\":\"https:\\\/\\\/exoticchemicals.com\\\/product\\\/23b-pvp\\\/#primaryimage\",\"url\":\"https:\\\/\\\/exoticchemicals.com\\\/wp-content\\\/uploads\\\/2026\\\/01\\\/23B-PVP.jpg\",\"contentUrl\":\"https:\\\/\\\/exoticchemicals.com\\\/wp-content\\\/uploads\\\/2026\\\/01\\\/23B-PVP.jpg\",\"width\":600,\"height\":600},{\"@type\":\"BreadcrumbList\",\"@id\":\"https:\\\/\\\/exoticchemicals.com\\\/product\\\/23b-pvp\\\/#breadcrumb\",\"itemListElement\":[{\"@type\":\"ListItem\",\"position\":1,\"name\":\"Home\",\"item\":\"https:\\\/\\\/exoticchemicals.com\\\/\"},{\"@type\":\"ListItem\",\"position\":2,\"name\":\"Shop\",\"item\":\"https:\\\/\\\/exoticchemicals.com\\\/shop\\\/\"},{\"@type\":\"ListItem\",\"position\":3,\"name\":\"23b-Pvp\"}]},{\"@type\":\"WebSite\",\"@id\":\"https:\\\/\\\/exoticchemicals.com\\\/#website\",\"url\":\"https:\\\/\\\/exoticchemicals.com\\\/\",\"name\":\"exotic chemicals\",\"description\":\"Buy MDPHP Hydrochloride\",\"publisher\":{\"@id\":\"https:\\\/\\\/exoticchemicals.com\\\/#\\\/schema\\\/person\\\/07ad08472b6f5b213792451a32dbe8c7\"},\"potentialAction\":[{\"@type\":\"SearchAction\",\"target\":{\"@type\":\"EntryPoint\",\"urlTemplate\":\"https:\\\/\\\/exoticchemicals.com\\\/?s={search_term_string}\"},\"query-input\":{\"@type\":\"PropertyValueSpecification\",\"valueRequired\":true,\"valueName\":\"search_term_string\"}}],\"inLanguage\":\"cs\"},{\"@type\":[\"Person\",\"Organization\"],\"@id\":\"https:\\\/\\\/exoticchemicals.com\\\/#\\\/schema\\\/person\\\/07ad08472b6f5b213792451a32dbe8c7\",\"name\":\"wwalkershop@gmail.com\",\"image\":{\"@type\":\"ImageObject\",\"inLanguage\":\"cs\",\"@id\":\"https:\\\/\\\/exoticchemicals.com\\\/wp-content\\\/uploads\\\/2025\\\/02\\\/pure-3-1-1.png\",\"url\":\"https:\\\/\\\/exoticchemicals.com\\\/wp-content\\\/uploads\\\/2025\\\/02\\\/pure-3-1-1.png\",\"contentUrl\":\"https:\\\/\\\/exoticchemicals.com\\\/wp-content\\\/uploads\\\/2025\\\/02\\\/pure-3-1-1.png\",\"width\":500,\"height\":500,\"caption\":\"wwalkershop@gmail.com\"},\"logo\":{\"@id\":\"https:\\\/\\\/exoticchemicals.com\\\/wp-content\\\/uploads\\\/2025\\\/02\\\/pure-3-1-1.png\"},\"sameAs\":[\"http:\\\/\\\/exoticchemicals.com\"]}]}<\/script>\n<!-- \/ Yoast SEO plugin. -->","yoast_head_json":{"title":"23b-Pvp -","robots":{"index":"index","follow":"follow","max-snippet":"max-snippet:-1","max-image-preview":"max-image-preview:large","max-video-preview":"max-video-preview:-1"},"canonical":"https:\/\/exoticchemicals.com\/cs\/product\/23b-pvp\/","og_locale":"cs_CZ","og_type":"article","og_title":"23b-Pvp -","og_description":"23b-Pvp 23b-Pvp is a relatively new substance, is a synthetic psychostimulant of the cathinone. By its action 23B-PVP is similar to a-PVP. 23 PVP, like other psychostimulants, can cause hyperstimulation, paranoia, and hallucinations. At the moment very little data exists about the pharmacological properties, metabolism, and toxicity of 23 PVP. 23 PVP is a new [&hellip;]","og_url":"https:\/\/exoticchemicals.com\/cs\/product\/23b-pvp\/","article_modified_time":"2026-04-10T09:31:42+00:00","twitter_card":"summary_large_image","twitter_misc":{"Odhadovan\u00e1 doba \u010dten\u00ed":"1 minuta"},"schema":{"@context":"https:\/\/schema.org","@graph":[{"@type":"WebPage","@id":"https:\/\/exoticchemicals.com\/product\/23b-pvp\/","url":"https:\/\/exoticchemicals.com\/product\/23b-pvp\/","name":"23b-Pvp -","isPartOf":{"@id":"https:\/\/exoticchemicals.com\/#website"},"primaryImageOfPage":{"@id":"https:\/\/exoticchemicals.com\/product\/23b-pvp\/#primaryimage"},"image":{"@id":"https:\/\/exoticchemicals.com\/product\/23b-pvp\/#primaryimage"},"thumbnailUrl":"https:\/\/exoticchemicals.com\/wp-content\/uploads\/2026\/01\/23B-PVP.jpg","datePublished":"2026-01-29T21:33:35+00:00","dateModified":"2026-04-10T09:31:42+00:00","breadcrumb":{"@id":"https:\/\/exoticchemicals.com\/product\/23b-pvp\/#breadcrumb"},"inLanguage":"cs","potentialAction":[{"@type":"ReadAction","target":["https:\/\/exoticchemicals.com\/product\/23b-pvp\/"]}]},{"@type":"ImageObject","inLanguage":"cs","@id":"https:\/\/exoticchemicals.com\/product\/23b-pvp\/#primaryimage","url":"https:\/\/exoticchemicals.com\/wp-content\/uploads\/2026\/01\/23B-PVP.jpg","contentUrl":"https:\/\/exoticchemicals.com\/wp-content\/uploads\/2026\/01\/23B-PVP.jpg","width":600,"height":600},{"@type":"BreadcrumbList","@id":"https:\/\/exoticchemicals.com\/product\/23b-pvp\/#breadcrumb","itemListElement":[{"@type":"ListItem","position":1,"name":"Home","item":"https:\/\/exoticchemicals.com\/"},{"@type":"ListItem","position":2,"name":"Shop","item":"https:\/\/exoticchemicals.com\/shop\/"},{"@type":"ListItem","position":3,"name":"23b-Pvp"}]},{"@type":"WebSite","@id":"https:\/\/exoticchemicals.com\/#website","url":"https:\/\/exoticchemicals.com\/","name":"exotick\u00e9 chemik\u00e1lie","description":"Koupit MDPHP hydrochlorid","publisher":{"@id":"https:\/\/exoticchemicals.com\/#\/schema\/person\/07ad08472b6f5b213792451a32dbe8c7"},"potentialAction":[{"@type":"SearchAction","target":{"@type":"EntryPoint","urlTemplate":"https:\/\/exoticchemicals.com\/?s={search_term_string}"},"query-input":{"@type":"PropertyValueSpecification","valueRequired":true,"valueName":"search_term_string"}}],"inLanguage":"cs"},{"@type":["Person","Organization"],"@id":"https:\/\/exoticchemicals.com\/#\/schema\/person\/07ad08472b6f5b213792451a32dbe8c7","name":"wwalkershop@gmail.com","image":{"@type":"ImageObject","inLanguage":"cs","@id":"https:\/\/exoticchemicals.com\/wp-content\/uploads\/2025\/02\/pure-3-1-1.png","url":"https:\/\/exoticchemicals.com\/wp-content\/uploads\/2025\/02\/pure-3-1-1.png","contentUrl":"https:\/\/exoticchemicals.com\/wp-content\/uploads\/2025\/02\/pure-3-1-1.png","width":500,"height":500,"caption":"wwalkershop@gmail.com"},"logo":{"@id":"https:\/\/exoticchemicals.com\/wp-content\/uploads\/2025\/02\/pure-3-1-1.png"},"sameAs":["http:\/\/exoticchemicals.com"]}]}},"uagb_featured_image_src":{"full":["https:\/\/exoticchemicals.com\/wp-content\/uploads\/2026\/01\/23B-PVP.jpg",600,600,false],"thumbnail":["https:\/\/exoticchemicals.com\/wp-content\/uploads\/2026\/01\/23B-PVP-150x150.jpg",150,150,true],"medium":["https:\/\/exoticchemicals.com\/wp-content\/uploads\/2026\/01\/23B-PVP-300x300.jpg",300,300,true],"medium_large":["https:\/\/exoticchemicals.com\/wp-content\/uploads\/2026\/01\/23B-PVP.jpg",600,600,false],"large":["https:\/\/exoticchemicals.com\/wp-content\/uploads\/2026\/01\/23B-PVP.jpg",600,600,false],"1536x1536":["https:\/\/exoticchemicals.com\/wp-content\/uploads\/2026\/01\/23B-PVP.jpg",600,600,false],"2048x2048":["https:\/\/exoticchemicals.com\/wp-content\/uploads\/2026\/01\/23B-PVP.jpg",600,600,false],"trp-custom-language-flag":["https:\/\/exoticchemicals.com\/wp-content\/uploads\/2026\/01\/23B-PVP-12x12.jpg",12,12,true],"woocommerce_thumbnail":["https:\/\/exoticchemicals.com\/wp-content\/uploads\/2026\/01\/23B-PVP-300x300.jpg",300,300,true],"woocommerce_single":["https:\/\/exoticchemicals.com\/wp-content\/uploads\/2026\/01\/23B-PVP.jpg",600,600,false],"woocommerce_gallery_thumbnail":["https:\/\/exoticchemicals.com\/wp-content\/uploads\/2026\/01\/23B-PVP-100x100.jpg",100,100,true]},"uagb_author_info":{"display_name":"wwalkershop@gmail.com","author_link":"https:\/\/exoticchemicals.com\/cs\/author\/"},"uagb_comment_info":6,"uagb_excerpt":"23b-Pvp 23b-Pvp is a relatively new substance, is a synthetic psychostimulant of the cathinone. By its action 23B-PVP is similar to a-PVP. 23 PVP, like other psychostimulants, can cause hyperstimulation, paranoia, and hallucinations. At the moment very little data exists about the pharmacological properties, metabolism, and toxicity of 23 PVP. 23 PVP is a new&hellip;","_links":{"self":[{"href":"https:\/\/exoticchemicals.com\/cs\/wp-json\/wp\/v2\/product\/5288","targetHints":{"allow":["GET"]}}],"collection":[{"href":"https:\/\/exoticchemicals.com\/cs\/wp-json\/wp\/v2\/product"}],"about":[{"href":"https:\/\/exoticchemicals.com\/cs\/wp-json\/wp\/v2\/types\/product"}],"replies":[{"embeddable":true,"href":"https:\/\/exoticchemicals.com\/cs\/wp-json\/wp\/v2\/comments?post=5288"}],"wp:featuredmedia":[{"embeddable":true,"href":"https:\/\/exoticchemicals.com\/cs\/wp-json\/wp\/v2\/media\/5294"}],"wp:attachment":[{"href":"https:\/\/exoticchemicals.com\/cs\/wp-json\/wp\/v2\/media?parent=5288"}],"wp:term":[{"taxonomy":"product_brand","embeddable":true,"href":"https:\/\/exoticchemicals.com\/cs\/wp-json\/wp\/v2\/product_brand?post=5288"},{"taxonomy":"product_cat","embeddable":true,"href":"https:\/\/exoticchemicals.com\/cs\/wp-json\/wp\/v2\/product_cat?post=5288"},{"taxonomy":"product_tag","embeddable":true,"href":"https:\/\/exoticchemicals.com\/cs\/wp-json\/wp\/v2\/product_tag?post=5288"}],"curies":[{"name":"wp","href":"https:\/\/api.w.org\/{rel}","templated":true}]}}