{"id":5346,"date":"2026-01-29T21:33:50","date_gmt":"2026-01-29T21:33:50","guid":{"rendered":"https:\/\/exoticchemicals.com\/?post_type=product&#038;p=5346"},"modified":"2026-04-15T03:51:45","modified_gmt":"2026-04-15T03:51:45","slug":"4-cec","status":"publish","type":"product","link":"https:\/\/exoticchemicals.com\/cs\/product\/4-cec\/","title":{"rendered":"4-CEC"},"content":{"rendered":"<div class=\"woocommerce-product-details__short-description\">\n<h3 style=\"text-align: center\"><strong>4-CEC<\/strong><\/h3>\n<p>4-CEC is a chemical entity belonging to the substituted cathinone family of stimulants. Unlike many of its contemporary substituted cathinones there exists some scientific data on this chemical. The compound has a relative molar mass of 211.7 grams and is a solid at <a href=\"https:\/\/researchchemicalshop.com\/shop\/\">RTP<\/a>. It melts at 77.9 oC. It belongs to the family of compounds known as substituted cathinones. A methyl group is substituted at the alpha position and the nitrogen forms a secondary amine group with an ethyl substituent. Indeed 4 CEC has a close structural relationship to diethylpropion (Amfepramone) which is sometimes prescribed in the short term management of obesity as a potential drug candidate which could be used as an anorectic.<\/p>\n<p>The distinguishing features of this chemical family are a phenethylamine backbone along with a ketone at the beta carbon<a href=\"https:\/\/spaceclubdisposableonline.com\/shop\/\">.<\/a>\u00a0Its usage was so widespread that it even attracted significant attention in the mainstream media. Its popularity grew at a time of decreasing quality and availability of the party drug MDMA also known as ecstacy.<\/p>\n<\/p><\/div>","protected":false},"excerpt":{"rendered":"<p>4-CEC 4-CEC is a chemical entity belonging to the substituted cathinone family of stimulants. Unlike many of its contemporary substituted cathinones there exists some scientific data on this chemical. The compound has a relative molar mass of 211.7 grams and is a solid at RTP. It melts at 77.9 oC. It belongs to the family [&hellip;]<\/p>\n","protected":false},"featured_media":5361,"comment_status":"closed","ping_status":"closed","template":"","meta":{"_uag_custom_page_level_css":"","site-sidebar-layout":"default","site-content-layout":"","ast-site-content-layout":"","site-content-style":"default","site-sidebar-style":"default","ast-global-header-display":"","ast-banner-title-visibility":"","ast-main-header-display":"","ast-hfb-above-header-display":"","ast-hfb-below-header-display":"","ast-hfb-mobile-header-display":"","site-post-title":"","ast-breadcrumbs-content":"","ast-featured-img":"","footer-sml-layout":"","theme-transparent-header-meta":"","adv-header-id-meta":"","stick-header-meta":"","header-above-stick-meta":"","header-main-stick-meta":"","header-below-stick-meta":"","astra-migrate-meta-layouts":"default","ast-page-background-enabled":"default","ast-page-background-meta":{"desktop":{"background-color":"","background-image":"","background-repeat":"repeat","background-position":"center center","background-size":"auto","background-attachment":"scroll","background-type":"","background-media":"","overlay-type":"","overlay-color":"","overlay-opacity":"","overlay-gradient":""},"tablet":{"background-color":"","background-image":"","background-repeat":"repeat","background-position":"center center","background-size":"auto","background-attachment":"scroll","background-type":"","background-media":"","overlay-type":"","overlay-color":"","overlay-opacity":"","overlay-gradient":""},"mobile":{"background-color":"","background-image":"","background-repeat":"repeat","background-position":"center center","background-size":"auto","background-attachment":"scroll","background-type":"","background-media":"","overlay-type":"","overlay-color":"","overlay-opacity":"","overlay-gradient":""}},"ast-content-background-meta":{"desktop":{"background-color":"var(--ast-global-color-5)","background-image":"","background-repeat":"repeat","background-position":"center center","background-size":"auto","background-attachment":"scroll","background-type":"","background-media":"","overlay-type":"","overlay-color":"","overlay-opacity":"","overlay-gradient":""},"tablet":{"background-color":"var(--ast-global-color-5)","background-image":"","background-repeat":"repeat","background-position":"center center","background-size":"auto","background-attachment":"scroll","background-type":"","background-media":"","overlay-type":"","overlay-color":"","overlay-opacity":"","overlay-gradient":""},"mobile":{"background-color":"var(--ast-global-color-5)","background-image":"","background-repeat":"repeat","background-position":"center center","background-size":"auto","background-attachment":"scroll","background-type":"","background-media":"","overlay-type":"","overlay-color":"","overlay-opacity":"","overlay-gradient":""}}},"product_brand":[],"product_cat":[22],"product_tag":[12926,5594,13280,13281,13282,13283,13284,13285,13286,13287,13288,13289,13290,13291,13292,13293,5608,13294,12928,5649,1852,12929,12930,12931,12932,5717,5729,5731,5735,5736,12946,12947,12948,12949,12950,12951,12952,12953,12954,12955,12956,12957,1502,5685,5741,5743,5744,12958,12959,12960,12961,12963,12964,12965,5749,5753,13295,5763],"class_list":{"0":"post-5346","1":"product","2":"type-product","3":"status-publish","4":"has-post-thumbnail","6":"product_cat-buy-high-quality-mdpv-hydrochloride","7":"product_tag-2c-research-chemical","8":"product_tag-4-cec","9":"product_tag-4-cec-buy","10":"product_tag-4-cec-china","11":"product_tag-4-cec-crystal","12":"product_tag-4-cec-dosage","13":"product_tag-4-cec-drug","14":"product_tag-4-cec-effects","15":"product_tag-4-cec-experience","16":"product_tag-4-cec-for-sale","17":"product_tag-4-cec-kopen","18":"product_tag-4-cec-psychonaut","19":"product_tag-4-cec-reddit","20":"product_tag-4-cec-review","21":"product_tag-4-cec-vendors","22":"product_tag-4-cec-wiki","23":"product_tag-buy-4-cec","24":"product_tag-buy-4-cec-crystal","25":"product_tag-buy-research-chemical","26":"product_tag-buy-research-chemicals","27":"product_tag-buy-research-chemicals-online","28":"product_tag-cabergoline-research-chemical","29":"product_tag-canadian-research-chemicals","30":"product_tag-domestic-research-chemicals","31":"product_tag-enclomiphene-research-chemical","32":"product_tag-legal-research-chemicals","33":"product_tag-opioid-research-chemicals","34":"product_tag-order-research-chemicals","35":"product_tag-quality-research-chemicals","36":"product_tag-reddit-research-chemicals","37":"product_tag-research-chemical","38":"product_tag-research-chemical-drugs","39":"product_tag-research-chemical-forum","40":"product_tag-research-chemical-opiates","41":"product_tag-research-chemical-reddit","42":"product_tag-research-chemical-shop","43":"product_tag-research-chemical-sources","44":"product_tag-research-chemical-store","45":"product_tag-research-chemical-supply","46":"product_tag-research-chemical-vendor-usa","47":"product_tag-research-chemical-vendors","48":"product_tag-research-chemical-vendors-reddit","49":"product_tag-research-chemicals","50":"product_tag-research-chemicals-for-sale","51":"product_tag-research-chemicals-kopen","52":"product_tag-research-chemicals-online","53":"product_tag-research-chemicals-reddit","54":"product_tag-research-chemicals-sale","55":"product_tag-research-chemicals-store","56":"product_tag-semaglutide-research-chemical","57":"product_tag-sunnyside-research-chemicals","58":"product_tag-tadalafil-research-chemical","59":"product_tag-tirzepatide-research-chemical","60":"product_tag-tirzepatide-research-chemical-for-sale","61":"product_tag-toronto-research-chemicals","62":"product_tag-what-are-research-chemicals","63":"product_tag-what-is-4-cec","64":"product_tag-where-to-buy-research-chemicals","65":"desktop-align-left","66":"tablet-align-left","67":"mobile-align-left","69":"first","70":"instock","71":"shipping-taxable","72":"purchasable","73":"product-type-variable"},"yoast_head":"<!-- This site is optimized with the Yoast SEO plugin v27.4 - https:\/\/yoast.com\/product\/yoast-seo-wordpress\/ -->\n<title>4-CEC -<\/title>\n<meta name=\"robots\" content=\"index, follow, max-snippet:-1, max-image-preview:large, max-video-preview:-1\" \/>\n<link rel=\"canonical\" href=\"https:\/\/exoticchemicals.com\/cs\/product\/4-cec\/\" \/>\n<meta property=\"og:locale\" content=\"cs_CZ\" \/>\n<meta property=\"og:type\" content=\"article\" \/>\n<meta property=\"og:title\" content=\"4-CEC -\" \/>\n<meta property=\"og:description\" content=\"4-CEC 4-CEC is a chemical entity belonging to the substituted cathinone family of stimulants. Unlike many of its contemporary substituted cathinones there exists some scientific data on this chemical. The compound has a relative molar mass of 211.7 grams and is a solid at RTP. It melts at 77.9 oC. It belongs to the family [&hellip;]\" \/>\n<meta property=\"og:url\" content=\"https:\/\/exoticchemicals.com\/cs\/product\/4-cec\/\" \/>\n<meta property=\"article:modified_time\" content=\"2026-04-15T03:51:45+00:00\" \/>\n<meta name=\"twitter:card\" content=\"summary_large_image\" \/>\n<meta name=\"twitter:label1\" content=\"Odhadovan\u00e1 doba \u010dten\u00ed\" \/>\n\t<meta name=\"twitter:data1\" content=\"1 minuta\" \/>\n<script type=\"application\/ld+json\" class=\"yoast-schema-graph\">{\"@context\":\"https:\\\/\\\/schema.org\",\"@graph\":[{\"@type\":\"WebPage\",\"@id\":\"https:\\\/\\\/exoticchemicals.com\\\/product\\\/4-cec\\\/\",\"url\":\"https:\\\/\\\/exoticchemicals.com\\\/product\\\/4-cec\\\/\",\"name\":\"4-CEC -\",\"isPartOf\":{\"@id\":\"https:\\\/\\\/exoticchemicals.com\\\/#website\"},\"primaryImageOfPage\":{\"@id\":\"https:\\\/\\\/exoticchemicals.com\\\/product\\\/4-cec\\\/#primaryimage\"},\"image\":{\"@id\":\"https:\\\/\\\/exoticchemicals.com\\\/product\\\/4-cec\\\/#primaryimage\"},\"thumbnailUrl\":\"https:\\\/\\\/exoticchemicals.com\\\/wp-content\\\/uploads\\\/2026\\\/01\\\/4-CEC.jpg\",\"datePublished\":\"2026-01-29T21:33:50+00:00\",\"dateModified\":\"2026-04-15T03:51:45+00:00\",\"breadcrumb\":{\"@id\":\"https:\\\/\\\/exoticchemicals.com\\\/product\\\/4-cec\\\/#breadcrumb\"},\"inLanguage\":\"cs\",\"potentialAction\":[{\"@type\":\"ReadAction\",\"target\":[\"https:\\\/\\\/exoticchemicals.com\\\/product\\\/4-cec\\\/\"]}]},{\"@type\":\"ImageObject\",\"inLanguage\":\"cs\",\"@id\":\"https:\\\/\\\/exoticchemicals.com\\\/product\\\/4-cec\\\/#primaryimage\",\"url\":\"https:\\\/\\\/exoticchemicals.com\\\/wp-content\\\/uploads\\\/2026\\\/01\\\/4-CEC.jpg\",\"contentUrl\":\"https:\\\/\\\/exoticchemicals.com\\\/wp-content\\\/uploads\\\/2026\\\/01\\\/4-CEC.jpg\",\"width\":458,\"height\":458},{\"@type\":\"BreadcrumbList\",\"@id\":\"https:\\\/\\\/exoticchemicals.com\\\/product\\\/4-cec\\\/#breadcrumb\",\"itemListElement\":[{\"@type\":\"ListItem\",\"position\":1,\"name\":\"Home\",\"item\":\"https:\\\/\\\/exoticchemicals.com\\\/\"},{\"@type\":\"ListItem\",\"position\":2,\"name\":\"Shop\",\"item\":\"https:\\\/\\\/exoticchemicals.com\\\/shop\\\/\"},{\"@type\":\"ListItem\",\"position\":3,\"name\":\"4-CEC\"}]},{\"@type\":\"WebSite\",\"@id\":\"https:\\\/\\\/exoticchemicals.com\\\/#website\",\"url\":\"https:\\\/\\\/exoticchemicals.com\\\/\",\"name\":\"exotic chemicals\",\"description\":\"Buy MDPHP Hydrochloride\",\"publisher\":{\"@id\":\"https:\\\/\\\/exoticchemicals.com\\\/#\\\/schema\\\/person\\\/07ad08472b6f5b213792451a32dbe8c7\"},\"potentialAction\":[{\"@type\":\"SearchAction\",\"target\":{\"@type\":\"EntryPoint\",\"urlTemplate\":\"https:\\\/\\\/exoticchemicals.com\\\/?s={search_term_string}\"},\"query-input\":{\"@type\":\"PropertyValueSpecification\",\"valueRequired\":true,\"valueName\":\"search_term_string\"}}],\"inLanguage\":\"cs\"},{\"@type\":[\"Person\",\"Organization\"],\"@id\":\"https:\\\/\\\/exoticchemicals.com\\\/#\\\/schema\\\/person\\\/07ad08472b6f5b213792451a32dbe8c7\",\"name\":\"wwalkershop@gmail.com\",\"image\":{\"@type\":\"ImageObject\",\"inLanguage\":\"cs\",\"@id\":\"https:\\\/\\\/exoticchemicals.com\\\/wp-content\\\/uploads\\\/2025\\\/02\\\/pure-3-1-1.png\",\"url\":\"https:\\\/\\\/exoticchemicals.com\\\/wp-content\\\/uploads\\\/2025\\\/02\\\/pure-3-1-1.png\",\"contentUrl\":\"https:\\\/\\\/exoticchemicals.com\\\/wp-content\\\/uploads\\\/2025\\\/02\\\/pure-3-1-1.png\",\"width\":500,\"height\":500,\"caption\":\"wwalkershop@gmail.com\"},\"logo\":{\"@id\":\"https:\\\/\\\/exoticchemicals.com\\\/wp-content\\\/uploads\\\/2025\\\/02\\\/pure-3-1-1.png\"},\"sameAs\":[\"http:\\\/\\\/exoticchemicals.com\"]}]}<\/script>\n<!-- \/ Yoast SEO plugin. -->","yoast_head_json":{"title":"4-CEC -","robots":{"index":"index","follow":"follow","max-snippet":"max-snippet:-1","max-image-preview":"max-image-preview:large","max-video-preview":"max-video-preview:-1"},"canonical":"https:\/\/exoticchemicals.com\/cs\/product\/4-cec\/","og_locale":"cs_CZ","og_type":"article","og_title":"4-CEC -","og_description":"4-CEC 4-CEC is a chemical entity belonging to the substituted cathinone family of stimulants. Unlike many of its contemporary substituted cathinones there exists some scientific data on this chemical. The compound has a relative molar mass of 211.7 grams and is a solid at RTP. It melts at 77.9 oC. It belongs to the family [&hellip;]","og_url":"https:\/\/exoticchemicals.com\/cs\/product\/4-cec\/","article_modified_time":"2026-04-15T03:51:45+00:00","twitter_card":"summary_large_image","twitter_misc":{"Odhadovan\u00e1 doba \u010dten\u00ed":"1 minuta"},"schema":{"@context":"https:\/\/schema.org","@graph":[{"@type":"WebPage","@id":"https:\/\/exoticchemicals.com\/product\/4-cec\/","url":"https:\/\/exoticchemicals.com\/product\/4-cec\/","name":"4-CEC -","isPartOf":{"@id":"https:\/\/exoticchemicals.com\/#website"},"primaryImageOfPage":{"@id":"https:\/\/exoticchemicals.com\/product\/4-cec\/#primaryimage"},"image":{"@id":"https:\/\/exoticchemicals.com\/product\/4-cec\/#primaryimage"},"thumbnailUrl":"https:\/\/exoticchemicals.com\/wp-content\/uploads\/2026\/01\/4-CEC.jpg","datePublished":"2026-01-29T21:33:50+00:00","dateModified":"2026-04-15T03:51:45+00:00","breadcrumb":{"@id":"https:\/\/exoticchemicals.com\/product\/4-cec\/#breadcrumb"},"inLanguage":"cs","potentialAction":[{"@type":"ReadAction","target":["https:\/\/exoticchemicals.com\/product\/4-cec\/"]}]},{"@type":"ImageObject","inLanguage":"cs","@id":"https:\/\/exoticchemicals.com\/product\/4-cec\/#primaryimage","url":"https:\/\/exoticchemicals.com\/wp-content\/uploads\/2026\/01\/4-CEC.jpg","contentUrl":"https:\/\/exoticchemicals.com\/wp-content\/uploads\/2026\/01\/4-CEC.jpg","width":458,"height":458},{"@type":"BreadcrumbList","@id":"https:\/\/exoticchemicals.com\/product\/4-cec\/#breadcrumb","itemListElement":[{"@type":"ListItem","position":1,"name":"Home","item":"https:\/\/exoticchemicals.com\/"},{"@type":"ListItem","position":2,"name":"Shop","item":"https:\/\/exoticchemicals.com\/shop\/"},{"@type":"ListItem","position":3,"name":"4-CEC"}]},{"@type":"WebSite","@id":"https:\/\/exoticchemicals.com\/#website","url":"https:\/\/exoticchemicals.com\/","name":"exotick\u00e9 chemik\u00e1lie","description":"Koupit MDPHP hydrochlorid","publisher":{"@id":"https:\/\/exoticchemicals.com\/#\/schema\/person\/07ad08472b6f5b213792451a32dbe8c7"},"potentialAction":[{"@type":"SearchAction","target":{"@type":"EntryPoint","urlTemplate":"https:\/\/exoticchemicals.com\/?s={search_term_string}"},"query-input":{"@type":"PropertyValueSpecification","valueRequired":true,"valueName":"search_term_string"}}],"inLanguage":"cs"},{"@type":["Person","Organization"],"@id":"https:\/\/exoticchemicals.com\/#\/schema\/person\/07ad08472b6f5b213792451a32dbe8c7","name":"wwalkershop@gmail.com","image":{"@type":"ImageObject","inLanguage":"cs","@id":"https:\/\/exoticchemicals.com\/wp-content\/uploads\/2025\/02\/pure-3-1-1.png","url":"https:\/\/exoticchemicals.com\/wp-content\/uploads\/2025\/02\/pure-3-1-1.png","contentUrl":"https:\/\/exoticchemicals.com\/wp-content\/uploads\/2025\/02\/pure-3-1-1.png","width":500,"height":500,"caption":"wwalkershop@gmail.com"},"logo":{"@id":"https:\/\/exoticchemicals.com\/wp-content\/uploads\/2025\/02\/pure-3-1-1.png"},"sameAs":["http:\/\/exoticchemicals.com"]}]}},"uagb_featured_image_src":{"full":["https:\/\/exoticchemicals.com\/wp-content\/uploads\/2026\/01\/4-CEC.jpg",458,458,false],"thumbnail":["https:\/\/exoticchemicals.com\/wp-content\/uploads\/2026\/01\/4-CEC-150x150.jpg",150,150,true],"medium":["https:\/\/exoticchemicals.com\/wp-content\/uploads\/2026\/01\/4-CEC-300x300.jpg",300,300,true],"medium_large":["https:\/\/exoticchemicals.com\/wp-content\/uploads\/2026\/01\/4-CEC.jpg",458,458,false],"large":["https:\/\/exoticchemicals.com\/wp-content\/uploads\/2026\/01\/4-CEC.jpg",458,458,false],"1536x1536":["https:\/\/exoticchemicals.com\/wp-content\/uploads\/2026\/01\/4-CEC.jpg",458,458,false],"2048x2048":["https:\/\/exoticchemicals.com\/wp-content\/uploads\/2026\/01\/4-CEC.jpg",458,458,false],"trp-custom-language-flag":["https:\/\/exoticchemicals.com\/wp-content\/uploads\/2026\/01\/4-CEC-12x12.jpg",12,12,true],"woocommerce_thumbnail":["https:\/\/exoticchemicals.com\/wp-content\/uploads\/2026\/01\/4-CEC-300x300.jpg",300,300,true],"woocommerce_single":["https:\/\/exoticchemicals.com\/wp-content\/uploads\/2026\/01\/4-CEC.jpg",458,458,false],"woocommerce_gallery_thumbnail":["https:\/\/exoticchemicals.com\/wp-content\/uploads\/2026\/01\/4-CEC-100x100.jpg",100,100,true]},"uagb_author_info":{"display_name":"wwalkershop@gmail.com","author_link":"https:\/\/exoticchemicals.com\/cs\/author\/"},"uagb_comment_info":9,"uagb_excerpt":"4-CEC 4-CEC is a chemical entity belonging to the substituted cathinone family of stimulants. Unlike many of its contemporary substituted cathinones there exists some scientific data on this chemical. The compound has a relative molar mass of 211.7 grams and is a solid at RTP. It melts at 77.9 oC. It belongs to the family&hellip;","_links":{"self":[{"href":"https:\/\/exoticchemicals.com\/cs\/wp-json\/wp\/v2\/product\/5346","targetHints":{"allow":["GET"]}}],"collection":[{"href":"https:\/\/exoticchemicals.com\/cs\/wp-json\/wp\/v2\/product"}],"about":[{"href":"https:\/\/exoticchemicals.com\/cs\/wp-json\/wp\/v2\/types\/product"}],"replies":[{"embeddable":true,"href":"https:\/\/exoticchemicals.com\/cs\/wp-json\/wp\/v2\/comments?post=5346"}],"wp:featuredmedia":[{"embeddable":true,"href":"https:\/\/exoticchemicals.com\/cs\/wp-json\/wp\/v2\/media\/5361"}],"wp:attachment":[{"href":"https:\/\/exoticchemicals.com\/cs\/wp-json\/wp\/v2\/media?parent=5346"}],"wp:term":[{"taxonomy":"product_brand","embeddable":true,"href":"https:\/\/exoticchemicals.com\/cs\/wp-json\/wp\/v2\/product_brand?post=5346"},{"taxonomy":"product_cat","embeddable":true,"href":"https:\/\/exoticchemicals.com\/cs\/wp-json\/wp\/v2\/product_cat?post=5346"},{"taxonomy":"product_tag","embeddable":true,"href":"https:\/\/exoticchemicals.com\/cs\/wp-json\/wp\/v2\/product_tag?post=5346"}],"curies":[{"name":"wp","href":"https:\/\/api.w.org\/{rel}","templated":true}]}}