{"id":5443,"date":"2026-01-29T21:34:12","date_gmt":"2026-01-29T21:34:12","guid":{"rendered":"https:\/\/exoticchemicals.com\/?post_type=product&#038;p=5443"},"modified":"2026-04-15T17:01:36","modified_gmt":"2026-04-15T17:01:36","slug":"heroin","status":"publish","type":"product","link":"https:\/\/exoticchemicals.com\/cs\/product\/heroin\/","title":{"rendered":"Heroin"},"content":{"rendered":"<h3 style=\"text-align: center\"><strong>Heroin<\/strong><\/h3>\n<p>Heroin is an opioid drug made from morphine, natural substance taken from the seed pod of the various opium poppy plants grown can be a white or brown powder, or a black sticky substance known as black tar. People inject, sniff, snort, or smoke. Some people mix heroin with crack cocaine, a practice called speedballing. It is addictive and there is a high risk of overdose and death from using it<a href=\"https:\/\/goo-dextractsshop.com\/shop\/\">. <\/a><\/p>\n<p>It enters the brain rapidly and binds to opioid receptors on cells located in many areas. Sharing drug injection equipment and having impaired judgment from drug use can increase the <a href=\"https:\/\/researchchemicalshop.com\/shop\/\">risk<\/a> of contracting infectious diseases such as HIV and hepatitis especially those involved in feelings of pain and pleasure and in controlling heart rate, sleeping, and breathing. Heroin also often contains additives that can clog blood vessels leading to the lungs, liver, kidneys, or brain.<\/p>","protected":false},"excerpt":{"rendered":"<p>Heroin Heroin is an opioid drug made from morphine, natural substance taken from the seed pod of the various opium poppy plants grown can be a white or brown powder, or a black sticky substance known as black tar. People inject, sniff, snort, or smoke. Some people mix heroin with crack cocaine, a practice called [&hellip;]<\/p>\n","protected":false},"featured_media":5463,"comment_status":"closed","ping_status":"closed","template":"","meta":{"_uag_custom_page_level_css":"","site-sidebar-layout":"default","site-content-layout":"","ast-site-content-layout":"","site-content-style":"default","site-sidebar-style":"default","ast-global-header-display":"","ast-banner-title-visibility":"","ast-main-header-display":"","ast-hfb-above-header-display":"","ast-hfb-below-header-display":"","ast-hfb-mobile-header-display":"","site-post-title":"","ast-breadcrumbs-content":"","ast-featured-img":"","footer-sml-layout":"","theme-transparent-header-meta":"","adv-header-id-meta":"","stick-header-meta":"","header-above-stick-meta":"","header-main-stick-meta":"","header-below-stick-meta":"","astra-migrate-meta-layouts":"default","ast-page-background-enabled":"default","ast-page-background-meta":{"desktop":{"background-color":"","background-image":"","background-repeat":"repeat","background-position":"center center","background-size":"auto","background-attachment":"scroll","background-type":"","background-media":"","overlay-type":"","overlay-color":"","overlay-opacity":"","overlay-gradient":""},"tablet":{"background-color":"","background-image":"","background-repeat":"repeat","background-position":"center center","background-size":"auto","background-attachment":"scroll","background-type":"","background-media":"","overlay-type":"","overlay-color":"","overlay-opacity":"","overlay-gradient":""},"mobile":{"background-color":"","background-image":"","background-repeat":"repeat","background-position":"center center","background-size":"auto","background-attachment":"scroll","background-type":"","background-media":"","overlay-type":"","overlay-color":"","overlay-opacity":"","overlay-gradient":""}},"ast-content-background-meta":{"desktop":{"background-color":"var(--ast-global-color-5)","background-image":"","background-repeat":"repeat","background-position":"center center","background-size":"auto","background-attachment":"scroll","background-type":"","background-media":"","overlay-type":"","overlay-color":"","overlay-opacity":"","overlay-gradient":""},"tablet":{"background-color":"var(--ast-global-color-5)","background-image":"","background-repeat":"repeat","background-position":"center center","background-size":"auto","background-attachment":"scroll","background-type":"","background-media":"","overlay-type":"","overlay-color":"","overlay-opacity":"","overlay-gradient":""},"mobile":{"background-color":"var(--ast-global-color-5)","background-image":"","background-repeat":"repeat","background-position":"center center","background-size":"auto","background-attachment":"scroll","background-type":"","background-media":"","overlay-type":"","overlay-color":"","overlay-opacity":"","overlay-gradient":""}}},"product_brand":[],"product_cat":[22],"product_tag":[12926,9343,12928,5649,1852,12929,12930,12931,12932,13447,12583,13448,9349,9350,9351,13449,13450,9361,13451,13452,13453,13454,5717,5729,5731,5735,5736,12946,12947,12948,12949,12950,12951,12952,12953,12954,12955,12956,12957,1502,5685,5741,5743,5744,12958,12959,13455,13456,12960,12961,12963,12964,12965,5749,5753,13457,9367,13458,13459,5763],"class_list":{"0":"post-5443","1":"product","2":"type-product","3":"status-publish","4":"has-post-thumbnail","6":"product_cat-buy-high-quality-mdpv-hydrochloride","7":"product_tag-2c-research-chemical","8":"product_tag-black-tar-heroin","9":"product_tag-buy-research-chemical","10":"product_tag-buy-research-chemicals","11":"product_tag-buy-research-chemicals-online","12":"product_tag-cabergoline-research-chemical","13":"product_tag-canadian-research-chemicals","14":"product_tag-domestic-research-chemicals","15":"product_tag-enclomiphene-research-chemical","16":"product_tag-gas-station-heroin","17":"product_tag-heroin","18":"product_tag-heroin-addict","19":"product_tag-heroin-chic","20":"product_tag-heroin-drug","21":"product_tag-heroin-effects","22":"product_tag-heroin-meaning","23":"product_tag-heroin-skateboards","24":"product_tag-heroin-withdrawal-symptoms","25":"product_tag-is-heroin-a-depressant","26":"product_tag-is-heroin-an-opiate","27":"product_tag-is-heroin-an-opioid","28":"product_tag-julia-fox-heroin","29":"product_tag-legal-research-chemicals","30":"product_tag-opioid-research-chemicals","31":"product_tag-order-research-chemicals","32":"product_tag-quality-research-chemicals","33":"product_tag-reddit-research-chemicals","34":"product_tag-research-chemical","35":"product_tag-research-chemical-drugs","36":"product_tag-research-chemical-forum","37":"product_tag-research-chemical-opiates","38":"product_tag-research-chemical-reddit","39":"product_tag-research-chemical-shop","40":"product_tag-research-chemical-sources","41":"product_tag-research-chemical-store","42":"product_tag-research-chemical-supply","43":"product_tag-research-chemical-vendor-usa","44":"product_tag-research-chemical-vendors","45":"product_tag-research-chemical-vendors-reddit","46":"product_tag-research-chemicals","47":"product_tag-research-chemicals-for-sale","48":"product_tag-research-chemicals-kopen","49":"product_tag-research-chemicals-online","50":"product_tag-research-chemicals-reddit","51":"product_tag-research-chemicals-sale","52":"product_tag-research-chemicals-store","53":"product_tag-rfk-heroin","54":"product_tag-rfk-jr-heroin","55":"product_tag-semaglutide-research-chemical","56":"product_tag-sunnyside-research-chemicals","57":"product_tag-tadalafil-research-chemical","58":"product_tag-tirzepatide-research-chemical","59":"product_tag-tirzepatide-research-chemical-for-sale","60":"product_tag-toronto-research-chemicals","61":"product_tag-what-are-research-chemicals","62":"product_tag-what-does-heroin-feel-like","63":"product_tag-what-does-heroin-look-like","64":"product_tag-what-is-heroin","65":"product_tag-what-type-of-drug-is-heroin","66":"product_tag-where-to-buy-research-chemicals","67":"desktop-align-left","68":"tablet-align-left","69":"mobile-align-left","71":"first","72":"instock","73":"shipping-taxable","74":"purchasable","75":"product-type-variable"},"yoast_head":"<!-- This site is optimized with the Yoast SEO plugin v27.4 - https:\/\/yoast.com\/product\/yoast-seo-wordpress\/ -->\n<title>Heroin -<\/title>\n<meta name=\"robots\" content=\"index, follow, max-snippet:-1, max-image-preview:large, max-video-preview:-1\" \/>\n<link rel=\"canonical\" href=\"https:\/\/exoticchemicals.com\/cs\/product\/heroin\/\" \/>\n<meta property=\"og:locale\" content=\"cs_CZ\" \/>\n<meta property=\"og:type\" content=\"article\" \/>\n<meta property=\"og:title\" content=\"Heroin -\" \/>\n<meta property=\"og:description\" content=\"Heroin Heroin is an opioid drug made from morphine, natural substance taken from the seed pod of the various opium poppy plants grown can be a white or brown powder, or a black sticky substance known as black tar. People inject, sniff, snort, or smoke. Some people mix heroin with crack cocaine, a practice called [&hellip;]\" \/>\n<meta property=\"og:url\" content=\"https:\/\/exoticchemicals.com\/cs\/product\/heroin\/\" \/>\n<meta property=\"article:modified_time\" content=\"2026-04-15T17:01:36+00:00\" \/>\n<meta name=\"twitter:card\" content=\"summary_large_image\" \/>\n<meta name=\"twitter:label1\" content=\"Odhadovan\u00e1 doba \u010dten\u00ed\" \/>\n\t<meta name=\"twitter:data1\" content=\"1 minuta\" \/>\n<script type=\"application\/ld+json\" class=\"yoast-schema-graph\">{\"@context\":\"https:\\\/\\\/schema.org\",\"@graph\":[{\"@type\":\"WebPage\",\"@id\":\"https:\\\/\\\/exoticchemicals.com\\\/product\\\/heroin\\\/\",\"url\":\"https:\\\/\\\/exoticchemicals.com\\\/product\\\/heroin\\\/\",\"name\":\"Heroin -\",\"isPartOf\":{\"@id\":\"https:\\\/\\\/exoticchemicals.com\\\/#website\"},\"primaryImageOfPage\":{\"@id\":\"https:\\\/\\\/exoticchemicals.com\\\/product\\\/heroin\\\/#primaryimage\"},\"image\":{\"@id\":\"https:\\\/\\\/exoticchemicals.com\\\/product\\\/heroin\\\/#primaryimage\"},\"thumbnailUrl\":\"https:\\\/\\\/exoticchemicals.com\\\/wp-content\\\/uploads\\\/2026\\\/01\\\/Heroin.jpg\",\"datePublished\":\"2026-01-29T21:34:12+00:00\",\"dateModified\":\"2026-04-15T17:01:36+00:00\",\"breadcrumb\":{\"@id\":\"https:\\\/\\\/exoticchemicals.com\\\/product\\\/heroin\\\/#breadcrumb\"},\"inLanguage\":\"cs\",\"potentialAction\":[{\"@type\":\"ReadAction\",\"target\":[\"https:\\\/\\\/exoticchemicals.com\\\/product\\\/heroin\\\/\"]}]},{\"@type\":\"ImageObject\",\"inLanguage\":\"cs\",\"@id\":\"https:\\\/\\\/exoticchemicals.com\\\/product\\\/heroin\\\/#primaryimage\",\"url\":\"https:\\\/\\\/exoticchemicals.com\\\/wp-content\\\/uploads\\\/2026\\\/01\\\/Heroin.jpg\",\"contentUrl\":\"https:\\\/\\\/exoticchemicals.com\\\/wp-content\\\/uploads\\\/2026\\\/01\\\/Heroin.jpg\",\"width\":650,\"height\":650},{\"@type\":\"BreadcrumbList\",\"@id\":\"https:\\\/\\\/exoticchemicals.com\\\/product\\\/heroin\\\/#breadcrumb\",\"itemListElement\":[{\"@type\":\"ListItem\",\"position\":1,\"name\":\"Home\",\"item\":\"https:\\\/\\\/exoticchemicals.com\\\/\"},{\"@type\":\"ListItem\",\"position\":2,\"name\":\"Shop\",\"item\":\"https:\\\/\\\/exoticchemicals.com\\\/shop\\\/\"},{\"@type\":\"ListItem\",\"position\":3,\"name\":\"Heroin\"}]},{\"@type\":\"WebSite\",\"@id\":\"https:\\\/\\\/exoticchemicals.com\\\/#website\",\"url\":\"https:\\\/\\\/exoticchemicals.com\\\/\",\"name\":\"exotic chemicals\",\"description\":\"Buy MDPHP Hydrochloride\",\"publisher\":{\"@id\":\"https:\\\/\\\/exoticchemicals.com\\\/#\\\/schema\\\/person\\\/07ad08472b6f5b213792451a32dbe8c7\"},\"potentialAction\":[{\"@type\":\"SearchAction\",\"target\":{\"@type\":\"EntryPoint\",\"urlTemplate\":\"https:\\\/\\\/exoticchemicals.com\\\/?s={search_term_string}\"},\"query-input\":{\"@type\":\"PropertyValueSpecification\",\"valueRequired\":true,\"valueName\":\"search_term_string\"}}],\"inLanguage\":\"cs\"},{\"@type\":[\"Person\",\"Organization\"],\"@id\":\"https:\\\/\\\/exoticchemicals.com\\\/#\\\/schema\\\/person\\\/07ad08472b6f5b213792451a32dbe8c7\",\"name\":\"wwalkershop@gmail.com\",\"image\":{\"@type\":\"ImageObject\",\"inLanguage\":\"cs\",\"@id\":\"https:\\\/\\\/exoticchemicals.com\\\/wp-content\\\/uploads\\\/2025\\\/02\\\/pure-3-1-1.png\",\"url\":\"https:\\\/\\\/exoticchemicals.com\\\/wp-content\\\/uploads\\\/2025\\\/02\\\/pure-3-1-1.png\",\"contentUrl\":\"https:\\\/\\\/exoticchemicals.com\\\/wp-content\\\/uploads\\\/2025\\\/02\\\/pure-3-1-1.png\",\"width\":500,\"height\":500,\"caption\":\"wwalkershop@gmail.com\"},\"logo\":{\"@id\":\"https:\\\/\\\/exoticchemicals.com\\\/wp-content\\\/uploads\\\/2025\\\/02\\\/pure-3-1-1.png\"},\"sameAs\":[\"http:\\\/\\\/exoticchemicals.com\"]}]}<\/script>\n<!-- \/ Yoast SEO plugin. -->","yoast_head_json":{"title":"Heroin -","robots":{"index":"index","follow":"follow","max-snippet":"max-snippet:-1","max-image-preview":"max-image-preview:large","max-video-preview":"max-video-preview:-1"},"canonical":"https:\/\/exoticchemicals.com\/cs\/product\/heroin\/","og_locale":"cs_CZ","og_type":"article","og_title":"Heroin -","og_description":"Heroin Heroin is an opioid drug made from morphine, natural substance taken from the seed pod of the various opium poppy plants grown can be a white or brown powder, or a black sticky substance known as black tar. People inject, sniff, snort, or smoke. Some people mix heroin with crack cocaine, a practice called [&hellip;]","og_url":"https:\/\/exoticchemicals.com\/cs\/product\/heroin\/","article_modified_time":"2026-04-15T17:01:36+00:00","twitter_card":"summary_large_image","twitter_misc":{"Odhadovan\u00e1 doba \u010dten\u00ed":"1 minuta"},"schema":{"@context":"https:\/\/schema.org","@graph":[{"@type":"WebPage","@id":"https:\/\/exoticchemicals.com\/product\/heroin\/","url":"https:\/\/exoticchemicals.com\/product\/heroin\/","name":"Heroin -","isPartOf":{"@id":"https:\/\/exoticchemicals.com\/#website"},"primaryImageOfPage":{"@id":"https:\/\/exoticchemicals.com\/product\/heroin\/#primaryimage"},"image":{"@id":"https:\/\/exoticchemicals.com\/product\/heroin\/#primaryimage"},"thumbnailUrl":"https:\/\/exoticchemicals.com\/wp-content\/uploads\/2026\/01\/Heroin.jpg","datePublished":"2026-01-29T21:34:12+00:00","dateModified":"2026-04-15T17:01:36+00:00","breadcrumb":{"@id":"https:\/\/exoticchemicals.com\/product\/heroin\/#breadcrumb"},"inLanguage":"cs","potentialAction":[{"@type":"ReadAction","target":["https:\/\/exoticchemicals.com\/product\/heroin\/"]}]},{"@type":"ImageObject","inLanguage":"cs","@id":"https:\/\/exoticchemicals.com\/product\/heroin\/#primaryimage","url":"https:\/\/exoticchemicals.com\/wp-content\/uploads\/2026\/01\/Heroin.jpg","contentUrl":"https:\/\/exoticchemicals.com\/wp-content\/uploads\/2026\/01\/Heroin.jpg","width":650,"height":650},{"@type":"BreadcrumbList","@id":"https:\/\/exoticchemicals.com\/product\/heroin\/#breadcrumb","itemListElement":[{"@type":"ListItem","position":1,"name":"Home","item":"https:\/\/exoticchemicals.com\/"},{"@type":"ListItem","position":2,"name":"Shop","item":"https:\/\/exoticchemicals.com\/shop\/"},{"@type":"ListItem","position":3,"name":"Heroin"}]},{"@type":"WebSite","@id":"https:\/\/exoticchemicals.com\/#website","url":"https:\/\/exoticchemicals.com\/","name":"exotick\u00e9 chemik\u00e1lie","description":"Koupit MDPHP hydrochlorid","publisher":{"@id":"https:\/\/exoticchemicals.com\/#\/schema\/person\/07ad08472b6f5b213792451a32dbe8c7"},"potentialAction":[{"@type":"SearchAction","target":{"@type":"EntryPoint","urlTemplate":"https:\/\/exoticchemicals.com\/?s={search_term_string}"},"query-input":{"@type":"PropertyValueSpecification","valueRequired":true,"valueName":"search_term_string"}}],"inLanguage":"cs"},{"@type":["Person","Organization"],"@id":"https:\/\/exoticchemicals.com\/#\/schema\/person\/07ad08472b6f5b213792451a32dbe8c7","name":"wwalkershop@gmail.com","image":{"@type":"ImageObject","inLanguage":"cs","@id":"https:\/\/exoticchemicals.com\/wp-content\/uploads\/2025\/02\/pure-3-1-1.png","url":"https:\/\/exoticchemicals.com\/wp-content\/uploads\/2025\/02\/pure-3-1-1.png","contentUrl":"https:\/\/exoticchemicals.com\/wp-content\/uploads\/2025\/02\/pure-3-1-1.png","width":500,"height":500,"caption":"wwalkershop@gmail.com"},"logo":{"@id":"https:\/\/exoticchemicals.com\/wp-content\/uploads\/2025\/02\/pure-3-1-1.png"},"sameAs":["http:\/\/exoticchemicals.com"]}]}},"uagb_featured_image_src":{"full":["https:\/\/exoticchemicals.com\/wp-content\/uploads\/2026\/01\/Heroin.jpg",650,650,false],"thumbnail":["https:\/\/exoticchemicals.com\/wp-content\/uploads\/2026\/01\/Heroin-150x150.jpg",150,150,true],"medium":["https:\/\/exoticchemicals.com\/wp-content\/uploads\/2026\/01\/Heroin-300x300.jpg",300,300,true],"medium_large":["https:\/\/exoticchemicals.com\/wp-content\/uploads\/2026\/01\/Heroin.jpg",650,650,false],"large":["https:\/\/exoticchemicals.com\/wp-content\/uploads\/2026\/01\/Heroin.jpg",650,650,false],"1536x1536":["https:\/\/exoticchemicals.com\/wp-content\/uploads\/2026\/01\/Heroin.jpg",650,650,false],"2048x2048":["https:\/\/exoticchemicals.com\/wp-content\/uploads\/2026\/01\/Heroin.jpg",650,650,false],"trp-custom-language-flag":["https:\/\/exoticchemicals.com\/wp-content\/uploads\/2026\/01\/Heroin-12x12.jpg",12,12,true],"woocommerce_thumbnail":["https:\/\/exoticchemicals.com\/wp-content\/uploads\/2026\/01\/Heroin-300x300.jpg",300,300,true],"woocommerce_single":["https:\/\/exoticchemicals.com\/wp-content\/uploads\/2026\/01\/Heroin-600x600.jpg",600,600,true],"woocommerce_gallery_thumbnail":["https:\/\/exoticchemicals.com\/wp-content\/uploads\/2026\/01\/Heroin-100x100.jpg",100,100,true]},"uagb_author_info":{"display_name":"wwalkershop@gmail.com","author_link":"https:\/\/exoticchemicals.com\/cs\/author\/"},"uagb_comment_info":6,"uagb_excerpt":"Heroin Heroin is an opioid drug made from morphine, natural substance taken from the seed pod of the various opium poppy plants grown can be a white or brown powder, or a black sticky substance known as black tar. People inject, sniff, snort, or smoke. Some people mix heroin with crack cocaine, a practice called&hellip;","_links":{"self":[{"href":"https:\/\/exoticchemicals.com\/cs\/wp-json\/wp\/v2\/product\/5443","targetHints":{"allow":["GET"]}}],"collection":[{"href":"https:\/\/exoticchemicals.com\/cs\/wp-json\/wp\/v2\/product"}],"about":[{"href":"https:\/\/exoticchemicals.com\/cs\/wp-json\/wp\/v2\/types\/product"}],"replies":[{"embeddable":true,"href":"https:\/\/exoticchemicals.com\/cs\/wp-json\/wp\/v2\/comments?post=5443"}],"wp:featuredmedia":[{"embeddable":true,"href":"https:\/\/exoticchemicals.com\/cs\/wp-json\/wp\/v2\/media\/5463"}],"wp:attachment":[{"href":"https:\/\/exoticchemicals.com\/cs\/wp-json\/wp\/v2\/media?parent=5443"}],"wp:term":[{"taxonomy":"product_brand","embeddable":true,"href":"https:\/\/exoticchemicals.com\/cs\/wp-json\/wp\/v2\/product_brand?post=5443"},{"taxonomy":"product_cat","embeddable":true,"href":"https:\/\/exoticchemicals.com\/cs\/wp-json\/wp\/v2\/product_cat?post=5443"},{"taxonomy":"product_tag","embeddable":true,"href":"https:\/\/exoticchemicals.com\/cs\/wp-json\/wp\/v2\/product_tag?post=5443"}],"curies":[{"name":"wp","href":"https:\/\/api.w.org\/{rel}","templated":true}]}}