{"id":5468,"date":"2026-01-29T21:34:22","date_gmt":"2026-01-29T21:34:22","guid":{"rendered":"https:\/\/exoticchemicals.com\/?post_type=product&#038;p=5468"},"modified":"2026-04-05T16:31:36","modified_gmt":"2026-04-05T16:31:36","slug":"bezpecne-koupit-kokain-online","status":"publish","type":"product","link":"https:\/\/exoticchemicals.com\/cs\/product\/buy-cocaine-online-safely\/","title":{"rendered":"Koupit \u010dist\u00fd bolivijsk\u00fd kokain online"},"content":{"rendered":"<h3 style=\"text-align: center;\"><strong>Buy Bolivian Cocaine Online<\/strong><\/h3>\n<p>Buy Cocaine Online safely, Cocaine is a powerfully addictive stimulant that directly affects the brain. It was labeled the drug of the 1980s and \u201990s, because of its extensive popularity and use during this period. However, It is not a new drug. In fact, it is one of the oldest known drugs. The pure chemical, hydrochloride, has been an abused substance for more than 100 years, and coca leaves, the source of it, have been ingested for thousands of years<a href=\"https:\/\/fastautoengines.com\/shop\/\">.<\/a><\/p>\n<h2>How To Buy Cocaine Online safely ?<\/h2>\n<p>We offers you the possibility to get it online without hassles or awkwardness. We work endlessly to make sure you save money every time you order online from our research chemicals <a href=\"https:\/\/exoticchemicals.com\/de\/shop\/\">shop<\/a>. Our goal is to make our clients pay less and get more. <a href=\"https:\/\/exoticchemicals.com\/product\/buy-4-cl-pvp-online\/\">Buy 4cl-PVP Online<\/a><\/p>\n<h2>Product Information<\/h2>\n<table class=\"shop_attributes\" width=\"932\">\n<tbody>\n<tr>\n<th>Synonyms<\/th>\n<td>Benzoylmethylecgonine, coke<\/td>\n<\/tr>\n<tr>\n<th>IUPAC<\/th>\n<td>methyl (1R,2R,3S,5S)-3- (benzoyloxy)-8-methyl-8-azabicyclo[3.2.1] octane-2-carboxylate<\/td>\n<\/tr>\n<tr>\n<th>Formula<\/th>\n<td>C17H21NO4<\/td>\n<\/tr>\n<tr>\n<th>Molecular weight<\/th>\n<td>303.353 g\/mol<\/td>\n<\/tr>\n<tr>\n<th>Biological half-life<\/th>\n<td>1 hour<\/td>\n<\/tr>\n<tr>\n<th>Duration of action<\/th>\n<td>5 to 90 minutes<\/td>\n<\/tr>\n<tr>\n<th>Solubility in water<\/th>\n<td>1.8 mg\/mL (20 \u00b0C)<\/td>\n<\/tr>\n<tr>\n<th>CAS<\/th>\n<td>50-36-2<\/td>\n<\/tr>\n<tr>\n<th>Appearance<\/th>\n<td>white powder<\/td>\n<\/tr>\n<tr>\n<th>Purity<\/th>\n<td>\u226579%<\/td>\n<\/tr>\n<\/tbody>\n<\/table>\n","protected":false},"excerpt":{"rendered":"<p>Buy Bolivian Cocaine Online Buy Cocaine Online safely, Cocaine is a powerfully addictive stimulant that directly affects the brain. It was labeled the drug of the 1980s and \u201990s, because of its extensive popularity and use during this period. However, It is not a new drug. In fact, it is one of the oldest known [&hellip;]<\/p>\n","protected":false},"featured_media":5496,"comment_status":"closed","ping_status":"closed","template":"","meta":{"_uag_custom_page_level_css":"","site-sidebar-layout":"default","site-content-layout":"","ast-site-content-layout":"default","site-content-style":"default","site-sidebar-style":"default","ast-global-header-display":"","ast-banner-title-visibility":"","ast-main-header-display":"","ast-hfb-above-header-display":"","ast-hfb-below-header-display":"","ast-hfb-mobile-header-display":"","site-post-title":"","ast-breadcrumbs-content":"","ast-featured-img":"","footer-sml-layout":"","theme-transparent-header-meta":"default","adv-header-id-meta":"","stick-header-meta":"","header-above-stick-meta":"","header-main-stick-meta":"","header-below-stick-meta":"","astra-migrate-meta-layouts":"set","ast-page-background-enabled":"default","ast-page-background-meta":{"desktop":{"background-color":"","background-image":"","background-repeat":"repeat","background-position":"center center","background-size":"auto","background-attachment":"scroll","background-type":"","background-media":"","overlay-type":"","overlay-color":"","overlay-opacity":"","overlay-gradient":""},"tablet":{"background-color":"","background-image":"","background-repeat":"repeat","background-position":"center center","background-size":"auto","background-attachment":"scroll","background-type":"","background-media":"","overlay-type":"","overlay-color":"","overlay-opacity":"","overlay-gradient":""},"mobile":{"background-color":"","background-image":"","background-repeat":"repeat","background-position":"center center","background-size":"auto","background-attachment":"scroll","background-type":"","background-media":"","overlay-type":"","overlay-color":"","overlay-opacity":"","overlay-gradient":""}},"ast-content-background-meta":{"desktop":{"background-color":"var(--ast-global-color-5)","background-image":"","background-repeat":"repeat","background-position":"center center","background-size":"auto","background-attachment":"scroll","background-type":"","background-media":"","overlay-type":"","overlay-color":"","overlay-opacity":"","overlay-gradient":""},"tablet":{"background-color":"var(--ast-global-color-5)","background-image":"","background-repeat":"repeat","background-position":"center center","background-size":"auto","background-attachment":"scroll","background-type":"","background-media":"","overlay-type":"","overlay-color":"","overlay-opacity":"","overlay-gradient":""},"mobile":{"background-color":"var(--ast-global-color-5)","background-image":"","background-repeat":"repeat","background-position":"center center","background-size":"auto","background-attachment":"scroll","background-type":"","background-media":"","overlay-type":"","overlay-color":"","overlay-opacity":"","overlay-gradient":""}}},"product_brand":[],"product_cat":[22],"product_tag":[12926,12928,5649,1852,12929,12930,13494,13495,10071,13496,13497,13498,13499,13500,13501,13502,13503,13504,12931,12932,13505,13506,13507,13508,5717,5729,5731,52,5735,5736,12946,12947,12948,12949,12950,12951,12952,12953,12954,12955,12956,12957,1502,5685,5741,5743,5744,12958,12959,12960,12961,12963,12964,12965,5749,13509,5753,13510,13511,5763],"class_list":{"0":"post-5468","1":"product","2":"type-product","3":"status-publish","4":"has-post-thumbnail","6":"product_cat-buy-high-quality-mdpv-hydrochloride","7":"product_tag-2c-research-chemical","8":"product_tag-buy-research-chemical","9":"product_tag-buy-research-chemicals","10":"product_tag-buy-research-chemicals-online","11":"product_tag-cabergoline-research-chemical","12":"product_tag-canadian-research-chemicals","13":"product_tag-cast-of-cocaine-bear","14":"product_tag-cast-of-hotel-cocaine","15":"product_tag-cocaine","16":"product_tag-cocaine-bear","17":"product_tag-cocaine-bear-true-story","18":"product_tag-cocaine-cowboys","19":"product_tag-cocaine-cowboys-2","20":"product_tag-cocaine-effects","21":"product_tag-cocaine-nose","22":"product_tag-cocaine-plant","23":"product_tag-cocaine-shark","24":"product_tag-crack-cocaine","25":"product_tag-domestic-research-chemicals","26":"product_tag-enclomiphene-research-chemical","27":"product_tag-hotel-cocaine","28":"product_tag-how-is-cocaine-made","29":"product_tag-how-long-does-cocaine-stay-in-urine","30":"product_tag-how-long-does-cocaine-stay-in-your-system","31":"product_tag-legal-research-chemicals","32":"product_tag-opioid-research-chemicals","33":"product_tag-order-research-chemicals","34":"product_tag-pink-cocaine","35":"product_tag-quality-research-chemicals","36":"product_tag-reddit-research-chemicals","37":"product_tag-research-chemical","38":"product_tag-research-chemical-drugs","39":"product_tag-research-chemical-forum","40":"product_tag-research-chemical-opiates","41":"product_tag-research-chemical-reddit","42":"product_tag-research-chemical-shop","43":"product_tag-research-chemical-sources","44":"product_tag-research-chemical-store","45":"product_tag-research-chemical-supply","46":"product_tag-research-chemical-vendor-usa","47":"product_tag-research-chemical-vendors","48":"product_tag-research-chemical-vendors-reddit","49":"product_tag-research-chemicals","50":"product_tag-research-chemicals-for-sale","51":"product_tag-research-chemicals-kopen","52":"product_tag-research-chemicals-online","53":"product_tag-research-chemicals-reddit","54":"product_tag-research-chemicals-sale","55":"product_tag-research-chemicals-store","56":"product_tag-semaglutide-research-chemical","57":"product_tag-sunnyside-research-chemicals","58":"product_tag-tadalafil-research-chemical","59":"product_tag-tirzepatide-research-chemical","60":"product_tag-tirzepatide-research-chemical-for-sale","61":"product_tag-toronto-research-chemicals","62":"product_tag-watch-cocaine-bear","63":"product_tag-what-are-research-chemicals","64":"product_tag-what-is-cocaine","65":"product_tag-what-is-pink-cocaine","66":"product_tag-where-to-buy-research-chemicals","67":"desktop-align-left","68":"tablet-align-left","69":"mobile-align-left","71":"first","72":"instock","73":"shipping-taxable","74":"purchasable","75":"product-type-variable"},"yoast_head":"<!-- This site is optimized with the Yoast SEO plugin v27.4 - https:\/\/yoast.com\/product\/yoast-seo-wordpress\/ -->\n<title>Buy Cocaine Online safely | Buy Pure Bolivian Cocaine Online -<\/title>\n<meta name=\"description\" content=\"Buy Cocaine Online safely | 99.99% purity . Your most truested supplier of pure cocaine online. Safe cocaine delivery all over europe.\" \/>\n<meta name=\"robots\" content=\"index, follow, max-snippet:-1, max-image-preview:large, max-video-preview:-1\" \/>\n<link rel=\"canonical\" href=\"https:\/\/exoticchemicals.com\/cs\/product\/bezpecne-koupit-kokain-online\/\" \/>\n<meta property=\"og:locale\" content=\"cs_CZ\" \/>\n<meta property=\"og:type\" content=\"article\" \/>\n<meta property=\"og:title\" content=\"Buy Cocaine Online safely | Buy Pure Bolivian Cocaine Online -\" \/>\n<meta property=\"og:description\" content=\"Buy Cocaine Online safely | 99.99% purity . Your most truested supplier of pure cocaine online. Safe cocaine delivery all over europe.\" \/>\n<meta property=\"og:url\" content=\"https:\/\/exoticchemicals.com\/cs\/product\/bezpecne-koupit-kokain-online\/\" \/>\n<meta property=\"article:modified_time\" content=\"2026-04-05T16:31:36+00:00\" \/>\n<meta property=\"og:image\" content=\"https:\/\/exoticchemicals.com\/wp-content\/uploads\/2026\/01\/Cocaine.png\" \/>\n\t<meta property=\"og:image:width\" content=\"650\" \/>\n\t<meta property=\"og:image:height\" content=\"650\" \/>\n\t<meta property=\"og:image:type\" content=\"image\/png\" \/>\n<meta name=\"twitter:card\" content=\"summary_large_image\" \/>\n<meta name=\"twitter:label1\" content=\"Odhadovan\u00e1 doba \u010dten\u00ed\" \/>\n\t<meta name=\"twitter:data1\" content=\"1 minuta\" \/>\n<script type=\"application\/ld+json\" class=\"yoast-schema-graph\">{\"@context\":\"https:\\\/\\\/schema.org\",\"@graph\":[{\"@type\":\"WebPage\",\"@id\":\"https:\\\/\\\/exoticchemicals.com\\\/product\\\/buy-cocaine-online-safely\\\/\",\"url\":\"https:\\\/\\\/exoticchemicals.com\\\/product\\\/buy-cocaine-online-safely\\\/\",\"name\":\"Buy Cocaine Online safely | Buy Pure Bolivian Cocaine Online -\",\"isPartOf\":{\"@id\":\"https:\\\/\\\/exoticchemicals.com\\\/#website\"},\"primaryImageOfPage\":{\"@id\":\"https:\\\/\\\/exoticchemicals.com\\\/product\\\/buy-cocaine-online-safely\\\/#primaryimage\"},\"image\":{\"@id\":\"https:\\\/\\\/exoticchemicals.com\\\/product\\\/buy-cocaine-online-safely\\\/#primaryimage\"},\"thumbnailUrl\":\"https:\\\/\\\/exoticchemicals.com\\\/wp-content\\\/uploads\\\/2026\\\/01\\\/Cocaine.png\",\"datePublished\":\"2026-01-29T21:34:22+00:00\",\"dateModified\":\"2026-04-05T16:31:36+00:00\",\"description\":\"Buy Cocaine Online safely | 99.99% purity . Your most truested supplier of pure cocaine online. Safe cocaine delivery all over europe.\",\"breadcrumb\":{\"@id\":\"https:\\\/\\\/exoticchemicals.com\\\/product\\\/buy-cocaine-online-safely\\\/#breadcrumb\"},\"inLanguage\":\"cs\",\"potentialAction\":[{\"@type\":\"ReadAction\",\"target\":[\"https:\\\/\\\/exoticchemicals.com\\\/product\\\/buy-cocaine-online-safely\\\/\"]}]},{\"@type\":\"ImageObject\",\"inLanguage\":\"cs\",\"@id\":\"https:\\\/\\\/exoticchemicals.com\\\/product\\\/buy-cocaine-online-safely\\\/#primaryimage\",\"url\":\"https:\\\/\\\/exoticchemicals.com\\\/wp-content\\\/uploads\\\/2026\\\/01\\\/Cocaine.png\",\"contentUrl\":\"https:\\\/\\\/exoticchemicals.com\\\/wp-content\\\/uploads\\\/2026\\\/01\\\/Cocaine.png\",\"width\":650,\"height\":650,\"caption\":\"Buy Cocaine Online safely\"},{\"@type\":\"BreadcrumbList\",\"@id\":\"https:\\\/\\\/exoticchemicals.com\\\/product\\\/buy-cocaine-online-safely\\\/#breadcrumb\",\"itemListElement\":[{\"@type\":\"ListItem\",\"position\":1,\"name\":\"Home\",\"item\":\"https:\\\/\\\/exoticchemicals.com\\\/\"},{\"@type\":\"ListItem\",\"position\":2,\"name\":\"Shop\",\"item\":\"https:\\\/\\\/exoticchemicals.com\\\/shop\\\/\"},{\"@type\":\"ListItem\",\"position\":3,\"name\":\"Buy Pure Bolivian Cocaine Online\"}]},{\"@type\":\"WebSite\",\"@id\":\"https:\\\/\\\/exoticchemicals.com\\\/#website\",\"url\":\"https:\\\/\\\/exoticchemicals.com\\\/\",\"name\":\"exotic chemicals\",\"description\":\"Buy MDPHP Hydrochloride\",\"publisher\":{\"@id\":\"https:\\\/\\\/exoticchemicals.com\\\/#\\\/schema\\\/person\\\/07ad08472b6f5b213792451a32dbe8c7\"},\"potentialAction\":[{\"@type\":\"SearchAction\",\"target\":{\"@type\":\"EntryPoint\",\"urlTemplate\":\"https:\\\/\\\/exoticchemicals.com\\\/?s={search_term_string}\"},\"query-input\":{\"@type\":\"PropertyValueSpecification\",\"valueRequired\":true,\"valueName\":\"search_term_string\"}}],\"inLanguage\":\"cs\"},{\"@type\":[\"Person\",\"Organization\"],\"@id\":\"https:\\\/\\\/exoticchemicals.com\\\/#\\\/schema\\\/person\\\/07ad08472b6f5b213792451a32dbe8c7\",\"name\":\"wwalkershop@gmail.com\",\"image\":{\"@type\":\"ImageObject\",\"inLanguage\":\"cs\",\"@id\":\"https:\\\/\\\/exoticchemicals.com\\\/wp-content\\\/uploads\\\/2025\\\/02\\\/pure-3-1-1.png\",\"url\":\"https:\\\/\\\/exoticchemicals.com\\\/wp-content\\\/uploads\\\/2025\\\/02\\\/pure-3-1-1.png\",\"contentUrl\":\"https:\\\/\\\/exoticchemicals.com\\\/wp-content\\\/uploads\\\/2025\\\/02\\\/pure-3-1-1.png\",\"width\":500,\"height\":500,\"caption\":\"wwalkershop@gmail.com\"},\"logo\":{\"@id\":\"https:\\\/\\\/exoticchemicals.com\\\/wp-content\\\/uploads\\\/2025\\\/02\\\/pure-3-1-1.png\"},\"sameAs\":[\"http:\\\/\\\/exoticchemicals.com\"]}]}<\/script>\n<!-- \/ Yoast SEO plugin. -->","yoast_head_json":{"title":"Koupit kokain online bezpe\u010dn\u011b | Koupit \u010dist\u00fd bolivijsk\u00fd kokain online -","description":"Koupit kokain online bezpe\u010dn\u011b | 99,99% \u010distoty . V\u00e1\u0161 nejspolehliv\u011bj\u0161\u00ed dodavatel \u010dist\u00e9ho kokainu online. Bezpe\u010dn\u00e9 doru\u010den\u00ed kokainu po cel\u00e9 evrop\u011b.","robots":{"index":"index","follow":"follow","max-snippet":"max-snippet:-1","max-image-preview":"max-image-preview:large","max-video-preview":"max-video-preview:-1"},"canonical":"https:\/\/exoticchemicals.com\/cs\/product\/bezpecne-koupit-kokain-online\/","og_locale":"cs_CZ","og_type":"article","og_title":"Buy Cocaine Online safely | Buy Pure Bolivian Cocaine Online -","og_description":"Buy Cocaine Online safely | 99.99% purity . Your most truested supplier of pure cocaine online. Safe cocaine delivery all over europe.","og_url":"https:\/\/exoticchemicals.com\/cs\/product\/bezpecne-koupit-kokain-online\/","article_modified_time":"2026-04-05T16:31:36+00:00","og_image":[{"width":650,"height":650,"url":"https:\/\/exoticchemicals.com\/wp-content\/uploads\/2026\/01\/Cocaine.png","type":"image\/png"}],"twitter_card":"summary_large_image","twitter_misc":{"Odhadovan\u00e1 doba \u010dten\u00ed":"1 minuta"},"schema":{"@context":"https:\/\/schema.org","@graph":[{"@type":"WebPage","@id":"https:\/\/exoticchemicals.com\/product\/buy-cocaine-online-safely\/","url":"https:\/\/exoticchemicals.com\/product\/buy-cocaine-online-safely\/","name":"Koupit kokain online bezpe\u010dn\u011b | Koupit \u010dist\u00fd bolivijsk\u00fd kokain online -","isPartOf":{"@id":"https:\/\/exoticchemicals.com\/#website"},"primaryImageOfPage":{"@id":"https:\/\/exoticchemicals.com\/product\/buy-cocaine-online-safely\/#primaryimage"},"image":{"@id":"https:\/\/exoticchemicals.com\/product\/buy-cocaine-online-safely\/#primaryimage"},"thumbnailUrl":"https:\/\/exoticchemicals.com\/wp-content\/uploads\/2026\/01\/Cocaine.png","datePublished":"2026-01-29T21:34:22+00:00","dateModified":"2026-04-05T16:31:36+00:00","description":"Koupit kokain online bezpe\u010dn\u011b | 99,99% \u010distoty . V\u00e1\u0161 nejspolehliv\u011bj\u0161\u00ed dodavatel \u010dist\u00e9ho kokainu online. Bezpe\u010dn\u00e9 doru\u010den\u00ed kokainu po cel\u00e9 evrop\u011b.","breadcrumb":{"@id":"https:\/\/exoticchemicals.com\/product\/buy-cocaine-online-safely\/#breadcrumb"},"inLanguage":"cs","potentialAction":[{"@type":"ReadAction","target":["https:\/\/exoticchemicals.com\/product\/buy-cocaine-online-safely\/"]}]},{"@type":"ImageObject","inLanguage":"cs","@id":"https:\/\/exoticchemicals.com\/product\/buy-cocaine-online-safely\/#primaryimage","url":"https:\/\/exoticchemicals.com\/wp-content\/uploads\/2026\/01\/Cocaine.png","contentUrl":"https:\/\/exoticchemicals.com\/wp-content\/uploads\/2026\/01\/Cocaine.png","width":650,"height":650,"caption":"Buy Cocaine Online safely"},{"@type":"BreadcrumbList","@id":"https:\/\/exoticchemicals.com\/product\/buy-cocaine-online-safely\/#breadcrumb","itemListElement":[{"@type":"ListItem","position":1,"name":"Home","item":"https:\/\/exoticchemicals.com\/"},{"@type":"ListItem","position":2,"name":"Shop","item":"https:\/\/exoticchemicals.com\/shop\/"},{"@type":"ListItem","position":3,"name":"Buy Pure Bolivian Cocaine Online"}]},{"@type":"WebSite","@id":"https:\/\/exoticchemicals.com\/#website","url":"https:\/\/exoticchemicals.com\/","name":"exotick\u00e9 chemik\u00e1lie","description":"Koupit MDPHP hydrochlorid","publisher":{"@id":"https:\/\/exoticchemicals.com\/#\/schema\/person\/07ad08472b6f5b213792451a32dbe8c7"},"potentialAction":[{"@type":"SearchAction","target":{"@type":"EntryPoint","urlTemplate":"https:\/\/exoticchemicals.com\/?s={search_term_string}"},"query-input":{"@type":"PropertyValueSpecification","valueRequired":true,"valueName":"search_term_string"}}],"inLanguage":"cs"},{"@type":["Person","Organization"],"@id":"https:\/\/exoticchemicals.com\/#\/schema\/person\/07ad08472b6f5b213792451a32dbe8c7","name":"wwalkershop@gmail.com","image":{"@type":"ImageObject","inLanguage":"cs","@id":"https:\/\/exoticchemicals.com\/wp-content\/uploads\/2025\/02\/pure-3-1-1.png","url":"https:\/\/exoticchemicals.com\/wp-content\/uploads\/2025\/02\/pure-3-1-1.png","contentUrl":"https:\/\/exoticchemicals.com\/wp-content\/uploads\/2025\/02\/pure-3-1-1.png","width":500,"height":500,"caption":"wwalkershop@gmail.com"},"logo":{"@id":"https:\/\/exoticchemicals.com\/wp-content\/uploads\/2025\/02\/pure-3-1-1.png"},"sameAs":["http:\/\/exoticchemicals.com"]}]}},"uagb_featured_image_src":{"full":["https:\/\/exoticchemicals.com\/wp-content\/uploads\/2026\/01\/Cocaine.png",650,650,false],"thumbnail":["https:\/\/exoticchemicals.com\/wp-content\/uploads\/2026\/01\/Cocaine-150x150.png",150,150,true],"medium":["https:\/\/exoticchemicals.com\/wp-content\/uploads\/2026\/01\/Cocaine-300x300.png",300,300,true],"medium_large":["https:\/\/exoticchemicals.com\/wp-content\/uploads\/2026\/01\/Cocaine.png",650,650,false],"large":["https:\/\/exoticchemicals.com\/wp-content\/uploads\/2026\/01\/Cocaine.png",650,650,false],"1536x1536":["https:\/\/exoticchemicals.com\/wp-content\/uploads\/2026\/01\/Cocaine.png",650,650,false],"2048x2048":["https:\/\/exoticchemicals.com\/wp-content\/uploads\/2026\/01\/Cocaine.png",650,650,false],"trp-custom-language-flag":["https:\/\/exoticchemicals.com\/wp-content\/uploads\/2026\/01\/Cocaine-12x12.png",12,12,true],"woocommerce_thumbnail":["https:\/\/exoticchemicals.com\/wp-content\/uploads\/2026\/01\/Cocaine-300x300.png",300,300,true],"woocommerce_single":["https:\/\/exoticchemicals.com\/wp-content\/uploads\/2026\/01\/Cocaine-600x600.png",600,600,true],"woocommerce_gallery_thumbnail":["https:\/\/exoticchemicals.com\/wp-content\/uploads\/2026\/01\/Cocaine-100x100.png",100,100,true]},"uagb_author_info":{"display_name":"wwalkershop@gmail.com","author_link":"https:\/\/exoticchemicals.com\/cs\/author\/"},"uagb_comment_info":7,"uagb_excerpt":"Buy Bolivian Cocaine Online Buy Cocaine Online safely, Cocaine is a powerfully addictive stimulant that directly affects the brain. It was labeled the drug of the 1980s and \u201990s, because of its extensive popularity and use during this period. However, It is not a new drug. In fact, it is one of the oldest known&hellip;","_links":{"self":[{"href":"https:\/\/exoticchemicals.com\/cs\/wp-json\/wp\/v2\/product\/5468","targetHints":{"allow":["GET"]}}],"collection":[{"href":"https:\/\/exoticchemicals.com\/cs\/wp-json\/wp\/v2\/product"}],"about":[{"href":"https:\/\/exoticchemicals.com\/cs\/wp-json\/wp\/v2\/types\/product"}],"replies":[{"embeddable":true,"href":"https:\/\/exoticchemicals.com\/cs\/wp-json\/wp\/v2\/comments?post=5468"}],"wp:featuredmedia":[{"embeddable":true,"href":"https:\/\/exoticchemicals.com\/cs\/wp-json\/wp\/v2\/media\/5496"}],"wp:attachment":[{"href":"https:\/\/exoticchemicals.com\/cs\/wp-json\/wp\/v2\/media?parent=5468"}],"wp:term":[{"taxonomy":"product_brand","embeddable":true,"href":"https:\/\/exoticchemicals.com\/cs\/wp-json\/wp\/v2\/product_brand?post=5468"},{"taxonomy":"product_cat","embeddable":true,"href":"https:\/\/exoticchemicals.com\/cs\/wp-json\/wp\/v2\/product_cat?post=5468"},{"taxonomy":"product_tag","embeddable":true,"href":"https:\/\/exoticchemicals.com\/cs\/wp-json\/wp\/v2\/product_tag?post=5468"}],"curies":[{"name":"wp","href":"https:\/\/api.w.org\/{rel}","templated":true}]}}