{"id":611,"date":"2025-02-06T20:10:30","date_gmt":"2025-02-06T20:10:30","guid":{"rendered":"https:\/\/exoticchemicals.com\/about-us-2\/"},"modified":"2025-02-27T11:45:30","modified_gmt":"2025-02-27T11:45:30","slug":"vertrauenswurdiger-mdphp-hydrochlorid-lieferant-uber-uns-2","status":"publish","type":"page","link":"https:\/\/exoticchemicals.com\/de\/trusted-mdphp-hydrochloride-supplier-about-us-2\/","title":{"rendered":"\u00dcber uns"},"content":{"rendered":"<div class=\"wp-block-uagb-container uagb-block-520e2490 alignfull uagb-is-root-container\"><div class=\"uagb-container-inner-blocks-wrap\">\n<div class=\"wp-block-uagb-advanced-heading uagb-block-2017abad\"><h1 class=\"uagb-heading-text\">\u00dcber uns<\/h1><\/div>\n<\/div><\/div>\n\n\n\n<div class=\"wp-block-uagb-container uagb-block-8f655b5d alignfull uagb-is-root-container\"><div class=\"uagb-container-inner-blocks-wrap\">\n<div class=\"wp-block-uagb-container uagb-block-ef5c793b\">\n<div class=\"wp-block-uagb-advanced-heading uagb-block-968e99ff\"><h3 class=\"uagb-heading-text\">Exotic Chemicals | Schneller, diskreter und sicherer weltweiter Versand  <\/h3><\/div>\n<\/div>\n\n\n\n<div class=\"wp-block-uagb-container uagb-block-5e4cc404\">\n<div class=\"wp-block-uagb-advanced-heading uagb-block-fed986a5\"><p class=\"uagb-heading-text\">Ihre erste und vertrauensw\u00fcrdige MDPHP Hydrochlorid Lieferant und andere hochwertige Forschung Chemikalien. Wir sind spezialisiert auf die Bereitstellung von reinen, laborgepr\u00fcften MDPHP-Hydrochlorid zum Verkauf, Ketamin, LSD, XANAX, Schlaftabletten und viele andere seltene Pillen und Medizin ohne vorherige Verschreibung zu den g\u00fcnstigsten Preisen ben\u00f6tigt, um sicherzustellen, dass unsere Kunden erhalten hochwertige Produkte mit garantierter Reinheit und Potenz.<\/p><\/div>\n\n\n\n<p>Bei Exotic Chemicals sind wir stolz darauf, eine sichere, diskrete und zuverl\u00e4ssige Online-Plattform anzubieten, auf der Kunden MDPHP-Hydrochlorid mit Expressversand weltweit von einem vertrauensw\u00fcrdigen MDPHP-Hydrochlorid-Lieferanten kaufen k\u00f6nnen. Wir gew\u00e4hrleisten eine sichere und geheime Verpackung, so dass jede Bestellung privat und unauffindbar ist, damit Sie sich keine Sorgen machen m\u00fcssen. Schauen Sie sich unseren Shop an, um alle verschiedenen Arten von seltenen Chemikalien zum Verkauf, Pillen, Pulver, Pilze und viele andere zu kennen.<\/p>\n\n\n\n<div class=\"wp-block-uagb-buttons uagb-buttons__outer-wrap uagb-btn__default-btn uagb-btn-tablet__default-btn uagb-btn-mobile__default-btn uagb-block-0a8bda72\"><div class=\"uagb-buttons__wrap uagb-buttons-layout-wrap\">\n<div class=\"wp-block-uagb-buttons-child uagb-buttons__outer-wrap uagb-block-3ee676bd wp-block-button\"><div class=\"uagb-button__wrapper\"><a class=\"uagb-buttons-repeater wp-block-button__link\" aria-label=\"\" href=\"https:\/\/exoticchemicals.com\/de\/shop\/\" rel=\"follow noopener\" target=\"_self\" role=\"button\"><div class=\"uagb-button__link\">Mehr lesen<\/div><\/a><\/div><\/div>\n<\/div><\/div>\n<\/div>\n<\/div><\/div>\n\n\n\n<div class=\"wp-block-uagb-container uagb-block-4cb98ea9 alignfull uagb-is-root-container\"><div class=\"uagb-container-inner-blocks-wrap\">\n<div class=\"wp-block-uagb-advanced-heading uagb-block-6e62113e\"><h2 class=\"uagb-heading-text\">Warum sollten Sie MDPHP bei uns kaufen?<\/h2><p class=\"uagb-desc-text\">Ganz gleich, ob Sie MDPHP-Hydrochlorid f\u00fcr die Forschung oder f\u00fcr industrielle Zwecke online kaufen m\u00f6chten, Exotic Chemicals garantiert Ihnen eine sichere Lieferung, hochwertige Produkte und au\u00dfergew\u00f6hnliche <a href=\"https:\/\/www.nottingham.ac.uk\/chemistry-bpu\/services-for-business\/4.nottingham-research-chemicals.aspx\">Kundenbetreuung<\/a>. Bestellen Sie jetzt und erleben Sie die beste Online-Quelle f\u00fcr MDPHP Hydrochlorid mit schnellen, diskreten und sicheren weltweiten Versand. Zuverl\u00e4ssiger MDPHP-Hydrochlorid-Lieferant.<\/p><\/div>\n\n\n\n<div class=\"wp-block-uagb-image aligncenter uagb-block-23e113bb wp-block-uagb-image--layout-default wp-block-uagb-image--effect-static wp-block-uagb-image--align-center\"><figure class=\"wp-block-uagb-image__figure\"><img loading=\"lazy\" decoding=\"async\" srcset=\"https:\/\/exoticchemicals.com\/wp-content\/uploads\/2025\/02\/pexels-photo-7230894-7230894-1024x683.jpg ,https:\/\/exoticchemicals.com\/wp-content\/uploads\/2025\/02\/pexels-photo-7230894-7230894-scaled.jpg 780w, https:\/\/exoticchemicals.com\/wp-content\/uploads\/2025\/02\/pexels-photo-7230894-7230894-scaled.jpg 360w\" sizes=\"auto, (max-width: 480px) 150px\" src=\"https:\/\/exoticchemicals.com\/wp-content\/uploads\/2025\/02\/pexels-photo-7230894-7230894-1024x683.jpg\" alt=\"Zuverl\u00e4ssiger Lieferant von MDPHP-Hydrochlorid\" class=\"uag-image-4523\" width=\"1024\" height=\"683\" title=\"Zuverl\u00e4ssiger Lieferant von MDPHP-Hydrochlorid\" role=\"img\"\/><\/figure><\/div>\n\n\n\n<div class=\"wp-block-uagb-container uagb-block-5a13d703\">\n<p class=\"has-text-align-center\">\u2714 <strong>Hochwertiges MDPHP-Hydrochlorid zu verkaufen<\/strong> : Im Labor getestet und auf hohe Reinheit gepr\u00fcft.              \u2714 <strong>Optionen f\u00fcr Bulk &amp; Gro\u00dfhandel<\/strong> : Holen Sie sich <strong>MDPHP-Hydrochlorid als Massengut<\/strong> unter <strong>wettbewerbsf\u00e4hige Preise<\/strong><\/p>\n\n\n\n<p class=\"has-text-align-center\">\u2714 <strong>Erschwingliche Preise<\/strong> : G\u00fcnstige Preise f\u00fcr Gro\u00df- und Kleinauftr\u00e4ge.<br>\u2714 <strong>Schneller &amp; diskreter Versand<\/strong> : Weltweiter Expressversand mit Stealth-Verpackung.<\/p>\n\n\n\n<p class=\"has-text-align-center\">\u2714 <strong>Zuverl\u00e4ssige und sichere Transaktionen<\/strong> :  Mehrere Zahlungsoptionen f\u00fcr eine reibungslose Bestellung.<br>\u2714 <strong>Globale Versorgung<\/strong>: Wir versenden in die <strong>USA, Gro\u00dfbritannien, Kanada, Europa und dar\u00fcber hinaus<\/strong>.<\/p>\n<\/div>\n<\/div><\/div>\n\n\n\n<div class=\"wp-block-uagb-container uagb-block-2f328874 alignfull uagb-is-root-container\"><div class=\"uagb-container-inner-blocks-wrap\">\n<div class=\"wp-block-uagb-advanced-heading uagb-block-ff6d4cbd\"><h2 class=\"uagb-heading-text\">Jetzt kaufen!<\/h2><p class=\"uagb-desc-text\"><strong>Reines MDMA diskret online kaufen - Hochwertiges MDMA zum Verkauf<\/strong> \ud83d\udc8a\ud83d\udd12 | Bestellung <a href=\"https:\/\/www.nottingham.ac.uk\/chemistry-bpu\/services-for-business\/4.nottingham-research-chemicals.aspx\"><strong>reine MDMA-Kristalle<\/strong> von einer <strong>vertrauensw\u00fcrdiger Lieferant<\/strong><\/a> mit <strong>sicherer &amp; diskreter Versand weltweit<\/strong>. Erhalten Sie <strong>laborgepr\u00fcftes, hochreines MDMA<\/strong> am <strong>beste Preise<\/strong>. <strong>Schnelle Lieferung &amp; sichere Zahlungsm\u00f6glichkeiten<\/strong> verf\u00fcgbar! \ud83d\ude80 #BuyMDMAOnline #MDMAForSale #PureMDMA<\/p><\/div>\n<\/div><\/div>","protected":false},"excerpt":{"rendered":"<p>About Us Exotic Chemicals | Fast, Discreet, and Secure Worldwide Shipping Your premier and Trusted MDPHP Hydrochloride supplier and other high-quality research chemicals. We specialize in providing pure, lab-tested MDPHP Hydrochloride for sale , Ketamine , LSD , XANAX , Sleeping pills and many other rare pills and medicine without prior prescription needed at the [&hellip;]<\/p>\n","protected":false},"author":1,"featured_media":0,"parent":0,"menu_order":0,"comment_status":"closed","ping_status":"closed","template":"","meta":{"_uag_custom_page_level_css":"","site-sidebar-layout":"default","site-content-layout":"plain-container","ast-site-content-layout":"normal-width-container","site-content-style":"unboxed","site-sidebar-style":"unboxed","ast-global-header-display":"","ast-banner-title-visibility":"","ast-main-header-display":"","ast-hfb-above-header-display":"","ast-hfb-below-header-display":"","ast-hfb-mobile-header-display":"","site-post-title":"disabled","ast-breadcrumbs-content":"","ast-featured-img":"","footer-sml-layout":"","theme-transparent-header-meta":"","adv-header-id-meta":"","stick-header-meta":"","header-above-stick-meta":"","header-main-stick-meta":"","header-below-stick-meta":"","astra-migrate-meta-layouts":"set","ast-page-background-enabled":"default","ast-page-background-meta":{"desktop":{"background-color":"","background-image":"","background-repeat":"repeat","background-position":"center center","background-size":"auto","background-attachment":"scroll","background-type":"","background-media":"","overlay-type":"","overlay-color":"","overlay-opacity":"","overlay-gradient":""},"tablet":{"background-color":"","background-image":"","background-repeat":"repeat","background-position":"center center","background-size":"auto","background-attachment":"scroll","background-type":"","background-media":"","overlay-type":"","overlay-color":"","overlay-opacity":"","overlay-gradient":""},"mobile":{"background-color":"","background-image":"","background-repeat":"repeat","background-position":"center center","background-size":"auto","background-attachment":"scroll","background-type":"","background-media":"","overlay-type":"","overlay-color":"","overlay-opacity":"","overlay-gradient":""}},"ast-content-background-meta":{"desktop":{"background-color":"var(--ast-global-color-5)","background-image":"","background-repeat":"repeat","background-position":"center center","background-size":"auto","background-attachment":"scroll","background-type":"","background-media":"","overlay-type":"","overlay-color":"","overlay-opacity":"","overlay-gradient":""},"tablet":{"background-color":"var(--ast-global-color-5)","background-image":"","background-repeat":"repeat","background-position":"center center","background-size":"auto","background-attachment":"scroll","background-type":"","background-media":"","overlay-type":"","overlay-color":"","overlay-opacity":"","overlay-gradient":""},"mobile":{"background-color":"var(--ast-global-color-5)","background-image":"","background-repeat":"repeat","background-position":"center center","background-size":"auto","background-attachment":"scroll","background-type":"","background-media":"","overlay-type":"","overlay-color":"","overlay-opacity":"","overlay-gradient":""}},"footnotes":""},"class_list":["post-611","page","type-page","status-publish","hentry"],"yoast_head":"<!-- This site is optimized with the Yoast SEO plugin v27.4 - https:\/\/yoast.com\/product\/yoast-seo-wordpress\/ -->\n<title>Trusted MDPHP Hydrochloride supplier About Us -<\/title>\n<meta name=\"description\" content=\"Trusted MDPHP Hydrochloride supplier. Exotic Chemicals offering high-quality research chemicals with discreet, fast worldwide shipping Reliable, secure, and customer-focused service.\" \/>\n<meta name=\"robots\" content=\"index, follow, max-snippet:-1, max-image-preview:large, max-video-preview:-1\" \/>\n<link rel=\"canonical\" href=\"https:\/\/exoticchemicals.com\/de\/vertrauenswurdiger-mdphp-hydrochlorid-lieferant-uber-uns-2\/\" \/>\n<meta property=\"og:locale\" content=\"de_DE\" \/>\n<meta property=\"og:type\" content=\"article\" \/>\n<meta property=\"og:title\" content=\"Trusted MDPHP Hydrochloride supplier About Us -\" \/>\n<meta property=\"og:description\" content=\"Trusted MDPHP Hydrochloride supplier. Exotic Chemicals offering high-quality research chemicals with discreet, fast worldwide shipping Reliable, secure, and customer-focused service.\" \/>\n<meta property=\"og:url\" content=\"https:\/\/exoticchemicals.com\/de\/vertrauenswurdiger-mdphp-hydrochlorid-lieferant-uber-uns-2\/\" \/>\n<meta property=\"article:modified_time\" content=\"2025-02-27T11:45:30+00:00\" \/>\n<meta property=\"og:image\" content=\"https:\/\/exoticchemicals.com\/wp-content\/uploads\/2025\/02\/pexels-photo-7230894-7230894-1024x683.jpg\" \/>\n<meta name=\"twitter:card\" content=\"summary_large_image\" \/>\n<meta name=\"twitter:label1\" content=\"Gesch\u00e4tzte Lesezeit\" \/>\n\t<meta name=\"twitter:data1\" content=\"2\u00a0Minuten\" \/>\n<script type=\"application\/ld+json\" class=\"yoast-schema-graph\">{\"@context\":\"https:\\\/\\\/schema.org\",\"@graph\":[{\"@type\":\"WebPage\",\"@id\":\"https:\\\/\\\/exoticchemicals.com\\\/trusted-mdphp-hydrochloride-supplier-about-us-2\\\/\",\"url\":\"https:\\\/\\\/exoticchemicals.com\\\/trusted-mdphp-hydrochloride-supplier-about-us-2\\\/\",\"name\":\"Trusted MDPHP Hydrochloride supplier About Us -\",\"isPartOf\":{\"@id\":\"https:\\\/\\\/exoticchemicals.com\\\/#website\"},\"primaryImageOfPage\":{\"@id\":\"https:\\\/\\\/exoticchemicals.com\\\/trusted-mdphp-hydrochloride-supplier-about-us-2\\\/#primaryimage\"},\"image\":{\"@id\":\"https:\\\/\\\/exoticchemicals.com\\\/trusted-mdphp-hydrochloride-supplier-about-us-2\\\/#primaryimage\"},\"thumbnailUrl\":\"https:\\\/\\\/exoticchemicals.com\\\/wp-content\\\/uploads\\\/2025\\\/02\\\/pexels-photo-7230894-7230894-1024x683.jpg\",\"datePublished\":\"2025-02-06T20:10:30+00:00\",\"dateModified\":\"2025-02-27T11:45:30+00:00\",\"description\":\"Trusted MDPHP Hydrochloride supplier. Exotic Chemicals offering high-quality research chemicals with discreet, fast worldwide shipping Reliable, secure, and customer-focused service.\",\"breadcrumb\":{\"@id\":\"https:\\\/\\\/exoticchemicals.com\\\/trusted-mdphp-hydrochloride-supplier-about-us-2\\\/#breadcrumb\"},\"inLanguage\":\"de\",\"potentialAction\":[{\"@type\":\"ReadAction\",\"target\":[\"https:\\\/\\\/exoticchemicals.com\\\/trusted-mdphp-hydrochloride-supplier-about-us-2\\\/\"]}]},{\"@type\":\"ImageObject\",\"inLanguage\":\"de\",\"@id\":\"https:\\\/\\\/exoticchemicals.com\\\/trusted-mdphp-hydrochloride-supplier-about-us-2\\\/#primaryimage\",\"url\":\"https:\\\/\\\/exoticchemicals.com\\\/wp-content\\\/uploads\\\/2025\\\/02\\\/pexels-photo-7230894-7230894-1024x683.jpg\",\"contentUrl\":\"https:\\\/\\\/exoticchemicals.com\\\/wp-content\\\/uploads\\\/2025\\\/02\\\/pexels-photo-7230894-7230894-1024x683.jpg\"},{\"@type\":\"BreadcrumbList\",\"@id\":\"https:\\\/\\\/exoticchemicals.com\\\/trusted-mdphp-hydrochloride-supplier-about-us-2\\\/#breadcrumb\",\"itemListElement\":[{\"@type\":\"ListItem\",\"position\":1,\"name\":\"Home\",\"item\":\"https:\\\/\\\/exoticchemicals.com\\\/\"},{\"@type\":\"ListItem\",\"position\":2,\"name\":\"About Us\"}]},{\"@type\":\"WebSite\",\"@id\":\"https:\\\/\\\/exoticchemicals.com\\\/#website\",\"url\":\"https:\\\/\\\/exoticchemicals.com\\\/\",\"name\":\"exotic chemicals\",\"description\":\"Buy MDPHP Hydrochloride\",\"publisher\":{\"@id\":\"https:\\\/\\\/exoticchemicals.com\\\/#\\\/schema\\\/person\\\/07ad08472b6f5b213792451a32dbe8c7\"},\"potentialAction\":[{\"@type\":\"SearchAction\",\"target\":{\"@type\":\"EntryPoint\",\"urlTemplate\":\"https:\\\/\\\/exoticchemicals.com\\\/?s={search_term_string}\"},\"query-input\":{\"@type\":\"PropertyValueSpecification\",\"valueRequired\":true,\"valueName\":\"search_term_string\"}}],\"inLanguage\":\"de\"},{\"@type\":[\"Person\",\"Organization\"],\"@id\":\"https:\\\/\\\/exoticchemicals.com\\\/#\\\/schema\\\/person\\\/07ad08472b6f5b213792451a32dbe8c7\",\"name\":\"wwalkershop@gmail.com\",\"image\":{\"@type\":\"ImageObject\",\"inLanguage\":\"de\",\"@id\":\"https:\\\/\\\/exoticchemicals.com\\\/wp-content\\\/uploads\\\/2025\\\/02\\\/pure-3-1-1.png\",\"url\":\"https:\\\/\\\/exoticchemicals.com\\\/wp-content\\\/uploads\\\/2025\\\/02\\\/pure-3-1-1.png\",\"contentUrl\":\"https:\\\/\\\/exoticchemicals.com\\\/wp-content\\\/uploads\\\/2025\\\/02\\\/pure-3-1-1.png\",\"width\":500,\"height\":500,\"caption\":\"wwalkershop@gmail.com\"},\"logo\":{\"@id\":\"https:\\\/\\\/exoticchemicals.com\\\/wp-content\\\/uploads\\\/2025\\\/02\\\/pure-3-1-1.png\"},\"sameAs\":[\"http:\\\/\\\/exoticchemicals.com\"]}]}<\/script>\n<!-- \/ Yoast SEO plugin. -->","yoast_head_json":{"title":"Vertrauensw\u00fcrdiger MDPHP-Hydrochlorid-Lieferant \u00dcber uns -","description":"Zuverl\u00e4ssiger Lieferant von MDPHP-Hydrochlorid. Exotic Chemicals bietet hochwertige Forschungschemikalien mit diskretem, schnellem weltweitem Versand an. Zuverl\u00e4ssiger, sicherer und kundenorientierter Service.","robots":{"index":"index","follow":"follow","max-snippet":"max-snippet:-1","max-image-preview":"max-image-preview:large","max-video-preview":"max-video-preview:-1"},"canonical":"https:\/\/exoticchemicals.com\/de\/vertrauenswurdiger-mdphp-hydrochlorid-lieferant-uber-uns-2\/","og_locale":"de_DE","og_type":"article","og_title":"Trusted MDPHP Hydrochloride supplier About Us -","og_description":"Trusted MDPHP Hydrochloride supplier. Exotic Chemicals offering high-quality research chemicals with discreet, fast worldwide shipping Reliable, secure, and customer-focused service.","og_url":"https:\/\/exoticchemicals.com\/de\/vertrauenswurdiger-mdphp-hydrochlorid-lieferant-uber-uns-2\/","article_modified_time":"2025-02-27T11:45:30+00:00","og_image":[{"url":"https:\/\/exoticchemicals.com\/wp-content\/uploads\/2025\/02\/pexels-photo-7230894-7230894-1024x683.jpg","type":"","width":"","height":""}],"twitter_card":"summary_large_image","twitter_misc":{"Gesch\u00e4tzte Lesezeit":"2\u00a0Minuten"},"schema":{"@context":"https:\/\/schema.org","@graph":[{"@type":"WebPage","@id":"https:\/\/exoticchemicals.com\/trusted-mdphp-hydrochloride-supplier-about-us-2\/","url":"https:\/\/exoticchemicals.com\/trusted-mdphp-hydrochloride-supplier-about-us-2\/","name":"Vertrauensw\u00fcrdiger MDPHP-Hydrochlorid-Lieferant \u00dcber uns -","isPartOf":{"@id":"https:\/\/exoticchemicals.com\/#website"},"primaryImageOfPage":{"@id":"https:\/\/exoticchemicals.com\/trusted-mdphp-hydrochloride-supplier-about-us-2\/#primaryimage"},"image":{"@id":"https:\/\/exoticchemicals.com\/trusted-mdphp-hydrochloride-supplier-about-us-2\/#primaryimage"},"thumbnailUrl":"https:\/\/exoticchemicals.com\/wp-content\/uploads\/2025\/02\/pexels-photo-7230894-7230894-1024x683.jpg","datePublished":"2025-02-06T20:10:30+00:00","dateModified":"2025-02-27T11:45:30+00:00","description":"Zuverl\u00e4ssiger Lieferant von MDPHP-Hydrochlorid. Exotic Chemicals bietet hochwertige Forschungschemikalien mit diskretem, schnellem weltweitem Versand an. Zuverl\u00e4ssiger, sicherer und kundenorientierter Service.","breadcrumb":{"@id":"https:\/\/exoticchemicals.com\/trusted-mdphp-hydrochloride-supplier-about-us-2\/#breadcrumb"},"inLanguage":"de","potentialAction":[{"@type":"ReadAction","target":["https:\/\/exoticchemicals.com\/trusted-mdphp-hydrochloride-supplier-about-us-2\/"]}]},{"@type":"ImageObject","inLanguage":"de","@id":"https:\/\/exoticchemicals.com\/trusted-mdphp-hydrochloride-supplier-about-us-2\/#primaryimage","url":"https:\/\/exoticchemicals.com\/wp-content\/uploads\/2025\/02\/pexels-photo-7230894-7230894-1024x683.jpg","contentUrl":"https:\/\/exoticchemicals.com\/wp-content\/uploads\/2025\/02\/pexels-photo-7230894-7230894-1024x683.jpg"},{"@type":"BreadcrumbList","@id":"https:\/\/exoticchemicals.com\/trusted-mdphp-hydrochloride-supplier-about-us-2\/#breadcrumb","itemListElement":[{"@type":"ListItem","position":1,"name":"Home","item":"https:\/\/exoticchemicals.com\/"},{"@type":"ListItem","position":2,"name":"About Us"}]},{"@type":"WebSite","@id":"https:\/\/exoticchemicals.com\/#website","url":"https:\/\/exoticchemicals.com\/","name":"exotische Chemikalien","description":"MDPHP-Hydrochlorid kaufen","publisher":{"@id":"https:\/\/exoticchemicals.com\/#\/schema\/person\/07ad08472b6f5b213792451a32dbe8c7"},"potentialAction":[{"@type":"SearchAction","target":{"@type":"EntryPoint","urlTemplate":"https:\/\/exoticchemicals.com\/?s={search_term_string}"},"query-input":{"@type":"PropertyValueSpecification","valueRequired":true,"valueName":"search_term_string"}}],"inLanguage":"de"},{"@type":["Person","Organization"],"@id":"https:\/\/exoticchemicals.com\/#\/schema\/person\/07ad08472b6f5b213792451a32dbe8c7","name":"wwalkershop@gmail.com","image":{"@type":"ImageObject","inLanguage":"de","@id":"https:\/\/exoticchemicals.com\/wp-content\/uploads\/2025\/02\/pure-3-1-1.png","url":"https:\/\/exoticchemicals.com\/wp-content\/uploads\/2025\/02\/pure-3-1-1.png","contentUrl":"https:\/\/exoticchemicals.com\/wp-content\/uploads\/2025\/02\/pure-3-1-1.png","width":500,"height":500,"caption":"wwalkershop@gmail.com"},"logo":{"@id":"https:\/\/exoticchemicals.com\/wp-content\/uploads\/2025\/02\/pure-3-1-1.png"},"sameAs":["http:\/\/exoticchemicals.com"]}]}},"uagb_featured_image_src":{"full":false,"thumbnail":false,"medium":false,"medium_large":false,"large":false,"1536x1536":false,"2048x2048":false,"trp-custom-language-flag":false,"woocommerce_thumbnail":false,"woocommerce_single":false,"woocommerce_gallery_thumbnail":false},"uagb_author_info":{"display_name":"wwalkershop@gmail.com","author_link":"https:\/\/exoticchemicals.com\/de\/author\/wwalkershopgmail-com\/"},"uagb_comment_info":0,"uagb_excerpt":"About Us Exotic Chemicals | Fast, Discreet, and Secure Worldwide Shipping Your premier and Trusted MDPHP Hydrochloride supplier and other high-quality research chemicals. We specialize in providing pure, lab-tested MDPHP Hydrochloride for sale , Ketamine , LSD , XANAX , Sleeping pills and many other rare pills and medicine without prior prescription needed at the&hellip;","_links":{"self":[{"href":"https:\/\/exoticchemicals.com\/de\/wp-json\/wp\/v2\/pages\/611","targetHints":{"allow":["GET"]}}],"collection":[{"href":"https:\/\/exoticchemicals.com\/de\/wp-json\/wp\/v2\/pages"}],"about":[{"href":"https:\/\/exoticchemicals.com\/de\/wp-json\/wp\/v2\/types\/page"}],"author":[{"embeddable":true,"href":"https:\/\/exoticchemicals.com\/de\/wp-json\/wp\/v2\/users\/1"}],"replies":[{"embeddable":true,"href":"https:\/\/exoticchemicals.com\/de\/wp-json\/wp\/v2\/comments?post=611"}],"version-history":[{"count":5,"href":"https:\/\/exoticchemicals.com\/de\/wp-json\/wp\/v2\/pages\/611\/revisions"}],"predecessor-version":[{"id":4553,"href":"https:\/\/exoticchemicals.com\/de\/wp-json\/wp\/v2\/pages\/611\/revisions\/4553"}],"wp:attachment":[{"href":"https:\/\/exoticchemicals.com\/de\/wp-json\/wp\/v2\/media?parent=611"}],"curies":[{"name":"wp","href":"https:\/\/api.w.org\/{rel}","templated":true}]}}