{"id":2135,"date":"2025-02-06T20:41:15","date_gmt":"2025-02-06T20:41:15","guid":{"rendered":"https:\/\/exoticchemicals.com\/?post_type=product&#038;p=2135"},"modified":"2026-04-10T23:11:33","modified_gmt":"2026-04-10T23:11:33","slug":"peruvian-cocaine","status":"publish","type":"product","link":"https:\/\/exoticchemicals.com\/de\/product\/peruvian-cocaine\/","title":{"rendered":"Bolivianisches Kokain"},"content":{"rendered":"<h2>Buy Peruvian cocaine online<\/h2>\n<p>We are discreet suppliers of Peruvian cocaine powder and other cocaine products. We sell on the web and in the dark web worldwide. Also, it\u2019s easy to order and get it delivered at your doorstep, safe and discreet. Our services and prices are the best such that everyone can afford at least a couple of grams. We are mainly a wholesale company supplying retailers in huge quantity. However, it doesn\u2019t stop us from supplying customers who want just a couple grams. We have Peruvian Cocaine for sale Cheap. So if you are Looking for where to buy <a href=\"https:\/\/cocaineforsale.co\/\">Bolivianisches Kokain<\/a> Online. You are in the right place. We are best place to order Peruvian Cocaine online.<\/p>\n<p>&nbsp;<\/p>\n<h2>Where to buy Peruvian cocaine online<span class=\"category-name\">\u00a0<\/span><\/h2>\n<h4><strong>Advantage of buying Peruvian cocaine from us.<\/strong><\/h4>\n<p>You get an extra gram to your initial order. Coupons are available for your first buy. Discounts are automatically applied to your order. The delivery is fast and swift, the confirmation is instant, you are safe, covered, and protected. You get 15 % extra when you pay with bitcoin. Peruvian cocaine is somehow restricted in most countries and hence making it hard for its consumers to have access to it. We are here on the web\/dark-web to breach that complexity for you. You can safely, discreetly, and quickly buy a few grams discreet and delivered right to your <a href=\"http:\/\/www.dhl.com\">mailbox<\/a> or doorstep.<\/p>\n<h3><span class=\"category-name\">\u00a0Why buy from Us?<br \/> <\/span><\/h3>\n<p>We sell high-quality cocaine powder to everyone worldwide and our delivery is discreet and timely, average purity is 97-99%. If you are truly looking for where to buy Peruvian cocaine online, or a reliable place you can buy coca paste and feel the true natural quality of it then just know you found yourself a trustworthy place where to buy Peruvian cocaine and to rely on, just visit <a href=\"https:\/\/cocaineforsale.co\/\">our\u00a0shop<\/a>\u00a0and place your order now.<\/p>\n<p>Peruvian Cocaine is able to induce a trance-like state while providing sedation, pain relief, and memory loss. It exists in both powder and cracked form as an analgesic. You can Order Peruvian cocaine online and get the powder or you can buy crack online. Also, you could buy coca paste for sale as it\u2019s available in stock.<\/p>\n<ul>\n<li><strong>We Ship to your home address and can drop mailboxes discreetly.\u00a0<\/strong><\/li>\n<li><b>The packaging is secure, <a href=\"https:\/\/cocaineforsale.co\/2021\/07\/possible-to-order-cocaine-online\/\">discrete and safe<\/a>.<\/b><\/li>\n<li><strong>Secured Payment Method. We accept Bitcoins.<\/strong><\/li>\n<li><strong>No Extra Cost is Involve. Tracking Numbers are provided for all Orders.<\/strong><strong>\u00a0\u00a0\u00a0<\/strong><\/li>\n<\/ul>\n<h2>Peruvian Cocaine For Sale<\/h2>\n<p>Visit our\u00a0shop page\u00a0now and place a sample order to test our cocaine and its quality. We will ship to your home address discreetly when you complete the payment. Our Peruvian cocaine that we sell comes directly from the source, direct from the bricks uncut, pure, and of the highest quality capable of making you feel the best way ever. You have the opportunity of trying one of the <a href=\"https:\/\/cocaineforsale.co\/product\/fish-scale-cocaine\/\">best cocaine<\/a> of your life, the product can still be mixed by retailers to get more profit. We sell at $30 per gram with a min order of 10 grams for direct consumers and those interested but still skeptical. This is the chance for them to give this a try. We are reliable, honest, discreet, and will serve you with respect.<\/p>\n<p>Order Peruvian Cocaine Online<\/p>\n<p>We accept various forms of payments such as bitcoin, Vanilla Visa\/Master card gift cards, and wire transfers such as western union, and money gram. Therefore to\u00a0buy Peruvian cocaine online or <a href=\"https:\/\/cocaineforsale.co\/product\/order-colombian-cocaine\/\">buy coca paste<\/a><a href=\"http:\/\/buyrchemonline.com\/\/product\/order-cocaine-online\/\">,<\/a>\u00a0you just need to place an order from our\u00a0shop page\u00a0and we will deliver you the best cocaine HCL (paste or the rock depending on what you specify). Shipping is worldwide with tracking numbers available for every package.<\/p>\n<p>&nbsp;<\/p>\n<p>&nbsp;<\/p>\n<h1><strong>FEEDBACKS<\/strong><\/h1>","protected":false},"excerpt":{"rendered":"<p><strong>Reines<\/strong> Bolivianisches Kokain<br \/> <strong>Extra 3 grams Free<\/strong> f\u00fcr Bestellungen \u00fcber $500<br \/> <strong>Kostenlose Lieferung<\/strong> f\u00fcr Gro\u00dfauftr\u00e4ge<br \/> <strong>100%<\/strong> diskreter Versand<\/p>","protected":false},"featured_media":2143,"comment_status":"open","ping_status":"closed","template":"","meta":{"_uag_custom_page_level_css":"","site-sidebar-layout":"default","site-content-layout":"","ast-site-content-layout":"","site-content-style":"default","site-sidebar-style":"default","ast-global-header-display":"","ast-banner-title-visibility":"","ast-main-header-display":"","ast-hfb-above-header-display":"","ast-hfb-below-header-display":"","ast-hfb-mobile-header-display":"","site-post-title":"","ast-breadcrumbs-content":"","ast-featured-img":"","footer-sml-layout":"","theme-transparent-header-meta":"","adv-header-id-meta":"","stick-header-meta":"","header-above-stick-meta":"","header-main-stick-meta":"","header-below-stick-meta":"","astra-migrate-meta-layouts":"default","ast-page-background-enabled":"default","ast-page-background-meta":{"desktop":{"background-color":"","background-image":"","background-repeat":"repeat","background-position":"center center","background-size":"auto","background-attachment":"scroll","background-type":"","background-media":"","overlay-type":"","overlay-color":"","overlay-opacity":"","overlay-gradient":""},"tablet":{"background-color":"","background-image":"","background-repeat":"repeat","background-position":"center center","background-size":"auto","background-attachment":"scroll","background-type":"","background-media":"","overlay-type":"","overlay-color":"","overlay-opacity":"","overlay-gradient":""},"mobile":{"background-color":"","background-image":"","background-repeat":"repeat","background-position":"center center","background-size":"auto","background-attachment":"scroll","background-type":"","background-media":"","overlay-type":"","overlay-color":"","overlay-opacity":"","overlay-gradient":""}},"ast-content-background-meta":{"desktop":{"background-color":"var(--ast-global-color-5)","background-image":"","background-repeat":"repeat","background-position":"center center","background-size":"auto","background-attachment":"scroll","background-type":"","background-media":"","overlay-type":"","overlay-color":"","overlay-opacity":"","overlay-gradient":""},"tablet":{"background-color":"var(--ast-global-color-5)","background-image":"","background-repeat":"repeat","background-position":"center center","background-size":"auto","background-attachment":"scroll","background-type":"","background-media":"","overlay-type":"","overlay-color":"","overlay-opacity":"","overlay-gradient":""},"mobile":{"background-color":"var(--ast-global-color-5)","background-image":"","background-repeat":"repeat","background-position":"center center","background-size":"auto","background-attachment":"scroll","background-type":"","background-media":"","overlay-type":"","overlay-color":"","overlay-opacity":"","overlay-gradient":""}}},"product_brand":[],"product_cat":[75],"product_tag":[76,77,78,79,80],"class_list":{"0":"post-2135","1":"product","2":"type-product","3":"status-publish","4":"has-post-thumbnail","6":"product_cat-peruvian-cocaine","7":"product_tag-best-place-to-order-peruvian-cocaine-online","8":"product_tag-buy-peruvian-cocaine-online","9":"product_tag-order-peruvian-cocaine-online","10":"product_tag-peruvian-cocaine-for-sale","11":"product_tag-where-to-buy-peruvian-cocaine-online","12":"desktop-align-left","13":"tablet-align-left","14":"mobile-align-left","16":"first","17":"instock","18":"shipping-taxable","19":"purchasable","20":"product-type-variable"},"yoast_head":"<!-- This site is optimized with the Yoast SEO plugin v27.4 - https:\/\/yoast.com\/product\/yoast-seo-wordpress\/ -->\n<title>Peruvian Cocaine -<\/title>\n<meta name=\"robots\" content=\"index, follow, max-snippet:-1, max-image-preview:large, max-video-preview:-1\" \/>\n<link rel=\"canonical\" href=\"https:\/\/exoticchemicals.com\/de\/produkt\/peruvian-cocaine\/\" \/>\n<meta property=\"og:locale\" content=\"de_DE\" \/>\n<meta property=\"og:type\" content=\"article\" \/>\n<meta property=\"og:title\" content=\"Peruvian Cocaine -\" \/>\n<meta property=\"og:description\" content=\"Pure Peruvian Cocaine Extra 3 grams Free for orders above $500 Free Delivery for huge orders 100% discreet Shipping\" \/>\n<meta property=\"og:url\" content=\"https:\/\/exoticchemicals.com\/de\/produkt\/peruvian-cocaine\/\" \/>\n<meta property=\"article:modified_time\" content=\"2026-04-10T23:11:33+00:00\" \/>\n<meta property=\"og:image\" content=\"https:\/\/exoticchemicals.com\/wp-content\/uploads\/2025\/02\/IMG_20.jpg\" \/>\n\t<meta property=\"og:image:width\" content=\"1080\" \/>\n\t<meta property=\"og:image:height\" content=\"1080\" \/>\n\t<meta property=\"og:image:type\" content=\"image\/jpeg\" \/>\n<meta name=\"twitter:card\" content=\"summary_large_image\" \/>\n<meta name=\"twitter:label1\" content=\"Gesch\u00e4tzte Lesezeit\" \/>\n\t<meta name=\"twitter:data1\" content=\"3\u00a0Minuten\" \/>\n<script type=\"application\/ld+json\" class=\"yoast-schema-graph\">{\"@context\":\"https:\\\/\\\/schema.org\",\"@graph\":[{\"@type\":\"WebPage\",\"@id\":\"https:\\\/\\\/exoticchemicals.com\\\/product\\\/peruvian-cocaine\\\/\",\"url\":\"https:\\\/\\\/exoticchemicals.com\\\/product\\\/peruvian-cocaine\\\/\",\"name\":\"Peruvian Cocaine -\",\"isPartOf\":{\"@id\":\"https:\\\/\\\/exoticchemicals.com\\\/#website\"},\"primaryImageOfPage\":{\"@id\":\"https:\\\/\\\/exoticchemicals.com\\\/product\\\/peruvian-cocaine\\\/#primaryimage\"},\"image\":{\"@id\":\"https:\\\/\\\/exoticchemicals.com\\\/product\\\/peruvian-cocaine\\\/#primaryimage\"},\"thumbnailUrl\":\"https:\\\/\\\/exoticchemicals.com\\\/wp-content\\\/uploads\\\/2025\\\/02\\\/IMG_20.jpg\",\"datePublished\":\"2025-02-06T20:41:15+00:00\",\"dateModified\":\"2026-04-10T23:11:33+00:00\",\"breadcrumb\":{\"@id\":\"https:\\\/\\\/exoticchemicals.com\\\/product\\\/peruvian-cocaine\\\/#breadcrumb\"},\"inLanguage\":\"de\",\"potentialAction\":[{\"@type\":\"ReadAction\",\"target\":[\"https:\\\/\\\/exoticchemicals.com\\\/product\\\/peruvian-cocaine\\\/\"]}]},{\"@type\":\"ImageObject\",\"inLanguage\":\"de\",\"@id\":\"https:\\\/\\\/exoticchemicals.com\\\/product\\\/peruvian-cocaine\\\/#primaryimage\",\"url\":\"https:\\\/\\\/exoticchemicals.com\\\/wp-content\\\/uploads\\\/2025\\\/02\\\/IMG_20.jpg\",\"contentUrl\":\"https:\\\/\\\/exoticchemicals.com\\\/wp-content\\\/uploads\\\/2025\\\/02\\\/IMG_20.jpg\",\"width\":1080,\"height\":1080},{\"@type\":\"BreadcrumbList\",\"@id\":\"https:\\\/\\\/exoticchemicals.com\\\/product\\\/peruvian-cocaine\\\/#breadcrumb\",\"itemListElement\":[{\"@type\":\"ListItem\",\"position\":1,\"name\":\"Home\",\"item\":\"https:\\\/\\\/exoticchemicals.com\\\/\"},{\"@type\":\"ListItem\",\"position\":2,\"name\":\"Shop\",\"item\":\"https:\\\/\\\/exoticchemicals.com\\\/shop\\\/\"},{\"@type\":\"ListItem\",\"position\":3,\"name\":\"Peruvian Cocaine\"}]},{\"@type\":\"WebSite\",\"@id\":\"https:\\\/\\\/exoticchemicals.com\\\/#website\",\"url\":\"https:\\\/\\\/exoticchemicals.com\\\/\",\"name\":\"exotic chemicals\",\"description\":\"Buy MDPHP Hydrochloride\",\"publisher\":{\"@id\":\"https:\\\/\\\/exoticchemicals.com\\\/#\\\/schema\\\/person\\\/07ad08472b6f5b213792451a32dbe8c7\"},\"potentialAction\":[{\"@type\":\"SearchAction\",\"target\":{\"@type\":\"EntryPoint\",\"urlTemplate\":\"https:\\\/\\\/exoticchemicals.com\\\/?s={search_term_string}\"},\"query-input\":{\"@type\":\"PropertyValueSpecification\",\"valueRequired\":true,\"valueName\":\"search_term_string\"}}],\"inLanguage\":\"de\"},{\"@type\":[\"Person\",\"Organization\"],\"@id\":\"https:\\\/\\\/exoticchemicals.com\\\/#\\\/schema\\\/person\\\/07ad08472b6f5b213792451a32dbe8c7\",\"name\":\"wwalkershop@gmail.com\",\"image\":{\"@type\":\"ImageObject\",\"inLanguage\":\"de\",\"@id\":\"https:\\\/\\\/exoticchemicals.com\\\/wp-content\\\/uploads\\\/2025\\\/02\\\/pure-3-1-1.png\",\"url\":\"https:\\\/\\\/exoticchemicals.com\\\/wp-content\\\/uploads\\\/2025\\\/02\\\/pure-3-1-1.png\",\"contentUrl\":\"https:\\\/\\\/exoticchemicals.com\\\/wp-content\\\/uploads\\\/2025\\\/02\\\/pure-3-1-1.png\",\"width\":500,\"height\":500,\"caption\":\"wwalkershop@gmail.com\"},\"logo\":{\"@id\":\"https:\\\/\\\/exoticchemicals.com\\\/wp-content\\\/uploads\\\/2025\\\/02\\\/pure-3-1-1.png\"},\"sameAs\":[\"http:\\\/\\\/exoticchemicals.com\"]}]}<\/script>\n<!-- \/ Yoast SEO plugin. -->","yoast_head_json":{"title":"Peruvian Cocaine -","robots":{"index":"index","follow":"follow","max-snippet":"max-snippet:-1","max-image-preview":"max-image-preview:large","max-video-preview":"max-video-preview:-1"},"canonical":"https:\/\/exoticchemicals.com\/de\/produkt\/peruvian-cocaine\/","og_locale":"de_DE","og_type":"article","og_title":"Peruvian Cocaine -","og_description":"Pure Peruvian Cocaine Extra 3 grams Free for orders above $500 Free Delivery for huge orders 100% discreet Shipping","og_url":"https:\/\/exoticchemicals.com\/de\/produkt\/peruvian-cocaine\/","article_modified_time":"2026-04-10T23:11:33+00:00","og_image":[{"width":1080,"height":1080,"url":"https:\/\/exoticchemicals.com\/wp-content\/uploads\/2025\/02\/IMG_20.jpg","type":"image\/jpeg"}],"twitter_card":"summary_large_image","twitter_misc":{"Gesch\u00e4tzte Lesezeit":"3\u00a0Minuten"},"schema":{"@context":"https:\/\/schema.org","@graph":[{"@type":"WebPage","@id":"https:\/\/exoticchemicals.com\/product\/peruvian-cocaine\/","url":"https:\/\/exoticchemicals.com\/product\/peruvian-cocaine\/","name":"Peruvian Cocaine -","isPartOf":{"@id":"https:\/\/exoticchemicals.com\/#website"},"primaryImageOfPage":{"@id":"https:\/\/exoticchemicals.com\/product\/peruvian-cocaine\/#primaryimage"},"image":{"@id":"https:\/\/exoticchemicals.com\/product\/peruvian-cocaine\/#primaryimage"},"thumbnailUrl":"https:\/\/exoticchemicals.com\/wp-content\/uploads\/2025\/02\/IMG_20.jpg","datePublished":"2025-02-06T20:41:15+00:00","dateModified":"2026-04-10T23:11:33+00:00","breadcrumb":{"@id":"https:\/\/exoticchemicals.com\/product\/peruvian-cocaine\/#breadcrumb"},"inLanguage":"de","potentialAction":[{"@type":"ReadAction","target":["https:\/\/exoticchemicals.com\/product\/peruvian-cocaine\/"]}]},{"@type":"ImageObject","inLanguage":"de","@id":"https:\/\/exoticchemicals.com\/product\/peruvian-cocaine\/#primaryimage","url":"https:\/\/exoticchemicals.com\/wp-content\/uploads\/2025\/02\/IMG_20.jpg","contentUrl":"https:\/\/exoticchemicals.com\/wp-content\/uploads\/2025\/02\/IMG_20.jpg","width":1080,"height":1080},{"@type":"BreadcrumbList","@id":"https:\/\/exoticchemicals.com\/product\/peruvian-cocaine\/#breadcrumb","itemListElement":[{"@type":"ListItem","position":1,"name":"Home","item":"https:\/\/exoticchemicals.com\/"},{"@type":"ListItem","position":2,"name":"Shop","item":"https:\/\/exoticchemicals.com\/shop\/"},{"@type":"ListItem","position":3,"name":"Peruvian Cocaine"}]},{"@type":"WebSite","@id":"https:\/\/exoticchemicals.com\/#website","url":"https:\/\/exoticchemicals.com\/","name":"exotische Chemikalien","description":"MDPHP-Hydrochlorid kaufen","publisher":{"@id":"https:\/\/exoticchemicals.com\/#\/schema\/person\/07ad08472b6f5b213792451a32dbe8c7"},"potentialAction":[{"@type":"SearchAction","target":{"@type":"EntryPoint","urlTemplate":"https:\/\/exoticchemicals.com\/?s={search_term_string}"},"query-input":{"@type":"PropertyValueSpecification","valueRequired":true,"valueName":"search_term_string"}}],"inLanguage":"de"},{"@type":["Person","Organization"],"@id":"https:\/\/exoticchemicals.com\/#\/schema\/person\/07ad08472b6f5b213792451a32dbe8c7","name":"wwalkershop@gmail.com","image":{"@type":"ImageObject","inLanguage":"de","@id":"https:\/\/exoticchemicals.com\/wp-content\/uploads\/2025\/02\/pure-3-1-1.png","url":"https:\/\/exoticchemicals.com\/wp-content\/uploads\/2025\/02\/pure-3-1-1.png","contentUrl":"https:\/\/exoticchemicals.com\/wp-content\/uploads\/2025\/02\/pure-3-1-1.png","width":500,"height":500,"caption":"wwalkershop@gmail.com"},"logo":{"@id":"https:\/\/exoticchemicals.com\/wp-content\/uploads\/2025\/02\/pure-3-1-1.png"},"sameAs":["http:\/\/exoticchemicals.com"]}]}},"uagb_featured_image_src":{"full":["https:\/\/exoticchemicals.com\/wp-content\/uploads\/2025\/02\/IMG_20.jpg",1080,1080,false],"thumbnail":["https:\/\/exoticchemicals.com\/wp-content\/uploads\/2025\/02\/IMG_20-150x150.jpg",150,150,true],"medium":["https:\/\/exoticchemicals.com\/wp-content\/uploads\/2025\/02\/IMG_20-300x300.jpg",300,300,true],"medium_large":["https:\/\/exoticchemicals.com\/wp-content\/uploads\/2025\/02\/IMG_20-768x768.jpg",768,768,true],"large":["https:\/\/exoticchemicals.com\/wp-content\/uploads\/2025\/02\/IMG_20-1024x1024.jpg",1024,1024,true],"1536x1536":["https:\/\/exoticchemicals.com\/wp-content\/uploads\/2025\/02\/IMG_20.jpg",1080,1080,false],"2048x2048":["https:\/\/exoticchemicals.com\/wp-content\/uploads\/2025\/02\/IMG_20.jpg",1080,1080,false],"trp-custom-language-flag":["https:\/\/exoticchemicals.com\/wp-content\/uploads\/2025\/02\/IMG_20.jpg",12,12,false],"woocommerce_thumbnail":["https:\/\/exoticchemicals.com\/wp-content\/uploads\/2025\/02\/IMG_20-300x300.jpg",300,300,true],"woocommerce_single":["https:\/\/exoticchemicals.com\/wp-content\/uploads\/2025\/02\/IMG_20-600x600.jpg",600,600,true],"woocommerce_gallery_thumbnail":["https:\/\/exoticchemicals.com\/wp-content\/uploads\/2025\/02\/IMG_20-100x100.jpg",100,100,true]},"uagb_author_info":{"display_name":"bossman","author_link":"https:\/\/exoticchemicals.com\/de\/author\/"},"uagb_comment_info":7,"uagb_excerpt":"Pure Peruvian Cocaine Extra 3 grams Free for orders above $500 Free Delivery for huge orders 100% discreet Shipping","_links":{"self":[{"href":"https:\/\/exoticchemicals.com\/de\/wp-json\/wp\/v2\/product\/2135","targetHints":{"allow":["GET"]}}],"collection":[{"href":"https:\/\/exoticchemicals.com\/de\/wp-json\/wp\/v2\/product"}],"about":[{"href":"https:\/\/exoticchemicals.com\/de\/wp-json\/wp\/v2\/types\/product"}],"replies":[{"embeddable":true,"href":"https:\/\/exoticchemicals.com\/de\/wp-json\/wp\/v2\/comments?post=2135"}],"wp:featuredmedia":[{"embeddable":true,"href":"https:\/\/exoticchemicals.com\/de\/wp-json\/wp\/v2\/media\/2143"}],"wp:attachment":[{"href":"https:\/\/exoticchemicals.com\/de\/wp-json\/wp\/v2\/media?parent=2135"}],"wp:term":[{"taxonomy":"product_brand","embeddable":true,"href":"https:\/\/exoticchemicals.com\/de\/wp-json\/wp\/v2\/product_brand?post=2135"},{"taxonomy":"product_cat","embeddable":true,"href":"https:\/\/exoticchemicals.com\/de\/wp-json\/wp\/v2\/product_cat?post=2135"},{"taxonomy":"product_tag","embeddable":true,"href":"https:\/\/exoticchemicals.com\/de\/wp-json\/wp\/v2\/product_tag?post=2135"}],"curies":[{"name":"wp","href":"https:\/\/api.w.org\/{rel}","templated":true}]}}