{"id":2814,"date":"2025-02-06T21:18:52","date_gmt":"2025-02-06T21:18:52","guid":{"rendered":"https:\/\/exoticchemicals.com\/?post_type=product&#038;p=2814"},"modified":"2026-04-10T01:41:33","modified_gmt":"2026-04-10T01:41:33","slug":"gen-5-authentic-cake-carts","status":"publish","type":"product","link":"https:\/\/exoticchemicals.com\/de\/product\/gen-5-authentic-cake-carts\/","title":{"rendered":"Gen 5 authentic cake carts"},"content":{"rendered":"<h1><strong>Product Information &#8211; Buy Gen 5 authentic cake carts<\/strong><\/h1>\n<p>Buy Gen 5 authentic cake carts: The <a href=\"https:\/\/australiapsilocybins.com\/product-category\/tea-beverages\/\"><em><strong>5th gen cake disposable carts<\/strong><\/em><\/a> is properly span outlines of indica, sativa and hybrid caked in 20 plus flavored variety. The Gen five strains are regarded and recognized for his or her scrumptious flavors profile and supremely relaxing high.Cake Waves of rest wash over you after only some puffs of this candy treat. Liberating anxiety and anxiety from the neck and shoulders until a complete-bodied relaxation is accomplished. The insanely delicious taste and powerfully enjoyable results will take the cake 5th gen disposables to the top of your favorites list. A first-rate preference for unwinding after paintings, days off, and quiet evenings together with your special a person. Cake is likewise a terrific preference for those in search of relief from pressure and anxiety.<\/p>\n<h2><strong>Flavors\u00a0\u00a0\u00a0\u00a0\u00a0\u00a0\u00a0\u00a0\u00a0 <\/strong><\/h2>\n<p>Crimson gelato(indica), Lemonchello (hybrid), Strawberry cupcake(sativa), Apple truffles (hybrid), Cr\u00e8me br\u00fbl\u00e9e(indica), Papaya punch(hybrid), Orgasmic orange(sativa), Gelatti X cake(sativa), Peach mango(indica), sour haze(sativa), Pixie dust(indica), Rainbow gushers(sativa), Strazz(indica), Emerald diamonds(indica), passion orange guava(sativa), Krypto chronik(hybrid), Sugar child (hybrid), Cream pie(indica), Blueberry pancakes( indica), Acai berry (hybrid)<\/p>\n<h3><strong>About this product<\/strong><\/h3>\n<p>Cake Carts and white runtz stress. The Vape cartridges used for cake carts cannabis oil makes use of ceramic for vaping and includes a widespread 5-10 string to fit typically batteries.<\/p>\n<p>Even as other dispensable models at the won&#8217;t have the battery length to undergo the complete case\/cartridge, the Cake Delta 9 Rechargeable Disposable device\u2019s implicit USB charging port will guarantee that you by no means throw out a 1\/2-involved expendable in the future.no longer any extra stressing over battery time frame of sensible usability or oils going to squander.<\/p>","protected":false},"excerpt":{"rendered":"<p>Product Information &#8211; Buy Gen 5 authentic cake carts Buy Gen 5 authentic cake carts: The 5th gen cake disposable carts is properly span outlines of indica, sativa and hybrid caked in 20 plus flavored variety. The Gen five strains are regarded and recognized for his or her scrumptious flavors profile and supremely relaxing high.Cake [&hellip;]<\/p>\n","protected":false},"featured_media":2843,"comment_status":"open","ping_status":"closed","template":"","meta":{"_uag_custom_page_level_css":"","site-sidebar-layout":"default","site-content-layout":"","ast-site-content-layout":"","site-content-style":"default","site-sidebar-style":"default","ast-global-header-display":"","ast-banner-title-visibility":"","ast-main-header-display":"","ast-hfb-above-header-display":"","ast-hfb-below-header-display":"","ast-hfb-mobile-header-display":"","site-post-title":"","ast-breadcrumbs-content":"","ast-featured-img":"","footer-sml-layout":"","theme-transparent-header-meta":"","adv-header-id-meta":"","stick-header-meta":"","header-above-stick-meta":"","header-main-stick-meta":"","header-below-stick-meta":"","astra-migrate-meta-layouts":"default","ast-page-background-enabled":"default","ast-page-background-meta":{"desktop":{"background-color":"","background-image":"","background-repeat":"repeat","background-position":"center center","background-size":"auto","background-attachment":"scroll","background-type":"","background-media":"","overlay-type":"","overlay-color":"","overlay-opacity":"","overlay-gradient":""},"tablet":{"background-color":"","background-image":"","background-repeat":"repeat","background-position":"center center","background-size":"auto","background-attachment":"scroll","background-type":"","background-media":"","overlay-type":"","overlay-color":"","overlay-opacity":"","overlay-gradient":""},"mobile":{"background-color":"","background-image":"","background-repeat":"repeat","background-position":"center center","background-size":"auto","background-attachment":"scroll","background-type":"","background-media":"","overlay-type":"","overlay-color":"","overlay-opacity":"","overlay-gradient":""}},"ast-content-background-meta":{"desktop":{"background-color":"var(--ast-global-color-5)","background-image":"","background-repeat":"repeat","background-position":"center center","background-size":"auto","background-attachment":"scroll","background-type":"","background-media":"","overlay-type":"","overlay-color":"","overlay-opacity":"","overlay-gradient":""},"tablet":{"background-color":"var(--ast-global-color-5)","background-image":"","background-repeat":"repeat","background-position":"center center","background-size":"auto","background-attachment":"scroll","background-type":"","background-media":"","overlay-type":"","overlay-color":"","overlay-opacity":"","overlay-gradient":""},"mobile":{"background-color":"var(--ast-global-color-5)","background-image":"","background-repeat":"repeat","background-position":"center center","background-size":"auto","background-attachment":"scroll","background-type":"","background-media":"","overlay-type":"","overlay-color":"","overlay-opacity":"","overlay-gradient":""}}},"product_brand":[],"product_cat":[1375],"product_tag":[],"class_list":{"0":"post-2814","1":"product","2":"type-product","3":"status-publish","4":"has-post-thumbnail","6":"product_cat-cake-carts","7":"desktop-align-left","8":"tablet-align-left","9":"mobile-align-left","11":"first","12":"instock","13":"shipping-taxable","14":"purchasable","15":"product-type-simple"},"yoast_head":"<!-- This site is optimized with the Yoast SEO plugin v27.4 - https:\/\/yoast.com\/product\/yoast-seo-wordpress\/ -->\n<title>Gen 5 authentic cake carts -<\/title>\n<meta name=\"robots\" content=\"index, follow, max-snippet:-1, max-image-preview:large, max-video-preview:-1\" \/>\n<link rel=\"canonical\" href=\"https:\/\/exoticchemicals.com\/de\/produkt\/gen-5-authentic-cake-carts\/\" \/>\n<meta property=\"og:locale\" content=\"de_DE\" \/>\n<meta property=\"og:type\" content=\"article\" \/>\n<meta property=\"og:title\" content=\"Gen 5 authentic cake carts -\" \/>\n<meta property=\"og:description\" content=\"Product Information &#8211; Buy Gen 5 authentic cake carts Buy Gen 5 authentic cake carts: The 5th gen cake disposable carts is properly span outlines of indica, sativa and hybrid caked in 20 plus flavored variety. The Gen five strains are regarded and recognized for his or her scrumptious flavors profile and supremely relaxing high.Cake [&hellip;]\" \/>\n<meta property=\"og:url\" content=\"https:\/\/exoticchemicals.com\/de\/produkt\/gen-5-authentic-cake-carts\/\" \/>\n<meta property=\"article:modified_time\" content=\"2026-04-10T01:41:33+00:00\" \/>\n<meta property=\"og:image\" content=\"https:\/\/exoticchemicals.com\/wp-content\/uploads\/2025\/02\/1d0e26d6-b7af-4bc9-b7d9-29c58699c401.jpg\" \/>\n\t<meta property=\"og:image:width\" content=\"960\" \/>\n\t<meta property=\"og:image:height\" content=\"1280\" \/>\n\t<meta property=\"og:image:type\" content=\"image\/jpeg\" \/>\n<meta name=\"twitter:card\" content=\"summary_large_image\" \/>\n<meta name=\"twitter:label1\" content=\"Gesch\u00e4tzte Lesezeit\" \/>\n\t<meta name=\"twitter:data1\" content=\"1\u00a0Minute\" \/>\n<script type=\"application\/ld+json\" class=\"yoast-schema-graph\">{\"@context\":\"https:\\\/\\\/schema.org\",\"@graph\":[{\"@type\":\"WebPage\",\"@id\":\"https:\\\/\\\/exoticchemicals.com\\\/product\\\/gen-5-authentic-cake-carts\\\/\",\"url\":\"https:\\\/\\\/exoticchemicals.com\\\/product\\\/gen-5-authentic-cake-carts\\\/\",\"name\":\"Gen 5 authentic cake carts -\",\"isPartOf\":{\"@id\":\"https:\\\/\\\/exoticchemicals.com\\\/#website\"},\"primaryImageOfPage\":{\"@id\":\"https:\\\/\\\/exoticchemicals.com\\\/product\\\/gen-5-authentic-cake-carts\\\/#primaryimage\"},\"image\":{\"@id\":\"https:\\\/\\\/exoticchemicals.com\\\/product\\\/gen-5-authentic-cake-carts\\\/#primaryimage\"},\"thumbnailUrl\":\"https:\\\/\\\/exoticchemicals.com\\\/wp-content\\\/uploads\\\/2025\\\/02\\\/1d0e26d6-b7af-4bc9-b7d9-29c58699c401.jpg\",\"datePublished\":\"2025-02-06T21:18:52+00:00\",\"dateModified\":\"2026-04-10T01:41:33+00:00\",\"breadcrumb\":{\"@id\":\"https:\\\/\\\/exoticchemicals.com\\\/product\\\/gen-5-authentic-cake-carts\\\/#breadcrumb\"},\"inLanguage\":\"de\",\"potentialAction\":[{\"@type\":\"ReadAction\",\"target\":[\"https:\\\/\\\/exoticchemicals.com\\\/product\\\/gen-5-authentic-cake-carts\\\/\"]}]},{\"@type\":\"ImageObject\",\"inLanguage\":\"de\",\"@id\":\"https:\\\/\\\/exoticchemicals.com\\\/product\\\/gen-5-authentic-cake-carts\\\/#primaryimage\",\"url\":\"https:\\\/\\\/exoticchemicals.com\\\/wp-content\\\/uploads\\\/2025\\\/02\\\/1d0e26d6-b7af-4bc9-b7d9-29c58699c401.jpg\",\"contentUrl\":\"https:\\\/\\\/exoticchemicals.com\\\/wp-content\\\/uploads\\\/2025\\\/02\\\/1d0e26d6-b7af-4bc9-b7d9-29c58699c401.jpg\",\"width\":960,\"height\":1280},{\"@type\":\"BreadcrumbList\",\"@id\":\"https:\\\/\\\/exoticchemicals.com\\\/product\\\/gen-5-authentic-cake-carts\\\/#breadcrumb\",\"itemListElement\":[{\"@type\":\"ListItem\",\"position\":1,\"name\":\"Home\",\"item\":\"https:\\\/\\\/exoticchemicals.com\\\/\"},{\"@type\":\"ListItem\",\"position\":2,\"name\":\"Shop\",\"item\":\"https:\\\/\\\/exoticchemicals.com\\\/shop\\\/\"},{\"@type\":\"ListItem\",\"position\":3,\"name\":\"Gen 5 authentic cake carts\"}]},{\"@type\":\"WebSite\",\"@id\":\"https:\\\/\\\/exoticchemicals.com\\\/#website\",\"url\":\"https:\\\/\\\/exoticchemicals.com\\\/\",\"name\":\"exotic chemicals\",\"description\":\"Buy MDPHP Hydrochloride\",\"publisher\":{\"@id\":\"https:\\\/\\\/exoticchemicals.com\\\/#\\\/schema\\\/person\\\/07ad08472b6f5b213792451a32dbe8c7\"},\"potentialAction\":[{\"@type\":\"SearchAction\",\"target\":{\"@type\":\"EntryPoint\",\"urlTemplate\":\"https:\\\/\\\/exoticchemicals.com\\\/?s={search_term_string}\"},\"query-input\":{\"@type\":\"PropertyValueSpecification\",\"valueRequired\":true,\"valueName\":\"search_term_string\"}}],\"inLanguage\":\"de\"},{\"@type\":[\"Person\",\"Organization\"],\"@id\":\"https:\\\/\\\/exoticchemicals.com\\\/#\\\/schema\\\/person\\\/07ad08472b6f5b213792451a32dbe8c7\",\"name\":\"wwalkershop@gmail.com\",\"image\":{\"@type\":\"ImageObject\",\"inLanguage\":\"de\",\"@id\":\"https:\\\/\\\/exoticchemicals.com\\\/wp-content\\\/uploads\\\/2025\\\/02\\\/pure-3-1-1.png\",\"url\":\"https:\\\/\\\/exoticchemicals.com\\\/wp-content\\\/uploads\\\/2025\\\/02\\\/pure-3-1-1.png\",\"contentUrl\":\"https:\\\/\\\/exoticchemicals.com\\\/wp-content\\\/uploads\\\/2025\\\/02\\\/pure-3-1-1.png\",\"width\":500,\"height\":500,\"caption\":\"wwalkershop@gmail.com\"},\"logo\":{\"@id\":\"https:\\\/\\\/exoticchemicals.com\\\/wp-content\\\/uploads\\\/2025\\\/02\\\/pure-3-1-1.png\"},\"sameAs\":[\"http:\\\/\\\/exoticchemicals.com\"]}]}<\/script>\n<!-- \/ Yoast SEO plugin. -->","yoast_head_json":{"title":"Gen 5 authentic cake carts -","robots":{"index":"index","follow":"follow","max-snippet":"max-snippet:-1","max-image-preview":"max-image-preview:large","max-video-preview":"max-video-preview:-1"},"canonical":"https:\/\/exoticchemicals.com\/de\/produkt\/gen-5-authentic-cake-carts\/","og_locale":"de_DE","og_type":"article","og_title":"Gen 5 authentic cake carts -","og_description":"Product Information &#8211; Buy Gen 5 authentic cake carts Buy Gen 5 authentic cake carts: The 5th gen cake disposable carts is properly span outlines of indica, sativa and hybrid caked in 20 plus flavored variety. The Gen five strains are regarded and recognized for his or her scrumptious flavors profile and supremely relaxing high.Cake [&hellip;]","og_url":"https:\/\/exoticchemicals.com\/de\/produkt\/gen-5-authentic-cake-carts\/","article_modified_time":"2026-04-10T01:41:33+00:00","og_image":[{"width":960,"height":1280,"url":"https:\/\/exoticchemicals.com\/wp-content\/uploads\/2025\/02\/1d0e26d6-b7af-4bc9-b7d9-29c58699c401.jpg","type":"image\/jpeg"}],"twitter_card":"summary_large_image","twitter_misc":{"Gesch\u00e4tzte Lesezeit":"1\u00a0Minute"},"schema":{"@context":"https:\/\/schema.org","@graph":[{"@type":"WebPage","@id":"https:\/\/exoticchemicals.com\/product\/gen-5-authentic-cake-carts\/","url":"https:\/\/exoticchemicals.com\/product\/gen-5-authentic-cake-carts\/","name":"Gen 5 authentic cake carts -","isPartOf":{"@id":"https:\/\/exoticchemicals.com\/#website"},"primaryImageOfPage":{"@id":"https:\/\/exoticchemicals.com\/product\/gen-5-authentic-cake-carts\/#primaryimage"},"image":{"@id":"https:\/\/exoticchemicals.com\/product\/gen-5-authentic-cake-carts\/#primaryimage"},"thumbnailUrl":"https:\/\/exoticchemicals.com\/wp-content\/uploads\/2025\/02\/1d0e26d6-b7af-4bc9-b7d9-29c58699c401.jpg","datePublished":"2025-02-06T21:18:52+00:00","dateModified":"2026-04-10T01:41:33+00:00","breadcrumb":{"@id":"https:\/\/exoticchemicals.com\/product\/gen-5-authentic-cake-carts\/#breadcrumb"},"inLanguage":"de","potentialAction":[{"@type":"ReadAction","target":["https:\/\/exoticchemicals.com\/product\/gen-5-authentic-cake-carts\/"]}]},{"@type":"ImageObject","inLanguage":"de","@id":"https:\/\/exoticchemicals.com\/product\/gen-5-authentic-cake-carts\/#primaryimage","url":"https:\/\/exoticchemicals.com\/wp-content\/uploads\/2025\/02\/1d0e26d6-b7af-4bc9-b7d9-29c58699c401.jpg","contentUrl":"https:\/\/exoticchemicals.com\/wp-content\/uploads\/2025\/02\/1d0e26d6-b7af-4bc9-b7d9-29c58699c401.jpg","width":960,"height":1280},{"@type":"BreadcrumbList","@id":"https:\/\/exoticchemicals.com\/product\/gen-5-authentic-cake-carts\/#breadcrumb","itemListElement":[{"@type":"ListItem","position":1,"name":"Home","item":"https:\/\/exoticchemicals.com\/"},{"@type":"ListItem","position":2,"name":"Shop","item":"https:\/\/exoticchemicals.com\/shop\/"},{"@type":"ListItem","position":3,"name":"Gen 5 authentic cake carts"}]},{"@type":"WebSite","@id":"https:\/\/exoticchemicals.com\/#website","url":"https:\/\/exoticchemicals.com\/","name":"exotische Chemikalien","description":"MDPHP-Hydrochlorid kaufen","publisher":{"@id":"https:\/\/exoticchemicals.com\/#\/schema\/person\/07ad08472b6f5b213792451a32dbe8c7"},"potentialAction":[{"@type":"SearchAction","target":{"@type":"EntryPoint","urlTemplate":"https:\/\/exoticchemicals.com\/?s={search_term_string}"},"query-input":{"@type":"PropertyValueSpecification","valueRequired":true,"valueName":"search_term_string"}}],"inLanguage":"de"},{"@type":["Person","Organization"],"@id":"https:\/\/exoticchemicals.com\/#\/schema\/person\/07ad08472b6f5b213792451a32dbe8c7","name":"wwalkershop@gmail.com","image":{"@type":"ImageObject","inLanguage":"de","@id":"https:\/\/exoticchemicals.com\/wp-content\/uploads\/2025\/02\/pure-3-1-1.png","url":"https:\/\/exoticchemicals.com\/wp-content\/uploads\/2025\/02\/pure-3-1-1.png","contentUrl":"https:\/\/exoticchemicals.com\/wp-content\/uploads\/2025\/02\/pure-3-1-1.png","width":500,"height":500,"caption":"wwalkershop@gmail.com"},"logo":{"@id":"https:\/\/exoticchemicals.com\/wp-content\/uploads\/2025\/02\/pure-3-1-1.png"},"sameAs":["http:\/\/exoticchemicals.com"]}]}},"uagb_featured_image_src":{"full":["https:\/\/exoticchemicals.com\/wp-content\/uploads\/2025\/02\/1d0e26d6-b7af-4bc9-b7d9-29c58699c401.jpg",960,1280,false],"thumbnail":["https:\/\/exoticchemicals.com\/wp-content\/uploads\/2025\/02\/1d0e26d6-b7af-4bc9-b7d9-29c58699c401-150x150.jpg",150,150,true],"medium":["https:\/\/exoticchemicals.com\/wp-content\/uploads\/2025\/02\/1d0e26d6-b7af-4bc9-b7d9-29c58699c401-225x300.jpg",225,300,true],"medium_large":["https:\/\/exoticchemicals.com\/wp-content\/uploads\/2025\/02\/1d0e26d6-b7af-4bc9-b7d9-29c58699c401-768x1024.jpg",768,1024,true],"large":["https:\/\/exoticchemicals.com\/wp-content\/uploads\/2025\/02\/1d0e26d6-b7af-4bc9-b7d9-29c58699c401-768x1024.jpg",768,1024,true],"1536x1536":["https:\/\/exoticchemicals.com\/wp-content\/uploads\/2025\/02\/1d0e26d6-b7af-4bc9-b7d9-29c58699c401.jpg",960,1280,false],"2048x2048":["https:\/\/exoticchemicals.com\/wp-content\/uploads\/2025\/02\/1d0e26d6-b7af-4bc9-b7d9-29c58699c401.jpg",960,1280,false],"trp-custom-language-flag":["https:\/\/exoticchemicals.com\/wp-content\/uploads\/2025\/02\/1d0e26d6-b7af-4bc9-b7d9-29c58699c401.jpg",9,12,false],"woocommerce_thumbnail":["https:\/\/exoticchemicals.com\/wp-content\/uploads\/2025\/02\/1d0e26d6-b7af-4bc9-b7d9-29c58699c401-300x300.jpg",300,300,true],"woocommerce_single":["https:\/\/exoticchemicals.com\/wp-content\/uploads\/2025\/02\/1d0e26d6-b7af-4bc9-b7d9-29c58699c401-600x800.jpg",600,800,true],"woocommerce_gallery_thumbnail":["https:\/\/exoticchemicals.com\/wp-content\/uploads\/2025\/02\/1d0e26d6-b7af-4bc9-b7d9-29c58699c401-100x100.jpg",100,100,true]},"uagb_author_info":{"display_name":"bossman","author_link":"https:\/\/exoticchemicals.com\/de\/author\/"},"uagb_comment_info":6,"uagb_excerpt":"Product Information &#8211; Buy Gen 5 authentic cake carts Buy Gen 5 authentic cake carts: The 5th gen cake disposable carts is properly span outlines of indica, sativa and hybrid caked in 20 plus flavored variety. The Gen five strains are regarded and recognized for his or her scrumptious flavors profile and supremely relaxing high.Cake&hellip;","_links":{"self":[{"href":"https:\/\/exoticchemicals.com\/de\/wp-json\/wp\/v2\/product\/2814","targetHints":{"allow":["GET"]}}],"collection":[{"href":"https:\/\/exoticchemicals.com\/de\/wp-json\/wp\/v2\/product"}],"about":[{"href":"https:\/\/exoticchemicals.com\/de\/wp-json\/wp\/v2\/types\/product"}],"replies":[{"embeddable":true,"href":"https:\/\/exoticchemicals.com\/de\/wp-json\/wp\/v2\/comments?post=2814"}],"wp:featuredmedia":[{"embeddable":true,"href":"https:\/\/exoticchemicals.com\/de\/wp-json\/wp\/v2\/media\/2843"}],"wp:attachment":[{"href":"https:\/\/exoticchemicals.com\/de\/wp-json\/wp\/v2\/media?parent=2814"}],"wp:term":[{"taxonomy":"product_brand","embeddable":true,"href":"https:\/\/exoticchemicals.com\/de\/wp-json\/wp\/v2\/product_brand?post=2814"},{"taxonomy":"product_cat","embeddable":true,"href":"https:\/\/exoticchemicals.com\/de\/wp-json\/wp\/v2\/product_cat?post=2814"},{"taxonomy":"product_tag","embeddable":true,"href":"https:\/\/exoticchemicals.com\/de\/wp-json\/wp\/v2\/product_tag?post=2814"}],"curies":[{"name":"wp","href":"https:\/\/api.w.org\/{rel}","templated":true}]}}