{"id":3687,"date":"2025-02-06T21:25:39","date_gmt":"2025-02-06T21:25:39","guid":{"rendered":"https:\/\/exoticchemicals.com\/?post_type=product&#038;p=3687"},"modified":"2026-04-03T16:01:32","modified_gmt":"2026-04-03T16:01:32","slug":"mephedron-online-kaufen","status":"publish","type":"product","link":"https:\/\/exoticchemicals.com\/de\/product\/buy-mephedrone-online\/","title":{"rendered":"Mephedron online kaufen"},"content":{"rendered":"<p>Mephedron online kaufenMephedron, auch bekannt als 4-Methyl-Methcathinon (4-MMC) oder 4-Methyl-Ephedron Mephedron online kaufen Agora DrugStore, ist ein synthetisches Stimulans wie Amphetamin und Cathinon Klassen. Slangnamen sind Badesalz, Drohne, M-CAT, White Magic und Miau. Es ist chemisch \u00e4hnlich wie die in Afrika vorkommenden Cathinon-Verbindungen. Es wird in Form von Tabletten oder einem Pulver angeboten, das die Konsumenten schlucken, schnupfen oder injizieren k\u00f6nnen und das \u00e4hnliche Wirkungen wie MDMA, Amphetamine und Kokain hat. mephedrone for saleMephedrone for sale - Buy Mephedone onlineWir sagen Buy Mephedrone online, weil unser Angebot perfekt ist. Wir sind einer der besten Partner, wenn es darum geht, chemische Forschung wie Mephedron und unsere Reinheit ist 98,9%. Mephedron auch bekannt als 4-Methyl Methcathinon kaufen ist ein synthetisches Stimulans wie Cathinon Klassen. Es ist chemisch \u00e4hnlich wie die Cathinon-Verbindungen, die in der Khat-Pflanze gefunden werden.Weitere Informationen \u00fcber MephedronEs kommt in Form von Tabletten oder ein Pulver, das Benutzer schlucken, schnupfen oder injizieren k\u00f6nnen. Es erzeugt \u00e4hnliche Wirkungen wie MDMA, Amphetamine und Kokain. Der Stoffwechsel von Mephedron, das zum Verkauf angeboten wird, wurde an Ratten und Menschen untersucht, und die Metaboliten k\u00f6nnen nach dem Konsum im Urin nachgewiesen werden. Die meisten Kunden, die bei uns bestellt haben, wissen mehr \u00fcber das Produkt. Um zu kaufen, w\u00e4hlen Sie einfach die Menge, legen Sie es in den Warenkorb und gehen Sie zur Kasse. Was sind die beabsichtigten Wirkungen von Mephedron (warum wird es eingenommen)?Mephedron-Konsumenten sagen, es steigert:die Wachsamkeit,die Unruhe,die Erregung,den Gespr\u00e4chsdrang,die Offenheit,den Sexualtrieb,das Gef\u00fchl der Stimulanz.Manche sagen, dass sie sich dadurch selbstbewusster, gespr\u00e4chiger und wacher f\u00fchlen.Die Wirkung von Mephedron h\u00e4lt wie die von Kokain etwa eine Stunde an, bevor sie nachl\u00e4sst. Die meisten Konsumenten sagen, die Wirkung von Mephedron sei eine Kombination aus Ecstasy und Kokain.Laut einer Umfrage von Mixmag, einem Magazin f\u00fcr Tanz und Clubbing:67% der Konsumenten erlebten Hyperhidrose (\u00fcberm\u00e4\u00dfiges Schwitzen)51% der Konsumenten erlebten Kopfschmerzen43% der Konsumenten erlebten Herzklopfen27% der Konsumenten erlebten \u00dcbelkeit15% der Konsumenten hatten blaue oder kalte FingerEinige sagen, dass diese letzten drei Nebenwirkungen das Ergebnis von Schlafentzug nach \u00fcberm\u00e4\u00dfigem Mephedron-Konsum f\u00fcr ein paar Tage sein k\u00f6nnten - es ist ein Stimulans und wird es schwieriger machen zu schlafen, wenn der Konsument eine \u201cMarathon-Session\u201d hat. Es gibt jedoch einige anekdotische Berichte \u00fcber diese Symptome ohne Schlafentzug. Mephedron (4-MMC) online kaufenExperten sagen, es sei noch zu fr\u00fch, um das zu beurteilen. Die Droge ist noch nicht lange genug im Umlauf. Eine betr\u00e4chtliche Anzahl von Konsumenten nimmt nach dem Abklingen der Wirkung - nach etwa einer Stunde - erneut eine Dosis. In einigen anekdotischen Berichten ist die Rede davon, dass eine Reihe von Konsumenten mehr konsumiert haben, als sie beabsichtigt hatten, und dass es ihnen schwer fiel, damit aufzuh\u00f6ren.Wo kann man Badesalz Mephedron kaufenMephedron Informationen Mephedron oder Dimethylmethcathinon, 1-(4-Methylphenyl)- 2-Methylaminopropan-1-on, ist derzeit im Vereinigten K\u00f6nigreich, in den USA, Australien und dar\u00fcber hinaus erh\u00e4ltlich. Gew\u00e4hlte Namen waren Mcat, 4-MMC, MM-Cat, Meow oder 4-Methylmethcathinon. Urspr\u00fcnglich wurde Mephedron aus der afrikanischen Pflanze Khat raffiniert buy mephedrone. Es ist ein Stimulans und ein entactogenes Medikament der Phenethylamin-, Amphetamin- und Cathinon-Stoffklassen, die daf\u00fcr bekannt sind, sanfte eutrophierende Gef\u00fchle zu erzeugen und das Verlangen zu ersticken. mephedrone online kaufen n\u00e4chster Tag deliveryIt, \u00e4hnlich wie sein MDMA-basierter Cousin, wird ebenfalls dazu verwendet, Mitgef\u00fchl zu erzeugen. Das Pr\u00e4parat wirkt auf die Synapsen \u00e4hnlich wie Kokain oder Amphetamin, was es f\u00fcr die Forschung wertvoll macht buy mephedrone online. Mephedron zeigt sich als ein reichhaltiges wei\u00dfes Pulver noch kann ebenfalls in Pellet-Struktur kommen.wo man Mephedron kaufenTrotz sehen ber\u00fchmt ungesetzliche Verwendung in der Freizeit Bedingungen, Mephedron ist ebenfalls eine zwingende Pflanze Nahrung kaufen Mephedron Badesalz. Es gibt eine Verdunkelung der Linien zwischen ungesetzlichem Gebrauch und landwirtschaftlichem Gebrauch, der viele ratlos machte.Buy mephedrone USAMethamphetamin (N-Methylamphetamin, Desoxyephedrin), sonst genannt gem meth, Kreide, und Eis. So, ist ein erstaunlich s\u00fcchtig machendes Stimulans Medikamente, die k\u00fcnstlich wie Amphetamin ist. Es erscheint als wei\u00dfes, unparf\u00fcmiertes, streng schmeckendes kristallines Pulver. F\u00fcr den Fall, dass Sie beabsichtigen, diese Untersuchung zu erg\u00e4nzen, gibt es verschiedene m\u00f6gliche Quellen von bescheidenem Mephedron. Daher, mit ausreichenden Grad der Tugend zu produzieren positive und nicht \u00fcberraschende Ergebnisse kaufen Mephedron uns. Einmal mehr nicht kaufen Mephedron im Internet f\u00fcr den Fall, dass Sie nicht sicher sind, der site.Buy Mephedron Pulver onlineAs eine Exploration synthetischen, Mephedron ist wertvoll, um die Auswirkungen von Kokain und Amphetamin-Analoga zu untersuchen. So konzentrieren sich die Verbindung Anordnung und grundlegende Unterschiede zwischen Gruppen kaufen Mephedron online Kanada. Jeder, der Mephedron online kaufen m\u00f6chte, sollte darauf achten, dass es nicht unter 98% in einwandfreiem Zustand gekauft wird. Wo kann man Mephedron kaufenEs gibt verschiedene solide Einzelh\u00e4ndler au\u00dferhalb des Vereinigten K\u00f6nigreichs, die das legitime Instrument geben. So, um Mephedron online f\u00fcr Forschungszwecke zu kaufen, wie es Mephedron Badesalz wo zu kaufen war. Versuchen Sie, Mephedron im Internet zu kaufen. So, die Chance, dass Sie nicht wissen, der Website kaufen Mephedron pflanzliche Nahrung.<\/p>","protected":false},"excerpt":{"rendered":"<p>Generischer Name : 4-Methyl Methcathinon<br \/>  Marke : Mephedron<br \/>  Menge : 100 Gramm<br \/>  Bezeichner : NO<\/p>","protected":false},"featured_media":3727,"comment_status":"open","ping_status":"closed","template":"","meta":{"_uag_custom_page_level_css":"","site-sidebar-layout":"default","site-content-layout":"","ast-site-content-layout":"","site-content-style":"default","site-sidebar-style":"default","ast-global-header-display":"","ast-banner-title-visibility":"","ast-main-header-display":"","ast-hfb-above-header-display":"","ast-hfb-below-header-display":"","ast-hfb-mobile-header-display":"","site-post-title":"","ast-breadcrumbs-content":"","ast-featured-img":"","footer-sml-layout":"","theme-transparent-header-meta":"","adv-header-id-meta":"","stick-header-meta":"","header-above-stick-meta":"","header-main-stick-meta":"","header-below-stick-meta":"","astra-migrate-meta-layouts":"default","ast-page-background-enabled":"default","ast-page-background-meta":{"desktop":{"background-color":"","background-image":"","background-repeat":"repeat","background-position":"center center","background-size":"auto","background-attachment":"scroll","background-type":"","background-media":"","overlay-type":"","overlay-color":"","overlay-opacity":"","overlay-gradient":""},"tablet":{"background-color":"","background-image":"","background-repeat":"repeat","background-position":"center center","background-size":"auto","background-attachment":"scroll","background-type":"","background-media":"","overlay-type":"","overlay-color":"","overlay-opacity":"","overlay-gradient":""},"mobile":{"background-color":"","background-image":"","background-repeat":"repeat","background-position":"center center","background-size":"auto","background-attachment":"scroll","background-type":"","background-media":"","overlay-type":"","overlay-color":"","overlay-opacity":"","overlay-gradient":""}},"ast-content-background-meta":{"desktop":{"background-color":"var(--ast-global-color-5)","background-image":"","background-repeat":"repeat","background-position":"center center","background-size":"auto","background-attachment":"scroll","background-type":"","background-media":"","overlay-type":"","overlay-color":"","overlay-opacity":"","overlay-gradient":""},"tablet":{"background-color":"var(--ast-global-color-5)","background-image":"","background-repeat":"repeat","background-position":"center center","background-size":"auto","background-attachment":"scroll","background-type":"","background-media":"","overlay-type":"","overlay-color":"","overlay-opacity":"","overlay-gradient":""},"mobile":{"background-color":"var(--ast-global-color-5)","background-image":"","background-repeat":"repeat","background-position":"center center","background-size":"auto","background-attachment":"scroll","background-type":"","background-media":"","overlay-type":"","overlay-color":"","overlay-opacity":"","overlay-gradient":""}}},"product_brand":[],"product_cat":[1394],"product_tag":[],"class_list":{"0":"post-3687","1":"product","2":"type-product","3":"status-publish","4":"has-post-thumbnail","6":"product_cat-best-place-to-buy-mdphp-hydrochloride-online-research-chemicals-pills","7":"desktop-align-left","8":"tablet-align-left","9":"mobile-align-left","11":"first","12":"instock","13":"sale","14":"shipping-taxable","15":"purchasable","16":"product-type-simple"},"yoast_head":"<!-- This site is optimized with the Yoast SEO plugin v27.3 - https:\/\/yoast.com\/product\/yoast-seo-wordpress\/ -->\n<title>Buy Mephedrone online -<\/title>\n<meta name=\"robots\" content=\"index, follow, max-snippet:-1, max-image-preview:large, max-video-preview:-1\" \/>\n<link rel=\"canonical\" href=\"https:\/\/exoticchemicals.com\/de\/produkt\/mephedron-online-kaufen\/\" \/>\n<meta property=\"og:locale\" content=\"de_DE\" \/>\n<meta property=\"og:type\" content=\"article\" \/>\n<meta property=\"og:title\" content=\"Buy Mephedrone online -\" \/>\n<meta property=\"og:description\" content=\"Generic name : 4-methyl methcathinone Brand : Mephedrone Quanity : 100 gram Identifier : NO\" \/>\n<meta property=\"og:url\" content=\"https:\/\/exoticchemicals.com\/de\/produkt\/mephedron-online-kaufen\/\" \/>\n<meta property=\"article:modified_time\" content=\"2026-04-03T16:01:32+00:00\" \/>\n<meta property=\"og:image\" content=\"https:\/\/exoticchemicals.com\/wp-content\/uploads\/2025\/02\/Buy-Mephedrone-Online-jpg.webp\" \/>\n\t<meta property=\"og:image:width\" content=\"475\" \/>\n\t<meta property=\"og:image:height\" content=\"525\" \/>\n\t<meta property=\"og:image:type\" content=\"image\/webp\" \/>\n<meta name=\"twitter:card\" content=\"summary_large_image\" \/>\n<meta name=\"twitter:label1\" content=\"Gesch\u00e4tzte Lesezeit\" \/>\n\t<meta name=\"twitter:data1\" content=\"4\u00a0Minuten\" \/>\n<script type=\"application\/ld+json\" class=\"yoast-schema-graph\">{\"@context\":\"https:\\\/\\\/schema.org\",\"@graph\":[{\"@type\":\"WebPage\",\"@id\":\"https:\\\/\\\/exoticchemicals.com\\\/product\\\/buy-mephedrone-online\\\/\",\"url\":\"https:\\\/\\\/exoticchemicals.com\\\/product\\\/buy-mephedrone-online\\\/\",\"name\":\"Buy Mephedrone online -\",\"isPartOf\":{\"@id\":\"https:\\\/\\\/exoticchemicals.com\\\/#website\"},\"primaryImageOfPage\":{\"@id\":\"https:\\\/\\\/exoticchemicals.com\\\/product\\\/buy-mephedrone-online\\\/#primaryimage\"},\"image\":{\"@id\":\"https:\\\/\\\/exoticchemicals.com\\\/product\\\/buy-mephedrone-online\\\/#primaryimage\"},\"thumbnailUrl\":\"https:\\\/\\\/exoticchemicals.com\\\/wp-content\\\/uploads\\\/2025\\\/02\\\/Buy-Mephedrone-Online-jpg.webp\",\"datePublished\":\"2025-02-06T21:25:39+00:00\",\"dateModified\":\"2026-04-03T16:01:32+00:00\",\"breadcrumb\":{\"@id\":\"https:\\\/\\\/exoticchemicals.com\\\/product\\\/buy-mephedrone-online\\\/#breadcrumb\"},\"inLanguage\":\"de\",\"potentialAction\":[{\"@type\":\"ReadAction\",\"target\":[\"https:\\\/\\\/exoticchemicals.com\\\/product\\\/buy-mephedrone-online\\\/\"]}]},{\"@type\":\"ImageObject\",\"inLanguage\":\"de\",\"@id\":\"https:\\\/\\\/exoticchemicals.com\\\/product\\\/buy-mephedrone-online\\\/#primaryimage\",\"url\":\"https:\\\/\\\/exoticchemicals.com\\\/wp-content\\\/uploads\\\/2025\\\/02\\\/Buy-Mephedrone-Online-jpg.webp\",\"contentUrl\":\"https:\\\/\\\/exoticchemicals.com\\\/wp-content\\\/uploads\\\/2025\\\/02\\\/Buy-Mephedrone-Online-jpg.webp\",\"width\":475,\"height\":525},{\"@type\":\"BreadcrumbList\",\"@id\":\"https:\\\/\\\/exoticchemicals.com\\\/product\\\/buy-mephedrone-online\\\/#breadcrumb\",\"itemListElement\":[{\"@type\":\"ListItem\",\"position\":1,\"name\":\"Home\",\"item\":\"https:\\\/\\\/exoticchemicals.com\\\/\"},{\"@type\":\"ListItem\",\"position\":2,\"name\":\"Shop\",\"item\":\"https:\\\/\\\/exoticchemicals.com\\\/shop\\\/\"},{\"@type\":\"ListItem\",\"position\":3,\"name\":\"Buy Mephedrone online\"}]},{\"@type\":\"WebSite\",\"@id\":\"https:\\\/\\\/exoticchemicals.com\\\/#website\",\"url\":\"https:\\\/\\\/exoticchemicals.com\\\/\",\"name\":\"exotic chemicals\",\"description\":\"Buy MDPHP Hydrochloride\",\"publisher\":{\"@id\":\"https:\\\/\\\/exoticchemicals.com\\\/#\\\/schema\\\/person\\\/07ad08472b6f5b213792451a32dbe8c7\"},\"potentialAction\":[{\"@type\":\"SearchAction\",\"target\":{\"@type\":\"EntryPoint\",\"urlTemplate\":\"https:\\\/\\\/exoticchemicals.com\\\/?s={search_term_string}\"},\"query-input\":{\"@type\":\"PropertyValueSpecification\",\"valueRequired\":true,\"valueName\":\"search_term_string\"}}],\"inLanguage\":\"de\"},{\"@type\":[\"Person\",\"Organization\"],\"@id\":\"https:\\\/\\\/exoticchemicals.com\\\/#\\\/schema\\\/person\\\/07ad08472b6f5b213792451a32dbe8c7\",\"name\":\"wwalkershop@gmail.com\",\"image\":{\"@type\":\"ImageObject\",\"inLanguage\":\"de\",\"@id\":\"https:\\\/\\\/exoticchemicals.com\\\/wp-content\\\/uploads\\\/2025\\\/02\\\/pure-3-1-1.png\",\"url\":\"https:\\\/\\\/exoticchemicals.com\\\/wp-content\\\/uploads\\\/2025\\\/02\\\/pure-3-1-1.png\",\"contentUrl\":\"https:\\\/\\\/exoticchemicals.com\\\/wp-content\\\/uploads\\\/2025\\\/02\\\/pure-3-1-1.png\",\"width\":500,\"height\":500,\"caption\":\"wwalkershop@gmail.com\"},\"logo\":{\"@id\":\"https:\\\/\\\/exoticchemicals.com\\\/wp-content\\\/uploads\\\/2025\\\/02\\\/pure-3-1-1.png\"},\"sameAs\":[\"http:\\\/\\\/exoticchemicals.com\"]}]}<\/script>\n<!-- \/ Yoast SEO plugin. -->","yoast_head_json":{"title":"Mephedron online kaufen -","robots":{"index":"index","follow":"follow","max-snippet":"max-snippet:-1","max-image-preview":"max-image-preview:large","max-video-preview":"max-video-preview:-1"},"canonical":"https:\/\/exoticchemicals.com\/de\/produkt\/mephedron-online-kaufen\/","og_locale":"de_DE","og_type":"article","og_title":"Buy Mephedrone online -","og_description":"Generic name : 4-methyl methcathinone Brand : Mephedrone Quanity : 100 gram Identifier : NO","og_url":"https:\/\/exoticchemicals.com\/de\/produkt\/mephedron-online-kaufen\/","article_modified_time":"2026-04-03T16:01:32+00:00","og_image":[{"width":475,"height":525,"url":"https:\/\/exoticchemicals.com\/wp-content\/uploads\/2025\/02\/Buy-Mephedrone-Online-jpg.webp","type":"image\/webp"}],"twitter_card":"summary_large_image","twitter_misc":{"Gesch\u00e4tzte Lesezeit":"4\u00a0Minuten"},"schema":{"@context":"https:\/\/schema.org","@graph":[{"@type":"WebPage","@id":"https:\/\/exoticchemicals.com\/product\/buy-mephedrone-online\/","url":"https:\/\/exoticchemicals.com\/product\/buy-mephedrone-online\/","name":"Mephedron online kaufen -","isPartOf":{"@id":"https:\/\/exoticchemicals.com\/#website"},"primaryImageOfPage":{"@id":"https:\/\/exoticchemicals.com\/product\/buy-mephedrone-online\/#primaryimage"},"image":{"@id":"https:\/\/exoticchemicals.com\/product\/buy-mephedrone-online\/#primaryimage"},"thumbnailUrl":"https:\/\/exoticchemicals.com\/wp-content\/uploads\/2025\/02\/Buy-Mephedrone-Online-jpg.webp","datePublished":"2025-02-06T21:25:39+00:00","dateModified":"2026-04-03T16:01:32+00:00","breadcrumb":{"@id":"https:\/\/exoticchemicals.com\/product\/buy-mephedrone-online\/#breadcrumb"},"inLanguage":"de","potentialAction":[{"@type":"ReadAction","target":["https:\/\/exoticchemicals.com\/product\/buy-mephedrone-online\/"]}]},{"@type":"ImageObject","inLanguage":"de","@id":"https:\/\/exoticchemicals.com\/product\/buy-mephedrone-online\/#primaryimage","url":"https:\/\/exoticchemicals.com\/wp-content\/uploads\/2025\/02\/Buy-Mephedrone-Online-jpg.webp","contentUrl":"https:\/\/exoticchemicals.com\/wp-content\/uploads\/2025\/02\/Buy-Mephedrone-Online-jpg.webp","width":475,"height":525},{"@type":"BreadcrumbList","@id":"https:\/\/exoticchemicals.com\/product\/buy-mephedrone-online\/#breadcrumb","itemListElement":[{"@type":"ListItem","position":1,"name":"Home","item":"https:\/\/exoticchemicals.com\/"},{"@type":"ListItem","position":2,"name":"Shop","item":"https:\/\/exoticchemicals.com\/shop\/"},{"@type":"ListItem","position":3,"name":"Buy Mephedrone online"}]},{"@type":"WebSite","@id":"https:\/\/exoticchemicals.com\/#website","url":"https:\/\/exoticchemicals.com\/","name":"exotische Chemikalien","description":"MDPHP-Hydrochlorid kaufen","publisher":{"@id":"https:\/\/exoticchemicals.com\/#\/schema\/person\/07ad08472b6f5b213792451a32dbe8c7"},"potentialAction":[{"@type":"SearchAction","target":{"@type":"EntryPoint","urlTemplate":"https:\/\/exoticchemicals.com\/?s={search_term_string}"},"query-input":{"@type":"PropertyValueSpecification","valueRequired":true,"valueName":"search_term_string"}}],"inLanguage":"de"},{"@type":["Person","Organization"],"@id":"https:\/\/exoticchemicals.com\/#\/schema\/person\/07ad08472b6f5b213792451a32dbe8c7","name":"wwalkershop@gmail.com","image":{"@type":"ImageObject","inLanguage":"de","@id":"https:\/\/exoticchemicals.com\/wp-content\/uploads\/2025\/02\/pure-3-1-1.png","url":"https:\/\/exoticchemicals.com\/wp-content\/uploads\/2025\/02\/pure-3-1-1.png","contentUrl":"https:\/\/exoticchemicals.com\/wp-content\/uploads\/2025\/02\/pure-3-1-1.png","width":500,"height":500,"caption":"wwalkershop@gmail.com"},"logo":{"@id":"https:\/\/exoticchemicals.com\/wp-content\/uploads\/2025\/02\/pure-3-1-1.png"},"sameAs":["http:\/\/exoticchemicals.com"]}]}},"uagb_featured_image_src":{"full":["https:\/\/exoticchemicals.com\/wp-content\/uploads\/2025\/02\/Buy-Mephedrone-Online-jpg.webp",475,525,false],"thumbnail":["https:\/\/exoticchemicals.com\/wp-content\/uploads\/2025\/02\/Buy-Mephedrone-Online-jpg-150x150.webp",150,150,true],"medium":["https:\/\/exoticchemicals.com\/wp-content\/uploads\/2025\/02\/Buy-Mephedrone-Online-jpg-271x300.webp",271,300,true],"medium_large":["https:\/\/exoticchemicals.com\/wp-content\/uploads\/2025\/02\/Buy-Mephedrone-Online-jpg.webp",475,525,false],"large":["https:\/\/exoticchemicals.com\/wp-content\/uploads\/2025\/02\/Buy-Mephedrone-Online-jpg.webp",475,525,false],"1536x1536":["https:\/\/exoticchemicals.com\/wp-content\/uploads\/2025\/02\/Buy-Mephedrone-Online-jpg.webp",475,525,false],"2048x2048":["https:\/\/exoticchemicals.com\/wp-content\/uploads\/2025\/02\/Buy-Mephedrone-Online-jpg.webp",475,525,false],"trp-custom-language-flag":["https:\/\/exoticchemicals.com\/wp-content\/uploads\/2025\/02\/Buy-Mephedrone-Online-jpg.webp",11,12,false],"woocommerce_thumbnail":["https:\/\/exoticchemicals.com\/wp-content\/uploads\/2025\/02\/Buy-Mephedrone-Online-jpg-300x300.webp",300,300,true],"woocommerce_single":["https:\/\/exoticchemicals.com\/wp-content\/uploads\/2025\/02\/Buy-Mephedrone-Online-jpg.webp",475,525,false],"woocommerce_gallery_thumbnail":["https:\/\/exoticchemicals.com\/wp-content\/uploads\/2025\/02\/Buy-Mephedrone-Online-jpg-100x100.webp",100,100,true]},"uagb_author_info":{"display_name":"bossman","author_link":"https:\/\/exoticchemicals.com\/de\/author\/"},"uagb_comment_info":5,"uagb_excerpt":"Generic name : 4-methyl methcathinone Brand : Mephedrone Quanity : 100 gram Identifier : NO","_links":{"self":[{"href":"https:\/\/exoticchemicals.com\/de\/wp-json\/wp\/v2\/product\/3687","targetHints":{"allow":["GET"]}}],"collection":[{"href":"https:\/\/exoticchemicals.com\/de\/wp-json\/wp\/v2\/product"}],"about":[{"href":"https:\/\/exoticchemicals.com\/de\/wp-json\/wp\/v2\/types\/product"}],"replies":[{"embeddable":true,"href":"https:\/\/exoticchemicals.com\/de\/wp-json\/wp\/v2\/comments?post=3687"}],"wp:featuredmedia":[{"embeddable":true,"href":"https:\/\/exoticchemicals.com\/de\/wp-json\/wp\/v2\/media\/3727"}],"wp:attachment":[{"href":"https:\/\/exoticchemicals.com\/de\/wp-json\/wp\/v2\/media?parent=3687"}],"wp:term":[{"taxonomy":"product_brand","embeddable":true,"href":"https:\/\/exoticchemicals.com\/de\/wp-json\/wp\/v2\/product_brand?post=3687"},{"taxonomy":"product_cat","embeddable":true,"href":"https:\/\/exoticchemicals.com\/de\/wp-json\/wp\/v2\/product_cat?post=3687"},{"taxonomy":"product_tag","embeddable":true,"href":"https:\/\/exoticchemicals.com\/de\/wp-json\/wp\/v2\/product_tag?post=3687"}],"curies":[{"name":"wp","href":"https:\/\/api.w.org\/{rel}","templated":true}]}}