{"id":4289,"date":"2025-02-06T21:31:29","date_gmt":"2025-02-06T21:31:29","guid":{"rendered":"https:\/\/exoticchemicals.com\/?post_type=product&#038;p=4289"},"modified":"2026-04-13T21:01:38","modified_gmt":"2026-04-13T21:01:38","slug":"buy-ketamine-hcl-online","status":"publish","type":"product","link":"https:\/\/exoticchemicals.com\/de\/product\/buy-ketamine-hcl-online\/","title":{"rendered":"Buy Ketamine HCL Online"},"content":{"rendered":"<h1 class=\"card-subtitle mbr-editable-content\" style=\"text-align: center;\">Wo kann man Ketamin online kaufen?<\/h1>\n<p><b>Buy Ketamine HCL online <\/b>\u00a0ist ein Medikament, das haupts\u00e4chlich zur Einleitung und Aufrechterhaltung von An\u00e4sthesien verwendet wird. Es l\u00f6st einen trance\u00e4hnlichen Zustand aus und sorgt f\u00fcr Schmerzlinderung, Sedierung und Ged\u00e4chtnisverlust.<sup id=\"cite_ref-GreenRoback2011_19-0\" class=\"reference\"><\/sup> Weitere Einsatzgebiete sind chronische Schmerzen, Sedierung auf der Intensivstation und Depressionen. Herzfunktion, Atmung und Atemwegsreflexe bleiben im Allgemeinen funktionsf\u00e4hig. Die Wirkung setzt in der Regel innerhalb von f\u00fcnf Minuten ein, wenn es durch eine Injektion verabreicht wird, und h\u00e4lt bis zu etwa 25 Minuten an.<\/p>\n<p class=\"card-subtitle mbr-editable-content\">Zur Einleitung der An\u00e4sthesie (Gef\u00fchlslosigkeit) vor Operationen oder bestimmten Eingriffen, die keine Entspannung der Skelettmuskulatur erfordern, kann es auch bei anderen Erkrankungen nach Absprache mit Ihrem Arzt eingesetzt werden.<\/p>\n<h3>BESCHREIBUNG<\/h3>\n<p>Ketaminhydrochlorid ist ein Nicht-Barbiturat\u00a0<a href=\"https:\/\/www.rxlist.com\/script\/main\/art.asp?articlekey=2247\" rel=\"dict\">An\u00e4sthetikum<\/a>\u00a0chemisch bezeichnet als dl 2-(0-Chlorphenyl)-2-(methylamino)cyclohexanonhydrochlorid. Es ist als leicht saure (pH 3,5-5,5) sterile L\u00f6sung zur intraven\u00f6sen oder\u00a0<a href=\"https:\/\/www.rxlist.com\/script\/main\/art.asp?articlekey=4012\" rel=\"dict\">intramuskul\u00e4r<\/a>\u00a0Injektionsl\u00f6sung in Konzentrationen mit einem \u00c4quivalent von 10, 50 oder 100 mg Ketaminbase pro Milliliter und enth\u00e4lt h\u00f6chstens 0,1 mg\/mL Phemerol\u00ae (Benzethoniumchlorid) als Konservierungsmittel. Die 10-mg\/ml-L\u00f6sung wurde mit Natriumchlorid isotonisch gemacht.<\/p>\n<p>&nbsp;<\/p>\n<p>&nbsp;<\/p>\n<p>&nbsp;<\/p>\n<table class=\"blackpic\" width=\"189\" cellspacing=\"0\">\n<tbody>\n<tr>\n<td><img decoding=\"async\" class=\"alignnone\" title=\"Ketaminhydrochlorid - Darstellung der Strukturformel\" src=\"https:\/\/images.rxlist.com\/images\/rxlist\/ketamine1.gif\" alt=\"Wo kann man Ketamin online kaufen?\" width=\"189\" height=\"126\" \/><\/td>\n<\/tr>\n<\/tbody>\n<\/table>\n<p>&nbsp;<\/p>\n<p>&nbsp;<\/p>\n<h2 class=\"card-subtitle mbr-editable-content\">Wof\u00fcr wird Ketamin HCL verwendet?<\/h2>\n<p class=\"card-subtitle mbr-editable-content\">Ketamin HCL Kristallsalz\/Pulver: Ketamin wird vor einer Operation oder einem medizinischen oder zahn\u00e4rztlichen Eingriff verwendet, um Bewusstlosigkeit zu erzeugen, kann allein oder mit einem anderen Medikament verwendet werden.\u00a0<a href=\"https:\/\/en.wikipedia.org\/wiki\/Ketamine\">medizinische Bedingungen<\/a> kann mit Ketamin interagieren. Ketamin online kaufen.<\/p>\n<p class=\"card-subtitle mbr-editable-content\">Informieren Sie Ihren Arzt bzw. Ihre \u00c4rztin oder Apotheker bzw. Ihre \u00c4rztin oder Apothekerin, wenn Sie an einer der folgenden Krankheiten leiden, insbesondere wenn eine der folgenden auf Sie zutrifft: erh\u00f6hter Augendruck, Blasen- oder Harnprobleme, Herzprobleme (z. B. kongestive Herzinsuffizienz), Bluthochdruck, psychische oder Stimmungsprobleme oder Schilddr\u00fcsenprobleme, wenn Sie in der Vergangenheit alkoholabh\u00e4ngig waren oder wenn Sie alkoholisiert sind Einige Medikamente k\u00f6nnen Wechselwirkungen haben Ketamin HCL kaufen<\/p>\n<p style=\"text-align: center;\"><a href=\"https:\/\/exoticchemicals.com\/de\/produkt\/ketamin-hcl\/\">JETZT SHOPPEN!!!<\/a><\/p>\n<h3>Ketamin HCL kaufen<\/h3>\n<p class=\"card-subtitle mbr-editable-content\">Informieren Sie Ihren Arzt oder Ihre \u00c4rztin, wenn Sie andere Arzneimittel einnehmen, insbesondere wenn Sie eines der folgenden Arzneimittel einnehmen: Amiodaron oder Droxidopa, da schwerwiegende Nebenwirkungen, wie z. B. Herzrhythmusst\u00f6rungen, auftreten k\u00f6nnen Dies ist keine vollst\u00e4ndige Liste aller Wechselwirkungen, die auftreten k\u00f6nnen. Ketamin HCL kaufen<\/p>\n<p class=\"card-subtitle mbr-editable-content\">Fragen Sie Ihren Arzt oder Ihre \u00c4rztin, ob Ketamin mit anderen Medikamenten, die Sie einnehmen, Wechselwirkungen haben kann. Sprechen Sie mit Ihrem Arzt, bevor Sie mit der Einnahme von Ketaminpulver beginnen.<\/p>\n<h3>Legaler Verk\u00e4ufer von Ketamin und anderen Chemikalien<\/h3>\n<h4>Was ist Ketaminhydrochlorid und wie wird es angewendet?<\/h4>\n<p>Ketaminhydrochlorid ist ein verschreibungspflichtiges Medikament, das als Beruhigungsmittel bei diagnostischen und chirurgischen Eingriffen eingesetzt wird. Ketaminhydrochlorid kann allein oder zusammen mit anderen Medikamenten verwendet werden.<\/p>\n<p>Ketaminhydrochlorid geh\u00f6rt zu einer Klasse von Arzneimitteln, die als allgemeine An\u00e4sthetika, systemisch, bezeichnet werden.<\/p>\n<p>It is not known if Ketamine Hydrochloride is safe and effective in children younger than 16 years of age.<\/p>","protected":false},"excerpt":{"rendered":"<p>Ketamin ist ein halluzinogenes Dissoziationsmittel, das normalerweise als k\u00f6rniges wei\u00dfes Pulver auf der Stra\u00dfe verkauft wird.<\/p>","protected":false},"featured_media":4301,"comment_status":"open","ping_status":"closed","template":"","meta":{"_uag_custom_page_level_css":"","site-sidebar-layout":"default","site-content-layout":"","ast-site-content-layout":"default","site-content-style":"default","site-sidebar-style":"default","ast-global-header-display":"","ast-banner-title-visibility":"","ast-main-header-display":"","ast-hfb-above-header-display":"","ast-hfb-below-header-display":"","ast-hfb-mobile-header-display":"","site-post-title":"","ast-breadcrumbs-content":"","ast-featured-img":"","footer-sml-layout":"","ast-disable-related-posts":"","theme-transparent-header-meta":"default","adv-header-id-meta":"","stick-header-meta":"","header-above-stick-meta":"","header-main-stick-meta":"","header-below-stick-meta":"","astra-migrate-meta-layouts":"set","ast-page-background-enabled":"default","ast-page-background-meta":{"desktop":{"background-color":"","background-image":"","background-repeat":"repeat","background-position":"center center","background-size":"auto","background-attachment":"scroll","background-type":"","background-media":"","overlay-type":"","overlay-color":"","overlay-opacity":"","overlay-gradient":""},"tablet":{"background-color":"","background-image":"","background-repeat":"repeat","background-position":"center center","background-size":"auto","background-attachment":"scroll","background-type":"","background-media":"","overlay-type":"","overlay-color":"","overlay-opacity":"","overlay-gradient":""},"mobile":{"background-color":"","background-image":"","background-repeat":"repeat","background-position":"center center","background-size":"auto","background-attachment":"scroll","background-type":"","background-media":"","overlay-type":"","overlay-color":"","overlay-opacity":"","overlay-gradient":""}},"ast-content-background-meta":{"desktop":{"background-color":"var(--ast-global-color-5)","background-image":"","background-repeat":"repeat","background-position":"center center","background-size":"auto","background-attachment":"scroll","background-type":"","background-media":"","overlay-type":"","overlay-color":"","overlay-opacity":"","overlay-gradient":""},"tablet":{"background-color":"var(--ast-global-color-5)","background-image":"","background-repeat":"repeat","background-position":"center center","background-size":"auto","background-attachment":"scroll","background-type":"","background-media":"","overlay-type":"","overlay-color":"","overlay-opacity":"","overlay-gradient":""},"mobile":{"background-color":"var(--ast-global-color-5)","background-image":"","background-repeat":"repeat","background-position":"center center","background-size":"auto","background-attachment":"scroll","background-type":"","background-media":"","overlay-type":"","overlay-color":"","overlay-opacity":"","overlay-gradient":""}}},"product_brand":[],"product_cat":[1381,740],"product_tag":[],"class_list":{"0":"post-4289","1":"product","2":"type-product","3":"status-publish","4":"has-post-thumbnail","6":"product_cat-ketamine-hcl","7":"product_cat-buy-ketamine-online","8":"desktop-align-left","9":"tablet-align-left","10":"mobile-align-left","12":"first","13":"instock","14":"shipping-taxable","15":"purchasable","16":"product-type-variable"},"yoast_head":"<!-- This site is optimized with the Yoast SEO plugin v27.4 - https:\/\/yoast.com\/product\/yoast-seo-wordpress\/ -->\n<title>Buy Ketamine HCL Online<\/title>\n<meta name=\"description\" content=\"Buy Ketamine HCL Online Quality-tested ketamine HCL products with secure ordering. Safe shipping and premium service guaranteed.\" \/>\n<meta name=\"robots\" content=\"index, follow, max-snippet:-1, max-image-preview:large, max-video-preview:-1\" \/>\n<link rel=\"canonical\" href=\"https:\/\/exoticchemicals.com\/de\/produkt\/buy-ketamine-hcl-online\/\" \/>\n<meta property=\"og:locale\" content=\"de_DE\" \/>\n<meta property=\"og:type\" content=\"article\" \/>\n<meta property=\"og:title\" content=\"Buy Ketamine HCL Online\" \/>\n<meta property=\"og:description\" content=\"Buy Ketamine HCL Online Quality-tested ketamine HCL products with secure ordering. Safe shipping and premium service guaranteed.\" \/>\n<meta property=\"og:url\" content=\"https:\/\/exoticchemicals.com\/de\/produkt\/buy-ketamine-hcl-online\/\" \/>\n<meta property=\"article:modified_time\" content=\"2026-04-13T21:01:38+00:00\" \/>\n<meta property=\"og:image\" content=\"https:\/\/exoticchemicals.com\/wp-content\/uploads\/2025\/02\/ketamine.jpg\" \/>\n\t<meta property=\"og:image:width\" content=\"1100\" \/>\n\t<meta property=\"og:image:height\" content=\"619\" \/>\n\t<meta property=\"og:image:type\" content=\"image\/jpeg\" \/>\n<meta name=\"twitter:card\" content=\"summary_large_image\" \/>\n<meta name=\"twitter:label1\" content=\"Gesch\u00e4tzte Lesezeit\" \/>\n\t<meta name=\"twitter:data1\" content=\"3\u00a0Minuten\" \/>\n<script type=\"application\/ld+json\" class=\"yoast-schema-graph\">{\"@context\":\"https:\\\/\\\/schema.org\",\"@graph\":[{\"@type\":\"WebPage\",\"@id\":\"https:\\\/\\\/exoticchemicals.com\\\/product\\\/buy-ketamine-hcl-online\\\/\",\"url\":\"https:\\\/\\\/exoticchemicals.com\\\/product\\\/buy-ketamine-hcl-online\\\/\",\"name\":\"Buy Ketamine HCL Online\",\"isPartOf\":{\"@id\":\"https:\\\/\\\/exoticchemicals.com\\\/#website\"},\"primaryImageOfPage\":{\"@id\":\"https:\\\/\\\/exoticchemicals.com\\\/product\\\/buy-ketamine-hcl-online\\\/#primaryimage\"},\"image\":{\"@id\":\"https:\\\/\\\/exoticchemicals.com\\\/product\\\/buy-ketamine-hcl-online\\\/#primaryimage\"},\"thumbnailUrl\":\"https:\\\/\\\/exoticchemicals.com\\\/wp-content\\\/uploads\\\/2025\\\/02\\\/ketamine.jpg\",\"datePublished\":\"2025-02-06T21:31:29+00:00\",\"dateModified\":\"2026-04-13T21:01:38+00:00\",\"description\":\"Buy Ketamine HCL Online Quality-tested ketamine HCL products with secure ordering. Safe shipping and premium service guaranteed.\",\"breadcrumb\":{\"@id\":\"https:\\\/\\\/exoticchemicals.com\\\/product\\\/buy-ketamine-hcl-online\\\/#breadcrumb\"},\"inLanguage\":\"de\",\"potentialAction\":[{\"@type\":\"ReadAction\",\"target\":[\"https:\\\/\\\/exoticchemicals.com\\\/product\\\/buy-ketamine-hcl-online\\\/\"]}]},{\"@type\":\"ImageObject\",\"inLanguage\":\"de\",\"@id\":\"https:\\\/\\\/exoticchemicals.com\\\/product\\\/buy-ketamine-hcl-online\\\/#primaryimage\",\"url\":\"https:\\\/\\\/exoticchemicals.com\\\/wp-content\\\/uploads\\\/2025\\\/02\\\/ketamine.jpg\",\"contentUrl\":\"https:\\\/\\\/exoticchemicals.com\\\/wp-content\\\/uploads\\\/2025\\\/02\\\/ketamine.jpg\",\"width\":1100,\"height\":619,\"caption\":\"Buy Ketamine HCL Online\"},{\"@type\":\"BreadcrumbList\",\"@id\":\"https:\\\/\\\/exoticchemicals.com\\\/product\\\/buy-ketamine-hcl-online\\\/#breadcrumb\",\"itemListElement\":[{\"@type\":\"ListItem\",\"position\":1,\"name\":\"Home\",\"item\":\"https:\\\/\\\/exoticchemicals.com\\\/\"},{\"@type\":\"ListItem\",\"position\":2,\"name\":\"Shop\",\"item\":\"https:\\\/\\\/exoticchemicals.com\\\/shop\\\/\"},{\"@type\":\"ListItem\",\"position\":3,\"name\":\"Buy Ketamine HCL Online\"}]},{\"@type\":\"WebSite\",\"@id\":\"https:\\\/\\\/exoticchemicals.com\\\/#website\",\"url\":\"https:\\\/\\\/exoticchemicals.com\\\/\",\"name\":\"exotic chemicals\",\"description\":\"Buy MDPHP Hydrochloride\",\"publisher\":{\"@id\":\"https:\\\/\\\/exoticchemicals.com\\\/#\\\/schema\\\/person\\\/07ad08472b6f5b213792451a32dbe8c7\"},\"potentialAction\":[{\"@type\":\"SearchAction\",\"target\":{\"@type\":\"EntryPoint\",\"urlTemplate\":\"https:\\\/\\\/exoticchemicals.com\\\/?s={search_term_string}\"},\"query-input\":{\"@type\":\"PropertyValueSpecification\",\"valueRequired\":true,\"valueName\":\"search_term_string\"}}],\"inLanguage\":\"de\"},{\"@type\":[\"Person\",\"Organization\"],\"@id\":\"https:\\\/\\\/exoticchemicals.com\\\/#\\\/schema\\\/person\\\/07ad08472b6f5b213792451a32dbe8c7\",\"name\":\"wwalkershop@gmail.com\",\"image\":{\"@type\":\"ImageObject\",\"inLanguage\":\"de\",\"@id\":\"https:\\\/\\\/exoticchemicals.com\\\/wp-content\\\/uploads\\\/2025\\\/02\\\/pure-3-1-1.png\",\"url\":\"https:\\\/\\\/exoticchemicals.com\\\/wp-content\\\/uploads\\\/2025\\\/02\\\/pure-3-1-1.png\",\"contentUrl\":\"https:\\\/\\\/exoticchemicals.com\\\/wp-content\\\/uploads\\\/2025\\\/02\\\/pure-3-1-1.png\",\"width\":500,\"height\":500,\"caption\":\"wwalkershop@gmail.com\"},\"logo\":{\"@id\":\"https:\\\/\\\/exoticchemicals.com\\\/wp-content\\\/uploads\\\/2025\\\/02\\\/pure-3-1-1.png\"},\"sameAs\":[\"http:\\\/\\\/exoticchemicals.com\"]}]}<\/script>\n<!-- \/ Yoast SEO plugin. -->","yoast_head_json":{"title":"Buy Ketamine HCL Online","description":"Buy Ketamine HCL Online Quality-tested ketamine HCL products with secure ordering. Safe shipping and premium service guaranteed.","robots":{"index":"index","follow":"follow","max-snippet":"max-snippet:-1","max-image-preview":"max-image-preview:large","max-video-preview":"max-video-preview:-1"},"canonical":"https:\/\/exoticchemicals.com\/de\/produkt\/buy-ketamine-hcl-online\/","og_locale":"de_DE","og_type":"article","og_title":"Buy Ketamine HCL Online","og_description":"Buy Ketamine HCL Online Quality-tested ketamine HCL products with secure ordering. Safe shipping and premium service guaranteed.","og_url":"https:\/\/exoticchemicals.com\/de\/produkt\/buy-ketamine-hcl-online\/","article_modified_time":"2026-04-13T21:01:38+00:00","og_image":[{"width":1100,"height":619,"url":"https:\/\/exoticchemicals.com\/wp-content\/uploads\/2025\/02\/ketamine.jpg","type":"image\/jpeg"}],"twitter_card":"summary_large_image","twitter_misc":{"Gesch\u00e4tzte Lesezeit":"3\u00a0Minuten"},"schema":{"@context":"https:\/\/schema.org","@graph":[{"@type":"WebPage","@id":"https:\/\/exoticchemicals.com\/product\/buy-ketamine-hcl-online\/","url":"https:\/\/exoticchemicals.com\/product\/buy-ketamine-hcl-online\/","name":"Buy Ketamine HCL Online","isPartOf":{"@id":"https:\/\/exoticchemicals.com\/#website"},"primaryImageOfPage":{"@id":"https:\/\/exoticchemicals.com\/product\/buy-ketamine-hcl-online\/#primaryimage"},"image":{"@id":"https:\/\/exoticchemicals.com\/product\/buy-ketamine-hcl-online\/#primaryimage"},"thumbnailUrl":"https:\/\/exoticchemicals.com\/wp-content\/uploads\/2025\/02\/ketamine.jpg","datePublished":"2025-02-06T21:31:29+00:00","dateModified":"2026-04-13T21:01:38+00:00","description":"Buy Ketamine HCL Online Quality-tested ketamine HCL products with secure ordering. Safe shipping and premium service guaranteed.","breadcrumb":{"@id":"https:\/\/exoticchemicals.com\/product\/buy-ketamine-hcl-online\/#breadcrumb"},"inLanguage":"de","potentialAction":[{"@type":"ReadAction","target":["https:\/\/exoticchemicals.com\/product\/buy-ketamine-hcl-online\/"]}]},{"@type":"ImageObject","inLanguage":"de","@id":"https:\/\/exoticchemicals.com\/product\/buy-ketamine-hcl-online\/#primaryimage","url":"https:\/\/exoticchemicals.com\/wp-content\/uploads\/2025\/02\/ketamine.jpg","contentUrl":"https:\/\/exoticchemicals.com\/wp-content\/uploads\/2025\/02\/ketamine.jpg","width":1100,"height":619,"caption":"Buy Ketamine HCL Online"},{"@type":"BreadcrumbList","@id":"https:\/\/exoticchemicals.com\/product\/buy-ketamine-hcl-online\/#breadcrumb","itemListElement":[{"@type":"ListItem","position":1,"name":"Home","item":"https:\/\/exoticchemicals.com\/"},{"@type":"ListItem","position":2,"name":"Shop","item":"https:\/\/exoticchemicals.com\/shop\/"},{"@type":"ListItem","position":3,"name":"Buy Ketamine HCL Online"}]},{"@type":"WebSite","@id":"https:\/\/exoticchemicals.com\/#website","url":"https:\/\/exoticchemicals.com\/","name":"exotische Chemikalien","description":"MDPHP-Hydrochlorid kaufen","publisher":{"@id":"https:\/\/exoticchemicals.com\/#\/schema\/person\/07ad08472b6f5b213792451a32dbe8c7"},"potentialAction":[{"@type":"SearchAction","target":{"@type":"EntryPoint","urlTemplate":"https:\/\/exoticchemicals.com\/?s={search_term_string}"},"query-input":{"@type":"PropertyValueSpecification","valueRequired":true,"valueName":"search_term_string"}}],"inLanguage":"de"},{"@type":["Person","Organization"],"@id":"https:\/\/exoticchemicals.com\/#\/schema\/person\/07ad08472b6f5b213792451a32dbe8c7","name":"wwalkershop@gmail.com","image":{"@type":"ImageObject","inLanguage":"de","@id":"https:\/\/exoticchemicals.com\/wp-content\/uploads\/2025\/02\/pure-3-1-1.png","url":"https:\/\/exoticchemicals.com\/wp-content\/uploads\/2025\/02\/pure-3-1-1.png","contentUrl":"https:\/\/exoticchemicals.com\/wp-content\/uploads\/2025\/02\/pure-3-1-1.png","width":500,"height":500,"caption":"wwalkershop@gmail.com"},"logo":{"@id":"https:\/\/exoticchemicals.com\/wp-content\/uploads\/2025\/02\/pure-3-1-1.png"},"sameAs":["http:\/\/exoticchemicals.com"]}]}},"uagb_featured_image_src":{"full":["https:\/\/exoticchemicals.com\/wp-content\/uploads\/2025\/02\/ketamine.jpg",1100,619,false],"thumbnail":["https:\/\/exoticchemicals.com\/wp-content\/uploads\/2025\/02\/ketamine-150x150.jpg",150,150,true],"medium":["https:\/\/exoticchemicals.com\/wp-content\/uploads\/2025\/02\/ketamine-300x169.jpg",300,169,true],"medium_large":["https:\/\/exoticchemicals.com\/wp-content\/uploads\/2025\/02\/ketamine-768x432.jpg",768,432,true],"large":["https:\/\/exoticchemicals.com\/wp-content\/uploads\/2025\/02\/ketamine-1024x576.jpg",1024,576,true],"1536x1536":["https:\/\/exoticchemicals.com\/wp-content\/uploads\/2025\/02\/ketamine.jpg",1100,619,false],"2048x2048":["https:\/\/exoticchemicals.com\/wp-content\/uploads\/2025\/02\/ketamine.jpg",1100,619,false],"trp-custom-language-flag":["https:\/\/exoticchemicals.com\/wp-content\/uploads\/2025\/02\/ketamine.jpg",18,10,false],"woocommerce_thumbnail":["https:\/\/exoticchemicals.com\/wp-content\/uploads\/2025\/02\/ketamine-300x300.jpg",300,300,true],"woocommerce_single":["https:\/\/exoticchemicals.com\/wp-content\/uploads\/2025\/02\/ketamine-600x338.jpg",600,338,true],"woocommerce_gallery_thumbnail":["https:\/\/exoticchemicals.com\/wp-content\/uploads\/2025\/02\/ketamine-100x100.jpg",100,100,true]},"uagb_author_info":{"display_name":"bossman","author_link":"https:\/\/exoticchemicals.com\/de\/author\/"},"uagb_comment_info":10,"uagb_excerpt":"Ketamine is a hallucinogenic dissociative normally sold on the street as a grainy white powder","_links":{"self":[{"href":"https:\/\/exoticchemicals.com\/de\/wp-json\/wp\/v2\/product\/4289","targetHints":{"allow":["GET"]}}],"collection":[{"href":"https:\/\/exoticchemicals.com\/de\/wp-json\/wp\/v2\/product"}],"about":[{"href":"https:\/\/exoticchemicals.com\/de\/wp-json\/wp\/v2\/types\/product"}],"replies":[{"embeddable":true,"href":"https:\/\/exoticchemicals.com\/de\/wp-json\/wp\/v2\/comments?post=4289"}],"wp:featuredmedia":[{"embeddable":true,"href":"https:\/\/exoticchemicals.com\/de\/wp-json\/wp\/v2\/media\/4301"}],"wp:attachment":[{"href":"https:\/\/exoticchemicals.com\/de\/wp-json\/wp\/v2\/media?parent=4289"}],"wp:term":[{"taxonomy":"product_brand","embeddable":true,"href":"https:\/\/exoticchemicals.com\/de\/wp-json\/wp\/v2\/product_brand?post=4289"},{"taxonomy":"product_cat","embeddable":true,"href":"https:\/\/exoticchemicals.com\/de\/wp-json\/wp\/v2\/product_cat?post=4289"},{"taxonomy":"product_tag","embeddable":true,"href":"https:\/\/exoticchemicals.com\/de\/wp-json\/wp\/v2\/product_tag?post=4289"}],"curies":[{"name":"wp","href":"https:\/\/api.w.org\/{rel}","templated":true}]}}