{"id":5063,"date":"2026-01-29T21:22:19","date_gmt":"2026-01-29T21:22:19","guid":{"rendered":"https:\/\/exoticchemicals.com\/?post_type=product&#038;p=5063"},"modified":"2026-04-15T08:11:34","modified_gmt":"2026-04-15T08:11:34","slug":"carfentanil-carfentanyl-online-kaufen","status":"publish","type":"product","link":"https:\/\/exoticchemicals.com\/de\/product\/buy-carfentanil-carfentanyl-online\/","title":{"rendered":"Carfentanil Carfentanyl online kaufen"},"content":{"rendered":"<h1>Kaufen Carfentanil Pulver Online | Carfentanyl Zum Verkauf Online<\/h1>\n<p>\u00a0<\/p>\n<p>Kaufen <a href=\"https:\/\/chemcrystals.com\/product\/buy-carfentanil-online\/\">Carfentanil-Pulver<\/a> Online ist ein Analogon des synthetischen Opioid-Analgetikums Fentanyl. Eine Einheit Carfentanil ist 100-mal so wirksam wie die gleiche Menge Fentanyl. Carfentanil oder Carfentanyl ist ein Strukturanalogon des synthetischen Opioid-Analgetikums Fentanyl. Es hat eine kurze Wirkungsdauer und einen schnellen Wirkungseintritt und wirkt im Verh\u00e4ltnis zum Gewicht etwa hundertmal st\u00e4rker als Fentanyl und tausendmal st\u00e4rker als Heroin. Es reduziert die Schmerzreaktion bei Ratten wirksamer als jedes andere Opioid.<\/p>\n<p>\u00a0<\/p>\n<h2>Carfentanyl online kaufen | Carfentanil (Karfentanil) <span class=\"qLLird\" style=\"color: #333333\">CAS ID :<\/span><span style=\"color: #333333\">59708-52-0<\/span><\/h2>\n<p>Carfentanil wurde erstmals 1974 von einem Team von Chemikern bei Janssen Pharmaceutica synthetisiert, zu dem auch Paul Janssen geh\u00f6rte. Die Wirkungen von Carfentanil, auch bei \u00dcberdosierung, k\u00f6nnen durch Naloxon r\u00fcckg\u00e4ngig gemacht werden. Carfentanil ist in den meisten L\u00e4ndern gesetzlich verboten, wird aber in der Veterin\u00e4rmedizin zur Bet\u00e4ubung von Gro\u00dftieren verwendet. Carfentanyl ist ein Analogon des synthetischen Opioid-Analgetikums Fentanyl. Eine Einheit von Carfentanil entspricht 100 <a href=\"https:\/\/goodfellasvendor.co\/\">mal<\/a> so stark wie die gleiche Menge Fentanyl. Carfentanil oder Carfentanyl (Wildnil) ist ein Analogon des beliebten synthetischen Opioid-Analgetikums Fentanyl und eines der st\u00e4rksten bekannten Opioide (auch das st\u00e4rkste kommerziell genutzte Opioid).<\/p>\n<h3>Carfentanil zu verkaufen - Carfentanil Lieferant<\/h3>\n<p>Mehr noch,: Carfentanil wurde erstmals 1974 von einem Team von Chemikern bei Janssen Pharmaceutica synthetisiert, dem auch Paul Janssen angeh\u00f6rte. Es hat eine etwa 10.000-fache quantitative Potenz von Morphin und eine 100-fache von Fentanyl, wobei die Wirkung beim Menschen bei etwa 1 Mikrogramm beginnt. Es wird unter dem Handelsnamen Wildnil als Vollnarkosemittel f\u00fcr gro\u00dfe Tiere vermarktet. Carfentanil ist nur f\u00fcr die Verwendung bei Gro\u00dftieren vorgesehen, da es aufgrund seiner extremen Potenz f\u00fcr die Verwendung beim Menschen ungeeignet ist. Derzeit ist Sufentanil, das etwa 10-20 Mal weniger stark ist (500- bis 1000-mal so stark wie Morphin pro Gewicht) als Carfentanil, das Fentanyl-Analogon mit der h\u00f6chsten Wirkst\u00e4rke f\u00fcr die Verwendung beim Menschen.<a href=\"https:\/\/alphacannabisdispensary.com\/\">.<\/a><\/p>\n<p>\u00a0<\/p>\n<h3>Wo kann man Carfentanil in Kanada und Australien sicher und anonym online kaufen - bester Ort zum Kaufen <a href=\"https:\/\/fentanylanalogues.com\/\">Karfent<\/a> Online<\/h3>\n<p>Carfentanil wirkt in erster Linie als Agonist an den Mu- (einige Kappa- und Delta-) Opioidrezeptoren. Es f\u00fchrt zu \u00e4hnlichen analgetischen Wirkungen wie andere Opioide, hat jedoch aufgrund seiner Potenz auch starke Nebenwirkungen wie Sedierung. Aus diesem Grund wird es als Beruhigungsmittel f\u00fcr gro\u00dfe Tiere eingesetzt. Carfentanil interagiert vorwiegend mit dem mu-Rezeptor des Opioids. Es \u00fcbt seine wichtigsten pharmakologischen Wirkungen auf das zentrale Nervensystem aus. Seine prim\u00e4ren Wirkungen von therapeutischem Wert sind Analgesie und Sedierung. Carfentanil dr\u00fcckt auch die Atmungszentren, unterdr\u00fcckt den Hustenreiz und verengt die Pupillen. Carfentanil-Pulver online kaufen<a href=\"https:\/\/3mmcbuy4mmc.com\/\">.<\/a><\/p>\n<p>\u00a0<\/p>\n<p><em><strong>FEEDBACKS<\/strong><\/em><\/p>","protected":false},"excerpt":{"rendered":"<p>Carfentanil-Pulver online kaufen ist ein Analogon des synthetischen Opioid-Analgetikums Fentanyl. Eine Einheit Carfentanil ist 100 Mal so stark wie die gleiche Menge Fentanyl.<\/p>","protected":false},"featured_media":5070,"comment_status":"closed","ping_status":"closed","template":"","meta":{"_uag_custom_page_level_css":"","site-sidebar-layout":"default","site-content-layout":"","ast-site-content-layout":"default","site-content-style":"default","site-sidebar-style":"default","ast-global-header-display":"","ast-banner-title-visibility":"","ast-main-header-display":"","ast-hfb-above-header-display":"","ast-hfb-below-header-display":"","ast-hfb-mobile-header-display":"","site-post-title":"","ast-breadcrumbs-content":"","ast-featured-img":"","footer-sml-layout":"","ast-disable-related-posts":"","theme-transparent-header-meta":"","adv-header-id-meta":"","stick-header-meta":"","header-above-stick-meta":"","header-main-stick-meta":"","header-below-stick-meta":"","astra-migrate-meta-layouts":"default","ast-page-background-enabled":"default","ast-page-background-meta":{"desktop":{"background-color":"","background-image":"","background-repeat":"repeat","background-position":"center center","background-size":"auto","background-attachment":"scroll","background-type":"","background-media":"","overlay-type":"","overlay-color":"","overlay-opacity":"","overlay-gradient":""},"tablet":{"background-color":"","background-image":"","background-repeat":"repeat","background-position":"center center","background-size":"auto","background-attachment":"scroll","background-type":"","background-media":"","overlay-type":"","overlay-color":"","overlay-opacity":"","overlay-gradient":""},"mobile":{"background-color":"","background-image":"","background-repeat":"repeat","background-position":"center center","background-size":"auto","background-attachment":"scroll","background-type":"","background-media":"","overlay-type":"","overlay-color":"","overlay-opacity":"","overlay-gradient":""}},"ast-content-background-meta":{"desktop":{"background-color":"var(--ast-global-color-5)","background-image":"","background-repeat":"repeat","background-position":"center center","background-size":"auto","background-attachment":"scroll","background-type":"","background-media":"","overlay-type":"","overlay-color":"","overlay-opacity":"","overlay-gradient":""},"tablet":{"background-color":"var(--ast-global-color-5)","background-image":"","background-repeat":"repeat","background-position":"center center","background-size":"auto","background-attachment":"scroll","background-type":"","background-media":"","overlay-type":"","overlay-color":"","overlay-opacity":"","overlay-gradient":""},"mobile":{"background-color":"var(--ast-global-color-5)","background-image":"","background-repeat":"repeat","background-position":"center center","background-size":"auto","background-attachment":"scroll","background-type":"","background-media":"","overlay-type":"","overlay-color":"","overlay-opacity":"","overlay-gradient":""}}},"product_brand":[],"product_cat":[11817],"product_tag":[12751,12752,12753,12754,12755,12025,12756,12757,12758,12759,12760,12761,12762,12763,12764,12765,12766],"class_list":{"0":"post-5063","1":"product","2":"type-product","3":"status-publish","4":"has-post-thumbnail","6":"product_cat-buy-pharmaceutical-powders-online-pharmaceutical-powders","7":"product_tag-best-place-to-buy-carfent-online","8":"product_tag-buy-carfentanil-australia","9":"product_tag-buy-carfentanil-germany","10":"product_tag-buy-carfentanil-online","11":"product_tag-buy-carfentanil-poland","12":"product_tag-buy-carfentanil-powder","13":"product_tag-buy-carfentanil-powder-online","14":"product_tag-buy-carfentanil-uk","15":"product_tag-buy-carfentanil-usa","16":"product_tag-carfentanil","17":"product_tag-carfentanyl","18":"product_tag-carfentanyl-for-sale-online","19":"product_tag-cas-id-59708-52-0","20":"product_tag-karfentanil","21":"product_tag-uy-carfentanyl-online","22":"product_tag-where-to-buy-carfentanil-online-anonymously-in-canada","23":"product_tag-where-to-buy-carfentanil-online-anonymously-in-canada-and-australia-safely","24":"desktop-align-left","25":"tablet-align-left","26":"mobile-align-left","28":"first","29":"instock","30":"shipping-taxable","31":"purchasable","32":"product-type-variable"},"yoast_head":"<!-- This site is optimized with the Yoast SEO plugin v27.5 - https:\/\/yoast.com\/product\/yoast-seo-wordpress\/ -->\n<title>Buy Carfentanil Carfentanyl Online -<\/title>\n<meta name=\"robots\" content=\"index, follow, max-snippet:-1, max-image-preview:large, max-video-preview:-1\" \/>\n<link rel=\"canonical\" href=\"https:\/\/exoticchemicals.com\/de\/produkt\/carfentanil-carfentanyl-online-kaufen\/\" \/>\n<meta property=\"og:locale\" content=\"de_DE\" \/>\n<meta property=\"og:type\" content=\"article\" \/>\n<meta property=\"og:title\" content=\"Buy Carfentanil Carfentanyl Online -\" \/>\n<meta property=\"og:description\" content=\"Buy Carfentanil Powder Online is an analog of the synthetic opioid analgesic fentanyl. A unit of carfentanil is 100 times as potent as the same amount of fentanyl.\" \/>\n<meta property=\"og:url\" content=\"https:\/\/exoticchemicals.com\/de\/produkt\/carfentanil-carfentanyl-online-kaufen\/\" \/>\n<meta property=\"article:modified_time\" content=\"2026-04-15T08:11:34+00:00\" \/>\n<meta name=\"twitter:card\" content=\"summary_large_image\" \/>\n<meta name=\"twitter:label1\" content=\"Gesch\u00e4tzte Lesezeit\" \/>\n\t<meta name=\"twitter:data1\" content=\"2\u00a0Minuten\" \/>\n<script type=\"application\/ld+json\" class=\"yoast-schema-graph\">{\"@context\":\"https:\\\/\\\/schema.org\",\"@graph\":[{\"@type\":\"WebPage\",\"@id\":\"https:\\\/\\\/exoticchemicals.com\\\/product\\\/buy-carfentanil-carfentanyl-online\\\/\",\"url\":\"https:\\\/\\\/exoticchemicals.com\\\/product\\\/buy-carfentanil-carfentanyl-online\\\/\",\"name\":\"Buy Carfentanil Carfentanyl Online -\",\"isPartOf\":{\"@id\":\"https:\\\/\\\/exoticchemicals.com\\\/#website\"},\"primaryImageOfPage\":{\"@id\":\"https:\\\/\\\/exoticchemicals.com\\\/product\\\/buy-carfentanil-carfentanyl-online\\\/#primaryimage\"},\"image\":{\"@id\":\"https:\\\/\\\/exoticchemicals.com\\\/product\\\/buy-carfentanil-carfentanyl-online\\\/#primaryimage\"},\"thumbnailUrl\":\"https:\\\/\\\/exoticchemicals.com\\\/wp-content\\\/uploads\\\/2026\\\/01\\\/carfentanil.jpeg\",\"datePublished\":\"2026-01-29T21:22:19+00:00\",\"dateModified\":\"2026-04-15T08:11:34+00:00\",\"breadcrumb\":{\"@id\":\"https:\\\/\\\/exoticchemicals.com\\\/product\\\/buy-carfentanil-carfentanyl-online\\\/#breadcrumb\"},\"inLanguage\":\"de\",\"potentialAction\":[{\"@type\":\"ReadAction\",\"target\":[\"https:\\\/\\\/exoticchemicals.com\\\/product\\\/buy-carfentanil-carfentanyl-online\\\/\"]}]},{\"@type\":\"ImageObject\",\"inLanguage\":\"de\",\"@id\":\"https:\\\/\\\/exoticchemicals.com\\\/product\\\/buy-carfentanil-carfentanyl-online\\\/#primaryimage\",\"url\":\"https:\\\/\\\/exoticchemicals.com\\\/wp-content\\\/uploads\\\/2026\\\/01\\\/carfentanil.jpeg\",\"contentUrl\":\"https:\\\/\\\/exoticchemicals.com\\\/wp-content\\\/uploads\\\/2026\\\/01\\\/carfentanil.jpeg\",\"width\":474,\"height\":631},{\"@type\":\"BreadcrumbList\",\"@id\":\"https:\\\/\\\/exoticchemicals.com\\\/product\\\/buy-carfentanil-carfentanyl-online\\\/#breadcrumb\",\"itemListElement\":[{\"@type\":\"ListItem\",\"position\":1,\"name\":\"Home\",\"item\":\"https:\\\/\\\/exoticchemicals.com\\\/\"},{\"@type\":\"ListItem\",\"position\":2,\"name\":\"Shop\",\"item\":\"https:\\\/\\\/exoticchemicals.com\\\/shop\\\/\"},{\"@type\":\"ListItem\",\"position\":3,\"name\":\"Buy Carfentanil Carfentanyl Online\"}]},{\"@type\":\"WebSite\",\"@id\":\"https:\\\/\\\/exoticchemicals.com\\\/#website\",\"url\":\"https:\\\/\\\/exoticchemicals.com\\\/\",\"name\":\"exotic chemicals\",\"description\":\"Buy MDPHP Hydrochloride\",\"publisher\":{\"@id\":\"https:\\\/\\\/exoticchemicals.com\\\/#\\\/schema\\\/person\\\/07ad08472b6f5b213792451a32dbe8c7\"},\"potentialAction\":[{\"@type\":\"SearchAction\",\"target\":{\"@type\":\"EntryPoint\",\"urlTemplate\":\"https:\\\/\\\/exoticchemicals.com\\\/?s={search_term_string}\"},\"query-input\":{\"@type\":\"PropertyValueSpecification\",\"valueRequired\":true,\"valueName\":\"search_term_string\"}}],\"inLanguage\":\"de\"},{\"@type\":[\"Person\",\"Organization\"],\"@id\":\"https:\\\/\\\/exoticchemicals.com\\\/#\\\/schema\\\/person\\\/07ad08472b6f5b213792451a32dbe8c7\",\"name\":\"wwalkershop@gmail.com\",\"image\":{\"@type\":\"ImageObject\",\"inLanguage\":\"de\",\"@id\":\"https:\\\/\\\/exoticchemicals.com\\\/wp-content\\\/uploads\\\/2025\\\/02\\\/pure-3-1-1.png\",\"url\":\"https:\\\/\\\/exoticchemicals.com\\\/wp-content\\\/uploads\\\/2025\\\/02\\\/pure-3-1-1.png\",\"contentUrl\":\"https:\\\/\\\/exoticchemicals.com\\\/wp-content\\\/uploads\\\/2025\\\/02\\\/pure-3-1-1.png\",\"width\":500,\"height\":500,\"caption\":\"wwalkershop@gmail.com\"},\"logo\":{\"@id\":\"https:\\\/\\\/exoticchemicals.com\\\/wp-content\\\/uploads\\\/2025\\\/02\\\/pure-3-1-1.png\"},\"sameAs\":[\"http:\\\/\\\/exoticchemicals.com\"]}]}<\/script>\n<!-- \/ Yoast SEO plugin. -->","yoast_head_json":{"title":"Carfentanil Carfentanyl online kaufen -","robots":{"index":"index","follow":"follow","max-snippet":"max-snippet:-1","max-image-preview":"max-image-preview:large","max-video-preview":"max-video-preview:-1"},"canonical":"https:\/\/exoticchemicals.com\/de\/produkt\/carfentanil-carfentanyl-online-kaufen\/","og_locale":"de_DE","og_type":"article","og_title":"Buy Carfentanil Carfentanyl Online -","og_description":"Buy Carfentanil Powder Online is an analog of the synthetic opioid analgesic fentanyl. A unit of carfentanil is 100 times as potent as the same amount of fentanyl.","og_url":"https:\/\/exoticchemicals.com\/de\/produkt\/carfentanil-carfentanyl-online-kaufen\/","article_modified_time":"2026-04-15T08:11:34+00:00","twitter_card":"summary_large_image","twitter_misc":{"Gesch\u00e4tzte Lesezeit":"2\u00a0Minuten"},"schema":{"@context":"https:\/\/schema.org","@graph":[{"@type":"WebPage","@id":"https:\/\/exoticchemicals.com\/product\/buy-carfentanil-carfentanyl-online\/","url":"https:\/\/exoticchemicals.com\/product\/buy-carfentanil-carfentanyl-online\/","name":"Carfentanil Carfentanyl online kaufen -","isPartOf":{"@id":"https:\/\/exoticchemicals.com\/#website"},"primaryImageOfPage":{"@id":"https:\/\/exoticchemicals.com\/product\/buy-carfentanil-carfentanyl-online\/#primaryimage"},"image":{"@id":"https:\/\/exoticchemicals.com\/product\/buy-carfentanil-carfentanyl-online\/#primaryimage"},"thumbnailUrl":"https:\/\/exoticchemicals.com\/wp-content\/uploads\/2026\/01\/carfentanil.jpeg","datePublished":"2026-01-29T21:22:19+00:00","dateModified":"2026-04-15T08:11:34+00:00","breadcrumb":{"@id":"https:\/\/exoticchemicals.com\/product\/buy-carfentanil-carfentanyl-online\/#breadcrumb"},"inLanguage":"de","potentialAction":[{"@type":"ReadAction","target":["https:\/\/exoticchemicals.com\/product\/buy-carfentanil-carfentanyl-online\/"]}]},{"@type":"ImageObject","inLanguage":"de","@id":"https:\/\/exoticchemicals.com\/product\/buy-carfentanil-carfentanyl-online\/#primaryimage","url":"https:\/\/exoticchemicals.com\/wp-content\/uploads\/2026\/01\/carfentanil.jpeg","contentUrl":"https:\/\/exoticchemicals.com\/wp-content\/uploads\/2026\/01\/carfentanil.jpeg","width":474,"height":631},{"@type":"BreadcrumbList","@id":"https:\/\/exoticchemicals.com\/product\/buy-carfentanil-carfentanyl-online\/#breadcrumb","itemListElement":[{"@type":"ListItem","position":1,"name":"Home","item":"https:\/\/exoticchemicals.com\/"},{"@type":"ListItem","position":2,"name":"Shop","item":"https:\/\/exoticchemicals.com\/shop\/"},{"@type":"ListItem","position":3,"name":"Buy Carfentanil Carfentanyl Online"}]},{"@type":"WebSite","@id":"https:\/\/exoticchemicals.com\/#website","url":"https:\/\/exoticchemicals.com\/","name":"exotische Chemikalien","description":"MDPHP-Hydrochlorid kaufen","publisher":{"@id":"https:\/\/exoticchemicals.com\/#\/schema\/person\/07ad08472b6f5b213792451a32dbe8c7"},"potentialAction":[{"@type":"SearchAction","target":{"@type":"EntryPoint","urlTemplate":"https:\/\/exoticchemicals.com\/?s={search_term_string}"},"query-input":{"@type":"PropertyValueSpecification","valueRequired":true,"valueName":"search_term_string"}}],"inLanguage":"de"},{"@type":["Person","Organization"],"@id":"https:\/\/exoticchemicals.com\/#\/schema\/person\/07ad08472b6f5b213792451a32dbe8c7","name":"wwalkershop@gmail.com","image":{"@type":"ImageObject","inLanguage":"de","@id":"https:\/\/exoticchemicals.com\/wp-content\/uploads\/2025\/02\/pure-3-1-1.png","url":"https:\/\/exoticchemicals.com\/wp-content\/uploads\/2025\/02\/pure-3-1-1.png","contentUrl":"https:\/\/exoticchemicals.com\/wp-content\/uploads\/2025\/02\/pure-3-1-1.png","width":500,"height":500,"caption":"wwalkershop@gmail.com"},"logo":{"@id":"https:\/\/exoticchemicals.com\/wp-content\/uploads\/2025\/02\/pure-3-1-1.png"},"sameAs":["http:\/\/exoticchemicals.com"]}]}},"uagb_featured_image_src":{"full":["https:\/\/exoticchemicals.com\/wp-content\/uploads\/2026\/01\/carfentanil.jpeg",474,631,false],"thumbnail":["https:\/\/exoticchemicals.com\/wp-content\/uploads\/2026\/01\/carfentanil-150x150.jpeg",150,150,true],"medium":["https:\/\/exoticchemicals.com\/wp-content\/uploads\/2026\/01\/carfentanil-225x300.jpeg",225,300,true],"medium_large":["https:\/\/exoticchemicals.com\/wp-content\/uploads\/2026\/01\/carfentanil.jpeg",474,631,false],"large":["https:\/\/exoticchemicals.com\/wp-content\/uploads\/2026\/01\/carfentanil.jpeg",474,631,false],"1536x1536":["https:\/\/exoticchemicals.com\/wp-content\/uploads\/2026\/01\/carfentanil.jpeg",474,631,false],"2048x2048":["https:\/\/exoticchemicals.com\/wp-content\/uploads\/2026\/01\/carfentanil.jpeg",474,631,false],"trp-custom-language-flag":["https:\/\/exoticchemicals.com\/wp-content\/uploads\/2026\/01\/carfentanil-9x12.jpeg",9,12,true],"woocommerce_thumbnail":["https:\/\/exoticchemicals.com\/wp-content\/uploads\/2026\/01\/carfentanil-300x300.jpeg",300,300,true],"woocommerce_single":["https:\/\/exoticchemicals.com\/wp-content\/uploads\/2026\/01\/carfentanil.jpeg",474,631,false],"woocommerce_gallery_thumbnail":["https:\/\/exoticchemicals.com\/wp-content\/uploads\/2026\/01\/carfentanil-100x100.jpeg",100,100,true]},"uagb_author_info":{"display_name":"wwalkershop@gmail.com","author_link":"https:\/\/exoticchemicals.com\/de\/author\/"},"uagb_comment_info":5,"uagb_excerpt":"Buy Carfentanil Powder Online is an analog of the synthetic opioid analgesic fentanyl. A unit of carfentanil is 100 times as potent as the same amount of fentanyl.","_links":{"self":[{"href":"https:\/\/exoticchemicals.com\/de\/wp-json\/wp\/v2\/product\/5063","targetHints":{"allow":["GET"]}}],"collection":[{"href":"https:\/\/exoticchemicals.com\/de\/wp-json\/wp\/v2\/product"}],"about":[{"href":"https:\/\/exoticchemicals.com\/de\/wp-json\/wp\/v2\/types\/product"}],"replies":[{"embeddable":true,"href":"https:\/\/exoticchemicals.com\/de\/wp-json\/wp\/v2\/comments?post=5063"}],"wp:featuredmedia":[{"embeddable":true,"href":"https:\/\/exoticchemicals.com\/de\/wp-json\/wp\/v2\/media\/5070"}],"wp:attachment":[{"href":"https:\/\/exoticchemicals.com\/de\/wp-json\/wp\/v2\/media?parent=5063"}],"wp:term":[{"taxonomy":"product_brand","embeddable":true,"href":"https:\/\/exoticchemicals.com\/de\/wp-json\/wp\/v2\/product_brand?post=5063"},{"taxonomy":"product_cat","embeddable":true,"href":"https:\/\/exoticchemicals.com\/de\/wp-json\/wp\/v2\/product_cat?post=5063"},{"taxonomy":"product_tag","embeddable":true,"href":"https:\/\/exoticchemicals.com\/de\/wp-json\/wp\/v2\/product_tag?post=5063"}],"curies":[{"name":"wp","href":"https:\/\/api.w.org\/{rel}","templated":true}]}}