{"id":3825,"date":"2025-02-06T21:27:37","date_gmt":"2025-02-06T21:27:37","guid":{"rendered":"https:\/\/exoticchemicals.com\/?post_type=product&#038;p=3825"},"modified":"2026-04-15T17:41:32","modified_gmt":"2026-04-15T17:41:32","slug":"psilocybe-buy-hillbilly-cubensis","status":"publish","type":"product","link":"https:\/\/exoticchemicals.com\/es\/product\/psilocybe-buy-hillbilly-cubensis\/","title":{"rendered":"Psilocybe: Comprar Hillbilly Cubensis"},"content":{"rendered":"<h1>Buy Hillbilly Cubensis<\/h1>\n<p><strong>psychedelic mushrooms in australia<\/strong><\/p>\n<p>&nbsp;<\/p>\n<p>The Hillbilly Cubensis is a class of mushrooms that belong to the\u00a0<a href=\"https:\/\/isochemi.com\/shop\/\"><i>Psilocybe cubensis<\/i> strain from Arkansas<\/a>, USA. This strain is now decades old and was popular in the 2000\u2019s. It is making another comeback due to its wonderful characteristics. People who use Hillbilly Shrooms reports intense euphoria when tripping. Hillbilly <a href=\"http:\/\/autraliapsilocybins.com\">Magic Mushroom<\/a> is rumoured to invoke big smiles and occasional bouts of laughter. It is one of the best all round mushrooms for intermediate Shroomer. <a href=\"https:\/\/isochemi.com\/product\/psilocybe-buy-hillbilly-cubensis\/\"><strong>psychedelic mushrooms in australia<\/strong><\/a> This particular magic mushroom is known to be more potent compared to others in its class.<\/p>\n<h2><strong>psychedelic mushrooms in australia<\/strong><\/h2>\n<p>Recomendaciones de dosificaci\u00f3n:<\/p>\n<p>Dosis creativa: de 0,5 gramos a 1,25 gramos<\/p>\n<p>Dosis recreativa media: de 1,5 a 2 gramos<\/p>\n<p>Dosis recreativa completa: de 2 a 3,5 gramos<\/p>\n<p>\u00a1\u00a1\u00a1Precauci\u00f3n!!! No mezcle productos de hongos m\u00e1gicos con alcohol u otra medicaci\u00f3n antidepresiva (SSRI) ya que embota la experiencia o la bloquea completamente.<\/p>\n<p>Mantener el producto almacenado a temperatura ambiente en un lugar seco y protegido de la luz solar directa. Mant\u00e9ngase tambi\u00e9n fuera del alcance de los ni\u00f1os y los animales dom\u00e9sticos.<\/p>","protected":false},"excerpt":{"rendered":"<div class=\"woocommerce-product-details__short-description\">\n<h2>Buy Hillbilly Cubensis<\/h2>\n<p>&nbsp;<\/p>\n<p>Hillbilly Cubensis mushrooms are a potent modern strain that produces prominent body sensations and astounding visuals. Originating from Arkansas, USA this is a popular magic mushroom for people down south. Just like Moon Shine, this strain of Psilocybe cubensis packs a punch! Let this American Shroom take you on an outback trip. Yee-Haw!!<\/p>\n<\/p><\/div>\n<h3>14 GRAMOS<\/h3>","protected":false},"featured_media":3855,"comment_status":"open","ping_status":"closed","template":"","meta":{"_uag_custom_page_level_css":"","site-sidebar-layout":"default","site-content-layout":"","ast-site-content-layout":"default","site-content-style":"default","site-sidebar-style":"default","ast-global-header-display":"","ast-banner-title-visibility":"","ast-main-header-display":"","ast-hfb-above-header-display":"","ast-hfb-below-header-display":"","ast-hfb-mobile-header-display":"","site-post-title":"","ast-breadcrumbs-content":"","ast-featured-img":"","footer-sml-layout":"","ast-disable-related-posts":"","theme-transparent-header-meta":"","adv-header-id-meta":"","stick-header-meta":"","header-above-stick-meta":"","header-main-stick-meta":"","header-below-stick-meta":"","astra-migrate-meta-layouts":"default","ast-page-background-enabled":"default","ast-page-background-meta":{"desktop":{"background-color":"","background-image":"","background-repeat":"repeat","background-position":"center center","background-size":"auto","background-attachment":"scroll","background-type":"","background-media":"","overlay-type":"","overlay-color":"","overlay-opacity":"","overlay-gradient":""},"tablet":{"background-color":"","background-image":"","background-repeat":"repeat","background-position":"center center","background-size":"auto","background-attachment":"scroll","background-type":"","background-media":"","overlay-type":"","overlay-color":"","overlay-opacity":"","overlay-gradient":""},"mobile":{"background-color":"","background-image":"","background-repeat":"repeat","background-position":"center center","background-size":"auto","background-attachment":"scroll","background-type":"","background-media":"","overlay-type":"","overlay-color":"","overlay-opacity":"","overlay-gradient":""}},"ast-content-background-meta":{"desktop":{"background-color":"var(--ast-global-color-5)","background-image":"","background-repeat":"repeat","background-position":"center center","background-size":"auto","background-attachment":"scroll","background-type":"","background-media":"","overlay-type":"","overlay-color":"","overlay-opacity":"","overlay-gradient":""},"tablet":{"background-color":"var(--ast-global-color-5)","background-image":"","background-repeat":"repeat","background-position":"center center","background-size":"auto","background-attachment":"scroll","background-type":"","background-media":"","overlay-type":"","overlay-color":"","overlay-opacity":"","overlay-gradient":""},"mobile":{"background-color":"var(--ast-global-color-5)","background-image":"","background-repeat":"repeat","background-position":"center center","background-size":"auto","background-attachment":"scroll","background-type":"","background-media":"","overlay-type":"","overlay-color":"","overlay-opacity":"","overlay-gradient":""}}},"product_brand":[],"product_cat":[2198],"product_tag":[2218,2213,2199,2200,2201,2202,2203,2214,2219,2220,2215,2204,2205,2206,2221,2222,2223,2224,2207,2208,2225,2226,2216,2227,2237,2228,2229,2230,2231,2232,2209,2233,2210,2211,2212,2234,2217,2235],"class_list":{"0":"post-3825","1":"product","2":"type-product","3":"status-publish","4":"has-post-thumbnail","6":"product_cat-secure-mdphp-hydrochloride-purchase-shrooms","7":"product_tag-book-on-psychedelic-mushrooms","8":"product_tag-buy-psychedelic-mushroom-in-australia","9":"product_tag-buy-psychedelic-mushroom-spores-canada","10":"product_tag-buy-psychedelic-mushrooms-uk","11":"product_tag-buy-psychedelics-mushrooms","12":"product_tag-can-you-buy-psychedelic-mushroom-seeds-online","13":"product_tag-can-you-buy-psychedelics-mushrooms-in-usa","14":"product_tag-how-much-are-mushrooms-psychedelic","15":"product_tag-how-to-buy-psychedelic-mushrooms","16":"product_tag-how-to-find-psychedelic-mushrooms","17":"product_tag-how-to-get-psychedelics-mushrooms","18":"product_tag-mushrooms-for-sale","19":"product_tag-mushrooms-psychedelic-buy","20":"product_tag-mushrooms-psychedelic-buy-online-usa","21":"product_tag-mushrooms-psychedelic-near-me","22":"product_tag-mushrooms-psychedelic-where-to-find-them","23":"product_tag-mushrooms-selling-price-psychedelic","24":"product_tag-mushrooms-with-psychedelic-properties","25":"product_tag-psychedelic-drugs","26":"product_tag-psychedelic-mushroom-kit-ship-to-kuwait-buy","27":"product_tag-psychedelic-mushroom-shop-near-me","28":"product_tag-psychedelic-mushrooms-for-sale","29":"product_tag-psychedelic-mushrooms-for-sale-near-me","30":"product_tag-psychedelic-mushrooms-in-australia","31":"product_tag-psychedelic-mushrooms-in-ohio-buy-psychedelic-mushroom-buy-psychedelic-mushroom-seeds","32":"product_tag-psychedelic-mushrooms-near-me","33":"product_tag-psychedelic-mushrooms-to-buy","34":"product_tag-psychedelics-mushroom-for-sale","35":"product_tag-what-are-psychedelic-mushrooms","36":"product_tag-where-can-i-buy-psychedelic-mushrooms","37":"product_tag-where-can-i-buy-psychedelics-mushrooms-in-usa","38":"product_tag-where-can-i-get-psychedelic-mushrooms","39":"product_tag-where-to-buy-mushrooms-psychedelic","40":"product_tag-where-to-buy-psychedelic-mushroom-spores","41":"product_tag-where-to-buy-psychedelics-mushrooms","42":"product_tag-where-to-find-psychedelics-mushrooms","43":"product_tag-where-to-find-psychedelics-mushrooms-uk","44":"product_tag-which-mushrooms-are-psychedelic","45":"desktop-align-left","46":"tablet-align-left","47":"mobile-align-left","49":"first","50":"instock","51":"shipping-taxable","52":"purchasable","53":"product-type-simple"},"yoast_head":"<!-- This site is optimized with the Yoast SEO plugin v27.4 - https:\/\/yoast.com\/product\/yoast-seo-wordpress\/ -->\n<title>Psilocybe: Buy Hillbilly Cubensis -<\/title>\n<meta name=\"robots\" content=\"index, follow, max-snippet:-1, max-image-preview:large, max-video-preview:-1\" \/>\n<link rel=\"canonical\" href=\"https:\/\/exoticchemicals.com\/es\/producto\/psilocybe-buy-hillbilly-cubensis\/\" \/>\n<meta property=\"og:locale\" content=\"es_ES\" \/>\n<meta property=\"og:type\" content=\"article\" \/>\n<meta property=\"og:title\" content=\"Psilocybe: Buy Hillbilly Cubensis -\" \/>\n<meta property=\"og:description\" content=\"Buy Hillbilly Cubensis &nbsp; Hillbilly Cubensis mushrooms are a potent modern strain that produces prominent body sensations and astounding visuals. Originating from Arkansas, USA this is a popular magic mushroom for people down south. Just like Moon Shine, this strain of Psilocybe cubensis packs a punch! Let this American Shroom take you on an outback trip. Yee-Haw!! 14 GRAMS\" \/>\n<meta property=\"og:url\" content=\"https:\/\/exoticchemicals.com\/es\/producto\/psilocybe-buy-hillbilly-cubensis\/\" \/>\n<meta property=\"article:modified_time\" content=\"2026-04-15T17:41:32+00:00\" \/>\n<meta property=\"og:image\" content=\"https:\/\/exoticchemicals.com\/wp-content\/uploads\/2025\/02\/HillBilly-Cubensis-scaled-465x465-1-jpg.webp\" \/>\n\t<meta property=\"og:image:width\" content=\"465\" \/>\n\t<meta property=\"og:image:height\" content=\"465\" \/>\n\t<meta property=\"og:image:type\" content=\"image\/webp\" \/>\n<meta name=\"twitter:card\" content=\"summary_large_image\" \/>\n<meta name=\"twitter:label1\" content=\"Tiempo de lectura\" \/>\n\t<meta name=\"twitter:data1\" content=\"1 minuto\" \/>\n<script type=\"application\/ld+json\" class=\"yoast-schema-graph\">{\"@context\":\"https:\\\/\\\/schema.org\",\"@graph\":[{\"@type\":\"WebPage\",\"@id\":\"https:\\\/\\\/exoticchemicals.com\\\/product\\\/psilocybe-buy-hillbilly-cubensis\\\/\",\"url\":\"https:\\\/\\\/exoticchemicals.com\\\/product\\\/psilocybe-buy-hillbilly-cubensis\\\/\",\"name\":\"Psilocybe: Buy Hillbilly Cubensis -\",\"isPartOf\":{\"@id\":\"https:\\\/\\\/exoticchemicals.com\\\/#website\"},\"primaryImageOfPage\":{\"@id\":\"https:\\\/\\\/exoticchemicals.com\\\/product\\\/psilocybe-buy-hillbilly-cubensis\\\/#primaryimage\"},\"image\":{\"@id\":\"https:\\\/\\\/exoticchemicals.com\\\/product\\\/psilocybe-buy-hillbilly-cubensis\\\/#primaryimage\"},\"thumbnailUrl\":\"https:\\\/\\\/exoticchemicals.com\\\/wp-content\\\/uploads\\\/2025\\\/02\\\/HillBilly-Cubensis-scaled-465x465-1-jpg.webp\",\"datePublished\":\"2025-02-06T21:27:37+00:00\",\"dateModified\":\"2026-04-15T17:41:32+00:00\",\"breadcrumb\":{\"@id\":\"https:\\\/\\\/exoticchemicals.com\\\/product\\\/psilocybe-buy-hillbilly-cubensis\\\/#breadcrumb\"},\"inLanguage\":\"es\",\"potentialAction\":[{\"@type\":\"ReadAction\",\"target\":[\"https:\\\/\\\/exoticchemicals.com\\\/product\\\/psilocybe-buy-hillbilly-cubensis\\\/\"]}]},{\"@type\":\"ImageObject\",\"inLanguage\":\"es\",\"@id\":\"https:\\\/\\\/exoticchemicals.com\\\/product\\\/psilocybe-buy-hillbilly-cubensis\\\/#primaryimage\",\"url\":\"https:\\\/\\\/exoticchemicals.com\\\/wp-content\\\/uploads\\\/2025\\\/02\\\/HillBilly-Cubensis-scaled-465x465-1-jpg.webp\",\"contentUrl\":\"https:\\\/\\\/exoticchemicals.com\\\/wp-content\\\/uploads\\\/2025\\\/02\\\/HillBilly-Cubensis-scaled-465x465-1-jpg.webp\",\"width\":465,\"height\":465},{\"@type\":\"BreadcrumbList\",\"@id\":\"https:\\\/\\\/exoticchemicals.com\\\/product\\\/psilocybe-buy-hillbilly-cubensis\\\/#breadcrumb\",\"itemListElement\":[{\"@type\":\"ListItem\",\"position\":1,\"name\":\"Home\",\"item\":\"https:\\\/\\\/exoticchemicals.com\\\/\"},{\"@type\":\"ListItem\",\"position\":2,\"name\":\"Shop\",\"item\":\"https:\\\/\\\/exoticchemicals.com\\\/shop\\\/\"},{\"@type\":\"ListItem\",\"position\":3,\"name\":\"Psilocybe: Buy Hillbilly Cubensis\"}]},{\"@type\":\"WebSite\",\"@id\":\"https:\\\/\\\/exoticchemicals.com\\\/#website\",\"url\":\"https:\\\/\\\/exoticchemicals.com\\\/\",\"name\":\"exotic chemicals\",\"description\":\"Buy MDPHP Hydrochloride\",\"publisher\":{\"@id\":\"https:\\\/\\\/exoticchemicals.com\\\/#\\\/schema\\\/person\\\/07ad08472b6f5b213792451a32dbe8c7\"},\"potentialAction\":[{\"@type\":\"SearchAction\",\"target\":{\"@type\":\"EntryPoint\",\"urlTemplate\":\"https:\\\/\\\/exoticchemicals.com\\\/?s={search_term_string}\"},\"query-input\":{\"@type\":\"PropertyValueSpecification\",\"valueRequired\":true,\"valueName\":\"search_term_string\"}}],\"inLanguage\":\"es\"},{\"@type\":[\"Person\",\"Organization\"],\"@id\":\"https:\\\/\\\/exoticchemicals.com\\\/#\\\/schema\\\/person\\\/07ad08472b6f5b213792451a32dbe8c7\",\"name\":\"wwalkershop@gmail.com\",\"image\":{\"@type\":\"ImageObject\",\"inLanguage\":\"es\",\"@id\":\"https:\\\/\\\/exoticchemicals.com\\\/wp-content\\\/uploads\\\/2025\\\/02\\\/pure-3-1-1.png\",\"url\":\"https:\\\/\\\/exoticchemicals.com\\\/wp-content\\\/uploads\\\/2025\\\/02\\\/pure-3-1-1.png\",\"contentUrl\":\"https:\\\/\\\/exoticchemicals.com\\\/wp-content\\\/uploads\\\/2025\\\/02\\\/pure-3-1-1.png\",\"width\":500,\"height\":500,\"caption\":\"wwalkershop@gmail.com\"},\"logo\":{\"@id\":\"https:\\\/\\\/exoticchemicals.com\\\/wp-content\\\/uploads\\\/2025\\\/02\\\/pure-3-1-1.png\"},\"sameAs\":[\"http:\\\/\\\/exoticchemicals.com\"]}]}<\/script>\n<!-- \/ Yoast SEO plugin. -->","yoast_head_json":{"title":"Psilocybe: Buy Hillbilly Cubensis -","robots":{"index":"index","follow":"follow","max-snippet":"max-snippet:-1","max-image-preview":"max-image-preview:large","max-video-preview":"max-video-preview:-1"},"canonical":"https:\/\/exoticchemicals.com\/es\/producto\/psilocybe-buy-hillbilly-cubensis\/","og_locale":"es_ES","og_type":"article","og_title":"Psilocybe: Buy Hillbilly Cubensis -","og_description":"Buy Hillbilly Cubensis &nbsp; Hillbilly Cubensis mushrooms are a potent modern strain that produces prominent body sensations and astounding visuals. Originating from Arkansas, USA this is a popular magic mushroom for people down south. Just like Moon Shine, this strain of Psilocybe cubensis packs a punch! Let this American Shroom take you on an outback trip. Yee-Haw!! 14 GRAMS","og_url":"https:\/\/exoticchemicals.com\/es\/producto\/psilocybe-buy-hillbilly-cubensis\/","article_modified_time":"2026-04-15T17:41:32+00:00","og_image":[{"width":465,"height":465,"url":"https:\/\/exoticchemicals.com\/wp-content\/uploads\/2025\/02\/HillBilly-Cubensis-scaled-465x465-1-jpg.webp","type":"image\/webp"}],"twitter_card":"summary_large_image","twitter_misc":{"Tiempo de lectura":"1 minuto"},"schema":{"@context":"https:\/\/schema.org","@graph":[{"@type":"WebPage","@id":"https:\/\/exoticchemicals.com\/product\/psilocybe-buy-hillbilly-cubensis\/","url":"https:\/\/exoticchemicals.com\/product\/psilocybe-buy-hillbilly-cubensis\/","name":"Psilocybe: Buy Hillbilly Cubensis -","isPartOf":{"@id":"https:\/\/exoticchemicals.com\/#website"},"primaryImageOfPage":{"@id":"https:\/\/exoticchemicals.com\/product\/psilocybe-buy-hillbilly-cubensis\/#primaryimage"},"image":{"@id":"https:\/\/exoticchemicals.com\/product\/psilocybe-buy-hillbilly-cubensis\/#primaryimage"},"thumbnailUrl":"https:\/\/exoticchemicals.com\/wp-content\/uploads\/2025\/02\/HillBilly-Cubensis-scaled-465x465-1-jpg.webp","datePublished":"2025-02-06T21:27:37+00:00","dateModified":"2026-04-15T17:41:32+00:00","breadcrumb":{"@id":"https:\/\/exoticchemicals.com\/product\/psilocybe-buy-hillbilly-cubensis\/#breadcrumb"},"inLanguage":"es","potentialAction":[{"@type":"ReadAction","target":["https:\/\/exoticchemicals.com\/product\/psilocybe-buy-hillbilly-cubensis\/"]}]},{"@type":"ImageObject","inLanguage":"es","@id":"https:\/\/exoticchemicals.com\/product\/psilocybe-buy-hillbilly-cubensis\/#primaryimage","url":"https:\/\/exoticchemicals.com\/wp-content\/uploads\/2025\/02\/HillBilly-Cubensis-scaled-465x465-1-jpg.webp","contentUrl":"https:\/\/exoticchemicals.com\/wp-content\/uploads\/2025\/02\/HillBilly-Cubensis-scaled-465x465-1-jpg.webp","width":465,"height":465},{"@type":"BreadcrumbList","@id":"https:\/\/exoticchemicals.com\/product\/psilocybe-buy-hillbilly-cubensis\/#breadcrumb","itemListElement":[{"@type":"ListItem","position":1,"name":"Home","item":"https:\/\/exoticchemicals.com\/"},{"@type":"ListItem","position":2,"name":"Shop","item":"https:\/\/exoticchemicals.com\/shop\/"},{"@type":"ListItem","position":3,"name":"Psilocybe: Buy Hillbilly Cubensis"}]},{"@type":"WebSite","@id":"https:\/\/exoticchemicals.com\/#website","url":"https:\/\/exoticchemicals.com\/","name":"productos qu\u00edmicos ex\u00f3ticos","description":"Comprar clorhidrato de MDPHP","publisher":{"@id":"https:\/\/exoticchemicals.com\/#\/schema\/person\/07ad08472b6f5b213792451a32dbe8c7"},"potentialAction":[{"@type":"SearchAction","target":{"@type":"EntryPoint","urlTemplate":"https:\/\/exoticchemicals.com\/?s={search_term_string}"},"query-input":{"@type":"PropertyValueSpecification","valueRequired":true,"valueName":"search_term_string"}}],"inLanguage":"es"},{"@type":["Person","Organization"],"@id":"https:\/\/exoticchemicals.com\/#\/schema\/person\/07ad08472b6f5b213792451a32dbe8c7","name":"wwalkershop@gmail.com","image":{"@type":"ImageObject","inLanguage":"es","@id":"https:\/\/exoticchemicals.com\/wp-content\/uploads\/2025\/02\/pure-3-1-1.png","url":"https:\/\/exoticchemicals.com\/wp-content\/uploads\/2025\/02\/pure-3-1-1.png","contentUrl":"https:\/\/exoticchemicals.com\/wp-content\/uploads\/2025\/02\/pure-3-1-1.png","width":500,"height":500,"caption":"wwalkershop@gmail.com"},"logo":{"@id":"https:\/\/exoticchemicals.com\/wp-content\/uploads\/2025\/02\/pure-3-1-1.png"},"sameAs":["http:\/\/exoticchemicals.com"]}]}},"uagb_featured_image_src":{"full":["https:\/\/exoticchemicals.com\/wp-content\/uploads\/2025\/02\/HillBilly-Cubensis-scaled-465x465-1-jpg.webp",465,465,false],"thumbnail":["https:\/\/exoticchemicals.com\/wp-content\/uploads\/2025\/02\/HillBilly-Cubensis-scaled-465x465-1-jpg-150x150.webp",150,150,true],"medium":["https:\/\/exoticchemicals.com\/wp-content\/uploads\/2025\/02\/HillBilly-Cubensis-scaled-465x465-1-jpg-300x300.webp",300,300,true],"medium_large":["https:\/\/exoticchemicals.com\/wp-content\/uploads\/2025\/02\/HillBilly-Cubensis-scaled-465x465-1-jpg.webp",465,465,false],"large":["https:\/\/exoticchemicals.com\/wp-content\/uploads\/2025\/02\/HillBilly-Cubensis-scaled-465x465-1-jpg.webp",465,465,false],"1536x1536":["https:\/\/exoticchemicals.com\/wp-content\/uploads\/2025\/02\/HillBilly-Cubensis-scaled-465x465-1-jpg.webp",465,465,false],"2048x2048":["https:\/\/exoticchemicals.com\/wp-content\/uploads\/2025\/02\/HillBilly-Cubensis-scaled-465x465-1-jpg.webp",465,465,false],"trp-custom-language-flag":["https:\/\/exoticchemicals.com\/wp-content\/uploads\/2025\/02\/HillBilly-Cubensis-scaled-465x465-1-jpg.webp",12,12,false],"woocommerce_thumbnail":["https:\/\/exoticchemicals.com\/wp-content\/uploads\/2025\/02\/HillBilly-Cubensis-scaled-465x465-1-jpg-300x300.webp",300,300,true],"woocommerce_single":["https:\/\/exoticchemicals.com\/wp-content\/uploads\/2025\/02\/HillBilly-Cubensis-scaled-465x465-1-jpg.webp",465,465,false],"woocommerce_gallery_thumbnail":["https:\/\/exoticchemicals.com\/wp-content\/uploads\/2025\/02\/HillBilly-Cubensis-scaled-465x465-1-jpg-100x100.webp",100,100,true]},"uagb_author_info":{"display_name":"bossman","author_link":"https:\/\/exoticchemicals.com\/es\/author\/"},"uagb_comment_info":9,"uagb_excerpt":"Buy Hillbilly Cubensis &nbsp; Hillbilly Cubensis mushrooms are a potent modern strain that produces prominent body sensations and astounding visuals. Originating from Arkansas, USA this is a popular magic mushroom for people down south. Just like Moon Shine, this strain of Psilocybe cubensis packs a punch! Let this American Shroom take you on an outback&hellip;","_links":{"self":[{"href":"https:\/\/exoticchemicals.com\/es\/wp-json\/wp\/v2\/product\/3825","targetHints":{"allow":["GET"]}}],"collection":[{"href":"https:\/\/exoticchemicals.com\/es\/wp-json\/wp\/v2\/product"}],"about":[{"href":"https:\/\/exoticchemicals.com\/es\/wp-json\/wp\/v2\/types\/product"}],"replies":[{"embeddable":true,"href":"https:\/\/exoticchemicals.com\/es\/wp-json\/wp\/v2\/comments?post=3825"}],"wp:featuredmedia":[{"embeddable":true,"href":"https:\/\/exoticchemicals.com\/es\/wp-json\/wp\/v2\/media\/3855"}],"wp:attachment":[{"href":"https:\/\/exoticchemicals.com\/es\/wp-json\/wp\/v2\/media?parent=3825"}],"wp:term":[{"taxonomy":"product_brand","embeddable":true,"href":"https:\/\/exoticchemicals.com\/es\/wp-json\/wp\/v2\/product_brand?post=3825"},{"taxonomy":"product_cat","embeddable":true,"href":"https:\/\/exoticchemicals.com\/es\/wp-json\/wp\/v2\/product_cat?post=3825"},{"taxonomy":"product_tag","embeddable":true,"href":"https:\/\/exoticchemicals.com\/es\/wp-json\/wp\/v2\/product_tag?post=3825"}],"curies":[{"name":"wp","href":"https:\/\/api.w.org\/{rel}","templated":true}]}}