{"id":5418,"date":"2026-01-29T21:34:05","date_gmt":"2026-01-29T21:34:05","guid":{"rendered":"https:\/\/exoticchemicals.com\/?post_type=product&#038;p=5418"},"modified":"2026-04-16T02:41:44","modified_gmt":"2026-04-16T02:41:44","slug":"mab-chminaca-2","status":"publish","type":"product","link":"https:\/\/exoticchemicals.com\/es\/product\/mab-chminaca-2\/","title":{"rendered":"MAB-CHMINACA"},"content":{"rendered":"<h3 style=\"text-align: center\"><strong>MAB-CHMINACA<\/strong><\/h3>\n<p>MAB-CHMINACA is a drug with pronounced physiological and psychoactive effects and has the molecular formula C<sub><small>21<\/small><\/sub>H<sub><small>30<\/small><\/sub>N<sub><small>4<\/small><\/sub>O<sub><small>2<\/small><\/sub>. The formula weight has the value 370.5 g\/mol. The toxicological and physiological properties of it are not known.\u2028 Synthetic cannabinoids like it\u00a0might display high affinity for peripheral CB1 and CB2 cannabinoid receptors<a href=\"https:\/\/kushypunchonline.com\/shop\/\">.<\/a><\/p>\n<h2>How To Buy ADB-CHMINACA Online?<\/h2>\n<p>Le ofrecemos la posibilidad de conseguirlo en l\u00ednea sin molestias ni incomodidades. Trabajamos sin descanso para asegurarnos de que ahorra dinero cada vez que realiza un pedido en l\u00ednea de nuestros productos qu\u00edmicos de investigaci\u00f3n. <a href=\"https:\/\/researchchemicalshop.com\/shop\/\">tienda<\/a>. Nuestro objetivo es que nuestros clientes paguen menos y obtengan m\u00e1s.<\/p>\n<h2>Informaci\u00f3n sobre el producto<\/h2>\n<table class=\"shop_attributes\" width=\"976\">\n<tbody>\n<tr>\n<th>Sin\u00f3nimos<\/th>\n<td>ADB-CHMINACA<\/td>\n<\/tr>\n<tr>\n<th>IUPAC<\/th>\n<td>N-\u200b(1-\u200bamino-\u200b3,\u200b3-\u200bdimethyl-\u200b1-\u200boxobutan-\u200b2-\u200byl)-\u200b1-\u200b(cyclohexylmethyl)-\u200b1H-\u200bindazole-\u200b3-\u200bcarboxamide<\/td>\n<\/tr>\n<tr>\n<th>F\u00f3rmula<\/th>\n<td>C21H30N4O2<\/td>\n<\/tr>\n<tr>\n<th>Peso molecular<\/th>\n<td>370.5<\/td>\n<\/tr>\n<tr>\n<th>Apariencia<\/th>\n<td>white &#038; crystalline<\/td>\n<\/tr>\n<tr>\n<th>Pureza<\/th>\n<td>\u2265 99%<\/td>\n<\/tr>\n<\/tbody>\n<\/table>","protected":false},"excerpt":{"rendered":"<p>MAB-CHMINACA MAB-CHMINACA is a drug with pronounced physiological and psychoactive effects and has the molecular formula C21H30N4O2. The formula weight has the value 370.5 g\/mol. The toxicological and physiological properties of it are not known.\u2028 Synthetic cannabinoids like it\u00a0might display high affinity for peripheral CB1 and CB2 cannabinoid receptors. How To Buy ADB-CHMINACA Online? We [&hellip;]<\/p>\n","protected":false},"featured_media":5430,"comment_status":"closed","ping_status":"closed","template":"","meta":{"_uag_custom_page_level_css":"","site-sidebar-layout":"default","site-content-layout":"","ast-site-content-layout":"default","site-content-style":"default","site-sidebar-style":"default","ast-global-header-display":"","ast-banner-title-visibility":"","ast-main-header-display":"","ast-hfb-above-header-display":"","ast-hfb-below-header-display":"","ast-hfb-mobile-header-display":"","site-post-title":"","ast-breadcrumbs-content":"","ast-featured-img":"","footer-sml-layout":"","ast-disable-related-posts":"","theme-transparent-header-meta":"","adv-header-id-meta":"","stick-header-meta":"","header-above-stick-meta":"","header-main-stick-meta":"","header-below-stick-meta":"","astra-migrate-meta-layouts":"default","ast-page-background-enabled":"default","ast-page-background-meta":{"desktop":{"background-color":"","background-image":"","background-repeat":"repeat","background-position":"center center","background-size":"auto","background-attachment":"scroll","background-type":"","background-media":"","overlay-type":"","overlay-color":"","overlay-opacity":"","overlay-gradient":""},"tablet":{"background-color":"","background-image":"","background-repeat":"repeat","background-position":"center center","background-size":"auto","background-attachment":"scroll","background-type":"","background-media":"","overlay-type":"","overlay-color":"","overlay-opacity":"","overlay-gradient":""},"mobile":{"background-color":"","background-image":"","background-repeat":"repeat","background-position":"center center","background-size":"auto","background-attachment":"scroll","background-type":"","background-media":"","overlay-type":"","overlay-color":"","overlay-opacity":"","overlay-gradient":""}},"ast-content-background-meta":{"desktop":{"background-color":"var(--ast-global-color-5)","background-image":"","background-repeat":"repeat","background-position":"center center","background-size":"auto","background-attachment":"scroll","background-type":"","background-media":"","overlay-type":"","overlay-color":"","overlay-opacity":"","overlay-gradient":""},"tablet":{"background-color":"var(--ast-global-color-5)","background-image":"","background-repeat":"repeat","background-position":"center center","background-size":"auto","background-attachment":"scroll","background-type":"","background-media":"","overlay-type":"","overlay-color":"","overlay-opacity":"","overlay-gradient":""},"mobile":{"background-color":"var(--ast-global-color-5)","background-image":"","background-repeat":"repeat","background-position":"center center","background-size":"auto","background-attachment":"scroll","background-type":"","background-media":"","overlay-type":"","overlay-color":"","overlay-opacity":"","overlay-gradient":""}}},"product_brand":[],"product_cat":[22],"product_tag":[12926,13425,13426,12928,5649,1852,12929,12930,12931,12932,5717,13427,13428,13429,13430,5729,5731,5735,5736,12946,12947,12948,12949,12950,12951,12952,12953,12954,12955,12956,12957,1502,5685,5741,5743,5744,12958,12959,12960,12961,12963,12964,12965,5749,5753,5763],"class_list":{"0":"post-5418","1":"product","2":"type-product","3":"status-publish","4":"has-post-thumbnail","6":"product_cat-buy-high-quality-mdpv-hydrochloride","7":"product_tag-2c-research-chemical","8":"product_tag-best-mab-chminaca","9":"product_tag-buy-mab-chminaca","10":"product_tag-buy-research-chemical","11":"product_tag-buy-research-chemicals","12":"product_tag-buy-research-chemicals-online","13":"product_tag-cabergoline-research-chemical","14":"product_tag-canadian-research-chemicals","15":"product_tag-domestic-research-chemicals","16":"product_tag-enclomiphene-research-chemical","17":"product_tag-legal-research-chemicals","18":"product_tag-mab-chminaca","19":"product_tag-mab-chminaca-buy","20":"product_tag-mab-chminaca-china","21":"product_tag-mab-chminaca-for-sale","22":"product_tag-opioid-research-chemicals","23":"product_tag-order-research-chemicals","24":"product_tag-quality-research-chemicals","25":"product_tag-reddit-research-chemicals","26":"product_tag-research-chemical","27":"product_tag-research-chemical-drugs","28":"product_tag-research-chemical-forum","29":"product_tag-research-chemical-opiates","30":"product_tag-research-chemical-reddit","31":"product_tag-research-chemical-shop","32":"product_tag-research-chemical-sources","33":"product_tag-research-chemical-store","34":"product_tag-research-chemical-supply","35":"product_tag-research-chemical-vendor-usa","36":"product_tag-research-chemical-vendors","37":"product_tag-research-chemical-vendors-reddit","38":"product_tag-research-chemicals","39":"product_tag-research-chemicals-for-sale","40":"product_tag-research-chemicals-kopen","41":"product_tag-research-chemicals-online","42":"product_tag-research-chemicals-reddit","43":"product_tag-research-chemicals-sale","44":"product_tag-research-chemicals-store","45":"product_tag-semaglutide-research-chemical","46":"product_tag-sunnyside-research-chemicals","47":"product_tag-tadalafil-research-chemical","48":"product_tag-tirzepatide-research-chemical","49":"product_tag-tirzepatide-research-chemical-for-sale","50":"product_tag-toronto-research-chemicals","51":"product_tag-what-are-research-chemicals","52":"product_tag-where-to-buy-research-chemicals","53":"desktop-align-left","54":"tablet-align-left","55":"mobile-align-left","57":"first","58":"instock","59":"shipping-taxable","60":"purchasable","61":"product-type-variable"},"yoast_head":"<!-- This site is optimized with the Yoast SEO plugin v27.4 - https:\/\/yoast.com\/product\/yoast-seo-wordpress\/ -->\n<title>MAB-CHMINACA -<\/title>\n<meta name=\"robots\" content=\"index, follow, max-snippet:-1, max-image-preview:large, max-video-preview:-1\" \/>\n<link rel=\"canonical\" href=\"https:\/\/exoticchemicals.com\/es\/producto\/mab-chminaca-2\/\" \/>\n<meta property=\"og:locale\" content=\"es_ES\" \/>\n<meta property=\"og:type\" content=\"article\" \/>\n<meta property=\"og:title\" content=\"MAB-CHMINACA -\" \/>\n<meta property=\"og:description\" content=\"MAB-CHMINACA MAB-CHMINACA is a drug with pronounced physiological and psychoactive effects and has the molecular formula C21H30N4O2. The formula weight has the value 370.5 g\/mol. The toxicological and physiological properties of it are not known.\u2028 Synthetic cannabinoids like it\u00a0might display high affinity for peripheral CB1 and CB2 cannabinoid receptors. How To Buy ADB-CHMINACA Online? We [&hellip;]\" \/>\n<meta property=\"og:url\" content=\"https:\/\/exoticchemicals.com\/es\/producto\/mab-chminaca-2\/\" \/>\n<meta property=\"article:modified_time\" content=\"2026-04-16T02:41:44+00:00\" \/>\n<meta name=\"twitter:card\" content=\"summary_large_image\" \/>\n<meta name=\"twitter:label1\" content=\"Tiempo de lectura\" \/>\n\t<meta name=\"twitter:data1\" content=\"1 minuto\" \/>\n<script type=\"application\/ld+json\" class=\"yoast-schema-graph\">{\"@context\":\"https:\\\/\\\/schema.org\",\"@graph\":[{\"@type\":\"WebPage\",\"@id\":\"https:\\\/\\\/exoticchemicals.com\\\/product\\\/mab-chminaca-2\\\/\",\"url\":\"https:\\\/\\\/exoticchemicals.com\\\/product\\\/mab-chminaca-2\\\/\",\"name\":\"MAB-CHMINACA -\",\"isPartOf\":{\"@id\":\"https:\\\/\\\/exoticchemicals.com\\\/#website\"},\"primaryImageOfPage\":{\"@id\":\"https:\\\/\\\/exoticchemicals.com\\\/product\\\/mab-chminaca-2\\\/#primaryimage\"},\"image\":{\"@id\":\"https:\\\/\\\/exoticchemicals.com\\\/product\\\/mab-chminaca-2\\\/#primaryimage\"},\"thumbnailUrl\":\"https:\\\/\\\/exoticchemicals.com\\\/wp-content\\\/uploads\\\/2026\\\/01\\\/MAB-CHMINACA.jpg\",\"datePublished\":\"2026-01-29T21:34:05+00:00\",\"dateModified\":\"2026-04-16T02:41:44+00:00\",\"breadcrumb\":{\"@id\":\"https:\\\/\\\/exoticchemicals.com\\\/product\\\/mab-chminaca-2\\\/#breadcrumb\"},\"inLanguage\":\"es\",\"potentialAction\":[{\"@type\":\"ReadAction\",\"target\":[\"https:\\\/\\\/exoticchemicals.com\\\/product\\\/mab-chminaca-2\\\/\"]}]},{\"@type\":\"ImageObject\",\"inLanguage\":\"es\",\"@id\":\"https:\\\/\\\/exoticchemicals.com\\\/product\\\/mab-chminaca-2\\\/#primaryimage\",\"url\":\"https:\\\/\\\/exoticchemicals.com\\\/wp-content\\\/uploads\\\/2026\\\/01\\\/MAB-CHMINACA.jpg\",\"contentUrl\":\"https:\\\/\\\/exoticchemicals.com\\\/wp-content\\\/uploads\\\/2026\\\/01\\\/MAB-CHMINACA.jpg\",\"width\":600,\"height\":600},{\"@type\":\"BreadcrumbList\",\"@id\":\"https:\\\/\\\/exoticchemicals.com\\\/product\\\/mab-chminaca-2\\\/#breadcrumb\",\"itemListElement\":[{\"@type\":\"ListItem\",\"position\":1,\"name\":\"Home\",\"item\":\"https:\\\/\\\/exoticchemicals.com\\\/\"},{\"@type\":\"ListItem\",\"position\":2,\"name\":\"Shop\",\"item\":\"https:\\\/\\\/exoticchemicals.com\\\/shop\\\/\"},{\"@type\":\"ListItem\",\"position\":3,\"name\":\"MAB-CHMINACA\"}]},{\"@type\":\"WebSite\",\"@id\":\"https:\\\/\\\/exoticchemicals.com\\\/#website\",\"url\":\"https:\\\/\\\/exoticchemicals.com\\\/\",\"name\":\"exotic chemicals\",\"description\":\"Buy MDPHP Hydrochloride\",\"publisher\":{\"@id\":\"https:\\\/\\\/exoticchemicals.com\\\/#\\\/schema\\\/person\\\/07ad08472b6f5b213792451a32dbe8c7\"},\"potentialAction\":[{\"@type\":\"SearchAction\",\"target\":{\"@type\":\"EntryPoint\",\"urlTemplate\":\"https:\\\/\\\/exoticchemicals.com\\\/?s={search_term_string}\"},\"query-input\":{\"@type\":\"PropertyValueSpecification\",\"valueRequired\":true,\"valueName\":\"search_term_string\"}}],\"inLanguage\":\"es\"},{\"@type\":[\"Person\",\"Organization\"],\"@id\":\"https:\\\/\\\/exoticchemicals.com\\\/#\\\/schema\\\/person\\\/07ad08472b6f5b213792451a32dbe8c7\",\"name\":\"wwalkershop@gmail.com\",\"image\":{\"@type\":\"ImageObject\",\"inLanguage\":\"es\",\"@id\":\"https:\\\/\\\/exoticchemicals.com\\\/wp-content\\\/uploads\\\/2025\\\/02\\\/pure-3-1-1.png\",\"url\":\"https:\\\/\\\/exoticchemicals.com\\\/wp-content\\\/uploads\\\/2025\\\/02\\\/pure-3-1-1.png\",\"contentUrl\":\"https:\\\/\\\/exoticchemicals.com\\\/wp-content\\\/uploads\\\/2025\\\/02\\\/pure-3-1-1.png\",\"width\":500,\"height\":500,\"caption\":\"wwalkershop@gmail.com\"},\"logo\":{\"@id\":\"https:\\\/\\\/exoticchemicals.com\\\/wp-content\\\/uploads\\\/2025\\\/02\\\/pure-3-1-1.png\"},\"sameAs\":[\"http:\\\/\\\/exoticchemicals.com\"]}]}<\/script>\n<!-- \/ Yoast SEO plugin. -->","yoast_head_json":{"title":"MAB-CHMINACA -","robots":{"index":"index","follow":"follow","max-snippet":"max-snippet:-1","max-image-preview":"max-image-preview:large","max-video-preview":"max-video-preview:-1"},"canonical":"https:\/\/exoticchemicals.com\/es\/producto\/mab-chminaca-2\/","og_locale":"es_ES","og_type":"article","og_title":"MAB-CHMINACA -","og_description":"MAB-CHMINACA MAB-CHMINACA is a drug with pronounced physiological and psychoactive effects and has the molecular formula C21H30N4O2. The formula weight has the value 370.5 g\/mol. The toxicological and physiological properties of it are not known.\u2028 Synthetic cannabinoids like it\u00a0might display high affinity for peripheral CB1 and CB2 cannabinoid receptors. How To Buy ADB-CHMINACA Online? We [&hellip;]","og_url":"https:\/\/exoticchemicals.com\/es\/producto\/mab-chminaca-2\/","article_modified_time":"2026-04-16T02:41:44+00:00","twitter_card":"summary_large_image","twitter_misc":{"Tiempo de lectura":"1 minuto"},"schema":{"@context":"https:\/\/schema.org","@graph":[{"@type":"WebPage","@id":"https:\/\/exoticchemicals.com\/product\/mab-chminaca-2\/","url":"https:\/\/exoticchemicals.com\/product\/mab-chminaca-2\/","name":"MAB-CHMINACA -","isPartOf":{"@id":"https:\/\/exoticchemicals.com\/#website"},"primaryImageOfPage":{"@id":"https:\/\/exoticchemicals.com\/product\/mab-chminaca-2\/#primaryimage"},"image":{"@id":"https:\/\/exoticchemicals.com\/product\/mab-chminaca-2\/#primaryimage"},"thumbnailUrl":"https:\/\/exoticchemicals.com\/wp-content\/uploads\/2026\/01\/MAB-CHMINACA.jpg","datePublished":"2026-01-29T21:34:05+00:00","dateModified":"2026-04-16T02:41:44+00:00","breadcrumb":{"@id":"https:\/\/exoticchemicals.com\/product\/mab-chminaca-2\/#breadcrumb"},"inLanguage":"es","potentialAction":[{"@type":"ReadAction","target":["https:\/\/exoticchemicals.com\/product\/mab-chminaca-2\/"]}]},{"@type":"ImageObject","inLanguage":"es","@id":"https:\/\/exoticchemicals.com\/product\/mab-chminaca-2\/#primaryimage","url":"https:\/\/exoticchemicals.com\/wp-content\/uploads\/2026\/01\/MAB-CHMINACA.jpg","contentUrl":"https:\/\/exoticchemicals.com\/wp-content\/uploads\/2026\/01\/MAB-CHMINACA.jpg","width":600,"height":600},{"@type":"BreadcrumbList","@id":"https:\/\/exoticchemicals.com\/product\/mab-chminaca-2\/#breadcrumb","itemListElement":[{"@type":"ListItem","position":1,"name":"Home","item":"https:\/\/exoticchemicals.com\/"},{"@type":"ListItem","position":2,"name":"Shop","item":"https:\/\/exoticchemicals.com\/shop\/"},{"@type":"ListItem","position":3,"name":"MAB-CHMINACA"}]},{"@type":"WebSite","@id":"https:\/\/exoticchemicals.com\/#website","url":"https:\/\/exoticchemicals.com\/","name":"productos qu\u00edmicos ex\u00f3ticos","description":"Comprar clorhidrato de MDPHP","publisher":{"@id":"https:\/\/exoticchemicals.com\/#\/schema\/person\/07ad08472b6f5b213792451a32dbe8c7"},"potentialAction":[{"@type":"SearchAction","target":{"@type":"EntryPoint","urlTemplate":"https:\/\/exoticchemicals.com\/?s={search_term_string}"},"query-input":{"@type":"PropertyValueSpecification","valueRequired":true,"valueName":"search_term_string"}}],"inLanguage":"es"},{"@type":["Person","Organization"],"@id":"https:\/\/exoticchemicals.com\/#\/schema\/person\/07ad08472b6f5b213792451a32dbe8c7","name":"wwalkershop@gmail.com","image":{"@type":"ImageObject","inLanguage":"es","@id":"https:\/\/exoticchemicals.com\/wp-content\/uploads\/2025\/02\/pure-3-1-1.png","url":"https:\/\/exoticchemicals.com\/wp-content\/uploads\/2025\/02\/pure-3-1-1.png","contentUrl":"https:\/\/exoticchemicals.com\/wp-content\/uploads\/2025\/02\/pure-3-1-1.png","width":500,"height":500,"caption":"wwalkershop@gmail.com"},"logo":{"@id":"https:\/\/exoticchemicals.com\/wp-content\/uploads\/2025\/02\/pure-3-1-1.png"},"sameAs":["http:\/\/exoticchemicals.com"]}]}},"uagb_featured_image_src":{"full":["https:\/\/exoticchemicals.com\/wp-content\/uploads\/2026\/01\/MAB-CHMINACA.jpg",600,600,false],"thumbnail":["https:\/\/exoticchemicals.com\/wp-content\/uploads\/2026\/01\/MAB-CHMINACA-150x150.jpg",150,150,true],"medium":["https:\/\/exoticchemicals.com\/wp-content\/uploads\/2026\/01\/MAB-CHMINACA-300x300.jpg",300,300,true],"medium_large":["https:\/\/exoticchemicals.com\/wp-content\/uploads\/2026\/01\/MAB-CHMINACA.jpg",600,600,false],"large":["https:\/\/exoticchemicals.com\/wp-content\/uploads\/2026\/01\/MAB-CHMINACA.jpg",600,600,false],"1536x1536":["https:\/\/exoticchemicals.com\/wp-content\/uploads\/2026\/01\/MAB-CHMINACA.jpg",600,600,false],"2048x2048":["https:\/\/exoticchemicals.com\/wp-content\/uploads\/2026\/01\/MAB-CHMINACA.jpg",600,600,false],"trp-custom-language-flag":["https:\/\/exoticchemicals.com\/wp-content\/uploads\/2026\/01\/MAB-CHMINACA-12x12.jpg",12,12,true],"woocommerce_thumbnail":["https:\/\/exoticchemicals.com\/wp-content\/uploads\/2026\/01\/MAB-CHMINACA-300x300.jpg",300,300,true],"woocommerce_single":["https:\/\/exoticchemicals.com\/wp-content\/uploads\/2026\/01\/MAB-CHMINACA.jpg",600,600,false],"woocommerce_gallery_thumbnail":["https:\/\/exoticchemicals.com\/wp-content\/uploads\/2026\/01\/MAB-CHMINACA-100x100.jpg",100,100,true]},"uagb_author_info":{"display_name":"wwalkershop@gmail.com","author_link":"https:\/\/exoticchemicals.com\/es\/author\/"},"uagb_comment_info":3,"uagb_excerpt":"MAB-CHMINACA MAB-CHMINACA is a drug with pronounced physiological and psychoactive effects and has the molecular formula C21H30N4O2. The formula weight has the value 370.5 g\/mol. The toxicological and physiological properties of it are not known.\u2028 Synthetic cannabinoids like it\u00a0might display high affinity for peripheral CB1 and CB2 cannabinoid receptors. How To Buy ADB-CHMINACA Online? We&hellip;","_links":{"self":[{"href":"https:\/\/exoticchemicals.com\/es\/wp-json\/wp\/v2\/product\/5418","targetHints":{"allow":["GET"]}}],"collection":[{"href":"https:\/\/exoticchemicals.com\/es\/wp-json\/wp\/v2\/product"}],"about":[{"href":"https:\/\/exoticchemicals.com\/es\/wp-json\/wp\/v2\/types\/product"}],"replies":[{"embeddable":true,"href":"https:\/\/exoticchemicals.com\/es\/wp-json\/wp\/v2\/comments?post=5418"}],"wp:featuredmedia":[{"embeddable":true,"href":"https:\/\/exoticchemicals.com\/es\/wp-json\/wp\/v2\/media\/5430"}],"wp:attachment":[{"href":"https:\/\/exoticchemicals.com\/es\/wp-json\/wp\/v2\/media?parent=5418"}],"wp:term":[{"taxonomy":"product_brand","embeddable":true,"href":"https:\/\/exoticchemicals.com\/es\/wp-json\/wp\/v2\/product_brand?post=5418"},{"taxonomy":"product_cat","embeddable":true,"href":"https:\/\/exoticchemicals.com\/es\/wp-json\/wp\/v2\/product_cat?post=5418"},{"taxonomy":"product_tag","embeddable":true,"href":"https:\/\/exoticchemicals.com\/es\/wp-json\/wp\/v2\/product_tag?post=5418"}],"curies":[{"name":"wp","href":"https:\/\/api.w.org\/{rel}","templated":true}]}}