{"id":5586,"date":"2026-01-29T21:34:53","date_gmt":"2026-01-29T21:34:53","guid":{"rendered":"https:\/\/exoticchemicals.com\/?post_type=product&#038;p=5586"},"modified":"2026-04-16T13:51:33","modified_gmt":"2026-04-16T13:51:33","slug":"4-emc-2","status":"publish","type":"product","link":"https:\/\/exoticchemicals.com\/es\/product\/4-emc-2\/","title":{"rendered":"4-EMC"},"content":{"rendered":"<h3 style=\"text-align: center\"><strong>4-EMC<\/strong><\/h3>\n<p>4-EMC belongs to phenethylamine and amphetamine chemical classes and has the molecular formula C<small>12<\/small>H<small>17<\/small>NO\u00a0\u2022 HCl. The formula weight has the value\u00a0227.7g\/mol. The toxicological and physiological properties<strong>\u00a0<\/strong>are not known<a href=\"https:\/\/spaceclubdisposableonline.com\/shop\/\">.<\/a><\/p>\n<h2>How To Buy 4-EMC Online?<\/h2>\n<p>Le ofrecemos la posibilidad de conseguirlo en l\u00ednea sin molestias ni incomodidades. Trabajamos sin descanso para asegurarnos de que ahorra dinero cada vez que realiza un pedido en l\u00ednea de nuestros productos qu\u00edmicos de investigaci\u00f3n. <a href=\"https:\/\/researchchemicalshop.com\/shop\/\">tienda<\/a>. Nuestro objetivo es que nuestros clientes paguen menos y obtengan m\u00e1s.<\/p>\n<h3>Additional Information<\/h3>\n<table class=\"shop_attributes\">\n<tbody>\n<tr>\n<th>Sin\u00f3nimos<\/th>\n<td>4-Ethylmethcathinone<\/td>\n<\/tr>\n<tr>\n<th>IUPAC<\/th>\n<td>1-\u200b(4-\u200bethylphenyl)-\u200b2-\u200b(methylamino)propan-\u200b1-\u200bone<\/td>\n<\/tr>\n<tr>\n<th>F\u00f3rmula<\/th>\n<td>C12H17NO.HCI<\/td>\n<\/tr>\n<tr>\n<th>Peso molecular<\/th>\n<td>227.7 g\/mol<\/td>\n<\/tr>\n<tr>\n<th>CAS<\/th>\n<td>1189805-46-6<\/td>\n<\/tr>\n<tr>\n<th>Apariencia<\/th>\n<td>white powder , small chrystals<\/td>\n<\/tr>\n<tr>\n<th>Pureza<\/th>\n<td>\u2265 99%<\/td>\n<\/tr>\n<\/tbody>\n<\/table>","protected":false},"excerpt":{"rendered":"<p>4-EMC 4-EMC belongs to phenethylamine and amphetamine chemical classes and has the molecular formula C12H17NO\u00a0\u2022 HCl. The formula weight has the value\u00a0227.7g\/mol. The toxicological and physiological properties\u00a0are not known. How To Buy 4-EMC Online? We offers you the possibility to get it online without hassles or awkwardness. We work endlessly to make sure you save [&hellip;]<\/p>\n","protected":false},"featured_media":5601,"comment_status":"closed","ping_status":"closed","template":"","meta":{"_uag_custom_page_level_css":"","site-sidebar-layout":"default","site-content-layout":"","ast-site-content-layout":"","site-content-style":"default","site-sidebar-style":"default","ast-global-header-display":"","ast-banner-title-visibility":"","ast-main-header-display":"","ast-hfb-above-header-display":"","ast-hfb-below-header-display":"","ast-hfb-mobile-header-display":"","site-post-title":"","ast-breadcrumbs-content":"","ast-featured-img":"","footer-sml-layout":"","theme-transparent-header-meta":"","adv-header-id-meta":"","stick-header-meta":"","header-above-stick-meta":"","header-main-stick-meta":"","header-below-stick-meta":"","astra-migrate-meta-layouts":"default","ast-page-background-enabled":"default","ast-page-background-meta":{"desktop":{"background-color":"","background-image":"","background-repeat":"repeat","background-position":"center center","background-size":"auto","background-attachment":"scroll","background-type":"","background-media":"","overlay-type":"","overlay-color":"","overlay-opacity":"","overlay-gradient":""},"tablet":{"background-color":"","background-image":"","background-repeat":"repeat","background-position":"center center","background-size":"auto","background-attachment":"scroll","background-type":"","background-media":"","overlay-type":"","overlay-color":"","overlay-opacity":"","overlay-gradient":""},"mobile":{"background-color":"","background-image":"","background-repeat":"repeat","background-position":"center center","background-size":"auto","background-attachment":"scroll","background-type":"","background-media":"","overlay-type":"","overlay-color":"","overlay-opacity":"","overlay-gradient":""}},"ast-content-background-meta":{"desktop":{"background-color":"var(--ast-global-color-5)","background-image":"","background-repeat":"repeat","background-position":"center center","background-size":"auto","background-attachment":"scroll","background-type":"","background-media":"","overlay-type":"","overlay-color":"","overlay-opacity":"","overlay-gradient":""},"tablet":{"background-color":"var(--ast-global-color-5)","background-image":"","background-repeat":"repeat","background-position":"center center","background-size":"auto","background-attachment":"scroll","background-type":"","background-media":"","overlay-type":"","overlay-color":"","overlay-opacity":"","overlay-gradient":""},"mobile":{"background-color":"var(--ast-global-color-5)","background-image":"","background-repeat":"repeat","background-position":"center center","background-size":"auto","background-attachment":"scroll","background-type":"","background-media":"","overlay-type":"","overlay-color":"","overlay-opacity":"","overlay-gradient":""}}},"product_brand":[],"product_cat":[22],"product_tag":[12926,471,474,13693,13694,13695,476,13696,483,484,13697,13698,12928,5649,1852,13699,13700,13701,13702,13703,12929,12930,12931,12932,5717,5729,5731,5735,5736,12946,12947,12948,12949,12950,12951,12952,12953,12954,12955,12956,12957,1502,5685,5741,5743,5744,12958,12959,12960,12961,12963,12964,12965,5749,5753,13704,5763],"class_list":{"0":"post-5586","1":"product","2":"type-product","3":"status-publish","4":"has-post-thumbnail","6":"product_cat-buy-high-quality-mdpv-hydrochloride","7":"product_tag-2c-research-chemical","8":"product_tag-4-emc","9":"product_tag-4-emc-dosage","10":"product_tag-4-emc-drug-test-2","11":"product_tag-4-emc-erowid","12":"product_tag-4-emc-ervaringen","13":"product_tag-4-emc-experience","14":"product_tag-4-emc-powder","15":"product_tag-4-emc-psychonaut","16":"product_tag-4-emc-reddit","17":"product_tag-4-emc-trip-report","18":"product_tag-4-emc-tripsit","19":"product_tag-buy-research-chemical","20":"product_tag-buy-research-chemicals","21":"product_tag-buy-research-chemicals-online","22":"product_tag-buy-4-emc-online-2","23":"product_tag-c-300-b-0-5-4-emc","24":"product_tag-c-300-b-1-4-emc","25":"product_tag-c-300-b-2-4-emc","26":"product_tag-c-300-b-3-4-emc","27":"product_tag-cabergoline-research-chemical","28":"product_tag-canadian-research-chemicals","29":"product_tag-domestic-research-chemicals","30":"product_tag-enclomiphene-research-chemical","31":"product_tag-legal-research-chemicals","32":"product_tag-opioid-research-chemicals","33":"product_tag-order-research-chemicals","34":"product_tag-quality-research-chemicals","35":"product_tag-reddit-research-chemicals","36":"product_tag-research-chemical","37":"product_tag-research-chemical-drugs","38":"product_tag-research-chemical-forum","39":"product_tag-research-chemical-opiates","40":"product_tag-research-chemical-reddit","41":"product_tag-research-chemical-shop","42":"product_tag-research-chemical-sources","43":"product_tag-research-chemical-store","44":"product_tag-research-chemical-supply","45":"product_tag-research-chemical-vendor-usa","46":"product_tag-research-chemical-vendors","47":"product_tag-research-chemical-vendors-reddit","48":"product_tag-research-chemicals","49":"product_tag-research-chemicals-for-sale","50":"product_tag-research-chemicals-kopen","51":"product_tag-research-chemicals-online","52":"product_tag-research-chemicals-reddit","53":"product_tag-research-chemicals-sale","54":"product_tag-research-chemicals-store","55":"product_tag-semaglutide-research-chemical","56":"product_tag-sunnyside-research-chemicals","57":"product_tag-tadalafil-research-chemical","58":"product_tag-tirzepatide-research-chemical","59":"product_tag-tirzepatide-research-chemical-for-sale","60":"product_tag-toronto-research-chemicals","61":"product_tag-what-are-research-chemicals","62":"product_tag-what-is-4-emc","63":"product_tag-where-to-buy-research-chemicals","64":"desktop-align-left","65":"tablet-align-left","66":"mobile-align-left","68":"first","69":"instock","70":"shipping-taxable","71":"purchasable","72":"product-type-variable"},"yoast_head":"<!-- This site is optimized with the Yoast SEO plugin v27.4 - https:\/\/yoast.com\/product\/yoast-seo-wordpress\/ -->\n<title>4-EMC -<\/title>\n<meta name=\"robots\" content=\"index, follow, max-snippet:-1, max-image-preview:large, max-video-preview:-1\" \/>\n<link rel=\"canonical\" href=\"https:\/\/exoticchemicals.com\/es\/producto\/4-emc-2\/\" \/>\n<meta property=\"og:locale\" content=\"es_ES\" \/>\n<meta property=\"og:type\" content=\"article\" \/>\n<meta property=\"og:title\" content=\"4-EMC -\" \/>\n<meta property=\"og:description\" content=\"4-EMC 4-EMC belongs to phenethylamine and amphetamine chemical classes and has the molecular formula C12H17NO\u00a0\u2022 HCl. The formula weight has the value\u00a0227.7g\/mol. The toxicological and physiological properties\u00a0are not known. How To Buy 4-EMC Online? We offers you the possibility to get it online without hassles or awkwardness. We work endlessly to make sure you save [&hellip;]\" \/>\n<meta property=\"og:url\" content=\"https:\/\/exoticchemicals.com\/es\/producto\/4-emc-2\/\" \/>\n<meta property=\"article:modified_time\" content=\"2026-04-16T13:51:33+00:00\" \/>\n<meta name=\"twitter:card\" content=\"summary_large_image\" \/>\n<meta name=\"twitter:label1\" content=\"Tiempo de lectura\" \/>\n\t<meta name=\"twitter:data1\" content=\"1 minuto\" \/>\n<script type=\"application\/ld+json\" class=\"yoast-schema-graph\">{\"@context\":\"https:\\\/\\\/schema.org\",\"@graph\":[{\"@type\":\"WebPage\",\"@id\":\"https:\\\/\\\/exoticchemicals.com\\\/product\\\/4-emc-2\\\/\",\"url\":\"https:\\\/\\\/exoticchemicals.com\\\/product\\\/4-emc-2\\\/\",\"name\":\"4-EMC -\",\"isPartOf\":{\"@id\":\"https:\\\/\\\/exoticchemicals.com\\\/#website\"},\"primaryImageOfPage\":{\"@id\":\"https:\\\/\\\/exoticchemicals.com\\\/product\\\/4-emc-2\\\/#primaryimage\"},\"image\":{\"@id\":\"https:\\\/\\\/exoticchemicals.com\\\/product\\\/4-emc-2\\\/#primaryimage\"},\"thumbnailUrl\":\"https:\\\/\\\/exoticchemicals.com\\\/wp-content\\\/uploads\\\/2026\\\/01\\\/4-EMC.jpg\",\"datePublished\":\"2026-01-29T21:34:53+00:00\",\"dateModified\":\"2026-04-16T13:51:33+00:00\",\"breadcrumb\":{\"@id\":\"https:\\\/\\\/exoticchemicals.com\\\/product\\\/4-emc-2\\\/#breadcrumb\"},\"inLanguage\":\"es\",\"potentialAction\":[{\"@type\":\"ReadAction\",\"target\":[\"https:\\\/\\\/exoticchemicals.com\\\/product\\\/4-emc-2\\\/\"]}]},{\"@type\":\"ImageObject\",\"inLanguage\":\"es\",\"@id\":\"https:\\\/\\\/exoticchemicals.com\\\/product\\\/4-emc-2\\\/#primaryimage\",\"url\":\"https:\\\/\\\/exoticchemicals.com\\\/wp-content\\\/uploads\\\/2026\\\/01\\\/4-EMC.jpg\",\"contentUrl\":\"https:\\\/\\\/exoticchemicals.com\\\/wp-content\\\/uploads\\\/2026\\\/01\\\/4-EMC.jpg\",\"width\":600,\"height\":600},{\"@type\":\"BreadcrumbList\",\"@id\":\"https:\\\/\\\/exoticchemicals.com\\\/product\\\/4-emc-2\\\/#breadcrumb\",\"itemListElement\":[{\"@type\":\"ListItem\",\"position\":1,\"name\":\"Home\",\"item\":\"https:\\\/\\\/exoticchemicals.com\\\/\"},{\"@type\":\"ListItem\",\"position\":2,\"name\":\"Shop\",\"item\":\"https:\\\/\\\/exoticchemicals.com\\\/shop\\\/\"},{\"@type\":\"ListItem\",\"position\":3,\"name\":\"4-EMC\"}]},{\"@type\":\"WebSite\",\"@id\":\"https:\\\/\\\/exoticchemicals.com\\\/#website\",\"url\":\"https:\\\/\\\/exoticchemicals.com\\\/\",\"name\":\"exotic chemicals\",\"description\":\"Buy MDPHP Hydrochloride\",\"publisher\":{\"@id\":\"https:\\\/\\\/exoticchemicals.com\\\/#\\\/schema\\\/person\\\/07ad08472b6f5b213792451a32dbe8c7\"},\"potentialAction\":[{\"@type\":\"SearchAction\",\"target\":{\"@type\":\"EntryPoint\",\"urlTemplate\":\"https:\\\/\\\/exoticchemicals.com\\\/?s={search_term_string}\"},\"query-input\":{\"@type\":\"PropertyValueSpecification\",\"valueRequired\":true,\"valueName\":\"search_term_string\"}}],\"inLanguage\":\"es\"},{\"@type\":[\"Person\",\"Organization\"],\"@id\":\"https:\\\/\\\/exoticchemicals.com\\\/#\\\/schema\\\/person\\\/07ad08472b6f5b213792451a32dbe8c7\",\"name\":\"wwalkershop@gmail.com\",\"image\":{\"@type\":\"ImageObject\",\"inLanguage\":\"es\",\"@id\":\"https:\\\/\\\/exoticchemicals.com\\\/wp-content\\\/uploads\\\/2025\\\/02\\\/pure-3-1-1.png\",\"url\":\"https:\\\/\\\/exoticchemicals.com\\\/wp-content\\\/uploads\\\/2025\\\/02\\\/pure-3-1-1.png\",\"contentUrl\":\"https:\\\/\\\/exoticchemicals.com\\\/wp-content\\\/uploads\\\/2025\\\/02\\\/pure-3-1-1.png\",\"width\":500,\"height\":500,\"caption\":\"wwalkershop@gmail.com\"},\"logo\":{\"@id\":\"https:\\\/\\\/exoticchemicals.com\\\/wp-content\\\/uploads\\\/2025\\\/02\\\/pure-3-1-1.png\"},\"sameAs\":[\"http:\\\/\\\/exoticchemicals.com\"]}]}<\/script>\n<!-- \/ Yoast SEO plugin. -->","yoast_head_json":{"title":"4-EMC -","robots":{"index":"index","follow":"follow","max-snippet":"max-snippet:-1","max-image-preview":"max-image-preview:large","max-video-preview":"max-video-preview:-1"},"canonical":"https:\/\/exoticchemicals.com\/es\/producto\/4-emc-2\/","og_locale":"es_ES","og_type":"article","og_title":"4-EMC -","og_description":"4-EMC 4-EMC belongs to phenethylamine and amphetamine chemical classes and has the molecular formula C12H17NO\u00a0\u2022 HCl. The formula weight has the value\u00a0227.7g\/mol. The toxicological and physiological properties\u00a0are not known. How To Buy 4-EMC Online? We offers you the possibility to get it online without hassles or awkwardness. We work endlessly to make sure you save [&hellip;]","og_url":"https:\/\/exoticchemicals.com\/es\/producto\/4-emc-2\/","article_modified_time":"2026-04-16T13:51:33+00:00","twitter_card":"summary_large_image","twitter_misc":{"Tiempo de lectura":"1 minuto"},"schema":{"@context":"https:\/\/schema.org","@graph":[{"@type":"WebPage","@id":"https:\/\/exoticchemicals.com\/product\/4-emc-2\/","url":"https:\/\/exoticchemicals.com\/product\/4-emc-2\/","name":"4-EMC -","isPartOf":{"@id":"https:\/\/exoticchemicals.com\/#website"},"primaryImageOfPage":{"@id":"https:\/\/exoticchemicals.com\/product\/4-emc-2\/#primaryimage"},"image":{"@id":"https:\/\/exoticchemicals.com\/product\/4-emc-2\/#primaryimage"},"thumbnailUrl":"https:\/\/exoticchemicals.com\/wp-content\/uploads\/2026\/01\/4-EMC.jpg","datePublished":"2026-01-29T21:34:53+00:00","dateModified":"2026-04-16T13:51:33+00:00","breadcrumb":{"@id":"https:\/\/exoticchemicals.com\/product\/4-emc-2\/#breadcrumb"},"inLanguage":"es","potentialAction":[{"@type":"ReadAction","target":["https:\/\/exoticchemicals.com\/product\/4-emc-2\/"]}]},{"@type":"ImageObject","inLanguage":"es","@id":"https:\/\/exoticchemicals.com\/product\/4-emc-2\/#primaryimage","url":"https:\/\/exoticchemicals.com\/wp-content\/uploads\/2026\/01\/4-EMC.jpg","contentUrl":"https:\/\/exoticchemicals.com\/wp-content\/uploads\/2026\/01\/4-EMC.jpg","width":600,"height":600},{"@type":"BreadcrumbList","@id":"https:\/\/exoticchemicals.com\/product\/4-emc-2\/#breadcrumb","itemListElement":[{"@type":"ListItem","position":1,"name":"Home","item":"https:\/\/exoticchemicals.com\/"},{"@type":"ListItem","position":2,"name":"Shop","item":"https:\/\/exoticchemicals.com\/shop\/"},{"@type":"ListItem","position":3,"name":"4-EMC"}]},{"@type":"WebSite","@id":"https:\/\/exoticchemicals.com\/#website","url":"https:\/\/exoticchemicals.com\/","name":"productos qu\u00edmicos ex\u00f3ticos","description":"Comprar clorhidrato de MDPHP","publisher":{"@id":"https:\/\/exoticchemicals.com\/#\/schema\/person\/07ad08472b6f5b213792451a32dbe8c7"},"potentialAction":[{"@type":"SearchAction","target":{"@type":"EntryPoint","urlTemplate":"https:\/\/exoticchemicals.com\/?s={search_term_string}"},"query-input":{"@type":"PropertyValueSpecification","valueRequired":true,"valueName":"search_term_string"}}],"inLanguage":"es"},{"@type":["Person","Organization"],"@id":"https:\/\/exoticchemicals.com\/#\/schema\/person\/07ad08472b6f5b213792451a32dbe8c7","name":"wwalkershop@gmail.com","image":{"@type":"ImageObject","inLanguage":"es","@id":"https:\/\/exoticchemicals.com\/wp-content\/uploads\/2025\/02\/pure-3-1-1.png","url":"https:\/\/exoticchemicals.com\/wp-content\/uploads\/2025\/02\/pure-3-1-1.png","contentUrl":"https:\/\/exoticchemicals.com\/wp-content\/uploads\/2025\/02\/pure-3-1-1.png","width":500,"height":500,"caption":"wwalkershop@gmail.com"},"logo":{"@id":"https:\/\/exoticchemicals.com\/wp-content\/uploads\/2025\/02\/pure-3-1-1.png"},"sameAs":["http:\/\/exoticchemicals.com"]}]}},"uagb_featured_image_src":{"full":["https:\/\/exoticchemicals.com\/wp-content\/uploads\/2026\/01\/4-EMC.jpg",600,600,false],"thumbnail":["https:\/\/exoticchemicals.com\/wp-content\/uploads\/2026\/01\/4-EMC-150x150.jpg",150,150,true],"medium":["https:\/\/exoticchemicals.com\/wp-content\/uploads\/2026\/01\/4-EMC-300x300.jpg",300,300,true],"medium_large":["https:\/\/exoticchemicals.com\/wp-content\/uploads\/2026\/01\/4-EMC.jpg",600,600,false],"large":["https:\/\/exoticchemicals.com\/wp-content\/uploads\/2026\/01\/4-EMC.jpg",600,600,false],"1536x1536":["https:\/\/exoticchemicals.com\/wp-content\/uploads\/2026\/01\/4-EMC.jpg",600,600,false],"2048x2048":["https:\/\/exoticchemicals.com\/wp-content\/uploads\/2026\/01\/4-EMC.jpg",600,600,false],"trp-custom-language-flag":["https:\/\/exoticchemicals.com\/wp-content\/uploads\/2026\/01\/4-EMC-12x12.jpg",12,12,true],"woocommerce_thumbnail":["https:\/\/exoticchemicals.com\/wp-content\/uploads\/2026\/01\/4-EMC-300x300.jpg",300,300,true],"woocommerce_single":["https:\/\/exoticchemicals.com\/wp-content\/uploads\/2026\/01\/4-EMC.jpg",600,600,false],"woocommerce_gallery_thumbnail":["https:\/\/exoticchemicals.com\/wp-content\/uploads\/2026\/01\/4-EMC-100x100.jpg",100,100,true]},"uagb_author_info":{"display_name":"wwalkershop@gmail.com","author_link":"https:\/\/exoticchemicals.com\/es\/author\/"},"uagb_comment_info":6,"uagb_excerpt":"4-EMC 4-EMC belongs to phenethylamine and amphetamine chemical classes and has the molecular formula C12H17NO\u00a0\u2022 HCl. The formula weight has the value\u00a0227.7g\/mol. The toxicological and physiological properties\u00a0are not known. How To Buy 4-EMC Online? We offers you the possibility to get it online without hassles or awkwardness. We work endlessly to make sure you save&hellip;","_links":{"self":[{"href":"https:\/\/exoticchemicals.com\/es\/wp-json\/wp\/v2\/product\/5586","targetHints":{"allow":["GET"]}}],"collection":[{"href":"https:\/\/exoticchemicals.com\/es\/wp-json\/wp\/v2\/product"}],"about":[{"href":"https:\/\/exoticchemicals.com\/es\/wp-json\/wp\/v2\/types\/product"}],"replies":[{"embeddable":true,"href":"https:\/\/exoticchemicals.com\/es\/wp-json\/wp\/v2\/comments?post=5586"}],"wp:featuredmedia":[{"embeddable":true,"href":"https:\/\/exoticchemicals.com\/es\/wp-json\/wp\/v2\/media\/5601"}],"wp:attachment":[{"href":"https:\/\/exoticchemicals.com\/es\/wp-json\/wp\/v2\/media?parent=5586"}],"wp:term":[{"taxonomy":"product_brand","embeddable":true,"href":"https:\/\/exoticchemicals.com\/es\/wp-json\/wp\/v2\/product_brand?post=5586"},{"taxonomy":"product_cat","embeddable":true,"href":"https:\/\/exoticchemicals.com\/es\/wp-json\/wp\/v2\/product_cat?post=5586"},{"taxonomy":"product_tag","embeddable":true,"href":"https:\/\/exoticchemicals.com\/es\/wp-json\/wp\/v2\/product_tag?post=5586"}],"curies":[{"name":"wp","href":"https:\/\/api.w.org\/{rel}","templated":true}]}}