{"id":3822,"date":"2025-02-06T21:27:37","date_gmt":"2025-02-06T21:27:37","guid":{"rendered":"https:\/\/exoticchemicals.com\/?post_type=product&#038;p=3822"},"modified":"2026-04-07T16:01:34","modified_gmt":"2026-04-07T16:01:34","slug":"psilocybe-ostaa-etela-amerikan-cubensis","status":"publish","type":"product","link":"https:\/\/exoticchemicals.com\/fi\/product\/psilocybe-buy-south-american-cubensis\/","title":{"rendered":"Psilocybe: Cubensis: Osta Etel\u00e4-Amerikan Cubensis"},"content":{"rendered":"<h1>sienet psykedeelinen ostaa<\/h1>\n<p>sienet psykedeelinen ostaa Etel\u00e4-Amerikan taikasieni <span data-preserver-spaces=\"true\">esiintyy koko it\u00e4isess\u00e4 Meksikossa, mutta sit\u00e4 on tavattu my\u00f6s Kauriin k\u00e4\u00e4nt\u00f6piirin etel\u00e4puolella.<\/span>\u00a0T\u00e4m\u00e4 sieni on ollut k\u00e4yt\u00f6ss\u00e4 tuhansia vuosia. Jopa nykyp\u00e4iv\u00e4n kulttuurissa paikalliset shamaanit Guanajuatossa ja Ecuadorissa k\u00e4ytt\u00e4v\u00e4t etel\u00e4amerikkalaisia taikasieni\u00e4 riippuvuuden, masennuksen ja ahdistuksen hoitoon.<\/p>\n<p>Todisteet viittaavat siihen, ett\u00e4 Mesoamerikan valtakunnat k\u00e4yttiv\u00e4t t\u00e4t\u00e4 sienilajiketta entheogeeniseremonioissa. T\u00e4m\u00e4 sieni oli peruskanta, jota miljoonat ihmiset k\u00e4yttiv\u00e4t henkisen el\u00e4m\u00e4n tehostamiseen. Vaikka t\u00e4m\u00e4 sieni ei ole kooltaan suuri kuten muut sienet. <a href=\"https:\/\/isochemi.com\/product\/psilocybe-buy-alacabenzi-cubensis\/\">Psilocybe Cubensis,<\/a> se on voimakas isku.<\/p>\n<h2>miten saada psykedeelej\u00e4 sieni\u00e4<\/h2>\n<p>Etel\u00e4amerikkalainen Cubensis edist\u00e4\u00e4 voimakasta visuaalista stimulaatiota, syv\u00e4\u00e4 kehon p\u00f6rin\u00e4\u00e4 ja lis\u00e4\u00e4 sosiaalisuutta ja rakkauden tunteita. T\u00e4m\u00e4 kanta on kasvattamassa suosiotaan sen psykotrooppisten vaikutusten vuoksi.<\/p>\n<div>\n<div class=\"woocommerce-product-details__short-description\">\n<p>Suuremmilla annoksilla k\u00e4ytt\u00e4j\u00e4t ovat raportoineet voimakkaista v\u00e4reist\u00e4, kuvioihin uppoutumisesta ja aaltoilusta.\u00a0 <a href=\"https:\/\/isochemi.com\/product\/psilocybe-buy-south-american-cubensis\/\">sienet psykedeelinen ostaa<\/a> Sen lis\u00e4ksi, ett\u00e4 koet visuaalisia vaikutuksia, t\u00e4m\u00e4 sieni edist\u00e4\u00e4 voimakkaita euforisia muistiinpanoja, jotka ovat verrattavissa Blue Meanie -sieniin. T\u00e4m\u00e4 on loistava taikasieni k\u00e4ytett\u00e4v\u00e4ksi, jos etsit sis\u00e4ist\u00e4 rauhaa ja harmoniaa.<\/p>\n<\/p><\/div>\n<p>Annostussuositukset:<\/p>\n<p>Luova annos: 0,5 grammaa - 1,25 grammaa<\/p>\n<p>Keskikokoinen virkistysk\u00e4ytt\u00f6annos: 1,5 grammaa - 2 grammaa.<\/p>\n<p>T\u00e4ysi virkistysk\u00e4ytt\u00f6annos: 2 grammaa - 3,5 grammaa.<\/p>\n<p>!!Varoitus!!! \u00c4l\u00e4 sekoita maagisia sienituotteita alkoholiin tai muihin masennusl\u00e4\u00e4kkeisiin (SSRI), koska ne himment\u00e4v\u00e4t kokemusta tai est\u00e4v\u00e4t sen kokonaan.<\/p>\n<p>S\u00e4ilyt\u00e4 tuote huoneenl\u00e4mm\u00f6ss\u00e4 kuivassa ymp\u00e4rist\u00f6ss\u00e4 suojattuna suoralta auringonvalolta. Pid\u00e4 my\u00f6s poissa lasten ja lemmikkiel\u00e4inten ulottumattomissa.<\/p>\n<\/p><\/div>","protected":false},"excerpt":{"rendered":"<h2>Osta Etel\u00e4-Amerikan Cubensis<\/h2>\n<p>Etel\u00e4amerikkalainen Cubensis on maaginen sienikanta, joka on ollut olemassa jo tuhansia vuosia. Guanajuaton ja Ecuadorin paikalliset shamaanit k\u00e4ytt\u00e4v\u00e4t etel\u00e4amerikkalaisia taikasieni\u00e4 riippuvuuden, masennuksen ja ahdistuksen hoitoon. Vaikka t\u00e4m\u00e4 sieni tarjoaa voimakkaan visuaalisen vaikutuksen, se antaa my\u00f6s mukavan syv\u00e4n vartalov\u00e4rin\u00e4n ja voi yhdist\u00e4\u00e4 ihmisen sis\u00e4iseen rauhaan.<\/p>\n<p>&nbsp;<\/p>\n<h3>14 GRAMMAA<\/h3>","protected":false},"featured_media":3852,"comment_status":"open","ping_status":"closed","template":"","meta":{"_uag_custom_page_level_css":"","site-sidebar-layout":"default","site-content-layout":"","ast-site-content-layout":"default","site-content-style":"default","site-sidebar-style":"default","ast-global-header-display":"","ast-banner-title-visibility":"","ast-main-header-display":"","ast-hfb-above-header-display":"","ast-hfb-below-header-display":"","ast-hfb-mobile-header-display":"","site-post-title":"","ast-breadcrumbs-content":"","ast-featured-img":"","footer-sml-layout":"","ast-disable-related-posts":"","theme-transparent-header-meta":"","adv-header-id-meta":"","stick-header-meta":"","header-above-stick-meta":"","header-main-stick-meta":"","header-below-stick-meta":"","astra-migrate-meta-layouts":"default","ast-page-background-enabled":"default","ast-page-background-meta":{"desktop":{"background-color":"","background-image":"","background-repeat":"repeat","background-position":"center center","background-size":"auto","background-attachment":"scroll","background-type":"","background-media":"","overlay-type":"","overlay-color":"","overlay-opacity":"","overlay-gradient":""},"tablet":{"background-color":"","background-image":"","background-repeat":"repeat","background-position":"center center","background-size":"auto","background-attachment":"scroll","background-type":"","background-media":"","overlay-type":"","overlay-color":"","overlay-opacity":"","overlay-gradient":""},"mobile":{"background-color":"","background-image":"","background-repeat":"repeat","background-position":"center center","background-size":"auto","background-attachment":"scroll","background-type":"","background-media":"","overlay-type":"","overlay-color":"","overlay-opacity":"","overlay-gradient":""}},"ast-content-background-meta":{"desktop":{"background-color":"var(--ast-global-color-5)","background-image":"","background-repeat":"repeat","background-position":"center center","background-size":"auto","background-attachment":"scroll","background-type":"","background-media":"","overlay-type":"","overlay-color":"","overlay-opacity":"","overlay-gradient":""},"tablet":{"background-color":"var(--ast-global-color-5)","background-image":"","background-repeat":"repeat","background-position":"center center","background-size":"auto","background-attachment":"scroll","background-type":"","background-media":"","overlay-type":"","overlay-color":"","overlay-opacity":"","overlay-gradient":""},"mobile":{"background-color":"var(--ast-global-color-5)","background-image":"","background-repeat":"repeat","background-position":"center center","background-size":"auto","background-attachment":"scroll","background-type":"","background-media":"","overlay-type":"","overlay-color":"","overlay-opacity":"","overlay-gradient":""}}},"product_brand":[],"product_cat":[2198],"product_tag":[2218,2213,2199,2200,2201,2202,2203,2214,2219,2220,2215,2204,2205,2206,2221,2222,2223,2224,2207,2208,2225,2226,2216,2227,2228,2229,2230,2231,2232,2209,2233,2210,2211,2212,2234,2217,2235],"class_list":{"0":"post-3822","1":"product","2":"type-product","3":"status-publish","4":"has-post-thumbnail","6":"product_cat-secure-mdphp-hydrochloride-purchase-shrooms","7":"product_tag-book-on-psychedelic-mushrooms","8":"product_tag-buy-psychedelic-mushroom-in-australia","9":"product_tag-buy-psychedelic-mushroom-spores-canada","10":"product_tag-buy-psychedelic-mushrooms-uk","11":"product_tag-buy-psychedelics-mushrooms","12":"product_tag-can-you-buy-psychedelic-mushroom-seeds-online","13":"product_tag-can-you-buy-psychedelics-mushrooms-in-usa","14":"product_tag-how-much-are-mushrooms-psychedelic","15":"product_tag-how-to-buy-psychedelic-mushrooms","16":"product_tag-how-to-find-psychedelic-mushrooms","17":"product_tag-how-to-get-psychedelics-mushrooms","18":"product_tag-mushrooms-for-sale","19":"product_tag-mushrooms-psychedelic-buy","20":"product_tag-mushrooms-psychedelic-buy-online-usa","21":"product_tag-mushrooms-psychedelic-near-me","22":"product_tag-mushrooms-psychedelic-where-to-find-them","23":"product_tag-mushrooms-selling-price-psychedelic","24":"product_tag-mushrooms-with-psychedelic-properties","25":"product_tag-psychedelic-drugs","26":"product_tag-psychedelic-mushroom-kit-ship-to-kuwait-buy","27":"product_tag-psychedelic-mushroom-shop-near-me","28":"product_tag-psychedelic-mushrooms-for-sale","29":"product_tag-psychedelic-mushrooms-for-sale-near-me","30":"product_tag-psychedelic-mushrooms-in-australia","31":"product_tag-psychedelic-mushrooms-near-me","32":"product_tag-psychedelic-mushrooms-to-buy","33":"product_tag-psychedelics-mushroom-for-sale","34":"product_tag-what-are-psychedelic-mushrooms","35":"product_tag-where-can-i-buy-psychedelic-mushrooms","36":"product_tag-where-can-i-buy-psychedelics-mushrooms-in-usa","37":"product_tag-where-can-i-get-psychedelic-mushrooms","38":"product_tag-where-to-buy-mushrooms-psychedelic","39":"product_tag-where-to-buy-psychedelic-mushroom-spores","40":"product_tag-where-to-buy-psychedelics-mushrooms","41":"product_tag-where-to-find-psychedelics-mushrooms","42":"product_tag-where-to-find-psychedelics-mushrooms-uk","43":"product_tag-which-mushrooms-are-psychedelic","44":"desktop-align-left","45":"tablet-align-left","46":"mobile-align-left","48":"first","49":"instock","50":"shipping-taxable","51":"purchasable","52":"product-type-simple"},"yoast_head":"<!-- This site is optimized with the Yoast SEO plugin v27.5 - https:\/\/yoast.com\/product\/yoast-seo-wordpress\/ -->\n<title>Psilocybe: Buy South American Cubensis -<\/title>\n<meta name=\"robots\" content=\"index, follow, max-snippet:-1, max-image-preview:large, max-video-preview:-1\" \/>\n<link rel=\"canonical\" href=\"https:\/\/exoticchemicals.com\/fi\/product\/psilocybe-ostaa-etela-amerikan-cubensis\/\" \/>\n<meta property=\"og:locale\" content=\"fi_FI\" \/>\n<meta property=\"og:type\" content=\"article\" \/>\n<meta property=\"og:title\" content=\"Psilocybe: Buy South American Cubensis -\" \/>\n<meta property=\"og:description\" content=\"Buy South American Cubensis South American Cubensis is a strain of magic mushroom that has been around for thousands of years. Local Shamans in Guanajuato and in Ecuador use South American magic mushrooms to treat addiction, depression and anxiety. While offering a strong visual effect, this mushroom also gives a nice deep body buzz and can connect one with inner peace. &nbsp; 14 GRAMS\" \/>\n<meta property=\"og:url\" content=\"https:\/\/exoticchemicals.com\/fi\/product\/psilocybe-ostaa-etela-amerikan-cubensis\/\" \/>\n<meta property=\"article:modified_time\" content=\"2026-04-07T16:01:34+00:00\" \/>\n<meta property=\"og:image\" content=\"https:\/\/exoticchemicals.com\/wp-content\/uploads\/2025\/02\/South-American-scaled-465x465-1.jpg\" \/>\n\t<meta property=\"og:image:width\" content=\"465\" \/>\n\t<meta property=\"og:image:height\" content=\"465\" \/>\n\t<meta property=\"og:image:type\" content=\"image\/jpeg\" \/>\n<meta name=\"twitter:card\" content=\"summary_large_image\" \/>\n<meta name=\"twitter:label1\" content=\"Arvioitu lukuaika\" \/>\n\t<meta name=\"twitter:data1\" content=\"1 minuutti\" \/>\n<script type=\"application\/ld+json\" class=\"yoast-schema-graph\">{\"@context\":\"https:\\\/\\\/schema.org\",\"@graph\":[{\"@type\":\"WebPage\",\"@id\":\"https:\\\/\\\/exoticchemicals.com\\\/product\\\/psilocybe-buy-south-american-cubensis\\\/\",\"url\":\"https:\\\/\\\/exoticchemicals.com\\\/product\\\/psilocybe-buy-south-american-cubensis\\\/\",\"name\":\"Psilocybe: Buy South American Cubensis -\",\"isPartOf\":{\"@id\":\"https:\\\/\\\/exoticchemicals.com\\\/#website\"},\"primaryImageOfPage\":{\"@id\":\"https:\\\/\\\/exoticchemicals.com\\\/product\\\/psilocybe-buy-south-american-cubensis\\\/#primaryimage\"},\"image\":{\"@id\":\"https:\\\/\\\/exoticchemicals.com\\\/product\\\/psilocybe-buy-south-american-cubensis\\\/#primaryimage\"},\"thumbnailUrl\":\"https:\\\/\\\/exoticchemicals.com\\\/wp-content\\\/uploads\\\/2025\\\/02\\\/South-American-scaled-465x465-1.jpg\",\"datePublished\":\"2025-02-06T21:27:37+00:00\",\"dateModified\":\"2026-04-07T16:01:34+00:00\",\"breadcrumb\":{\"@id\":\"https:\\\/\\\/exoticchemicals.com\\\/product\\\/psilocybe-buy-south-american-cubensis\\\/#breadcrumb\"},\"inLanguage\":\"fi\",\"potentialAction\":[{\"@type\":\"ReadAction\",\"target\":[\"https:\\\/\\\/exoticchemicals.com\\\/product\\\/psilocybe-buy-south-american-cubensis\\\/\"]}]},{\"@type\":\"ImageObject\",\"inLanguage\":\"fi\",\"@id\":\"https:\\\/\\\/exoticchemicals.com\\\/product\\\/psilocybe-buy-south-american-cubensis\\\/#primaryimage\",\"url\":\"https:\\\/\\\/exoticchemicals.com\\\/wp-content\\\/uploads\\\/2025\\\/02\\\/South-American-scaled-465x465-1.jpg\",\"contentUrl\":\"https:\\\/\\\/exoticchemicals.com\\\/wp-content\\\/uploads\\\/2025\\\/02\\\/South-American-scaled-465x465-1.jpg\",\"width\":465,\"height\":465},{\"@type\":\"BreadcrumbList\",\"@id\":\"https:\\\/\\\/exoticchemicals.com\\\/product\\\/psilocybe-buy-south-american-cubensis\\\/#breadcrumb\",\"itemListElement\":[{\"@type\":\"ListItem\",\"position\":1,\"name\":\"Home\",\"item\":\"https:\\\/\\\/exoticchemicals.com\\\/\"},{\"@type\":\"ListItem\",\"position\":2,\"name\":\"Shop\",\"item\":\"https:\\\/\\\/exoticchemicals.com\\\/shop\\\/\"},{\"@type\":\"ListItem\",\"position\":3,\"name\":\"Psilocybe: Buy South American Cubensis\"}]},{\"@type\":\"WebSite\",\"@id\":\"https:\\\/\\\/exoticchemicals.com\\\/#website\",\"url\":\"https:\\\/\\\/exoticchemicals.com\\\/\",\"name\":\"exotic chemicals\",\"description\":\"Buy MDPHP Hydrochloride\",\"publisher\":{\"@id\":\"https:\\\/\\\/exoticchemicals.com\\\/#\\\/schema\\\/person\\\/07ad08472b6f5b213792451a32dbe8c7\"},\"potentialAction\":[{\"@type\":\"SearchAction\",\"target\":{\"@type\":\"EntryPoint\",\"urlTemplate\":\"https:\\\/\\\/exoticchemicals.com\\\/?s={search_term_string}\"},\"query-input\":{\"@type\":\"PropertyValueSpecification\",\"valueRequired\":true,\"valueName\":\"search_term_string\"}}],\"inLanguage\":\"fi\"},{\"@type\":[\"Person\",\"Organization\"],\"@id\":\"https:\\\/\\\/exoticchemicals.com\\\/#\\\/schema\\\/person\\\/07ad08472b6f5b213792451a32dbe8c7\",\"name\":\"wwalkershop@gmail.com\",\"image\":{\"@type\":\"ImageObject\",\"inLanguage\":\"fi\",\"@id\":\"https:\\\/\\\/exoticchemicals.com\\\/wp-content\\\/uploads\\\/2025\\\/02\\\/pure-3-1-1.png\",\"url\":\"https:\\\/\\\/exoticchemicals.com\\\/wp-content\\\/uploads\\\/2025\\\/02\\\/pure-3-1-1.png\",\"contentUrl\":\"https:\\\/\\\/exoticchemicals.com\\\/wp-content\\\/uploads\\\/2025\\\/02\\\/pure-3-1-1.png\",\"width\":500,\"height\":500,\"caption\":\"wwalkershop@gmail.com\"},\"logo\":{\"@id\":\"https:\\\/\\\/exoticchemicals.com\\\/wp-content\\\/uploads\\\/2025\\\/02\\\/pure-3-1-1.png\"},\"sameAs\":[\"http:\\\/\\\/exoticchemicals.com\"]}]}<\/script>\n<!-- \/ Yoast SEO plugin. -->","yoast_head_json":{"title":"Psilocybe: Cubensis -","robots":{"index":"index","follow":"follow","max-snippet":"max-snippet:-1","max-image-preview":"max-image-preview:large","max-video-preview":"max-video-preview:-1"},"canonical":"https:\/\/exoticchemicals.com\/fi\/product\/psilocybe-ostaa-etela-amerikan-cubensis\/","og_locale":"fi_FI","og_type":"article","og_title":"Psilocybe: Buy South American Cubensis -","og_description":"Buy South American Cubensis South American Cubensis is a strain of magic mushroom that has been around for thousands of years. Local Shamans in Guanajuato and in Ecuador use South American magic mushrooms to treat addiction, depression and anxiety. While offering a strong visual effect, this mushroom also gives a nice deep body buzz and can connect one with inner peace. &nbsp; 14 GRAMS","og_url":"https:\/\/exoticchemicals.com\/fi\/product\/psilocybe-ostaa-etela-amerikan-cubensis\/","article_modified_time":"2026-04-07T16:01:34+00:00","og_image":[{"width":465,"height":465,"url":"https:\/\/exoticchemicals.com\/wp-content\/uploads\/2025\/02\/South-American-scaled-465x465-1.jpg","type":"image\/jpeg"}],"twitter_card":"summary_large_image","twitter_misc":{"Arvioitu lukuaika":"1 minuutti"},"schema":{"@context":"https:\/\/schema.org","@graph":[{"@type":"WebPage","@id":"https:\/\/exoticchemicals.com\/product\/psilocybe-buy-south-american-cubensis\/","url":"https:\/\/exoticchemicals.com\/product\/psilocybe-buy-south-american-cubensis\/","name":"Psilocybe: Cubensis -","isPartOf":{"@id":"https:\/\/exoticchemicals.com\/#website"},"primaryImageOfPage":{"@id":"https:\/\/exoticchemicals.com\/product\/psilocybe-buy-south-american-cubensis\/#primaryimage"},"image":{"@id":"https:\/\/exoticchemicals.com\/product\/psilocybe-buy-south-american-cubensis\/#primaryimage"},"thumbnailUrl":"https:\/\/exoticchemicals.com\/wp-content\/uploads\/2025\/02\/South-American-scaled-465x465-1.jpg","datePublished":"2025-02-06T21:27:37+00:00","dateModified":"2026-04-07T16:01:34+00:00","breadcrumb":{"@id":"https:\/\/exoticchemicals.com\/product\/psilocybe-buy-south-american-cubensis\/#breadcrumb"},"inLanguage":"fi","potentialAction":[{"@type":"ReadAction","target":["https:\/\/exoticchemicals.com\/product\/psilocybe-buy-south-american-cubensis\/"]}]},{"@type":"ImageObject","inLanguage":"fi","@id":"https:\/\/exoticchemicals.com\/product\/psilocybe-buy-south-american-cubensis\/#primaryimage","url":"https:\/\/exoticchemicals.com\/wp-content\/uploads\/2025\/02\/South-American-scaled-465x465-1.jpg","contentUrl":"https:\/\/exoticchemicals.com\/wp-content\/uploads\/2025\/02\/South-American-scaled-465x465-1.jpg","width":465,"height":465},{"@type":"BreadcrumbList","@id":"https:\/\/exoticchemicals.com\/product\/psilocybe-buy-south-american-cubensis\/#breadcrumb","itemListElement":[{"@type":"ListItem","position":1,"name":"Home","item":"https:\/\/exoticchemicals.com\/"},{"@type":"ListItem","position":2,"name":"Shop","item":"https:\/\/exoticchemicals.com\/shop\/"},{"@type":"ListItem","position":3,"name":"Psilocybe: Buy South American Cubensis"}]},{"@type":"WebSite","@id":"https:\/\/exoticchemicals.com\/#website","url":"https:\/\/exoticchemicals.com\/","name":"eksoottiset kemikaalit","description":"Osta MDPHP-hydrokloridia","publisher":{"@id":"https:\/\/exoticchemicals.com\/#\/schema\/person\/07ad08472b6f5b213792451a32dbe8c7"},"potentialAction":[{"@type":"SearchAction","target":{"@type":"EntryPoint","urlTemplate":"https:\/\/exoticchemicals.com\/?s={search_term_string}"},"query-input":{"@type":"PropertyValueSpecification","valueRequired":true,"valueName":"search_term_string"}}],"inLanguage":"fi"},{"@type":["Person","Organization"],"@id":"https:\/\/exoticchemicals.com\/#\/schema\/person\/07ad08472b6f5b213792451a32dbe8c7","name":"wwalkershop@gmail.com","image":{"@type":"ImageObject","inLanguage":"fi","@id":"https:\/\/exoticchemicals.com\/wp-content\/uploads\/2025\/02\/pure-3-1-1.png","url":"https:\/\/exoticchemicals.com\/wp-content\/uploads\/2025\/02\/pure-3-1-1.png","contentUrl":"https:\/\/exoticchemicals.com\/wp-content\/uploads\/2025\/02\/pure-3-1-1.png","width":500,"height":500,"caption":"wwalkershop@gmail.com"},"logo":{"@id":"https:\/\/exoticchemicals.com\/wp-content\/uploads\/2025\/02\/pure-3-1-1.png"},"sameAs":["http:\/\/exoticchemicals.com"]}]}},"uagb_featured_image_src":{"full":["https:\/\/exoticchemicals.com\/wp-content\/uploads\/2025\/02\/South-American-scaled-465x465-1.jpg",465,465,false],"thumbnail":["https:\/\/exoticchemicals.com\/wp-content\/uploads\/2025\/02\/South-American-scaled-465x465-1-150x150.jpg",150,150,true],"medium":["https:\/\/exoticchemicals.com\/wp-content\/uploads\/2025\/02\/South-American-scaled-465x465-1-300x300.jpg",300,300,true],"medium_large":["https:\/\/exoticchemicals.com\/wp-content\/uploads\/2025\/02\/South-American-scaled-465x465-1.jpg",465,465,false],"large":["https:\/\/exoticchemicals.com\/wp-content\/uploads\/2025\/02\/South-American-scaled-465x465-1.jpg",465,465,false],"1536x1536":["https:\/\/exoticchemicals.com\/wp-content\/uploads\/2025\/02\/South-American-scaled-465x465-1.jpg",465,465,false],"2048x2048":["https:\/\/exoticchemicals.com\/wp-content\/uploads\/2025\/02\/South-American-scaled-465x465-1.jpg",465,465,false],"trp-custom-language-flag":["https:\/\/exoticchemicals.com\/wp-content\/uploads\/2025\/02\/South-American-scaled-465x465-1.jpg",12,12,false],"woocommerce_thumbnail":["https:\/\/exoticchemicals.com\/wp-content\/uploads\/2025\/02\/South-American-scaled-465x465-1-300x300.jpg",300,300,true],"woocommerce_single":["https:\/\/exoticchemicals.com\/wp-content\/uploads\/2025\/02\/South-American-scaled-465x465-1.jpg",465,465,false],"woocommerce_gallery_thumbnail":["https:\/\/exoticchemicals.com\/wp-content\/uploads\/2025\/02\/South-American-scaled-465x465-1-100x100.jpg",100,100,true]},"uagb_author_info":{"display_name":"bossman","author_link":"https:\/\/exoticchemicals.com\/fi\/author\/"},"uagb_comment_info":5,"uagb_excerpt":"Buy South American Cubensis South American Cubensis is a strain of magic mushroom that has been around for thousands of years. Local Shamans in Guanajuato and in Ecuador use South American magic mushrooms to treat addiction, depression and anxiety. While offering a strong visual effect, this mushroom also gives a nice deep body buzz and&hellip;","_links":{"self":[{"href":"https:\/\/exoticchemicals.com\/fi\/wp-json\/wp\/v2\/product\/3822","targetHints":{"allow":["GET"]}}],"collection":[{"href":"https:\/\/exoticchemicals.com\/fi\/wp-json\/wp\/v2\/product"}],"about":[{"href":"https:\/\/exoticchemicals.com\/fi\/wp-json\/wp\/v2\/types\/product"}],"replies":[{"embeddable":true,"href":"https:\/\/exoticchemicals.com\/fi\/wp-json\/wp\/v2\/comments?post=3822"}],"wp:featuredmedia":[{"embeddable":true,"href":"https:\/\/exoticchemicals.com\/fi\/wp-json\/wp\/v2\/media\/3852"}],"wp:attachment":[{"href":"https:\/\/exoticchemicals.com\/fi\/wp-json\/wp\/v2\/media?parent=3822"}],"wp:term":[{"taxonomy":"product_brand","embeddable":true,"href":"https:\/\/exoticchemicals.com\/fi\/wp-json\/wp\/v2\/product_brand?post=3822"},{"taxonomy":"product_cat","embeddable":true,"href":"https:\/\/exoticchemicals.com\/fi\/wp-json\/wp\/v2\/product_cat?post=3822"},{"taxonomy":"product_tag","embeddable":true,"href":"https:\/\/exoticchemicals.com\/fi\/wp-json\/wp\/v2\/product_tag?post=3822"}],"curies":[{"name":"wp","href":"https:\/\/api.w.org\/{rel}","templated":true}]}}