{"id":3838,"date":"2025-02-06T21:27:37","date_gmt":"2025-02-06T21:27:37","guid":{"rendered":"https:\/\/exoticchemicals.com\/?post_type=product&#038;p=3838"},"modified":"2026-04-13T15:41:41","modified_gmt":"2026-04-13T15:41:41","slug":"psilocybe-buy-mexicana","status":"publish","type":"product","link":"https:\/\/exoticchemicals.com\/fi\/product\/psilocybe-buy-mexicana\/","title":{"rendered":"Psilocybe: Buy Mexicana"},"content":{"rendered":"<h1>Buy Mexicana Magic Mushroom Florida<\/h1>\n<p><strong>Buy psychedelics mushrooms Florida<\/strong><\/p>\n<p>Another popular strain of Magic Mushrooms is the Mexicana. Its hallucinogenic effect makes it a popular choice. 2000 years ago the Aztecs used the <a href=\"https:\/\/isochemi.com\/product\/psilocybe-buy-mexicana\/\">Mexicana mushroom<\/a> in their magic rituals. The tribe thought they entered in contact with spirits and celestial entities. Today, many people enjoy using it to enhance their creativity and social behaviour.<\/p>\n<p>Many users prefer using the Mexican Magic Mushrooms because it offers a complete psychoactive experience but has a gentle impact on the body. You\u2019ll feel joy, fun and euphoria and experience meaningful visual hallucinations. <a href=\"https:\/\/isochemi.com\/product\/psilocybe-buy-mexicana\/\"><strong>Buy psychedelics mushrooms Florida<\/strong><\/a><\/p>\n<p>The effects enlarge your creativity and original thoughts, your social behavior and good feelings. You\u2019ll get visuals hallucinations, both with opened and closed eyes<\/p>\n<p>&nbsp;<\/p>\n<h2><strong>Buy psychedelics mushrooms Florida<\/strong><\/h2>\n<p>Annostussuositukset:<\/p>\n<p>Luova annos: 0,5 grammaa - 1,25 grammaa<\/p>\n<p>Keskikokoinen virkistysk\u00e4ytt\u00f6annos: 1,5 grammaa - 2 grammaa.<\/p>\n<p>T\u00e4ysi virkistysk\u00e4ytt\u00f6annos: 2 grammaa - 3,5 grammaa.<\/p>\n<p>!!Varoitus!!! \u00c4l\u00e4 sekoita maagisia sienituotteita alkoholiin tai muihin masennusl\u00e4\u00e4kkeisiin (SSRI), koska ne himment\u00e4v\u00e4t kokemusta tai est\u00e4v\u00e4t sen kokonaan.<\/p>\n<p>S\u00e4ilyt\u00e4 tuote huoneenl\u00e4mm\u00f6ss\u00e4 kuivassa ymp\u00e4rist\u00f6ss\u00e4 suojattuna suoralta auringonvalolta. Pid\u00e4 my\u00f6s poissa lasten ja lemmikkiel\u00e4inten ulottumattomissa.<\/p>\n<p>&nbsp;<\/p>\n<h3><strong>Psychedelics mushrooms Florida Benefits<\/strong><\/h3>\n<p>Psychedelic mushrooms, also known as magic mushrooms, contain psychoactive compounds that can induce altered states of consciousness and have been used for medicinal and spiritual purposes for centuries. Here are some potential benefits of psychedelic mushrooms:<\/p>\n<p>1.<a href=\"https:\/\/isochemi.com\/product\/buy-percocet-7-5-mg-325-mg\/\"> Improved mental health<\/a>: Studies have shown that<a href=\"http:\/\/australiapsilocybins.com\"> psychedelic mushrooms can improve symptoms of depression<\/a>, anxiety, and post-traumatic stress disorder (PTSD). They can also boost creativity and increase feelings of well-being and connectedness.<\/p>\n<p>2. Addiction treatment: Psychedelics have been used in the treatment of addiction to substances such as alcohol, nicotine, and opioids. They may reset the brain&#8217;s reward system and boost feelings of self-efficacy and motivation.<\/p>\n<p>3. Cluster headaches:<a href=\"https:\/\/isochemi.com\/product\/infinite-rx-shroom-infused-albino-penis-envy-edition-large-heart-gummies-edibles-4000mg\/\"> Psychedelic mushrooms<\/a> have been effective in treating cluster headaches, a rare but excruciating type of headache that can last for weeks or months.<\/p>\n<p>4. Palliative care: Studies have shown that psychedelic mushrooms can reduce anxiety and depression in patients with terminal illnesses, improving their quality of life in their final months. 5. Spiritual and personal growth: Many people report profound spiritual experiences while using psychedelic mushrooms, which can lead to feelings of personal growth, improved relationships, and a greater sense of purpose in life. It is important to note that these potential benefits are still under investigation and psychedelic mushrooms should only be used under the guidance of a healthcare professional. Additionally, they are still classified as illegal in many countries and possession and use can result in legal consequences.<\/p>\n<p>&nbsp;<\/p>\n<p>&nbsp;<\/p>","protected":false},"excerpt":{"rendered":"<h2>Buy Mexicana<\/h2>\n<p>Another popular strain of magic mushroom is the Psilocybe Mexicana. This mushroom has a long history of being used in magic rituals by the Aztec tribe 2000 years ago. It remains very popular because of it\u2019s light but surprising effects. You get a complete psychoactive experience with a gentle impact in the body. The effects enlarge your creativity and original thoughts, your social behavior and good feelings. You\u2019ll get visuals hallucinations, both with opened and closed eyes: shapes colors variations, as well as fractals and forms.<\/p>\n<p>&nbsp;<\/p>\n<h2>14 GRAMMAA<\/h2>","protected":false},"featured_media":3889,"comment_status":"open","ping_status":"closed","template":"","meta":{"_uag_custom_page_level_css":"","site-sidebar-layout":"default","site-content-layout":"","ast-site-content-layout":"default","site-content-style":"default","site-sidebar-style":"default","ast-global-header-display":"","ast-banner-title-visibility":"","ast-main-header-display":"","ast-hfb-above-header-display":"","ast-hfb-below-header-display":"","ast-hfb-mobile-header-display":"","site-post-title":"","ast-breadcrumbs-content":"","ast-featured-img":"","footer-sml-layout":"","ast-disable-related-posts":"","theme-transparent-header-meta":"","adv-header-id-meta":"","stick-header-meta":"","header-above-stick-meta":"","header-main-stick-meta":"","header-below-stick-meta":"","astra-migrate-meta-layouts":"default","ast-page-background-enabled":"default","ast-page-background-meta":{"desktop":{"background-color":"","background-image":"","background-repeat":"repeat","background-position":"center center","background-size":"auto","background-attachment":"scroll","background-type":"","background-media":"","overlay-type":"","overlay-color":"","overlay-opacity":"","overlay-gradient":""},"tablet":{"background-color":"","background-image":"","background-repeat":"repeat","background-position":"center center","background-size":"auto","background-attachment":"scroll","background-type":"","background-media":"","overlay-type":"","overlay-color":"","overlay-opacity":"","overlay-gradient":""},"mobile":{"background-color":"","background-image":"","background-repeat":"repeat","background-position":"center center","background-size":"auto","background-attachment":"scroll","background-type":"","background-media":"","overlay-type":"","overlay-color":"","overlay-opacity":"","overlay-gradient":""}},"ast-content-background-meta":{"desktop":{"background-color":"var(--ast-global-color-5)","background-image":"","background-repeat":"repeat","background-position":"center center","background-size":"auto","background-attachment":"scroll","background-type":"","background-media":"","overlay-type":"","overlay-color":"","overlay-opacity":"","overlay-gradient":""},"tablet":{"background-color":"var(--ast-global-color-5)","background-image":"","background-repeat":"repeat","background-position":"center center","background-size":"auto","background-attachment":"scroll","background-type":"","background-media":"","overlay-type":"","overlay-color":"","overlay-opacity":"","overlay-gradient":""},"mobile":{"background-color":"var(--ast-global-color-5)","background-image":"","background-repeat":"repeat","background-position":"center center","background-size":"auto","background-attachment":"scroll","background-type":"","background-media":"","overlay-type":"","overlay-color":"","overlay-opacity":"","overlay-gradient":""}}},"product_brand":[],"product_cat":[2198],"product_tag":[2270,2271,2272],"class_list":{"0":"post-3838","1":"product","2":"type-product","3":"status-publish","4":"has-post-thumbnail","6":"product_cat-secure-mdphp-hydrochloride-purchase-shrooms","7":"product_tag-buy-mexicana-magic-mushroom-florida","8":"product_tag-buy-psychedelics-mushrooms-florida","9":"product_tag-psychedelics-mushrooms-florida-benefits","10":"desktop-align-left","11":"tablet-align-left","12":"mobile-align-left","14":"first","15":"instock","16":"shipping-taxable","17":"purchasable","18":"product-type-simple"},"yoast_head":"<!-- This site is optimized with the Yoast SEO plugin v27.4 - https:\/\/yoast.com\/product\/yoast-seo-wordpress\/ -->\n<title>Psilocybe: Buy Mexicana -<\/title>\n<meta name=\"robots\" content=\"index, follow, max-snippet:-1, max-image-preview:large, max-video-preview:-1\" \/>\n<link rel=\"canonical\" href=\"https:\/\/exoticchemicals.com\/fi\/product\/psilocybe-buy-mexicana\/\" \/>\n<meta property=\"og:locale\" content=\"fi_FI\" \/>\n<meta property=\"og:type\" content=\"article\" \/>\n<meta property=\"og:title\" content=\"Psilocybe: Buy Mexicana -\" \/>\n<meta property=\"og:description\" content=\"Buy Mexicana Another popular strain of magic mushroom is the Psilocybe Mexicana. This mushroom has a long history of being used in magic rituals by the Aztec tribe 2000 years ago. It remains very popular because of it\u2019s light but surprising effects. You get a complete psychoactive experience with a gentle impact in the body. The effects enlarge your creativity and original thoughts, your social behavior and good feelings. You\u2019ll get visuals hallucinations, both with opened and closed eyes: shapes colors variations, as well as fractals and forms. &nbsp; 14 GRAMS\" \/>\n<meta property=\"og:url\" content=\"https:\/\/exoticchemicals.com\/fi\/product\/psilocybe-buy-mexicana\/\" \/>\n<meta property=\"article:modified_time\" content=\"2026-04-13T15:41:41+00:00\" \/>\n<meta property=\"og:image\" content=\"https:\/\/exoticchemicals.com\/wp-content\/uploads\/2025\/02\/B-Cubensis-scaled-465x465-1.jpg\" \/>\n\t<meta property=\"og:image:width\" content=\"465\" \/>\n\t<meta property=\"og:image:height\" content=\"465\" \/>\n\t<meta property=\"og:image:type\" content=\"image\/jpeg\" \/>\n<meta name=\"twitter:card\" content=\"summary_large_image\" \/>\n<meta name=\"twitter:label1\" content=\"Arvioitu lukuaika\" \/>\n\t<meta name=\"twitter:data1\" content=\"2 minuuttia\" \/>\n<script type=\"application\/ld+json\" class=\"yoast-schema-graph\">{\"@context\":\"https:\\\/\\\/schema.org\",\"@graph\":[{\"@type\":\"WebPage\",\"@id\":\"https:\\\/\\\/exoticchemicals.com\\\/product\\\/psilocybe-buy-mexicana\\\/\",\"url\":\"https:\\\/\\\/exoticchemicals.com\\\/product\\\/psilocybe-buy-mexicana\\\/\",\"name\":\"Psilocybe: Buy Mexicana -\",\"isPartOf\":{\"@id\":\"https:\\\/\\\/exoticchemicals.com\\\/#website\"},\"primaryImageOfPage\":{\"@id\":\"https:\\\/\\\/exoticchemicals.com\\\/product\\\/psilocybe-buy-mexicana\\\/#primaryimage\"},\"image\":{\"@id\":\"https:\\\/\\\/exoticchemicals.com\\\/product\\\/psilocybe-buy-mexicana\\\/#primaryimage\"},\"thumbnailUrl\":\"https:\\\/\\\/exoticchemicals.com\\\/wp-content\\\/uploads\\\/2025\\\/02\\\/B-Cubensis-scaled-465x465-1.jpg\",\"datePublished\":\"2025-02-06T21:27:37+00:00\",\"dateModified\":\"2026-04-13T15:41:41+00:00\",\"breadcrumb\":{\"@id\":\"https:\\\/\\\/exoticchemicals.com\\\/product\\\/psilocybe-buy-mexicana\\\/#breadcrumb\"},\"inLanguage\":\"fi\",\"potentialAction\":[{\"@type\":\"ReadAction\",\"target\":[\"https:\\\/\\\/exoticchemicals.com\\\/product\\\/psilocybe-buy-mexicana\\\/\"]}]},{\"@type\":\"ImageObject\",\"inLanguage\":\"fi\",\"@id\":\"https:\\\/\\\/exoticchemicals.com\\\/product\\\/psilocybe-buy-mexicana\\\/#primaryimage\",\"url\":\"https:\\\/\\\/exoticchemicals.com\\\/wp-content\\\/uploads\\\/2025\\\/02\\\/B-Cubensis-scaled-465x465-1.jpg\",\"contentUrl\":\"https:\\\/\\\/exoticchemicals.com\\\/wp-content\\\/uploads\\\/2025\\\/02\\\/B-Cubensis-scaled-465x465-1.jpg\",\"width\":465,\"height\":465},{\"@type\":\"BreadcrumbList\",\"@id\":\"https:\\\/\\\/exoticchemicals.com\\\/product\\\/psilocybe-buy-mexicana\\\/#breadcrumb\",\"itemListElement\":[{\"@type\":\"ListItem\",\"position\":1,\"name\":\"Home\",\"item\":\"https:\\\/\\\/exoticchemicals.com\\\/\"},{\"@type\":\"ListItem\",\"position\":2,\"name\":\"Shop\",\"item\":\"https:\\\/\\\/exoticchemicals.com\\\/shop\\\/\"},{\"@type\":\"ListItem\",\"position\":3,\"name\":\"Psilocybe: Buy Mexicana\"}]},{\"@type\":\"WebSite\",\"@id\":\"https:\\\/\\\/exoticchemicals.com\\\/#website\",\"url\":\"https:\\\/\\\/exoticchemicals.com\\\/\",\"name\":\"exotic chemicals\",\"description\":\"Buy MDPHP Hydrochloride\",\"publisher\":{\"@id\":\"https:\\\/\\\/exoticchemicals.com\\\/#\\\/schema\\\/person\\\/07ad08472b6f5b213792451a32dbe8c7\"},\"potentialAction\":[{\"@type\":\"SearchAction\",\"target\":{\"@type\":\"EntryPoint\",\"urlTemplate\":\"https:\\\/\\\/exoticchemicals.com\\\/?s={search_term_string}\"},\"query-input\":{\"@type\":\"PropertyValueSpecification\",\"valueRequired\":true,\"valueName\":\"search_term_string\"}}],\"inLanguage\":\"fi\"},{\"@type\":[\"Person\",\"Organization\"],\"@id\":\"https:\\\/\\\/exoticchemicals.com\\\/#\\\/schema\\\/person\\\/07ad08472b6f5b213792451a32dbe8c7\",\"name\":\"wwalkershop@gmail.com\",\"image\":{\"@type\":\"ImageObject\",\"inLanguage\":\"fi\",\"@id\":\"https:\\\/\\\/exoticchemicals.com\\\/wp-content\\\/uploads\\\/2025\\\/02\\\/pure-3-1-1.png\",\"url\":\"https:\\\/\\\/exoticchemicals.com\\\/wp-content\\\/uploads\\\/2025\\\/02\\\/pure-3-1-1.png\",\"contentUrl\":\"https:\\\/\\\/exoticchemicals.com\\\/wp-content\\\/uploads\\\/2025\\\/02\\\/pure-3-1-1.png\",\"width\":500,\"height\":500,\"caption\":\"wwalkershop@gmail.com\"},\"logo\":{\"@id\":\"https:\\\/\\\/exoticchemicals.com\\\/wp-content\\\/uploads\\\/2025\\\/02\\\/pure-3-1-1.png\"},\"sameAs\":[\"http:\\\/\\\/exoticchemicals.com\"]}]}<\/script>\n<!-- \/ Yoast SEO plugin. -->","yoast_head_json":{"title":"Psilocybe: Buy Mexicana -","robots":{"index":"index","follow":"follow","max-snippet":"max-snippet:-1","max-image-preview":"max-image-preview:large","max-video-preview":"max-video-preview:-1"},"canonical":"https:\/\/exoticchemicals.com\/fi\/product\/psilocybe-buy-mexicana\/","og_locale":"fi_FI","og_type":"article","og_title":"Psilocybe: Buy Mexicana -","og_description":"Buy Mexicana Another popular strain of magic mushroom is the Psilocybe Mexicana. This mushroom has a long history of being used in magic rituals by the Aztec tribe 2000 years ago. It remains very popular because of it\u2019s light but surprising effects. You get a complete psychoactive experience with a gentle impact in the body. The effects enlarge your creativity and original thoughts, your social behavior and good feelings. You\u2019ll get visuals hallucinations, both with opened and closed eyes: shapes colors variations, as well as fractals and forms. &nbsp; 14 GRAMS","og_url":"https:\/\/exoticchemicals.com\/fi\/product\/psilocybe-buy-mexicana\/","article_modified_time":"2026-04-13T15:41:41+00:00","og_image":[{"width":465,"height":465,"url":"https:\/\/exoticchemicals.com\/wp-content\/uploads\/2025\/02\/B-Cubensis-scaled-465x465-1.jpg","type":"image\/jpeg"}],"twitter_card":"summary_large_image","twitter_misc":{"Arvioitu lukuaika":"2 minuuttia"},"schema":{"@context":"https:\/\/schema.org","@graph":[{"@type":"WebPage","@id":"https:\/\/exoticchemicals.com\/product\/psilocybe-buy-mexicana\/","url":"https:\/\/exoticchemicals.com\/product\/psilocybe-buy-mexicana\/","name":"Psilocybe: Buy Mexicana -","isPartOf":{"@id":"https:\/\/exoticchemicals.com\/#website"},"primaryImageOfPage":{"@id":"https:\/\/exoticchemicals.com\/product\/psilocybe-buy-mexicana\/#primaryimage"},"image":{"@id":"https:\/\/exoticchemicals.com\/product\/psilocybe-buy-mexicana\/#primaryimage"},"thumbnailUrl":"https:\/\/exoticchemicals.com\/wp-content\/uploads\/2025\/02\/B-Cubensis-scaled-465x465-1.jpg","datePublished":"2025-02-06T21:27:37+00:00","dateModified":"2026-04-13T15:41:41+00:00","breadcrumb":{"@id":"https:\/\/exoticchemicals.com\/product\/psilocybe-buy-mexicana\/#breadcrumb"},"inLanguage":"fi","potentialAction":[{"@type":"ReadAction","target":["https:\/\/exoticchemicals.com\/product\/psilocybe-buy-mexicana\/"]}]},{"@type":"ImageObject","inLanguage":"fi","@id":"https:\/\/exoticchemicals.com\/product\/psilocybe-buy-mexicana\/#primaryimage","url":"https:\/\/exoticchemicals.com\/wp-content\/uploads\/2025\/02\/B-Cubensis-scaled-465x465-1.jpg","contentUrl":"https:\/\/exoticchemicals.com\/wp-content\/uploads\/2025\/02\/B-Cubensis-scaled-465x465-1.jpg","width":465,"height":465},{"@type":"BreadcrumbList","@id":"https:\/\/exoticchemicals.com\/product\/psilocybe-buy-mexicana\/#breadcrumb","itemListElement":[{"@type":"ListItem","position":1,"name":"Home","item":"https:\/\/exoticchemicals.com\/"},{"@type":"ListItem","position":2,"name":"Shop","item":"https:\/\/exoticchemicals.com\/shop\/"},{"@type":"ListItem","position":3,"name":"Psilocybe: Buy Mexicana"}]},{"@type":"WebSite","@id":"https:\/\/exoticchemicals.com\/#website","url":"https:\/\/exoticchemicals.com\/","name":"eksoottiset kemikaalit","description":"Osta MDPHP-hydrokloridia","publisher":{"@id":"https:\/\/exoticchemicals.com\/#\/schema\/person\/07ad08472b6f5b213792451a32dbe8c7"},"potentialAction":[{"@type":"SearchAction","target":{"@type":"EntryPoint","urlTemplate":"https:\/\/exoticchemicals.com\/?s={search_term_string}"},"query-input":{"@type":"PropertyValueSpecification","valueRequired":true,"valueName":"search_term_string"}}],"inLanguage":"fi"},{"@type":["Person","Organization"],"@id":"https:\/\/exoticchemicals.com\/#\/schema\/person\/07ad08472b6f5b213792451a32dbe8c7","name":"wwalkershop@gmail.com","image":{"@type":"ImageObject","inLanguage":"fi","@id":"https:\/\/exoticchemicals.com\/wp-content\/uploads\/2025\/02\/pure-3-1-1.png","url":"https:\/\/exoticchemicals.com\/wp-content\/uploads\/2025\/02\/pure-3-1-1.png","contentUrl":"https:\/\/exoticchemicals.com\/wp-content\/uploads\/2025\/02\/pure-3-1-1.png","width":500,"height":500,"caption":"wwalkershop@gmail.com"},"logo":{"@id":"https:\/\/exoticchemicals.com\/wp-content\/uploads\/2025\/02\/pure-3-1-1.png"},"sameAs":["http:\/\/exoticchemicals.com"]}]}},"uagb_featured_image_src":{"full":["https:\/\/exoticchemicals.com\/wp-content\/uploads\/2025\/02\/B-Cubensis-scaled-465x465-1.jpg",465,465,false],"thumbnail":["https:\/\/exoticchemicals.com\/wp-content\/uploads\/2025\/02\/B-Cubensis-scaled-465x465-1-150x150.jpg",150,150,true],"medium":["https:\/\/exoticchemicals.com\/wp-content\/uploads\/2025\/02\/B-Cubensis-scaled-465x465-1-300x300.jpg",300,300,true],"medium_large":["https:\/\/exoticchemicals.com\/wp-content\/uploads\/2025\/02\/B-Cubensis-scaled-465x465-1.jpg",465,465,false],"large":["https:\/\/exoticchemicals.com\/wp-content\/uploads\/2025\/02\/B-Cubensis-scaled-465x465-1.jpg",465,465,false],"1536x1536":["https:\/\/exoticchemicals.com\/wp-content\/uploads\/2025\/02\/B-Cubensis-scaled-465x465-1.jpg",465,465,false],"2048x2048":["https:\/\/exoticchemicals.com\/wp-content\/uploads\/2025\/02\/B-Cubensis-scaled-465x465-1.jpg",465,465,false],"trp-custom-language-flag":["https:\/\/exoticchemicals.com\/wp-content\/uploads\/2025\/02\/B-Cubensis-scaled-465x465-1.jpg",12,12,false],"woocommerce_thumbnail":["https:\/\/exoticchemicals.com\/wp-content\/uploads\/2025\/02\/B-Cubensis-scaled-465x465-1-300x300.jpg",300,300,true],"woocommerce_single":["https:\/\/exoticchemicals.com\/wp-content\/uploads\/2025\/02\/B-Cubensis-scaled-465x465-1.jpg",465,465,false],"woocommerce_gallery_thumbnail":["https:\/\/exoticchemicals.com\/wp-content\/uploads\/2025\/02\/B-Cubensis-scaled-465x465-1-100x100.jpg",100,100,true]},"uagb_author_info":{"display_name":"bossman","author_link":"https:\/\/exoticchemicals.com\/fi\/author\/"},"uagb_comment_info":5,"uagb_excerpt":"Buy Mexicana Another popular strain of magic mushroom is the Psilocybe Mexicana. This mushroom has a long history of being used in magic rituals by the Aztec tribe 2000 years ago. It remains very popular because of it\u2019s light but surprising effects. You get a complete psychoactive experience with a gentle impact in the body.&hellip;","_links":{"self":[{"href":"https:\/\/exoticchemicals.com\/fi\/wp-json\/wp\/v2\/product\/3838","targetHints":{"allow":["GET"]}}],"collection":[{"href":"https:\/\/exoticchemicals.com\/fi\/wp-json\/wp\/v2\/product"}],"about":[{"href":"https:\/\/exoticchemicals.com\/fi\/wp-json\/wp\/v2\/types\/product"}],"replies":[{"embeddable":true,"href":"https:\/\/exoticchemicals.com\/fi\/wp-json\/wp\/v2\/comments?post=3838"}],"wp:featuredmedia":[{"embeddable":true,"href":"https:\/\/exoticchemicals.com\/fi\/wp-json\/wp\/v2\/media\/3889"}],"wp:attachment":[{"href":"https:\/\/exoticchemicals.com\/fi\/wp-json\/wp\/v2\/media?parent=3838"}],"wp:term":[{"taxonomy":"product_brand","embeddable":true,"href":"https:\/\/exoticchemicals.com\/fi\/wp-json\/wp\/v2\/product_brand?post=3838"},{"taxonomy":"product_cat","embeddable":true,"href":"https:\/\/exoticchemicals.com\/fi\/wp-json\/wp\/v2\/product_cat?post=3838"},{"taxonomy":"product_tag","embeddable":true,"href":"https:\/\/exoticchemicals.com\/fi\/wp-json\/wp\/v2\/product_tag?post=3838"}],"curies":[{"name":"wp","href":"https:\/\/api.w.org\/{rel}","templated":true}]}}