{"id":5489,"date":"2026-01-29T21:34:23","date_gmt":"2026-01-29T21:34:23","guid":{"rendered":"https:\/\/exoticchemicals.com\/?post_type=product&#038;p=5489"},"modified":"2026-02-09T16:12:16","modified_gmt":"2026-02-09T16:12:16","slug":"5f-amb","status":"publish","type":"product","link":"https:\/\/exoticchemicals.com\/fr\/product\/5f-amb\/","title":{"rendered":"5F-AMB"},"content":{"rendered":"<h3 style=\"text-align: center\"><strong>5F-AMB<\/strong><\/h3>\n<p>5F-AMB drug with pronounced physiological and psychoactive effects and has the molecular formula C<sub><small>19<\/small><\/sub>H<sub><small>26<\/small><\/sub>FN<sub><small>3<\/small><\/sub>O<sub><small>3<\/small><\/sub>. The formula weight has the value 363.4 g\/mol. The toxicological and physiological properties of it are not known.\u2028 Synthetic cannabinoids like it\u00a0might display high affinity for peripheral CB1 and CB2 cannabinoid receptors<a href=\"https:\/\/buyweightlossmeds.uk\/shop\/\">.<\/a><\/p>\n<h2>How To Buy 5F-AMB Online?<\/h2>\n<p>Nous vous offrons la possibilit\u00e9 de l'obtenir en ligne sans soucis ni maladresses. Nous travaillons sans rel\u00e2che pour nous assurer que vous \u00e9conomisez de l'argent chaque fois que vous commandez en ligne \u00e0 partir de nos produits chimiques de recherche. <a href=\"https:\/\/researchchemicalshop.com\/shop\/\">boutique<\/a>. Notre objectif est de faire en sorte que nos clients paient moins et obtiennent plus.<\/p>\n<h3>Additional Information<\/h3>\n<table class=\"shop_attributes\">\n<tbody>\n<tr>\n<th>Synonymes<\/th>\n<td>5FAMB<\/td>\n<\/tr>\n<tr>\n<th>IUPAC<\/th>\n<td>(S)-\u200bmethyl 2-\u200b(1-\u200b(5-\u200bfluoropentyl)-\u200b1H-\u200bindazole-\u200b3-\u200bcarboxamido)-\u200b3-\u200bmethylbutanoate<\/td>\n<\/tr>\n<tr>\n<th>Formule<\/th>\n<td>C19H26FN3O3<\/td>\n<\/tr>\n<tr>\n<th>Poids mol\u00e9culaire<\/th>\n<td>363.4<\/td>\n<\/tr>\n<tr>\n<th>Apparence<\/th>\n<td>crystalline<\/td>\n<\/tr>\n<tr>\n<th>La puret\u00e9<\/th>\n<td>\u226598%<\/td>\n<\/tr>\n<\/tbody>\n<\/table>","protected":false},"excerpt":{"rendered":"<p>5F-AMB 5F-AMB drug with pronounced physiological and psychoactive effects and has the molecular formula C19H26FN3O3. The formula weight has the value 363.4 g\/mol. The toxicological and physiological properties of it are not known.\u2028 Synthetic cannabinoids like it\u00a0might display high affinity for peripheral CB1 and CB2 cannabinoid receptors. How To Buy 5F-AMB Online? We offers you [&hellip;]<\/p>\n","protected":false},"featured_media":5499,"comment_status":"closed","ping_status":"closed","template":"","meta":{"_uag_custom_page_level_css":"","site-sidebar-layout":"default","site-content-layout":"","ast-site-content-layout":"","site-content-style":"default","site-sidebar-style":"default","ast-global-header-display":"","ast-banner-title-visibility":"","ast-main-header-display":"","ast-hfb-above-header-display":"","ast-hfb-below-header-display":"","ast-hfb-mobile-header-display":"","site-post-title":"","ast-breadcrumbs-content":"","ast-featured-img":"","footer-sml-layout":"","theme-transparent-header-meta":"","adv-header-id-meta":"","stick-header-meta":"","header-above-stick-meta":"","header-main-stick-meta":"","header-below-stick-meta":"","astra-migrate-meta-layouts":"default","ast-page-background-enabled":"default","ast-page-background-meta":{"desktop":{"background-color":"","background-image":"","background-repeat":"repeat","background-position":"center center","background-size":"auto","background-attachment":"scroll","background-type":"","background-media":"","overlay-type":"","overlay-color":"","overlay-opacity":"","overlay-gradient":""},"tablet":{"background-color":"","background-image":"","background-repeat":"repeat","background-position":"center center","background-size":"auto","background-attachment":"scroll","background-type":"","background-media":"","overlay-type":"","overlay-color":"","overlay-opacity":"","overlay-gradient":""},"mobile":{"background-color":"","background-image":"","background-repeat":"repeat","background-position":"center center","background-size":"auto","background-attachment":"scroll","background-type":"","background-media":"","overlay-type":"","overlay-color":"","overlay-opacity":"","overlay-gradient":""}},"ast-content-background-meta":{"desktop":{"background-color":"var(--ast-global-color-5)","background-image":"","background-repeat":"repeat","background-position":"center center","background-size":"auto","background-attachment":"scroll","background-type":"","background-media":"","overlay-type":"","overlay-color":"","overlay-opacity":"","overlay-gradient":""},"tablet":{"background-color":"var(--ast-global-color-5)","background-image":"","background-repeat":"repeat","background-position":"center center","background-size":"auto","background-attachment":"scroll","background-type":"","background-media":"","overlay-type":"","overlay-color":"","overlay-opacity":"","overlay-gradient":""},"mobile":{"background-color":"var(--ast-global-color-5)","background-image":"","background-repeat":"repeat","background-position":"center center","background-size":"auto","background-attachment":"scroll","background-type":"","background-media":"","overlay-type":"","overlay-color":"","overlay-opacity":"","overlay-gradient":""}}},"product_brand":[],"product_cat":[22],"product_tag":[12926,13543,13544,12928,5649,1852,12929,12930,12931,12932,5717,5729,5731,5735,5736,12946,12947,12948,12949,12950,12951,12952,12953,12954,12955,12956,12957,1502,5685,5741,5743,5744,12958,12959,12960,12961,12963,12964,12965,5749,5753,5763],"class_list":{"0":"post-5489","1":"product","2":"type-product","3":"status-publish","4":"has-post-thumbnail","6":"product_cat-buy-high-quality-mdpv-hydrochloride","7":"product_tag-2c-research-chemical","8":"product_tag-5f-amb","9":"product_tag-buy-5f-amb","10":"product_tag-buy-research-chemical","11":"product_tag-buy-research-chemicals","12":"product_tag-buy-research-chemicals-online","13":"product_tag-cabergoline-research-chemical","14":"product_tag-canadian-research-chemicals","15":"product_tag-domestic-research-chemicals","16":"product_tag-enclomiphene-research-chemical","17":"product_tag-legal-research-chemicals","18":"product_tag-opioid-research-chemicals","19":"product_tag-order-research-chemicals","20":"product_tag-quality-research-chemicals","21":"product_tag-reddit-research-chemicals","22":"product_tag-research-chemical","23":"product_tag-research-chemical-drugs","24":"product_tag-research-chemical-forum","25":"product_tag-research-chemical-opiates","26":"product_tag-research-chemical-reddit","27":"product_tag-research-chemical-shop","28":"product_tag-research-chemical-sources","29":"product_tag-research-chemical-store","30":"product_tag-research-chemical-supply","31":"product_tag-research-chemical-vendor-usa","32":"product_tag-research-chemical-vendors","33":"product_tag-research-chemical-vendors-reddit","34":"product_tag-research-chemicals","35":"product_tag-research-chemicals-for-sale","36":"product_tag-research-chemicals-kopen","37":"product_tag-research-chemicals-online","38":"product_tag-research-chemicals-reddit","39":"product_tag-research-chemicals-sale","40":"product_tag-research-chemicals-store","41":"product_tag-semaglutide-research-chemical","42":"product_tag-sunnyside-research-chemicals","43":"product_tag-tadalafil-research-chemical","44":"product_tag-tirzepatide-research-chemical","45":"product_tag-tirzepatide-research-chemical-for-sale","46":"product_tag-toronto-research-chemicals","47":"product_tag-what-are-research-chemicals","48":"product_tag-where-to-buy-research-chemicals","49":"desktop-align-left","50":"tablet-align-left","51":"mobile-align-left","53":"first","54":"instock","55":"shipping-taxable","56":"purchasable","57":"product-type-variable"},"yoast_head":"<!-- This site is optimized with the Yoast SEO plugin v27.4 - https:\/\/yoast.com\/product\/yoast-seo-wordpress\/ -->\n<title>5F-AMB -<\/title>\n<meta name=\"robots\" content=\"index, follow, max-snippet:-1, max-image-preview:large, max-video-preview:-1\" \/>\n<link rel=\"canonical\" href=\"https:\/\/exoticchemicals.com\/fr\/produit\/5f-amb\/\" \/>\n<meta property=\"og:locale\" content=\"fr_FR\" \/>\n<meta property=\"og:type\" content=\"article\" \/>\n<meta property=\"og:title\" content=\"5F-AMB -\" \/>\n<meta property=\"og:description\" content=\"5F-AMB 5F-AMB drug with pronounced physiological and psychoactive effects and has the molecular formula C19H26FN3O3. The formula weight has the value 363.4 g\/mol. The toxicological and physiological properties of it are not known.\u2028 Synthetic cannabinoids like it\u00a0might display high affinity for peripheral CB1 and CB2 cannabinoid receptors. How To Buy 5F-AMB Online? We offers you [&hellip;]\" \/>\n<meta property=\"og:url\" content=\"https:\/\/exoticchemicals.com\/fr\/produit\/5f-amb\/\" \/>\n<meta property=\"article:modified_time\" content=\"2026-02-09T16:12:16+00:00\" \/>\n<meta name=\"twitter:card\" content=\"summary_large_image\" \/>\n<meta name=\"twitter:label1\" content=\"Dur\u00e9e de lecture estim\u00e9e\" \/>\n\t<meta name=\"twitter:data1\" content=\"1 minute\" \/>\n<script type=\"application\/ld+json\" class=\"yoast-schema-graph\">{\"@context\":\"https:\\\/\\\/schema.org\",\"@graph\":[{\"@type\":\"WebPage\",\"@id\":\"https:\\\/\\\/exoticchemicals.com\\\/product\\\/5f-amb\\\/\",\"url\":\"https:\\\/\\\/exoticchemicals.com\\\/product\\\/5f-amb\\\/\",\"name\":\"5F-AMB -\",\"isPartOf\":{\"@id\":\"https:\\\/\\\/exoticchemicals.com\\\/#website\"},\"primaryImageOfPage\":{\"@id\":\"https:\\\/\\\/exoticchemicals.com\\\/product\\\/5f-amb\\\/#primaryimage\"},\"image\":{\"@id\":\"https:\\\/\\\/exoticchemicals.com\\\/product\\\/5f-amb\\\/#primaryimage\"},\"thumbnailUrl\":\"https:\\\/\\\/exoticchemicals.com\\\/wp-content\\\/uploads\\\/2026\\\/01\\\/5F-AMB.png\",\"datePublished\":\"2026-01-29T21:34:23+00:00\",\"dateModified\":\"2026-02-09T16:12:16+00:00\",\"breadcrumb\":{\"@id\":\"https:\\\/\\\/exoticchemicals.com\\\/product\\\/5f-amb\\\/#breadcrumb\"},\"inLanguage\":\"fr-FR\",\"potentialAction\":[{\"@type\":\"ReadAction\",\"target\":[\"https:\\\/\\\/exoticchemicals.com\\\/product\\\/5f-amb\\\/\"]}]},{\"@type\":\"ImageObject\",\"inLanguage\":\"fr-FR\",\"@id\":\"https:\\\/\\\/exoticchemicals.com\\\/product\\\/5f-amb\\\/#primaryimage\",\"url\":\"https:\\\/\\\/exoticchemicals.com\\\/wp-content\\\/uploads\\\/2026\\\/01\\\/5F-AMB.png\",\"contentUrl\":\"https:\\\/\\\/exoticchemicals.com\\\/wp-content\\\/uploads\\\/2026\\\/01\\\/5F-AMB.png\",\"width\":390,\"height\":532},{\"@type\":\"BreadcrumbList\",\"@id\":\"https:\\\/\\\/exoticchemicals.com\\\/product\\\/5f-amb\\\/#breadcrumb\",\"itemListElement\":[{\"@type\":\"ListItem\",\"position\":1,\"name\":\"Home\",\"item\":\"https:\\\/\\\/exoticchemicals.com\\\/\"},{\"@type\":\"ListItem\",\"position\":2,\"name\":\"Shop\",\"item\":\"https:\\\/\\\/exoticchemicals.com\\\/shop\\\/\"},{\"@type\":\"ListItem\",\"position\":3,\"name\":\"5F-AMB\"}]},{\"@type\":\"WebSite\",\"@id\":\"https:\\\/\\\/exoticchemicals.com\\\/#website\",\"url\":\"https:\\\/\\\/exoticchemicals.com\\\/\",\"name\":\"exotic chemicals\",\"description\":\"Buy MDPHP Hydrochloride\",\"publisher\":{\"@id\":\"https:\\\/\\\/exoticchemicals.com\\\/#\\\/schema\\\/person\\\/07ad08472b6f5b213792451a32dbe8c7\"},\"potentialAction\":[{\"@type\":\"SearchAction\",\"target\":{\"@type\":\"EntryPoint\",\"urlTemplate\":\"https:\\\/\\\/exoticchemicals.com\\\/?s={search_term_string}\"},\"query-input\":{\"@type\":\"PropertyValueSpecification\",\"valueRequired\":true,\"valueName\":\"search_term_string\"}}],\"inLanguage\":\"fr-FR\"},{\"@type\":[\"Person\",\"Organization\"],\"@id\":\"https:\\\/\\\/exoticchemicals.com\\\/#\\\/schema\\\/person\\\/07ad08472b6f5b213792451a32dbe8c7\",\"name\":\"wwalkershop@gmail.com\",\"image\":{\"@type\":\"ImageObject\",\"inLanguage\":\"fr-FR\",\"@id\":\"https:\\\/\\\/exoticchemicals.com\\\/wp-content\\\/uploads\\\/2025\\\/02\\\/pure-3-1-1.png\",\"url\":\"https:\\\/\\\/exoticchemicals.com\\\/wp-content\\\/uploads\\\/2025\\\/02\\\/pure-3-1-1.png\",\"contentUrl\":\"https:\\\/\\\/exoticchemicals.com\\\/wp-content\\\/uploads\\\/2025\\\/02\\\/pure-3-1-1.png\",\"width\":500,\"height\":500,\"caption\":\"wwalkershop@gmail.com\"},\"logo\":{\"@id\":\"https:\\\/\\\/exoticchemicals.com\\\/wp-content\\\/uploads\\\/2025\\\/02\\\/pure-3-1-1.png\"},\"sameAs\":[\"http:\\\/\\\/exoticchemicals.com\"]}]}<\/script>\n<!-- \/ Yoast SEO plugin. -->","yoast_head_json":{"title":"5F-AMB -","robots":{"index":"index","follow":"follow","max-snippet":"max-snippet:-1","max-image-preview":"max-image-preview:large","max-video-preview":"max-video-preview:-1"},"canonical":"https:\/\/exoticchemicals.com\/fr\/produit\/5f-amb\/","og_locale":"fr_FR","og_type":"article","og_title":"5F-AMB -","og_description":"5F-AMB 5F-AMB drug with pronounced physiological and psychoactive effects and has the molecular formula C19H26FN3O3. The formula weight has the value 363.4 g\/mol. The toxicological and physiological properties of it are not known.\u2028 Synthetic cannabinoids like it\u00a0might display high affinity for peripheral CB1 and CB2 cannabinoid receptors. How To Buy 5F-AMB Online? We offers you [&hellip;]","og_url":"https:\/\/exoticchemicals.com\/fr\/produit\/5f-amb\/","article_modified_time":"2026-02-09T16:12:16+00:00","twitter_card":"summary_large_image","twitter_misc":{"Dur\u00e9e de lecture estim\u00e9e":"1 minute"},"schema":{"@context":"https:\/\/schema.org","@graph":[{"@type":"WebPage","@id":"https:\/\/exoticchemicals.com\/product\/5f-amb\/","url":"https:\/\/exoticchemicals.com\/product\/5f-amb\/","name":"5F-AMB -","isPartOf":{"@id":"https:\/\/exoticchemicals.com\/#website"},"primaryImageOfPage":{"@id":"https:\/\/exoticchemicals.com\/product\/5f-amb\/#primaryimage"},"image":{"@id":"https:\/\/exoticchemicals.com\/product\/5f-amb\/#primaryimage"},"thumbnailUrl":"https:\/\/exoticchemicals.com\/wp-content\/uploads\/2026\/01\/5F-AMB.png","datePublished":"2026-01-29T21:34:23+00:00","dateModified":"2026-02-09T16:12:16+00:00","breadcrumb":{"@id":"https:\/\/exoticchemicals.com\/product\/5f-amb\/#breadcrumb"},"inLanguage":"fr-FR","potentialAction":[{"@type":"ReadAction","target":["https:\/\/exoticchemicals.com\/product\/5f-amb\/"]}]},{"@type":"ImageObject","inLanguage":"fr-FR","@id":"https:\/\/exoticchemicals.com\/product\/5f-amb\/#primaryimage","url":"https:\/\/exoticchemicals.com\/wp-content\/uploads\/2026\/01\/5F-AMB.png","contentUrl":"https:\/\/exoticchemicals.com\/wp-content\/uploads\/2026\/01\/5F-AMB.png","width":390,"height":532},{"@type":"BreadcrumbList","@id":"https:\/\/exoticchemicals.com\/product\/5f-amb\/#breadcrumb","itemListElement":[{"@type":"ListItem","position":1,"name":"Home","item":"https:\/\/exoticchemicals.com\/"},{"@type":"ListItem","position":2,"name":"Shop","item":"https:\/\/exoticchemicals.com\/shop\/"},{"@type":"ListItem","position":3,"name":"5F-AMB"}]},{"@type":"WebSite","@id":"https:\/\/exoticchemicals.com\/#website","url":"https:\/\/exoticchemicals.com\/","name":"produits chimiques exotiques","description":"Acheter MDPHP Hydrochloride","publisher":{"@id":"https:\/\/exoticchemicals.com\/#\/schema\/person\/07ad08472b6f5b213792451a32dbe8c7"},"potentialAction":[{"@type":"SearchAction","target":{"@type":"EntryPoint","urlTemplate":"https:\/\/exoticchemicals.com\/?s={search_term_string}"},"query-input":{"@type":"PropertyValueSpecification","valueRequired":true,"valueName":"search_term_string"}}],"inLanguage":"fr-FR"},{"@type":["Person","Organization"],"@id":"https:\/\/exoticchemicals.com\/#\/schema\/person\/07ad08472b6f5b213792451a32dbe8c7","name":"wwalkershop@gmail.com","image":{"@type":"ImageObject","inLanguage":"fr-FR","@id":"https:\/\/exoticchemicals.com\/wp-content\/uploads\/2025\/02\/pure-3-1-1.png","url":"https:\/\/exoticchemicals.com\/wp-content\/uploads\/2025\/02\/pure-3-1-1.png","contentUrl":"https:\/\/exoticchemicals.com\/wp-content\/uploads\/2025\/02\/pure-3-1-1.png","width":500,"height":500,"caption":"wwalkershop@gmail.com"},"logo":{"@id":"https:\/\/exoticchemicals.com\/wp-content\/uploads\/2025\/02\/pure-3-1-1.png"},"sameAs":["http:\/\/exoticchemicals.com"]}]}},"uagb_featured_image_src":{"full":["https:\/\/exoticchemicals.com\/wp-content\/uploads\/2026\/01\/5F-AMB.png",390,532,false],"thumbnail":["https:\/\/exoticchemicals.com\/wp-content\/uploads\/2026\/01\/5F-AMB-150x150.png",150,150,true],"medium":["https:\/\/exoticchemicals.com\/wp-content\/uploads\/2026\/01\/5F-AMB-220x300.png",220,300,true],"medium_large":["https:\/\/exoticchemicals.com\/wp-content\/uploads\/2026\/01\/5F-AMB.png",390,532,false],"large":["https:\/\/exoticchemicals.com\/wp-content\/uploads\/2026\/01\/5F-AMB.png",390,532,false],"1536x1536":["https:\/\/exoticchemicals.com\/wp-content\/uploads\/2026\/01\/5F-AMB.png",390,532,false],"2048x2048":["https:\/\/exoticchemicals.com\/wp-content\/uploads\/2026\/01\/5F-AMB.png",390,532,false],"trp-custom-language-flag":["https:\/\/exoticchemicals.com\/wp-content\/uploads\/2026\/01\/5F-AMB-9x12.png",9,12,true],"woocommerce_thumbnail":["https:\/\/exoticchemicals.com\/wp-content\/uploads\/2026\/01\/5F-AMB-300x300.png",300,300,true],"woocommerce_single":["https:\/\/exoticchemicals.com\/wp-content\/uploads\/2026\/01\/5F-AMB.png",390,532,false],"woocommerce_gallery_thumbnail":["https:\/\/exoticchemicals.com\/wp-content\/uploads\/2026\/01\/5F-AMB-100x100.png",100,100,true]},"uagb_author_info":{"display_name":"wwalkershop@gmail.com","author_link":"https:\/\/exoticchemicals.com\/fr\/author\/"},"uagb_comment_info":4,"uagb_excerpt":"5F-AMB 5F-AMB drug with pronounced physiological and psychoactive effects and has the molecular formula C19H26FN3O3. The formula weight has the value 363.4 g\/mol. The toxicological and physiological properties of it are not known.\u2028 Synthetic cannabinoids like it\u00a0might display high affinity for peripheral CB1 and CB2 cannabinoid receptors. How To Buy 5F-AMB Online? We offers you\u2026","_links":{"self":[{"href":"https:\/\/exoticchemicals.com\/fr\/wp-json\/wp\/v2\/product\/5489","targetHints":{"allow":["GET"]}}],"collection":[{"href":"https:\/\/exoticchemicals.com\/fr\/wp-json\/wp\/v2\/product"}],"about":[{"href":"https:\/\/exoticchemicals.com\/fr\/wp-json\/wp\/v2\/types\/product"}],"replies":[{"embeddable":true,"href":"https:\/\/exoticchemicals.com\/fr\/wp-json\/wp\/v2\/comments?post=5489"}],"wp:featuredmedia":[{"embeddable":true,"href":"https:\/\/exoticchemicals.com\/fr\/wp-json\/wp\/v2\/media\/5499"}],"wp:attachment":[{"href":"https:\/\/exoticchemicals.com\/fr\/wp-json\/wp\/v2\/media?parent=5489"}],"wp:term":[{"taxonomy":"product_brand","embeddable":true,"href":"https:\/\/exoticchemicals.com\/fr\/wp-json\/wp\/v2\/product_brand?post=5489"},{"taxonomy":"product_cat","embeddable":true,"href":"https:\/\/exoticchemicals.com\/fr\/wp-json\/wp\/v2\/product_cat?post=5489"},{"taxonomy":"product_tag","embeddable":true,"href":"https:\/\/exoticchemicals.com\/fr\/wp-json\/wp\/v2\/product_tag?post=5489"}],"curies":[{"name":"wp","href":"https:\/\/api.w.org\/{rel}","templated":true}]}}