{"id":5507,"date":"2026-01-29T21:34:31","date_gmt":"2026-01-29T21:34:31","guid":{"rendered":"https:\/\/exoticchemicals.com\/?post_type=product&#038;p=5507"},"modified":"2026-04-14T07:21:41","modified_gmt":"2026-04-14T07:21:41","slug":"1p-lsd","status":"publish","type":"product","link":"https:\/\/exoticchemicals.com\/fr\/product\/1p-lsd\/","title":{"rendered":"1P-LSD"},"content":{"rendered":"<h3 style=\"text-align: center\"><strong>1P-LSD<\/strong><\/h3>\n<p><span class=\"s1\">1P-LSD (1-propionyl-lysergic acid diethylamide) is a psychedelic of the lysergamide class. It is from the same family as ALD-52 and LSD. It is subjectively similar to LSD. Chemically the only difference between the two is that has a small propionyl group bound to the 1-position or indole ring of LSD<\/span><span class=\"s1\">\u00a0are dosed at 100mcg each, ensure to wearing gloves when handling the blotters<a href=\"https:\/\/boombarsshop.com\/shop\/\"><b>.<\/b><\/a><br \/> <\/span><\/p>\n<h2>How To Buy 1P-LSD blotters Online ?<\/h2>\n<p>Nous vous offrons la possibilit\u00e9 de l'obtenir en ligne sans soucis ni maladresses. Nous travaillons sans rel\u00e2che pour nous assurer que vous \u00e9conomisez de l'argent chaque fois que vous commandez en ligne \u00e0 partir de nos produits chimiques de recherche. <a href=\"https:\/\/researchchemicalshop.com\/shop\/\">boutique<\/a>. Notre objectif est de faire en sorte que nos clients paient moins et obtiennent plus.<\/p>\n<p>An LSD trip may vary greatly from person to person, from one trip to another, and even as time passes during a single trip. Widely different effects emerge based on set and setting: the \u2018set\u2019 being the general mindset of the user.<\/p>","protected":false},"excerpt":{"rendered":"<p>1P-LSD 1P-LSD (1-propionyl-lysergic acid diethylamide) is a psychedelic of the lysergamide class. It is from the same family as ALD-52 and LSD. It is subjectively similar to LSD. Chemically the only difference between the two is that has a small propionyl group bound to the 1-position or indole ring of LSD\u00a0are dosed at 100mcg each, [&hellip;]<\/p>\n","protected":false},"featured_media":5531,"comment_status":"closed","ping_status":"closed","template":"","meta":{"_uag_custom_page_level_css":"","site-sidebar-layout":"default","site-content-layout":"","ast-site-content-layout":"default","site-content-style":"default","site-sidebar-style":"default","ast-global-header-display":"","ast-banner-title-visibility":"","ast-main-header-display":"","ast-hfb-above-header-display":"","ast-hfb-below-header-display":"","ast-hfb-mobile-header-display":"","site-post-title":"","ast-breadcrumbs-content":"","ast-featured-img":"","footer-sml-layout":"","ast-disable-related-posts":"","theme-transparent-header-meta":"","adv-header-id-meta":"","stick-header-meta":"","header-above-stick-meta":"","header-main-stick-meta":"","header-below-stick-meta":"","astra-migrate-meta-layouts":"default","ast-page-background-enabled":"default","ast-page-background-meta":{"desktop":{"background-color":"","background-image":"","background-repeat":"repeat","background-position":"center center","background-size":"auto","background-attachment":"scroll","background-type":"","background-media":"","overlay-type":"","overlay-color":"","overlay-opacity":"","overlay-gradient":""},"tablet":{"background-color":"","background-image":"","background-repeat":"repeat","background-position":"center center","background-size":"auto","background-attachment":"scroll","background-type":"","background-media":"","overlay-type":"","overlay-color":"","overlay-opacity":"","overlay-gradient":""},"mobile":{"background-color":"","background-image":"","background-repeat":"repeat","background-position":"center center","background-size":"auto","background-attachment":"scroll","background-type":"","background-media":"","overlay-type":"","overlay-color":"","overlay-opacity":"","overlay-gradient":""}},"ast-content-background-meta":{"desktop":{"background-color":"var(--ast-global-color-5)","background-image":"","background-repeat":"repeat","background-position":"center center","background-size":"auto","background-attachment":"scroll","background-type":"","background-media":"","overlay-type":"","overlay-color":"","overlay-opacity":"","overlay-gradient":""},"tablet":{"background-color":"var(--ast-global-color-5)","background-image":"","background-repeat":"repeat","background-position":"center center","background-size":"auto","background-attachment":"scroll","background-type":"","background-media":"","overlay-type":"","overlay-color":"","overlay-opacity":"","overlay-gradient":""},"mobile":{"background-color":"var(--ast-global-color-5)","background-image":"","background-repeat":"repeat","background-position":"center center","background-size":"auto","background-attachment":"scroll","background-type":"","background-media":"","overlay-type":"","overlay-color":"","overlay-opacity":"","overlay-gradient":""}}},"product_brand":[],"product_cat":[22],"product_tag":[13564,13565,13566,13567,13568,13569,13570,13571,13572,13573,13574,13575,13576,12926,13577,13578,12928,5649,1852,12929,12930,12931,12932,13579,5717,13580,13581,13582,5729,5731,5735,5736,12946,12947,12948,12949,12950,12951,12952,12953,12954,12955,12956,12957,1502,5685,5741,5743,5744,12958,12959,12960,12961,12963,12964,12965,5749,5753,13583,5763],"class_list":{"0":"post-5507","1":"product","2":"type-product","3":"status-publish","4":"has-post-thumbnail","6":"product_cat-buy-high-quality-mdpv-hydrochloride","7":"product_tag-1p-lsd","8":"product_tag-1p-lsd-100-mcg-blotters","9":"product_tag-1p-lsd-150-mcg-pellets","10":"product_tag-1p-lsd-blotter","11":"product_tag-1p-lsd-buy","12":"product_tag-1p-lsd-canada","13":"product_tag-1p-lsd-for-sale","14":"product_tag-1p-lsd-kopen","15":"product_tag-1p-lsd-legality","16":"product_tag-1p-lsd-psychonaut","17":"product_tag-1p-lsd-purchase","18":"product_tag-1p-lsd-research-chemical","19":"product_tag-1p-lsd-vs-lsd","20":"product_tag-2c-research-chemical","21":"product_tag-buy-1p-lsd","22":"product_tag-buy-1p-lsd-online","23":"product_tag-buy-research-chemical","24":"product_tag-buy-research-chemicals","25":"product_tag-buy-research-chemicals-online","26":"product_tag-cabergoline-research-chemical","27":"product_tag-canadian-research-chemicals","28":"product_tag-domestic-research-chemicals","29":"product_tag-enclomiphene-research-chemical","30":"product_tag-is-1p-lsd-legal","31":"product_tag-legal-research-chemicals","32":"product_tag-microdoseren-1p-lsd","33":"product_tag-microdoseren-1p-lsd-ervaringen","34":"product_tag-microdosing-1p-lsd","35":"product_tag-opioid-research-chemicals","36":"product_tag-order-research-chemicals","37":"product_tag-quality-research-chemicals","38":"product_tag-reddit-research-chemicals","39":"product_tag-research-chemical","40":"product_tag-research-chemical-drugs","41":"product_tag-research-chemical-forum","42":"product_tag-research-chemical-opiates","43":"product_tag-research-chemical-reddit","44":"product_tag-research-chemical-shop","45":"product_tag-research-chemical-sources","46":"product_tag-research-chemical-store","47":"product_tag-research-chemical-supply","48":"product_tag-research-chemical-vendor-usa","49":"product_tag-research-chemical-vendors","50":"product_tag-research-chemical-vendors-reddit","51":"product_tag-research-chemicals","52":"product_tag-research-chemicals-for-sale","53":"product_tag-research-chemicals-kopen","54":"product_tag-research-chemicals-online","55":"product_tag-research-chemicals-reddit","56":"product_tag-research-chemicals-sale","57":"product_tag-research-chemicals-store","58":"product_tag-semaglutide-research-chemical","59":"product_tag-sunnyside-research-chemicals","60":"product_tag-tadalafil-research-chemical","61":"product_tag-tirzepatide-research-chemical","62":"product_tag-tirzepatide-research-chemical-for-sale","63":"product_tag-toronto-research-chemicals","64":"product_tag-what-are-research-chemicals","65":"product_tag-where-to-buy-1p-lsd","66":"product_tag-where-to-buy-research-chemicals","67":"desktop-align-left","68":"tablet-align-left","69":"mobile-align-left","71":"first","72":"instock","73":"shipping-taxable","74":"purchasable","75":"product-type-variable"},"yoast_head":"<!-- This site is optimized with the Yoast SEO plugin v27.4 - https:\/\/yoast.com\/product\/yoast-seo-wordpress\/ -->\n<title>1P-LSD -<\/title>\n<meta name=\"robots\" content=\"index, follow, max-snippet:-1, max-image-preview:large, max-video-preview:-1\" \/>\n<link rel=\"canonical\" href=\"https:\/\/exoticchemicals.com\/fr\/produit\/1p-lsd\/\" \/>\n<meta property=\"og:locale\" content=\"fr_FR\" \/>\n<meta property=\"og:type\" content=\"article\" \/>\n<meta property=\"og:title\" content=\"1P-LSD -\" \/>\n<meta property=\"og:description\" content=\"1P-LSD 1P-LSD (1-propionyl-lysergic acid diethylamide) is a psychedelic of the lysergamide class. It is from the same family as ALD-52 and LSD. It is subjectively similar to LSD. Chemically the only difference between the two is that has a small propionyl group bound to the 1-position or indole ring of LSD\u00a0are dosed at 100mcg each, [&hellip;]\" \/>\n<meta property=\"og:url\" content=\"https:\/\/exoticchemicals.com\/fr\/produit\/1p-lsd\/\" \/>\n<meta property=\"article:modified_time\" content=\"2026-04-14T07:21:41+00:00\" \/>\n<meta name=\"twitter:card\" content=\"summary_large_image\" \/>\n<meta name=\"twitter:label1\" content=\"Dur\u00e9e de lecture estim\u00e9e\" \/>\n\t<meta name=\"twitter:data1\" content=\"1 minute\" \/>\n<script type=\"application\/ld+json\" class=\"yoast-schema-graph\">{\"@context\":\"https:\\\/\\\/schema.org\",\"@graph\":[{\"@type\":\"WebPage\",\"@id\":\"https:\\\/\\\/exoticchemicals.com\\\/product\\\/1p-lsd\\\/\",\"url\":\"https:\\\/\\\/exoticchemicals.com\\\/product\\\/1p-lsd\\\/\",\"name\":\"1P-LSD -\",\"isPartOf\":{\"@id\":\"https:\\\/\\\/exoticchemicals.com\\\/#website\"},\"primaryImageOfPage\":{\"@id\":\"https:\\\/\\\/exoticchemicals.com\\\/product\\\/1p-lsd\\\/#primaryimage\"},\"image\":{\"@id\":\"https:\\\/\\\/exoticchemicals.com\\\/product\\\/1p-lsd\\\/#primaryimage\"},\"thumbnailUrl\":\"https:\\\/\\\/exoticchemicals.com\\\/wp-content\\\/uploads\\\/2026\\\/01\\\/1P-LSD.png\",\"datePublished\":\"2026-01-29T21:34:31+00:00\",\"dateModified\":\"2026-04-14T07:21:41+00:00\",\"breadcrumb\":{\"@id\":\"https:\\\/\\\/exoticchemicals.com\\\/product\\\/1p-lsd\\\/#breadcrumb\"},\"inLanguage\":\"fr-FR\",\"potentialAction\":[{\"@type\":\"ReadAction\",\"target\":[\"https:\\\/\\\/exoticchemicals.com\\\/product\\\/1p-lsd\\\/\"]}]},{\"@type\":\"ImageObject\",\"inLanguage\":\"fr-FR\",\"@id\":\"https:\\\/\\\/exoticchemicals.com\\\/product\\\/1p-lsd\\\/#primaryimage\",\"url\":\"https:\\\/\\\/exoticchemicals.com\\\/wp-content\\\/uploads\\\/2026\\\/01\\\/1P-LSD.png\",\"contentUrl\":\"https:\\\/\\\/exoticchemicals.com\\\/wp-content\\\/uploads\\\/2026\\\/01\\\/1P-LSD.png\",\"width\":650,\"height\":650},{\"@type\":\"BreadcrumbList\",\"@id\":\"https:\\\/\\\/exoticchemicals.com\\\/product\\\/1p-lsd\\\/#breadcrumb\",\"itemListElement\":[{\"@type\":\"ListItem\",\"position\":1,\"name\":\"Home\",\"item\":\"https:\\\/\\\/exoticchemicals.com\\\/\"},{\"@type\":\"ListItem\",\"position\":2,\"name\":\"Shop\",\"item\":\"https:\\\/\\\/exoticchemicals.com\\\/shop\\\/\"},{\"@type\":\"ListItem\",\"position\":3,\"name\":\"1P-LSD\"}]},{\"@type\":\"WebSite\",\"@id\":\"https:\\\/\\\/exoticchemicals.com\\\/#website\",\"url\":\"https:\\\/\\\/exoticchemicals.com\\\/\",\"name\":\"exotic chemicals\",\"description\":\"Buy MDPHP Hydrochloride\",\"publisher\":{\"@id\":\"https:\\\/\\\/exoticchemicals.com\\\/#\\\/schema\\\/person\\\/07ad08472b6f5b213792451a32dbe8c7\"},\"potentialAction\":[{\"@type\":\"SearchAction\",\"target\":{\"@type\":\"EntryPoint\",\"urlTemplate\":\"https:\\\/\\\/exoticchemicals.com\\\/?s={search_term_string}\"},\"query-input\":{\"@type\":\"PropertyValueSpecification\",\"valueRequired\":true,\"valueName\":\"search_term_string\"}}],\"inLanguage\":\"fr-FR\"},{\"@type\":[\"Person\",\"Organization\"],\"@id\":\"https:\\\/\\\/exoticchemicals.com\\\/#\\\/schema\\\/person\\\/07ad08472b6f5b213792451a32dbe8c7\",\"name\":\"wwalkershop@gmail.com\",\"image\":{\"@type\":\"ImageObject\",\"inLanguage\":\"fr-FR\",\"@id\":\"https:\\\/\\\/exoticchemicals.com\\\/wp-content\\\/uploads\\\/2025\\\/02\\\/pure-3-1-1.png\",\"url\":\"https:\\\/\\\/exoticchemicals.com\\\/wp-content\\\/uploads\\\/2025\\\/02\\\/pure-3-1-1.png\",\"contentUrl\":\"https:\\\/\\\/exoticchemicals.com\\\/wp-content\\\/uploads\\\/2025\\\/02\\\/pure-3-1-1.png\",\"width\":500,\"height\":500,\"caption\":\"wwalkershop@gmail.com\"},\"logo\":{\"@id\":\"https:\\\/\\\/exoticchemicals.com\\\/wp-content\\\/uploads\\\/2025\\\/02\\\/pure-3-1-1.png\"},\"sameAs\":[\"http:\\\/\\\/exoticchemicals.com\"]}]}<\/script>\n<!-- \/ Yoast SEO plugin. -->","yoast_head_json":{"title":"1P-LSD -","robots":{"index":"index","follow":"follow","max-snippet":"max-snippet:-1","max-image-preview":"max-image-preview:large","max-video-preview":"max-video-preview:-1"},"canonical":"https:\/\/exoticchemicals.com\/fr\/produit\/1p-lsd\/","og_locale":"fr_FR","og_type":"article","og_title":"1P-LSD -","og_description":"1P-LSD 1P-LSD (1-propionyl-lysergic acid diethylamide) is a psychedelic of the lysergamide class. It is from the same family as ALD-52 and LSD. It is subjectively similar to LSD. Chemically the only difference between the two is that has a small propionyl group bound to the 1-position or indole ring of LSD\u00a0are dosed at 100mcg each, [&hellip;]","og_url":"https:\/\/exoticchemicals.com\/fr\/produit\/1p-lsd\/","article_modified_time":"2026-04-14T07:21:41+00:00","twitter_card":"summary_large_image","twitter_misc":{"Dur\u00e9e de lecture estim\u00e9e":"1 minute"},"schema":{"@context":"https:\/\/schema.org","@graph":[{"@type":"WebPage","@id":"https:\/\/exoticchemicals.com\/product\/1p-lsd\/","url":"https:\/\/exoticchemicals.com\/product\/1p-lsd\/","name":"1P-LSD -","isPartOf":{"@id":"https:\/\/exoticchemicals.com\/#website"},"primaryImageOfPage":{"@id":"https:\/\/exoticchemicals.com\/product\/1p-lsd\/#primaryimage"},"image":{"@id":"https:\/\/exoticchemicals.com\/product\/1p-lsd\/#primaryimage"},"thumbnailUrl":"https:\/\/exoticchemicals.com\/wp-content\/uploads\/2026\/01\/1P-LSD.png","datePublished":"2026-01-29T21:34:31+00:00","dateModified":"2026-04-14T07:21:41+00:00","breadcrumb":{"@id":"https:\/\/exoticchemicals.com\/product\/1p-lsd\/#breadcrumb"},"inLanguage":"fr-FR","potentialAction":[{"@type":"ReadAction","target":["https:\/\/exoticchemicals.com\/product\/1p-lsd\/"]}]},{"@type":"ImageObject","inLanguage":"fr-FR","@id":"https:\/\/exoticchemicals.com\/product\/1p-lsd\/#primaryimage","url":"https:\/\/exoticchemicals.com\/wp-content\/uploads\/2026\/01\/1P-LSD.png","contentUrl":"https:\/\/exoticchemicals.com\/wp-content\/uploads\/2026\/01\/1P-LSD.png","width":650,"height":650},{"@type":"BreadcrumbList","@id":"https:\/\/exoticchemicals.com\/product\/1p-lsd\/#breadcrumb","itemListElement":[{"@type":"ListItem","position":1,"name":"Home","item":"https:\/\/exoticchemicals.com\/"},{"@type":"ListItem","position":2,"name":"Shop","item":"https:\/\/exoticchemicals.com\/shop\/"},{"@type":"ListItem","position":3,"name":"1P-LSD"}]},{"@type":"WebSite","@id":"https:\/\/exoticchemicals.com\/#website","url":"https:\/\/exoticchemicals.com\/","name":"produits chimiques exotiques","description":"Acheter MDPHP Hydrochloride","publisher":{"@id":"https:\/\/exoticchemicals.com\/#\/schema\/person\/07ad08472b6f5b213792451a32dbe8c7"},"potentialAction":[{"@type":"SearchAction","target":{"@type":"EntryPoint","urlTemplate":"https:\/\/exoticchemicals.com\/?s={search_term_string}"},"query-input":{"@type":"PropertyValueSpecification","valueRequired":true,"valueName":"search_term_string"}}],"inLanguage":"fr-FR"},{"@type":["Person","Organization"],"@id":"https:\/\/exoticchemicals.com\/#\/schema\/person\/07ad08472b6f5b213792451a32dbe8c7","name":"wwalkershop@gmail.com","image":{"@type":"ImageObject","inLanguage":"fr-FR","@id":"https:\/\/exoticchemicals.com\/wp-content\/uploads\/2025\/02\/pure-3-1-1.png","url":"https:\/\/exoticchemicals.com\/wp-content\/uploads\/2025\/02\/pure-3-1-1.png","contentUrl":"https:\/\/exoticchemicals.com\/wp-content\/uploads\/2025\/02\/pure-3-1-1.png","width":500,"height":500,"caption":"wwalkershop@gmail.com"},"logo":{"@id":"https:\/\/exoticchemicals.com\/wp-content\/uploads\/2025\/02\/pure-3-1-1.png"},"sameAs":["http:\/\/exoticchemicals.com"]}]}},"uagb_featured_image_src":{"full":["https:\/\/exoticchemicals.com\/wp-content\/uploads\/2026\/01\/1P-LSD.png",650,650,false],"thumbnail":["https:\/\/exoticchemicals.com\/wp-content\/uploads\/2026\/01\/1P-LSD-150x150.png",150,150,true],"medium":["https:\/\/exoticchemicals.com\/wp-content\/uploads\/2026\/01\/1P-LSD-300x300.png",300,300,true],"medium_large":["https:\/\/exoticchemicals.com\/wp-content\/uploads\/2026\/01\/1P-LSD.png",650,650,false],"large":["https:\/\/exoticchemicals.com\/wp-content\/uploads\/2026\/01\/1P-LSD.png",650,650,false],"1536x1536":["https:\/\/exoticchemicals.com\/wp-content\/uploads\/2026\/01\/1P-LSD.png",650,650,false],"2048x2048":["https:\/\/exoticchemicals.com\/wp-content\/uploads\/2026\/01\/1P-LSD.png",650,650,false],"trp-custom-language-flag":["https:\/\/exoticchemicals.com\/wp-content\/uploads\/2026\/01\/1P-LSD-12x12.png",12,12,true],"woocommerce_thumbnail":["https:\/\/exoticchemicals.com\/wp-content\/uploads\/2026\/01\/1P-LSD-300x300.png",300,300,true],"woocommerce_single":["https:\/\/exoticchemicals.com\/wp-content\/uploads\/2026\/01\/1P-LSD-600x600.png",600,600,true],"woocommerce_gallery_thumbnail":["https:\/\/exoticchemicals.com\/wp-content\/uploads\/2026\/01\/1P-LSD-100x100.png",100,100,true]},"uagb_author_info":{"display_name":"wwalkershop@gmail.com","author_link":"https:\/\/exoticchemicals.com\/fr\/author\/"},"uagb_comment_info":5,"uagb_excerpt":"1P-LSD 1P-LSD (1-propionyl-lysergic acid diethylamide) is a psychedelic of the lysergamide class. It is from the same family as ALD-52 and LSD. It is subjectively similar to LSD. Chemically the only difference between the two is that has a small propionyl group bound to the 1-position or indole ring of LSD\u00a0are dosed at 100mcg each,\u2026","_links":{"self":[{"href":"https:\/\/exoticchemicals.com\/fr\/wp-json\/wp\/v2\/product\/5507","targetHints":{"allow":["GET"]}}],"collection":[{"href":"https:\/\/exoticchemicals.com\/fr\/wp-json\/wp\/v2\/product"}],"about":[{"href":"https:\/\/exoticchemicals.com\/fr\/wp-json\/wp\/v2\/types\/product"}],"replies":[{"embeddable":true,"href":"https:\/\/exoticchemicals.com\/fr\/wp-json\/wp\/v2\/comments?post=5507"}],"wp:featuredmedia":[{"embeddable":true,"href":"https:\/\/exoticchemicals.com\/fr\/wp-json\/wp\/v2\/media\/5531"}],"wp:attachment":[{"href":"https:\/\/exoticchemicals.com\/fr\/wp-json\/wp\/v2\/media?parent=5507"}],"wp:term":[{"taxonomy":"product_brand","embeddable":true,"href":"https:\/\/exoticchemicals.com\/fr\/wp-json\/wp\/v2\/product_brand?post=5507"},{"taxonomy":"product_cat","embeddable":true,"href":"https:\/\/exoticchemicals.com\/fr\/wp-json\/wp\/v2\/product_cat?post=5507"},{"taxonomy":"product_tag","embeddable":true,"href":"https:\/\/exoticchemicals.com\/fr\/wp-json\/wp\/v2\/product_tag?post=5507"}],"curies":[{"name":"wp","href":"https:\/\/api.w.org\/{rel}","templated":true}]}}