{"id":5547,"date":"2026-01-29T21:34:44","date_gmt":"2026-01-29T21:34:44","guid":{"rendered":"https:\/\/exoticchemicals.com\/?post_type=product&#038;p=5547"},"modified":"2026-04-16T08:31:42","modified_gmt":"2026-04-16T08:31:42","slug":"5-apdb","status":"publish","type":"product","link":"https:\/\/exoticchemicals.com\/fr\/product\/5-apdb\/","title":{"rendered":"5-APDB"},"content":{"rendered":"<h3 style=\"text-align: center\"><strong>5-APDB<\/strong><\/h3>\n<p>5-APDB belongs to phenethylamine and amphetamine chemical classes and has the molecular formula C18H22ClNO3 \u2022 HCl . The formula weight has the value 177.242 g\/mol. The toxicological and physiological properties are not known<a href=\"https:\/\/wholemeltextractsonline.com\/shop\/\">.<\/a><\/p>\n<h2>How To Buy 5-APDB Online?<\/h2>\n<p>Nous vous offrons la possibilit\u00e9 de l'obtenir en ligne sans soucis ni maladresses. Nous travaillons sans rel\u00e2che pour nous assurer que vous \u00e9conomisez de l'argent chaque fois que vous commandez en ligne \u00e0 partir de nos produits chimiques de recherche. <a href=\"https:\/\/researchchemicalshop.com\/shop\/\">boutique<\/a>. Notre objectif est de faire en sorte que nos clients paient moins et obtiennent plus.<\/p>\n<h3>Informations sur le produit<\/h3>\n<table class=\"shop_attributes\">\n<tbody>\n<tr>\n<th>Synonymes<\/th>\n<td>1-(2,3-dihydro-1-benzofuran-5-yl)propan-2-amine<\/td>\n<\/tr>\n<tr>\n<th>IUPAC<\/th>\n<td>5-(2-Aminopropyl)-2,3-dihydrobenzofuran<\/td>\n<\/tr>\n<tr>\n<th>Formule<\/th>\n<td>C11H15NO<\/td>\n<\/tr>\n<tr>\n<th>Poids mol\u00e9culaire<\/th>\n<td>177.242 g\/mol<\/td>\n<\/tr>\n<tr>\n<th>CAS<\/th>\n<td>152623-94-4<\/td>\n<\/tr>\n<tr>\n<th>Apparence<\/th>\n<td>A crystalline solid<\/td>\n<\/tr>\n<tr>\n<th>La puret\u00e9<\/th>\n<td>\u226598%<\/td>\n<\/tr>\n<\/tbody>\n<\/table>","protected":false},"excerpt":{"rendered":"<p>5-APDB 5-APDB belongs to phenethylamine and amphetamine chemical classes and has the molecular formula C18H22ClNO3 \u2022 HCl . The formula weight has the value 177.242 g\/mol. The toxicological and physiological properties are not known. How To Buy 5-APDB Online? We offers you the possibility to get it online without hassles or awkwardness. We work endlessly [&hellip;]<\/p>\n","protected":false},"featured_media":5566,"comment_status":"closed","ping_status":"closed","template":"","meta":{"_uag_custom_page_level_css":"","site-sidebar-layout":"default","site-content-layout":"","ast-site-content-layout":"","site-content-style":"default","site-sidebar-style":"default","ast-global-header-display":"","ast-banner-title-visibility":"","ast-main-header-display":"","ast-hfb-above-header-display":"","ast-hfb-below-header-display":"","ast-hfb-mobile-header-display":"","site-post-title":"","ast-breadcrumbs-content":"","ast-featured-img":"","footer-sml-layout":"","theme-transparent-header-meta":"","adv-header-id-meta":"","stick-header-meta":"","header-above-stick-meta":"","header-main-stick-meta":"","header-below-stick-meta":"","astra-migrate-meta-layouts":"default","ast-page-background-enabled":"default","ast-page-background-meta":{"desktop":{"background-color":"","background-image":"","background-repeat":"repeat","background-position":"center center","background-size":"auto","background-attachment":"scroll","background-type":"","background-media":"","overlay-type":"","overlay-color":"","overlay-opacity":"","overlay-gradient":""},"tablet":{"background-color":"","background-image":"","background-repeat":"repeat","background-position":"center center","background-size":"auto","background-attachment":"scroll","background-type":"","background-media":"","overlay-type":"","overlay-color":"","overlay-opacity":"","overlay-gradient":""},"mobile":{"background-color":"","background-image":"","background-repeat":"repeat","background-position":"center center","background-size":"auto","background-attachment":"scroll","background-type":"","background-media":"","overlay-type":"","overlay-color":"","overlay-opacity":"","overlay-gradient":""}},"ast-content-background-meta":{"desktop":{"background-color":"var(--ast-global-color-5)","background-image":"","background-repeat":"repeat","background-position":"center center","background-size":"auto","background-attachment":"scroll","background-type":"","background-media":"","overlay-type":"","overlay-color":"","overlay-opacity":"","overlay-gradient":""},"tablet":{"background-color":"var(--ast-global-color-5)","background-image":"","background-repeat":"repeat","background-position":"center center","background-size":"auto","background-attachment":"scroll","background-type":"","background-media":"","overlay-type":"","overlay-color":"","overlay-opacity":"","overlay-gradient":""},"mobile":{"background-color":"var(--ast-global-color-5)","background-image":"","background-repeat":"repeat","background-position":"center center","background-size":"auto","background-attachment":"scroll","background-type":"","background-media":"","overlay-type":"","overlay-color":"","overlay-opacity":"","overlay-gradient":""}}},"product_brand":[],"product_cat":[22],"product_tag":[12926,13642,13643,13644,13645,12928,5649,1852,12929,12930,12931,12932,5717,5729,5731,5735,5736,12946,12947,12948,12949,12950,12951,12952,12953,12954,12955,12956,12957,1502,5685,5741,5743,5744,12958,12959,12960,12961,12963,12964,12965,5749,5753,5763],"class_list":{"0":"post-5547","1":"product","2":"type-product","3":"status-publish","4":"has-post-thumbnail","6":"product_cat-buy-high-quality-mdpv-hydrochloride","7":"product_tag-2c-research-chemical","8":"product_tag-5-apdb","9":"product_tag-5-apdb-buy","10":"product_tag-5-apdb-erowid","11":"product_tag-5-apdb-reddit","12":"product_tag-buy-research-chemical","13":"product_tag-buy-research-chemicals","14":"product_tag-buy-research-chemicals-online","15":"product_tag-cabergoline-research-chemical","16":"product_tag-canadian-research-chemicals","17":"product_tag-domestic-research-chemicals","18":"product_tag-enclomiphene-research-chemical","19":"product_tag-legal-research-chemicals","20":"product_tag-opioid-research-chemicals","21":"product_tag-order-research-chemicals","22":"product_tag-quality-research-chemicals","23":"product_tag-reddit-research-chemicals","24":"product_tag-research-chemical","25":"product_tag-research-chemical-drugs","26":"product_tag-research-chemical-forum","27":"product_tag-research-chemical-opiates","28":"product_tag-research-chemical-reddit","29":"product_tag-research-chemical-shop","30":"product_tag-research-chemical-sources","31":"product_tag-research-chemical-store","32":"product_tag-research-chemical-supply","33":"product_tag-research-chemical-vendor-usa","34":"product_tag-research-chemical-vendors","35":"product_tag-research-chemical-vendors-reddit","36":"product_tag-research-chemicals","37":"product_tag-research-chemicals-for-sale","38":"product_tag-research-chemicals-kopen","39":"product_tag-research-chemicals-online","40":"product_tag-research-chemicals-reddit","41":"product_tag-research-chemicals-sale","42":"product_tag-research-chemicals-store","43":"product_tag-semaglutide-research-chemical","44":"product_tag-sunnyside-research-chemicals","45":"product_tag-tadalafil-research-chemical","46":"product_tag-tirzepatide-research-chemical","47":"product_tag-tirzepatide-research-chemical-for-sale","48":"product_tag-toronto-research-chemicals","49":"product_tag-what-are-research-chemicals","50":"product_tag-where-to-buy-research-chemicals","51":"desktop-align-left","52":"tablet-align-left","53":"mobile-align-left","55":"first","56":"instock","57":"shipping-taxable","58":"purchasable","59":"product-type-variable"},"yoast_head":"<!-- This site is optimized with the Yoast SEO plugin v27.4 - https:\/\/yoast.com\/product\/yoast-seo-wordpress\/ -->\n<title>5-APDB -<\/title>\n<meta name=\"robots\" content=\"index, follow, max-snippet:-1, max-image-preview:large, max-video-preview:-1\" \/>\n<link rel=\"canonical\" href=\"https:\/\/exoticchemicals.com\/fr\/produit\/5-apdb\/\" \/>\n<meta property=\"og:locale\" content=\"fr_FR\" \/>\n<meta property=\"og:type\" content=\"article\" \/>\n<meta property=\"og:title\" content=\"5-APDB -\" \/>\n<meta property=\"og:description\" content=\"5-APDB 5-APDB belongs to phenethylamine and amphetamine chemical classes and has the molecular formula C18H22ClNO3 \u2022 HCl . The formula weight has the value 177.242 g\/mol. The toxicological and physiological properties are not known. How To Buy 5-APDB Online? We offers you the possibility to get it online without hassles or awkwardness. We work endlessly [&hellip;]\" \/>\n<meta property=\"og:url\" content=\"https:\/\/exoticchemicals.com\/fr\/produit\/5-apdb\/\" \/>\n<meta property=\"article:modified_time\" content=\"2026-04-16T08:31:42+00:00\" \/>\n<meta name=\"twitter:card\" content=\"summary_large_image\" \/>\n<meta name=\"twitter:label1\" content=\"Dur\u00e9e de lecture estim\u00e9e\" \/>\n\t<meta name=\"twitter:data1\" content=\"1 minute\" \/>\n<script type=\"application\/ld+json\" class=\"yoast-schema-graph\">{\"@context\":\"https:\\\/\\\/schema.org\",\"@graph\":[{\"@type\":\"WebPage\",\"@id\":\"https:\\\/\\\/exoticchemicals.com\\\/product\\\/5-apdb\\\/\",\"url\":\"https:\\\/\\\/exoticchemicals.com\\\/product\\\/5-apdb\\\/\",\"name\":\"5-APDB -\",\"isPartOf\":{\"@id\":\"https:\\\/\\\/exoticchemicals.com\\\/#website\"},\"primaryImageOfPage\":{\"@id\":\"https:\\\/\\\/exoticchemicals.com\\\/product\\\/5-apdb\\\/#primaryimage\"},\"image\":{\"@id\":\"https:\\\/\\\/exoticchemicals.com\\\/product\\\/5-apdb\\\/#primaryimage\"},\"thumbnailUrl\":\"https:\\\/\\\/exoticchemicals.com\\\/wp-content\\\/uploads\\\/2026\\\/01\\\/5-APDB.jpg\",\"datePublished\":\"2026-01-29T21:34:44+00:00\",\"dateModified\":\"2026-04-16T08:31:42+00:00\",\"breadcrumb\":{\"@id\":\"https:\\\/\\\/exoticchemicals.com\\\/product\\\/5-apdb\\\/#breadcrumb\"},\"inLanguage\":\"fr-FR\",\"potentialAction\":[{\"@type\":\"ReadAction\",\"target\":[\"https:\\\/\\\/exoticchemicals.com\\\/product\\\/5-apdb\\\/\"]}]},{\"@type\":\"ImageObject\",\"inLanguage\":\"fr-FR\",\"@id\":\"https:\\\/\\\/exoticchemicals.com\\\/product\\\/5-apdb\\\/#primaryimage\",\"url\":\"https:\\\/\\\/exoticchemicals.com\\\/wp-content\\\/uploads\\\/2026\\\/01\\\/5-APDB.jpg\",\"contentUrl\":\"https:\\\/\\\/exoticchemicals.com\\\/wp-content\\\/uploads\\\/2026\\\/01\\\/5-APDB.jpg\",\"width\":650,\"height\":650},{\"@type\":\"BreadcrumbList\",\"@id\":\"https:\\\/\\\/exoticchemicals.com\\\/product\\\/5-apdb\\\/#breadcrumb\",\"itemListElement\":[{\"@type\":\"ListItem\",\"position\":1,\"name\":\"Home\",\"item\":\"https:\\\/\\\/exoticchemicals.com\\\/\"},{\"@type\":\"ListItem\",\"position\":2,\"name\":\"Shop\",\"item\":\"https:\\\/\\\/exoticchemicals.com\\\/shop\\\/\"},{\"@type\":\"ListItem\",\"position\":3,\"name\":\"5-APDB\"}]},{\"@type\":\"WebSite\",\"@id\":\"https:\\\/\\\/exoticchemicals.com\\\/#website\",\"url\":\"https:\\\/\\\/exoticchemicals.com\\\/\",\"name\":\"exotic chemicals\",\"description\":\"Buy MDPHP Hydrochloride\",\"publisher\":{\"@id\":\"https:\\\/\\\/exoticchemicals.com\\\/#\\\/schema\\\/person\\\/07ad08472b6f5b213792451a32dbe8c7\"},\"potentialAction\":[{\"@type\":\"SearchAction\",\"target\":{\"@type\":\"EntryPoint\",\"urlTemplate\":\"https:\\\/\\\/exoticchemicals.com\\\/?s={search_term_string}\"},\"query-input\":{\"@type\":\"PropertyValueSpecification\",\"valueRequired\":true,\"valueName\":\"search_term_string\"}}],\"inLanguage\":\"fr-FR\"},{\"@type\":[\"Person\",\"Organization\"],\"@id\":\"https:\\\/\\\/exoticchemicals.com\\\/#\\\/schema\\\/person\\\/07ad08472b6f5b213792451a32dbe8c7\",\"name\":\"wwalkershop@gmail.com\",\"image\":{\"@type\":\"ImageObject\",\"inLanguage\":\"fr-FR\",\"@id\":\"https:\\\/\\\/exoticchemicals.com\\\/wp-content\\\/uploads\\\/2025\\\/02\\\/pure-3-1-1.png\",\"url\":\"https:\\\/\\\/exoticchemicals.com\\\/wp-content\\\/uploads\\\/2025\\\/02\\\/pure-3-1-1.png\",\"contentUrl\":\"https:\\\/\\\/exoticchemicals.com\\\/wp-content\\\/uploads\\\/2025\\\/02\\\/pure-3-1-1.png\",\"width\":500,\"height\":500,\"caption\":\"wwalkershop@gmail.com\"},\"logo\":{\"@id\":\"https:\\\/\\\/exoticchemicals.com\\\/wp-content\\\/uploads\\\/2025\\\/02\\\/pure-3-1-1.png\"},\"sameAs\":[\"http:\\\/\\\/exoticchemicals.com\"]}]}<\/script>\n<!-- \/ Yoast SEO plugin. -->","yoast_head_json":{"title":"5-APDB -","robots":{"index":"index","follow":"follow","max-snippet":"max-snippet:-1","max-image-preview":"max-image-preview:large","max-video-preview":"max-video-preview:-1"},"canonical":"https:\/\/exoticchemicals.com\/fr\/produit\/5-apdb\/","og_locale":"fr_FR","og_type":"article","og_title":"5-APDB -","og_description":"5-APDB 5-APDB belongs to phenethylamine and amphetamine chemical classes and has the molecular formula C18H22ClNO3 \u2022 HCl . The formula weight has the value 177.242 g\/mol. The toxicological and physiological properties are not known. How To Buy 5-APDB Online? We offers you the possibility to get it online without hassles or awkwardness. We work endlessly [&hellip;]","og_url":"https:\/\/exoticchemicals.com\/fr\/produit\/5-apdb\/","article_modified_time":"2026-04-16T08:31:42+00:00","twitter_card":"summary_large_image","twitter_misc":{"Dur\u00e9e de lecture estim\u00e9e":"1 minute"},"schema":{"@context":"https:\/\/schema.org","@graph":[{"@type":"WebPage","@id":"https:\/\/exoticchemicals.com\/product\/5-apdb\/","url":"https:\/\/exoticchemicals.com\/product\/5-apdb\/","name":"5-APDB -","isPartOf":{"@id":"https:\/\/exoticchemicals.com\/#website"},"primaryImageOfPage":{"@id":"https:\/\/exoticchemicals.com\/product\/5-apdb\/#primaryimage"},"image":{"@id":"https:\/\/exoticchemicals.com\/product\/5-apdb\/#primaryimage"},"thumbnailUrl":"https:\/\/exoticchemicals.com\/wp-content\/uploads\/2026\/01\/5-APDB.jpg","datePublished":"2026-01-29T21:34:44+00:00","dateModified":"2026-04-16T08:31:42+00:00","breadcrumb":{"@id":"https:\/\/exoticchemicals.com\/product\/5-apdb\/#breadcrumb"},"inLanguage":"fr-FR","potentialAction":[{"@type":"ReadAction","target":["https:\/\/exoticchemicals.com\/product\/5-apdb\/"]}]},{"@type":"ImageObject","inLanguage":"fr-FR","@id":"https:\/\/exoticchemicals.com\/product\/5-apdb\/#primaryimage","url":"https:\/\/exoticchemicals.com\/wp-content\/uploads\/2026\/01\/5-APDB.jpg","contentUrl":"https:\/\/exoticchemicals.com\/wp-content\/uploads\/2026\/01\/5-APDB.jpg","width":650,"height":650},{"@type":"BreadcrumbList","@id":"https:\/\/exoticchemicals.com\/product\/5-apdb\/#breadcrumb","itemListElement":[{"@type":"ListItem","position":1,"name":"Home","item":"https:\/\/exoticchemicals.com\/"},{"@type":"ListItem","position":2,"name":"Shop","item":"https:\/\/exoticchemicals.com\/shop\/"},{"@type":"ListItem","position":3,"name":"5-APDB"}]},{"@type":"WebSite","@id":"https:\/\/exoticchemicals.com\/#website","url":"https:\/\/exoticchemicals.com\/","name":"produits chimiques exotiques","description":"Acheter MDPHP Hydrochloride","publisher":{"@id":"https:\/\/exoticchemicals.com\/#\/schema\/person\/07ad08472b6f5b213792451a32dbe8c7"},"potentialAction":[{"@type":"SearchAction","target":{"@type":"EntryPoint","urlTemplate":"https:\/\/exoticchemicals.com\/?s={search_term_string}"},"query-input":{"@type":"PropertyValueSpecification","valueRequired":true,"valueName":"search_term_string"}}],"inLanguage":"fr-FR"},{"@type":["Person","Organization"],"@id":"https:\/\/exoticchemicals.com\/#\/schema\/person\/07ad08472b6f5b213792451a32dbe8c7","name":"wwalkershop@gmail.com","image":{"@type":"ImageObject","inLanguage":"fr-FR","@id":"https:\/\/exoticchemicals.com\/wp-content\/uploads\/2025\/02\/pure-3-1-1.png","url":"https:\/\/exoticchemicals.com\/wp-content\/uploads\/2025\/02\/pure-3-1-1.png","contentUrl":"https:\/\/exoticchemicals.com\/wp-content\/uploads\/2025\/02\/pure-3-1-1.png","width":500,"height":500,"caption":"wwalkershop@gmail.com"},"logo":{"@id":"https:\/\/exoticchemicals.com\/wp-content\/uploads\/2025\/02\/pure-3-1-1.png"},"sameAs":["http:\/\/exoticchemicals.com"]}]}},"uagb_featured_image_src":{"full":["https:\/\/exoticchemicals.com\/wp-content\/uploads\/2026\/01\/5-APDB.jpg",650,650,false],"thumbnail":["https:\/\/exoticchemicals.com\/wp-content\/uploads\/2026\/01\/5-APDB-150x150.jpg",150,150,true],"medium":["https:\/\/exoticchemicals.com\/wp-content\/uploads\/2026\/01\/5-APDB-300x300.jpg",300,300,true],"medium_large":["https:\/\/exoticchemicals.com\/wp-content\/uploads\/2026\/01\/5-APDB.jpg",650,650,false],"large":["https:\/\/exoticchemicals.com\/wp-content\/uploads\/2026\/01\/5-APDB.jpg",650,650,false],"1536x1536":["https:\/\/exoticchemicals.com\/wp-content\/uploads\/2026\/01\/5-APDB.jpg",650,650,false],"2048x2048":["https:\/\/exoticchemicals.com\/wp-content\/uploads\/2026\/01\/5-APDB.jpg",650,650,false],"trp-custom-language-flag":["https:\/\/exoticchemicals.com\/wp-content\/uploads\/2026\/01\/5-APDB-12x12.jpg",12,12,true],"woocommerce_thumbnail":["https:\/\/exoticchemicals.com\/wp-content\/uploads\/2026\/01\/5-APDB-300x300.jpg",300,300,true],"woocommerce_single":["https:\/\/exoticchemicals.com\/wp-content\/uploads\/2026\/01\/5-APDB-600x600.jpg",600,600,true],"woocommerce_gallery_thumbnail":["https:\/\/exoticchemicals.com\/wp-content\/uploads\/2026\/01\/5-APDB-100x100.jpg",100,100,true]},"uagb_author_info":{"display_name":"wwalkershop@gmail.com","author_link":"https:\/\/exoticchemicals.com\/fr\/author\/"},"uagb_comment_info":4,"uagb_excerpt":"5-APDB 5-APDB belongs to phenethylamine and amphetamine chemical classes and has the molecular formula C18H22ClNO3 \u2022 HCl . The formula weight has the value 177.242 g\/mol. The toxicological and physiological properties are not known. How To Buy 5-APDB Online? We offers you the possibility to get it online without hassles or awkwardness. We work endlessly\u2026","_links":{"self":[{"href":"https:\/\/exoticchemicals.com\/fr\/wp-json\/wp\/v2\/product\/5547","targetHints":{"allow":["GET"]}}],"collection":[{"href":"https:\/\/exoticchemicals.com\/fr\/wp-json\/wp\/v2\/product"}],"about":[{"href":"https:\/\/exoticchemicals.com\/fr\/wp-json\/wp\/v2\/types\/product"}],"replies":[{"embeddable":true,"href":"https:\/\/exoticchemicals.com\/fr\/wp-json\/wp\/v2\/comments?post=5547"}],"wp:featuredmedia":[{"embeddable":true,"href":"https:\/\/exoticchemicals.com\/fr\/wp-json\/wp\/v2\/media\/5566"}],"wp:attachment":[{"href":"https:\/\/exoticchemicals.com\/fr\/wp-json\/wp\/v2\/media?parent=5547"}],"wp:term":[{"taxonomy":"product_brand","embeddable":true,"href":"https:\/\/exoticchemicals.com\/fr\/wp-json\/wp\/v2\/product_brand?post=5547"},{"taxonomy":"product_cat","embeddable":true,"href":"https:\/\/exoticchemicals.com\/fr\/wp-json\/wp\/v2\/product_cat?post=5547"},{"taxonomy":"product_tag","embeddable":true,"href":"https:\/\/exoticchemicals.com\/fr\/wp-json\/wp\/v2\/product_tag?post=5547"}],"curies":[{"name":"wp","href":"https:\/\/api.w.org\/{rel}","templated":true}]}}