{"id":2767,"date":"2025-02-06T21:18:04","date_gmt":"2025-02-06T21:18:04","guid":{"rendered":"https:\/\/exoticchemicals.com\/?post_type=product&#038;p=2767"},"modified":"2026-02-11T18:02:00","modified_gmt":"2026-02-11T18:02:00","slug":"confezione-variegata-di-microdosi-di-fioritura-biologica","status":"publish","type":"product","link":"https:\/\/exoticchemicals.com\/it\/product\/organic-bloom-microdose-variety-pack\/","title":{"rendered":"Microdose di Bloom Organico: Pacchetto variet\u00e0"},"content":{"rendered":"<div><strong>Pacchetto variegato di microdosi Organic Bloom:<\/strong><\/div>\n<div>La linea di microdosi di Organic Bloom comprende: Nirvana, Boost, Focus e Neuro. Ogni Microdose Stack contiene 10 capsule in ogni confezione, per un totale di 40 capsule. Questo \u00e8 il modo migliore per scoprire quale Microdose Stack \u00e8 perfetto per voi.<\/div>\n<div><\/div>\n<div><strong>Nirvana<\/strong>\u00a0\u2013\u00a0<strong>350 mg di Psilocybe\/Psilocibina<\/strong><\/div>\n<div>Nirvana contiene il pi\u00f9 alto contenuto di psilocibina della nostra linea di Microdose. A differenza delle altre formule Microdose, questa \u00e8 pensata per portarvi in uno stato mentale trascendente. \u00c8 ideale per chi \u00e8 nuovo nel mondo dei funghi e vuole iniziare con una quantit\u00e0 bassa e controllata. Misuriamo e misceliamo con cura la psilocibina con estratti di radice di zenzero per aiutare a calmare lo stomaco mentre scompone il contenuto di psilocibina.<\/div>\n<div><\/div>\n<div><strong>Boost - 200 mg di Psilocybe\/Psilocibina<br \/> <\/strong><\/div>\n<div>\n<p>Boost \u00e8 un ottimo integratore nootropico quando si vuole passare una serata divertente con gli amici, si ha bisogno di un po' di creativit\u00e0 per ravvivare le cose o semplicemente di un po' di energia per superare un compito difficile.<\/p>\n<p>La Bacopa Monnieri \u00e8 nota per aumentare il controllo mentale, la memoria logica e l'apprendimento in coppia. Il cervello trasforma la tirosina in tre importanti neurotrasmettitori: dopamina, noradrenalina e adrenalina. Questi tre neurotrasmettitori, se regolati, migliorano il cervello, l'umore e la risposta allo stress.<\/p>\n<\/p><\/div>\n<p><strong>Focus - 150 mg di Psilocybe\/Psilocibina<br \/> <\/strong><\/p>\n<p>Focus \u00e8 un ottimo integratore nootropico quando si desidera essere attivi, affrontare un progetto al lavoro o completare alcuni compiti per la scuola. Questa ottima miscela agisce per migliorare\u00a0<span class=\"ILfuVd\"><span class=\"e24Kjd\">chiarezza di pensiero, memoria, vigilanza e ragionamento.<\/span><\/span><\/p>\n<p>Il Ginkgo Biloba \u00e8 noto per il suo potere di stimolare il pensiero, la memoria e il ragionamento. Agisce aumentando l'apporto di sangue a tutto il corpo, che influisce sui neurotrasmettitori dell'organismo. Il bitartrato di colina aiuta a produrre il neurotrasmettitore acetilcolina. Il cervello utilizza l'acetilcolina per mantenere una comunicazione chiara tra tutte le cellule del corpo. Combinando il tutto si ottiene un effetto sinergico.<\/p>\n<p><strong>Neuro (Criniera di leone e Niacina) - 100 mg di Psilocybe\/Psilocibina<br \/> <\/strong><\/p>\n<p>Conosciuto come il rimedio per tutto. Questa pila di Nootripic \u00e8 ottima per migliorare le funzioni cognitive e potenziare la creativit\u00e0. Aiuta anche la neurogenesi e il trattamento di malattie mentali come l'ansia, la depressione e lo stress post-traumatico.<\/p>\n<p>Il micologo Paul Stamets sostiene che la niacina e il Lion's Mane potenziano l'efficacia delle propriet\u00e0 del fungo magico, rendendo i cambiamenti cerebrali un effetto a lungo termine anche dopo l'interruzione dell'assunzione dell'integratore.<\/p>\n<p>A causa della bassa concentrazione di fungo magico, \u00e8 pi\u00f9 che probabile che non si avvertano gli effetti psichedelici, il che lo rende un ottimo integratore per l'uso quotidiano.<\/p>\n<p>Se siete alla ricerca di un'esperienza psichedelica\/allucinatoria, vi invitiamo a consultare le nostre altre opzioni di dose regolare nella categoria \u201cFunghi\u201d del negozio.\u201d<\/p>\n<p>**Si prega di seguire il protocollo 5 giorni su 2 giorni di riposo per la neuro (Cane di leone e Niacina)**.<\/p>\n<p>**Per tutti gli altri impasti utilizzare il metodo Fadiman: 1 giorno s\u00ec, 2 giorni no**.<\/p>\n<p>**Assumere 1-2 pillole in base al peso corporeo e alla tolleranza**.<\/p>","protected":false},"excerpt":{"rendered":"<p>Siete nuovi al microdosaggio ma non siete sicuri di quale sia lo stack di microdosi pi\u00f9 adatto a voi? Organic Bloom Microdose: Variety Pack \u00e8 il modo migliore per assaggiare un po' di ogni formula e vedere quale funziona meglio con il vostro corpo. Il nostro contenuto di Psilocybe\/Psilocibina varia da 350 mg a 100 mg. C'\u00e8 un Microdose Stack per ogni occasione. Provatela oggi stesso!<\/p>","protected":false},"featured_media":2801,"comment_status":"open","ping_status":"closed","template":"","meta":{"_uag_custom_page_level_css":"","site-sidebar-layout":"default","site-content-layout":"","ast-site-content-layout":"default","site-content-style":"default","site-sidebar-style":"default","ast-global-header-display":"","ast-banner-title-visibility":"","ast-main-header-display":"","ast-hfb-above-header-display":"","ast-hfb-below-header-display":"","ast-hfb-mobile-header-display":"","site-post-title":"","ast-breadcrumbs-content":"","ast-featured-img":"","footer-sml-layout":"","ast-disable-related-posts":"","theme-transparent-header-meta":"","adv-header-id-meta":"","stick-header-meta":"","header-above-stick-meta":"","header-main-stick-meta":"","header-below-stick-meta":"","astra-migrate-meta-layouts":"default","ast-page-background-enabled":"default","ast-page-background-meta":{"desktop":{"background-color":"","background-image":"","background-repeat":"repeat","background-position":"center center","background-size":"auto","background-attachment":"scroll","background-type":"","background-media":"","overlay-type":"","overlay-color":"","overlay-opacity":"","overlay-gradient":""},"tablet":{"background-color":"","background-image":"","background-repeat":"repeat","background-position":"center center","background-size":"auto","background-attachment":"scroll","background-type":"","background-media":"","overlay-type":"","overlay-color":"","overlay-opacity":"","overlay-gradient":""},"mobile":{"background-color":"","background-image":"","background-repeat":"repeat","background-position":"center center","background-size":"auto","background-attachment":"scroll","background-type":"","background-media":"","overlay-type":"","overlay-color":"","overlay-opacity":"","overlay-gradient":""}},"ast-content-background-meta":{"desktop":{"background-color":"var(--ast-global-color-5)","background-image":"","background-repeat":"repeat","background-position":"center center","background-size":"auto","background-attachment":"scroll","background-type":"","background-media":"","overlay-type":"","overlay-color":"","overlay-opacity":"","overlay-gradient":""},"tablet":{"background-color":"var(--ast-global-color-5)","background-image":"","background-repeat":"repeat","background-position":"center center","background-size":"auto","background-attachment":"scroll","background-type":"","background-media":"","overlay-type":"","overlay-color":"","overlay-opacity":"","overlay-gradient":""},"mobile":{"background-color":"var(--ast-global-color-5)","background-image":"","background-repeat":"repeat","background-position":"center center","background-size":"auto","background-attachment":"scroll","background-type":"","background-media":"","overlay-type":"","overlay-color":"","overlay-opacity":"","overlay-gradient":""}}},"product_brand":[],"product_cat":[1168],"product_tag":[],"class_list":{"0":"post-2767","1":"product","2":"type-product","3":"status-publish","4":"has-post-thumbnail","6":"product_cat-order-micro-dose-mushrooms","7":"desktop-align-left","8":"tablet-align-left","9":"mobile-align-left","11":"first","12":"instock","13":"shipping-taxable","14":"purchasable","15":"product-type-variable"},"yoast_head":"<!-- This site is optimized with the Yoast SEO plugin v27.5 - https:\/\/yoast.com\/product\/yoast-seo-wordpress\/ -->\n<title>Organic Bloom Microdose: Variety Pack -<\/title>\n<meta name=\"robots\" content=\"index, follow, max-snippet:-1, max-image-preview:large, max-video-preview:-1\" \/>\n<link rel=\"canonical\" href=\"https:\/\/exoticchemicals.com\/it\/prodotto\/confezione-variegata-di-microdosi-di-fioritura-biologica\/\" \/>\n<meta property=\"og:locale\" content=\"it_IT\" \/>\n<meta property=\"og:type\" content=\"article\" \/>\n<meta property=\"og:title\" content=\"Organic Bloom Microdose: Variety Pack -\" \/>\n<meta property=\"og:description\" content=\"New to Microdosing but not sure which Microdose Stack is right for you? Organic Bloom Microdose: Variety Pack is the best way to sample a bit of each formula to see which works best with your body. Our Psilocybe\/Psilocybin content ranges from as high as 350MG to 100MG. There is a Microdose Stack for every occasion. Try it out today!\" \/>\n<meta property=\"og:url\" content=\"https:\/\/exoticchemicals.com\/it\/prodotto\/confezione-variegata-di-microdosi-di-fioritura-biologica\/\" \/>\n<meta property=\"article:modified_time\" content=\"2026-02-11T18:02:00+00:00\" \/>\n<meta property=\"og:image\" content=\"https:\/\/exoticchemicals.com\/wp-content\/uploads\/2025\/02\/Variety-Pack-scaled-465x465-2-jpg.webp\" \/>\n\t<meta property=\"og:image:width\" content=\"465\" \/>\n\t<meta property=\"og:image:height\" content=\"465\" \/>\n\t<meta property=\"og:image:type\" content=\"image\/webp\" \/>\n<meta name=\"twitter:card\" content=\"summary_large_image\" \/>\n<meta name=\"twitter:label1\" content=\"Tempo di lettura stimato\" \/>\n\t<meta name=\"twitter:data1\" content=\"2 minuti\" \/>\n<script type=\"application\/ld+json\" class=\"yoast-schema-graph\">{\"@context\":\"https:\\\/\\\/schema.org\",\"@graph\":[{\"@type\":\"WebPage\",\"@id\":\"https:\\\/\\\/exoticchemicals.com\\\/product\\\/organic-bloom-microdose-variety-pack\\\/\",\"url\":\"https:\\\/\\\/exoticchemicals.com\\\/product\\\/organic-bloom-microdose-variety-pack\\\/\",\"name\":\"Organic Bloom Microdose: Variety Pack -\",\"isPartOf\":{\"@id\":\"https:\\\/\\\/exoticchemicals.com\\\/#website\"},\"primaryImageOfPage\":{\"@id\":\"https:\\\/\\\/exoticchemicals.com\\\/product\\\/organic-bloom-microdose-variety-pack\\\/#primaryimage\"},\"image\":{\"@id\":\"https:\\\/\\\/exoticchemicals.com\\\/product\\\/organic-bloom-microdose-variety-pack\\\/#primaryimage\"},\"thumbnailUrl\":\"https:\\\/\\\/exoticchemicals.com\\\/wp-content\\\/uploads\\\/2025\\\/02\\\/Variety-Pack-scaled-465x465-2-jpg.webp\",\"datePublished\":\"2025-02-06T21:18:04+00:00\",\"dateModified\":\"2026-02-11T18:02:00+00:00\",\"breadcrumb\":{\"@id\":\"https:\\\/\\\/exoticchemicals.com\\\/product\\\/organic-bloom-microdose-variety-pack\\\/#breadcrumb\"},\"inLanguage\":\"it-IT\",\"potentialAction\":[{\"@type\":\"ReadAction\",\"target\":[\"https:\\\/\\\/exoticchemicals.com\\\/product\\\/organic-bloom-microdose-variety-pack\\\/\"]}]},{\"@type\":\"ImageObject\",\"inLanguage\":\"it-IT\",\"@id\":\"https:\\\/\\\/exoticchemicals.com\\\/product\\\/organic-bloom-microdose-variety-pack\\\/#primaryimage\",\"url\":\"https:\\\/\\\/exoticchemicals.com\\\/wp-content\\\/uploads\\\/2025\\\/02\\\/Variety-Pack-scaled-465x465-2-jpg.webp\",\"contentUrl\":\"https:\\\/\\\/exoticchemicals.com\\\/wp-content\\\/uploads\\\/2025\\\/02\\\/Variety-Pack-scaled-465x465-2-jpg.webp\",\"width\":465,\"height\":465},{\"@type\":\"BreadcrumbList\",\"@id\":\"https:\\\/\\\/exoticchemicals.com\\\/product\\\/organic-bloom-microdose-variety-pack\\\/#breadcrumb\",\"itemListElement\":[{\"@type\":\"ListItem\",\"position\":1,\"name\":\"Home\",\"item\":\"https:\\\/\\\/exoticchemicals.com\\\/\"},{\"@type\":\"ListItem\",\"position\":2,\"name\":\"Shop\",\"item\":\"https:\\\/\\\/exoticchemicals.com\\\/shop\\\/\"},{\"@type\":\"ListItem\",\"position\":3,\"name\":\"Organic Bloom Microdose: Variety Pack\"}]},{\"@type\":\"WebSite\",\"@id\":\"https:\\\/\\\/exoticchemicals.com\\\/#website\",\"url\":\"https:\\\/\\\/exoticchemicals.com\\\/\",\"name\":\"exotic chemicals\",\"description\":\"Buy MDPHP Hydrochloride\",\"publisher\":{\"@id\":\"https:\\\/\\\/exoticchemicals.com\\\/#\\\/schema\\\/person\\\/07ad08472b6f5b213792451a32dbe8c7\"},\"potentialAction\":[{\"@type\":\"SearchAction\",\"target\":{\"@type\":\"EntryPoint\",\"urlTemplate\":\"https:\\\/\\\/exoticchemicals.com\\\/?s={search_term_string}\"},\"query-input\":{\"@type\":\"PropertyValueSpecification\",\"valueRequired\":true,\"valueName\":\"search_term_string\"}}],\"inLanguage\":\"it-IT\"},{\"@type\":[\"Person\",\"Organization\"],\"@id\":\"https:\\\/\\\/exoticchemicals.com\\\/#\\\/schema\\\/person\\\/07ad08472b6f5b213792451a32dbe8c7\",\"name\":\"wwalkershop@gmail.com\",\"image\":{\"@type\":\"ImageObject\",\"inLanguage\":\"it-IT\",\"@id\":\"https:\\\/\\\/exoticchemicals.com\\\/wp-content\\\/uploads\\\/2025\\\/02\\\/pure-3-1-1.png\",\"url\":\"https:\\\/\\\/exoticchemicals.com\\\/wp-content\\\/uploads\\\/2025\\\/02\\\/pure-3-1-1.png\",\"contentUrl\":\"https:\\\/\\\/exoticchemicals.com\\\/wp-content\\\/uploads\\\/2025\\\/02\\\/pure-3-1-1.png\",\"width\":500,\"height\":500,\"caption\":\"wwalkershop@gmail.com\"},\"logo\":{\"@id\":\"https:\\\/\\\/exoticchemicals.com\\\/wp-content\\\/uploads\\\/2025\\\/02\\\/pure-3-1-1.png\"},\"sameAs\":[\"http:\\\/\\\/exoticchemicals.com\"]}]}<\/script>\n<!-- \/ Yoast SEO plugin. -->","yoast_head_json":{"title":"Microdose di Bloom Organico: Pacchetto variet\u00e0 -","robots":{"index":"index","follow":"follow","max-snippet":"max-snippet:-1","max-image-preview":"max-image-preview:large","max-video-preview":"max-video-preview:-1"},"canonical":"https:\/\/exoticchemicals.com\/it\/prodotto\/confezione-variegata-di-microdosi-di-fioritura-biologica\/","og_locale":"it_IT","og_type":"article","og_title":"Organic Bloom Microdose: Variety Pack -","og_description":"New to Microdosing but not sure which Microdose Stack is right for you? Organic Bloom Microdose: Variety Pack is the best way to sample a bit of each formula to see which works best with your body. Our Psilocybe\/Psilocybin content ranges from as high as 350MG to 100MG. There is a Microdose Stack for every occasion. Try it out today!","og_url":"https:\/\/exoticchemicals.com\/it\/prodotto\/confezione-variegata-di-microdosi-di-fioritura-biologica\/","article_modified_time":"2026-02-11T18:02:00+00:00","og_image":[{"width":465,"height":465,"url":"https:\/\/exoticchemicals.com\/wp-content\/uploads\/2025\/02\/Variety-Pack-scaled-465x465-2-jpg.webp","type":"image\/webp"}],"twitter_card":"summary_large_image","twitter_misc":{"Tempo di lettura stimato":"2 minuti"},"schema":{"@context":"https:\/\/schema.org","@graph":[{"@type":"WebPage","@id":"https:\/\/exoticchemicals.com\/product\/organic-bloom-microdose-variety-pack\/","url":"https:\/\/exoticchemicals.com\/product\/organic-bloom-microdose-variety-pack\/","name":"Microdose di Bloom Organico: Pacchetto variet\u00e0 -","isPartOf":{"@id":"https:\/\/exoticchemicals.com\/#website"},"primaryImageOfPage":{"@id":"https:\/\/exoticchemicals.com\/product\/organic-bloom-microdose-variety-pack\/#primaryimage"},"image":{"@id":"https:\/\/exoticchemicals.com\/product\/organic-bloom-microdose-variety-pack\/#primaryimage"},"thumbnailUrl":"https:\/\/exoticchemicals.com\/wp-content\/uploads\/2025\/02\/Variety-Pack-scaled-465x465-2-jpg.webp","datePublished":"2025-02-06T21:18:04+00:00","dateModified":"2026-02-11T18:02:00+00:00","breadcrumb":{"@id":"https:\/\/exoticchemicals.com\/product\/organic-bloom-microdose-variety-pack\/#breadcrumb"},"inLanguage":"it-IT","potentialAction":[{"@type":"ReadAction","target":["https:\/\/exoticchemicals.com\/product\/organic-bloom-microdose-variety-pack\/"]}]},{"@type":"ImageObject","inLanguage":"it-IT","@id":"https:\/\/exoticchemicals.com\/product\/organic-bloom-microdose-variety-pack\/#primaryimage","url":"https:\/\/exoticchemicals.com\/wp-content\/uploads\/2025\/02\/Variety-Pack-scaled-465x465-2-jpg.webp","contentUrl":"https:\/\/exoticchemicals.com\/wp-content\/uploads\/2025\/02\/Variety-Pack-scaled-465x465-2-jpg.webp","width":465,"height":465},{"@type":"BreadcrumbList","@id":"https:\/\/exoticchemicals.com\/product\/organic-bloom-microdose-variety-pack\/#breadcrumb","itemListElement":[{"@type":"ListItem","position":1,"name":"Home","item":"https:\/\/exoticchemicals.com\/"},{"@type":"ListItem","position":2,"name":"Shop","item":"https:\/\/exoticchemicals.com\/shop\/"},{"@type":"ListItem","position":3,"name":"Organic Bloom Microdose: Variety Pack"}]},{"@type":"WebSite","@id":"https:\/\/exoticchemicals.com\/#website","url":"https:\/\/exoticchemicals.com\/","name":"prodotti chimici esotici","description":"Comprare MDPHP cloridrato","publisher":{"@id":"https:\/\/exoticchemicals.com\/#\/schema\/person\/07ad08472b6f5b213792451a32dbe8c7"},"potentialAction":[{"@type":"SearchAction","target":{"@type":"EntryPoint","urlTemplate":"https:\/\/exoticchemicals.com\/?s={search_term_string}"},"query-input":{"@type":"PropertyValueSpecification","valueRequired":true,"valueName":"search_term_string"}}],"inLanguage":"it-IT"},{"@type":["Person","Organization"],"@id":"https:\/\/exoticchemicals.com\/#\/schema\/person\/07ad08472b6f5b213792451a32dbe8c7","name":"wwalkershop@gmail.com","image":{"@type":"ImageObject","inLanguage":"it-IT","@id":"https:\/\/exoticchemicals.com\/wp-content\/uploads\/2025\/02\/pure-3-1-1.png","url":"https:\/\/exoticchemicals.com\/wp-content\/uploads\/2025\/02\/pure-3-1-1.png","contentUrl":"https:\/\/exoticchemicals.com\/wp-content\/uploads\/2025\/02\/pure-3-1-1.png","width":500,"height":500,"caption":"wwalkershop@gmail.com"},"logo":{"@id":"https:\/\/exoticchemicals.com\/wp-content\/uploads\/2025\/02\/pure-3-1-1.png"},"sameAs":["http:\/\/exoticchemicals.com"]}]}},"uagb_featured_image_src":{"full":["https:\/\/exoticchemicals.com\/wp-content\/uploads\/2025\/02\/Variety-Pack-scaled-465x465-2-jpg.webp",465,465,false],"thumbnail":["https:\/\/exoticchemicals.com\/wp-content\/uploads\/2025\/02\/Variety-Pack-scaled-465x465-2-jpg-150x150.webp",150,150,true],"medium":["https:\/\/exoticchemicals.com\/wp-content\/uploads\/2025\/02\/Variety-Pack-scaled-465x465-2-jpg-300x300.webp",300,300,true],"medium_large":["https:\/\/exoticchemicals.com\/wp-content\/uploads\/2025\/02\/Variety-Pack-scaled-465x465-2-jpg.webp",465,465,false],"large":["https:\/\/exoticchemicals.com\/wp-content\/uploads\/2025\/02\/Variety-Pack-scaled-465x465-2-jpg.webp",465,465,false],"1536x1536":["https:\/\/exoticchemicals.com\/wp-content\/uploads\/2025\/02\/Variety-Pack-scaled-465x465-2-jpg.webp",465,465,false],"2048x2048":["https:\/\/exoticchemicals.com\/wp-content\/uploads\/2025\/02\/Variety-Pack-scaled-465x465-2-jpg.webp",465,465,false],"trp-custom-language-flag":["https:\/\/exoticchemicals.com\/wp-content\/uploads\/2025\/02\/Variety-Pack-scaled-465x465-2-jpg.webp",12,12,false],"woocommerce_thumbnail":["https:\/\/exoticchemicals.com\/wp-content\/uploads\/2025\/02\/Variety-Pack-scaled-465x465-2-jpg-300x300.webp",300,300,true],"woocommerce_single":["https:\/\/exoticchemicals.com\/wp-content\/uploads\/2025\/02\/Variety-Pack-scaled-465x465-2-jpg.webp",465,465,false],"woocommerce_gallery_thumbnail":["https:\/\/exoticchemicals.com\/wp-content\/uploads\/2025\/02\/Variety-Pack-scaled-465x465-2-jpg-100x100.webp",100,100,true]},"uagb_author_info":{"display_name":"bossman","author_link":"https:\/\/exoticchemicals.com\/it\/author\/"},"uagb_comment_info":5,"uagb_excerpt":"New to Microdosing but not sure which Microdose Stack is right for you? Organic Bloom Microdose: Variety Pack is the best way to sample a bit of each formula to see which works best with your body. Our Psilocybe\/Psilocybin content ranges from as high as 350MG to 100MG. There is a Microdose Stack for every&hellip;","_links":{"self":[{"href":"https:\/\/exoticchemicals.com\/it\/wp-json\/wp\/v2\/product\/2767","targetHints":{"allow":["GET"]}}],"collection":[{"href":"https:\/\/exoticchemicals.com\/it\/wp-json\/wp\/v2\/product"}],"about":[{"href":"https:\/\/exoticchemicals.com\/it\/wp-json\/wp\/v2\/types\/product"}],"replies":[{"embeddable":true,"href":"https:\/\/exoticchemicals.com\/it\/wp-json\/wp\/v2\/comments?post=2767"}],"wp:featuredmedia":[{"embeddable":true,"href":"https:\/\/exoticchemicals.com\/it\/wp-json\/wp\/v2\/media\/2801"}],"wp:attachment":[{"href":"https:\/\/exoticchemicals.com\/it\/wp-json\/wp\/v2\/media?parent=2767"}],"wp:term":[{"taxonomy":"product_brand","embeddable":true,"href":"https:\/\/exoticchemicals.com\/it\/wp-json\/wp\/v2\/product_brand?post=2767"},{"taxonomy":"product_cat","embeddable":true,"href":"https:\/\/exoticchemicals.com\/it\/wp-json\/wp\/v2\/product_cat?post=2767"},{"taxonomy":"product_tag","embeddable":true,"href":"https:\/\/exoticchemicals.com\/it\/wp-json\/wp\/v2\/product_tag?post=2767"}],"curies":[{"name":"wp","href":"https:\/\/api.w.org\/{rel}","templated":true}]}}