{"id":5371,"date":"2026-01-29T21:33:57","date_gmt":"2026-01-29T21:33:57","guid":{"rendered":"https:\/\/exoticchemicals.com\/?post_type=product&#038;p=5371"},"modified":"2026-04-16T12:21:37","modified_gmt":"2026-04-16T12:21:37","slug":"pentedrone","status":"publish","type":"product","link":"https:\/\/exoticchemicals.com\/it\/product\/pentedrone\/","title":{"rendered":"Pentedrone"},"content":{"rendered":"<h3 style=\"text-align: center\"><strong>Pentedrone<\/strong><\/h3>\n<p>Pentedrone (also known as\u03b1-Methylamino-Valerophenone, MAVP, PD), acts as a designer drug with stimulant effects. It was found since 2010 as an ingredient in a number of \u201cbath salt\u201d mixes sold as legal highs. It acts as a reuptake inhibitor for dopamine and norepinephrine without causing release, the same mechanism of action as methylphenidate<a href=\"https:\/\/packmancartsshop.com\/shop\/\">.<\/a><\/p>\n<h2>How To Buy Pentedrone Online?<\/h2>\n<p>Vi offriamo la possibilit\u00e0 di ottenerli online senza problemi o imbarazzi. Lavoriamo senza sosta per farvi risparmiare ogni volta che ordinate online i nostri prodotti chimici di ricerca. <a href=\"https:\/\/researchchemicalshop.com\/shop\/\">negozio<\/a>. Il nostro obiettivo \u00e8 far s\u00ec che i nostri clienti paghino meno e ottengano di pi\u00f9.<\/p>\n<h2>Informazioni sul prodotto<\/h2>\n<table class=\"shop_attributes\" width=\"1020\">\n<tbody>\n<tr>\n<th>Product name<\/th>\n<td>\u00a0\u00a0 Pentedrone<\/td>\n<\/tr>\n<tr>\n<th>Chemical Name<\/th>\n<td>\u00a0\u00a0 (\u00b1)-1-phenyl-2-(methylamino)pentan-1-one<\/td>\n<\/tr>\n<tr>\n<th>Formal Name<\/th>\n<td>\u00a0\u00a0 \u03b1-Methylamino-Valerophenone, MAVP, PD, 2-(methylamino)-1-phenylpentan-1-one , \u03b1-methylamino-valerophenone<\/td>\n<\/tr>\n<tr>\n<th>Formula<\/th>\n<td>\u00a0\u00a0 C12H17NO<\/td>\n<\/tr>\n<tr>\n<th>Molar mass<\/th>\n<td>\u00a0\u00a0 191.27<\/td>\n<\/tr>\n<tr>\n<th>Aspetto<\/th>\n<td>\u00a0\u00a0 A crystalline solid<\/td>\n<\/tr>\n<tr>\n<th>La purezza<\/th>\n<td>\u00a0\u00a0 \u2265 99%<\/td>\n<\/tr>\n<tr>\n<th>Stability<\/th>\n<td>\u00a0\u00a0 2 Years<\/td>\n<\/tr>\n<tr>\n<th>Storage<\/th>\n<td>\u00a0\u00a0 -20\u00b0<\/td>\n<\/tr>\n<\/tbody>\n<\/table>","protected":false},"excerpt":{"rendered":"<p>Pentedrone Pentedrone (also known as\u03b1-Methylamino-Valerophenone, MAVP, PD), acts as a designer drug with stimulant effects. It was found since 2010 as an ingredient in a number of \u201cbath salt\u201d mixes sold as legal highs. It acts as a reuptake inhibitor for dopamine and norepinephrine without causing release, the same mechanism of action as methylphenidate. How [&hellip;]<\/p>\n","protected":false},"featured_media":5394,"comment_status":"closed","ping_status":"closed","template":"","meta":{"_uag_custom_page_level_css":"","site-sidebar-layout":"default","site-content-layout":"","ast-site-content-layout":"","site-content-style":"default","site-sidebar-style":"default","ast-global-header-display":"","ast-banner-title-visibility":"","ast-main-header-display":"","ast-hfb-above-header-display":"","ast-hfb-below-header-display":"","ast-hfb-mobile-header-display":"","site-post-title":"","ast-breadcrumbs-content":"","ast-featured-img":"","footer-sml-layout":"","theme-transparent-header-meta":"","adv-header-id-meta":"","stick-header-meta":"","header-above-stick-meta":"","header-main-stick-meta":"","header-below-stick-meta":"","astra-migrate-meta-layouts":"default","ast-page-background-enabled":"default","ast-page-background-meta":{"desktop":{"background-color":"","background-image":"","background-repeat":"repeat","background-position":"center center","background-size":"auto","background-attachment":"scroll","background-type":"","background-media":"","overlay-type":"","overlay-color":"","overlay-opacity":"","overlay-gradient":""},"tablet":{"background-color":"","background-image":"","background-repeat":"repeat","background-position":"center center","background-size":"auto","background-attachment":"scroll","background-type":"","background-media":"","overlay-type":"","overlay-color":"","overlay-opacity":"","overlay-gradient":""},"mobile":{"background-color":"","background-image":"","background-repeat":"repeat","background-position":"center center","background-size":"auto","background-attachment":"scroll","background-type":"","background-media":"","overlay-type":"","overlay-color":"","overlay-opacity":"","overlay-gradient":""}},"ast-content-background-meta":{"desktop":{"background-color":"var(--ast-global-color-5)","background-image":"","background-repeat":"repeat","background-position":"center center","background-size":"auto","background-attachment":"scroll","background-type":"","background-media":"","overlay-type":"","overlay-color":"","overlay-opacity":"","overlay-gradient":""},"tablet":{"background-color":"var(--ast-global-color-5)","background-image":"","background-repeat":"repeat","background-position":"center center","background-size":"auto","background-attachment":"scroll","background-type":"","background-media":"","overlay-type":"","overlay-color":"","overlay-opacity":"","overlay-gradient":""},"mobile":{"background-color":"var(--ast-global-color-5)","background-image":"","background-repeat":"repeat","background-position":"center center","background-size":"auto","background-attachment":"scroll","background-type":"","background-media":"","overlay-type":"","overlay-color":"","overlay-opacity":"","overlay-gradient":""}}},"product_brand":[],"product_cat":[22],"product_tag":[12926,13333,13334,13335,12478,12928,5649,1852,12929,12930,12931,12932,13336,5717,13337,13338,13339,13340,5729,5731,1608,13341,13342,13343,13344,13345,13346,13347,5735,5736,12946,12947,12948,12949,12950,12951,12952,12953,12954,12955,12956,12957,1502,5685,5741,5743,5744,12958,12959,12960,12961,13348,12963,12964,12965,5749,5753,5763],"class_list":{"0":"post-5371","1":"product","2":"type-product","3":"status-publish","4":"has-post-thumbnail","6":"product_cat-buy-high-quality-mdpv-hydrochloride","7":"product_tag-2c-research-chemical","8":"product_tag-4-methyl-pentedrone","9":"product_tag-4-chloro-pentedrone","10":"product_tag-4-methyl-pentedrone-experience","11":"product_tag-buy-pentedrone","12":"product_tag-buy-research-chemical","13":"product_tag-buy-research-chemicals","14":"product_tag-buy-research-chemicals-online","15":"product_tag-cabergoline-research-chemical","16":"product_tag-canadian-research-chemicals","17":"product_tag-domestic-research-chemicals","18":"product_tag-enclomiphene-research-chemical","19":"product_tag-ethyl-pentedrone","20":"product_tag-legal-research-chemicals","21":"product_tag-n-ethyl-nor-pentedrone","22":"product_tag-n-ethyl-pentedrone","23":"product_tag-n-ethyl-pentedrone-buy","24":"product_tag-n-ethyl-pentedrone-vape","25":"product_tag-opioid-research-chemicals","26":"product_tag-order-research-chemicals","27":"product_tag-pentedrone","28":"product_tag-pentedrone-5e","29":"product_tag-pentedrone-dd","30":"product_tag-pentedrone-erowid","31":"product_tag-pentedrone-for-sale","32":"product_tag-pentedrone-norephedrine","33":"product_tag-pentedrone-online","34":"product_tag-pentedrone-usa","35":"product_tag-quality-research-chemicals","36":"product_tag-reddit-research-chemicals","37":"product_tag-research-chemical","38":"product_tag-research-chemical-drugs","39":"product_tag-research-chemical-forum","40":"product_tag-research-chemical-opiates","41":"product_tag-research-chemical-reddit","42":"product_tag-research-chemical-shop","43":"product_tag-research-chemical-sources","44":"product_tag-research-chemical-store","45":"product_tag-research-chemical-supply","46":"product_tag-research-chemical-vendor-usa","47":"product_tag-research-chemical-vendors","48":"product_tag-research-chemical-vendors-reddit","49":"product_tag-research-chemicals","50":"product_tag-research-chemicals-for-sale","51":"product_tag-research-chemicals-kopen","52":"product_tag-research-chemicals-online","53":"product_tag-research-chemicals-reddit","54":"product_tag-research-chemicals-sale","55":"product_tag-research-chemicals-store","56":"product_tag-semaglutide-research-chemical","57":"product_tag-sunnyside-research-chemicals","58":"product_tag-synthesis-of-pentedrone","59":"product_tag-tadalafil-research-chemical","60":"product_tag-tirzepatide-research-chemical","61":"product_tag-tirzepatide-research-chemical-for-sale","62":"product_tag-toronto-research-chemicals","63":"product_tag-what-are-research-chemicals","64":"product_tag-where-to-buy-research-chemicals","65":"desktop-align-left","66":"tablet-align-left","67":"mobile-align-left","69":"first","70":"instock","71":"shipping-taxable","72":"purchasable","73":"product-type-variable"},"yoast_head":"<!-- This site is optimized with the Yoast SEO plugin v27.4 - https:\/\/yoast.com\/product\/yoast-seo-wordpress\/ -->\n<title>Pentedrone -<\/title>\n<meta name=\"robots\" content=\"index, follow, max-snippet:-1, max-image-preview:large, max-video-preview:-1\" \/>\n<link rel=\"canonical\" href=\"https:\/\/exoticchemicals.com\/it\/prodotto\/pentedrone\/\" \/>\n<meta property=\"og:locale\" content=\"it_IT\" \/>\n<meta property=\"og:type\" content=\"article\" \/>\n<meta property=\"og:title\" content=\"Pentedrone -\" \/>\n<meta property=\"og:description\" content=\"Pentedrone Pentedrone (also known as\u03b1-Methylamino-Valerophenone, MAVP, PD), acts as a designer drug with stimulant effects. It was found since 2010 as an ingredient in a number of \u201cbath salt\u201d mixes sold as legal highs. It acts as a reuptake inhibitor for dopamine and norepinephrine without causing release, the same mechanism of action as methylphenidate. How [&hellip;]\" \/>\n<meta property=\"og:url\" content=\"https:\/\/exoticchemicals.com\/it\/prodotto\/pentedrone\/\" \/>\n<meta property=\"article:modified_time\" content=\"2026-04-16T12:21:37+00:00\" \/>\n<meta name=\"twitter:card\" content=\"summary_large_image\" \/>\n<meta name=\"twitter:label1\" content=\"Tempo di lettura stimato\" \/>\n\t<meta name=\"twitter:data1\" content=\"1 minuto\" \/>\n<script type=\"application\/ld+json\" class=\"yoast-schema-graph\">{\"@context\":\"https:\\\/\\\/schema.org\",\"@graph\":[{\"@type\":\"WebPage\",\"@id\":\"https:\\\/\\\/exoticchemicals.com\\\/product\\\/pentedrone\\\/\",\"url\":\"https:\\\/\\\/exoticchemicals.com\\\/product\\\/pentedrone\\\/\",\"name\":\"Pentedrone -\",\"isPartOf\":{\"@id\":\"https:\\\/\\\/exoticchemicals.com\\\/#website\"},\"primaryImageOfPage\":{\"@id\":\"https:\\\/\\\/exoticchemicals.com\\\/product\\\/pentedrone\\\/#primaryimage\"},\"image\":{\"@id\":\"https:\\\/\\\/exoticchemicals.com\\\/product\\\/pentedrone\\\/#primaryimage\"},\"thumbnailUrl\":\"https:\\\/\\\/exoticchemicals.com\\\/wp-content\\\/uploads\\\/2026\\\/01\\\/Pentedrone.jpg\",\"datePublished\":\"2026-01-29T21:33:57+00:00\",\"dateModified\":\"2026-04-16T12:21:37+00:00\",\"breadcrumb\":{\"@id\":\"https:\\\/\\\/exoticchemicals.com\\\/product\\\/pentedrone\\\/#breadcrumb\"},\"inLanguage\":\"it-IT\",\"potentialAction\":[{\"@type\":\"ReadAction\",\"target\":[\"https:\\\/\\\/exoticchemicals.com\\\/product\\\/pentedrone\\\/\"]}]},{\"@type\":\"ImageObject\",\"inLanguage\":\"it-IT\",\"@id\":\"https:\\\/\\\/exoticchemicals.com\\\/product\\\/pentedrone\\\/#primaryimage\",\"url\":\"https:\\\/\\\/exoticchemicals.com\\\/wp-content\\\/uploads\\\/2026\\\/01\\\/Pentedrone.jpg\",\"contentUrl\":\"https:\\\/\\\/exoticchemicals.com\\\/wp-content\\\/uploads\\\/2026\\\/01\\\/Pentedrone.jpg\",\"width\":600,\"height\":600},{\"@type\":\"BreadcrumbList\",\"@id\":\"https:\\\/\\\/exoticchemicals.com\\\/product\\\/pentedrone\\\/#breadcrumb\",\"itemListElement\":[{\"@type\":\"ListItem\",\"position\":1,\"name\":\"Home\",\"item\":\"https:\\\/\\\/exoticchemicals.com\\\/\"},{\"@type\":\"ListItem\",\"position\":2,\"name\":\"Shop\",\"item\":\"https:\\\/\\\/exoticchemicals.com\\\/shop\\\/\"},{\"@type\":\"ListItem\",\"position\":3,\"name\":\"Pentedrone\"}]},{\"@type\":\"WebSite\",\"@id\":\"https:\\\/\\\/exoticchemicals.com\\\/#website\",\"url\":\"https:\\\/\\\/exoticchemicals.com\\\/\",\"name\":\"exotic chemicals\",\"description\":\"Buy MDPHP Hydrochloride\",\"publisher\":{\"@id\":\"https:\\\/\\\/exoticchemicals.com\\\/#\\\/schema\\\/person\\\/07ad08472b6f5b213792451a32dbe8c7\"},\"potentialAction\":[{\"@type\":\"SearchAction\",\"target\":{\"@type\":\"EntryPoint\",\"urlTemplate\":\"https:\\\/\\\/exoticchemicals.com\\\/?s={search_term_string}\"},\"query-input\":{\"@type\":\"PropertyValueSpecification\",\"valueRequired\":true,\"valueName\":\"search_term_string\"}}],\"inLanguage\":\"it-IT\"},{\"@type\":[\"Person\",\"Organization\"],\"@id\":\"https:\\\/\\\/exoticchemicals.com\\\/#\\\/schema\\\/person\\\/07ad08472b6f5b213792451a32dbe8c7\",\"name\":\"wwalkershop@gmail.com\",\"image\":{\"@type\":\"ImageObject\",\"inLanguage\":\"it-IT\",\"@id\":\"https:\\\/\\\/exoticchemicals.com\\\/wp-content\\\/uploads\\\/2025\\\/02\\\/pure-3-1-1.png\",\"url\":\"https:\\\/\\\/exoticchemicals.com\\\/wp-content\\\/uploads\\\/2025\\\/02\\\/pure-3-1-1.png\",\"contentUrl\":\"https:\\\/\\\/exoticchemicals.com\\\/wp-content\\\/uploads\\\/2025\\\/02\\\/pure-3-1-1.png\",\"width\":500,\"height\":500,\"caption\":\"wwalkershop@gmail.com\"},\"logo\":{\"@id\":\"https:\\\/\\\/exoticchemicals.com\\\/wp-content\\\/uploads\\\/2025\\\/02\\\/pure-3-1-1.png\"},\"sameAs\":[\"http:\\\/\\\/exoticchemicals.com\"]}]}<\/script>\n<!-- \/ Yoast SEO plugin. -->","yoast_head_json":{"title":"Pentedrone -","robots":{"index":"index","follow":"follow","max-snippet":"max-snippet:-1","max-image-preview":"max-image-preview:large","max-video-preview":"max-video-preview:-1"},"canonical":"https:\/\/exoticchemicals.com\/it\/prodotto\/pentedrone\/","og_locale":"it_IT","og_type":"article","og_title":"Pentedrone -","og_description":"Pentedrone Pentedrone (also known as\u03b1-Methylamino-Valerophenone, MAVP, PD), acts as a designer drug with stimulant effects. It was found since 2010 as an ingredient in a number of \u201cbath salt\u201d mixes sold as legal highs. It acts as a reuptake inhibitor for dopamine and norepinephrine without causing release, the same mechanism of action as methylphenidate. How [&hellip;]","og_url":"https:\/\/exoticchemicals.com\/it\/prodotto\/pentedrone\/","article_modified_time":"2026-04-16T12:21:37+00:00","twitter_card":"summary_large_image","twitter_misc":{"Tempo di lettura stimato":"1 minuto"},"schema":{"@context":"https:\/\/schema.org","@graph":[{"@type":"WebPage","@id":"https:\/\/exoticchemicals.com\/product\/pentedrone\/","url":"https:\/\/exoticchemicals.com\/product\/pentedrone\/","name":"Pentedrone -","isPartOf":{"@id":"https:\/\/exoticchemicals.com\/#website"},"primaryImageOfPage":{"@id":"https:\/\/exoticchemicals.com\/product\/pentedrone\/#primaryimage"},"image":{"@id":"https:\/\/exoticchemicals.com\/product\/pentedrone\/#primaryimage"},"thumbnailUrl":"https:\/\/exoticchemicals.com\/wp-content\/uploads\/2026\/01\/Pentedrone.jpg","datePublished":"2026-01-29T21:33:57+00:00","dateModified":"2026-04-16T12:21:37+00:00","breadcrumb":{"@id":"https:\/\/exoticchemicals.com\/product\/pentedrone\/#breadcrumb"},"inLanguage":"it-IT","potentialAction":[{"@type":"ReadAction","target":["https:\/\/exoticchemicals.com\/product\/pentedrone\/"]}]},{"@type":"ImageObject","inLanguage":"it-IT","@id":"https:\/\/exoticchemicals.com\/product\/pentedrone\/#primaryimage","url":"https:\/\/exoticchemicals.com\/wp-content\/uploads\/2026\/01\/Pentedrone.jpg","contentUrl":"https:\/\/exoticchemicals.com\/wp-content\/uploads\/2026\/01\/Pentedrone.jpg","width":600,"height":600},{"@type":"BreadcrumbList","@id":"https:\/\/exoticchemicals.com\/product\/pentedrone\/#breadcrumb","itemListElement":[{"@type":"ListItem","position":1,"name":"Home","item":"https:\/\/exoticchemicals.com\/"},{"@type":"ListItem","position":2,"name":"Shop","item":"https:\/\/exoticchemicals.com\/shop\/"},{"@type":"ListItem","position":3,"name":"Pentedrone"}]},{"@type":"WebSite","@id":"https:\/\/exoticchemicals.com\/#website","url":"https:\/\/exoticchemicals.com\/","name":"prodotti chimici esotici","description":"Comprare MDPHP cloridrato","publisher":{"@id":"https:\/\/exoticchemicals.com\/#\/schema\/person\/07ad08472b6f5b213792451a32dbe8c7"},"potentialAction":[{"@type":"SearchAction","target":{"@type":"EntryPoint","urlTemplate":"https:\/\/exoticchemicals.com\/?s={search_term_string}"},"query-input":{"@type":"PropertyValueSpecification","valueRequired":true,"valueName":"search_term_string"}}],"inLanguage":"it-IT"},{"@type":["Person","Organization"],"@id":"https:\/\/exoticchemicals.com\/#\/schema\/person\/07ad08472b6f5b213792451a32dbe8c7","name":"wwalkershop@gmail.com","image":{"@type":"ImageObject","inLanguage":"it-IT","@id":"https:\/\/exoticchemicals.com\/wp-content\/uploads\/2025\/02\/pure-3-1-1.png","url":"https:\/\/exoticchemicals.com\/wp-content\/uploads\/2025\/02\/pure-3-1-1.png","contentUrl":"https:\/\/exoticchemicals.com\/wp-content\/uploads\/2025\/02\/pure-3-1-1.png","width":500,"height":500,"caption":"wwalkershop@gmail.com"},"logo":{"@id":"https:\/\/exoticchemicals.com\/wp-content\/uploads\/2025\/02\/pure-3-1-1.png"},"sameAs":["http:\/\/exoticchemicals.com"]}]}},"uagb_featured_image_src":{"full":["https:\/\/exoticchemicals.com\/wp-content\/uploads\/2026\/01\/Pentedrone.jpg",600,600,false],"thumbnail":["https:\/\/exoticchemicals.com\/wp-content\/uploads\/2026\/01\/Pentedrone-150x150.jpg",150,150,true],"medium":["https:\/\/exoticchemicals.com\/wp-content\/uploads\/2026\/01\/Pentedrone-300x300.jpg",300,300,true],"medium_large":["https:\/\/exoticchemicals.com\/wp-content\/uploads\/2026\/01\/Pentedrone.jpg",600,600,false],"large":["https:\/\/exoticchemicals.com\/wp-content\/uploads\/2026\/01\/Pentedrone.jpg",600,600,false],"1536x1536":["https:\/\/exoticchemicals.com\/wp-content\/uploads\/2026\/01\/Pentedrone.jpg",600,600,false],"2048x2048":["https:\/\/exoticchemicals.com\/wp-content\/uploads\/2026\/01\/Pentedrone.jpg",600,600,false],"trp-custom-language-flag":["https:\/\/exoticchemicals.com\/wp-content\/uploads\/2026\/01\/Pentedrone-12x12.jpg",12,12,true],"woocommerce_thumbnail":["https:\/\/exoticchemicals.com\/wp-content\/uploads\/2026\/01\/Pentedrone-300x300.jpg",300,300,true],"woocommerce_single":["https:\/\/exoticchemicals.com\/wp-content\/uploads\/2026\/01\/Pentedrone.jpg",600,600,false],"woocommerce_gallery_thumbnail":["https:\/\/exoticchemicals.com\/wp-content\/uploads\/2026\/01\/Pentedrone-100x100.jpg",100,100,true]},"uagb_author_info":{"display_name":"wwalkershop@gmail.com","author_link":"https:\/\/exoticchemicals.com\/it\/author\/"},"uagb_comment_info":5,"uagb_excerpt":"Pentedrone Pentedrone (also known as\u03b1-Methylamino-Valerophenone, MAVP, PD), acts as a designer drug with stimulant effects. It was found since 2010 as an ingredient in a number of \u201cbath salt\u201d mixes sold as legal highs. It acts as a reuptake inhibitor for dopamine and norepinephrine without causing release, the same mechanism of action as methylphenidate. How&hellip;","_links":{"self":[{"href":"https:\/\/exoticchemicals.com\/it\/wp-json\/wp\/v2\/product\/5371","targetHints":{"allow":["GET"]}}],"collection":[{"href":"https:\/\/exoticchemicals.com\/it\/wp-json\/wp\/v2\/product"}],"about":[{"href":"https:\/\/exoticchemicals.com\/it\/wp-json\/wp\/v2\/types\/product"}],"replies":[{"embeddable":true,"href":"https:\/\/exoticchemicals.com\/it\/wp-json\/wp\/v2\/comments?post=5371"}],"wp:featuredmedia":[{"embeddable":true,"href":"https:\/\/exoticchemicals.com\/it\/wp-json\/wp\/v2\/media\/5394"}],"wp:attachment":[{"href":"https:\/\/exoticchemicals.com\/it\/wp-json\/wp\/v2\/media?parent=5371"}],"wp:term":[{"taxonomy":"product_brand","embeddable":true,"href":"https:\/\/exoticchemicals.com\/it\/wp-json\/wp\/v2\/product_brand?post=5371"},{"taxonomy":"product_cat","embeddable":true,"href":"https:\/\/exoticchemicals.com\/it\/wp-json\/wp\/v2\/product_cat?post=5371"},{"taxonomy":"product_tag","embeddable":true,"href":"https:\/\/exoticchemicals.com\/it\/wp-json\/wp\/v2\/product_tag?post=5371"}],"curies":[{"name":"wp","href":"https:\/\/api.w.org\/{rel}","templated":true}]}}