{"id":5450,"date":"2026-01-29T21:34:12","date_gmt":"2026-01-29T21:34:12","guid":{"rendered":"https:\/\/exoticchemicals.com\/?post_type=product&#038;p=5450"},"modified":"2026-04-11T10:41:45","modified_gmt":"2026-04-11T10:41:45","slug":"ethylone","status":"publish","type":"product","link":"https:\/\/exoticchemicals.com\/it\/product\/ethylone\/","title":{"rendered":"Ethylone"},"content":{"rendered":"<h3 style=\"text-align: center\"><strong>Ethylone<\/strong><\/h3>\n<p>Ethylone is also called MDEC or bk-MDEA belongs entactogen, stimulant, amphetamine, and psychedelic of the phenethylamine, and cathinone chemical classes. We have two forms of it, one is white crystal,the other one is white powder one. They are both pure, over 99.6%. The dosage ranges from 100 up to 200 mg, beginners had better not exceed 120 mg. In order to avoid nausea and vomiting, it should be taken on an empty stomach<a href=\"https:\/\/frydcartsdisposableshop.com\/shop\/\">.<\/a><\/p>\n<p>It began to be found from 2011, so less human use report. Usually,ethylone counts to be less potent than its relative methylone. Regular it is often taken orally, insufflating is possible but not recommended. The dosage can be measured similar like MDMA, this means 1 mg\/kg is a lower dosage and 1,5 mg\/kg is a medium dosage.<\/p>\n<p>Vi offriamo la possibilit\u00e0 di ottenerli online senza problemi o imbarazzi. Lavoriamo senza sosta per farvi risparmiare ogni volta che ordinate online i nostri prodotti chimici di ricerca. <a href=\"https:\/\/researchchemicalshop.com\/shop\/\">negozio<\/a>. Il nostro obiettivo \u00e8 far s\u00ec che i nostri clienti paghino meno e ottengano di pi\u00f9.<\/p>","protected":false},"excerpt":{"rendered":"<p>Ethylone Ethylone is also called MDEC or bk-MDEA belongs entactogen, stimulant, amphetamine, and psychedelic of the phenethylamine, and cathinone chemical classes. We have two forms of it, one is white crystal,the other one is white powder one. They are both pure, over 99.6%. The dosage ranges from 100 up to 200 mg, beginners had better [&hellip;]<\/p>\n","protected":false},"featured_media":5464,"comment_status":"closed","ping_status":"closed","template":"","meta":{"_uag_custom_page_level_css":"","site-sidebar-layout":"default","site-content-layout":"","ast-site-content-layout":"","site-content-style":"default","site-sidebar-style":"default","ast-global-header-display":"","ast-banner-title-visibility":"","ast-main-header-display":"","ast-hfb-above-header-display":"","ast-hfb-below-header-display":"","ast-hfb-mobile-header-display":"","site-post-title":"","ast-breadcrumbs-content":"","ast-featured-img":"","footer-sml-layout":"","theme-transparent-header-meta":"","adv-header-id-meta":"","stick-header-meta":"","header-above-stick-meta":"","header-main-stick-meta":"","header-below-stick-meta":"","astra-migrate-meta-layouts":"default","ast-page-background-enabled":"default","ast-page-background-meta":{"desktop":{"background-color":"","background-image":"","background-repeat":"repeat","background-position":"center center","background-size":"auto","background-attachment":"scroll","background-type":"","background-media":"","overlay-type":"","overlay-color":"","overlay-opacity":"","overlay-gradient":""},"tablet":{"background-color":"","background-image":"","background-repeat":"repeat","background-position":"center center","background-size":"auto","background-attachment":"scroll","background-type":"","background-media":"","overlay-type":"","overlay-color":"","overlay-opacity":"","overlay-gradient":""},"mobile":{"background-color":"","background-image":"","background-repeat":"repeat","background-position":"center center","background-size":"auto","background-attachment":"scroll","background-type":"","background-media":"","overlay-type":"","overlay-color":"","overlay-opacity":"","overlay-gradient":""}},"ast-content-background-meta":{"desktop":{"background-color":"var(--ast-global-color-5)","background-image":"","background-repeat":"repeat","background-position":"center center","background-size":"auto","background-attachment":"scroll","background-type":"","background-media":"","overlay-type":"","overlay-color":"","overlay-opacity":"","overlay-gradient":""},"tablet":{"background-color":"var(--ast-global-color-5)","background-image":"","background-repeat":"repeat","background-position":"center center","background-size":"auto","background-attachment":"scroll","background-type":"","background-media":"","overlay-type":"","overlay-color":"","overlay-opacity":"","overlay-gradient":""},"mobile":{"background-color":"var(--ast-global-color-5)","background-image":"","background-repeat":"repeat","background-position":"center center","background-size":"auto","background-attachment":"scroll","background-type":"","background-media":"","overlay-type":"","overlay-color":"","overlay-opacity":"","overlay-gradient":""}}},"product_brand":[],"product_cat":[22],"product_tag":[12926,13460,13461,13462,12928,5649,1852,12929,12930,12931,12932,7778,13463,10339,13464,13465,10357,13466,10453,13467,13468,10470,13469,13470,13471,5717,13472,5729,5731,5735,5736,12946,12947,12948,12949,12950,12951,12952,12953,12954,12955,12956,12957,1502,5685,5741,5743,5744,12958,12959,12960,12961,12963,12964,12965,5749,5753,13473,5763],"class_list":{"0":"post-5450","1":"product","2":"type-product","3":"status-publish","4":"has-post-thumbnail","6":"product_cat-buy-high-quality-mdpv-hydrochloride","7":"product_tag-2c-research-chemical","8":"product_tag-5-methyl-ethylone-erowid","9":"product_tag-5-methyl-ethylone-dosage","10":"product_tag-buy-ethylone","11":"product_tag-buy-research-chemical","12":"product_tag-buy-research-chemicals","13":"product_tag-buy-research-chemicals-online","14":"product_tag-cabergoline-research-chemical","15":"product_tag-canadian-research-chemicals","16":"product_tag-domestic-research-chemicals","17":"product_tag-enclomiphene-research-chemical","18":"product_tag-ethylone","19":"product_tag-ethylone-crystal","20":"product_tag-ethylone-dosage","21":"product_tag-ethylone-drug","22":"product_tag-ethylone-experience-report","23":"product_tag-ethylone-for-sale","24":"product_tag-ethylone-meaning","25":"product_tag-ethylone-side-effects","26":"product_tag-ethylone-street-name","27":"product_tag-ethylone-structure","28":"product_tag-ethylone-synthesis","29":"product_tag-ethylone-withdrawel","30":"product_tag-is-ethylone-illegal","31":"product_tag-is-ethylone-illegal-in-the-us","32":"product_tag-legal-research-chemicals","33":"product_tag-methyl-ethylone","34":"product_tag-opioid-research-chemicals","35":"product_tag-order-research-chemicals","36":"product_tag-quality-research-chemicals","37":"product_tag-reddit-research-chemicals","38":"product_tag-research-chemical","39":"product_tag-research-chemical-drugs","40":"product_tag-research-chemical-forum","41":"product_tag-research-chemical-opiates","42":"product_tag-research-chemical-reddit","43":"product_tag-research-chemical-shop","44":"product_tag-research-chemical-sources","45":"product_tag-research-chemical-store","46":"product_tag-research-chemical-supply","47":"product_tag-research-chemical-vendor-usa","48":"product_tag-research-chemical-vendors","49":"product_tag-research-chemical-vendors-reddit","50":"product_tag-research-chemicals","51":"product_tag-research-chemicals-for-sale","52":"product_tag-research-chemicals-kopen","53":"product_tag-research-chemicals-online","54":"product_tag-research-chemicals-reddit","55":"product_tag-research-chemicals-sale","56":"product_tag-research-chemicals-store","57":"product_tag-semaglutide-research-chemical","58":"product_tag-sunnyside-research-chemicals","59":"product_tag-tadalafil-research-chemical","60":"product_tag-tirzepatide-research-chemical","61":"product_tag-tirzepatide-research-chemical-for-sale","62":"product_tag-toronto-research-chemicals","63":"product_tag-what-are-research-chemicals","64":"product_tag-what-is-ethylone","65":"product_tag-where-to-buy-research-chemicals","66":"desktop-align-left","67":"tablet-align-left","68":"mobile-align-left","70":"first","71":"instock","72":"shipping-taxable","73":"purchasable","74":"product-type-variable"},"yoast_head":"<!-- This site is optimized with the Yoast SEO plugin v27.4 - https:\/\/yoast.com\/product\/yoast-seo-wordpress\/ -->\n<title>Ethylone -<\/title>\n<meta name=\"robots\" content=\"index, follow, max-snippet:-1, max-image-preview:large, max-video-preview:-1\" \/>\n<link rel=\"canonical\" href=\"https:\/\/exoticchemicals.com\/it\/prodotto\/ethylone\/\" \/>\n<meta property=\"og:locale\" content=\"it_IT\" \/>\n<meta property=\"og:type\" content=\"article\" \/>\n<meta property=\"og:title\" content=\"Ethylone -\" \/>\n<meta property=\"og:description\" content=\"Ethylone Ethylone is also called MDEC or bk-MDEA belongs entactogen, stimulant, amphetamine, and psychedelic of the phenethylamine, and cathinone chemical classes. We have two forms of it, one is white crystal,the other one is white powder one. They are both pure, over 99.6%. The dosage ranges from 100 up to 200 mg, beginners had better [&hellip;]\" \/>\n<meta property=\"og:url\" content=\"https:\/\/exoticchemicals.com\/it\/prodotto\/ethylone\/\" \/>\n<meta property=\"article:modified_time\" content=\"2026-04-11T10:41:45+00:00\" \/>\n<meta name=\"twitter:card\" content=\"summary_large_image\" \/>\n<meta name=\"twitter:label1\" content=\"Tempo di lettura stimato\" \/>\n\t<meta name=\"twitter:data1\" content=\"1 minuto\" \/>\n<script type=\"application\/ld+json\" class=\"yoast-schema-graph\">{\"@context\":\"https:\\\/\\\/schema.org\",\"@graph\":[{\"@type\":\"WebPage\",\"@id\":\"https:\\\/\\\/exoticchemicals.com\\\/product\\\/ethylone\\\/\",\"url\":\"https:\\\/\\\/exoticchemicals.com\\\/product\\\/ethylone\\\/\",\"name\":\"Ethylone -\",\"isPartOf\":{\"@id\":\"https:\\\/\\\/exoticchemicals.com\\\/#website\"},\"primaryImageOfPage\":{\"@id\":\"https:\\\/\\\/exoticchemicals.com\\\/product\\\/ethylone\\\/#primaryimage\"},\"image\":{\"@id\":\"https:\\\/\\\/exoticchemicals.com\\\/product\\\/ethylone\\\/#primaryimage\"},\"thumbnailUrl\":\"https:\\\/\\\/exoticchemicals.com\\\/wp-content\\\/uploads\\\/2026\\\/01\\\/Ethylone.png\",\"datePublished\":\"2026-01-29T21:34:12+00:00\",\"dateModified\":\"2026-04-11T10:41:45+00:00\",\"breadcrumb\":{\"@id\":\"https:\\\/\\\/exoticchemicals.com\\\/product\\\/ethylone\\\/#breadcrumb\"},\"inLanguage\":\"it-IT\",\"potentialAction\":[{\"@type\":\"ReadAction\",\"target\":[\"https:\\\/\\\/exoticchemicals.com\\\/product\\\/ethylone\\\/\"]}]},{\"@type\":\"ImageObject\",\"inLanguage\":\"it-IT\",\"@id\":\"https:\\\/\\\/exoticchemicals.com\\\/product\\\/ethylone\\\/#primaryimage\",\"url\":\"https:\\\/\\\/exoticchemicals.com\\\/wp-content\\\/uploads\\\/2026\\\/01\\\/Ethylone.png\",\"contentUrl\":\"https:\\\/\\\/exoticchemicals.com\\\/wp-content\\\/uploads\\\/2026\\\/01\\\/Ethylone.png\",\"width\":768,\"height\":768},{\"@type\":\"BreadcrumbList\",\"@id\":\"https:\\\/\\\/exoticchemicals.com\\\/product\\\/ethylone\\\/#breadcrumb\",\"itemListElement\":[{\"@type\":\"ListItem\",\"position\":1,\"name\":\"Home\",\"item\":\"https:\\\/\\\/exoticchemicals.com\\\/\"},{\"@type\":\"ListItem\",\"position\":2,\"name\":\"Shop\",\"item\":\"https:\\\/\\\/exoticchemicals.com\\\/shop\\\/\"},{\"@type\":\"ListItem\",\"position\":3,\"name\":\"Ethylone\"}]},{\"@type\":\"WebSite\",\"@id\":\"https:\\\/\\\/exoticchemicals.com\\\/#website\",\"url\":\"https:\\\/\\\/exoticchemicals.com\\\/\",\"name\":\"exotic chemicals\",\"description\":\"Buy MDPHP Hydrochloride\",\"publisher\":{\"@id\":\"https:\\\/\\\/exoticchemicals.com\\\/#\\\/schema\\\/person\\\/07ad08472b6f5b213792451a32dbe8c7\"},\"potentialAction\":[{\"@type\":\"SearchAction\",\"target\":{\"@type\":\"EntryPoint\",\"urlTemplate\":\"https:\\\/\\\/exoticchemicals.com\\\/?s={search_term_string}\"},\"query-input\":{\"@type\":\"PropertyValueSpecification\",\"valueRequired\":true,\"valueName\":\"search_term_string\"}}],\"inLanguage\":\"it-IT\"},{\"@type\":[\"Person\",\"Organization\"],\"@id\":\"https:\\\/\\\/exoticchemicals.com\\\/#\\\/schema\\\/person\\\/07ad08472b6f5b213792451a32dbe8c7\",\"name\":\"wwalkershop@gmail.com\",\"image\":{\"@type\":\"ImageObject\",\"inLanguage\":\"it-IT\",\"@id\":\"https:\\\/\\\/exoticchemicals.com\\\/wp-content\\\/uploads\\\/2025\\\/02\\\/pure-3-1-1.png\",\"url\":\"https:\\\/\\\/exoticchemicals.com\\\/wp-content\\\/uploads\\\/2025\\\/02\\\/pure-3-1-1.png\",\"contentUrl\":\"https:\\\/\\\/exoticchemicals.com\\\/wp-content\\\/uploads\\\/2025\\\/02\\\/pure-3-1-1.png\",\"width\":500,\"height\":500,\"caption\":\"wwalkershop@gmail.com\"},\"logo\":{\"@id\":\"https:\\\/\\\/exoticchemicals.com\\\/wp-content\\\/uploads\\\/2025\\\/02\\\/pure-3-1-1.png\"},\"sameAs\":[\"http:\\\/\\\/exoticchemicals.com\"]}]}<\/script>\n<!-- \/ Yoast SEO plugin. -->","yoast_head_json":{"title":"Ethylone -","robots":{"index":"index","follow":"follow","max-snippet":"max-snippet:-1","max-image-preview":"max-image-preview:large","max-video-preview":"max-video-preview:-1"},"canonical":"https:\/\/exoticchemicals.com\/it\/prodotto\/ethylone\/","og_locale":"it_IT","og_type":"article","og_title":"Ethylone -","og_description":"Ethylone Ethylone is also called MDEC or bk-MDEA belongs entactogen, stimulant, amphetamine, and psychedelic of the phenethylamine, and cathinone chemical classes. We have two forms of it, one is white crystal,the other one is white powder one. They are both pure, over 99.6%. The dosage ranges from 100 up to 200 mg, beginners had better [&hellip;]","og_url":"https:\/\/exoticchemicals.com\/it\/prodotto\/ethylone\/","article_modified_time":"2026-04-11T10:41:45+00:00","twitter_card":"summary_large_image","twitter_misc":{"Tempo di lettura stimato":"1 minuto"},"schema":{"@context":"https:\/\/schema.org","@graph":[{"@type":"WebPage","@id":"https:\/\/exoticchemicals.com\/product\/ethylone\/","url":"https:\/\/exoticchemicals.com\/product\/ethylone\/","name":"Ethylone -","isPartOf":{"@id":"https:\/\/exoticchemicals.com\/#website"},"primaryImageOfPage":{"@id":"https:\/\/exoticchemicals.com\/product\/ethylone\/#primaryimage"},"image":{"@id":"https:\/\/exoticchemicals.com\/product\/ethylone\/#primaryimage"},"thumbnailUrl":"https:\/\/exoticchemicals.com\/wp-content\/uploads\/2026\/01\/Ethylone.png","datePublished":"2026-01-29T21:34:12+00:00","dateModified":"2026-04-11T10:41:45+00:00","breadcrumb":{"@id":"https:\/\/exoticchemicals.com\/product\/ethylone\/#breadcrumb"},"inLanguage":"it-IT","potentialAction":[{"@type":"ReadAction","target":["https:\/\/exoticchemicals.com\/product\/ethylone\/"]}]},{"@type":"ImageObject","inLanguage":"it-IT","@id":"https:\/\/exoticchemicals.com\/product\/ethylone\/#primaryimage","url":"https:\/\/exoticchemicals.com\/wp-content\/uploads\/2026\/01\/Ethylone.png","contentUrl":"https:\/\/exoticchemicals.com\/wp-content\/uploads\/2026\/01\/Ethylone.png","width":768,"height":768},{"@type":"BreadcrumbList","@id":"https:\/\/exoticchemicals.com\/product\/ethylone\/#breadcrumb","itemListElement":[{"@type":"ListItem","position":1,"name":"Home","item":"https:\/\/exoticchemicals.com\/"},{"@type":"ListItem","position":2,"name":"Shop","item":"https:\/\/exoticchemicals.com\/shop\/"},{"@type":"ListItem","position":3,"name":"Ethylone"}]},{"@type":"WebSite","@id":"https:\/\/exoticchemicals.com\/#website","url":"https:\/\/exoticchemicals.com\/","name":"prodotti chimici esotici","description":"Comprare MDPHP cloridrato","publisher":{"@id":"https:\/\/exoticchemicals.com\/#\/schema\/person\/07ad08472b6f5b213792451a32dbe8c7"},"potentialAction":[{"@type":"SearchAction","target":{"@type":"EntryPoint","urlTemplate":"https:\/\/exoticchemicals.com\/?s={search_term_string}"},"query-input":{"@type":"PropertyValueSpecification","valueRequired":true,"valueName":"search_term_string"}}],"inLanguage":"it-IT"},{"@type":["Person","Organization"],"@id":"https:\/\/exoticchemicals.com\/#\/schema\/person\/07ad08472b6f5b213792451a32dbe8c7","name":"wwalkershop@gmail.com","image":{"@type":"ImageObject","inLanguage":"it-IT","@id":"https:\/\/exoticchemicals.com\/wp-content\/uploads\/2025\/02\/pure-3-1-1.png","url":"https:\/\/exoticchemicals.com\/wp-content\/uploads\/2025\/02\/pure-3-1-1.png","contentUrl":"https:\/\/exoticchemicals.com\/wp-content\/uploads\/2025\/02\/pure-3-1-1.png","width":500,"height":500,"caption":"wwalkershop@gmail.com"},"logo":{"@id":"https:\/\/exoticchemicals.com\/wp-content\/uploads\/2025\/02\/pure-3-1-1.png"},"sameAs":["http:\/\/exoticchemicals.com"]}]}},"uagb_featured_image_src":{"full":["https:\/\/exoticchemicals.com\/wp-content\/uploads\/2026\/01\/Ethylone.png",768,768,false],"thumbnail":["https:\/\/exoticchemicals.com\/wp-content\/uploads\/2026\/01\/Ethylone-150x150.png",150,150,true],"medium":["https:\/\/exoticchemicals.com\/wp-content\/uploads\/2026\/01\/Ethylone-300x300.png",300,300,true],"medium_large":["https:\/\/exoticchemicals.com\/wp-content\/uploads\/2026\/01\/Ethylone.png",768,768,false],"large":["https:\/\/exoticchemicals.com\/wp-content\/uploads\/2026\/01\/Ethylone.png",768,768,false],"1536x1536":["https:\/\/exoticchemicals.com\/wp-content\/uploads\/2026\/01\/Ethylone.png",768,768,false],"2048x2048":["https:\/\/exoticchemicals.com\/wp-content\/uploads\/2026\/01\/Ethylone.png",768,768,false],"trp-custom-language-flag":["https:\/\/exoticchemicals.com\/wp-content\/uploads\/2026\/01\/Ethylone-12x12.png",12,12,true],"woocommerce_thumbnail":["https:\/\/exoticchemicals.com\/wp-content\/uploads\/2026\/01\/Ethylone-300x300.png",300,300,true],"woocommerce_single":["https:\/\/exoticchemicals.com\/wp-content\/uploads\/2026\/01\/Ethylone-600x600.png",600,600,true],"woocommerce_gallery_thumbnail":["https:\/\/exoticchemicals.com\/wp-content\/uploads\/2026\/01\/Ethylone-100x100.png",100,100,true]},"uagb_author_info":{"display_name":"wwalkershop@gmail.com","author_link":"https:\/\/exoticchemicals.com\/it\/author\/"},"uagb_comment_info":7,"uagb_excerpt":"Ethylone Ethylone is also called MDEC or bk-MDEA belongs entactogen, stimulant, amphetamine, and psychedelic of the phenethylamine, and cathinone chemical classes. We have two forms of it, one is white crystal,the other one is white powder one. They are both pure, over 99.6%. The dosage ranges from 100 up to 200 mg, beginners had better&hellip;","_links":{"self":[{"href":"https:\/\/exoticchemicals.com\/it\/wp-json\/wp\/v2\/product\/5450","targetHints":{"allow":["GET"]}}],"collection":[{"href":"https:\/\/exoticchemicals.com\/it\/wp-json\/wp\/v2\/product"}],"about":[{"href":"https:\/\/exoticchemicals.com\/it\/wp-json\/wp\/v2\/types\/product"}],"replies":[{"embeddable":true,"href":"https:\/\/exoticchemicals.com\/it\/wp-json\/wp\/v2\/comments?post=5450"}],"wp:featuredmedia":[{"embeddable":true,"href":"https:\/\/exoticchemicals.com\/it\/wp-json\/wp\/v2\/media\/5464"}],"wp:attachment":[{"href":"https:\/\/exoticchemicals.com\/it\/wp-json\/wp\/v2\/media?parent=5450"}],"wp:term":[{"taxonomy":"product_brand","embeddable":true,"href":"https:\/\/exoticchemicals.com\/it\/wp-json\/wp\/v2\/product_brand?post=5450"},{"taxonomy":"product_cat","embeddable":true,"href":"https:\/\/exoticchemicals.com\/it\/wp-json\/wp\/v2\/product_cat?post=5450"},{"taxonomy":"product_tag","embeddable":true,"href":"https:\/\/exoticchemicals.com\/it\/wp-json\/wp\/v2\/product_tag?post=5450"}],"curies":[{"name":"wp","href":"https:\/\/api.w.org\/{rel}","templated":true}]}}