{"id":5482,"date":"2026-01-29T21:34:22","date_gmt":"2026-01-29T21:34:22","guid":{"rendered":"https:\/\/exoticchemicals.com\/?post_type=product&#038;p=5482"},"modified":"2026-04-13T04:31:59","modified_gmt":"2026-04-13T04:31:59","slug":"buphedrone","status":"publish","type":"product","link":"https:\/\/exoticchemicals.com\/it\/product\/buphedrone\/","title":{"rendered":"Buphedrone"},"content":{"rendered":"<h3 style=\"text-align: center\"><strong>Buphedrone<\/strong><\/h3>\n<p>Buphedrone is a stimulant drug belonging to Substituted phenethylamine and cathinone family of prescription drugs. It is additionally connected in character to buy this drug amphetamine class of drugs as they are of same stimulant medication<a href=\"https:\/\/clickmedspharmacy.com\/shop\/\">.<\/a><\/p>\n<h2>How To Buy Buphedrone Online ?<\/h2>\n<p>Vi offriamo la possibilit\u00e0 di ottenerli online senza problemi o imbarazzi. Lavoriamo senza sosta per farvi risparmiare ogni volta che ordinate online i nostri prodotti chimici di ricerca. <a href=\"https:\/\/researchchemicalshop.com\/shop\/\">negozio<\/a>. Il nostro obiettivo \u00e8 far s\u00ec che i nostri clienti paghino meno e ottengano di pi\u00f9.<\/p>\n<h2>Informazioni sul prodotto<\/h2>\n<table class=\"shop_attributes\" width=\"737\">\n<tbody>\n<tr>\n<th>Product name<\/th>\n<td>\u03b1-methylamino-butyrophenone (MABP)<\/td>\n<\/tr>\n<tr>\n<th>CAS<\/th>\n<td>408332-79-6<\/td>\n<\/tr>\n<tr>\n<th>PubChem CID<\/th>\n<td>53249194<\/td>\n<\/tr>\n<tr>\n<th>ChemSpider<\/th>\n<td>26286946<\/td>\n<\/tr>\n<tr>\n<th>Formula<\/th>\n<td>C11H15NO<\/td>\n<\/tr>\n<tr>\n<th>Molecular Mass<\/th>\n<td>177.242 g\/mol g\u00b7mol\u22121<\/td>\n<\/tr>\n<\/tbody>\n<\/table>","protected":false},"excerpt":{"rendered":"<p>Buphedrone Buphedrone is a stimulant drug belonging to Substituted phenethylamine and cathinone family of prescription drugs. It is additionally connected in character to buy this drug amphetamine class of drugs as they are of same stimulant medication. How To Buy Buphedrone Online ? We offers you the possibility to get it online without hassles or [&hellip;]<\/p>\n","protected":false},"featured_media":5498,"comment_status":"closed","ping_status":"closed","template":"","meta":{"_uag_custom_page_level_css":"","site-sidebar-layout":"default","site-content-layout":"","ast-site-content-layout":"","site-content-style":"default","site-sidebar-style":"default","ast-global-header-display":"","ast-banner-title-visibility":"","ast-main-header-display":"","ast-hfb-above-header-display":"","ast-hfb-below-header-display":"","ast-hfb-mobile-header-display":"","site-post-title":"","ast-breadcrumbs-content":"","ast-featured-img":"","footer-sml-layout":"","theme-transparent-header-meta":"","adv-header-id-meta":"","stick-header-meta":"","header-above-stick-meta":"","header-main-stick-meta":"","header-below-stick-meta":"","astra-migrate-meta-layouts":"default","ast-page-background-enabled":"default","ast-page-background-meta":{"desktop":{"background-color":"","background-image":"","background-repeat":"repeat","background-position":"center center","background-size":"auto","background-attachment":"scroll","background-type":"","background-media":"","overlay-type":"","overlay-color":"","overlay-opacity":"","overlay-gradient":""},"tablet":{"background-color":"","background-image":"","background-repeat":"repeat","background-position":"center center","background-size":"auto","background-attachment":"scroll","background-type":"","background-media":"","overlay-type":"","overlay-color":"","overlay-opacity":"","overlay-gradient":""},"mobile":{"background-color":"","background-image":"","background-repeat":"repeat","background-position":"center center","background-size":"auto","background-attachment":"scroll","background-type":"","background-media":"","overlay-type":"","overlay-color":"","overlay-opacity":"","overlay-gradient":""}},"ast-content-background-meta":{"desktop":{"background-color":"var(--ast-global-color-5)","background-image":"","background-repeat":"repeat","background-position":"center center","background-size":"auto","background-attachment":"scroll","background-type":"","background-media":"","overlay-type":"","overlay-color":"","overlay-opacity":"","overlay-gradient":""},"tablet":{"background-color":"var(--ast-global-color-5)","background-image":"","background-repeat":"repeat","background-position":"center center","background-size":"auto","background-attachment":"scroll","background-type":"","background-media":"","overlay-type":"","overlay-color":"","overlay-opacity":"","overlay-gradient":""},"mobile":{"background-color":"var(--ast-global-color-5)","background-image":"","background-repeat":"repeat","background-position":"center center","background-size":"auto","background-attachment":"scroll","background-type":"","background-media":"","overlay-type":"","overlay-color":"","overlay-opacity":"","overlay-gradient":""}}},"product_brand":[],"product_cat":[22],"product_tag":[12926,13531,13532,13533,13534,13535,13536,13537,13538,13539,13540,12928,5649,1852,12929,12930,12931,12932,13541,5717,5729,5731,5735,5736,12946,12947,12948,12949,12950,12951,12952,12953,12954,12955,12956,12957,1502,5685,5741,5743,5744,12958,12959,12960,12961,12963,12964,12965,5749,5753,13542,5763],"class_list":{"0":"post-5482","1":"product","2":"type-product","3":"status-publish","4":"has-post-thumbnail","6":"product_cat-buy-high-quality-mdpv-hydrochloride","7":"product_tag-2c-research-chemical","8":"product_tag-buphedrone","9":"product_tag-buphedrone-buy","10":"product_tag-buphedrone-effects","11":"product_tag-buphedrone-erowid","12":"product_tag-buphedrone-experience","13":"product_tag-buphedrone-powder","14":"product_tag-buphedrone-reddit","15":"product_tag-buphedrone-street-name","16":"product_tag-buy-buphedrone-online","17":"product_tag-buy-buphedrone-powder-online","18":"product_tag-buy-research-chemical","19":"product_tag-buy-research-chemicals","20":"product_tag-buy-research-chemicals-online","21":"product_tag-cabergoline-research-chemical","22":"product_tag-canadian-research-chemicals","23":"product_tag-domestic-research-chemicals","24":"product_tag-enclomiphene-research-chemical","25":"product_tag-is-buphedrone-legal","26":"product_tag-legal-research-chemicals","27":"product_tag-opioid-research-chemicals","28":"product_tag-order-research-chemicals","29":"product_tag-quality-research-chemicals","30":"product_tag-reddit-research-chemicals","31":"product_tag-research-chemical","32":"product_tag-research-chemical-drugs","33":"product_tag-research-chemical-forum","34":"product_tag-research-chemical-opiates","35":"product_tag-research-chemical-reddit","36":"product_tag-research-chemical-shop","37":"product_tag-research-chemical-sources","38":"product_tag-research-chemical-store","39":"product_tag-research-chemical-supply","40":"product_tag-research-chemical-vendor-usa","41":"product_tag-research-chemical-vendors","42":"product_tag-research-chemical-vendors-reddit","43":"product_tag-research-chemicals","44":"product_tag-research-chemicals-for-sale","45":"product_tag-research-chemicals-kopen","46":"product_tag-research-chemicals-online","47":"product_tag-research-chemicals-reddit","48":"product_tag-research-chemicals-sale","49":"product_tag-research-chemicals-store","50":"product_tag-semaglutide-research-chemical","51":"product_tag-sunnyside-research-chemicals","52":"product_tag-tadalafil-research-chemical","53":"product_tag-tirzepatide-research-chemical","54":"product_tag-tirzepatide-research-chemical-for-sale","55":"product_tag-toronto-research-chemicals","56":"product_tag-what-are-research-chemicals","57":"product_tag-what-is-buphedrone","58":"product_tag-where-to-buy-research-chemicals","59":"desktop-align-left","60":"tablet-align-left","61":"mobile-align-left","63":"first","64":"instock","65":"shipping-taxable","66":"purchasable","67":"product-type-variable"},"yoast_head":"<!-- This site is optimized with the Yoast SEO plugin v27.4 - https:\/\/yoast.com\/product\/yoast-seo-wordpress\/ -->\n<title>Buphedrone -<\/title>\n<meta name=\"robots\" content=\"index, follow, max-snippet:-1, max-image-preview:large, max-video-preview:-1\" \/>\n<link rel=\"canonical\" href=\"https:\/\/exoticchemicals.com\/it\/prodotto\/buphedrone\/\" \/>\n<meta property=\"og:locale\" content=\"it_IT\" \/>\n<meta property=\"og:type\" content=\"article\" \/>\n<meta property=\"og:title\" content=\"Buphedrone -\" \/>\n<meta property=\"og:description\" content=\"Buphedrone Buphedrone is a stimulant drug belonging to Substituted phenethylamine and cathinone family of prescription drugs. It is additionally connected in character to buy this drug amphetamine class of drugs as they are of same stimulant medication. How To Buy Buphedrone Online ? We offers you the possibility to get it online without hassles or [&hellip;]\" \/>\n<meta property=\"og:url\" content=\"https:\/\/exoticchemicals.com\/it\/prodotto\/buphedrone\/\" \/>\n<meta property=\"article:modified_time\" content=\"2026-04-13T04:31:59+00:00\" \/>\n<meta name=\"twitter:card\" content=\"summary_large_image\" \/>\n<meta name=\"twitter:label1\" content=\"Tempo di lettura stimato\" \/>\n\t<meta name=\"twitter:data1\" content=\"1 minuto\" \/>\n<script type=\"application\/ld+json\" class=\"yoast-schema-graph\">{\"@context\":\"https:\\\/\\\/schema.org\",\"@graph\":[{\"@type\":\"WebPage\",\"@id\":\"https:\\\/\\\/exoticchemicals.com\\\/product\\\/buphedrone\\\/\",\"url\":\"https:\\\/\\\/exoticchemicals.com\\\/product\\\/buphedrone\\\/\",\"name\":\"Buphedrone -\",\"isPartOf\":{\"@id\":\"https:\\\/\\\/exoticchemicals.com\\\/#website\"},\"primaryImageOfPage\":{\"@id\":\"https:\\\/\\\/exoticchemicals.com\\\/product\\\/buphedrone\\\/#primaryimage\"},\"image\":{\"@id\":\"https:\\\/\\\/exoticchemicals.com\\\/product\\\/buphedrone\\\/#primaryimage\"},\"thumbnailUrl\":\"https:\\\/\\\/exoticchemicals.com\\\/wp-content\\\/uploads\\\/2026\\\/01\\\/Buphedrone.jpg\",\"datePublished\":\"2026-01-29T21:34:22+00:00\",\"dateModified\":\"2026-04-13T04:31:59+00:00\",\"breadcrumb\":{\"@id\":\"https:\\\/\\\/exoticchemicals.com\\\/product\\\/buphedrone\\\/#breadcrumb\"},\"inLanguage\":\"it-IT\",\"potentialAction\":[{\"@type\":\"ReadAction\",\"target\":[\"https:\\\/\\\/exoticchemicals.com\\\/product\\\/buphedrone\\\/\"]}]},{\"@type\":\"ImageObject\",\"inLanguage\":\"it-IT\",\"@id\":\"https:\\\/\\\/exoticchemicals.com\\\/product\\\/buphedrone\\\/#primaryimage\",\"url\":\"https:\\\/\\\/exoticchemicals.com\\\/wp-content\\\/uploads\\\/2026\\\/01\\\/Buphedrone.jpg\",\"contentUrl\":\"https:\\\/\\\/exoticchemicals.com\\\/wp-content\\\/uploads\\\/2026\\\/01\\\/Buphedrone.jpg\",\"width\":409,\"height\":650},{\"@type\":\"BreadcrumbList\",\"@id\":\"https:\\\/\\\/exoticchemicals.com\\\/product\\\/buphedrone\\\/#breadcrumb\",\"itemListElement\":[{\"@type\":\"ListItem\",\"position\":1,\"name\":\"Home\",\"item\":\"https:\\\/\\\/exoticchemicals.com\\\/\"},{\"@type\":\"ListItem\",\"position\":2,\"name\":\"Shop\",\"item\":\"https:\\\/\\\/exoticchemicals.com\\\/shop\\\/\"},{\"@type\":\"ListItem\",\"position\":3,\"name\":\"Buphedrone\"}]},{\"@type\":\"WebSite\",\"@id\":\"https:\\\/\\\/exoticchemicals.com\\\/#website\",\"url\":\"https:\\\/\\\/exoticchemicals.com\\\/\",\"name\":\"exotic chemicals\",\"description\":\"Buy MDPHP Hydrochloride\",\"publisher\":{\"@id\":\"https:\\\/\\\/exoticchemicals.com\\\/#\\\/schema\\\/person\\\/07ad08472b6f5b213792451a32dbe8c7\"},\"potentialAction\":[{\"@type\":\"SearchAction\",\"target\":{\"@type\":\"EntryPoint\",\"urlTemplate\":\"https:\\\/\\\/exoticchemicals.com\\\/?s={search_term_string}\"},\"query-input\":{\"@type\":\"PropertyValueSpecification\",\"valueRequired\":true,\"valueName\":\"search_term_string\"}}],\"inLanguage\":\"it-IT\"},{\"@type\":[\"Person\",\"Organization\"],\"@id\":\"https:\\\/\\\/exoticchemicals.com\\\/#\\\/schema\\\/person\\\/07ad08472b6f5b213792451a32dbe8c7\",\"name\":\"wwalkershop@gmail.com\",\"image\":{\"@type\":\"ImageObject\",\"inLanguage\":\"it-IT\",\"@id\":\"https:\\\/\\\/exoticchemicals.com\\\/wp-content\\\/uploads\\\/2025\\\/02\\\/pure-3-1-1.png\",\"url\":\"https:\\\/\\\/exoticchemicals.com\\\/wp-content\\\/uploads\\\/2025\\\/02\\\/pure-3-1-1.png\",\"contentUrl\":\"https:\\\/\\\/exoticchemicals.com\\\/wp-content\\\/uploads\\\/2025\\\/02\\\/pure-3-1-1.png\",\"width\":500,\"height\":500,\"caption\":\"wwalkershop@gmail.com\"},\"logo\":{\"@id\":\"https:\\\/\\\/exoticchemicals.com\\\/wp-content\\\/uploads\\\/2025\\\/02\\\/pure-3-1-1.png\"},\"sameAs\":[\"http:\\\/\\\/exoticchemicals.com\"]}]}<\/script>\n<!-- \/ Yoast SEO plugin. -->","yoast_head_json":{"title":"Buphedrone -","robots":{"index":"index","follow":"follow","max-snippet":"max-snippet:-1","max-image-preview":"max-image-preview:large","max-video-preview":"max-video-preview:-1"},"canonical":"https:\/\/exoticchemicals.com\/it\/prodotto\/buphedrone\/","og_locale":"it_IT","og_type":"article","og_title":"Buphedrone -","og_description":"Buphedrone Buphedrone is a stimulant drug belonging to Substituted phenethylamine and cathinone family of prescription drugs. It is additionally connected in character to buy this drug amphetamine class of drugs as they are of same stimulant medication. How To Buy Buphedrone Online ? We offers you the possibility to get it online without hassles or [&hellip;]","og_url":"https:\/\/exoticchemicals.com\/it\/prodotto\/buphedrone\/","article_modified_time":"2026-04-13T04:31:59+00:00","twitter_card":"summary_large_image","twitter_misc":{"Tempo di lettura stimato":"1 minuto"},"schema":{"@context":"https:\/\/schema.org","@graph":[{"@type":"WebPage","@id":"https:\/\/exoticchemicals.com\/product\/buphedrone\/","url":"https:\/\/exoticchemicals.com\/product\/buphedrone\/","name":"Buphedrone -","isPartOf":{"@id":"https:\/\/exoticchemicals.com\/#website"},"primaryImageOfPage":{"@id":"https:\/\/exoticchemicals.com\/product\/buphedrone\/#primaryimage"},"image":{"@id":"https:\/\/exoticchemicals.com\/product\/buphedrone\/#primaryimage"},"thumbnailUrl":"https:\/\/exoticchemicals.com\/wp-content\/uploads\/2026\/01\/Buphedrone.jpg","datePublished":"2026-01-29T21:34:22+00:00","dateModified":"2026-04-13T04:31:59+00:00","breadcrumb":{"@id":"https:\/\/exoticchemicals.com\/product\/buphedrone\/#breadcrumb"},"inLanguage":"it-IT","potentialAction":[{"@type":"ReadAction","target":["https:\/\/exoticchemicals.com\/product\/buphedrone\/"]}]},{"@type":"ImageObject","inLanguage":"it-IT","@id":"https:\/\/exoticchemicals.com\/product\/buphedrone\/#primaryimage","url":"https:\/\/exoticchemicals.com\/wp-content\/uploads\/2026\/01\/Buphedrone.jpg","contentUrl":"https:\/\/exoticchemicals.com\/wp-content\/uploads\/2026\/01\/Buphedrone.jpg","width":409,"height":650},{"@type":"BreadcrumbList","@id":"https:\/\/exoticchemicals.com\/product\/buphedrone\/#breadcrumb","itemListElement":[{"@type":"ListItem","position":1,"name":"Home","item":"https:\/\/exoticchemicals.com\/"},{"@type":"ListItem","position":2,"name":"Shop","item":"https:\/\/exoticchemicals.com\/shop\/"},{"@type":"ListItem","position":3,"name":"Buphedrone"}]},{"@type":"WebSite","@id":"https:\/\/exoticchemicals.com\/#website","url":"https:\/\/exoticchemicals.com\/","name":"prodotti chimici esotici","description":"Comprare MDPHP cloridrato","publisher":{"@id":"https:\/\/exoticchemicals.com\/#\/schema\/person\/07ad08472b6f5b213792451a32dbe8c7"},"potentialAction":[{"@type":"SearchAction","target":{"@type":"EntryPoint","urlTemplate":"https:\/\/exoticchemicals.com\/?s={search_term_string}"},"query-input":{"@type":"PropertyValueSpecification","valueRequired":true,"valueName":"search_term_string"}}],"inLanguage":"it-IT"},{"@type":["Person","Organization"],"@id":"https:\/\/exoticchemicals.com\/#\/schema\/person\/07ad08472b6f5b213792451a32dbe8c7","name":"wwalkershop@gmail.com","image":{"@type":"ImageObject","inLanguage":"it-IT","@id":"https:\/\/exoticchemicals.com\/wp-content\/uploads\/2025\/02\/pure-3-1-1.png","url":"https:\/\/exoticchemicals.com\/wp-content\/uploads\/2025\/02\/pure-3-1-1.png","contentUrl":"https:\/\/exoticchemicals.com\/wp-content\/uploads\/2025\/02\/pure-3-1-1.png","width":500,"height":500,"caption":"wwalkershop@gmail.com"},"logo":{"@id":"https:\/\/exoticchemicals.com\/wp-content\/uploads\/2025\/02\/pure-3-1-1.png"},"sameAs":["http:\/\/exoticchemicals.com"]}]}},"uagb_featured_image_src":{"full":["https:\/\/exoticchemicals.com\/wp-content\/uploads\/2026\/01\/Buphedrone.jpg",409,650,false],"thumbnail":["https:\/\/exoticchemicals.com\/wp-content\/uploads\/2026\/01\/Buphedrone-150x150.jpg",150,150,true],"medium":["https:\/\/exoticchemicals.com\/wp-content\/uploads\/2026\/01\/Buphedrone-189x300.jpg",189,300,true],"medium_large":["https:\/\/exoticchemicals.com\/wp-content\/uploads\/2026\/01\/Buphedrone.jpg",409,650,false],"large":["https:\/\/exoticchemicals.com\/wp-content\/uploads\/2026\/01\/Buphedrone.jpg",409,650,false],"1536x1536":["https:\/\/exoticchemicals.com\/wp-content\/uploads\/2026\/01\/Buphedrone.jpg",409,650,false],"2048x2048":["https:\/\/exoticchemicals.com\/wp-content\/uploads\/2026\/01\/Buphedrone.jpg",409,650,false],"trp-custom-language-flag":["https:\/\/exoticchemicals.com\/wp-content\/uploads\/2026\/01\/Buphedrone-8x12.jpg",8,12,true],"woocommerce_thumbnail":["https:\/\/exoticchemicals.com\/wp-content\/uploads\/2026\/01\/Buphedrone-300x300.jpg",300,300,true],"woocommerce_single":["https:\/\/exoticchemicals.com\/wp-content\/uploads\/2026\/01\/Buphedrone.jpg",409,650,false],"woocommerce_gallery_thumbnail":["https:\/\/exoticchemicals.com\/wp-content\/uploads\/2026\/01\/Buphedrone-100x100.jpg",100,100,true]},"uagb_author_info":{"display_name":"wwalkershop@gmail.com","author_link":"https:\/\/exoticchemicals.com\/it\/author\/"},"uagb_comment_info":7,"uagb_excerpt":"Buphedrone Buphedrone is a stimulant drug belonging to Substituted phenethylamine and cathinone family of prescription drugs. It is additionally connected in character to buy this drug amphetamine class of drugs as they are of same stimulant medication. How To Buy Buphedrone Online ? We offers you the possibility to get it online without hassles or&hellip;","_links":{"self":[{"href":"https:\/\/exoticchemicals.com\/it\/wp-json\/wp\/v2\/product\/5482","targetHints":{"allow":["GET"]}}],"collection":[{"href":"https:\/\/exoticchemicals.com\/it\/wp-json\/wp\/v2\/product"}],"about":[{"href":"https:\/\/exoticchemicals.com\/it\/wp-json\/wp\/v2\/types\/product"}],"replies":[{"embeddable":true,"href":"https:\/\/exoticchemicals.com\/it\/wp-json\/wp\/v2\/comments?post=5482"}],"wp:featuredmedia":[{"embeddable":true,"href":"https:\/\/exoticchemicals.com\/it\/wp-json\/wp\/v2\/media\/5498"}],"wp:attachment":[{"href":"https:\/\/exoticchemicals.com\/it\/wp-json\/wp\/v2\/media?parent=5482"}],"wp:term":[{"taxonomy":"product_brand","embeddable":true,"href":"https:\/\/exoticchemicals.com\/it\/wp-json\/wp\/v2\/product_brand?post=5482"},{"taxonomy":"product_cat","embeddable":true,"href":"https:\/\/exoticchemicals.com\/it\/wp-json\/wp\/v2\/product_cat?post=5482"},{"taxonomy":"product_tag","embeddable":true,"href":"https:\/\/exoticchemicals.com\/it\/wp-json\/wp\/v2\/product_tag?post=5482"}],"curies":[{"name":"wp","href":"https:\/\/api.w.org\/{rel}","templated":true}]}}