{"id":5579,"date":"2026-01-29T21:34:52","date_gmt":"2026-01-29T21:34:52","guid":{"rendered":"https:\/\/exoticchemicals.com\/?post_type=product&#038;p=5579"},"modified":"2026-04-10T08:11:49","modified_gmt":"2026-04-10T08:11:49","slug":"4-fa-2","status":"publish","type":"product","link":"https:\/\/exoticchemicals.com\/it\/product\/4-fa-2\/","title":{"rendered":"4-FA"},"content":{"rendered":"<h3 style=\"text-align: center\"><strong>4-FA<\/strong><\/h3>\n<p>4-FA is also known as <i>para<\/i>-fluoroamphetamine\u00a0(PFA) is a\u00a0psychoactive\u00a0research chemical\u00a0of the\u00a0phenethylamine and substituted amphetamine chemical classes. It produces stimulant and entactogenic effects. As a recreational drug, 4-Fluoroamphetamine is sometimes sold along with related compounds such as 2-fluoroamphetamine and 4-fluoromethamphetamine<a href=\"https:\/\/stiiizycartsonline.com\/shop\/\">.<\/a><\/p>\n<h2>How To Buy 4-Fa Online?<\/h2>\n<p>Vi offriamo la possibilit\u00e0 di ottenerli online senza problemi o imbarazzi. Lavoriamo senza sosta per farvi risparmiare ogni volta che ordinate online i nostri prodotti chimici di ricerca. <a href=\"https:\/\/researchchemicalshop.com\/shop\/\">negozio<\/a>. Il nostro obiettivo \u00e8 far s\u00ec che i nostri clienti paghino meno e ottengano di pi\u00f9.<\/p>\n<h3>Additional Information<\/h3>\n<table class=\"shop_attributes\" width=\"595\">\n<tbody>\n<tr>\n<th>Product name<\/th>\n<td>4-Fluoroamphetamine<\/td>\n<\/tr>\n<tr>\n<th>Chemical Name<\/th>\n<td>(RS)-1-(4-Fluorophenyl)propan-2-amine<\/td>\n<\/tr>\n<tr>\n<th>CAS<\/th>\n<td>459-02-9<\/td>\n<\/tr>\n<tr>\n<th>Formula<\/th>\n<td>C9H12FN<\/td>\n<\/tr>\n<tr>\n<th>Molar mass<\/th>\n<td>153.20 g\/mol<\/td>\n<\/tr>\n<tr>\n<th>La purezza<\/th>\n<td>\u226599.6%<\/td>\n<\/tr>\n<tr>\n<th>Aspetto<\/th>\n<td>white crystalline formula<\/td>\n<\/tr>\n<tr>\n<th>Storage<\/th>\n<td>-20\u00b0<\/td>\n<\/tr>\n<tr>\n<th>Stability<\/th>\n<td>2 Years<\/td>\n<\/tr>\n<\/tbody>\n<\/table>","protected":false},"excerpt":{"rendered":"<p>4-FA 4-FA is also known as para-fluoroamphetamine\u00a0(PFA) is a\u00a0psychoactive\u00a0research chemical\u00a0of the\u00a0phenethylamine and substituted amphetamine chemical classes. It produces stimulant and entactogenic effects. As a recreational drug, 4-Fluoroamphetamine is sometimes sold along with related compounds such as 2-fluoroamphetamine and 4-fluoromethamphetamine. How To Buy 4-Fa Online? We offers you the possibility to get it online without hassles [&hellip;]<\/p>\n","protected":false},"featured_media":5600,"comment_status":"closed","ping_status":"closed","template":"","meta":{"_uag_custom_page_level_css":"","site-sidebar-layout":"default","site-content-layout":"","ast-site-content-layout":"","site-content-style":"default","site-sidebar-style":"default","ast-global-header-display":"","ast-banner-title-visibility":"","ast-main-header-display":"","ast-hfb-above-header-display":"","ast-hfb-below-header-display":"","ast-hfb-mobile-header-display":"","site-post-title":"","ast-breadcrumbs-content":"","ast-featured-img":"","footer-sml-layout":"","theme-transparent-header-meta":"","adv-header-id-meta":"","stick-header-meta":"","header-above-stick-meta":"","header-main-stick-meta":"","header-below-stick-meta":"","astra-migrate-meta-layouts":"default","ast-page-background-enabled":"default","ast-page-background-meta":{"desktop":{"background-color":"","background-image":"","background-repeat":"repeat","background-position":"center center","background-size":"auto","background-attachment":"scroll","background-type":"","background-media":"","overlay-type":"","overlay-color":"","overlay-opacity":"","overlay-gradient":""},"tablet":{"background-color":"","background-image":"","background-repeat":"repeat","background-position":"center center","background-size":"auto","background-attachment":"scroll","background-type":"","background-media":"","overlay-type":"","overlay-color":"","overlay-opacity":"","overlay-gradient":""},"mobile":{"background-color":"","background-image":"","background-repeat":"repeat","background-position":"center center","background-size":"auto","background-attachment":"scroll","background-type":"","background-media":"","overlay-type":"","overlay-color":"","overlay-opacity":"","overlay-gradient":""}},"ast-content-background-meta":{"desktop":{"background-color":"var(--ast-global-color-5)","background-image":"","background-repeat":"repeat","background-position":"center center","background-size":"auto","background-attachment":"scroll","background-type":"","background-media":"","overlay-type":"","overlay-color":"","overlay-opacity":"","overlay-gradient":""},"tablet":{"background-color":"var(--ast-global-color-5)","background-image":"","background-repeat":"repeat","background-position":"center center","background-size":"auto","background-attachment":"scroll","background-type":"","background-media":"","overlay-type":"","overlay-color":"","overlay-opacity":"","overlay-gradient":""},"mobile":{"background-color":"var(--ast-global-color-5)","background-image":"","background-repeat":"repeat","background-position":"center center","background-size":"auto","background-attachment":"scroll","background-type":"","background-media":"","overlay-type":"","overlay-color":"","overlay-opacity":"","overlay-gradient":""}}},"product_brand":[],"product_cat":[22],"product_tag":[12926,13674,445,13675,13676,13677,13678,13679,13680,13681,13682,13683,13684,13685,13686,12928,5649,1852,12929,12930,13687,12931,12932,13688,13689,13690,13691,5717,5729,5731,5735,5736,12946,12947,12948,12949,12950,12951,12952,12953,12954,12955,12956,12957,1502,5685,5741,5743,5744,12958,12959,12960,13692,12961,12963,12964,12965,5749,5753,5763],"class_list":{"0":"post-5579","1":"product","2":"type-product","3":"status-publish","4":"has-post-thumbnail","6":"product_cat-buy-high-quality-mdpv-hydrochloride","7":"product_tag-2c-research-chemical","8":"product_tag-3-fa-vs-4-fa","9":"product_tag-4-fa","10":"product_tag-4-fa-200mg","11":"product_tag-4-fa-buy","12":"product_tag-4-fa-erfahrung","13":"product_tag-4-fa-erowid","14":"product_tag-4-fa-experience","15":"product_tag-4-fa-for-sale-usa","16":"product_tag-4-fa-kaufen","17":"product_tag-4-fa-legality","18":"product_tag-4-fa-safety","19":"product_tag-4-fa-vaped","20":"product_tag-4-fa-vendor-reddit","21":"product_tag-buy-4-fa-reddit","22":"product_tag-buy-research-chemical","23":"product_tag-buy-research-chemicals","24":"product_tag-buy-research-chemicals-online","25":"product_tag-cabergoline-research-chemical","26":"product_tag-canadian-research-chemicals","27":"product_tag-db-4-fa-r","28":"product_tag-domestic-research-chemicals","29":"product_tag-enclomiphene-research-chemical","30":"product_tag-is-4-fa-illegal-in-the-us","31":"product_tag-is-4-fa-legal","32":"product_tag-is-4-fa-legal-in-the-us-2018","33":"product_tag-is-4-fa-legal-in-the-us-2020","34":"product_tag-legal-research-chemicals","35":"product_tag-opioid-research-chemicals","36":"product_tag-order-research-chemicals","37":"product_tag-quality-research-chemicals","38":"product_tag-reddit-research-chemicals","39":"product_tag-research-chemical","40":"product_tag-research-chemical-drugs","41":"product_tag-research-chemical-forum","42":"product_tag-research-chemical-opiates","43":"product_tag-research-chemical-reddit","44":"product_tag-research-chemical-shop","45":"product_tag-research-chemical-sources","46":"product_tag-research-chemical-store","47":"product_tag-research-chemical-supply","48":"product_tag-research-chemical-vendor-usa","49":"product_tag-research-chemical-vendors","50":"product_tag-research-chemical-vendors-reddit","51":"product_tag-research-chemicals","52":"product_tag-research-chemicals-for-sale","53":"product_tag-research-chemicals-kopen","54":"product_tag-research-chemicals-online","55":"product_tag-research-chemicals-reddit","56":"product_tag-research-chemicals-sale","57":"product_tag-research-chemicals-store","58":"product_tag-semaglutide-research-chemical","59":"product_tag-smoking-4-fa","60":"product_tag-sunnyside-research-chemicals","61":"product_tag-tadalafil-research-chemical","62":"product_tag-tirzepatide-research-chemical","63":"product_tag-tirzepatide-research-chemical-for-sale","64":"product_tag-toronto-research-chemicals","65":"product_tag-what-are-research-chemicals","66":"product_tag-where-to-buy-research-chemicals","67":"desktop-align-left","68":"tablet-align-left","69":"mobile-align-left","71":"first","72":"instock","73":"shipping-taxable","74":"purchasable","75":"product-type-variable"},"yoast_head":"<!-- This site is optimized with the Yoast SEO plugin v27.4 - https:\/\/yoast.com\/product\/yoast-seo-wordpress\/ -->\n<title>4-FA -<\/title>\n<meta name=\"robots\" content=\"index, follow, max-snippet:-1, max-image-preview:large, max-video-preview:-1\" \/>\n<link rel=\"canonical\" href=\"https:\/\/exoticchemicals.com\/it\/prodotto\/4-fa-2\/\" \/>\n<meta property=\"og:locale\" content=\"it_IT\" \/>\n<meta property=\"og:type\" content=\"article\" \/>\n<meta property=\"og:title\" content=\"4-FA -\" \/>\n<meta property=\"og:description\" content=\"4-FA 4-FA is also known as para-fluoroamphetamine\u00a0(PFA) is a\u00a0psychoactive\u00a0research chemical\u00a0of the\u00a0phenethylamine and substituted amphetamine chemical classes. It produces stimulant and entactogenic effects. As a recreational drug, 4-Fluoroamphetamine is sometimes sold along with related compounds such as 2-fluoroamphetamine and 4-fluoromethamphetamine. How To Buy 4-Fa Online? We offers you the possibility to get it online without hassles [&hellip;]\" \/>\n<meta property=\"og:url\" content=\"https:\/\/exoticchemicals.com\/it\/prodotto\/4-fa-2\/\" \/>\n<meta property=\"article:modified_time\" content=\"2026-04-10T08:11:49+00:00\" \/>\n<meta name=\"twitter:card\" content=\"summary_large_image\" \/>\n<meta name=\"twitter:label1\" content=\"Tempo di lettura stimato\" \/>\n\t<meta name=\"twitter:data1\" content=\"1 minuto\" \/>\n<script type=\"application\/ld+json\" class=\"yoast-schema-graph\">{\"@context\":\"https:\\\/\\\/schema.org\",\"@graph\":[{\"@type\":\"WebPage\",\"@id\":\"https:\\\/\\\/exoticchemicals.com\\\/product\\\/4-fa-2\\\/\",\"url\":\"https:\\\/\\\/exoticchemicals.com\\\/product\\\/4-fa-2\\\/\",\"name\":\"4-FA -\",\"isPartOf\":{\"@id\":\"https:\\\/\\\/exoticchemicals.com\\\/#website\"},\"primaryImageOfPage\":{\"@id\":\"https:\\\/\\\/exoticchemicals.com\\\/product\\\/4-fa-2\\\/#primaryimage\"},\"image\":{\"@id\":\"https:\\\/\\\/exoticchemicals.com\\\/product\\\/4-fa-2\\\/#primaryimage\"},\"thumbnailUrl\":\"https:\\\/\\\/exoticchemicals.com\\\/wp-content\\\/uploads\\\/2026\\\/01\\\/4-FA.jpg\",\"datePublished\":\"2026-01-29T21:34:52+00:00\",\"dateModified\":\"2026-04-10T08:11:49+00:00\",\"breadcrumb\":{\"@id\":\"https:\\\/\\\/exoticchemicals.com\\\/product\\\/4-fa-2\\\/#breadcrumb\"},\"inLanguage\":\"it-IT\",\"potentialAction\":[{\"@type\":\"ReadAction\",\"target\":[\"https:\\\/\\\/exoticchemicals.com\\\/product\\\/4-fa-2\\\/\"]}]},{\"@type\":\"ImageObject\",\"inLanguage\":\"it-IT\",\"@id\":\"https:\\\/\\\/exoticchemicals.com\\\/product\\\/4-fa-2\\\/#primaryimage\",\"url\":\"https:\\\/\\\/exoticchemicals.com\\\/wp-content\\\/uploads\\\/2026\\\/01\\\/4-FA.jpg\",\"contentUrl\":\"https:\\\/\\\/exoticchemicals.com\\\/wp-content\\\/uploads\\\/2026\\\/01\\\/4-FA.jpg\",\"width\":768,\"height\":768},{\"@type\":\"BreadcrumbList\",\"@id\":\"https:\\\/\\\/exoticchemicals.com\\\/product\\\/4-fa-2\\\/#breadcrumb\",\"itemListElement\":[{\"@type\":\"ListItem\",\"position\":1,\"name\":\"Home\",\"item\":\"https:\\\/\\\/exoticchemicals.com\\\/\"},{\"@type\":\"ListItem\",\"position\":2,\"name\":\"Shop\",\"item\":\"https:\\\/\\\/exoticchemicals.com\\\/shop\\\/\"},{\"@type\":\"ListItem\",\"position\":3,\"name\":\"4-FA\"}]},{\"@type\":\"WebSite\",\"@id\":\"https:\\\/\\\/exoticchemicals.com\\\/#website\",\"url\":\"https:\\\/\\\/exoticchemicals.com\\\/\",\"name\":\"exotic chemicals\",\"description\":\"Buy MDPHP Hydrochloride\",\"publisher\":{\"@id\":\"https:\\\/\\\/exoticchemicals.com\\\/#\\\/schema\\\/person\\\/07ad08472b6f5b213792451a32dbe8c7\"},\"potentialAction\":[{\"@type\":\"SearchAction\",\"target\":{\"@type\":\"EntryPoint\",\"urlTemplate\":\"https:\\\/\\\/exoticchemicals.com\\\/?s={search_term_string}\"},\"query-input\":{\"@type\":\"PropertyValueSpecification\",\"valueRequired\":true,\"valueName\":\"search_term_string\"}}],\"inLanguage\":\"it-IT\"},{\"@type\":[\"Person\",\"Organization\"],\"@id\":\"https:\\\/\\\/exoticchemicals.com\\\/#\\\/schema\\\/person\\\/07ad08472b6f5b213792451a32dbe8c7\",\"name\":\"wwalkershop@gmail.com\",\"image\":{\"@type\":\"ImageObject\",\"inLanguage\":\"it-IT\",\"@id\":\"https:\\\/\\\/exoticchemicals.com\\\/wp-content\\\/uploads\\\/2025\\\/02\\\/pure-3-1-1.png\",\"url\":\"https:\\\/\\\/exoticchemicals.com\\\/wp-content\\\/uploads\\\/2025\\\/02\\\/pure-3-1-1.png\",\"contentUrl\":\"https:\\\/\\\/exoticchemicals.com\\\/wp-content\\\/uploads\\\/2025\\\/02\\\/pure-3-1-1.png\",\"width\":500,\"height\":500,\"caption\":\"wwalkershop@gmail.com\"},\"logo\":{\"@id\":\"https:\\\/\\\/exoticchemicals.com\\\/wp-content\\\/uploads\\\/2025\\\/02\\\/pure-3-1-1.png\"},\"sameAs\":[\"http:\\\/\\\/exoticchemicals.com\"]}]}<\/script>\n<!-- \/ Yoast SEO plugin. -->","yoast_head_json":{"title":"4-FA -","robots":{"index":"index","follow":"follow","max-snippet":"max-snippet:-1","max-image-preview":"max-image-preview:large","max-video-preview":"max-video-preview:-1"},"canonical":"https:\/\/exoticchemicals.com\/it\/prodotto\/4-fa-2\/","og_locale":"it_IT","og_type":"article","og_title":"4-FA -","og_description":"4-FA 4-FA is also known as para-fluoroamphetamine\u00a0(PFA) is a\u00a0psychoactive\u00a0research chemical\u00a0of the\u00a0phenethylamine and substituted amphetamine chemical classes. It produces stimulant and entactogenic effects. As a recreational drug, 4-Fluoroamphetamine is sometimes sold along with related compounds such as 2-fluoroamphetamine and 4-fluoromethamphetamine. How To Buy 4-Fa Online? We offers you the possibility to get it online without hassles [&hellip;]","og_url":"https:\/\/exoticchemicals.com\/it\/prodotto\/4-fa-2\/","article_modified_time":"2026-04-10T08:11:49+00:00","twitter_card":"summary_large_image","twitter_misc":{"Tempo di lettura stimato":"1 minuto"},"schema":{"@context":"https:\/\/schema.org","@graph":[{"@type":"WebPage","@id":"https:\/\/exoticchemicals.com\/product\/4-fa-2\/","url":"https:\/\/exoticchemicals.com\/product\/4-fa-2\/","name":"4-FA -","isPartOf":{"@id":"https:\/\/exoticchemicals.com\/#website"},"primaryImageOfPage":{"@id":"https:\/\/exoticchemicals.com\/product\/4-fa-2\/#primaryimage"},"image":{"@id":"https:\/\/exoticchemicals.com\/product\/4-fa-2\/#primaryimage"},"thumbnailUrl":"https:\/\/exoticchemicals.com\/wp-content\/uploads\/2026\/01\/4-FA.jpg","datePublished":"2026-01-29T21:34:52+00:00","dateModified":"2026-04-10T08:11:49+00:00","breadcrumb":{"@id":"https:\/\/exoticchemicals.com\/product\/4-fa-2\/#breadcrumb"},"inLanguage":"it-IT","potentialAction":[{"@type":"ReadAction","target":["https:\/\/exoticchemicals.com\/product\/4-fa-2\/"]}]},{"@type":"ImageObject","inLanguage":"it-IT","@id":"https:\/\/exoticchemicals.com\/product\/4-fa-2\/#primaryimage","url":"https:\/\/exoticchemicals.com\/wp-content\/uploads\/2026\/01\/4-FA.jpg","contentUrl":"https:\/\/exoticchemicals.com\/wp-content\/uploads\/2026\/01\/4-FA.jpg","width":768,"height":768},{"@type":"BreadcrumbList","@id":"https:\/\/exoticchemicals.com\/product\/4-fa-2\/#breadcrumb","itemListElement":[{"@type":"ListItem","position":1,"name":"Home","item":"https:\/\/exoticchemicals.com\/"},{"@type":"ListItem","position":2,"name":"Shop","item":"https:\/\/exoticchemicals.com\/shop\/"},{"@type":"ListItem","position":3,"name":"4-FA"}]},{"@type":"WebSite","@id":"https:\/\/exoticchemicals.com\/#website","url":"https:\/\/exoticchemicals.com\/","name":"prodotti chimici esotici","description":"Comprare MDPHP cloridrato","publisher":{"@id":"https:\/\/exoticchemicals.com\/#\/schema\/person\/07ad08472b6f5b213792451a32dbe8c7"},"potentialAction":[{"@type":"SearchAction","target":{"@type":"EntryPoint","urlTemplate":"https:\/\/exoticchemicals.com\/?s={search_term_string}"},"query-input":{"@type":"PropertyValueSpecification","valueRequired":true,"valueName":"search_term_string"}}],"inLanguage":"it-IT"},{"@type":["Person","Organization"],"@id":"https:\/\/exoticchemicals.com\/#\/schema\/person\/07ad08472b6f5b213792451a32dbe8c7","name":"wwalkershop@gmail.com","image":{"@type":"ImageObject","inLanguage":"it-IT","@id":"https:\/\/exoticchemicals.com\/wp-content\/uploads\/2025\/02\/pure-3-1-1.png","url":"https:\/\/exoticchemicals.com\/wp-content\/uploads\/2025\/02\/pure-3-1-1.png","contentUrl":"https:\/\/exoticchemicals.com\/wp-content\/uploads\/2025\/02\/pure-3-1-1.png","width":500,"height":500,"caption":"wwalkershop@gmail.com"},"logo":{"@id":"https:\/\/exoticchemicals.com\/wp-content\/uploads\/2025\/02\/pure-3-1-1.png"},"sameAs":["http:\/\/exoticchemicals.com"]}]}},"uagb_featured_image_src":{"full":["https:\/\/exoticchemicals.com\/wp-content\/uploads\/2026\/01\/4-FA.jpg",768,768,false],"thumbnail":["https:\/\/exoticchemicals.com\/wp-content\/uploads\/2026\/01\/4-FA-150x150.jpg",150,150,true],"medium":["https:\/\/exoticchemicals.com\/wp-content\/uploads\/2026\/01\/4-FA-300x300.jpg",300,300,true],"medium_large":["https:\/\/exoticchemicals.com\/wp-content\/uploads\/2026\/01\/4-FA.jpg",768,768,false],"large":["https:\/\/exoticchemicals.com\/wp-content\/uploads\/2026\/01\/4-FA.jpg",768,768,false],"1536x1536":["https:\/\/exoticchemicals.com\/wp-content\/uploads\/2026\/01\/4-FA.jpg",768,768,false],"2048x2048":["https:\/\/exoticchemicals.com\/wp-content\/uploads\/2026\/01\/4-FA.jpg",768,768,false],"trp-custom-language-flag":["https:\/\/exoticchemicals.com\/wp-content\/uploads\/2026\/01\/4-FA-12x12.jpg",12,12,true],"woocommerce_thumbnail":["https:\/\/exoticchemicals.com\/wp-content\/uploads\/2026\/01\/4-FA-300x300.jpg",300,300,true],"woocommerce_single":["https:\/\/exoticchemicals.com\/wp-content\/uploads\/2026\/01\/4-FA-600x600.jpg",600,600,true],"woocommerce_gallery_thumbnail":["https:\/\/exoticchemicals.com\/wp-content\/uploads\/2026\/01\/4-FA-100x100.jpg",100,100,true]},"uagb_author_info":{"display_name":"wwalkershop@gmail.com","author_link":"https:\/\/exoticchemicals.com\/it\/author\/"},"uagb_comment_info":8,"uagb_excerpt":"4-FA 4-FA is also known as para-fluoroamphetamine\u00a0(PFA) is a\u00a0psychoactive\u00a0research chemical\u00a0of the\u00a0phenethylamine and substituted amphetamine chemical classes. It produces stimulant and entactogenic effects. As a recreational drug, 4-Fluoroamphetamine is sometimes sold along with related compounds such as 2-fluoroamphetamine and 4-fluoromethamphetamine. How To Buy 4-Fa Online? We offers you the possibility to get it online without hassles&hellip;","_links":{"self":[{"href":"https:\/\/exoticchemicals.com\/it\/wp-json\/wp\/v2\/product\/5579","targetHints":{"allow":["GET"]}}],"collection":[{"href":"https:\/\/exoticchemicals.com\/it\/wp-json\/wp\/v2\/product"}],"about":[{"href":"https:\/\/exoticchemicals.com\/it\/wp-json\/wp\/v2\/types\/product"}],"replies":[{"embeddable":true,"href":"https:\/\/exoticchemicals.com\/it\/wp-json\/wp\/v2\/comments?post=5579"}],"wp:featuredmedia":[{"embeddable":true,"href":"https:\/\/exoticchemicals.com\/it\/wp-json\/wp\/v2\/media\/5600"}],"wp:attachment":[{"href":"https:\/\/exoticchemicals.com\/it\/wp-json\/wp\/v2\/media?parent=5579"}],"wp:term":[{"taxonomy":"product_brand","embeddable":true,"href":"https:\/\/exoticchemicals.com\/it\/wp-json\/wp\/v2\/product_brand?post=5579"},{"taxonomy":"product_cat","embeddable":true,"href":"https:\/\/exoticchemicals.com\/it\/wp-json\/wp\/v2\/product_cat?post=5579"},{"taxonomy":"product_tag","embeddable":true,"href":"https:\/\/exoticchemicals.com\/it\/wp-json\/wp\/v2\/product_tag?post=5579"}],"curies":[{"name":"wp","href":"https:\/\/api.w.org\/{rel}","templated":true}]}}