{"id":611,"date":"2025-02-06T20:10:30","date_gmt":"2025-02-06T20:10:30","guid":{"rendered":"https:\/\/exoticchemicals.com\/about-us-2\/"},"modified":"2026-04-17T15:52:10","modified_gmt":"2026-04-17T15:52:10","slug":"trusted-mdphp-hydrochloride-supplier-about-us-2","status":"publish","type":"page","link":"https:\/\/exoticchemicals.com\/pl\/trusted-mdphp-hydrochloride-supplier-about-us-2\/","title":{"rendered":"O nas"},"content":{"rendered":"<div class=\"wp-block-uagb-container uagb-block-520e2490 alignfull uagb-is-root-container\"><div class=\"uagb-container-inner-blocks-wrap\">\n<div class=\"wp-block-uagb-advanced-heading uagb-block-2017abad\"><h1 class=\"uagb-heading-text\">O nas<\/h1><\/div>\n<\/div><\/div>\n\n\n\n<div class=\"wp-block-uagb-container uagb-block-8f655b5d alignfull uagb-is-root-container\"><div class=\"uagb-container-inner-blocks-wrap\">\n<div class=\"wp-block-uagb-container uagb-block-ef5c793b\">\n<div class=\"wp-block-uagb-advanced-heading uagb-block-968e99ff\"><h3 class=\"uagb-heading-text\">Exotic Chemicals | Szybka, dyskretna i bezpieczna wysy\u0142ka na ca\u0142y \u015bwiat  <\/h3><\/div>\n<\/div>\n\n\n\n<div class=\"wp-block-uagb-container uagb-block-5e4cc404\">\n<div class=\"wp-block-uagb-advanced-heading uagb-block-fed986a5\"><p class=\"uagb-heading-text\">Your premier and Trusted MDPHP Hydrochloride supplier and other high-quality research chemicals. We specialize in providing pure, lab-tested MDPHP Hydrochloride for sale , Ketamine , LSD , XANAX , Sleeping pills and many other rare pills and medicine without prior prescription needed at the most affordable prices, ensuring that our customers receive top-grade products with guaranteed purity and potency, ensuring and <a href=\"https:\/\/exoticchemicals.com\/pl\/high-quality-research-chemicals\/\" type=\"link\" id=\"https:\/\/exoticchemicals.com\/high-quality-research-chemicals\/\">supporting legal scientific applications<\/a>.<\/p><\/div>\n\n\n\n<p>At Exotic Chemicals, we pride ourselves on offering a safe, discreet, and reliable online platform where customers can buy MDPHP Hydrochloride with express shipping worldwide from a Trusted MDPHP Hydrochloride supplier. <a href=\"https:\/\/exoticchemicals.com\/pl\/high-quality-research-chemicals\/\" type=\"link\" id=\"https:\/\/exoticchemicals.com\/high-quality-research-chemicals\/\">We are your trusted supplier for research chemicals<\/a>. We ensure secure and stealth packaging, making every order private and untraceable for your peace of mind. Check out our shop to know all he different types of rare chemicals for sale , pills , powders, shrooms and many others.<\/p>\n\n\n\n<div class=\"wp-block-uagb-buttons uagb-buttons__outer-wrap uagb-btn__default-btn uagb-btn-tablet__default-btn uagb-btn-mobile__default-btn uagb-block-0a8bda72\"><div class=\"uagb-buttons__wrap uagb-buttons-layout-wrap\">\n<div class=\"wp-block-uagb-buttons-child uagb-buttons__outer-wrap uagb-block-3ee676bd wp-block-button\"><div class=\"uagb-button__wrapper\"><a class=\"uagb-buttons-repeater wp-block-button__link\" aria-label=\"\" href=\"https:\/\/exoticchemicals.com\/pl\/sklep\/\" rel=\"follow noopener\" target=\"_self\" role=\"button\"><div class=\"uagb-button__link\">Czytaj wi\u0119cej<\/div><\/a><\/div><\/div>\n<\/div><\/div>\n<\/div>\n<\/div><\/div>\n\n\n\n<div class=\"wp-block-uagb-container uagb-block-4cb98ea9 alignfull uagb-is-root-container\"><div class=\"uagb-container-inner-blocks-wrap\">\n<div class=\"wp-block-uagb-advanced-heading uagb-block-6e62113e\"><h2 class=\"uagb-heading-text\">Dlaczego warto kupi\u0107 MDPHP?<\/h2><p class=\"uagb-desc-text\">Niezale\u017cnie od tego, czy chcesz kupi\u0107 MDPHP Hydrochloride online do cel\u00f3w badawczych czy przemys\u0142owych, Exotic Chemicals gwarantuje bezpieczn\u0105 dostaw\u0119, wysok\u0105 jako\u015b\u0107 produkt\u00f3w i wyj\u0105tkow\u0105 jako\u015b\u0107. <a href=\"https:\/\/www.nottingham.ac.uk\/chemistry-bpu\/services-for-business\/4.nottingham-research-chemicals.aspx\">obs\u0142uga klienta<\/a>. Order now and experience the best online source for MDPHP Hydrochloride, <a href=\"https:\/\/exoticchemicals.com\/pl\/high-quality-research-chemicals\/\" type=\"link\" id=\"https:\/\/exoticchemicals.com\/high-quality-research-chemicals\/\">our commitment to responsible research use<\/a> with fast, discreet, and secure worldwide shipping. Trusted MDPHP Hydrochloride supplier.<\/p><\/div>\n\n\n\n<div class=\"wp-block-uagb-image aligncenter uagb-block-23e113bb wp-block-uagb-image--layout-default wp-block-uagb-image--effect-static wp-block-uagb-image--align-center\"><figure class=\"wp-block-uagb-image__figure\"><img loading=\"lazy\" decoding=\"async\" srcset=\"https:\/\/exoticchemicals.com\/wp-content\/uploads\/2025\/02\/pexels-photo-7230894-7230894-1024x683.jpg ,https:\/\/exoticchemicals.com\/wp-content\/uploads\/2025\/02\/pexels-photo-7230894-7230894-scaled.jpg 780w, https:\/\/exoticchemicals.com\/wp-content\/uploads\/2025\/02\/pexels-photo-7230894-7230894-scaled.jpg 360w\" sizes=\"auto, (max-width: 480px) 150px\" src=\"https:\/\/exoticchemicals.com\/wp-content\/uploads\/2025\/02\/pexels-photo-7230894-7230894-1024x683.jpg\" alt=\"Zaufany dostawca chlorowodorku MDPHP\" class=\"uag-image-4523\" width=\"1024\" height=\"683\" title=\"Zaufany dostawca chlorowodorku MDPHP\" role=\"img\"\/><\/figure><\/div>\n\n\n\n<div class=\"wp-block-uagb-container uagb-block-5a13d703\">\n<p class=\"has-text-align-center\">\u2714 <strong>Wysokiej jako\u015bci chlorowodorek MDPHP na sprzeda\u017c<\/strong> : Przetestowane laboratoryjnie i zweryfikowane pod k\u0105tem wysokiej czysto\u015bci.              \u2714 <strong>Opcje hurtowe i hurtowe<\/strong> : Get <strong>Chlorowodorek MDPHP luzem<\/strong> na <strong>konkurencyjne ceny<\/strong><\/p>\n\n\n\n<p class=\"has-text-align-center\">\u2714 <strong>Przyst\u0119pne ceny<\/strong> : Konkurencyjne stawki dla du\u017cych i ma\u0142ych zam\u00f3wie\u0144.<br>\u2714 <strong>Szybka i dyskretna wysy\u0142ka<\/strong> : Ekspresowa dostawa na ca\u0142y \u015bwiat w ukrytym opakowaniu.<\/p>\n\n\n\n<p class=\"has-text-align-center\">\u2714 <strong>Niezawodne i bezpieczne transakcje<\/strong> :  Wiele opcji p\u0142atno\u015bci dla bezproblemowego zamawiania.<br>\u2714 <strong>Globalne dostawy<\/strong>: Wysy\u0142amy do <strong>USA, Wielka Brytania, Kanada, Europa i nie tylko<\/strong>.<\/p>\n<\/div>\n<\/div><\/div>\n\n\n\n<div class=\"wp-block-uagb-container uagb-block-2f328874 alignfull uagb-is-root-container\"><div class=\"uagb-container-inner-blocks-wrap\">\n<div class=\"wp-block-uagb-advanced-heading uagb-block-ff6d4cbd\"><h2 class=\"uagb-heading-text\">Kup teraz!<\/h2><p class=\"uagb-desc-text\"><strong>Dyskretny zakup czystego MDMA online - wysokiej jako\u015bci MDMA na sprzeda\u017c<\/strong> \ud83d\udc8a\ud83d\udd12 | Zam\u00f3wienie <a href=\"https:\/\/www.nottingham.ac.uk\/chemistry-bpu\/services-for-business\/4.nottingham-research-chemicals.aspx\"><strong>czyste kryszta\u0142y MDMA<\/strong> z <strong>zaufany dostawca<\/strong><\/a> z <strong>Bezpieczna i dyskretna wysy\u0142ka na ca\u0142y \u015bwiat<\/strong>. Get <strong>testowane laboratoryjnie MDMA o wysokiej czysto\u015bci<\/strong> na <strong>najlepsze ceny<\/strong>. <strong>Szybka dostawa i bezpieczne opcje p\u0142atno\u015bci<\/strong> dost\u0119pne! #BuyMDMAOnline #MDMAForSale #PureMDMA<\/p><\/div>\n<\/div><\/div>","protected":false},"excerpt":{"rendered":"<p>About Us Exotic Chemicals | Fast, Discreet, and Secure Worldwide Shipping Your premier and Trusted MDPHP Hydrochloride supplier and other high-quality research chemicals. We specialize in providing pure, lab-tested MDPHP Hydrochloride for sale , Ketamine , LSD , XANAX , Sleeping pills and many other rare pills and medicine without prior prescription needed at the [&hellip;]<\/p>\n","protected":false},"author":1,"featured_media":0,"parent":0,"menu_order":0,"comment_status":"closed","ping_status":"closed","template":"","meta":{"_uag_custom_page_level_css":"","site-sidebar-layout":"default","site-content-layout":"plain-container","ast-site-content-layout":"normal-width-container","site-content-style":"unboxed","site-sidebar-style":"unboxed","ast-global-header-display":"","ast-banner-title-visibility":"","ast-main-header-display":"","ast-hfb-above-header-display":"","ast-hfb-below-header-display":"","ast-hfb-mobile-header-display":"","site-post-title":"disabled","ast-breadcrumbs-content":"","ast-featured-img":"","footer-sml-layout":"","ast-disable-related-posts":"","theme-transparent-header-meta":"","adv-header-id-meta":"","stick-header-meta":"","header-above-stick-meta":"","header-main-stick-meta":"","header-below-stick-meta":"","astra-migrate-meta-layouts":"set","ast-page-background-enabled":"default","ast-page-background-meta":{"desktop":{"background-color":"","background-image":"","background-repeat":"repeat","background-position":"center center","background-size":"auto","background-attachment":"scroll","background-type":"","background-media":"","overlay-type":"","overlay-color":"","overlay-opacity":"","overlay-gradient":""},"tablet":{"background-color":"","background-image":"","background-repeat":"repeat","background-position":"center center","background-size":"auto","background-attachment":"scroll","background-type":"","background-media":"","overlay-type":"","overlay-color":"","overlay-opacity":"","overlay-gradient":""},"mobile":{"background-color":"","background-image":"","background-repeat":"repeat","background-position":"center center","background-size":"auto","background-attachment":"scroll","background-type":"","background-media":"","overlay-type":"","overlay-color":"","overlay-opacity":"","overlay-gradient":""}},"ast-content-background-meta":{"desktop":{"background-color":"var(--ast-global-color-5)","background-image":"","background-repeat":"repeat","background-position":"center center","background-size":"auto","background-attachment":"scroll","background-type":"","background-media":"","overlay-type":"","overlay-color":"","overlay-opacity":"","overlay-gradient":""},"tablet":{"background-color":"var(--ast-global-color-5)","background-image":"","background-repeat":"repeat","background-position":"center center","background-size":"auto","background-attachment":"scroll","background-type":"","background-media":"","overlay-type":"","overlay-color":"","overlay-opacity":"","overlay-gradient":""},"mobile":{"background-color":"var(--ast-global-color-5)","background-image":"","background-repeat":"repeat","background-position":"center center","background-size":"auto","background-attachment":"scroll","background-type":"","background-media":"","overlay-type":"","overlay-color":"","overlay-opacity":"","overlay-gradient":""}},"footnotes":""},"class_list":["post-611","page","type-page","status-publish","hentry"],"yoast_head":"<!-- This site is optimized with the Yoast SEO plugin v27.4 - https:\/\/yoast.com\/product\/yoast-seo-wordpress\/ -->\n<title>Trusted MDPHP Hydrochloride supplier About Us -<\/title>\n<meta name=\"description\" content=\"Trusted MDPHP Hydrochloride supplier. Exotic Chemicals offering high-quality research chemicals with discreet, fast worldwide shipping Reliable, secure, and customer-focused service.\" \/>\n<meta name=\"robots\" content=\"index, follow, max-snippet:-1, max-image-preview:large, max-video-preview:-1\" \/>\n<link rel=\"canonical\" href=\"https:\/\/exoticchemicals.com\/pl\/trusted-mdphp-hydrochloride-supplier-about-us-2\/\" \/>\n<meta property=\"og:locale\" content=\"pl_PL\" \/>\n<meta property=\"og:type\" content=\"article\" \/>\n<meta property=\"og:title\" content=\"Trusted MDPHP Hydrochloride supplier About Us -\" \/>\n<meta property=\"og:description\" content=\"Trusted MDPHP Hydrochloride supplier. Exotic Chemicals offering high-quality research chemicals with discreet, fast worldwide shipping Reliable, secure, and customer-focused service.\" \/>\n<meta property=\"og:url\" content=\"https:\/\/exoticchemicals.com\/pl\/trusted-mdphp-hydrochloride-supplier-about-us-2\/\" \/>\n<meta property=\"article:modified_time\" content=\"2026-04-17T15:52:10+00:00\" \/>\n<meta property=\"og:image\" content=\"https:\/\/exoticchemicals.com\/wp-content\/uploads\/2025\/02\/pexels-photo-7230894-7230894-1024x683.jpg\" \/>\n<meta name=\"twitter:card\" content=\"summary_large_image\" \/>\n<meta name=\"twitter:label1\" content=\"Szacowany czas czytania\" \/>\n\t<meta name=\"twitter:data1\" content=\"2 minuty\" \/>\n<script type=\"application\/ld+json\" class=\"yoast-schema-graph\">{\"@context\":\"https:\\\/\\\/schema.org\",\"@graph\":[{\"@type\":\"WebPage\",\"@id\":\"https:\\\/\\\/exoticchemicals.com\\\/trusted-mdphp-hydrochloride-supplier-about-us-2\\\/\",\"url\":\"https:\\\/\\\/exoticchemicals.com\\\/trusted-mdphp-hydrochloride-supplier-about-us-2\\\/\",\"name\":\"Trusted MDPHP Hydrochloride supplier About Us -\",\"isPartOf\":{\"@id\":\"https:\\\/\\\/exoticchemicals.com\\\/#website\"},\"primaryImageOfPage\":{\"@id\":\"https:\\\/\\\/exoticchemicals.com\\\/trusted-mdphp-hydrochloride-supplier-about-us-2\\\/#primaryimage\"},\"image\":{\"@id\":\"https:\\\/\\\/exoticchemicals.com\\\/trusted-mdphp-hydrochloride-supplier-about-us-2\\\/#primaryimage\"},\"thumbnailUrl\":\"https:\\\/\\\/exoticchemicals.com\\\/wp-content\\\/uploads\\\/2025\\\/02\\\/pexels-photo-7230894-7230894-1024x683.jpg\",\"datePublished\":\"2025-02-06T20:10:30+00:00\",\"dateModified\":\"2026-04-17T15:52:10+00:00\",\"description\":\"Trusted MDPHP Hydrochloride supplier. Exotic Chemicals offering high-quality research chemicals with discreet, fast worldwide shipping Reliable, secure, and customer-focused service.\",\"breadcrumb\":{\"@id\":\"https:\\\/\\\/exoticchemicals.com\\\/trusted-mdphp-hydrochloride-supplier-about-us-2\\\/#breadcrumb\"},\"inLanguage\":\"pl-PL\",\"potentialAction\":[{\"@type\":\"ReadAction\",\"target\":[\"https:\\\/\\\/exoticchemicals.com\\\/trusted-mdphp-hydrochloride-supplier-about-us-2\\\/\"]}]},{\"@type\":\"ImageObject\",\"inLanguage\":\"pl-PL\",\"@id\":\"https:\\\/\\\/exoticchemicals.com\\\/trusted-mdphp-hydrochloride-supplier-about-us-2\\\/#primaryimage\",\"url\":\"https:\\\/\\\/exoticchemicals.com\\\/wp-content\\\/uploads\\\/2025\\\/02\\\/pexels-photo-7230894-7230894-1024x683.jpg\",\"contentUrl\":\"https:\\\/\\\/exoticchemicals.com\\\/wp-content\\\/uploads\\\/2025\\\/02\\\/pexels-photo-7230894-7230894-1024x683.jpg\"},{\"@type\":\"BreadcrumbList\",\"@id\":\"https:\\\/\\\/exoticchemicals.com\\\/trusted-mdphp-hydrochloride-supplier-about-us-2\\\/#breadcrumb\",\"itemListElement\":[{\"@type\":\"ListItem\",\"position\":1,\"name\":\"Home\",\"item\":\"https:\\\/\\\/exoticchemicals.com\\\/\"},{\"@type\":\"ListItem\",\"position\":2,\"name\":\"About Us\"}]},{\"@type\":\"WebSite\",\"@id\":\"https:\\\/\\\/exoticchemicals.com\\\/#website\",\"url\":\"https:\\\/\\\/exoticchemicals.com\\\/\",\"name\":\"exotic chemicals\",\"description\":\"Buy MDPHP Hydrochloride\",\"publisher\":{\"@id\":\"https:\\\/\\\/exoticchemicals.com\\\/#\\\/schema\\\/person\\\/07ad08472b6f5b213792451a32dbe8c7\"},\"potentialAction\":[{\"@type\":\"SearchAction\",\"target\":{\"@type\":\"EntryPoint\",\"urlTemplate\":\"https:\\\/\\\/exoticchemicals.com\\\/?s={search_term_string}\"},\"query-input\":{\"@type\":\"PropertyValueSpecification\",\"valueRequired\":true,\"valueName\":\"search_term_string\"}}],\"inLanguage\":\"pl-PL\"},{\"@type\":[\"Person\",\"Organization\"],\"@id\":\"https:\\\/\\\/exoticchemicals.com\\\/#\\\/schema\\\/person\\\/07ad08472b6f5b213792451a32dbe8c7\",\"name\":\"wwalkershop@gmail.com\",\"image\":{\"@type\":\"ImageObject\",\"inLanguage\":\"pl-PL\",\"@id\":\"https:\\\/\\\/exoticchemicals.com\\\/wp-content\\\/uploads\\\/2025\\\/02\\\/pure-3-1-1.png\",\"url\":\"https:\\\/\\\/exoticchemicals.com\\\/wp-content\\\/uploads\\\/2025\\\/02\\\/pure-3-1-1.png\",\"contentUrl\":\"https:\\\/\\\/exoticchemicals.com\\\/wp-content\\\/uploads\\\/2025\\\/02\\\/pure-3-1-1.png\",\"width\":500,\"height\":500,\"caption\":\"wwalkershop@gmail.com\"},\"logo\":{\"@id\":\"https:\\\/\\\/exoticchemicals.com\\\/wp-content\\\/uploads\\\/2025\\\/02\\\/pure-3-1-1.png\"},\"sameAs\":[\"http:\\\/\\\/exoticchemicals.com\"]}]}<\/script>\n<!-- \/ Yoast SEO plugin. -->","yoast_head_json":{"title":"Zaufany dostawca chlorowodorku MDPHP O nas -","description":"Zaufany dostawca chlorowodorku MDPHP. Egzotyczne chemikalia oferuj\u0105ce wysokiej jako\u015bci chemikalia badawcze z dyskretn\u0105, szybk\u0105 wysy\u0142k\u0105 na ca\u0142y \u015bwiat Niezawodna, bezpieczna i zorientowana na klienta us\u0142uga.","robots":{"index":"index","follow":"follow","max-snippet":"max-snippet:-1","max-image-preview":"max-image-preview:large","max-video-preview":"max-video-preview:-1"},"canonical":"https:\/\/exoticchemicals.com\/pl\/trusted-mdphp-hydrochloride-supplier-about-us-2\/","og_locale":"pl_PL","og_type":"article","og_title":"Trusted MDPHP Hydrochloride supplier About Us -","og_description":"Trusted MDPHP Hydrochloride supplier. Exotic Chemicals offering high-quality research chemicals with discreet, fast worldwide shipping Reliable, secure, and customer-focused service.","og_url":"https:\/\/exoticchemicals.com\/pl\/trusted-mdphp-hydrochloride-supplier-about-us-2\/","article_modified_time":"2026-04-17T15:52:10+00:00","og_image":[{"url":"https:\/\/exoticchemicals.com\/wp-content\/uploads\/2025\/02\/pexels-photo-7230894-7230894-1024x683.jpg","type":"","width":"","height":""}],"twitter_card":"summary_large_image","twitter_misc":{"Szacowany czas czytania":"2 minuty"},"schema":{"@context":"https:\/\/schema.org","@graph":[{"@type":"WebPage","@id":"https:\/\/exoticchemicals.com\/trusted-mdphp-hydrochloride-supplier-about-us-2\/","url":"https:\/\/exoticchemicals.com\/trusted-mdphp-hydrochloride-supplier-about-us-2\/","name":"Zaufany dostawca chlorowodorku MDPHP O nas -","isPartOf":{"@id":"https:\/\/exoticchemicals.com\/#website"},"primaryImageOfPage":{"@id":"https:\/\/exoticchemicals.com\/trusted-mdphp-hydrochloride-supplier-about-us-2\/#primaryimage"},"image":{"@id":"https:\/\/exoticchemicals.com\/trusted-mdphp-hydrochloride-supplier-about-us-2\/#primaryimage"},"thumbnailUrl":"https:\/\/exoticchemicals.com\/wp-content\/uploads\/2025\/02\/pexels-photo-7230894-7230894-1024x683.jpg","datePublished":"2025-02-06T20:10:30+00:00","dateModified":"2026-04-17T15:52:10+00:00","description":"Zaufany dostawca chlorowodorku MDPHP. Egzotyczne chemikalia oferuj\u0105ce wysokiej jako\u015bci chemikalia badawcze z dyskretn\u0105, szybk\u0105 wysy\u0142k\u0105 na ca\u0142y \u015bwiat Niezawodna, bezpieczna i zorientowana na klienta us\u0142uga.","breadcrumb":{"@id":"https:\/\/exoticchemicals.com\/trusted-mdphp-hydrochloride-supplier-about-us-2\/#breadcrumb"},"inLanguage":"pl-PL","potentialAction":[{"@type":"ReadAction","target":["https:\/\/exoticchemicals.com\/trusted-mdphp-hydrochloride-supplier-about-us-2\/"]}]},{"@type":"ImageObject","inLanguage":"pl-PL","@id":"https:\/\/exoticchemicals.com\/trusted-mdphp-hydrochloride-supplier-about-us-2\/#primaryimage","url":"https:\/\/exoticchemicals.com\/wp-content\/uploads\/2025\/02\/pexels-photo-7230894-7230894-1024x683.jpg","contentUrl":"https:\/\/exoticchemicals.com\/wp-content\/uploads\/2025\/02\/pexels-photo-7230894-7230894-1024x683.jpg"},{"@type":"BreadcrumbList","@id":"https:\/\/exoticchemicals.com\/trusted-mdphp-hydrochloride-supplier-about-us-2\/#breadcrumb","itemListElement":[{"@type":"ListItem","position":1,"name":"Home","item":"https:\/\/exoticchemicals.com\/"},{"@type":"ListItem","position":2,"name":"About Us"}]},{"@type":"WebSite","@id":"https:\/\/exoticchemicals.com\/#website","url":"https:\/\/exoticchemicals.com\/","name":"egzotyczne chemikalia","description":"Kup chlorowodorek MDPHP","publisher":{"@id":"https:\/\/exoticchemicals.com\/#\/schema\/person\/07ad08472b6f5b213792451a32dbe8c7"},"potentialAction":[{"@type":"SearchAction","target":{"@type":"EntryPoint","urlTemplate":"https:\/\/exoticchemicals.com\/?s={search_term_string}"},"query-input":{"@type":"PropertyValueSpecification","valueRequired":true,"valueName":"search_term_string"}}],"inLanguage":"pl-PL"},{"@type":["Person","Organization"],"@id":"https:\/\/exoticchemicals.com\/#\/schema\/person\/07ad08472b6f5b213792451a32dbe8c7","name":"wwalkershop@gmail.com","image":{"@type":"ImageObject","inLanguage":"pl-PL","@id":"https:\/\/exoticchemicals.com\/wp-content\/uploads\/2025\/02\/pure-3-1-1.png","url":"https:\/\/exoticchemicals.com\/wp-content\/uploads\/2025\/02\/pure-3-1-1.png","contentUrl":"https:\/\/exoticchemicals.com\/wp-content\/uploads\/2025\/02\/pure-3-1-1.png","width":500,"height":500,"caption":"wwalkershop@gmail.com"},"logo":{"@id":"https:\/\/exoticchemicals.com\/wp-content\/uploads\/2025\/02\/pure-3-1-1.png"},"sameAs":["http:\/\/exoticchemicals.com"]}]}},"uagb_featured_image_src":{"full":false,"thumbnail":false,"medium":false,"medium_large":false,"large":false,"1536x1536":false,"2048x2048":false,"trp-custom-language-flag":false,"woocommerce_thumbnail":false,"woocommerce_single":false,"woocommerce_gallery_thumbnail":false},"uagb_author_info":{"display_name":"wwalkershop@gmail.com","author_link":"https:\/\/exoticchemicals.com\/pl\/author\/wwalkershopgmail-com\/"},"uagb_comment_info":0,"uagb_excerpt":"About Us Exotic Chemicals | Fast, Discreet, and Secure Worldwide Shipping Your premier and Trusted MDPHP Hydrochloride supplier and other high-quality research chemicals. We specialize in providing pure, lab-tested MDPHP Hydrochloride for sale , Ketamine , LSD , XANAX , Sleeping pills and many other rare pills and medicine without prior prescription needed at the&hellip;","_links":{"self":[{"href":"https:\/\/exoticchemicals.com\/pl\/wp-json\/wp\/v2\/pages\/611","targetHints":{"allow":["GET"]}}],"collection":[{"href":"https:\/\/exoticchemicals.com\/pl\/wp-json\/wp\/v2\/pages"}],"about":[{"href":"https:\/\/exoticchemicals.com\/pl\/wp-json\/wp\/v2\/types\/page"}],"author":[{"embeddable":true,"href":"https:\/\/exoticchemicals.com\/pl\/wp-json\/wp\/v2\/users\/1"}],"replies":[{"embeddable":true,"href":"https:\/\/exoticchemicals.com\/pl\/wp-json\/wp\/v2\/comments?post=611"}],"version-history":[{"count":7,"href":"https:\/\/exoticchemicals.com\/pl\/wp-json\/wp\/v2\/pages\/611\/revisions"}],"predecessor-version":[{"id":5771,"href":"https:\/\/exoticchemicals.com\/pl\/wp-json\/wp\/v2\/pages\/611\/revisions\/5771"}],"wp:attachment":[{"href":"https:\/\/exoticchemicals.com\/pl\/wp-json\/wp\/v2\/media?parent=611"}],"curies":[{"name":"wp","href":"https:\/\/api.w.org\/{rel}","templated":true}]}}