{"id":2135,"date":"2025-02-06T20:41:15","date_gmt":"2025-02-06T20:41:15","guid":{"rendered":"https:\/\/exoticchemicals.com\/?post_type=product&#038;p=2135"},"modified":"2026-04-10T23:11:33","modified_gmt":"2026-04-10T23:11:33","slug":"kokaina-peruwianska","status":"publish","type":"product","link":"https:\/\/exoticchemicals.com\/pl\/product\/peruvian-cocaine\/","title":{"rendered":"Boliwijska kokaina"},"content":{"rendered":"<h2>Kup peruwia\u0144sk\u0105 kokain\u0119 online<\/h2>\n<p>Jeste\u015bmy dyskretnymi dostawcami peruwia\u0144skiego proszku kokainowego i innych produkt\u00f3w kokainowych. Sprzedajemy w Internecie i w ciemnej sieci na ca\u0142ym \u015bwiecie. Ponadto \u0142atwo jest zam\u00f3wi\u0107 i otrzyma\u0107 dostaw\u0119 pod swoje drzwi, bezpiecznie i dyskretnie. Nasze us\u0142ugi i ceny s\u0105 najlepsze, dzi\u0119ki czemu ka\u017cdy mo\u017ce sobie pozwoli\u0107 na co najmniej kilka gram\u00f3w. Jeste\u015bmy g\u0142\u00f3wnie hurtowni\u0105 zaopatruj\u0105c\u0105 sprzedawc\u00f3w detalicznych w du\u017cych ilo\u015bciach. Nie przeszkadza nam to jednak w zaopatrywaniu klient\u00f3w, kt\u00f3rzy chc\u0105 tylko kilka gram\u00f3w. Mamy peruwia\u0144sk\u0105 kokain\u0119 na sprzeda\u017c tanio. Wi\u0119c je\u015bli szukasz gdzie kupi\u0107 <a href=\"https:\/\/cocaineforsale.co\/\">Boliwijska kokaina<\/a> Online. Jeste\u015b we w\u0142a\u015bciwym miejscu. Jeste\u015bmy najlepszym miejscem do zam\u00f3wienia Peruwia\u0144ska kokaina online.<\/p>\n<p>&nbsp;<\/p>\n<h2>Gdzie kupi\u0107 peruwia\u0144sk\u0105 kokain\u0119 online?<span class=\"category-name\">\u00a0<\/span><\/h2>\n<h4><strong>Korzy\u015bci z zakupu peruwia\u0144skiej kokainy od nas.<\/strong><\/h4>\n<p>Do pierwszego zam\u00f3wienia otrzymasz dodatkowy gram. Kupony s\u0105 dost\u0119pne przy pierwszym zakupie. Rabaty s\u0105 automatycznie stosowane do zam\u00f3wienia. Dostawa jest szybka i sprawna, potwierdzenie jest natychmiastowe, jeste\u015b bezpieczny i chroniony. P\u0142ac\u0105c bitcoinami, otrzymujesz dodatkowo 15 %. Peruwia\u0144ska kokaina jest w jaki\u015b spos\u00f3b ograniczona w wi\u0119kszo\u015bci kraj\u00f3w, co utrudnia jej konsumentom dost\u0119p do niej. Jeste\u015bmy tutaj w sieci, aby prze\u0142ama\u0107 t\u0119 z\u0142o\u017cono\u015b\u0107. Mo\u017cesz bezpiecznie, dyskretnie i szybko kupi\u0107 kilka gram\u00f3w z dyskretn\u0105 dostaw\u0105 bezpo\u015brednio do swojego domu. <a href=\"http:\/\/www.dhl.com\">skrzynka pocztowa<\/a> lub na wyci\u0105gni\u0119cie r\u0119ki.<\/p>\n<h3><span class=\"category-name\">\u00a0Dlaczego warto kupowa\u0107 u nas?<br \/> <\/span><\/h3>\n<p>Sprzedajemy wysokiej jako\u015bci proszek kokainowy wszystkim na ca\u0142ym \u015bwiecie, a nasza dostawa jest dyskretna i terminowa, \u015brednia czysto\u015b\u0107 wynosi 97-99%. Je\u015bli naprawd\u0119 szukasz miejsca, w kt\u00f3rym mo\u017cna kupi\u0107 peruwia\u0144sk\u0105 kokain\u0119 online lub niezawodnego miejsca, w kt\u00f3rym mo\u017cna kupi\u0107 past\u0119 kokainow\u0105 i poczu\u0107 jej prawdziw\u0105 naturaln\u0105 jako\u015b\u0107, po prostu wiedz, \u017ce znalaz\u0142e\u015b godne zaufania miejsce, w kt\u00f3rym mo\u017cna kupi\u0107 peruwia\u0144sk\u0105 kokain\u0119 i na kt\u00f3rym mo\u017cna polega\u0107, po prostu odwied\u017a <a href=\"https:\/\/cocaineforsale.co\/\">nasz sklep<\/a>\u00a0i z\u0142\u00f3\u017c zam\u00f3wienie ju\u017c teraz.<\/p>\n<p>Peruwia\u0144ska kokaina jest w stanie wywo\u0142a\u0107 stan podobny do transu, zapewniaj\u0105c jednocze\u015bnie uspokojenie, ulg\u0119 w b\u00f3lu i utrat\u0119 pami\u0119ci. Wyst\u0119puje zar\u00f3wno w postaci proszku, jak i cracku jako \u015brodek przeciwb\u00f3lowy. Mo\u017cesz zam\u00f3wi\u0107 peruwia\u0144sk\u0105 kokain\u0119 online i uzyska\u0107 proszek lub kupi\u0107 crack online. Mo\u017cesz tak\u017ce kupi\u0107 past\u0119 kokainow\u0105 na sprzeda\u017c, poniewa\u017c jest ona dost\u0119pna w magazynie.<\/p>\n<ul>\n<li><strong>Wysy\u0142amy na adres domowy i mo\u017cemy dyskretnie podrzuca\u0107 skrzynki pocztowe.\u00a0<\/strong><\/li>\n<li><b>Opakowanie jest bezpieczne, <a href=\"https:\/\/cocaineforsale.co\/2021\/07\/possible-to-order-cocaine-online\/\">Dyskretny i bezpieczny<\/a>.<\/b><\/li>\n<li><strong>Bezpieczna metoda p\u0142atno\u015bci. Akceptujemy Bitcoiny.<\/strong><\/li>\n<li><strong>Nie wi\u0105\u017ce si\u0119 to z \u017cadnymi dodatkowymi kosztami. Numery \u015bledzenia s\u0105 dostarczane dla wszystkich zam\u00f3wie\u0144.<\/strong><strong>\u00a0\u00a0\u00a0<\/strong><\/li>\n<\/ul>\n<h2>Peruwia\u0144ska kokaina na sprzeda\u017c<\/h2>\n<p>Odwied\u017a stron\u0119 naszego sklepu i z\u0142\u00f3\u017c zam\u00f3wienie pr\u00f3bne, aby przetestowa\u0107 nasz\u0105 kokain\u0119 i jej jako\u015b\u0107. Po dokonaniu p\u0142atno\u015bci wy\u015blemy j\u0105 dyskretnie na Tw\u00f3j adres domowy. Nasza peruwia\u0144ska kokaina, kt\u00f3r\u0105 sprzedajemy, pochodzi bezpo\u015brednio ze \u017ar\u00f3d\u0142a, bezpo\u015brednio z cegie\u0142, niepoci\u0119ta, czysta i najwy\u017cszej jako\u015bci, zdolna sprawi\u0107, \u017ce poczujesz si\u0119 najlepiej w historii. Masz mo\u017cliwo\u015b\u0107 wypr\u00f3bowania jednego z <a href=\"https:\/\/cocaineforsale.co\/product\/fish-scale-cocaine\/\">najlepsza kokaina<\/a> produkt mo\u017ce by\u0107 nadal mieszany przez sprzedawc\u00f3w detalicznych, aby uzyska\u0107 wi\u0119kszy zysk. Sprzedajemy po cenie $30 za gram przy minimalnym zam\u00f3wieniu 10 gram\u00f3w dla bezpo\u015brednich konsument\u00f3w i os\u00f3b zainteresowanych, ale wci\u0105\u017c sceptycznych. Jest to dla nich szansa, aby spr\u00f3bowa\u0107. Jeste\u015bmy niezawodni, uczciwi, dyskretni i b\u0119dziemy s\u0142u\u017cy\u0107 Ci z szacunkiem.<\/p>\n<p>Zam\u00f3w peruwia\u0144sk\u0105 kokain\u0119 online<\/p>\n<p>Akceptujemy r\u00f3\u017cne formy p\u0142atno\u015bci, takie jak bitcoin, karty podarunkowe Vanilla Visa\/Master card oraz przelewy bankowe, takie jak western union i money gram. Dlatego, aby kupi\u0107 peruwia\u0144sk\u0105 kokain\u0119 online lub <a href=\"https:\/\/cocaineforsale.co\/product\/order-colombian-cocaine\/\">kupi\u0107 past\u0119 z koki<\/a><a href=\"http:\/\/buyrchemonline.com\/\/product\/order-cocaine-online\/\">,<\/a>\u00a0Wystarczy, \u017ce z\u0142o\u017cysz zam\u00f3wienie na stronie naszego sklepu, a my dostarczymy Ci najlepsz\u0105 kokain\u0119 HCL (past\u0119 lub ska\u0142\u0119, w zale\u017cno\u015bci od tego, co okre\u015blisz). Wysy\u0142ka odbywa si\u0119 na ca\u0142ym \u015bwiecie, a dla ka\u017cdej paczki dost\u0119pne s\u0105 numery \u015bledzenia.<\/p>\n<p>&nbsp;<\/p>\n<p>&nbsp;<\/p>\n<h1><strong>INFORMACJE ZWROTNE<\/strong><\/h1>","protected":false},"excerpt":{"rendered":"<p><strong>Czysty<\/strong> Boliwijska kokaina<br \/> <strong>Dodatkowe 3 gramy gratis<\/strong> dla zam\u00f3wie\u0144 powy\u017cej $500<br \/> <strong>Darmowa dostawa<\/strong> dla du\u017cych zam\u00f3wie\u0144<br \/> <strong>100%<\/strong> Dyskretna wysy\u0142ka<\/p>","protected":false},"featured_media":2143,"comment_status":"open","ping_status":"closed","template":"","meta":{"_uag_custom_page_level_css":"","site-sidebar-layout":"default","site-content-layout":"","ast-site-content-layout":"","site-content-style":"default","site-sidebar-style":"default","ast-global-header-display":"","ast-banner-title-visibility":"","ast-main-header-display":"","ast-hfb-above-header-display":"","ast-hfb-below-header-display":"","ast-hfb-mobile-header-display":"","site-post-title":"","ast-breadcrumbs-content":"","ast-featured-img":"","footer-sml-layout":"","theme-transparent-header-meta":"","adv-header-id-meta":"","stick-header-meta":"","header-above-stick-meta":"","header-main-stick-meta":"","header-below-stick-meta":"","astra-migrate-meta-layouts":"default","ast-page-background-enabled":"default","ast-page-background-meta":{"desktop":{"background-color":"","background-image":"","background-repeat":"repeat","background-position":"center center","background-size":"auto","background-attachment":"scroll","background-type":"","background-media":"","overlay-type":"","overlay-color":"","overlay-opacity":"","overlay-gradient":""},"tablet":{"background-color":"","background-image":"","background-repeat":"repeat","background-position":"center center","background-size":"auto","background-attachment":"scroll","background-type":"","background-media":"","overlay-type":"","overlay-color":"","overlay-opacity":"","overlay-gradient":""},"mobile":{"background-color":"","background-image":"","background-repeat":"repeat","background-position":"center center","background-size":"auto","background-attachment":"scroll","background-type":"","background-media":"","overlay-type":"","overlay-color":"","overlay-opacity":"","overlay-gradient":""}},"ast-content-background-meta":{"desktop":{"background-color":"var(--ast-global-color-5)","background-image":"","background-repeat":"repeat","background-position":"center center","background-size":"auto","background-attachment":"scroll","background-type":"","background-media":"","overlay-type":"","overlay-color":"","overlay-opacity":"","overlay-gradient":""},"tablet":{"background-color":"var(--ast-global-color-5)","background-image":"","background-repeat":"repeat","background-position":"center center","background-size":"auto","background-attachment":"scroll","background-type":"","background-media":"","overlay-type":"","overlay-color":"","overlay-opacity":"","overlay-gradient":""},"mobile":{"background-color":"var(--ast-global-color-5)","background-image":"","background-repeat":"repeat","background-position":"center center","background-size":"auto","background-attachment":"scroll","background-type":"","background-media":"","overlay-type":"","overlay-color":"","overlay-opacity":"","overlay-gradient":""}}},"product_brand":[],"product_cat":[75],"product_tag":[76,77,78,79,80],"class_list":{"0":"post-2135","1":"product","2":"type-product","3":"status-publish","4":"has-post-thumbnail","6":"product_cat-peruvian-cocaine","7":"product_tag-best-place-to-order-peruvian-cocaine-online","8":"product_tag-buy-peruvian-cocaine-online","9":"product_tag-order-peruvian-cocaine-online","10":"product_tag-peruvian-cocaine-for-sale","11":"product_tag-where-to-buy-peruvian-cocaine-online","12":"desktop-align-left","13":"tablet-align-left","14":"mobile-align-left","16":"first","17":"instock","18":"shipping-taxable","19":"purchasable","20":"product-type-variable"},"yoast_head":"<!-- This site is optimized with the Yoast SEO plugin v27.4 - https:\/\/yoast.com\/product\/yoast-seo-wordpress\/ -->\n<title>Peruvian Cocaine -<\/title>\n<meta name=\"robots\" content=\"index, follow, max-snippet:-1, max-image-preview:large, max-video-preview:-1\" \/>\n<link rel=\"canonical\" href=\"https:\/\/exoticchemicals.com\/pl\/product\/kokaina-peruwianska\/\" \/>\n<meta property=\"og:locale\" content=\"pl_PL\" \/>\n<meta property=\"og:type\" content=\"article\" \/>\n<meta property=\"og:title\" content=\"Peruvian Cocaine -\" \/>\n<meta property=\"og:description\" content=\"Pure Peruvian Cocaine Extra 3 grams Free for orders above $500 Free Delivery for huge orders 100% discreet Shipping\" \/>\n<meta property=\"og:url\" content=\"https:\/\/exoticchemicals.com\/pl\/product\/kokaina-peruwianska\/\" \/>\n<meta property=\"article:modified_time\" content=\"2026-04-10T23:11:33+00:00\" \/>\n<meta property=\"og:image\" content=\"https:\/\/exoticchemicals.com\/wp-content\/uploads\/2025\/02\/IMG_20.jpg\" \/>\n\t<meta property=\"og:image:width\" content=\"1080\" \/>\n\t<meta property=\"og:image:height\" content=\"1080\" \/>\n\t<meta property=\"og:image:type\" content=\"image\/jpeg\" \/>\n<meta name=\"twitter:card\" content=\"summary_large_image\" \/>\n<meta name=\"twitter:label1\" content=\"Szacowany czas czytania\" \/>\n\t<meta name=\"twitter:data1\" content=\"3 minuty\" \/>\n<script type=\"application\/ld+json\" class=\"yoast-schema-graph\">{\"@context\":\"https:\\\/\\\/schema.org\",\"@graph\":[{\"@type\":\"WebPage\",\"@id\":\"https:\\\/\\\/exoticchemicals.com\\\/product\\\/peruvian-cocaine\\\/\",\"url\":\"https:\\\/\\\/exoticchemicals.com\\\/product\\\/peruvian-cocaine\\\/\",\"name\":\"Peruvian Cocaine -\",\"isPartOf\":{\"@id\":\"https:\\\/\\\/exoticchemicals.com\\\/#website\"},\"primaryImageOfPage\":{\"@id\":\"https:\\\/\\\/exoticchemicals.com\\\/product\\\/peruvian-cocaine\\\/#primaryimage\"},\"image\":{\"@id\":\"https:\\\/\\\/exoticchemicals.com\\\/product\\\/peruvian-cocaine\\\/#primaryimage\"},\"thumbnailUrl\":\"https:\\\/\\\/exoticchemicals.com\\\/wp-content\\\/uploads\\\/2025\\\/02\\\/IMG_20.jpg\",\"datePublished\":\"2025-02-06T20:41:15+00:00\",\"dateModified\":\"2026-04-10T23:11:33+00:00\",\"breadcrumb\":{\"@id\":\"https:\\\/\\\/exoticchemicals.com\\\/product\\\/peruvian-cocaine\\\/#breadcrumb\"},\"inLanguage\":\"pl-PL\",\"potentialAction\":[{\"@type\":\"ReadAction\",\"target\":[\"https:\\\/\\\/exoticchemicals.com\\\/product\\\/peruvian-cocaine\\\/\"]}]},{\"@type\":\"ImageObject\",\"inLanguage\":\"pl-PL\",\"@id\":\"https:\\\/\\\/exoticchemicals.com\\\/product\\\/peruvian-cocaine\\\/#primaryimage\",\"url\":\"https:\\\/\\\/exoticchemicals.com\\\/wp-content\\\/uploads\\\/2025\\\/02\\\/IMG_20.jpg\",\"contentUrl\":\"https:\\\/\\\/exoticchemicals.com\\\/wp-content\\\/uploads\\\/2025\\\/02\\\/IMG_20.jpg\",\"width\":1080,\"height\":1080},{\"@type\":\"BreadcrumbList\",\"@id\":\"https:\\\/\\\/exoticchemicals.com\\\/product\\\/peruvian-cocaine\\\/#breadcrumb\",\"itemListElement\":[{\"@type\":\"ListItem\",\"position\":1,\"name\":\"Home\",\"item\":\"https:\\\/\\\/exoticchemicals.com\\\/\"},{\"@type\":\"ListItem\",\"position\":2,\"name\":\"Shop\",\"item\":\"https:\\\/\\\/exoticchemicals.com\\\/shop\\\/\"},{\"@type\":\"ListItem\",\"position\":3,\"name\":\"Peruvian Cocaine\"}]},{\"@type\":\"WebSite\",\"@id\":\"https:\\\/\\\/exoticchemicals.com\\\/#website\",\"url\":\"https:\\\/\\\/exoticchemicals.com\\\/\",\"name\":\"exotic chemicals\",\"description\":\"Buy MDPHP Hydrochloride\",\"publisher\":{\"@id\":\"https:\\\/\\\/exoticchemicals.com\\\/#\\\/schema\\\/person\\\/07ad08472b6f5b213792451a32dbe8c7\"},\"potentialAction\":[{\"@type\":\"SearchAction\",\"target\":{\"@type\":\"EntryPoint\",\"urlTemplate\":\"https:\\\/\\\/exoticchemicals.com\\\/?s={search_term_string}\"},\"query-input\":{\"@type\":\"PropertyValueSpecification\",\"valueRequired\":true,\"valueName\":\"search_term_string\"}}],\"inLanguage\":\"pl-PL\"},{\"@type\":[\"Person\",\"Organization\"],\"@id\":\"https:\\\/\\\/exoticchemicals.com\\\/#\\\/schema\\\/person\\\/07ad08472b6f5b213792451a32dbe8c7\",\"name\":\"wwalkershop@gmail.com\",\"image\":{\"@type\":\"ImageObject\",\"inLanguage\":\"pl-PL\",\"@id\":\"https:\\\/\\\/exoticchemicals.com\\\/wp-content\\\/uploads\\\/2025\\\/02\\\/pure-3-1-1.png\",\"url\":\"https:\\\/\\\/exoticchemicals.com\\\/wp-content\\\/uploads\\\/2025\\\/02\\\/pure-3-1-1.png\",\"contentUrl\":\"https:\\\/\\\/exoticchemicals.com\\\/wp-content\\\/uploads\\\/2025\\\/02\\\/pure-3-1-1.png\",\"width\":500,\"height\":500,\"caption\":\"wwalkershop@gmail.com\"},\"logo\":{\"@id\":\"https:\\\/\\\/exoticchemicals.com\\\/wp-content\\\/uploads\\\/2025\\\/02\\\/pure-3-1-1.png\"},\"sameAs\":[\"http:\\\/\\\/exoticchemicals.com\"]}]}<\/script>\n<!-- \/ Yoast SEO plugin. -->","yoast_head_json":{"title":"Peruwia\u0144ska kokaina -","robots":{"index":"index","follow":"follow","max-snippet":"max-snippet:-1","max-image-preview":"max-image-preview:large","max-video-preview":"max-video-preview:-1"},"canonical":"https:\/\/exoticchemicals.com\/pl\/product\/kokaina-peruwianska\/","og_locale":"pl_PL","og_type":"article","og_title":"Peruvian Cocaine -","og_description":"Pure Peruvian Cocaine Extra 3 grams Free for orders above $500 Free Delivery for huge orders 100% discreet Shipping","og_url":"https:\/\/exoticchemicals.com\/pl\/product\/kokaina-peruwianska\/","article_modified_time":"2026-04-10T23:11:33+00:00","og_image":[{"width":1080,"height":1080,"url":"https:\/\/exoticchemicals.com\/wp-content\/uploads\/2025\/02\/IMG_20.jpg","type":"image\/jpeg"}],"twitter_card":"summary_large_image","twitter_misc":{"Szacowany czas czytania":"3 minuty"},"schema":{"@context":"https:\/\/schema.org","@graph":[{"@type":"WebPage","@id":"https:\/\/exoticchemicals.com\/product\/peruvian-cocaine\/","url":"https:\/\/exoticchemicals.com\/product\/peruvian-cocaine\/","name":"Peruwia\u0144ska kokaina -","isPartOf":{"@id":"https:\/\/exoticchemicals.com\/#website"},"primaryImageOfPage":{"@id":"https:\/\/exoticchemicals.com\/product\/peruvian-cocaine\/#primaryimage"},"image":{"@id":"https:\/\/exoticchemicals.com\/product\/peruvian-cocaine\/#primaryimage"},"thumbnailUrl":"https:\/\/exoticchemicals.com\/wp-content\/uploads\/2025\/02\/IMG_20.jpg","datePublished":"2025-02-06T20:41:15+00:00","dateModified":"2026-04-10T23:11:33+00:00","breadcrumb":{"@id":"https:\/\/exoticchemicals.com\/product\/peruvian-cocaine\/#breadcrumb"},"inLanguage":"pl-PL","potentialAction":[{"@type":"ReadAction","target":["https:\/\/exoticchemicals.com\/product\/peruvian-cocaine\/"]}]},{"@type":"ImageObject","inLanguage":"pl-PL","@id":"https:\/\/exoticchemicals.com\/product\/peruvian-cocaine\/#primaryimage","url":"https:\/\/exoticchemicals.com\/wp-content\/uploads\/2025\/02\/IMG_20.jpg","contentUrl":"https:\/\/exoticchemicals.com\/wp-content\/uploads\/2025\/02\/IMG_20.jpg","width":1080,"height":1080},{"@type":"BreadcrumbList","@id":"https:\/\/exoticchemicals.com\/product\/peruvian-cocaine\/#breadcrumb","itemListElement":[{"@type":"ListItem","position":1,"name":"Home","item":"https:\/\/exoticchemicals.com\/"},{"@type":"ListItem","position":2,"name":"Shop","item":"https:\/\/exoticchemicals.com\/shop\/"},{"@type":"ListItem","position":3,"name":"Peruvian Cocaine"}]},{"@type":"WebSite","@id":"https:\/\/exoticchemicals.com\/#website","url":"https:\/\/exoticchemicals.com\/","name":"egzotyczne chemikalia","description":"Kup chlorowodorek MDPHP","publisher":{"@id":"https:\/\/exoticchemicals.com\/#\/schema\/person\/07ad08472b6f5b213792451a32dbe8c7"},"potentialAction":[{"@type":"SearchAction","target":{"@type":"EntryPoint","urlTemplate":"https:\/\/exoticchemicals.com\/?s={search_term_string}"},"query-input":{"@type":"PropertyValueSpecification","valueRequired":true,"valueName":"search_term_string"}}],"inLanguage":"pl-PL"},{"@type":["Person","Organization"],"@id":"https:\/\/exoticchemicals.com\/#\/schema\/person\/07ad08472b6f5b213792451a32dbe8c7","name":"wwalkershop@gmail.com","image":{"@type":"ImageObject","inLanguage":"pl-PL","@id":"https:\/\/exoticchemicals.com\/wp-content\/uploads\/2025\/02\/pure-3-1-1.png","url":"https:\/\/exoticchemicals.com\/wp-content\/uploads\/2025\/02\/pure-3-1-1.png","contentUrl":"https:\/\/exoticchemicals.com\/wp-content\/uploads\/2025\/02\/pure-3-1-1.png","width":500,"height":500,"caption":"wwalkershop@gmail.com"},"logo":{"@id":"https:\/\/exoticchemicals.com\/wp-content\/uploads\/2025\/02\/pure-3-1-1.png"},"sameAs":["http:\/\/exoticchemicals.com"]}]}},"uagb_featured_image_src":{"full":["https:\/\/exoticchemicals.com\/wp-content\/uploads\/2025\/02\/IMG_20.jpg",1080,1080,false],"thumbnail":["https:\/\/exoticchemicals.com\/wp-content\/uploads\/2025\/02\/IMG_20-150x150.jpg",150,150,true],"medium":["https:\/\/exoticchemicals.com\/wp-content\/uploads\/2025\/02\/IMG_20-300x300.jpg",300,300,true],"medium_large":["https:\/\/exoticchemicals.com\/wp-content\/uploads\/2025\/02\/IMG_20-768x768.jpg",768,768,true],"large":["https:\/\/exoticchemicals.com\/wp-content\/uploads\/2025\/02\/IMG_20-1024x1024.jpg",1024,1024,true],"1536x1536":["https:\/\/exoticchemicals.com\/wp-content\/uploads\/2025\/02\/IMG_20.jpg",1080,1080,false],"2048x2048":["https:\/\/exoticchemicals.com\/wp-content\/uploads\/2025\/02\/IMG_20.jpg",1080,1080,false],"trp-custom-language-flag":["https:\/\/exoticchemicals.com\/wp-content\/uploads\/2025\/02\/IMG_20.jpg",12,12,false],"woocommerce_thumbnail":["https:\/\/exoticchemicals.com\/wp-content\/uploads\/2025\/02\/IMG_20-300x300.jpg",300,300,true],"woocommerce_single":["https:\/\/exoticchemicals.com\/wp-content\/uploads\/2025\/02\/IMG_20-600x600.jpg",600,600,true],"woocommerce_gallery_thumbnail":["https:\/\/exoticchemicals.com\/wp-content\/uploads\/2025\/02\/IMG_20-100x100.jpg",100,100,true]},"uagb_author_info":{"display_name":"bossman","author_link":"https:\/\/exoticchemicals.com\/pl\/author\/"},"uagb_comment_info":7,"uagb_excerpt":"Pure Peruvian Cocaine Extra 3 grams Free for orders above $500 Free Delivery for huge orders 100% discreet Shipping","_links":{"self":[{"href":"https:\/\/exoticchemicals.com\/pl\/wp-json\/wp\/v2\/product\/2135","targetHints":{"allow":["GET"]}}],"collection":[{"href":"https:\/\/exoticchemicals.com\/pl\/wp-json\/wp\/v2\/product"}],"about":[{"href":"https:\/\/exoticchemicals.com\/pl\/wp-json\/wp\/v2\/types\/product"}],"replies":[{"embeddable":true,"href":"https:\/\/exoticchemicals.com\/pl\/wp-json\/wp\/v2\/comments?post=2135"}],"wp:featuredmedia":[{"embeddable":true,"href":"https:\/\/exoticchemicals.com\/pl\/wp-json\/wp\/v2\/media\/2143"}],"wp:attachment":[{"href":"https:\/\/exoticchemicals.com\/pl\/wp-json\/wp\/v2\/media?parent=2135"}],"wp:term":[{"taxonomy":"product_brand","embeddable":true,"href":"https:\/\/exoticchemicals.com\/pl\/wp-json\/wp\/v2\/product_brand?post=2135"},{"taxonomy":"product_cat","embeddable":true,"href":"https:\/\/exoticchemicals.com\/pl\/wp-json\/wp\/v2\/product_cat?post=2135"},{"taxonomy":"product_tag","embeddable":true,"href":"https:\/\/exoticchemicals.com\/pl\/wp-json\/wp\/v2\/product_tag?post=2135"}],"curies":[{"name":"wp","href":"https:\/\/api.w.org\/{rel}","templated":true}]}}