{"id":3119,"date":"2025-02-06T21:21:45","date_gmt":"2025-02-06T21:21:45","guid":{"rendered":"https:\/\/exoticchemicals.com\/?post_type=product&#038;p=3119"},"modified":"2026-04-11T22:41:36","modified_gmt":"2026-04-11T22:41:36","slug":"blue-meanies","status":"publish","type":"product","link":"https:\/\/exoticchemicals.com\/pl\/product\/blue-meanies\/","title":{"rendered":"Blue Meanies"},"content":{"rendered":"<h2>**Buy Blue Meanies Mushroom \u2013 DOSAGE GUIDE*<\/h2>\n<p>Trip Level 0: Microdosing Recommended dosage: 0.2 \u2013 0.5 g. dried mushrooms \u2013 A micro-dose is a sub-perceptual amount of mushrooms. Take this every 2-3 days to boost creativity or feel less anxious. Microdosing trip levels capsules. Added as level 0, it\u2019s meant to be taken along with your day-to-day routine- Buy Blue Meanies Mushroom online.<\/p>\n<p>Poziom podr\u00f3\u017cy 1: Szcz\u0119\u015bliwy traf<br \/> Zalecane dawkowanie: 0,8 - 1 g. suszonych grzyb\u00f3w - Efekty s\u0105 \u0142agodne i podobne do bycia na haju po ziole. Muzyka zaczyna sprawia\u0107, \u017ce czujesz si\u0119 lepiej, nieznajomi wydaj\u0105 si\u0119 bardziej przyja\u017ani, a umys\u0142 jest w stanie straci\u0107 nieco kontroli. Mog\u0105 wyst\u0105pi\u0107 \u0142agodne efekty wizualne lub pewne zniekszta\u0142cenia d\u017awi\u0119ku, ale b\u0119d\u0105 one subtelne.<\/p>\n<p>Wycieczka Poziom 2: Raj dla pocz\u0105tkuj\u0105cych<br \/> Zalecane dawkowanie: 1 - 1,5 g. suszonych grzyb\u00f3w - Sta\u0142e akcentowanie sensoryczne, kolory staj\u0105 si\u0119 ja\u015bniejsze i lekki haj cia\u0142a. Poziom 2 mo\u017ce by\u0107 bardziej intensywn\u0105 form\u0105 Trip Level 1, ale przy odpowiednim dawkowaniu mo\u017ce by\u0107 czym\u015b wi\u0119cej. Nale\u017cy by\u0107 przygotowanym na pocz\u0105tki halucynacji wzrokowych i s\u0142uchowych: poruszaj\u0105ce si\u0119 i o\u017cywaj\u0105ce przedmioty wraz z geometrycznymi formami po zamkni\u0119ciu oczu. Trudniej b\u0119dzie ci si\u0119 skoncentrowa\u0107 i komunikowa\u0107, a tak\u017ce zauwa\u017cysz wzrost kreatywno\u015bci wraz ze zwi\u0119kszonym uczuciem lekko\u015bci i euforii.<\/p>\n<p>Poziom podr\u00f3\u017cy 3: Klasyczna podr\u00f3\u017c psychodeliczna<br \/> Zalecane dawkowanie: 1,5 - 3 g. suszonych grzyb\u00f3w - Trip Level 3 jest \u015bwietny dla pocz\u0105tkuj\u0105cych, kt\u00f3rzy chc\u0105 wskoczy\u0107 w \u201cprawdziwe\u201d psychodeliczne do\u015bwiadczenie, bez przesadzania z dawkowaniem. Na tym poziomie widoczne b\u0119d\u0105 halucynacje wzrokowe wraz z pojawieniem si\u0119 wzor\u00f3w i fraktali. Koniec z podpowiedziami lub subtelnymi przeb\u0142yskami wizualizacji, to dzieje si\u0119 naprawd\u0119. Powierzchnia obserwowanego obiektu stanie si\u0119 b\u0142yszcz\u0105ca i ruchoma, poniewa\u017c pole g\u0142\u0119bi zostanie zmienione. Zak\u0142\u00f3cenia w zdolno\u015bci do mierzenia up\u0142ywu czasu mog\u0105 sprawi\u0107, \u017ce godzina b\u0119dzie wydawa\u0107 si\u0119 wieczno\u015bci\u0105.<\/p>\n<p>Poziom 4: Latanie z gwiazdami<br \/> Recommended dosage: 3 \u2013 4 g. dried mushrooms\u00a0\u2013 Strong hallucinations take over: a psychedelic flood of shapes, contours and colors will blend together and hit the shores of your consciousness. There\u2019s no stopping the waves in Level 4. There will be some moments when you will lose touch reality. Random, non-existent objects will appear and the concept of time will fade away to the background. Intriguing to some, scary to others, this is the level where psychedelics can really be powerful, life-altering and mind expanding. Keep in mind that this dosage is only recommend for experience users.<\/p>","protected":false},"excerpt":{"rendered":"<p>**Buy Blue Meanies Mushroom \u2013 DOSAGE GUIDE* Trip Level 0: Microdosing Recommended dosage: 0.2 \u2013 0.5 g. dried mushrooms \u2013 A micro-dose is a sub-perceptual amount of mushrooms. Take this every 2-3 days to boost creativity or feel less anxious. Microdosing trip levels capsules. Added as level 0, it\u2019s meant to be taken along with [&hellip;]<\/p>\n","protected":false},"featured_media":3125,"comment_status":"open","ping_status":"closed","template":"","meta":{"_uag_custom_page_level_css":"","site-sidebar-layout":"default","site-content-layout":"","ast-site-content-layout":"","site-content-style":"default","site-sidebar-style":"default","ast-global-header-display":"","ast-banner-title-visibility":"","ast-main-header-display":"","ast-hfb-above-header-display":"","ast-hfb-below-header-display":"","ast-hfb-mobile-header-display":"","site-post-title":"","ast-breadcrumbs-content":"","ast-featured-img":"","footer-sml-layout":"","theme-transparent-header-meta":"","adv-header-id-meta":"","stick-header-meta":"","header-above-stick-meta":"","header-main-stick-meta":"","header-below-stick-meta":"","astra-migrate-meta-layouts":"default","ast-page-background-enabled":"default","ast-page-background-meta":{"desktop":{"background-color":"","background-image":"","background-repeat":"repeat","background-position":"center center","background-size":"auto","background-attachment":"scroll","background-type":"","background-media":"","overlay-type":"","overlay-color":"","overlay-opacity":"","overlay-gradient":""},"tablet":{"background-color":"","background-image":"","background-repeat":"repeat","background-position":"center center","background-size":"auto","background-attachment":"scroll","background-type":"","background-media":"","overlay-type":"","overlay-color":"","overlay-opacity":"","overlay-gradient":""},"mobile":{"background-color":"","background-image":"","background-repeat":"repeat","background-position":"center center","background-size":"auto","background-attachment":"scroll","background-type":"","background-media":"","overlay-type":"","overlay-color":"","overlay-opacity":"","overlay-gradient":""}},"ast-content-background-meta":{"desktop":{"background-color":"var(--ast-global-color-5)","background-image":"","background-repeat":"repeat","background-position":"center center","background-size":"auto","background-attachment":"scroll","background-type":"","background-media":"","overlay-type":"","overlay-color":"","overlay-opacity":"","overlay-gradient":""},"tablet":{"background-color":"var(--ast-global-color-5)","background-image":"","background-repeat":"repeat","background-position":"center center","background-size":"auto","background-attachment":"scroll","background-type":"","background-media":"","overlay-type":"","overlay-color":"","overlay-opacity":"","overlay-gradient":""},"mobile":{"background-color":"var(--ast-global-color-5)","background-image":"","background-repeat":"repeat","background-position":"center center","background-size":"auto","background-attachment":"scroll","background-type":"","background-media":"","overlay-type":"","overlay-color":"","overlay-opacity":"","overlay-gradient":""}}},"product_brand":[],"product_cat":[1388],"product_tag":[],"class_list":{"0":"post-3119","1":"product","2":"type-product","3":"status-publish","4":"has-post-thumbnail","6":"product_cat-mushrooms","7":"desktop-align-left","8":"tablet-align-left","9":"mobile-align-left","11":"first","12":"instock","13":"shipping-taxable","14":"purchasable","15":"product-type-variable"},"yoast_head":"<!-- This site is optimized with the Yoast SEO plugin v27.4 - https:\/\/yoast.com\/product\/yoast-seo-wordpress\/ -->\n<title>Blue Meanies -<\/title>\n<meta name=\"robots\" content=\"index, follow, max-snippet:-1, max-image-preview:large, max-video-preview:-1\" \/>\n<link rel=\"canonical\" href=\"https:\/\/exoticchemicals.com\/pl\/product\/blue-meanies\/\" \/>\n<meta property=\"og:locale\" content=\"pl_PL\" \/>\n<meta property=\"og:type\" content=\"article\" \/>\n<meta property=\"og:title\" content=\"Blue Meanies -\" \/>\n<meta property=\"og:description\" content=\"**Buy Blue Meanies Mushroom \u2013 DOSAGE GUIDE* Trip Level 0: Microdosing Recommended dosage: 0.2 \u2013 0.5 g. dried mushrooms \u2013 A micro-dose is a sub-perceptual amount of mushrooms. Take this every 2-3 days to boost creativity or feel less anxious. Microdosing trip levels capsules. Added as level 0, it\u2019s meant to be taken along with [&hellip;]\" \/>\n<meta property=\"og:url\" content=\"https:\/\/exoticchemicals.com\/pl\/product\/blue-meanies\/\" \/>\n<meta property=\"article:modified_time\" content=\"2026-04-11T22:41:36+00:00\" \/>\n<meta property=\"og:image\" content=\"https:\/\/exoticchemicals.com\/wp-content\/uploads\/2025\/02\/Blue-Meanies-Magic-Mushrooms-2.jpg\" \/>\n\t<meta property=\"og:image:width\" content=\"595\" \/>\n\t<meta property=\"og:image:height\" content=\"595\" \/>\n\t<meta property=\"og:image:type\" content=\"image\/jpeg\" \/>\n<meta name=\"twitter:card\" content=\"summary_large_image\" \/>\n<meta name=\"twitter:label1\" content=\"Szacowany czas czytania\" \/>\n\t<meta name=\"twitter:data1\" content=\"2 minuty\" \/>\n<script type=\"application\/ld+json\" class=\"yoast-schema-graph\">{\"@context\":\"https:\\\/\\\/schema.org\",\"@graph\":[{\"@type\":\"WebPage\",\"@id\":\"https:\\\/\\\/exoticchemicals.com\\\/product\\\/blue-meanies\\\/\",\"url\":\"https:\\\/\\\/exoticchemicals.com\\\/product\\\/blue-meanies\\\/\",\"name\":\"Blue Meanies -\",\"isPartOf\":{\"@id\":\"https:\\\/\\\/exoticchemicals.com\\\/#website\"},\"primaryImageOfPage\":{\"@id\":\"https:\\\/\\\/exoticchemicals.com\\\/product\\\/blue-meanies\\\/#primaryimage\"},\"image\":{\"@id\":\"https:\\\/\\\/exoticchemicals.com\\\/product\\\/blue-meanies\\\/#primaryimage\"},\"thumbnailUrl\":\"https:\\\/\\\/exoticchemicals.com\\\/wp-content\\\/uploads\\\/2025\\\/02\\\/Blue-Meanies-Magic-Mushrooms-2.jpg\",\"datePublished\":\"2025-02-06T21:21:45+00:00\",\"dateModified\":\"2026-04-11T22:41:36+00:00\",\"breadcrumb\":{\"@id\":\"https:\\\/\\\/exoticchemicals.com\\\/product\\\/blue-meanies\\\/#breadcrumb\"},\"inLanguage\":\"pl-PL\",\"potentialAction\":[{\"@type\":\"ReadAction\",\"target\":[\"https:\\\/\\\/exoticchemicals.com\\\/product\\\/blue-meanies\\\/\"]}]},{\"@type\":\"ImageObject\",\"inLanguage\":\"pl-PL\",\"@id\":\"https:\\\/\\\/exoticchemicals.com\\\/product\\\/blue-meanies\\\/#primaryimage\",\"url\":\"https:\\\/\\\/exoticchemicals.com\\\/wp-content\\\/uploads\\\/2025\\\/02\\\/Blue-Meanies-Magic-Mushrooms-2.jpg\",\"contentUrl\":\"https:\\\/\\\/exoticchemicals.com\\\/wp-content\\\/uploads\\\/2025\\\/02\\\/Blue-Meanies-Magic-Mushrooms-2.jpg\",\"width\":595,\"height\":595},{\"@type\":\"BreadcrumbList\",\"@id\":\"https:\\\/\\\/exoticchemicals.com\\\/product\\\/blue-meanies\\\/#breadcrumb\",\"itemListElement\":[{\"@type\":\"ListItem\",\"position\":1,\"name\":\"Home\",\"item\":\"https:\\\/\\\/exoticchemicals.com\\\/\"},{\"@type\":\"ListItem\",\"position\":2,\"name\":\"Shop\",\"item\":\"https:\\\/\\\/exoticchemicals.com\\\/shop\\\/\"},{\"@type\":\"ListItem\",\"position\":3,\"name\":\"Blue Meanies\"}]},{\"@type\":\"WebSite\",\"@id\":\"https:\\\/\\\/exoticchemicals.com\\\/#website\",\"url\":\"https:\\\/\\\/exoticchemicals.com\\\/\",\"name\":\"exotic chemicals\",\"description\":\"Buy MDPHP Hydrochloride\",\"publisher\":{\"@id\":\"https:\\\/\\\/exoticchemicals.com\\\/#\\\/schema\\\/person\\\/07ad08472b6f5b213792451a32dbe8c7\"},\"potentialAction\":[{\"@type\":\"SearchAction\",\"target\":{\"@type\":\"EntryPoint\",\"urlTemplate\":\"https:\\\/\\\/exoticchemicals.com\\\/?s={search_term_string}\"},\"query-input\":{\"@type\":\"PropertyValueSpecification\",\"valueRequired\":true,\"valueName\":\"search_term_string\"}}],\"inLanguage\":\"pl-PL\"},{\"@type\":[\"Person\",\"Organization\"],\"@id\":\"https:\\\/\\\/exoticchemicals.com\\\/#\\\/schema\\\/person\\\/07ad08472b6f5b213792451a32dbe8c7\",\"name\":\"wwalkershop@gmail.com\",\"image\":{\"@type\":\"ImageObject\",\"inLanguage\":\"pl-PL\",\"@id\":\"https:\\\/\\\/exoticchemicals.com\\\/wp-content\\\/uploads\\\/2025\\\/02\\\/pure-3-1-1.png\",\"url\":\"https:\\\/\\\/exoticchemicals.com\\\/wp-content\\\/uploads\\\/2025\\\/02\\\/pure-3-1-1.png\",\"contentUrl\":\"https:\\\/\\\/exoticchemicals.com\\\/wp-content\\\/uploads\\\/2025\\\/02\\\/pure-3-1-1.png\",\"width\":500,\"height\":500,\"caption\":\"wwalkershop@gmail.com\"},\"logo\":{\"@id\":\"https:\\\/\\\/exoticchemicals.com\\\/wp-content\\\/uploads\\\/2025\\\/02\\\/pure-3-1-1.png\"},\"sameAs\":[\"http:\\\/\\\/exoticchemicals.com\"]}]}<\/script>\n<!-- \/ Yoast SEO plugin. -->","yoast_head_json":{"title":"Blue Meanies -","robots":{"index":"index","follow":"follow","max-snippet":"max-snippet:-1","max-image-preview":"max-image-preview:large","max-video-preview":"max-video-preview:-1"},"canonical":"https:\/\/exoticchemicals.com\/pl\/product\/blue-meanies\/","og_locale":"pl_PL","og_type":"article","og_title":"Blue Meanies -","og_description":"**Buy Blue Meanies Mushroom \u2013 DOSAGE GUIDE* Trip Level 0: Microdosing Recommended dosage: 0.2 \u2013 0.5 g. dried mushrooms \u2013 A micro-dose is a sub-perceptual amount of mushrooms. Take this every 2-3 days to boost creativity or feel less anxious. Microdosing trip levels capsules. Added as level 0, it\u2019s meant to be taken along with [&hellip;]","og_url":"https:\/\/exoticchemicals.com\/pl\/product\/blue-meanies\/","article_modified_time":"2026-04-11T22:41:36+00:00","og_image":[{"width":595,"height":595,"url":"https:\/\/exoticchemicals.com\/wp-content\/uploads\/2025\/02\/Blue-Meanies-Magic-Mushrooms-2.jpg","type":"image\/jpeg"}],"twitter_card":"summary_large_image","twitter_misc":{"Szacowany czas czytania":"2 minuty"},"schema":{"@context":"https:\/\/schema.org","@graph":[{"@type":"WebPage","@id":"https:\/\/exoticchemicals.com\/product\/blue-meanies\/","url":"https:\/\/exoticchemicals.com\/product\/blue-meanies\/","name":"Blue Meanies -","isPartOf":{"@id":"https:\/\/exoticchemicals.com\/#website"},"primaryImageOfPage":{"@id":"https:\/\/exoticchemicals.com\/product\/blue-meanies\/#primaryimage"},"image":{"@id":"https:\/\/exoticchemicals.com\/product\/blue-meanies\/#primaryimage"},"thumbnailUrl":"https:\/\/exoticchemicals.com\/wp-content\/uploads\/2025\/02\/Blue-Meanies-Magic-Mushrooms-2.jpg","datePublished":"2025-02-06T21:21:45+00:00","dateModified":"2026-04-11T22:41:36+00:00","breadcrumb":{"@id":"https:\/\/exoticchemicals.com\/product\/blue-meanies\/#breadcrumb"},"inLanguage":"pl-PL","potentialAction":[{"@type":"ReadAction","target":["https:\/\/exoticchemicals.com\/product\/blue-meanies\/"]}]},{"@type":"ImageObject","inLanguage":"pl-PL","@id":"https:\/\/exoticchemicals.com\/product\/blue-meanies\/#primaryimage","url":"https:\/\/exoticchemicals.com\/wp-content\/uploads\/2025\/02\/Blue-Meanies-Magic-Mushrooms-2.jpg","contentUrl":"https:\/\/exoticchemicals.com\/wp-content\/uploads\/2025\/02\/Blue-Meanies-Magic-Mushrooms-2.jpg","width":595,"height":595},{"@type":"BreadcrumbList","@id":"https:\/\/exoticchemicals.com\/product\/blue-meanies\/#breadcrumb","itemListElement":[{"@type":"ListItem","position":1,"name":"Home","item":"https:\/\/exoticchemicals.com\/"},{"@type":"ListItem","position":2,"name":"Shop","item":"https:\/\/exoticchemicals.com\/shop\/"},{"@type":"ListItem","position":3,"name":"Blue Meanies"}]},{"@type":"WebSite","@id":"https:\/\/exoticchemicals.com\/#website","url":"https:\/\/exoticchemicals.com\/","name":"egzotyczne chemikalia","description":"Kup chlorowodorek MDPHP","publisher":{"@id":"https:\/\/exoticchemicals.com\/#\/schema\/person\/07ad08472b6f5b213792451a32dbe8c7"},"potentialAction":[{"@type":"SearchAction","target":{"@type":"EntryPoint","urlTemplate":"https:\/\/exoticchemicals.com\/?s={search_term_string}"},"query-input":{"@type":"PropertyValueSpecification","valueRequired":true,"valueName":"search_term_string"}}],"inLanguage":"pl-PL"},{"@type":["Person","Organization"],"@id":"https:\/\/exoticchemicals.com\/#\/schema\/person\/07ad08472b6f5b213792451a32dbe8c7","name":"wwalkershop@gmail.com","image":{"@type":"ImageObject","inLanguage":"pl-PL","@id":"https:\/\/exoticchemicals.com\/wp-content\/uploads\/2025\/02\/pure-3-1-1.png","url":"https:\/\/exoticchemicals.com\/wp-content\/uploads\/2025\/02\/pure-3-1-1.png","contentUrl":"https:\/\/exoticchemicals.com\/wp-content\/uploads\/2025\/02\/pure-3-1-1.png","width":500,"height":500,"caption":"wwalkershop@gmail.com"},"logo":{"@id":"https:\/\/exoticchemicals.com\/wp-content\/uploads\/2025\/02\/pure-3-1-1.png"},"sameAs":["http:\/\/exoticchemicals.com"]}]}},"uagb_featured_image_src":{"full":["https:\/\/exoticchemicals.com\/wp-content\/uploads\/2025\/02\/Blue-Meanies-Magic-Mushrooms-2.jpg",595,595,false],"thumbnail":["https:\/\/exoticchemicals.com\/wp-content\/uploads\/2025\/02\/Blue-Meanies-Magic-Mushrooms-2-150x150.jpg",150,150,true],"medium":["https:\/\/exoticchemicals.com\/wp-content\/uploads\/2025\/02\/Blue-Meanies-Magic-Mushrooms-2-300x300.jpg",300,300,true],"medium_large":["https:\/\/exoticchemicals.com\/wp-content\/uploads\/2025\/02\/Blue-Meanies-Magic-Mushrooms-2.jpg",595,595,false],"large":["https:\/\/exoticchemicals.com\/wp-content\/uploads\/2025\/02\/Blue-Meanies-Magic-Mushrooms-2.jpg",595,595,false],"1536x1536":["https:\/\/exoticchemicals.com\/wp-content\/uploads\/2025\/02\/Blue-Meanies-Magic-Mushrooms-2.jpg",595,595,false],"2048x2048":["https:\/\/exoticchemicals.com\/wp-content\/uploads\/2025\/02\/Blue-Meanies-Magic-Mushrooms-2.jpg",595,595,false],"trp-custom-language-flag":["https:\/\/exoticchemicals.com\/wp-content\/uploads\/2025\/02\/Blue-Meanies-Magic-Mushrooms-2.jpg",12,12,false],"woocommerce_thumbnail":["https:\/\/exoticchemicals.com\/wp-content\/uploads\/2025\/02\/Blue-Meanies-Magic-Mushrooms-2-300x300.jpg",300,300,true],"woocommerce_single":["https:\/\/exoticchemicals.com\/wp-content\/uploads\/2025\/02\/Blue-Meanies-Magic-Mushrooms-2.jpg",595,595,false],"woocommerce_gallery_thumbnail":["https:\/\/exoticchemicals.com\/wp-content\/uploads\/2025\/02\/Blue-Meanies-Magic-Mushrooms-2-100x100.jpg",100,100,true]},"uagb_author_info":{"display_name":"bossman","author_link":"https:\/\/exoticchemicals.com\/pl\/author\/"},"uagb_comment_info":7,"uagb_excerpt":"**Buy Blue Meanies Mushroom \u2013 DOSAGE GUIDE* Trip Level 0: Microdosing Recommended dosage: 0.2 \u2013 0.5 g. dried mushrooms \u2013 A micro-dose is a sub-perceptual amount of mushrooms. Take this every 2-3 days to boost creativity or feel less anxious. Microdosing trip levels capsules. Added as level 0, it\u2019s meant to be taken along with&hellip;","_links":{"self":[{"href":"https:\/\/exoticchemicals.com\/pl\/wp-json\/wp\/v2\/product\/3119","targetHints":{"allow":["GET"]}}],"collection":[{"href":"https:\/\/exoticchemicals.com\/pl\/wp-json\/wp\/v2\/product"}],"about":[{"href":"https:\/\/exoticchemicals.com\/pl\/wp-json\/wp\/v2\/types\/product"}],"replies":[{"embeddable":true,"href":"https:\/\/exoticchemicals.com\/pl\/wp-json\/wp\/v2\/comments?post=3119"}],"wp:featuredmedia":[{"embeddable":true,"href":"https:\/\/exoticchemicals.com\/pl\/wp-json\/wp\/v2\/media\/3125"}],"wp:attachment":[{"href":"https:\/\/exoticchemicals.com\/pl\/wp-json\/wp\/v2\/media?parent=3119"}],"wp:term":[{"taxonomy":"product_brand","embeddable":true,"href":"https:\/\/exoticchemicals.com\/pl\/wp-json\/wp\/v2\/product_brand?post=3119"},{"taxonomy":"product_cat","embeddable":true,"href":"https:\/\/exoticchemicals.com\/pl\/wp-json\/wp\/v2\/product_cat?post=3119"},{"taxonomy":"product_tag","embeddable":true,"href":"https:\/\/exoticchemicals.com\/pl\/wp-json\/wp\/v2\/product_tag?post=3119"}],"curies":[{"name":"wp","href":"https:\/\/api.w.org\/{rel}","templated":true}]}}