{"id":3834,"date":"2025-02-06T21:27:37","date_gmt":"2025-02-06T21:27:37","guid":{"rendered":"https:\/\/exoticchemicals.com\/?post_type=product&#038;p=3834"},"modified":"2026-04-08T07:41:46","modified_gmt":"2026-04-08T07:41:46","slug":"psilocybe-buy-z-strain-cubensis","status":"publish","type":"product","link":"https:\/\/exoticchemicals.com\/pl\/product\/psilocybe-buy-z-strain-cubensis\/","title":{"rendered":"Psilocybe: Buy Z-Strain Cubensis"},"content":{"rendered":"<h1>Buy Z-Strain Delaware<\/h1>\n<p><strong>Buy Psychedelic Mushroom Delaware<\/strong><\/p>\n<p>The<a href=\"https:\/\/isochemi.com\/product\/psilocybe-buy-z-strain-cubensis\/\"> Z-Strain magic mushroom<\/a> belongs to the Psilocybe Cubensis family. It is a medium sized mushroom that is known to be an aggressive colonizer. Some say these magic mushrooms are either a genetic isolation of the Golden Teacher or a hybrid between the two. Don\u2019t let the size of these Golden Brown caps fool you as this strain of magic mushroom is very potent. Its genetic code allows for the mushroom to soak up all the nutrients in the substrate. The more nutritious the substrate, the more potent the Z-Strain Magic Mushroom is.<\/p>\n<div>\n<div class=\"woocommerce-product-details__short-description\">\n<p>Z-Strain magic mushroom is great for the body and mind.\u00a0 <strong><a href=\"https:\/\/isochemi.com\/product\/psilocybe-buy-z-strain-cubensis\/\">Buy Psychedelic Mushroom Delaware<\/a> <\/strong>Many people report experiencing prominent body sensations and astounding visuals. It is a great mushroom to take if you\u2019re looking for a instant boost of energy and creativity. Finally, users will experience animation of organic shapes, opaque walls, and a vibrant detraction of colours that increase at higher doses.<\/p>\n<h2><a href=\"https:\/\/isochemi.com\/\"><strong>\u00a0Psychedelic Mushroom Delaware<\/strong><\/a><\/h2>\n<\/p><\/div>\n<p>Zalecenia dotycz\u0105ce dawkowania:<\/p>\n<p>Dawka kreatywna: od 0,5 grama do 1,25 grama<\/p>\n<p>\u015arednia dawka rekreacyjna: od 1,5 grama do 2 gram\u00f3w<\/p>\n<p><a href=\"http:\/\/australiapsilocybins.com\">Full Recreational dose<\/a>: 2 Grams to 3.5 Grams<\/p>\n<p>Uwaga!!! Nie nale\u017cy miesza\u0107 produkt\u00f3w z magicznych grzyb\u00f3w z alkoholem lub innymi lekami przeciwdepresyjnymi (SSRI), poniewa\u017c os\u0142abia to doznania lub ca\u0142kowicie je blokuje.<\/p>\n<p>Produkt nale\u017cy przechowywa\u0107 w temperaturze pokojowej w suchym miejscu, z dala od bezpo\u015bredniego \u015bwiat\u0142a s\u0142onecznego. Przechowywa\u0107 w miejscu niedost\u0119pnym dla dzieci i zwierz\u0105t domowych.<\/p>\n<p>&nbsp;<\/p>\n<\/p><\/div>\n<p><strong>Buy Psychedelic Mushroom Delaware Benefits<\/strong><\/p>\n<p>Psychedelic mushrooms, commonly known as &#8220;magic mushrooms,&#8221; can have a variety of benefits when used properly and in a controlled setting. Here are some potential benefits:<\/p>\n<p>1. <a href=\"https:\/\/isochemi.com\/product\/stimulant-capsules\/\">Reduced anxiety and depression<\/a>: Psilocybin, the main active ingredient in magic mushrooms, has been studied for its potential benefits in treating anxiety and depression. In some cases, even a single dose of psilocybin has been shown to significantly reduce symptoms of anxiety and depression.<\/p>\n<p>2. Increased creativity: Many people have reported that using magic mushrooms has led to increased creativity and enhanced problem-solving skills. This may be due to the way in which the drug alters the brain&#8217;s thought patterns.<\/p>\n<p>3. <a href=\"https:\/\/isochemi.com\/product\/buy-2c-b-online\/\">Spiritual experiences<\/a>: Some users of magic mushrooms have reported having profound spiritual experiences, which can help to provide a sense of purpose and meaning in life.<\/p>\n<p>4. Improved relationships: Magic mushrooms have been shown to increase feelings of empathy and connectedness with others, which can help to improve interpersonal relationships.<\/p>\n<p>5. Reduced addiction: There is some evidence to suggest that magic mushrooms may be helpful in treating addiction to certain substances, such as alcohol and tobacco. It&#8217;s important to note that the use of magic mushrooms carries potential risks, including the possibility of experiencing a bad trip or other negative side effects. It should only be used under the guidance of a trained and licensed healthcare professional in a controlled, medical setting.<\/p>","protected":false},"excerpt":{"rendered":"<h2>Buy Z-Strain<\/h2>\n<p>Z-Strain magic mushroom is one of the most popular strains on the market. It is a potent strain of Psilocybe Cubensis that promotes energy and creativity. At higher concentrations users will experience animation of organic shapes, opaque walls, and a vibrant detraction of colours. Try this awesome strain out today<\/p>\n<p>&nbsp;<\/p>\n<p>&nbsp;<\/p>\n<h3>14 GRAM\u00d3W<\/h3>","protected":false},"featured_media":3885,"comment_status":"open","ping_status":"closed","template":"","meta":{"_uag_custom_page_level_css":"","site-sidebar-layout":"default","site-content-layout":"","ast-site-content-layout":"","site-content-style":"default","site-sidebar-style":"default","ast-global-header-display":"","ast-banner-title-visibility":"","ast-main-header-display":"","ast-hfb-above-header-display":"","ast-hfb-below-header-display":"","ast-hfb-mobile-header-display":"","site-post-title":"","ast-breadcrumbs-content":"","ast-featured-img":"","footer-sml-layout":"","theme-transparent-header-meta":"","adv-header-id-meta":"","stick-header-meta":"","header-above-stick-meta":"","header-main-stick-meta":"","header-below-stick-meta":"","astra-migrate-meta-layouts":"default","ast-page-background-enabled":"default","ast-page-background-meta":{"desktop":{"background-color":"","background-image":"","background-repeat":"repeat","background-position":"center center","background-size":"auto","background-attachment":"scroll","background-type":"","background-media":"","overlay-type":"","overlay-color":"","overlay-opacity":"","overlay-gradient":""},"tablet":{"background-color":"","background-image":"","background-repeat":"repeat","background-position":"center center","background-size":"auto","background-attachment":"scroll","background-type":"","background-media":"","overlay-type":"","overlay-color":"","overlay-opacity":"","overlay-gradient":""},"mobile":{"background-color":"","background-image":"","background-repeat":"repeat","background-position":"center center","background-size":"auto","background-attachment":"scroll","background-type":"","background-media":"","overlay-type":"","overlay-color":"","overlay-opacity":"","overlay-gradient":""}},"ast-content-background-meta":{"desktop":{"background-color":"var(--ast-global-color-5)","background-image":"","background-repeat":"repeat","background-position":"center center","background-size":"auto","background-attachment":"scroll","background-type":"","background-media":"","overlay-type":"","overlay-color":"","overlay-opacity":"","overlay-gradient":""},"tablet":{"background-color":"var(--ast-global-color-5)","background-image":"","background-repeat":"repeat","background-position":"center center","background-size":"auto","background-attachment":"scroll","background-type":"","background-media":"","overlay-type":"","overlay-color":"","overlay-opacity":"","overlay-gradient":""},"mobile":{"background-color":"var(--ast-global-color-5)","background-image":"","background-repeat":"repeat","background-position":"center center","background-size":"auto","background-attachment":"scroll","background-type":"","background-media":"","overlay-type":"","overlay-color":"","overlay-opacity":"","overlay-gradient":""}}},"product_brand":[],"product_cat":[2198],"product_tag":[2262,2199,2200,2201,2263,2202,2203,2204,2206,2264,2208,2209,2210,2212],"class_list":{"0":"post-3834","1":"product","2":"type-product","3":"status-publish","4":"has-post-thumbnail","6":"product_cat-secure-mdphp-hydrochloride-purchase-shrooms","7":"product_tag-buy-psychedelic-mushroom-delaware","8":"product_tag-buy-psychedelic-mushroom-spores-canada","9":"product_tag-buy-psychedelic-mushrooms-uk","10":"product_tag-buy-psychedelics-mushrooms","11":"product_tag-buy-z-strain-delaware","12":"product_tag-can-you-buy-psychedelic-mushroom-seeds-online","13":"product_tag-can-you-buy-psychedelics-mushrooms-in-usa","14":"product_tag-mushrooms-for-sale","15":"product_tag-mushrooms-psychedelic-buy-online-usa","16":"product_tag-psychedelic-mushroom-delaware","17":"product_tag-psychedelic-mushroom-kit-ship-to-kuwait-buy","18":"product_tag-where-can-i-buy-psychedelics-mushrooms-in-usa","19":"product_tag-where-to-buy-mushrooms-psychedelic","20":"product_tag-where-to-buy-psychedelics-mushrooms","21":"desktop-align-left","22":"tablet-align-left","23":"mobile-align-left","25":"first","26":"instock","27":"shipping-taxable","28":"purchasable","29":"product-type-simple"},"yoast_head":"<!-- This site is optimized with the Yoast SEO plugin v27.4 - https:\/\/yoast.com\/product\/yoast-seo-wordpress\/ -->\n<title>Psilocybe: Buy Z-Strain Cubensis -<\/title>\n<meta name=\"robots\" content=\"index, follow, max-snippet:-1, max-image-preview:large, max-video-preview:-1\" \/>\n<link rel=\"canonical\" href=\"https:\/\/exoticchemicals.com\/pl\/product\/psilocybe-buy-z-strain-cubensis\/\" \/>\n<meta property=\"og:locale\" content=\"pl_PL\" \/>\n<meta property=\"og:type\" content=\"article\" \/>\n<meta property=\"og:title\" content=\"Psilocybe: Buy Z-Strain Cubensis -\" \/>\n<meta property=\"og:description\" content=\"Buy Z-Strain Z-Strain magic mushroom is one of the most popular strains on the market. It is a potent strain of Psilocybe Cubensis that promotes energy and creativity. At higher concentrations users will experience animation of organic shapes, opaque walls, and a vibrant detraction of colours. Try this awesome strain out today &nbsp; &nbsp; 14 GRAMS\" \/>\n<meta property=\"og:url\" content=\"https:\/\/exoticchemicals.com\/pl\/product\/psilocybe-buy-z-strain-cubensis\/\" \/>\n<meta property=\"article:modified_time\" content=\"2026-04-08T07:41:46+00:00\" \/>\n<meta property=\"og:image\" content=\"https:\/\/exoticchemicals.com\/wp-content\/uploads\/2025\/02\/z-strain-1-scaled-465x465-1-jpg.webp\" \/>\n\t<meta property=\"og:image:width\" content=\"465\" \/>\n\t<meta property=\"og:image:height\" content=\"465\" \/>\n\t<meta property=\"og:image:type\" content=\"image\/webp\" \/>\n<meta name=\"twitter:card\" content=\"summary_large_image\" \/>\n<meta name=\"twitter:label1\" content=\"Szacowany czas czytania\" \/>\n\t<meta name=\"twitter:data1\" content=\"2 minuty\" \/>\n<script type=\"application\/ld+json\" class=\"yoast-schema-graph\">{\"@context\":\"https:\\\/\\\/schema.org\",\"@graph\":[{\"@type\":\"WebPage\",\"@id\":\"https:\\\/\\\/exoticchemicals.com\\\/product\\\/psilocybe-buy-z-strain-cubensis\\\/\",\"url\":\"https:\\\/\\\/exoticchemicals.com\\\/product\\\/psilocybe-buy-z-strain-cubensis\\\/\",\"name\":\"Psilocybe: Buy Z-Strain Cubensis -\",\"isPartOf\":{\"@id\":\"https:\\\/\\\/exoticchemicals.com\\\/#website\"},\"primaryImageOfPage\":{\"@id\":\"https:\\\/\\\/exoticchemicals.com\\\/product\\\/psilocybe-buy-z-strain-cubensis\\\/#primaryimage\"},\"image\":{\"@id\":\"https:\\\/\\\/exoticchemicals.com\\\/product\\\/psilocybe-buy-z-strain-cubensis\\\/#primaryimage\"},\"thumbnailUrl\":\"https:\\\/\\\/exoticchemicals.com\\\/wp-content\\\/uploads\\\/2025\\\/02\\\/z-strain-1-scaled-465x465-1-jpg.webp\",\"datePublished\":\"2025-02-06T21:27:37+00:00\",\"dateModified\":\"2026-04-08T07:41:46+00:00\",\"breadcrumb\":{\"@id\":\"https:\\\/\\\/exoticchemicals.com\\\/product\\\/psilocybe-buy-z-strain-cubensis\\\/#breadcrumb\"},\"inLanguage\":\"pl-PL\",\"potentialAction\":[{\"@type\":\"ReadAction\",\"target\":[\"https:\\\/\\\/exoticchemicals.com\\\/product\\\/psilocybe-buy-z-strain-cubensis\\\/\"]}]},{\"@type\":\"ImageObject\",\"inLanguage\":\"pl-PL\",\"@id\":\"https:\\\/\\\/exoticchemicals.com\\\/product\\\/psilocybe-buy-z-strain-cubensis\\\/#primaryimage\",\"url\":\"https:\\\/\\\/exoticchemicals.com\\\/wp-content\\\/uploads\\\/2025\\\/02\\\/z-strain-1-scaled-465x465-1-jpg.webp\",\"contentUrl\":\"https:\\\/\\\/exoticchemicals.com\\\/wp-content\\\/uploads\\\/2025\\\/02\\\/z-strain-1-scaled-465x465-1-jpg.webp\",\"width\":465,\"height\":465},{\"@type\":\"BreadcrumbList\",\"@id\":\"https:\\\/\\\/exoticchemicals.com\\\/product\\\/psilocybe-buy-z-strain-cubensis\\\/#breadcrumb\",\"itemListElement\":[{\"@type\":\"ListItem\",\"position\":1,\"name\":\"Home\",\"item\":\"https:\\\/\\\/exoticchemicals.com\\\/\"},{\"@type\":\"ListItem\",\"position\":2,\"name\":\"Shop\",\"item\":\"https:\\\/\\\/exoticchemicals.com\\\/shop\\\/\"},{\"@type\":\"ListItem\",\"position\":3,\"name\":\"Psilocybe: Buy Z-Strain Cubensis\"}]},{\"@type\":\"WebSite\",\"@id\":\"https:\\\/\\\/exoticchemicals.com\\\/#website\",\"url\":\"https:\\\/\\\/exoticchemicals.com\\\/\",\"name\":\"exotic chemicals\",\"description\":\"Buy MDPHP Hydrochloride\",\"publisher\":{\"@id\":\"https:\\\/\\\/exoticchemicals.com\\\/#\\\/schema\\\/person\\\/07ad08472b6f5b213792451a32dbe8c7\"},\"potentialAction\":[{\"@type\":\"SearchAction\",\"target\":{\"@type\":\"EntryPoint\",\"urlTemplate\":\"https:\\\/\\\/exoticchemicals.com\\\/?s={search_term_string}\"},\"query-input\":{\"@type\":\"PropertyValueSpecification\",\"valueRequired\":true,\"valueName\":\"search_term_string\"}}],\"inLanguage\":\"pl-PL\"},{\"@type\":[\"Person\",\"Organization\"],\"@id\":\"https:\\\/\\\/exoticchemicals.com\\\/#\\\/schema\\\/person\\\/07ad08472b6f5b213792451a32dbe8c7\",\"name\":\"wwalkershop@gmail.com\",\"image\":{\"@type\":\"ImageObject\",\"inLanguage\":\"pl-PL\",\"@id\":\"https:\\\/\\\/exoticchemicals.com\\\/wp-content\\\/uploads\\\/2025\\\/02\\\/pure-3-1-1.png\",\"url\":\"https:\\\/\\\/exoticchemicals.com\\\/wp-content\\\/uploads\\\/2025\\\/02\\\/pure-3-1-1.png\",\"contentUrl\":\"https:\\\/\\\/exoticchemicals.com\\\/wp-content\\\/uploads\\\/2025\\\/02\\\/pure-3-1-1.png\",\"width\":500,\"height\":500,\"caption\":\"wwalkershop@gmail.com\"},\"logo\":{\"@id\":\"https:\\\/\\\/exoticchemicals.com\\\/wp-content\\\/uploads\\\/2025\\\/02\\\/pure-3-1-1.png\"},\"sameAs\":[\"http:\\\/\\\/exoticchemicals.com\"]}]}<\/script>\n<!-- \/ Yoast SEO plugin. -->","yoast_head_json":{"title":"Psilocybe: Buy Z-Strain Cubensis -","robots":{"index":"index","follow":"follow","max-snippet":"max-snippet:-1","max-image-preview":"max-image-preview:large","max-video-preview":"max-video-preview:-1"},"canonical":"https:\/\/exoticchemicals.com\/pl\/product\/psilocybe-buy-z-strain-cubensis\/","og_locale":"pl_PL","og_type":"article","og_title":"Psilocybe: Buy Z-Strain Cubensis -","og_description":"Buy Z-Strain Z-Strain magic mushroom is one of the most popular strains on the market. It is a potent strain of Psilocybe Cubensis that promotes energy and creativity. At higher concentrations users will experience animation of organic shapes, opaque walls, and a vibrant detraction of colours. Try this awesome strain out today &nbsp; &nbsp; 14 GRAMS","og_url":"https:\/\/exoticchemicals.com\/pl\/product\/psilocybe-buy-z-strain-cubensis\/","article_modified_time":"2026-04-08T07:41:46+00:00","og_image":[{"width":465,"height":465,"url":"https:\/\/exoticchemicals.com\/wp-content\/uploads\/2025\/02\/z-strain-1-scaled-465x465-1-jpg.webp","type":"image\/webp"}],"twitter_card":"summary_large_image","twitter_misc":{"Szacowany czas czytania":"2 minuty"},"schema":{"@context":"https:\/\/schema.org","@graph":[{"@type":"WebPage","@id":"https:\/\/exoticchemicals.com\/product\/psilocybe-buy-z-strain-cubensis\/","url":"https:\/\/exoticchemicals.com\/product\/psilocybe-buy-z-strain-cubensis\/","name":"Psilocybe: Buy Z-Strain Cubensis -","isPartOf":{"@id":"https:\/\/exoticchemicals.com\/#website"},"primaryImageOfPage":{"@id":"https:\/\/exoticchemicals.com\/product\/psilocybe-buy-z-strain-cubensis\/#primaryimage"},"image":{"@id":"https:\/\/exoticchemicals.com\/product\/psilocybe-buy-z-strain-cubensis\/#primaryimage"},"thumbnailUrl":"https:\/\/exoticchemicals.com\/wp-content\/uploads\/2025\/02\/z-strain-1-scaled-465x465-1-jpg.webp","datePublished":"2025-02-06T21:27:37+00:00","dateModified":"2026-04-08T07:41:46+00:00","breadcrumb":{"@id":"https:\/\/exoticchemicals.com\/product\/psilocybe-buy-z-strain-cubensis\/#breadcrumb"},"inLanguage":"pl-PL","potentialAction":[{"@type":"ReadAction","target":["https:\/\/exoticchemicals.com\/product\/psilocybe-buy-z-strain-cubensis\/"]}]},{"@type":"ImageObject","inLanguage":"pl-PL","@id":"https:\/\/exoticchemicals.com\/product\/psilocybe-buy-z-strain-cubensis\/#primaryimage","url":"https:\/\/exoticchemicals.com\/wp-content\/uploads\/2025\/02\/z-strain-1-scaled-465x465-1-jpg.webp","contentUrl":"https:\/\/exoticchemicals.com\/wp-content\/uploads\/2025\/02\/z-strain-1-scaled-465x465-1-jpg.webp","width":465,"height":465},{"@type":"BreadcrumbList","@id":"https:\/\/exoticchemicals.com\/product\/psilocybe-buy-z-strain-cubensis\/#breadcrumb","itemListElement":[{"@type":"ListItem","position":1,"name":"Home","item":"https:\/\/exoticchemicals.com\/"},{"@type":"ListItem","position":2,"name":"Shop","item":"https:\/\/exoticchemicals.com\/shop\/"},{"@type":"ListItem","position":3,"name":"Psilocybe: Buy Z-Strain Cubensis"}]},{"@type":"WebSite","@id":"https:\/\/exoticchemicals.com\/#website","url":"https:\/\/exoticchemicals.com\/","name":"egzotyczne chemikalia","description":"Kup chlorowodorek MDPHP","publisher":{"@id":"https:\/\/exoticchemicals.com\/#\/schema\/person\/07ad08472b6f5b213792451a32dbe8c7"},"potentialAction":[{"@type":"SearchAction","target":{"@type":"EntryPoint","urlTemplate":"https:\/\/exoticchemicals.com\/?s={search_term_string}"},"query-input":{"@type":"PropertyValueSpecification","valueRequired":true,"valueName":"search_term_string"}}],"inLanguage":"pl-PL"},{"@type":["Person","Organization"],"@id":"https:\/\/exoticchemicals.com\/#\/schema\/person\/07ad08472b6f5b213792451a32dbe8c7","name":"wwalkershop@gmail.com","image":{"@type":"ImageObject","inLanguage":"pl-PL","@id":"https:\/\/exoticchemicals.com\/wp-content\/uploads\/2025\/02\/pure-3-1-1.png","url":"https:\/\/exoticchemicals.com\/wp-content\/uploads\/2025\/02\/pure-3-1-1.png","contentUrl":"https:\/\/exoticchemicals.com\/wp-content\/uploads\/2025\/02\/pure-3-1-1.png","width":500,"height":500,"caption":"wwalkershop@gmail.com"},"logo":{"@id":"https:\/\/exoticchemicals.com\/wp-content\/uploads\/2025\/02\/pure-3-1-1.png"},"sameAs":["http:\/\/exoticchemicals.com"]}]}},"uagb_featured_image_src":{"full":["https:\/\/exoticchemicals.com\/wp-content\/uploads\/2025\/02\/z-strain-1-scaled-465x465-1-jpg.webp",465,465,false],"thumbnail":["https:\/\/exoticchemicals.com\/wp-content\/uploads\/2025\/02\/z-strain-1-scaled-465x465-1-jpg-150x150.webp",150,150,true],"medium":["https:\/\/exoticchemicals.com\/wp-content\/uploads\/2025\/02\/z-strain-1-scaled-465x465-1-jpg-300x300.webp",300,300,true],"medium_large":["https:\/\/exoticchemicals.com\/wp-content\/uploads\/2025\/02\/z-strain-1-scaled-465x465-1-jpg.webp",465,465,false],"large":["https:\/\/exoticchemicals.com\/wp-content\/uploads\/2025\/02\/z-strain-1-scaled-465x465-1-jpg.webp",465,465,false],"1536x1536":["https:\/\/exoticchemicals.com\/wp-content\/uploads\/2025\/02\/z-strain-1-scaled-465x465-1-jpg.webp",465,465,false],"2048x2048":["https:\/\/exoticchemicals.com\/wp-content\/uploads\/2025\/02\/z-strain-1-scaled-465x465-1-jpg.webp",465,465,false],"trp-custom-language-flag":["https:\/\/exoticchemicals.com\/wp-content\/uploads\/2025\/02\/z-strain-1-scaled-465x465-1-jpg.webp",12,12,false],"woocommerce_thumbnail":["https:\/\/exoticchemicals.com\/wp-content\/uploads\/2025\/02\/z-strain-1-scaled-465x465-1-jpg-300x300.webp",300,300,true],"woocommerce_single":["https:\/\/exoticchemicals.com\/wp-content\/uploads\/2025\/02\/z-strain-1-scaled-465x465-1-jpg.webp",465,465,false],"woocommerce_gallery_thumbnail":["https:\/\/exoticchemicals.com\/wp-content\/uploads\/2025\/02\/z-strain-1-scaled-465x465-1-jpg-100x100.webp",100,100,true]},"uagb_author_info":{"display_name":"bossman","author_link":"https:\/\/exoticchemicals.com\/pl\/author\/"},"uagb_comment_info":5,"uagb_excerpt":"Buy Z-Strain Z-Strain magic mushroom is one of the most popular strains on the market. It is a potent strain of Psilocybe Cubensis that promotes energy and creativity. At higher concentrations users will experience animation of organic shapes, opaque walls, and a vibrant detraction of colours. Try this awesome strain out today &nbsp; &nbsp; 14&hellip;","_links":{"self":[{"href":"https:\/\/exoticchemicals.com\/pl\/wp-json\/wp\/v2\/product\/3834","targetHints":{"allow":["GET"]}}],"collection":[{"href":"https:\/\/exoticchemicals.com\/pl\/wp-json\/wp\/v2\/product"}],"about":[{"href":"https:\/\/exoticchemicals.com\/pl\/wp-json\/wp\/v2\/types\/product"}],"replies":[{"embeddable":true,"href":"https:\/\/exoticchemicals.com\/pl\/wp-json\/wp\/v2\/comments?post=3834"}],"wp:featuredmedia":[{"embeddable":true,"href":"https:\/\/exoticchemicals.com\/pl\/wp-json\/wp\/v2\/media\/3885"}],"wp:attachment":[{"href":"https:\/\/exoticchemicals.com\/pl\/wp-json\/wp\/v2\/media?parent=3834"}],"wp:term":[{"taxonomy":"product_brand","embeddable":true,"href":"https:\/\/exoticchemicals.com\/pl\/wp-json\/wp\/v2\/product_brand?post=3834"},{"taxonomy":"product_cat","embeddable":true,"href":"https:\/\/exoticchemicals.com\/pl\/wp-json\/wp\/v2\/product_cat?post=3834"},{"taxonomy":"product_tag","embeddable":true,"href":"https:\/\/exoticchemicals.com\/pl\/wp-json\/wp\/v2\/product_tag?post=3834"}],"curies":[{"name":"wp","href":"https:\/\/api.w.org\/{rel}","templated":true}]}}