{"id":3839,"date":"2025-02-06T21:27:37","date_gmt":"2025-02-06T21:27:37","guid":{"rendered":"https:\/\/exoticchemicals.com\/?post_type=product&#038;p=3839"},"modified":"2026-04-14T21:31:35","modified_gmt":"2026-04-14T21:31:35","slug":"psilocybe-buy-b-cubensis","status":"publish","type":"product","link":"https:\/\/exoticchemicals.com\/pl\/product\/psilocybe-buy-b-cubensis\/","title":{"rendered":"Psilocybe: Buy B+ Cubensis"},"content":{"rendered":"<h1>Buy B+ Cubensis USA<\/h1>\n<p><strong>Buy B + Magic Mushroom<\/strong><\/p>\n<p><a href=\"https:\/\/isochemi.com\/product\/psilocybe-buy-b-cubensis\/\">B+ Magic Mushrooms<\/a> are known to have one of the widest caps within the psilocybe cubensis family. This strain is also well known for its positive reviews, it is known to give one of the warmest visual and spiritual trips. It is an all-around and versatile mushroom. Recommended for beginners and experience psychonauts alike.<\/p>\n<p>B+ Magic Mushrooms are one of the most popular and well known Psilocybe Cubensis to date.\u00a0 <a href=\"https:\/\/isochemi.com\/product\/psilocybe-buy-b-cubensis\/\"><strong>Buy B + Magic Mushroom <\/strong><\/a>It is a popular strain for first-time trippers and beginner mycologists. It is the best selling strain since the 90\u2019s. This strain was first discovered in Florida by a cultivator named Mr. G who wanted a develop a strain of Magic Mushroom for enhancing one\u2019s mood and feel excitement and euphoria.<\/p>\n<p>Zalecenia dotycz\u0105ce dawkowania:<\/p>\n<p><a href=\"https:\/\/isochemi.com\/product\/buy-xanax-online\/\">Creative dose:<\/a> 0.5 Grams to 1.25 Gram<\/p>\n<p>\u015arednia dawka rekreacyjna: od 1,5 grama do 2 gram\u00f3w<\/p>\n<p>Pe\u0142na dawka rekreacyjna: od 2 gram\u00f3w do 3,5 grama<\/p>\n<p>!!Caution!! Do not mix <a href=\"http:\/\/mushroomcoffee.us\">magic mushroom products<\/a> with alcohol or other anti-depression medication (SSRI) as it dulls the experience or blocks it completely.<\/p>\n<p>Produkt nale\u017cy przechowywa\u0107 w temperaturze pokojowej w suchym miejscu, z dala od bezpo\u015bredniego \u015bwiat\u0142a s\u0142onecznego. Przechowywa\u0107 w miejscu niedost\u0119pnym dla dzieci i zwierz\u0105t domowych.<\/p>","protected":false},"excerpt":{"rendered":"<h2>Buy B+ Cubensis<\/h2>\n<p>&nbsp;<\/p>\n<p>B+ Magic Mushrooms are one of the most popular and well known Psilocybe cubensis. It is a popular strain for first-time trippers and beginner mycologists. The B+ magic mushrooms is the best-selling strain since the 90\u2019s. Experienced shroomers have titled this gift of nature as a versatile cubensis: great for all situations and occasions. Although they do caution to go slowly until you have an idea how they affect your mind and bodily experience.<\/p>\n<p>&nbsp;<\/p>\n<h2>14 GRAM\u00d3W<\/h2>\n<p>The B+ strain is known to give one of the warmest visual and spiritual trips. It generates some of the most positive feedback among the Shroom community.<\/p>","protected":false},"featured_media":3889,"comment_status":"open","ping_status":"closed","template":"","meta":{"_uag_custom_page_level_css":"","site-sidebar-layout":"default","site-content-layout":"","ast-site-content-layout":"default","site-content-style":"default","site-sidebar-style":"default","ast-global-header-display":"","ast-banner-title-visibility":"","ast-main-header-display":"","ast-hfb-above-header-display":"","ast-hfb-below-header-display":"","ast-hfb-mobile-header-display":"","site-post-title":"","ast-breadcrumbs-content":"","ast-featured-img":"","footer-sml-layout":"","ast-disable-related-posts":"","theme-transparent-header-meta":"","adv-header-id-meta":"","stick-header-meta":"","header-above-stick-meta":"","header-main-stick-meta":"","header-below-stick-meta":"","astra-migrate-meta-layouts":"default","ast-page-background-enabled":"default","ast-page-background-meta":{"desktop":{"background-color":"","background-image":"","background-repeat":"repeat","background-position":"center center","background-size":"auto","background-attachment":"scroll","background-type":"","background-media":"","overlay-type":"","overlay-color":"","overlay-opacity":"","overlay-gradient":""},"tablet":{"background-color":"","background-image":"","background-repeat":"repeat","background-position":"center center","background-size":"auto","background-attachment":"scroll","background-type":"","background-media":"","overlay-type":"","overlay-color":"","overlay-opacity":"","overlay-gradient":""},"mobile":{"background-color":"","background-image":"","background-repeat":"repeat","background-position":"center center","background-size":"auto","background-attachment":"scroll","background-type":"","background-media":"","overlay-type":"","overlay-color":"","overlay-opacity":"","overlay-gradient":""}},"ast-content-background-meta":{"desktop":{"background-color":"var(--ast-global-color-5)","background-image":"","background-repeat":"repeat","background-position":"center center","background-size":"auto","background-attachment":"scroll","background-type":"","background-media":"","overlay-type":"","overlay-color":"","overlay-opacity":"","overlay-gradient":""},"tablet":{"background-color":"var(--ast-global-color-5)","background-image":"","background-repeat":"repeat","background-position":"center center","background-size":"auto","background-attachment":"scroll","background-type":"","background-media":"","overlay-type":"","overlay-color":"","overlay-opacity":"","overlay-gradient":""},"mobile":{"background-color":"var(--ast-global-color-5)","background-image":"","background-repeat":"repeat","background-position":"center center","background-size":"auto","background-attachment":"scroll","background-type":"","background-media":"","overlay-type":"","overlay-color":"","overlay-opacity":"","overlay-gradient":""}}},"product_brand":[],"product_cat":[2198],"product_tag":[2273,2213,2199,2200,2201,2202,2203,2214,2215,2204,2205,2206,2207,2208,2216,2209,2210,2211,2212,2217],"class_list":{"0":"post-3839","1":"product","2":"type-product","3":"status-publish","4":"has-post-thumbnail","6":"product_cat-secure-mdphp-hydrochloride-purchase-shrooms","7":"product_tag-buy-b-magic-mushroom","8":"product_tag-buy-psychedelic-mushroom-in-australia","9":"product_tag-buy-psychedelic-mushroom-spores-canada","10":"product_tag-buy-psychedelic-mushrooms-uk","11":"product_tag-buy-psychedelics-mushrooms","12":"product_tag-can-you-buy-psychedelic-mushroom-seeds-online","13":"product_tag-can-you-buy-psychedelics-mushrooms-in-usa","14":"product_tag-how-much-are-mushrooms-psychedelic","15":"product_tag-how-to-get-psychedelics-mushrooms","16":"product_tag-mushrooms-for-sale","17":"product_tag-mushrooms-psychedelic-buy","18":"product_tag-mushrooms-psychedelic-buy-online-usa","19":"product_tag-psychedelic-drugs","20":"product_tag-psychedelic-mushroom-kit-ship-to-kuwait-buy","21":"product_tag-psychedelic-mushrooms-for-sale-near-me","22":"product_tag-where-can-i-buy-psychedelics-mushrooms-in-usa","23":"product_tag-where-to-buy-mushrooms-psychedelic","24":"product_tag-where-to-buy-psychedelic-mushroom-spores","25":"product_tag-where-to-buy-psychedelics-mushrooms","26":"product_tag-where-to-find-psychedelics-mushrooms-uk","27":"desktop-align-left","28":"tablet-align-left","29":"mobile-align-left","31":"first","32":"instock","33":"shipping-taxable","34":"purchasable","35":"product-type-simple"},"yoast_head":"<!-- This site is optimized with the Yoast SEO plugin v27.5 - https:\/\/yoast.com\/product\/yoast-seo-wordpress\/ -->\n<title>Psilocybe: Buy B+ Cubensis -<\/title>\n<meta name=\"robots\" content=\"index, follow, max-snippet:-1, max-image-preview:large, max-video-preview:-1\" \/>\n<link rel=\"canonical\" href=\"https:\/\/exoticchemicals.com\/pl\/product\/psilocybe-buy-b-cubensis\/\" \/>\n<meta property=\"og:locale\" content=\"pl_PL\" \/>\n<meta property=\"og:type\" content=\"article\" \/>\n<meta property=\"og:title\" content=\"Psilocybe: Buy B+ Cubensis -\" \/>\n<meta property=\"og:description\" content=\"Buy B+ Cubensis &nbsp; B+ Magic Mushrooms are one of the most popular and well known Psilocybe cubensis. It is a popular strain for first-time trippers and beginner mycologists. The B+ magic mushrooms is the best-selling strain since the 90\u2019s. Experienced shroomers have titled this gift of nature as a versatile cubensis: great for all situations and occasions. Although they do caution to go slowly until you have an idea how they affect your mind and bodily experience. &nbsp; 14 GRAMS The B+ strain is known to give one of the warmest visual and spiritual trips. It generates some of the most positive feedback among the Shroom community.\" \/>\n<meta property=\"og:url\" content=\"https:\/\/exoticchemicals.com\/pl\/product\/psilocybe-buy-b-cubensis\/\" \/>\n<meta property=\"article:modified_time\" content=\"2026-04-14T21:31:35+00:00\" \/>\n<meta property=\"og:image\" content=\"https:\/\/exoticchemicals.com\/wp-content\/uploads\/2025\/02\/B-Cubensis-scaled-465x465-1.jpg\" \/>\n\t<meta property=\"og:image:width\" content=\"465\" \/>\n\t<meta property=\"og:image:height\" content=\"465\" \/>\n\t<meta property=\"og:image:type\" content=\"image\/jpeg\" \/>\n<meta name=\"twitter:card\" content=\"summary_large_image\" \/>\n<meta name=\"twitter:label1\" content=\"Szacowany czas czytania\" \/>\n\t<meta name=\"twitter:data1\" content=\"1 minuta\" \/>\n<script type=\"application\/ld+json\" class=\"yoast-schema-graph\">{\"@context\":\"https:\\\/\\\/schema.org\",\"@graph\":[{\"@type\":\"WebPage\",\"@id\":\"https:\\\/\\\/exoticchemicals.com\\\/product\\\/psilocybe-buy-b-cubensis\\\/\",\"url\":\"https:\\\/\\\/exoticchemicals.com\\\/product\\\/psilocybe-buy-b-cubensis\\\/\",\"name\":\"Psilocybe: Buy B+ Cubensis -\",\"isPartOf\":{\"@id\":\"https:\\\/\\\/exoticchemicals.com\\\/#website\"},\"primaryImageOfPage\":{\"@id\":\"https:\\\/\\\/exoticchemicals.com\\\/product\\\/psilocybe-buy-b-cubensis\\\/#primaryimage\"},\"image\":{\"@id\":\"https:\\\/\\\/exoticchemicals.com\\\/product\\\/psilocybe-buy-b-cubensis\\\/#primaryimage\"},\"thumbnailUrl\":\"https:\\\/\\\/exoticchemicals.com\\\/wp-content\\\/uploads\\\/2025\\\/02\\\/B-Cubensis-scaled-465x465-1.jpg\",\"datePublished\":\"2025-02-06T21:27:37+00:00\",\"dateModified\":\"2026-04-14T21:31:35+00:00\",\"breadcrumb\":{\"@id\":\"https:\\\/\\\/exoticchemicals.com\\\/product\\\/psilocybe-buy-b-cubensis\\\/#breadcrumb\"},\"inLanguage\":\"pl-PL\",\"potentialAction\":[{\"@type\":\"ReadAction\",\"target\":[\"https:\\\/\\\/exoticchemicals.com\\\/product\\\/psilocybe-buy-b-cubensis\\\/\"]}]},{\"@type\":\"ImageObject\",\"inLanguage\":\"pl-PL\",\"@id\":\"https:\\\/\\\/exoticchemicals.com\\\/product\\\/psilocybe-buy-b-cubensis\\\/#primaryimage\",\"url\":\"https:\\\/\\\/exoticchemicals.com\\\/wp-content\\\/uploads\\\/2025\\\/02\\\/B-Cubensis-scaled-465x465-1.jpg\",\"contentUrl\":\"https:\\\/\\\/exoticchemicals.com\\\/wp-content\\\/uploads\\\/2025\\\/02\\\/B-Cubensis-scaled-465x465-1.jpg\",\"width\":465,\"height\":465},{\"@type\":\"BreadcrumbList\",\"@id\":\"https:\\\/\\\/exoticchemicals.com\\\/product\\\/psilocybe-buy-b-cubensis\\\/#breadcrumb\",\"itemListElement\":[{\"@type\":\"ListItem\",\"position\":1,\"name\":\"Home\",\"item\":\"https:\\\/\\\/exoticchemicals.com\\\/\"},{\"@type\":\"ListItem\",\"position\":2,\"name\":\"Shop\",\"item\":\"https:\\\/\\\/exoticchemicals.com\\\/shop\\\/\"},{\"@type\":\"ListItem\",\"position\":3,\"name\":\"Psilocybe: Buy B+ Cubensis\"}]},{\"@type\":\"WebSite\",\"@id\":\"https:\\\/\\\/exoticchemicals.com\\\/#website\",\"url\":\"https:\\\/\\\/exoticchemicals.com\\\/\",\"name\":\"exotic chemicals\",\"description\":\"Buy MDPHP Hydrochloride\",\"publisher\":{\"@id\":\"https:\\\/\\\/exoticchemicals.com\\\/#\\\/schema\\\/person\\\/07ad08472b6f5b213792451a32dbe8c7\"},\"potentialAction\":[{\"@type\":\"SearchAction\",\"target\":{\"@type\":\"EntryPoint\",\"urlTemplate\":\"https:\\\/\\\/exoticchemicals.com\\\/?s={search_term_string}\"},\"query-input\":{\"@type\":\"PropertyValueSpecification\",\"valueRequired\":true,\"valueName\":\"search_term_string\"}}],\"inLanguage\":\"pl-PL\"},{\"@type\":[\"Person\",\"Organization\"],\"@id\":\"https:\\\/\\\/exoticchemicals.com\\\/#\\\/schema\\\/person\\\/07ad08472b6f5b213792451a32dbe8c7\",\"name\":\"wwalkershop@gmail.com\",\"image\":{\"@type\":\"ImageObject\",\"inLanguage\":\"pl-PL\",\"@id\":\"https:\\\/\\\/exoticchemicals.com\\\/wp-content\\\/uploads\\\/2025\\\/02\\\/pure-3-1-1.png\",\"url\":\"https:\\\/\\\/exoticchemicals.com\\\/wp-content\\\/uploads\\\/2025\\\/02\\\/pure-3-1-1.png\",\"contentUrl\":\"https:\\\/\\\/exoticchemicals.com\\\/wp-content\\\/uploads\\\/2025\\\/02\\\/pure-3-1-1.png\",\"width\":500,\"height\":500,\"caption\":\"wwalkershop@gmail.com\"},\"logo\":{\"@id\":\"https:\\\/\\\/exoticchemicals.com\\\/wp-content\\\/uploads\\\/2025\\\/02\\\/pure-3-1-1.png\"},\"sameAs\":[\"http:\\\/\\\/exoticchemicals.com\"]}]}<\/script>\n<!-- \/ Yoast SEO plugin. -->","yoast_head_json":{"title":"Psilocybe: Buy B+ Cubensis -","robots":{"index":"index","follow":"follow","max-snippet":"max-snippet:-1","max-image-preview":"max-image-preview:large","max-video-preview":"max-video-preview:-1"},"canonical":"https:\/\/exoticchemicals.com\/pl\/product\/psilocybe-buy-b-cubensis\/","og_locale":"pl_PL","og_type":"article","og_title":"Psilocybe: Buy B+ Cubensis -","og_description":"Buy B+ Cubensis &nbsp; B+ Magic Mushrooms are one of the most popular and well known Psilocybe cubensis. It is a popular strain for first-time trippers and beginner mycologists. The B+ magic mushrooms is the best-selling strain since the 90\u2019s. Experienced shroomers have titled this gift of nature as a versatile cubensis: great for all situations and occasions. Although they do caution to go slowly until you have an idea how they affect your mind and bodily experience. &nbsp; 14 GRAMS The B+ strain is known to give one of the warmest visual and spiritual trips. It generates some of the most positive feedback among the Shroom community.","og_url":"https:\/\/exoticchemicals.com\/pl\/product\/psilocybe-buy-b-cubensis\/","article_modified_time":"2026-04-14T21:31:35+00:00","og_image":[{"width":465,"height":465,"url":"https:\/\/exoticchemicals.com\/wp-content\/uploads\/2025\/02\/B-Cubensis-scaled-465x465-1.jpg","type":"image\/jpeg"}],"twitter_card":"summary_large_image","twitter_misc":{"Szacowany czas czytania":"1 minuta"},"schema":{"@context":"https:\/\/schema.org","@graph":[{"@type":"WebPage","@id":"https:\/\/exoticchemicals.com\/product\/psilocybe-buy-b-cubensis\/","url":"https:\/\/exoticchemicals.com\/product\/psilocybe-buy-b-cubensis\/","name":"Psilocybe: Buy B+ Cubensis -","isPartOf":{"@id":"https:\/\/exoticchemicals.com\/#website"},"primaryImageOfPage":{"@id":"https:\/\/exoticchemicals.com\/product\/psilocybe-buy-b-cubensis\/#primaryimage"},"image":{"@id":"https:\/\/exoticchemicals.com\/product\/psilocybe-buy-b-cubensis\/#primaryimage"},"thumbnailUrl":"https:\/\/exoticchemicals.com\/wp-content\/uploads\/2025\/02\/B-Cubensis-scaled-465x465-1.jpg","datePublished":"2025-02-06T21:27:37+00:00","dateModified":"2026-04-14T21:31:35+00:00","breadcrumb":{"@id":"https:\/\/exoticchemicals.com\/product\/psilocybe-buy-b-cubensis\/#breadcrumb"},"inLanguage":"pl-PL","potentialAction":[{"@type":"ReadAction","target":["https:\/\/exoticchemicals.com\/product\/psilocybe-buy-b-cubensis\/"]}]},{"@type":"ImageObject","inLanguage":"pl-PL","@id":"https:\/\/exoticchemicals.com\/product\/psilocybe-buy-b-cubensis\/#primaryimage","url":"https:\/\/exoticchemicals.com\/wp-content\/uploads\/2025\/02\/B-Cubensis-scaled-465x465-1.jpg","contentUrl":"https:\/\/exoticchemicals.com\/wp-content\/uploads\/2025\/02\/B-Cubensis-scaled-465x465-1.jpg","width":465,"height":465},{"@type":"BreadcrumbList","@id":"https:\/\/exoticchemicals.com\/product\/psilocybe-buy-b-cubensis\/#breadcrumb","itemListElement":[{"@type":"ListItem","position":1,"name":"Home","item":"https:\/\/exoticchemicals.com\/"},{"@type":"ListItem","position":2,"name":"Shop","item":"https:\/\/exoticchemicals.com\/shop\/"},{"@type":"ListItem","position":3,"name":"Psilocybe: Buy B+ Cubensis"}]},{"@type":"WebSite","@id":"https:\/\/exoticchemicals.com\/#website","url":"https:\/\/exoticchemicals.com\/","name":"egzotyczne chemikalia","description":"Kup chlorowodorek MDPHP","publisher":{"@id":"https:\/\/exoticchemicals.com\/#\/schema\/person\/07ad08472b6f5b213792451a32dbe8c7"},"potentialAction":[{"@type":"SearchAction","target":{"@type":"EntryPoint","urlTemplate":"https:\/\/exoticchemicals.com\/?s={search_term_string}"},"query-input":{"@type":"PropertyValueSpecification","valueRequired":true,"valueName":"search_term_string"}}],"inLanguage":"pl-PL"},{"@type":["Person","Organization"],"@id":"https:\/\/exoticchemicals.com\/#\/schema\/person\/07ad08472b6f5b213792451a32dbe8c7","name":"wwalkershop@gmail.com","image":{"@type":"ImageObject","inLanguage":"pl-PL","@id":"https:\/\/exoticchemicals.com\/wp-content\/uploads\/2025\/02\/pure-3-1-1.png","url":"https:\/\/exoticchemicals.com\/wp-content\/uploads\/2025\/02\/pure-3-1-1.png","contentUrl":"https:\/\/exoticchemicals.com\/wp-content\/uploads\/2025\/02\/pure-3-1-1.png","width":500,"height":500,"caption":"wwalkershop@gmail.com"},"logo":{"@id":"https:\/\/exoticchemicals.com\/wp-content\/uploads\/2025\/02\/pure-3-1-1.png"},"sameAs":["http:\/\/exoticchemicals.com"]}]}},"uagb_featured_image_src":{"full":["https:\/\/exoticchemicals.com\/wp-content\/uploads\/2025\/02\/B-Cubensis-scaled-465x465-1.jpg",465,465,false],"thumbnail":["https:\/\/exoticchemicals.com\/wp-content\/uploads\/2025\/02\/B-Cubensis-scaled-465x465-1-150x150.jpg",150,150,true],"medium":["https:\/\/exoticchemicals.com\/wp-content\/uploads\/2025\/02\/B-Cubensis-scaled-465x465-1-300x300.jpg",300,300,true],"medium_large":["https:\/\/exoticchemicals.com\/wp-content\/uploads\/2025\/02\/B-Cubensis-scaled-465x465-1.jpg",465,465,false],"large":["https:\/\/exoticchemicals.com\/wp-content\/uploads\/2025\/02\/B-Cubensis-scaled-465x465-1.jpg",465,465,false],"1536x1536":["https:\/\/exoticchemicals.com\/wp-content\/uploads\/2025\/02\/B-Cubensis-scaled-465x465-1.jpg",465,465,false],"2048x2048":["https:\/\/exoticchemicals.com\/wp-content\/uploads\/2025\/02\/B-Cubensis-scaled-465x465-1.jpg",465,465,false],"trp-custom-language-flag":["https:\/\/exoticchemicals.com\/wp-content\/uploads\/2025\/02\/B-Cubensis-scaled-465x465-1.jpg",12,12,false],"woocommerce_thumbnail":["https:\/\/exoticchemicals.com\/wp-content\/uploads\/2025\/02\/B-Cubensis-scaled-465x465-1-300x300.jpg",300,300,true],"woocommerce_single":["https:\/\/exoticchemicals.com\/wp-content\/uploads\/2025\/02\/B-Cubensis-scaled-465x465-1.jpg",465,465,false],"woocommerce_gallery_thumbnail":["https:\/\/exoticchemicals.com\/wp-content\/uploads\/2025\/02\/B-Cubensis-scaled-465x465-1-100x100.jpg",100,100,true]},"uagb_author_info":{"display_name":"bossman","author_link":"https:\/\/exoticchemicals.com\/pl\/author\/"},"uagb_comment_info":6,"uagb_excerpt":"Buy B+ Cubensis &nbsp; B+ Magic Mushrooms are one of the most popular and well known Psilocybe cubensis. It is a popular strain for first-time trippers and beginner mycologists. The B+ magic mushrooms is the best-selling strain since the 90\u2019s. Experienced shroomers have titled this gift of nature as a versatile cubensis: great for all&hellip;","_links":{"self":[{"href":"https:\/\/exoticchemicals.com\/pl\/wp-json\/wp\/v2\/product\/3839","targetHints":{"allow":["GET"]}}],"collection":[{"href":"https:\/\/exoticchemicals.com\/pl\/wp-json\/wp\/v2\/product"}],"about":[{"href":"https:\/\/exoticchemicals.com\/pl\/wp-json\/wp\/v2\/types\/product"}],"replies":[{"embeddable":true,"href":"https:\/\/exoticchemicals.com\/pl\/wp-json\/wp\/v2\/comments?post=3839"}],"wp:featuredmedia":[{"embeddable":true,"href":"https:\/\/exoticchemicals.com\/pl\/wp-json\/wp\/v2\/media\/3889"}],"wp:attachment":[{"href":"https:\/\/exoticchemicals.com\/pl\/wp-json\/wp\/v2\/media?parent=3839"}],"wp:term":[{"taxonomy":"product_brand","embeddable":true,"href":"https:\/\/exoticchemicals.com\/pl\/wp-json\/wp\/v2\/product_brand?post=3839"},{"taxonomy":"product_cat","embeddable":true,"href":"https:\/\/exoticchemicals.com\/pl\/wp-json\/wp\/v2\/product_cat?post=3839"},{"taxonomy":"product_tag","embeddable":true,"href":"https:\/\/exoticchemicals.com\/pl\/wp-json\/wp\/v2\/product_tag?post=3839"}],"curies":[{"name":"wp","href":"https:\/\/api.w.org\/{rel}","templated":true}]}}