{"id":3879,"date":"2025-02-06T21:27:59","date_gmt":"2025-02-06T21:27:59","guid":{"rendered":"https:\/\/exoticchemicals.com\/?post_type=product&#038;p=3879"},"modified":"2026-04-12T22:22:33","modified_gmt":"2026-04-12T22:22:33","slug":"microdose-focus-2","status":"publish","type":"product","link":"https:\/\/exoticchemicals.com\/pl\/product\/microdose-focus-2\/","title":{"rendered":"Mikrodawki: Focus"},"content":{"rendered":"<p><strong>Sk\u0142adniki:<\/strong><\/p>\n<p><strong>Organic Psilocybe\/Psilocybin (150MG),\u00a0<\/strong><strong>Ginkgo Biloba,\u00a0<\/strong><strong>Choline bitartrate,\u00a0<\/strong><strong>Ginger Root Extract<\/strong><\/p>\n<p>Focus is a great Nootropic supplement when you are wanting to be active, take on a project at work or need to have a few assignments completed for school. This great blend works to enhance\u00a0<span class=\"ILfuVd\"><span class=\"e24Kjd\">clarity of thought, memory, alertness and reasoning.<\/span><\/span><\/p>\n<p>Ginkgo Biloba is known for boosting thinking, memory, and reasoning. It works by increasing your blood supply to your whole body, which affects your body\u2019s neurotransmitters. Choline bitartrate helps produce the neurotransmitter Acetylcholine. Your brain uses Acetylcholine to maintain clear communication between all the cells in your body. When we combine it all we get a synergistic effect.<\/p>\n<p>Because of the low concentration of magic mushroom, you will feel a bit of the psychedelic effects but not go into the full experience of tripping. If you need something stronger, take a look at our Microdose: Boost<\/p>\n<p><strong>Recommended Dose:<\/strong><br \/> 1-2 capsules depending on your body weight.<\/p>\n<p>Fadiman: 1 day on, 2 days off<\/p>\n<p>Uwaga!!! Nie nale\u017cy miesza\u0107 produkt\u00f3w z magicznych grzyb\u00f3w z alkoholem lub innymi lekami przeciwdepresyjnymi (SSRI), poniewa\u017c os\u0142abia to doznania lub ca\u0142kowicie je blokuje.<\/p>\n<p>Produkt nale\u017cy przechowywa\u0107 w temperaturze pokojowej w suchym miejscu, z dala od bezpo\u015bredniego \u015bwiat\u0142a s\u0142onecznego. Przechowywa\u0107 w miejscu niedost\u0119pnym dla dzieci i zwierz\u0105t domowych.<\/p>","protected":false},"excerpt":{"rendered":"<p>Foggy brained? Feeling like your right hand is not communicating with the left? Focus is the right Nootropic supplement to get your body and mind in sync. This tailored blend of Nootropic supplement and Psilocybin will help you maintain alertness, clarity, and even repair damaged brain cells from a rough night of drinking.<\/p>\n<p>Each capsule of Focus contains 150mg of Psilocybe (active ingredient Psilocybin)<\/p>","protected":false},"featured_media":2792,"comment_status":"open","ping_status":"closed","template":"","meta":{"_uag_custom_page_level_css":"","site-sidebar-layout":"default","site-content-layout":"","ast-site-content-layout":"","site-content-style":"default","site-sidebar-style":"default","ast-global-header-display":"","ast-banner-title-visibility":"","ast-main-header-display":"","ast-hfb-above-header-display":"","ast-hfb-below-header-display":"","ast-hfb-mobile-header-display":"","site-post-title":"","ast-breadcrumbs-content":"","ast-featured-img":"","footer-sml-layout":"","theme-transparent-header-meta":"","adv-header-id-meta":"","stick-header-meta":"","header-above-stick-meta":"","header-main-stick-meta":"","header-below-stick-meta":"","astra-migrate-meta-layouts":"default","ast-page-background-enabled":"default","ast-page-background-meta":{"desktop":{"background-color":"","background-image":"","background-repeat":"repeat","background-position":"center center","background-size":"auto","background-attachment":"scroll","background-type":"","background-media":"","overlay-type":"","overlay-color":"","overlay-opacity":"","overlay-gradient":""},"tablet":{"background-color":"","background-image":"","background-repeat":"repeat","background-position":"center center","background-size":"auto","background-attachment":"scroll","background-type":"","background-media":"","overlay-type":"","overlay-color":"","overlay-opacity":"","overlay-gradient":""},"mobile":{"background-color":"","background-image":"","background-repeat":"repeat","background-position":"center center","background-size":"auto","background-attachment":"scroll","background-type":"","background-media":"","overlay-type":"","overlay-color":"","overlay-opacity":"","overlay-gradient":""}},"ast-content-background-meta":{"desktop":{"background-color":"var(--ast-global-color-5)","background-image":"","background-repeat":"repeat","background-position":"center center","background-size":"auto","background-attachment":"scroll","background-type":"","background-media":"","overlay-type":"","overlay-color":"","overlay-opacity":"","overlay-gradient":""},"tablet":{"background-color":"var(--ast-global-color-5)","background-image":"","background-repeat":"repeat","background-position":"center center","background-size":"auto","background-attachment":"scroll","background-type":"","background-media":"","overlay-type":"","overlay-color":"","overlay-opacity":"","overlay-gradient":""},"mobile":{"background-color":"var(--ast-global-color-5)","background-image":"","background-repeat":"repeat","background-position":"center center","background-size":"auto","background-attachment":"scroll","background-type":"","background-media":"","overlay-type":"","overlay-color":"","overlay-opacity":"","overlay-gradient":""}}},"product_brand":[],"product_cat":[1168],"product_tag":[],"class_list":{"0":"post-3879","1":"product","2":"type-product","3":"status-publish","4":"has-post-thumbnail","6":"product_cat-order-micro-dose-mushrooms","7":"desktop-align-left","8":"tablet-align-left","9":"mobile-align-left","11":"first","12":"instock","13":"shipping-taxable","14":"purchasable","15":"product-type-variable"},"yoast_head":"<!-- This site is optimized with the Yoast SEO plugin v27.4 - https:\/\/yoast.com\/product\/yoast-seo-wordpress\/ -->\n<title>Microdose: Focus -<\/title>\n<meta name=\"robots\" content=\"index, follow, max-snippet:-1, max-image-preview:large, max-video-preview:-1\" \/>\n<link rel=\"canonical\" href=\"https:\/\/exoticchemicals.com\/pl\/product\/microdose-focus-2\/\" \/>\n<meta property=\"og:locale\" content=\"pl_PL\" \/>\n<meta property=\"og:type\" content=\"article\" \/>\n<meta property=\"og:title\" content=\"Microdose: Focus -\" \/>\n<meta property=\"og:description\" content=\"Foggy brained? Feeling like your right hand is not communicating with the left? Focus is the right Nootropic supplement to get your body and mind in sync. This tailored blend of Nootropic supplement and Psilocybin will help you maintain alertness, clarity, and even repair damaged brain cells from a rough night of drinking. Each capsule of Focus contains 150mg of Psilocybe (active ingredient Psilocybin)\" \/>\n<meta property=\"og:url\" content=\"https:\/\/exoticchemicals.com\/pl\/product\/microdose-focus-2\/\" \/>\n<meta property=\"article:modified_time\" content=\"2026-04-12T22:22:33+00:00\" \/>\n<meta property=\"og:image\" content=\"https:\/\/exoticchemicals.com\/wp-content\/uploads\/2025\/02\/Focus-1-scaled-465x465-1-jpg.webp\" \/>\n\t<meta property=\"og:image:width\" content=\"465\" \/>\n\t<meta property=\"og:image:height\" content=\"465\" \/>\n\t<meta property=\"og:image:type\" content=\"image\/webp\" \/>\n<meta name=\"twitter:card\" content=\"summary_large_image\" \/>\n<meta name=\"twitter:label1\" content=\"Szacowany czas czytania\" \/>\n\t<meta name=\"twitter:data1\" content=\"1 minuta\" \/>\n<script type=\"application\/ld+json\" class=\"yoast-schema-graph\">{\"@context\":\"https:\\\/\\\/schema.org\",\"@graph\":[{\"@type\":\"WebPage\",\"@id\":\"https:\\\/\\\/exoticchemicals.com\\\/product\\\/microdose-focus-2\\\/\",\"url\":\"https:\\\/\\\/exoticchemicals.com\\\/product\\\/microdose-focus-2\\\/\",\"name\":\"Microdose: Focus -\",\"isPartOf\":{\"@id\":\"https:\\\/\\\/exoticchemicals.com\\\/#website\"},\"primaryImageOfPage\":{\"@id\":\"https:\\\/\\\/exoticchemicals.com\\\/product\\\/microdose-focus-2\\\/#primaryimage\"},\"image\":{\"@id\":\"https:\\\/\\\/exoticchemicals.com\\\/product\\\/microdose-focus-2\\\/#primaryimage\"},\"thumbnailUrl\":\"https:\\\/\\\/exoticchemicals.com\\\/wp-content\\\/uploads\\\/2025\\\/02\\\/Focus-1-scaled-465x465-1-jpg.webp\",\"datePublished\":\"2025-02-06T21:27:59+00:00\",\"dateModified\":\"2026-04-12T22:22:33+00:00\",\"breadcrumb\":{\"@id\":\"https:\\\/\\\/exoticchemicals.com\\\/product\\\/microdose-focus-2\\\/#breadcrumb\"},\"inLanguage\":\"pl-PL\",\"potentialAction\":[{\"@type\":\"ReadAction\",\"target\":[\"https:\\\/\\\/exoticchemicals.com\\\/product\\\/microdose-focus-2\\\/\"]}]},{\"@type\":\"ImageObject\",\"inLanguage\":\"pl-PL\",\"@id\":\"https:\\\/\\\/exoticchemicals.com\\\/product\\\/microdose-focus-2\\\/#primaryimage\",\"url\":\"https:\\\/\\\/exoticchemicals.com\\\/wp-content\\\/uploads\\\/2025\\\/02\\\/Focus-1-scaled-465x465-1-jpg.webp\",\"contentUrl\":\"https:\\\/\\\/exoticchemicals.com\\\/wp-content\\\/uploads\\\/2025\\\/02\\\/Focus-1-scaled-465x465-1-jpg.webp\",\"width\":465,\"height\":465},{\"@type\":\"BreadcrumbList\",\"@id\":\"https:\\\/\\\/exoticchemicals.com\\\/product\\\/microdose-focus-2\\\/#breadcrumb\",\"itemListElement\":[{\"@type\":\"ListItem\",\"position\":1,\"name\":\"Home\",\"item\":\"https:\\\/\\\/exoticchemicals.com\\\/\"},{\"@type\":\"ListItem\",\"position\":2,\"name\":\"Shop\",\"item\":\"https:\\\/\\\/exoticchemicals.com\\\/shop\\\/\"},{\"@type\":\"ListItem\",\"position\":3,\"name\":\"Microdose: Focus\"}]},{\"@type\":\"WebSite\",\"@id\":\"https:\\\/\\\/exoticchemicals.com\\\/#website\",\"url\":\"https:\\\/\\\/exoticchemicals.com\\\/\",\"name\":\"exotic chemicals\",\"description\":\"Buy MDPHP Hydrochloride\",\"publisher\":{\"@id\":\"https:\\\/\\\/exoticchemicals.com\\\/#\\\/schema\\\/person\\\/07ad08472b6f5b213792451a32dbe8c7\"},\"potentialAction\":[{\"@type\":\"SearchAction\",\"target\":{\"@type\":\"EntryPoint\",\"urlTemplate\":\"https:\\\/\\\/exoticchemicals.com\\\/?s={search_term_string}\"},\"query-input\":{\"@type\":\"PropertyValueSpecification\",\"valueRequired\":true,\"valueName\":\"search_term_string\"}}],\"inLanguage\":\"pl-PL\"},{\"@type\":[\"Person\",\"Organization\"],\"@id\":\"https:\\\/\\\/exoticchemicals.com\\\/#\\\/schema\\\/person\\\/07ad08472b6f5b213792451a32dbe8c7\",\"name\":\"wwalkershop@gmail.com\",\"image\":{\"@type\":\"ImageObject\",\"inLanguage\":\"pl-PL\",\"@id\":\"https:\\\/\\\/exoticchemicals.com\\\/wp-content\\\/uploads\\\/2025\\\/02\\\/pure-3-1-1.png\",\"url\":\"https:\\\/\\\/exoticchemicals.com\\\/wp-content\\\/uploads\\\/2025\\\/02\\\/pure-3-1-1.png\",\"contentUrl\":\"https:\\\/\\\/exoticchemicals.com\\\/wp-content\\\/uploads\\\/2025\\\/02\\\/pure-3-1-1.png\",\"width\":500,\"height\":500,\"caption\":\"wwalkershop@gmail.com\"},\"logo\":{\"@id\":\"https:\\\/\\\/exoticchemicals.com\\\/wp-content\\\/uploads\\\/2025\\\/02\\\/pure-3-1-1.png\"},\"sameAs\":[\"http:\\\/\\\/exoticchemicals.com\"]}]}<\/script>\n<!-- \/ Yoast SEO plugin. -->","yoast_head_json":{"title":"Microdose: Focus -","robots":{"index":"index","follow":"follow","max-snippet":"max-snippet:-1","max-image-preview":"max-image-preview:large","max-video-preview":"max-video-preview:-1"},"canonical":"https:\/\/exoticchemicals.com\/pl\/product\/microdose-focus-2\/","og_locale":"pl_PL","og_type":"article","og_title":"Microdose: Focus -","og_description":"Foggy brained? Feeling like your right hand is not communicating with the left? Focus is the right Nootropic supplement to get your body and mind in sync. This tailored blend of Nootropic supplement and Psilocybin will help you maintain alertness, clarity, and even repair damaged brain cells from a rough night of drinking. Each capsule of Focus contains 150mg of Psilocybe (active ingredient Psilocybin)","og_url":"https:\/\/exoticchemicals.com\/pl\/product\/microdose-focus-2\/","article_modified_time":"2026-04-12T22:22:33+00:00","og_image":[{"width":465,"height":465,"url":"https:\/\/exoticchemicals.com\/wp-content\/uploads\/2025\/02\/Focus-1-scaled-465x465-1-jpg.webp","type":"image\/webp"}],"twitter_card":"summary_large_image","twitter_misc":{"Szacowany czas czytania":"1 minuta"},"schema":{"@context":"https:\/\/schema.org","@graph":[{"@type":"WebPage","@id":"https:\/\/exoticchemicals.com\/product\/microdose-focus-2\/","url":"https:\/\/exoticchemicals.com\/product\/microdose-focus-2\/","name":"Microdose: Focus -","isPartOf":{"@id":"https:\/\/exoticchemicals.com\/#website"},"primaryImageOfPage":{"@id":"https:\/\/exoticchemicals.com\/product\/microdose-focus-2\/#primaryimage"},"image":{"@id":"https:\/\/exoticchemicals.com\/product\/microdose-focus-2\/#primaryimage"},"thumbnailUrl":"https:\/\/exoticchemicals.com\/wp-content\/uploads\/2025\/02\/Focus-1-scaled-465x465-1-jpg.webp","datePublished":"2025-02-06T21:27:59+00:00","dateModified":"2026-04-12T22:22:33+00:00","breadcrumb":{"@id":"https:\/\/exoticchemicals.com\/product\/microdose-focus-2\/#breadcrumb"},"inLanguage":"pl-PL","potentialAction":[{"@type":"ReadAction","target":["https:\/\/exoticchemicals.com\/product\/microdose-focus-2\/"]}]},{"@type":"ImageObject","inLanguage":"pl-PL","@id":"https:\/\/exoticchemicals.com\/product\/microdose-focus-2\/#primaryimage","url":"https:\/\/exoticchemicals.com\/wp-content\/uploads\/2025\/02\/Focus-1-scaled-465x465-1-jpg.webp","contentUrl":"https:\/\/exoticchemicals.com\/wp-content\/uploads\/2025\/02\/Focus-1-scaled-465x465-1-jpg.webp","width":465,"height":465},{"@type":"BreadcrumbList","@id":"https:\/\/exoticchemicals.com\/product\/microdose-focus-2\/#breadcrumb","itemListElement":[{"@type":"ListItem","position":1,"name":"Home","item":"https:\/\/exoticchemicals.com\/"},{"@type":"ListItem","position":2,"name":"Shop","item":"https:\/\/exoticchemicals.com\/shop\/"},{"@type":"ListItem","position":3,"name":"Microdose: Focus"}]},{"@type":"WebSite","@id":"https:\/\/exoticchemicals.com\/#website","url":"https:\/\/exoticchemicals.com\/","name":"egzotyczne chemikalia","description":"Kup chlorowodorek MDPHP","publisher":{"@id":"https:\/\/exoticchemicals.com\/#\/schema\/person\/07ad08472b6f5b213792451a32dbe8c7"},"potentialAction":[{"@type":"SearchAction","target":{"@type":"EntryPoint","urlTemplate":"https:\/\/exoticchemicals.com\/?s={search_term_string}"},"query-input":{"@type":"PropertyValueSpecification","valueRequired":true,"valueName":"search_term_string"}}],"inLanguage":"pl-PL"},{"@type":["Person","Organization"],"@id":"https:\/\/exoticchemicals.com\/#\/schema\/person\/07ad08472b6f5b213792451a32dbe8c7","name":"wwalkershop@gmail.com","image":{"@type":"ImageObject","inLanguage":"pl-PL","@id":"https:\/\/exoticchemicals.com\/wp-content\/uploads\/2025\/02\/pure-3-1-1.png","url":"https:\/\/exoticchemicals.com\/wp-content\/uploads\/2025\/02\/pure-3-1-1.png","contentUrl":"https:\/\/exoticchemicals.com\/wp-content\/uploads\/2025\/02\/pure-3-1-1.png","width":500,"height":500,"caption":"wwalkershop@gmail.com"},"logo":{"@id":"https:\/\/exoticchemicals.com\/wp-content\/uploads\/2025\/02\/pure-3-1-1.png"},"sameAs":["http:\/\/exoticchemicals.com"]}]}},"uagb_featured_image_src":{"full":["https:\/\/exoticchemicals.com\/wp-content\/uploads\/2025\/02\/Focus-1-scaled-465x465-1-jpg.webp",465,465,false],"thumbnail":["https:\/\/exoticchemicals.com\/wp-content\/uploads\/2025\/02\/Focus-1-scaled-465x465-1-jpg-150x150.webp",150,150,true],"medium":["https:\/\/exoticchemicals.com\/wp-content\/uploads\/2025\/02\/Focus-1-scaled-465x465-1-jpg-300x300.webp",300,300,true],"medium_large":["https:\/\/exoticchemicals.com\/wp-content\/uploads\/2025\/02\/Focus-1-scaled-465x465-1-jpg.webp",465,465,false],"large":["https:\/\/exoticchemicals.com\/wp-content\/uploads\/2025\/02\/Focus-1-scaled-465x465-1-jpg.webp",465,465,false],"1536x1536":["https:\/\/exoticchemicals.com\/wp-content\/uploads\/2025\/02\/Focus-1-scaled-465x465-1-jpg.webp",465,465,false],"2048x2048":["https:\/\/exoticchemicals.com\/wp-content\/uploads\/2025\/02\/Focus-1-scaled-465x465-1-jpg.webp",465,465,false],"trp-custom-language-flag":["https:\/\/exoticchemicals.com\/wp-content\/uploads\/2025\/02\/Focus-1-scaled-465x465-1-jpg.webp",12,12,false],"woocommerce_thumbnail":["https:\/\/exoticchemicals.com\/wp-content\/uploads\/2025\/02\/Focus-1-scaled-465x465-1-jpg-300x300.webp",300,300,true],"woocommerce_single":["https:\/\/exoticchemicals.com\/wp-content\/uploads\/2025\/02\/Focus-1-scaled-465x465-1-jpg.webp",465,465,false],"woocommerce_gallery_thumbnail":["https:\/\/exoticchemicals.com\/wp-content\/uploads\/2025\/02\/Focus-1-scaled-465x465-1-jpg-100x100.webp",100,100,true]},"uagb_author_info":{"display_name":"bossman","author_link":"https:\/\/exoticchemicals.com\/pl\/author\/"},"uagb_comment_info":5,"uagb_excerpt":"Foggy brained? Feeling like your right hand is not communicating with the left? Focus is the right Nootropic supplement to get your body and mind in sync. This tailored blend of Nootropic supplement and Psilocybin will help you maintain alertness, clarity, and even repair damaged brain cells from a rough night of drinking. Each capsule&hellip;","_links":{"self":[{"href":"https:\/\/exoticchemicals.com\/pl\/wp-json\/wp\/v2\/product\/3879","targetHints":{"allow":["GET"]}}],"collection":[{"href":"https:\/\/exoticchemicals.com\/pl\/wp-json\/wp\/v2\/product"}],"about":[{"href":"https:\/\/exoticchemicals.com\/pl\/wp-json\/wp\/v2\/types\/product"}],"replies":[{"embeddable":true,"href":"https:\/\/exoticchemicals.com\/pl\/wp-json\/wp\/v2\/comments?post=3879"}],"wp:featuredmedia":[{"embeddable":true,"href":"https:\/\/exoticchemicals.com\/pl\/wp-json\/wp\/v2\/media\/2792"}],"wp:attachment":[{"href":"https:\/\/exoticchemicals.com\/pl\/wp-json\/wp\/v2\/media?parent=3879"}],"wp:term":[{"taxonomy":"product_brand","embeddable":true,"href":"https:\/\/exoticchemicals.com\/pl\/wp-json\/wp\/v2\/product_brand?post=3879"},{"taxonomy":"product_cat","embeddable":true,"href":"https:\/\/exoticchemicals.com\/pl\/wp-json\/wp\/v2\/product_cat?post=3879"},{"taxonomy":"product_tag","embeddable":true,"href":"https:\/\/exoticchemicals.com\/pl\/wp-json\/wp\/v2\/product_tag?post=3879"}],"curies":[{"name":"wp","href":"https:\/\/api.w.org\/{rel}","templated":true}]}}