{"id":5521,"date":"2026-01-29T21:34:32","date_gmt":"2026-01-29T21:34:32","guid":{"rendered":"https:\/\/exoticchemicals.com\/?post_type=product&#038;p=5521"},"modified":"2026-04-13T18:52:00","modified_gmt":"2026-04-13T18:52:00","slug":"25c-nbome","status":"publish","type":"product","link":"https:\/\/exoticchemicals.com\/pl\/product\/25c-nbome\/","title":{"rendered":"25C-NBOME"},"content":{"rendered":"<h3 style=\"text-align: center\"><strong>25C-NBOME<\/strong><\/h3>\n<p>25C-NBOME belongs to phenethylamine and amphetamine chemical classes and has the molecular formula C18H22ClNO3 \u2022 HCl. The formula weight has the value 372.3 g\/mol . The toxicological and physiological properties of 25C-NBOMe are not known. 2-(4-chloro-2,5-dimethoxyphenyl)-N-(2-methoxybenzyl)ethanamine, monohydrochloride\u00a0and all other designer drugs sold on this website are intended for research and forensic applications<a href=\"https:\/\/420cannabisonline-shop.com\/shop\/\">.<\/a><\/p>\n<h2>How To Buy 25C-NBOME Online?<\/h2>\n<p>Oferujemy mo\u017cliwo\u015b\u0107 uzyskania go online bez k\u0142opot\u00f3w i niezr\u0119czno\u015bci. Pracujemy bez ko\u0144ca, aby upewni\u0107 si\u0119, \u017ce oszcz\u0119dzasz pieni\u0105dze za ka\u017cdym razem, gdy zamawiasz online z naszej chemii badawczej <a href=\"https:\/\/researchchemicalshop.com\/shop\/\">sklep<\/a>. Naszym celem jest, aby nasi klienci p\u0142acili mniej i otrzymywali wi\u0119cej.<\/p>\n<h3>Additional Information<\/h3>\n<table class=\"shop_attributes\">\n<tbody>\n<tr>\n<th>Synonimy<\/th>\n<td>2C-C-NBOMe ; NBOMe-2C-C ; Cimbi-82 ; Pandora ; Dime ; Vortex<\/td>\n<\/tr>\n<tr>\n<th>IUPAC<\/th>\n<td>2-\u200b(4-\u200bchloro-\u200b2,\u200b5-\u200bdimethoxyphenyl)-\u200bN-\u200b(2-\u200bmethoxybenzyl)ethanamine,\u200b monohydrochloride<\/td>\n<\/tr>\n<tr>\n<th>Formu\u0142a<\/th>\n<td>C18H22ClNO3 \u2022 HCl<\/td>\n<\/tr>\n<tr>\n<th>Masa cz\u0105steczkowa<\/th>\n<td>372.3<\/td>\n<\/tr>\n<tr>\n<th>CAS<\/th>\n<td>1227608-02-7<\/td>\n<\/tr>\n<tr>\n<th>Wygl\u0105d<\/th>\n<td>bia\u0142y proszek<\/td>\n<\/tr>\n<tr>\n<th>Czysto\u015b\u0107<\/th>\n<td>\u226598%<\/td>\n<\/tr>\n<\/tbody>\n<\/table>","protected":false},"excerpt":{"rendered":"<p>25C-NBOME 25C-NBOME belongs to phenethylamine and amphetamine chemical classes and has the molecular formula C18H22ClNO3 \u2022 HCl. The formula weight has the value 372.3 g\/mol . The toxicological and physiological properties of 25C-NBOMe are not known. 2-(4-chloro-2,5-dimethoxyphenyl)-N-(2-methoxybenzyl)ethanamine, monohydrochloride\u00a0and all other designer drugs sold on this website are intended for research and forensic applications. How To [&hellip;]<\/p>\n","protected":false},"featured_media":5533,"comment_status":"closed","ping_status":"closed","template":"","meta":{"_uag_custom_page_level_css":"","site-sidebar-layout":"default","site-content-layout":"","ast-site-content-layout":"","site-content-style":"default","site-sidebar-style":"default","ast-global-header-display":"","ast-banner-title-visibility":"","ast-main-header-display":"","ast-hfb-above-header-display":"","ast-hfb-below-header-display":"","ast-hfb-mobile-header-display":"","site-post-title":"","ast-breadcrumbs-content":"","ast-featured-img":"","footer-sml-layout":"","theme-transparent-header-meta":"","adv-header-id-meta":"","stick-header-meta":"","header-above-stick-meta":"","header-main-stick-meta":"","header-below-stick-meta":"","astra-migrate-meta-layouts":"default","ast-page-background-enabled":"default","ast-page-background-meta":{"desktop":{"background-color":"","background-image":"","background-repeat":"repeat","background-position":"center center","background-size":"auto","background-attachment":"scroll","background-type":"","background-media":"","overlay-type":"","overlay-color":"","overlay-opacity":"","overlay-gradient":""},"tablet":{"background-color":"","background-image":"","background-repeat":"repeat","background-position":"center center","background-size":"auto","background-attachment":"scroll","background-type":"","background-media":"","overlay-type":"","overlay-color":"","overlay-opacity":"","overlay-gradient":""},"mobile":{"background-color":"","background-image":"","background-repeat":"repeat","background-position":"center center","background-size":"auto","background-attachment":"scroll","background-type":"","background-media":"","overlay-type":"","overlay-color":"","overlay-opacity":"","overlay-gradient":""}},"ast-content-background-meta":{"desktop":{"background-color":"var(--ast-global-color-5)","background-image":"","background-repeat":"repeat","background-position":"center center","background-size":"auto","background-attachment":"scroll","background-type":"","background-media":"","overlay-type":"","overlay-color":"","overlay-opacity":"","overlay-gradient":""},"tablet":{"background-color":"var(--ast-global-color-5)","background-image":"","background-repeat":"repeat","background-position":"center center","background-size":"auto","background-attachment":"scroll","background-type":"","background-media":"","overlay-type":"","overlay-color":"","overlay-opacity":"","overlay-gradient":""},"mobile":{"background-color":"var(--ast-global-color-5)","background-image":"","background-repeat":"repeat","background-position":"center center","background-size":"auto","background-attachment":"scroll","background-type":"","background-media":"","overlay-type":"","overlay-color":"","overlay-opacity":"","overlay-gradient":""}}},"product_brand":[],"product_cat":[22],"product_tag":[13603,13604,13605,13606,13607,13608,13609,13610,13611,13612,12926,13613,12928,5649,1852,12929,12930,12931,12932,5717,5729,5731,5735,5736,12946,12947,12948,12949,12950,12951,12952,12953,12954,12955,12956,12957,1502,5685,5741,5743,5744,12958,12959,12960,12961,12963,12964,12965,5749,5753,5763],"class_list":{"0":"post-5521","1":"product","2":"type-product","3":"status-publish","4":"has-post-thumbnail","6":"product_cat-buy-high-quality-mdpv-hydrochloride","7":"product_tag-25c-nbome","8":"product_tag-25c-nbome-buy-online","9":"product_tag-25c-nbome-death","10":"product_tag-25c-nbome-dosage","11":"product_tag-25c-nbome-effects","12":"product_tag-25c-nbome-erowid","13":"product_tag-25c-nbome-legal-status-us","14":"product_tag-25c-nbome-vendor","15":"product_tag-25c-nbome-vs-25i","16":"product_tag-25c-nbome-vs-acid","17":"product_tag-2c-research-chemical","18":"product_tag-buy-25c-nbome","19":"product_tag-buy-research-chemical","20":"product_tag-buy-research-chemicals","21":"product_tag-buy-research-chemicals-online","22":"product_tag-cabergoline-research-chemical","23":"product_tag-canadian-research-chemicals","24":"product_tag-domestic-research-chemicals","25":"product_tag-enclomiphene-research-chemical","26":"product_tag-legal-research-chemicals","27":"product_tag-opioid-research-chemicals","28":"product_tag-order-research-chemicals","29":"product_tag-quality-research-chemicals","30":"product_tag-reddit-research-chemicals","31":"product_tag-research-chemical","32":"product_tag-research-chemical-drugs","33":"product_tag-research-chemical-forum","34":"product_tag-research-chemical-opiates","35":"product_tag-research-chemical-reddit","36":"product_tag-research-chemical-shop","37":"product_tag-research-chemical-sources","38":"product_tag-research-chemical-store","39":"product_tag-research-chemical-supply","40":"product_tag-research-chemical-vendor-usa","41":"product_tag-research-chemical-vendors","42":"product_tag-research-chemical-vendors-reddit","43":"product_tag-research-chemicals","44":"product_tag-research-chemicals-for-sale","45":"product_tag-research-chemicals-kopen","46":"product_tag-research-chemicals-online","47":"product_tag-research-chemicals-reddit","48":"product_tag-research-chemicals-sale","49":"product_tag-research-chemicals-store","50":"product_tag-semaglutide-research-chemical","51":"product_tag-sunnyside-research-chemicals","52":"product_tag-tadalafil-research-chemical","53":"product_tag-tirzepatide-research-chemical","54":"product_tag-tirzepatide-research-chemical-for-sale","55":"product_tag-toronto-research-chemicals","56":"product_tag-what-are-research-chemicals","57":"product_tag-where-to-buy-research-chemicals","58":"desktop-align-left","59":"tablet-align-left","60":"mobile-align-left","62":"first","63":"instock","64":"shipping-taxable","65":"purchasable","66":"product-type-variable"},"yoast_head":"<!-- This site is optimized with the Yoast SEO plugin v27.4 - https:\/\/yoast.com\/product\/yoast-seo-wordpress\/ -->\n<title>25C-NBOME -<\/title>\n<meta name=\"robots\" content=\"index, follow, max-snippet:-1, max-image-preview:large, max-video-preview:-1\" \/>\n<link rel=\"canonical\" href=\"https:\/\/exoticchemicals.com\/pl\/product\/25c-nbome\/\" \/>\n<meta property=\"og:locale\" content=\"pl_PL\" \/>\n<meta property=\"og:type\" content=\"article\" \/>\n<meta property=\"og:title\" content=\"25C-NBOME -\" \/>\n<meta property=\"og:description\" content=\"25C-NBOME 25C-NBOME belongs to phenethylamine and amphetamine chemical classes and has the molecular formula C18H22ClNO3 \u2022 HCl. The formula weight has the value 372.3 g\/mol . The toxicological and physiological properties of 25C-NBOMe are not known. 2-(4-chloro-2,5-dimethoxyphenyl)-N-(2-methoxybenzyl)ethanamine, monohydrochloride\u00a0and all other designer drugs sold on this website are intended for research and forensic applications. How To [&hellip;]\" \/>\n<meta property=\"og:url\" content=\"https:\/\/exoticchemicals.com\/pl\/product\/25c-nbome\/\" \/>\n<meta property=\"article:modified_time\" content=\"2026-04-13T18:52:00+00:00\" \/>\n<meta name=\"twitter:card\" content=\"summary_large_image\" \/>\n<meta name=\"twitter:label1\" content=\"Szacowany czas czytania\" \/>\n\t<meta name=\"twitter:data1\" content=\"1 minuta\" \/>\n<script type=\"application\/ld+json\" class=\"yoast-schema-graph\">{\"@context\":\"https:\\\/\\\/schema.org\",\"@graph\":[{\"@type\":\"WebPage\",\"@id\":\"https:\\\/\\\/exoticchemicals.com\\\/product\\\/25c-nbome\\\/\",\"url\":\"https:\\\/\\\/exoticchemicals.com\\\/product\\\/25c-nbome\\\/\",\"name\":\"25C-NBOME -\",\"isPartOf\":{\"@id\":\"https:\\\/\\\/exoticchemicals.com\\\/#website\"},\"primaryImageOfPage\":{\"@id\":\"https:\\\/\\\/exoticchemicals.com\\\/product\\\/25c-nbome\\\/#primaryimage\"},\"image\":{\"@id\":\"https:\\\/\\\/exoticchemicals.com\\\/product\\\/25c-nbome\\\/#primaryimage\"},\"thumbnailUrl\":\"https:\\\/\\\/exoticchemicals.com\\\/wp-content\\\/uploads\\\/2026\\\/01\\\/25C-NBOME.jpg\",\"datePublished\":\"2026-01-29T21:34:32+00:00\",\"dateModified\":\"2026-04-13T18:52:00+00:00\",\"breadcrumb\":{\"@id\":\"https:\\\/\\\/exoticchemicals.com\\\/product\\\/25c-nbome\\\/#breadcrumb\"},\"inLanguage\":\"pl-PL\",\"potentialAction\":[{\"@type\":\"ReadAction\",\"target\":[\"https:\\\/\\\/exoticchemicals.com\\\/product\\\/25c-nbome\\\/\"]}]},{\"@type\":\"ImageObject\",\"inLanguage\":\"pl-PL\",\"@id\":\"https:\\\/\\\/exoticchemicals.com\\\/product\\\/25c-nbome\\\/#primaryimage\",\"url\":\"https:\\\/\\\/exoticchemicals.com\\\/wp-content\\\/uploads\\\/2026\\\/01\\\/25C-NBOME.jpg\",\"contentUrl\":\"https:\\\/\\\/exoticchemicals.com\\\/wp-content\\\/uploads\\\/2026\\\/01\\\/25C-NBOME.jpg\",\"width\":650,\"height\":650},{\"@type\":\"BreadcrumbList\",\"@id\":\"https:\\\/\\\/exoticchemicals.com\\\/product\\\/25c-nbome\\\/#breadcrumb\",\"itemListElement\":[{\"@type\":\"ListItem\",\"position\":1,\"name\":\"Home\",\"item\":\"https:\\\/\\\/exoticchemicals.com\\\/\"},{\"@type\":\"ListItem\",\"position\":2,\"name\":\"Shop\",\"item\":\"https:\\\/\\\/exoticchemicals.com\\\/shop\\\/\"},{\"@type\":\"ListItem\",\"position\":3,\"name\":\"25C-NBOME\"}]},{\"@type\":\"WebSite\",\"@id\":\"https:\\\/\\\/exoticchemicals.com\\\/#website\",\"url\":\"https:\\\/\\\/exoticchemicals.com\\\/\",\"name\":\"exotic chemicals\",\"description\":\"Buy MDPHP Hydrochloride\",\"publisher\":{\"@id\":\"https:\\\/\\\/exoticchemicals.com\\\/#\\\/schema\\\/person\\\/07ad08472b6f5b213792451a32dbe8c7\"},\"potentialAction\":[{\"@type\":\"SearchAction\",\"target\":{\"@type\":\"EntryPoint\",\"urlTemplate\":\"https:\\\/\\\/exoticchemicals.com\\\/?s={search_term_string}\"},\"query-input\":{\"@type\":\"PropertyValueSpecification\",\"valueRequired\":true,\"valueName\":\"search_term_string\"}}],\"inLanguage\":\"pl-PL\"},{\"@type\":[\"Person\",\"Organization\"],\"@id\":\"https:\\\/\\\/exoticchemicals.com\\\/#\\\/schema\\\/person\\\/07ad08472b6f5b213792451a32dbe8c7\",\"name\":\"wwalkershop@gmail.com\",\"image\":{\"@type\":\"ImageObject\",\"inLanguage\":\"pl-PL\",\"@id\":\"https:\\\/\\\/exoticchemicals.com\\\/wp-content\\\/uploads\\\/2025\\\/02\\\/pure-3-1-1.png\",\"url\":\"https:\\\/\\\/exoticchemicals.com\\\/wp-content\\\/uploads\\\/2025\\\/02\\\/pure-3-1-1.png\",\"contentUrl\":\"https:\\\/\\\/exoticchemicals.com\\\/wp-content\\\/uploads\\\/2025\\\/02\\\/pure-3-1-1.png\",\"width\":500,\"height\":500,\"caption\":\"wwalkershop@gmail.com\"},\"logo\":{\"@id\":\"https:\\\/\\\/exoticchemicals.com\\\/wp-content\\\/uploads\\\/2025\\\/02\\\/pure-3-1-1.png\"},\"sameAs\":[\"http:\\\/\\\/exoticchemicals.com\"]}]}<\/script>\n<!-- \/ Yoast SEO plugin. -->","yoast_head_json":{"title":"25C-NBOME -","robots":{"index":"index","follow":"follow","max-snippet":"max-snippet:-1","max-image-preview":"max-image-preview:large","max-video-preview":"max-video-preview:-1"},"canonical":"https:\/\/exoticchemicals.com\/pl\/product\/25c-nbome\/","og_locale":"pl_PL","og_type":"article","og_title":"25C-NBOME -","og_description":"25C-NBOME 25C-NBOME belongs to phenethylamine and amphetamine chemical classes and has the molecular formula C18H22ClNO3 \u2022 HCl. The formula weight has the value 372.3 g\/mol . The toxicological and physiological properties of 25C-NBOMe are not known. 2-(4-chloro-2,5-dimethoxyphenyl)-N-(2-methoxybenzyl)ethanamine, monohydrochloride\u00a0and all other designer drugs sold on this website are intended for research and forensic applications. How To [&hellip;]","og_url":"https:\/\/exoticchemicals.com\/pl\/product\/25c-nbome\/","article_modified_time":"2026-04-13T18:52:00+00:00","twitter_card":"summary_large_image","twitter_misc":{"Szacowany czas czytania":"1 minuta"},"schema":{"@context":"https:\/\/schema.org","@graph":[{"@type":"WebPage","@id":"https:\/\/exoticchemicals.com\/product\/25c-nbome\/","url":"https:\/\/exoticchemicals.com\/product\/25c-nbome\/","name":"25C-NBOME -","isPartOf":{"@id":"https:\/\/exoticchemicals.com\/#website"},"primaryImageOfPage":{"@id":"https:\/\/exoticchemicals.com\/product\/25c-nbome\/#primaryimage"},"image":{"@id":"https:\/\/exoticchemicals.com\/product\/25c-nbome\/#primaryimage"},"thumbnailUrl":"https:\/\/exoticchemicals.com\/wp-content\/uploads\/2026\/01\/25C-NBOME.jpg","datePublished":"2026-01-29T21:34:32+00:00","dateModified":"2026-04-13T18:52:00+00:00","breadcrumb":{"@id":"https:\/\/exoticchemicals.com\/product\/25c-nbome\/#breadcrumb"},"inLanguage":"pl-PL","potentialAction":[{"@type":"ReadAction","target":["https:\/\/exoticchemicals.com\/product\/25c-nbome\/"]}]},{"@type":"ImageObject","inLanguage":"pl-PL","@id":"https:\/\/exoticchemicals.com\/product\/25c-nbome\/#primaryimage","url":"https:\/\/exoticchemicals.com\/wp-content\/uploads\/2026\/01\/25C-NBOME.jpg","contentUrl":"https:\/\/exoticchemicals.com\/wp-content\/uploads\/2026\/01\/25C-NBOME.jpg","width":650,"height":650},{"@type":"BreadcrumbList","@id":"https:\/\/exoticchemicals.com\/product\/25c-nbome\/#breadcrumb","itemListElement":[{"@type":"ListItem","position":1,"name":"Home","item":"https:\/\/exoticchemicals.com\/"},{"@type":"ListItem","position":2,"name":"Shop","item":"https:\/\/exoticchemicals.com\/shop\/"},{"@type":"ListItem","position":3,"name":"25C-NBOME"}]},{"@type":"WebSite","@id":"https:\/\/exoticchemicals.com\/#website","url":"https:\/\/exoticchemicals.com\/","name":"egzotyczne chemikalia","description":"Kup chlorowodorek MDPHP","publisher":{"@id":"https:\/\/exoticchemicals.com\/#\/schema\/person\/07ad08472b6f5b213792451a32dbe8c7"},"potentialAction":[{"@type":"SearchAction","target":{"@type":"EntryPoint","urlTemplate":"https:\/\/exoticchemicals.com\/?s={search_term_string}"},"query-input":{"@type":"PropertyValueSpecification","valueRequired":true,"valueName":"search_term_string"}}],"inLanguage":"pl-PL"},{"@type":["Person","Organization"],"@id":"https:\/\/exoticchemicals.com\/#\/schema\/person\/07ad08472b6f5b213792451a32dbe8c7","name":"wwalkershop@gmail.com","image":{"@type":"ImageObject","inLanguage":"pl-PL","@id":"https:\/\/exoticchemicals.com\/wp-content\/uploads\/2025\/02\/pure-3-1-1.png","url":"https:\/\/exoticchemicals.com\/wp-content\/uploads\/2025\/02\/pure-3-1-1.png","contentUrl":"https:\/\/exoticchemicals.com\/wp-content\/uploads\/2025\/02\/pure-3-1-1.png","width":500,"height":500,"caption":"wwalkershop@gmail.com"},"logo":{"@id":"https:\/\/exoticchemicals.com\/wp-content\/uploads\/2025\/02\/pure-3-1-1.png"},"sameAs":["http:\/\/exoticchemicals.com"]}]}},"uagb_featured_image_src":{"full":["https:\/\/exoticchemicals.com\/wp-content\/uploads\/2026\/01\/25C-NBOME.jpg",650,650,false],"thumbnail":["https:\/\/exoticchemicals.com\/wp-content\/uploads\/2026\/01\/25C-NBOME-150x150.jpg",150,150,true],"medium":["https:\/\/exoticchemicals.com\/wp-content\/uploads\/2026\/01\/25C-NBOME-300x300.jpg",300,300,true],"medium_large":["https:\/\/exoticchemicals.com\/wp-content\/uploads\/2026\/01\/25C-NBOME.jpg",650,650,false],"large":["https:\/\/exoticchemicals.com\/wp-content\/uploads\/2026\/01\/25C-NBOME.jpg",650,650,false],"1536x1536":["https:\/\/exoticchemicals.com\/wp-content\/uploads\/2026\/01\/25C-NBOME.jpg",650,650,false],"2048x2048":["https:\/\/exoticchemicals.com\/wp-content\/uploads\/2026\/01\/25C-NBOME.jpg",650,650,false],"trp-custom-language-flag":["https:\/\/exoticchemicals.com\/wp-content\/uploads\/2026\/01\/25C-NBOME-12x12.jpg",12,12,true],"woocommerce_thumbnail":["https:\/\/exoticchemicals.com\/wp-content\/uploads\/2026\/01\/25C-NBOME-300x300.jpg",300,300,true],"woocommerce_single":["https:\/\/exoticchemicals.com\/wp-content\/uploads\/2026\/01\/25C-NBOME-600x600.jpg",600,600,true],"woocommerce_gallery_thumbnail":["https:\/\/exoticchemicals.com\/wp-content\/uploads\/2026\/01\/25C-NBOME-100x100.jpg",100,100,true]},"uagb_author_info":{"display_name":"wwalkershop@gmail.com","author_link":"https:\/\/exoticchemicals.com\/pl\/author\/"},"uagb_comment_info":8,"uagb_excerpt":"25C-NBOME 25C-NBOME belongs to phenethylamine and amphetamine chemical classes and has the molecular formula C18H22ClNO3 \u2022 HCl. The formula weight has the value 372.3 g\/mol . The toxicological and physiological properties of 25C-NBOMe are not known. 2-(4-chloro-2,5-dimethoxyphenyl)-N-(2-methoxybenzyl)ethanamine, monohydrochloride\u00a0and all other designer drugs sold on this website are intended for research and forensic applications. How To&hellip;","_links":{"self":[{"href":"https:\/\/exoticchemicals.com\/pl\/wp-json\/wp\/v2\/product\/5521","targetHints":{"allow":["GET"]}}],"collection":[{"href":"https:\/\/exoticchemicals.com\/pl\/wp-json\/wp\/v2\/product"}],"about":[{"href":"https:\/\/exoticchemicals.com\/pl\/wp-json\/wp\/v2\/types\/product"}],"replies":[{"embeddable":true,"href":"https:\/\/exoticchemicals.com\/pl\/wp-json\/wp\/v2\/comments?post=5521"}],"wp:featuredmedia":[{"embeddable":true,"href":"https:\/\/exoticchemicals.com\/pl\/wp-json\/wp\/v2\/media\/5533"}],"wp:attachment":[{"href":"https:\/\/exoticchemicals.com\/pl\/wp-json\/wp\/v2\/media?parent=5521"}],"wp:term":[{"taxonomy":"product_brand","embeddable":true,"href":"https:\/\/exoticchemicals.com\/pl\/wp-json\/wp\/v2\/product_brand?post=5521"},{"taxonomy":"product_cat","embeddable":true,"href":"https:\/\/exoticchemicals.com\/pl\/wp-json\/wp\/v2\/product_cat?post=5521"},{"taxonomy":"product_tag","embeddable":true,"href":"https:\/\/exoticchemicals.com\/pl\/wp-json\/wp\/v2\/product_tag?post=5521"}],"curies":[{"name":"wp","href":"https:\/\/api.w.org\/{rel}","templated":true}]}}