{"id":2581,"date":"2025-02-06T21:15:43","date_gmt":"2025-02-06T21:15:43","guid":{"rendered":"https:\/\/exoticchemicals.com\/?post_type=product&#038;p=2581"},"modified":"2026-04-15T05:02:08","modified_gmt":"2026-04-15T05:02:08","slug":"buy-pv-8-crystal","status":"publish","type":"product","link":"https:\/\/exoticchemicals.com\/pt\/product\/buy-pv-8-crystal\/","title":{"rendered":"Buy PV-8 Crystal"},"content":{"rendered":"<p>Buy PV-8 Crystal<br \/> Buy PV-8 Crystal Online, it is an analog of pyrovalerone, a psychoactive compound that is regulated as Schedule V in the United States.<\/p>\n<p>Pyrrolidinophenone-derived designer drugs, like ?-PVP, are emerging drugs of interest. PV8 (hydrochloride) differs from ?-PVP by having heptaphenone in place of the pentiophenone portion of the compound.<\/p>\n<p>The physiological and toxicological properties of this compound are not known. PV8 is regulated as a Schedule I compound in the United States.This product is intended for research and forensic applications.<\/p>\n<p>Other researchers have suggested that either diethylpropion or diethylcathinone would make a better model for structural reasons. Still others suggest that M-PPP (4\u0092-methyl-?-pyrrolidinopropiophenone) is a closer match.<\/p>\n<p>Pv-8 crystal also known by 1-pentanone, 1-phenyl-2-(1-pyrrolidinyl) and 2pyrrolidin-1-yl-1-phenylpentan-1-one is often referred to as acting similar to ?-PVP compound but is a highly developed research compound.<\/p>\n<p>?-Pyrrolidinopentiophenone (?-PVP) is an analog of pyrovalerone, a psychoactive compound that is regulated as Schedule V in the United States. Pyrrolidinophenone-derived designer drugs, like ?-PVP, are emerging drugs of interest.1,2 PV8 (hydrochloride) differs from ?-PVP by having heptaphenone in place of the pentiophenone portion of the compound.<\/p>\n<p>Sin\u00f3nimos<br \/> Sin\u00f3nimos<br \/> ?-PHPP<br \/> Informa\u00e7\u00f5es t\u00e9cnicas<br \/> Formal Name: 1-phenyl-2-(1-pyrrolidinyl)-1-heptanone, monohydrochloride<br \/> CAS Number: 13415-55-9<br \/> Molecular Formula: C17H25NO \u0095 HCl<br \/> Formula Weight: 295.9<br \/> Pureza: ?98%<br \/> Formula\u00e7\u00e3o: Um s\u00f3lido cristalino<br \/> ?max: 203, 251 nm<br \/> SMILES: O=C(C(CCCCC)N1CCCC1)C2=CC=CC=C2.Cl<br \/> InChi CodeInChI=1S\/C17H25NO.ClH\/c1-2-3-5-12-16(18-13-8-9-14-18)17(19)15-10-6-4-7-11-15;\/h4,6-7,10-11,16H,2-3,5,8-9,12-14H2,1H3;1H<br \/> InChi Key: WHQOZXALFDXFRH-UHFFFAOYSA-N<br \/> DEA Schedule: I<br \/> Informa\u00e7\u00f5es sobre envio e armazenamento<br \/> Armazenamento: -20\u00b0C<br \/> Shipping: Room Temperature in continental US; may vary elsewhere.Buy-PV-8-Crystal<br \/> Estabilidade: ? 2 anos<br \/> WARNING This product is not for human or veterinary use. The\u00a0physiological\u00a0and toxicological properties of this compound are not known. This product is intended for forensic and research applications-Buy PV-8 Crystal Online.<\/p>","protected":false},"excerpt":{"rendered":"<p>Buy PV-8 Crystal Buy PV-8 Crystal Online, it is an analog of pyrovalerone, a psychoactive compound that is regulated as Schedule V in the United States. Pyrrolidinophenone-derived designer drugs, like ?-PVP, are emerging drugs of interest. PV8 (hydrochloride) differs from ?-PVP by having heptaphenone in place of the pentiophenone portion of the compound. The physiological [&hellip;]<\/p>\n","protected":false},"featured_media":2609,"comment_status":"open","ping_status":"closed","template":"","meta":{"_uag_custom_page_level_css":"","site-sidebar-layout":"default","site-content-layout":"","ast-site-content-layout":"","site-content-style":"default","site-sidebar-style":"default","ast-global-header-display":"","ast-banner-title-visibility":"","ast-main-header-display":"","ast-hfb-above-header-display":"","ast-hfb-below-header-display":"","ast-hfb-mobile-header-display":"","site-post-title":"","ast-breadcrumbs-content":"","ast-featured-img":"","footer-sml-layout":"","theme-transparent-header-meta":"","adv-header-id-meta":"","stick-header-meta":"","header-above-stick-meta":"","header-main-stick-meta":"","header-below-stick-meta":"","astra-migrate-meta-layouts":"default","ast-page-background-enabled":"default","ast-page-background-meta":{"desktop":{"background-color":"","background-image":"","background-repeat":"repeat","background-position":"center center","background-size":"auto","background-attachment":"scroll","background-type":"","background-media":"","overlay-type":"","overlay-color":"","overlay-opacity":"","overlay-gradient":""},"tablet":{"background-color":"","background-image":"","background-repeat":"repeat","background-position":"center center","background-size":"auto","background-attachment":"scroll","background-type":"","background-media":"","overlay-type":"","overlay-color":"","overlay-opacity":"","overlay-gradient":""},"mobile":{"background-color":"","background-image":"","background-repeat":"repeat","background-position":"center center","background-size":"auto","background-attachment":"scroll","background-type":"","background-media":"","overlay-type":"","overlay-color":"","overlay-opacity":"","overlay-gradient":""}},"ast-content-background-meta":{"desktop":{"background-color":"var(--ast-global-color-5)","background-image":"","background-repeat":"repeat","background-position":"center center","background-size":"auto","background-attachment":"scroll","background-type":"","background-media":"","overlay-type":"","overlay-color":"","overlay-opacity":"","overlay-gradient":""},"tablet":{"background-color":"var(--ast-global-color-5)","background-image":"","background-repeat":"repeat","background-position":"center center","background-size":"auto","background-attachment":"scroll","background-type":"","background-media":"","overlay-type":"","overlay-color":"","overlay-opacity":"","overlay-gradient":""},"mobile":{"background-color":"var(--ast-global-color-5)","background-image":"","background-repeat":"repeat","background-position":"center center","background-size":"auto","background-attachment":"scroll","background-type":"","background-media":"","overlay-type":"","overlay-color":"","overlay-opacity":"","overlay-gradient":""}}},"product_brand":[],"product_cat":[330],"product_tag":[],"class_list":{"0":"post-2581","1":"product","2":"type-product","3":"status-publish","4":"has-post-thumbnail","6":"product_cat-mdphp-hydrochloride-for-sale-research-chemicals","7":"desktop-align-left","8":"tablet-align-left","9":"mobile-align-left","11":"first","12":"instock","13":"shipping-taxable","14":"purchasable","15":"product-type-variable"},"yoast_head":"<!-- This site is optimized with the Yoast SEO plugin v27.4 - https:\/\/yoast.com\/product\/yoast-seo-wordpress\/ -->\n<title>Buy PV-8 Crystal -<\/title>\n<meta name=\"robots\" content=\"index, follow, max-snippet:-1, max-image-preview:large, max-video-preview:-1\" \/>\n<link rel=\"canonical\" href=\"https:\/\/exoticchemicals.com\/pt\/product\/buy-pv-8-crystal\/\" \/>\n<meta property=\"og:locale\" content=\"pt_PT\" \/>\n<meta property=\"og:type\" content=\"article\" \/>\n<meta property=\"og:title\" content=\"Buy PV-8 Crystal -\" \/>\n<meta property=\"og:description\" content=\"Buy PV-8 Crystal Buy PV-8 Crystal Online, it is an analog of pyrovalerone, a psychoactive compound that is regulated as Schedule V in the United States. Pyrrolidinophenone-derived designer drugs, like ?-PVP, are emerging drugs of interest. PV8 (hydrochloride) differs from ?-PVP by having heptaphenone in place of the pentiophenone portion of the compound. The physiological [&hellip;]\" \/>\n<meta property=\"og:url\" content=\"https:\/\/exoticchemicals.com\/pt\/product\/buy-pv-8-crystal\/\" \/>\n<meta property=\"article:modified_time\" content=\"2026-04-15T05:02:08+00:00\" \/>\n<meta property=\"og:image\" content=\"https:\/\/exoticchemicals.com\/wp-content\/uploads\/2025\/02\/Buy-PV-8-Crystal-jpg.webp\" \/>\n\t<meta property=\"og:image:width\" content=\"518\" \/>\n\t<meta property=\"og:image:height\" content=\"388\" \/>\n\t<meta property=\"og:image:type\" content=\"image\/webp\" \/>\n<meta name=\"twitter:card\" content=\"summary_large_image\" \/>\n<meta name=\"twitter:label1\" content=\"Tempo estimado de leitura\" \/>\n\t<meta name=\"twitter:data1\" content=\"2 minutos\" \/>\n<script type=\"application\/ld+json\" class=\"yoast-schema-graph\">{\"@context\":\"https:\\\/\\\/schema.org\",\"@graph\":[{\"@type\":\"WebPage\",\"@id\":\"https:\\\/\\\/exoticchemicals.com\\\/product\\\/buy-pv-8-crystal\\\/\",\"url\":\"https:\\\/\\\/exoticchemicals.com\\\/product\\\/buy-pv-8-crystal\\\/\",\"name\":\"Buy PV-8 Crystal -\",\"isPartOf\":{\"@id\":\"https:\\\/\\\/exoticchemicals.com\\\/#website\"},\"primaryImageOfPage\":{\"@id\":\"https:\\\/\\\/exoticchemicals.com\\\/product\\\/buy-pv-8-crystal\\\/#primaryimage\"},\"image\":{\"@id\":\"https:\\\/\\\/exoticchemicals.com\\\/product\\\/buy-pv-8-crystal\\\/#primaryimage\"},\"thumbnailUrl\":\"https:\\\/\\\/exoticchemicals.com\\\/wp-content\\\/uploads\\\/2025\\\/02\\\/Buy-PV-8-Crystal-jpg.webp\",\"datePublished\":\"2025-02-06T21:15:43+00:00\",\"dateModified\":\"2026-04-15T05:02:08+00:00\",\"breadcrumb\":{\"@id\":\"https:\\\/\\\/exoticchemicals.com\\\/product\\\/buy-pv-8-crystal\\\/#breadcrumb\"},\"inLanguage\":\"pt-PT\",\"potentialAction\":[{\"@type\":\"ReadAction\",\"target\":[\"https:\\\/\\\/exoticchemicals.com\\\/product\\\/buy-pv-8-crystal\\\/\"]}]},{\"@type\":\"ImageObject\",\"inLanguage\":\"pt-PT\",\"@id\":\"https:\\\/\\\/exoticchemicals.com\\\/product\\\/buy-pv-8-crystal\\\/#primaryimage\",\"url\":\"https:\\\/\\\/exoticchemicals.com\\\/wp-content\\\/uploads\\\/2025\\\/02\\\/Buy-PV-8-Crystal-jpg.webp\",\"contentUrl\":\"https:\\\/\\\/exoticchemicals.com\\\/wp-content\\\/uploads\\\/2025\\\/02\\\/Buy-PV-8-Crystal-jpg.webp\",\"width\":518,\"height\":388},{\"@type\":\"BreadcrumbList\",\"@id\":\"https:\\\/\\\/exoticchemicals.com\\\/product\\\/buy-pv-8-crystal\\\/#breadcrumb\",\"itemListElement\":[{\"@type\":\"ListItem\",\"position\":1,\"name\":\"Home\",\"item\":\"https:\\\/\\\/exoticchemicals.com\\\/\"},{\"@type\":\"ListItem\",\"position\":2,\"name\":\"Shop\",\"item\":\"https:\\\/\\\/exoticchemicals.com\\\/shop\\\/\"},{\"@type\":\"ListItem\",\"position\":3,\"name\":\"Buy PV-8 Crystal\"}]},{\"@type\":\"WebSite\",\"@id\":\"https:\\\/\\\/exoticchemicals.com\\\/#website\",\"url\":\"https:\\\/\\\/exoticchemicals.com\\\/\",\"name\":\"exotic chemicals\",\"description\":\"Buy MDPHP Hydrochloride\",\"publisher\":{\"@id\":\"https:\\\/\\\/exoticchemicals.com\\\/#\\\/schema\\\/person\\\/07ad08472b6f5b213792451a32dbe8c7\"},\"potentialAction\":[{\"@type\":\"SearchAction\",\"target\":{\"@type\":\"EntryPoint\",\"urlTemplate\":\"https:\\\/\\\/exoticchemicals.com\\\/?s={search_term_string}\"},\"query-input\":{\"@type\":\"PropertyValueSpecification\",\"valueRequired\":true,\"valueName\":\"search_term_string\"}}],\"inLanguage\":\"pt-PT\"},{\"@type\":[\"Person\",\"Organization\"],\"@id\":\"https:\\\/\\\/exoticchemicals.com\\\/#\\\/schema\\\/person\\\/07ad08472b6f5b213792451a32dbe8c7\",\"name\":\"wwalkershop@gmail.com\",\"image\":{\"@type\":\"ImageObject\",\"inLanguage\":\"pt-PT\",\"@id\":\"https:\\\/\\\/exoticchemicals.com\\\/wp-content\\\/uploads\\\/2025\\\/02\\\/pure-3-1-1.png\",\"url\":\"https:\\\/\\\/exoticchemicals.com\\\/wp-content\\\/uploads\\\/2025\\\/02\\\/pure-3-1-1.png\",\"contentUrl\":\"https:\\\/\\\/exoticchemicals.com\\\/wp-content\\\/uploads\\\/2025\\\/02\\\/pure-3-1-1.png\",\"width\":500,\"height\":500,\"caption\":\"wwalkershop@gmail.com\"},\"logo\":{\"@id\":\"https:\\\/\\\/exoticchemicals.com\\\/wp-content\\\/uploads\\\/2025\\\/02\\\/pure-3-1-1.png\"},\"sameAs\":[\"http:\\\/\\\/exoticchemicals.com\"]}]}<\/script>\n<!-- \/ Yoast SEO plugin. -->","yoast_head_json":{"title":"Buy PV-8 Crystal -","robots":{"index":"index","follow":"follow","max-snippet":"max-snippet:-1","max-image-preview":"max-image-preview:large","max-video-preview":"max-video-preview:-1"},"canonical":"https:\/\/exoticchemicals.com\/pt\/product\/buy-pv-8-crystal\/","og_locale":"pt_PT","og_type":"article","og_title":"Buy PV-8 Crystal -","og_description":"Buy PV-8 Crystal Buy PV-8 Crystal Online, it is an analog of pyrovalerone, a psychoactive compound that is regulated as Schedule V in the United States. Pyrrolidinophenone-derived designer drugs, like ?-PVP, are emerging drugs of interest. PV8 (hydrochloride) differs from ?-PVP by having heptaphenone in place of the pentiophenone portion of the compound. The physiological [&hellip;]","og_url":"https:\/\/exoticchemicals.com\/pt\/product\/buy-pv-8-crystal\/","article_modified_time":"2026-04-15T05:02:08+00:00","og_image":[{"width":518,"height":388,"url":"https:\/\/exoticchemicals.com\/wp-content\/uploads\/2025\/02\/Buy-PV-8-Crystal-jpg.webp","type":"image\/webp"}],"twitter_card":"summary_large_image","twitter_misc":{"Tempo estimado de leitura":"2 minutos"},"schema":{"@context":"https:\/\/schema.org","@graph":[{"@type":"WebPage","@id":"https:\/\/exoticchemicals.com\/product\/buy-pv-8-crystal\/","url":"https:\/\/exoticchemicals.com\/product\/buy-pv-8-crystal\/","name":"Buy PV-8 Crystal -","isPartOf":{"@id":"https:\/\/exoticchemicals.com\/#website"},"primaryImageOfPage":{"@id":"https:\/\/exoticchemicals.com\/product\/buy-pv-8-crystal\/#primaryimage"},"image":{"@id":"https:\/\/exoticchemicals.com\/product\/buy-pv-8-crystal\/#primaryimage"},"thumbnailUrl":"https:\/\/exoticchemicals.com\/wp-content\/uploads\/2025\/02\/Buy-PV-8-Crystal-jpg.webp","datePublished":"2025-02-06T21:15:43+00:00","dateModified":"2026-04-15T05:02:08+00:00","breadcrumb":{"@id":"https:\/\/exoticchemicals.com\/product\/buy-pv-8-crystal\/#breadcrumb"},"inLanguage":"pt-PT","potentialAction":[{"@type":"ReadAction","target":["https:\/\/exoticchemicals.com\/product\/buy-pv-8-crystal\/"]}]},{"@type":"ImageObject","inLanguage":"pt-PT","@id":"https:\/\/exoticchemicals.com\/product\/buy-pv-8-crystal\/#primaryimage","url":"https:\/\/exoticchemicals.com\/wp-content\/uploads\/2025\/02\/Buy-PV-8-Crystal-jpg.webp","contentUrl":"https:\/\/exoticchemicals.com\/wp-content\/uploads\/2025\/02\/Buy-PV-8-Crystal-jpg.webp","width":518,"height":388},{"@type":"BreadcrumbList","@id":"https:\/\/exoticchemicals.com\/product\/buy-pv-8-crystal\/#breadcrumb","itemListElement":[{"@type":"ListItem","position":1,"name":"Home","item":"https:\/\/exoticchemicals.com\/"},{"@type":"ListItem","position":2,"name":"Shop","item":"https:\/\/exoticchemicals.com\/shop\/"},{"@type":"ListItem","position":3,"name":"Buy PV-8 Crystal"}]},{"@type":"WebSite","@id":"https:\/\/exoticchemicals.com\/#website","url":"https:\/\/exoticchemicals.com\/","name":"produtos qu\u00edmicos ex\u00f3ticos","description":"Comprar cloridrato de MDPHP","publisher":{"@id":"https:\/\/exoticchemicals.com\/#\/schema\/person\/07ad08472b6f5b213792451a32dbe8c7"},"potentialAction":[{"@type":"SearchAction","target":{"@type":"EntryPoint","urlTemplate":"https:\/\/exoticchemicals.com\/?s={search_term_string}"},"query-input":{"@type":"PropertyValueSpecification","valueRequired":true,"valueName":"search_term_string"}}],"inLanguage":"pt-PT"},{"@type":["Person","Organization"],"@id":"https:\/\/exoticchemicals.com\/#\/schema\/person\/07ad08472b6f5b213792451a32dbe8c7","name":"wwalkershop@gmail.com","image":{"@type":"ImageObject","inLanguage":"pt-PT","@id":"https:\/\/exoticchemicals.com\/wp-content\/uploads\/2025\/02\/pure-3-1-1.png","url":"https:\/\/exoticchemicals.com\/wp-content\/uploads\/2025\/02\/pure-3-1-1.png","contentUrl":"https:\/\/exoticchemicals.com\/wp-content\/uploads\/2025\/02\/pure-3-1-1.png","width":500,"height":500,"caption":"wwalkershop@gmail.com"},"logo":{"@id":"https:\/\/exoticchemicals.com\/wp-content\/uploads\/2025\/02\/pure-3-1-1.png"},"sameAs":["http:\/\/exoticchemicals.com"]}]}},"uagb_featured_image_src":{"full":["https:\/\/exoticchemicals.com\/wp-content\/uploads\/2025\/02\/Buy-PV-8-Crystal-jpg.webp",518,388,false],"thumbnail":["https:\/\/exoticchemicals.com\/wp-content\/uploads\/2025\/02\/Buy-PV-8-Crystal-jpg-150x150.webp",150,150,true],"medium":["https:\/\/exoticchemicals.com\/wp-content\/uploads\/2025\/02\/Buy-PV-8-Crystal-jpg-300x225.webp",300,225,true],"medium_large":["https:\/\/exoticchemicals.com\/wp-content\/uploads\/2025\/02\/Buy-PV-8-Crystal-jpg.webp",518,388,false],"large":["https:\/\/exoticchemicals.com\/wp-content\/uploads\/2025\/02\/Buy-PV-8-Crystal-jpg.webp",518,388,false],"1536x1536":["https:\/\/exoticchemicals.com\/wp-content\/uploads\/2025\/02\/Buy-PV-8-Crystal-jpg.webp",518,388,false],"2048x2048":["https:\/\/exoticchemicals.com\/wp-content\/uploads\/2025\/02\/Buy-PV-8-Crystal-jpg.webp",518,388,false],"trp-custom-language-flag":["https:\/\/exoticchemicals.com\/wp-content\/uploads\/2025\/02\/Buy-PV-8-Crystal-jpg.webp",16,12,false],"woocommerce_thumbnail":["https:\/\/exoticchemicals.com\/wp-content\/uploads\/2025\/02\/Buy-PV-8-Crystal-jpg-300x300.webp",300,300,true],"woocommerce_single":["https:\/\/exoticchemicals.com\/wp-content\/uploads\/2025\/02\/Buy-PV-8-Crystal-jpg.webp",518,388,false],"woocommerce_gallery_thumbnail":["https:\/\/exoticchemicals.com\/wp-content\/uploads\/2025\/02\/Buy-PV-8-Crystal-jpg-100x100.webp",100,100,true]},"uagb_author_info":{"display_name":"bossman","author_link":"https:\/\/exoticchemicals.com\/pt\/author\/"},"uagb_comment_info":8,"uagb_excerpt":"Buy PV-8 Crystal Buy PV-8 Crystal Online, it is an analog of pyrovalerone, a psychoactive compound that is regulated as Schedule V in the United States. Pyrrolidinophenone-derived designer drugs, like ?-PVP, are emerging drugs of interest. PV8 (hydrochloride) differs from ?-PVP by having heptaphenone in place of the pentiophenone portion of the compound. The physiological&hellip;","_links":{"self":[{"href":"https:\/\/exoticchemicals.com\/pt\/wp-json\/wp\/v2\/product\/2581","targetHints":{"allow":["GET"]}}],"collection":[{"href":"https:\/\/exoticchemicals.com\/pt\/wp-json\/wp\/v2\/product"}],"about":[{"href":"https:\/\/exoticchemicals.com\/pt\/wp-json\/wp\/v2\/types\/product"}],"replies":[{"embeddable":true,"href":"https:\/\/exoticchemicals.com\/pt\/wp-json\/wp\/v2\/comments?post=2581"}],"wp:featuredmedia":[{"embeddable":true,"href":"https:\/\/exoticchemicals.com\/pt\/wp-json\/wp\/v2\/media\/2609"}],"wp:attachment":[{"href":"https:\/\/exoticchemicals.com\/pt\/wp-json\/wp\/v2\/media?parent=2581"}],"wp:term":[{"taxonomy":"product_brand","embeddable":true,"href":"https:\/\/exoticchemicals.com\/pt\/wp-json\/wp\/v2\/product_brand?post=2581"},{"taxonomy":"product_cat","embeddable":true,"href":"https:\/\/exoticchemicals.com\/pt\/wp-json\/wp\/v2\/product_cat?post=2581"},{"taxonomy":"product_tag","embeddable":true,"href":"https:\/\/exoticchemicals.com\/pt\/wp-json\/wp\/v2\/product_tag?post=2581"}],"curies":[{"name":"wp","href":"https:\/\/api.w.org\/{rel}","templated":true}]}}